{"id":9427,"date":"2024-09-11T08:33:39","date_gmt":"2024-09-11T06:33:39","guid":{"rendered":"https:\/\/serveiseducatius.xtec.cat\/selva1\/?page_id=9427"},"modified":"2024-09-11T09:14:34","modified_gmt":"2024-09-11T07:14:34","slug":"matematiques-manipulatives","status":"publish","type":"page","link":"https:\/\/serveiseducatius.xtec.cat\/selva1\/aramat-2\/matematiques-manipulatives\/","title":{"rendered":"Matem\u00e0tiques manipulatives"},"content":{"rendered":"<header class=\"entry-header\">\n<h1 class=\"entry-title\">MATEM\u00c0TIQUES MANIPULATIVES<\/h1>\n<\/header>\n<div class=\"entry-content\">\n<div><\/div>\n<div>\n<table style=\"width: 100%; height: 890px;\">\n<thead>\n<tr style=\"height: 206px;\">\n<td style=\"height: 206px;\" colspan=\"2\"><a href=\"https:\/\/sites.google.com\/view\/matemtiquesmanipulatives21-22\/inici\" target=\"_blank\" rel=\"noopener\"><img loading=\"lazy\" decoding=\"async\" class=\"alignleft wp-image-3611\" src=\"https:\/\/serveiseducatius.xtec.cat\/selva1\/wp-content\/uploads\/usu773\/2021\/09\/abac-300x252.jpg\" sizes=\"auto, (max-width: 210px) 100vw, 210px\" srcset=\"https:\/\/serveiseducatius.xtec.cat\/selva1\/wp-content\/uploads\/usu773\/2021\/09\/abac-300x250.jpg 300w, https:\/\/serveiseducatius.xtec.cat\/selva1\/wp-content\/uploads\/usu773\/2021\/09\/abac.jpg 480w\" alt=\"\" width=\"210\" height=\"176\" \/><\/a><\/p>\n<h5><\/h5>\n<h1 data-wp-editing=\"1\">MATERIALS DE MATEM\u00c0TIQUES<\/h1>\n<h5>\u00a0 \u00a0 \u00a0 Espai on es recull el material de les formacions en l\u2019\u00e0mbit matem\u00e0tic per proporcionar al professorat una eina \u00fatil que els faciliti la tasca de la doc\u00e8ncia de la compet\u00e8ncia matem\u00e0tica<\/h5>\n<\/td>\n<\/tr>\n<tr style=\"height: 161px;\">\n<td style=\"height: 161px;\" colspan=\"2\">\n<h2><strong><a href=\"https:\/\/meet.google.com\/vtu-nvzt-rwm?hs=122&amp;authuser=0\" target=\"_blank\" rel=\"noopener\"><img loading=\"lazy\" decoding=\"async\" class=\"alignleft wp-image-3420\" src=\"https:\/\/serveiseducatius.xtec.cat\/selva1\/wp-content\/uploads\/usu773\/2021\/09\/aula-virtual-300x246.png\" sizes=\"auto, (max-width: 128px) 100vw, 128px\" srcset=\"https:\/\/serveiseducatius.xtec.cat\/selva1\/wp-content\/uploads\/usu773\/2021\/09\/aula-virtual-300x246.png 300w, https:\/\/serveiseducatius.xtec.cat\/selva1\/wp-content\/uploads\/usu773\/2021\/09\/aula-virtual-1024x838.png 1024w, https:\/\/serveiseducatius.xtec.cat\/selva1\/wp-content\/uploads\/usu773\/2021\/09\/aula-virtual-768x629.png 768w, https:\/\/serveiseducatius.xtec.cat\/selva1\/wp-content\/uploads\/usu773\/2021\/09\/aula-virtual.png 1245w\" alt=\"\" width=\"128\" height=\"105\" \/><\/a>MATERIALS DE MATEM\u00c0TIQUES\u00a024-25. Educaci\u00f3 b\u00e0sica.\u00a0<\/strong><\/h2>\n<h2><strong>\u00a0 \u00a0 \u00a0 \u00a0 \u00a0\u00a0 \u00a0\u00a0<\/strong><\/h2>\n<\/td>\n<\/tr>\n<tr style=\"height: 300px;\">\n<td style=\"height: 300px;\" colspan=\"2\"><a href=\"https:\/\/serveiseducatius.xtec.cat\/selva1\/?s=florence\" target=\"_blank\" rel=\"noopener\"><img loading=\"lazy\" decoding=\"async\" class=\"size-medium wp-image-9430 alignright\" src=\"https:\/\/serveiseducatius.xtec.cat\/selva1\/wp-content\/uploads\/usu773\/2024\/09\/Florence-300x237.png\" alt=\"\" width=\"300\" height=\"237\" srcset=\"https:\/\/serveiseducatius.xtec.cat\/selva1\/wp-content\/uploads\/usu773\/2024\/09\/Florence-300x237.png 300w, https:\/\/serveiseducatius.xtec.cat\/selva1\/wp-content\/uploads\/usu773\/2024\/09\/Florence-768x607.png 768w, https:\/\/serveiseducatius.xtec.cat\/selva1\/wp-content\/uploads\/usu773\/2024\/09\/Florence.png 807w\" sizes=\"auto, (max-width: 300px) 100vw, 300px\" \/><\/a><\/p>\n<h3>\u00a0 \u00a0 \u00a0<a href=\"https:\/\/serveiseducatius.xtec.cat\/selva1\/portada\/matematiques-pas-a-pas\/\" target=\"_blank\" rel=\"noopener\"><img loading=\"lazy\" decoding=\"async\" class=\"wp-image-9433 alignright\" src=\"https:\/\/serveiseducatius.xtec.cat\/selva1\/wp-content\/uploads\/usu773\/2024\/09\/mates-220x300.png\" alt=\"\" width=\"156\" height=\"212\" srcset=\"https:\/\/serveiseducatius.xtec.cat\/selva1\/wp-content\/uploads\/usu773\/2024\/09\/mates-220x300.png 220w, https:\/\/serveiseducatius.xtec.cat\/selva1\/wp-content\/uploads\/usu773\/2024\/09\/mates.png 279w\" sizes=\"auto, (max-width: 156px) 100vw, 156px\" \/><\/a><\/h3>\n<h2><\/h2>\n<\/td>\n<\/tr>\n<tr style=\"height: 223px;\">\n<td style=\"height: 223px;\" colspan=\"2\"><a href=\"https:\/\/serveiseducatius.xtec.cat\/selva1\/portada\/recull-fem-matematiques\/\" target=\"_blank\" rel=\"noopener\"><img loading=\"lazy\" decoding=\"async\" class=\" wp-image-9450 alignright\" src=\"https:\/\/serveiseducatius.xtec.cat\/selva1\/wp-content\/uploads\/usu773\/2024\/09\/recull-mat-1-300x200.png\" alt=\"\" width=\"281\" height=\"187\" srcset=\"https:\/\/serveiseducatius.xtec.cat\/selva1\/wp-content\/uploads\/usu773\/2024\/09\/recull-mat-1-300x200.png 300w, https:\/\/serveiseducatius.xtec.cat\/selva1\/wp-content\/uploads\/usu773\/2024\/09\/recull-mat-1.png 412w\" sizes=\"auto, (max-width: 281px) 100vw, 281px\" \/><\/a><a href=\"https:\/\/serveiseducatius.xtec.cat\/selva1\/portada\/magma-magia-i-matematiques\/\" target=\"_blank\" rel=\"noopener\"><img loading=\"lazy\" decoding=\"async\" class=\" wp-image-9448 alignright\" src=\"https:\/\/serveiseducatius.xtec.cat\/selva1\/wp-content\/uploads\/usu773\/2024\/09\/magma-1.png\" alt=\"\" width=\"145\" height=\"186\" \/><\/a><a href=\"https:\/\/serveiseducatius.xtec.cat\/selva1\/novetats-mediateca\/les-maletes-del-mmaca-les-matematiques-entren-per-les-mans\/\" target=\"_blank\" rel=\"noopener\"><img loading=\"lazy\" decoding=\"async\" class=\"size-medium wp-image-9444 alignright\" src=\"https:\/\/serveiseducatius.xtec.cat\/selva1\/wp-content\/uploads\/usu773\/2024\/09\/mmaca-1-300x187.png\" alt=\"\" width=\"300\" height=\"187\" srcset=\"https:\/\/serveiseducatius.xtec.cat\/selva1\/wp-content\/uploads\/usu773\/2024\/09\/mmaca-1-300x187.png 300w, https:\/\/serveiseducatius.xtec.cat\/selva1\/wp-content\/uploads\/usu773\/2024\/09\/mmaca-1.png 427w\" sizes=\"auto, (max-width: 300px) 100vw, 300px\" \/><\/a><a href=\"https:\/\/serveiseducatius.xtec.cat\/selva1\/novetats-mediateca\/materials-per-a-un-laboratori-de-matematiques\/\" target=\"_blank\" rel=\"noopener\"><img loading=\"lazy\" decoding=\"async\" class=\" wp-image-9446 alignright\" src=\"https:\/\/serveiseducatius.xtec.cat\/selva1\/wp-content\/uploads\/usu773\/2024\/09\/lab-mat-1.png\" alt=\"\" width=\"168\" height=\"191\" \/><\/a><\/td>\n<\/tr>\n<\/thead>\n<\/table>\n<\/div>\n<\/div>\n","protected":false},"excerpt":{"rendered":"<p>MATEM\u00c0TIQUES MANIPULATIVES MATERIALS DE MATEM\u00c0TIQUES \u00a0 \u00a0 \u00a0 Espai on es recull el material de les formacions en l\u2019\u00e0mbit matem\u00e0tic per proporcionar al professorat una eina \u00fatil que els faciliti la tasca de la doc\u00e8ncia de la compet\u00e8ncia matem\u00e0tica MATERIALS DE MATEM\u00c0TIQUES\u00a024-25. Educaci\u00f3 b\u00e0sica.\u00a0 \u00a0 \u00a0 \u00a0 \u00a0 \u00a0\u00a0 \u00a0\u00a0 \u00a0 \u00a0 \u00a0<\/p>\n","protected":false},"author":1,"featured_media":0,"parent":3369,"menu_order":0,"comment_status":"closed","ping_status":"closed","template":"","meta":{"_bbp_topic_count":0,"_bbp_reply_count":0,"_bbp_total_topic_count":0,"_bbp_total_reply_count":0,"_bbp_voice_count":0,"_bbp_anonymous_reply_count":0,"_bbp_topic_count_hidden":0,"_bbp_reply_count_hidden":0,"_bbp_forum_subforum_count":0,"site-sidebar-layout":"default","site-content-layout":"","ast-site-content-layout":"","site-content-style":"default","site-sidebar-style":"default","ast-global-header-display":"","ast-banner-title-visibility":"","ast-main-header-display":"","ast-hfb-above-header-display":"","ast-hfb-below-header-display":"","ast-hfb-mobile-header-display":"","site-post-title":"","ast-breadcrumbs-content":"","ast-featured-img":"","footer-sml-layout":"","theme-transparent-header-meta":"","adv-header-id-meta":"","stick-header-meta":"","header-above-stick-meta":"","header-main-stick-meta":"","header-below-stick-meta":"","astra-migrate-meta-layouts":"default","ast-page-background-enabled":"default","ast-page-background-meta":{"desktop":{"background-color":"var(--ast-global-color-4)","background-image":"","background-repeat":"repeat","background-position":"center center","background-size":"auto","background-attachment":"scroll","background-type":"","background-media":"","overlay-type":"","overlay-color":"","overlay-opacity":"","overlay-gradient":""},"tablet":{"background-color":"","background-image":"","background-repeat":"repeat","background-position":"center center","background-size":"auto","background-attachment":"scroll","background-type":"","background-media":"","overlay-type":"","overlay-color":"","overlay-opacity":"","overlay-gradient":""},"mobile":{"background-color":"","background-image":"","background-repeat":"repeat","background-position":"center center","background-size":"auto","background-attachment":"scroll","background-type":"","background-media":"","overlay-type":"","overlay-color":"","overlay-opacity":"","overlay-gradient":""}},"ast-content-background-meta":{"desktop":{"background-color":"var(--ast-global-color-5)","background-image":"","background-repeat":"repeat","background-position":"center center","background-size":"auto","background-attachment":"scroll","background-type":"","background-media":"","overlay-type":"","overlay-color":"","overlay-opacity":"","overlay-gradient":""},"tablet":{"background-color":"var(--ast-global-color-5)","background-image":"","background-repeat":"repeat","background-position":"center center","background-size":"auto","background-attachment":"scroll","background-type":"","background-media":"","overlay-type":"","overlay-color":"","overlay-opacity":"","overlay-gradient":""},"mobile":{"background-color":"var(--ast-global-color-5)","background-image":"","background-repeat":"repeat","background-position":"center center","background-size":"auto","background-attachment":"scroll","background-type":"","background-media":"","overlay-type":"","overlay-color":"","overlay-opacity":"","overlay-gradient":""}},"footnotes":""},"class_list":["post-9427","page","type-page","status-publish","hentry"],"post_mailing_queue_ids":[],"_links":{"self":[{"href":"https:\/\/serveiseducatius.xtec.cat\/selva1\/wp-json\/wp\/v2\/pages\/9427","targetHints":{"allow":["GET"]}}],"collection":[{"href":"https:\/\/serveiseducatius.xtec.cat\/selva1\/wp-json\/wp\/v2\/pages"}],"about":[{"href":"https:\/\/serveiseducatius.xtec.cat\/selva1\/wp-json\/wp\/v2\/types\/page"}],"author":[{"embeddable":true,"href":"https:\/\/serveiseducatius.xtec.cat\/selva1\/wp-json\/wp\/v2\/users\/1"}],"replies":[{"embeddable":true,"href":"https:\/\/serveiseducatius.xtec.cat\/selva1\/wp-json\/wp\/v2\/comments?post=9427"}],"version-history":[{"count":6,"href":"https:\/\/serveiseducatius.xtec.cat\/selva1\/wp-json\/wp\/v2\/pages\/9427\/revisions"}],"predecessor-version":[{"id":9452,"href":"https:\/\/serveiseducatius.xtec.cat\/selva1\/wp-json\/wp\/v2\/pages\/9427\/revisions\/9452"}],"up":[{"embeddable":true,"href":"https:\/\/serveiseducatius.xtec.cat\/selva1\/wp-json\/wp\/v2\/pages\/3369"}],"wp:attachment":[{"href":"https:\/\/serveiseducatius.xtec.cat\/selva1\/wp-json\/wp\/v2\/media?parent=9427"}],"curies":[{"name":"wp","href":"https:\/\/api.w.org\/{rel}","templated":true}]}}