{"id":9402,"date":"2024-09-10T09:02:56","date_gmt":"2024-09-10T07:02:56","guid":{"rendered":"https:\/\/serveiseducatius.xtec.cat\/selva1\/?page_id=9402"},"modified":"2025-10-23T16:58:33","modified_gmt":"2025-10-23T14:58:33","slug":"lorientacio-a-lef-cursa-dorientacio-a-2n-deso","status":"publish","type":"page","link":"https:\/\/serveiseducatius.xtec.cat\/selva1\/lorientacio-a-lef-cursa-dorientacio-a-2n-deso\/","title":{"rendered":"L&#8217;orientaci\u00f3 a l&#8217;EF. Cursa d&#8217;orientaci\u00f3 a 2n d&#8217;ESO"},"content":{"rendered":"<table>\n<thead>\n<tr>\n<td colspan=\"2\">\n<h1 style=\"text-align: center;\" data-wp-editing=\"1\"><a href=\"https:\/\/sites.google.com\/view\/orientaci-a-leso\/p%C3%A0gina-principal-curs-24-25\" target=\"_blank\" rel=\"noopener\">IV EDICI\u00d3 CURSA D&#8217;ORIENTACI\u00d3<\/a><\/h1>\n<h5 style=\"text-align: center;\">Projectes amb professorat. Projecte adre\u00e7at als instituts de la zona.<\/h5>\n<h5 style=\"text-align: center;\">Espai per treballar l&#8217;orientaci\u00f3 com a recurs a les classes d&#8217;Educaci\u00f3 F\u00edsica i que acaba en una cursa d&#8217;orientaci\u00f3 on participa tot l&#8217;alumnat de 2n d&#8217;ESO dels centres participants.<\/h5>\n<\/td>\n<\/tr>\n<tr>\n<td colspan=\"2\">\n<h2 style=\"text-align: center;\"><strong><a href=\"http:\/\/meet.google.com\/kjo-eywv-ath\" target=\"_blank\" rel=\"noopener\"><img loading=\"lazy\" decoding=\"async\" class=\"wp-image-3420 alignleft\" src=\"https:\/\/serveiseducatius.xtec.cat\/selva1\/wp-content\/uploads\/usu773\/2021\/09\/aula-virtual-300x246.png\" sizes=\"auto, (max-width: 112px) 100vw, 112px\" srcset=\"https:\/\/serveiseducatius.xtec.cat\/selva1\/wp-content\/uploads\/usu773\/2021\/09\/aula-virtual-300x250.png 300w, https:\/\/serveiseducatius.xtec.cat\/selva1\/wp-content\/uploads\/usu773\/2021\/09\/aula-virtual-1024x838.png 1024w, https:\/\/serveiseducatius.xtec.cat\/selva1\/wp-content\/uploads\/usu773\/2021\/09\/aula-virtual-768x629.png 768w, https:\/\/serveiseducatius.xtec.cat\/selva1\/wp-content\/uploads\/usu773\/2021\/09\/aula-virtual.png 1245w\" alt=\"\" width=\"112\" height=\"92\" \/><\/a><a href=\"https:\/\/sites.google.com\/view\/orientaci-a-leso\/p%C3%A0gina-principal-curs-24-25\" target=\"_blank\" rel=\"noopener\">Cursa d&#8217;orientaci\u00f3 2n ESO.<\/a><\/strong><a href=\"https:\/\/sites.google.com\/view\/orientaci-a-leso\/p%C3%A0gina-principal-curs-24-25\" target=\"_blank\" rel=\"noopener\"><strong> 2025-2026. IV<\/strong><strong>\u00a0Edici\u00f3<\/strong><\/a><\/h2>\n<h2 style=\"text-align: center;\"><strong>CALENDARI COORDINACIONS\u00a0 \u00a0\u00a0\u00a0 \u00a0\u00a0<img loading=\"lazy\" decoding=\"async\" class=\"alignnone wp-image-3467 aligncenter\" src=\"https:\/\/serveiseducatius.xtec.cat\/selva1\/wp-content\/uploads\/usu773\/2021\/09\/Captura-19.png\" alt=\"\" width=\"141\" height=\"67\" \/><\/strong><\/h2>\n<\/td>\n<\/tr>\n<\/thead>\n<tbody>\n<tr>\n<td colspan=\"2\">\n<h4 style=\"text-align: center;\">Horari de 16.15 a 18h<\/h4>\n<\/td>\n<\/tr>\n<tr>\n<td>\n<h4>1\u00aa coordinaci\u00f3:<\/h4>\n<\/td>\n<td>\n<h4>13\/11\/2025<\/h4>\n<\/td>\n<\/tr>\n<tr>\n<td>\n<h4>2\u00aa\u00a0coordinaci\u00f3:<\/h4>\n<\/td>\n<td>\n<h4>12\/03\/2026<\/h4>\n<\/td>\n<\/tr>\n<tr>\n<td>\n<h4>3\u00aa\u00a0coordinaci\u00f3:<\/h4>\n<\/td>\n<td>\n<h4>21\/05\/2026<\/h4>\n<\/td>\n<\/tr>\n<tr>\n<td>\n<h4>4\u00aa\u00a0coordinaci\u00f3:<\/h4>\n<\/td>\n<td>\n<h4>09\/06\/2026<\/h4>\n<\/td>\n<\/tr>\n<tr>\n<td>\n<h4>5\u00ba coordinaci\u00f3 Valoraci\u00f3:<\/h4>\n<\/td>\n<td>\n<h4>A determinar<\/h4>\n<\/td>\n<\/tr>\n<\/tbody>\n<\/table>\n<div>\n<h2 style=\"text-align: center;\">EDICIONS ANTERIORS<\/h2>\n<table style=\"border-collapse: collapse; width: 100%;\">\n<tbody>\n<tr>\n<td style=\"width: 20%;\"><a href=\"https:\/\/serveiseducatius.xtec.cat\/selva1\/wp-content\/uploads\/usu773\/2025\/06\/boto-24-25-lila.png\"><img loading=\"lazy\" decoding=\"async\" class=\"size-full wp-image-11193 aligncenter\" src=\"https:\/\/serveiseducatius.xtec.cat\/selva1\/wp-content\/uploads\/usu773\/2025\/06\/boto-24-25-lila.png\" alt=\"\" width=\"181\" height=\"66\" \/><\/a><\/td>\n<td style=\"width: 20%;\"><a href=\"https:\/\/sites.google.com\/view\/orientaci-a-leso\/p%C3%A0gina-principal-curs-23-24\" target=\"_blank\" rel=\"noopener\"><img loading=\"lazy\" decoding=\"async\" class=\"wp-image-9148 aligncenter\" src=\"https:\/\/serveiseducatius.xtec.cat\/selva1\/wp-content\/uploads\/usu773\/2024\/07\/curs-23-24-lila.png\" alt=\"\" width=\"171\" height=\"73\" \/><\/a><\/td>\n<td style=\"width: 20%;\"><a href=\"https:\/\/sites.google.com\/view\/orientaci-a-leso\/curs-22-23?authuser=0\" target=\"_blank\" rel=\"noopener\"><img loading=\"lazy\" decoding=\"async\" class=\"wp-image-11199 aligncenter\" src=\"https:\/\/serveiseducatius.xtec.cat\/selva1\/wp-content\/uploads\/usu773\/2025\/06\/22-23.png\" alt=\"\" width=\"176\" height=\"62\" \/><\/a><\/td>\n<td style=\"width: 20%;\"><\/td>\n<td style=\"width: 20%;\"><\/td>\n<\/tr>\n<\/tbody>\n<\/table>\n<\/div>\n<div>\n<div class=\"sites-embed-content sites-embed-type-text\">\n<div class=\"sites-embed-content-textbox\">\n<div dir=\"ltr\"><\/div>\n<\/div>\n<\/div>\n<\/div>\n","protected":false},"excerpt":{"rendered":"<p>IV EDICI\u00d3 CURSA D&#8217;ORIENTACI\u00d3 Projectes amb professorat. Projecte adre\u00e7at als instituts de la zona. Espai per treballar l&#8217;orientaci\u00f3 com a recurs a les classes d&#8217;Educaci\u00f3 F\u00edsica i que acaba en una cursa d&#8217;orientaci\u00f3 on participa tot l&#8217;alumnat de 2n d&#8217;ESO dels centres participants. Cursa d&#8217;orientaci\u00f3 2n ESO. 2025-2026. IV\u00a0Edici\u00f3 CALENDARI COORDINACIONS\u00a0 \u00a0\u00a0\u00a0 \u00a0\u00a0 Horari de [&hellip;]<\/p>\n","protected":false},"author":1,"featured_media":0,"parent":0,"menu_order":0,"comment_status":"closed","ping_status":"closed","template":"","meta":{"_bbp_topic_count":0,"_bbp_reply_count":0,"_bbp_total_topic_count":0,"_bbp_total_reply_count":0,"_bbp_voice_count":0,"_bbp_anonymous_reply_count":0,"_bbp_topic_count_hidden":0,"_bbp_reply_count_hidden":0,"_bbp_forum_subforum_count":0,"site-sidebar-layout":"default","site-content-layout":"","ast-site-content-layout":"","site-content-style":"default","site-sidebar-style":"default","ast-global-header-display":"","ast-banner-title-visibility":"","ast-main-header-display":"","ast-hfb-above-header-display":"","ast-hfb-below-header-display":"","ast-hfb-mobile-header-display":"","site-post-title":"","ast-breadcrumbs-content":"","ast-featured-img":"","footer-sml-layout":"","theme-transparent-header-meta":"","adv-header-id-meta":"","stick-header-meta":"","header-above-stick-meta":"","header-main-stick-meta":"","header-below-stick-meta":"","astra-migrate-meta-layouts":"default","ast-page-background-enabled":"default","ast-page-background-meta":{"desktop":{"background-color":"var(--ast-global-color-4)","background-image":"","background-repeat":"repeat","background-position":"center center","background-size":"auto","background-attachment":"scroll","background-type":"","background-media":"","overlay-type":"","overlay-color":"","overlay-opacity":"","overlay-gradient":""},"tablet":{"background-color":"","background-image":"","background-repeat":"repeat","background-position":"center center","background-size":"auto","background-attachment":"scroll","background-type":"","background-media":"","overlay-type":"","overlay-color":"","overlay-opacity":"","overlay-gradient":""},"mobile":{"background-color":"","background-image":"","background-repeat":"repeat","background-position":"center center","background-size":"auto","background-attachment":"scroll","background-type":"","background-media":"","overlay-type":"","overlay-color":"","overlay-opacity":"","overlay-gradient":""}},"ast-content-background-meta":{"desktop":{"background-color":"var(--ast-global-color-5)","background-image":"","background-repeat":"repeat","background-position":"center center","background-size":"auto","background-attachment":"scroll","background-type":"","background-media":"","overlay-type":"","overlay-color":"","overlay-opacity":"","overlay-gradient":""},"tablet":{"background-color":"var(--ast-global-color-5)","background-image":"","background-repeat":"repeat","background-position":"center center","background-size":"auto","background-attachment":"scroll","background-type":"","background-media":"","overlay-type":"","overlay-color":"","overlay-opacity":"","overlay-gradient":""},"mobile":{"background-color":"var(--ast-global-color-5)","background-image":"","background-repeat":"repeat","background-position":"center center","background-size":"auto","background-attachment":"scroll","background-type":"","background-media":"","overlay-type":"","overlay-color":"","overlay-opacity":"","overlay-gradient":""}},"footnotes":""},"class_list":["post-9402","page","type-page","status-publish","hentry"],"post_mailing_queue_ids":[],"_links":{"self":[{"href":"https:\/\/serveiseducatius.xtec.cat\/selva1\/wp-json\/wp\/v2\/pages\/9402","targetHints":{"allow":["GET"]}}],"collection":[{"href":"https:\/\/serveiseducatius.xtec.cat\/selva1\/wp-json\/wp\/v2\/pages"}],"about":[{"href":"https:\/\/serveiseducatius.xtec.cat\/selva1\/wp-json\/wp\/v2\/types\/page"}],"author":[{"embeddable":true,"href":"https:\/\/serveiseducatius.xtec.cat\/selva1\/wp-json\/wp\/v2\/users\/1"}],"replies":[{"embeddable":true,"href":"https:\/\/serveiseducatius.xtec.cat\/selva1\/wp-json\/wp\/v2\/comments?post=9402"}],"version-history":[{"count":6,"href":"https:\/\/serveiseducatius.xtec.cat\/selva1\/wp-json\/wp\/v2\/pages\/9402\/revisions"}],"predecessor-version":[{"id":11754,"href":"https:\/\/serveiseducatius.xtec.cat\/selva1\/wp-json\/wp\/v2\/pages\/9402\/revisions\/11754"}],"wp:attachment":[{"href":"https:\/\/serveiseducatius.xtec.cat\/selva1\/wp-json\/wp\/v2\/media?parent=9402"}],"curies":[{"name":"wp","href":"https:\/\/api.w.org\/{rel}","templated":true}]}}