{"id":9358,"date":"2024-09-06T13:57:29","date_gmt":"2024-09-06T11:57:29","guid":{"rendered":"https:\/\/serveiseducatius.xtec.cat\/selva1\/?page_id=9358"},"modified":"2024-09-06T13:58:23","modified_gmt":"2024-09-06T11:58:23","slug":"concurs-oratoria-23-24","status":"publish","type":"page","link":"https:\/\/serveiseducatius.xtec.cat\/selva1\/concurs-doratoria-2\/concurs-oratoria-23-24\/","title":{"rendered":"Concurs Orat\u00f2ria 23-24"},"content":{"rendered":"<div><\/div>\n<div>\n<table style=\"border-collapse: collapse; width: 96.5403%; height: 120px;\">\n<thead>\n<tr style=\"height: 279px;\">\n<td style=\"width: 97.6476%; height: 49px;\" colspan=\"2\">\n<h1 style=\"text-align: center;\" data-wp-editing=\"1\"><a href=\"https:\/\/serveiseducatius.xtec.cat\/selva1\/wp-content\/uploads\/usu773\/2020\/12\/Captura-9.png\"><img loading=\"lazy\" decoding=\"async\" class=\"size-full wp-image-2053 alignleft\" src=\"https:\/\/serveiseducatius.xtec.cat\/selva1\/wp-content\/uploads\/usu773\/2020\/12\/Captura-9.png\" alt=\"\" width=\"139\" height=\"123\" \/><\/a>XVII Edici\u00f3 del concurs d&#8217;Orat\u00f2ria en llengua anglesa de la comarca de la Selva (CRP Selva I i CRP Selva II)<\/h1>\n<h5 style=\"text-align: center;\">La Fundaci\u00f3 Privada Catalana per a l&#8217;Ensenyament de l&#8217;Idioma Angl\u00e8s i l&#8217;Educaci\u00f3 en Angl\u00e8s, i el Fons Joan Riera Gubau, convoquen el Concurs d&#8217;Orat\u00f2ria en llengua anglesa de la comarca de la Selva.<\/h5>\n<h5 style=\"text-align: center;\">\u00a0 \u00a0 \u00a0 \u00a0 \u00a0 \u00a0 \u00a0 \u00a0 \u00a0 \u00a0 \u00a0 \u00a0 \u00a0 \u00a0 \u00a0 \u00a0 \u00a0 \u00a0 \u00a0 \u00a0 \u00a0 \u00a0 \u00a0 \u00a0 \u00a0Premis interessants pels alumnes finalistes i guanyadors. Una bona excusa per fer un bon treball oral en angl\u00e8s.<\/h5>\n<h5 style=\"text-align: center;\">Adre\u00e7at a: alumnes de CS d&#8217;EP i 1r cicle d&#8217;ESO de centres de la comarca de la Selva.<\/h5>\n<\/td>\n<\/tr>\n<tr style=\"height: 144px;\">\n<td style=\"height: 71px;\" colspan=\"2\">\n<h2 style=\"text-align: center;\"><span style=\"color: #ff9900;\"><strong>Concurs d&#8217;Orat\u00f2ria en llengua anglesa 2023-24. XVII Edici\u00f3<\/strong><\/span><\/h2>\n<\/td>\n<\/tr>\n<\/thead>\n<\/table>\n<\/div>\n<div>\n<h1><b><u>FINAL DEL CONCURS D\u2019ORAT\u00d2RIA 11 DE MAIG DE 2024<\/u><\/b><\/h1>\n<h4><a href=\"https:\/\/docs.google.com\/document\/d\/1lH62ZwslGAKwOrvJr_92janBEONXUrKp\/edit?usp=sharing&amp;ouid=112608042752759412857&amp;rtpof=true&amp;sd=true\" target=\"_blank\" rel=\"noopener\"><b>Vegeu les BASES del Concurs<\/b><\/a><\/h4>\n<h4><strong>Tema<\/strong>: <b><\/b><strong>What would you invent to make the world a better place?<\/strong><\/h4>\n<p><a href=\"https:\/\/serveiseducatius.xtec.cat\/selva1\/guanyadors-i-finalistes-del-xvie-concurs-doratoria-de-la-selva\/\" target=\"_blank\" rel=\"noopener\">Guanyadors i finalistes de l&#8217;edici\u00f3 22-23<\/a><\/p>\n<p>\u00ab<strong>Acc\u00e9s a les edicions d\u2019altres anys<\/strong>\u00bb podeu visualitzar els reportatges gr\u00e0fics dels actes centrals d\u2019altres cursos, aix\u00ed com els v\u00eddeos amb les intervencions dels alumnes finalistes. (Veure a sota la p\u00e0gina)<\/p>\n<h4 class=\"sites-embed-title\">Formulari d\u2019inscripci\u00f3 i de tramesa d\u2019enregistraments i de participaci\u00f3\/autoritzaci\u00f3:<\/h4>\n<div><b><u>ENTRE EL 13 DE NOVEMBREI EL 19 DE\u00a0 FEBRER\u00a0<\/u><\/b><\/div>\n<div><\/div>\n<ul>\n<li><a href=\"https:\/\/docs.google.com\/forms\/d\/e\/1FAIpQLSdvKvzSZafjb81gkYu8AIQHo-CBfgty_ZhW9aG0eZZh_d4BNw\/viewform\" target=\"_blank\" rel=\"noopener\">Feu la tramesa d\u2019un v\u00eddeo<\/a> (A partir del 13 de novembre)<\/li>\n<li><a href=\"https:\/\/docs.google.com\/spreadsheets\/d\/e\/2PACX-1vQcyW0lWP9Lwd2-0_-IDm6edY9ki4Jc1E_AS8ylg0j1CWd5c3klw7r7ZP5lc6frvgu0yrldY_t71nCR\/pubhtml?gid=0&amp;single=true\" target=\"_blank\" rel=\"noopener\">Comproveu les trameses fetes<\/a>\u00a0(Pot ser que trigui uns minuts a actualitzar-se)<\/li>\n<li><a href=\"https:\/\/drive.google.com\/file\/d\/192iR2RDAwcICTwqGcbHR0z_FKt5qK4Qy\/view\" target=\"_blank\" rel=\"noopener\">Ompliu i imprimiu el formulari de participaci\u00f3<\/a> (A partir del 13 de novembre)<\/li>\n<li><a href=\"https:\/\/serveiseducatius.xtec.cat\/selva1\/concurs-doratoria-2\/finalistes-concurs-oratoria-23-24\/\" target=\"_blank\" rel=\"noopener\">Finalistes del concurs<\/a><\/li>\n<li><a href=\"https:\/\/serveiseducatius.xtec.cat\/selva1\/album-concurs-doratoria\/\">\u00c0lbum concurs d&#8217;orat\u00f2ria<\/a><\/li>\n<\/ul>\n<\/div>\n","protected":false},"excerpt":{"rendered":"<p>XVII Edici\u00f3 del concurs d&#8217;Orat\u00f2ria en llengua anglesa de la comarca de la Selva (CRP Selva I i CRP Selva II) La Fundaci\u00f3 Privada Catalana per a l&#8217;Ensenyament de l&#8217;Idioma Angl\u00e8s i l&#8217;Educaci\u00f3 en Angl\u00e8s, i el Fons Joan Riera Gubau, convoquen el Concurs d&#8217;Orat\u00f2ria en llengua anglesa de la comarca de la Selva. \u00a0 [&hellip;]<\/p>\n","protected":false},"author":1,"featured_media":0,"parent":2891,"menu_order":0,"comment_status":"closed","ping_status":"closed","template":"","meta":{"_bbp_topic_count":0,"_bbp_reply_count":0,"_bbp_total_topic_count":0,"_bbp_total_reply_count":0,"_bbp_voice_count":0,"_bbp_anonymous_reply_count":0,"_bbp_topic_count_hidden":0,"_bbp_reply_count_hidden":0,"_bbp_forum_subforum_count":0,"site-sidebar-layout":"default","site-content-layout":"","ast-site-content-layout":"","site-content-style":"default","site-sidebar-style":"default","ast-global-header-display":"","ast-banner-title-visibility":"","ast-main-header-display":"","ast-hfb-above-header-display":"","ast-hfb-below-header-display":"","ast-hfb-mobile-header-display":"","site-post-title":"","ast-breadcrumbs-content":"","ast-featured-img":"","footer-sml-layout":"","theme-transparent-header-meta":"","adv-header-id-meta":"","stick-header-meta":"","header-above-stick-meta":"","header-main-stick-meta":"","header-below-stick-meta":"","astra-migrate-meta-layouts":"default","ast-page-background-enabled":"default","ast-page-background-meta":{"desktop":{"background-color":"var(--ast-global-color-4)","background-image":"","background-repeat":"repeat","background-position":"center center","background-size":"auto","background-attachment":"scroll","background-type":"","background-media":"","overlay-type":"","overlay-color":"","overlay-opacity":"","overlay-gradient":""},"tablet":{"background-color":"","background-image":"","background-repeat":"repeat","background-position":"center center","background-size":"auto","background-attachment":"scroll","background-type":"","background-media":"","overlay-type":"","overlay-color":"","overlay-opacity":"","overlay-gradient":""},"mobile":{"background-color":"","background-image":"","background-repeat":"repeat","background-position":"center center","background-size":"auto","background-attachment":"scroll","background-type":"","background-media":"","overlay-type":"","overlay-color":"","overlay-opacity":"","overlay-gradient":""}},"ast-content-background-meta":{"desktop":{"background-color":"var(--ast-global-color-5)","background-image":"","background-repeat":"repeat","background-position":"center center","background-size":"auto","background-attachment":"scroll","background-type":"","background-media":"","overlay-type":"","overlay-color":"","overlay-opacity":"","overlay-gradient":""},"tablet":{"background-color":"var(--ast-global-color-5)","background-image":"","background-repeat":"repeat","background-position":"center center","background-size":"auto","background-attachment":"scroll","background-type":"","background-media":"","overlay-type":"","overlay-color":"","overlay-opacity":"","overlay-gradient":""},"mobile":{"background-color":"var(--ast-global-color-5)","background-image":"","background-repeat":"repeat","background-position":"center center","background-size":"auto","background-attachment":"scroll","background-type":"","background-media":"","overlay-type":"","overlay-color":"","overlay-opacity":"","overlay-gradient":""}},"footnotes":""},"class_list":["post-9358","page","type-page","status-publish","hentry"],"post_mailing_queue_ids":[],"_links":{"self":[{"href":"https:\/\/serveiseducatius.xtec.cat\/selva1\/wp-json\/wp\/v2\/pages\/9358","targetHints":{"allow":["GET"]}}],"collection":[{"href":"https:\/\/serveiseducatius.xtec.cat\/selva1\/wp-json\/wp\/v2\/pages"}],"about":[{"href":"https:\/\/serveiseducatius.xtec.cat\/selva1\/wp-json\/wp\/v2\/types\/page"}],"author":[{"embeddable":true,"href":"https:\/\/serveiseducatius.xtec.cat\/selva1\/wp-json\/wp\/v2\/users\/1"}],"replies":[{"embeddable":true,"href":"https:\/\/serveiseducatius.xtec.cat\/selva1\/wp-json\/wp\/v2\/comments?post=9358"}],"version-history":[{"count":1,"href":"https:\/\/serveiseducatius.xtec.cat\/selva1\/wp-json\/wp\/v2\/pages\/9358\/revisions"}],"predecessor-version":[{"id":9360,"href":"https:\/\/serveiseducatius.xtec.cat\/selva1\/wp-json\/wp\/v2\/pages\/9358\/revisions\/9360"}],"up":[{"embeddable":true,"href":"https:\/\/serveiseducatius.xtec.cat\/selva1\/wp-json\/wp\/v2\/pages\/2891"}],"wp:attachment":[{"href":"https:\/\/serveiseducatius.xtec.cat\/selva1\/wp-json\/wp\/v2\/media?parent=9358"}],"curies":[{"name":"wp","href":"https:\/\/api.w.org\/{rel}","templated":true}]}}