{"id":6982,"date":"2023-05-17T12:24:33","date_gmt":"2023-05-17T10:24:33","guid":{"rendered":"https:\/\/serveiseducatius.xtec.cat\/selva1\/?page_id=6982"},"modified":"2023-05-19T10:32:06","modified_gmt":"2023-05-19T08:32:06","slug":"guanyadors-i-finalistes-del-xvie-concurs-doratoria-de-la-selva","status":"publish","type":"page","link":"https:\/\/serveiseducatius.xtec.cat\/selva1\/guanyadors-i-finalistes-del-xvie-concurs-doratoria-de-la-selva\/","title":{"rendered":"Guanyadors i finalistes del XVI\u00e8 concurs d&#8217;Orat\u00f2ria de la Selva"},"content":{"rendered":"<p>&nbsp;<\/p>\n<p><a href=\"https:\/\/serveiseducatius.xtec.cat\/selva1\/wp-content\/uploads\/usu773\/2020\/11\/orat\u00f2ria.gif\"><img loading=\"lazy\" decoding=\"async\" class=\"size-full wp-image-1817 alignleft\" src=\"https:\/\/serveiseducatius.xtec.cat\/selva1\/wp-content\/uploads\/usu773\/2020\/11\/orat\u00f2ria.gif\" alt=\"\" width=\"100\" height=\"75\" \/><\/a>Ja tenim els guanyadors i finalistes del concurs d&#8217;Orat\u00f2ria de la Selva. El jurat de la Fundaci\u00f3 Riera i Gubau ha establert el seg\u00fcent alumnat seleccionat:<\/p>\n<p>Podeu veure les fotografies <a href=\"https:\/\/photos.app.goo.gl\/VcpQqdsZQfMcteZQA\" target=\"_blank\" rel=\"noopener\"><strong>en el seg\u00fcent enlla\u00e7!<\/strong><\/a><\/p>\n<p>&nbsp;<\/p>\n<p><strong>GUANYADORS CICLE SUPERIOR DE PRIM\u00c0RIA<\/strong><\/p>\n<div class=\"ast-oembed-container \" style=\"height: 100%;\"><iframe loading=\"lazy\" title=\"Chloe Rom Moliner\" width=\"500\" height=\"281\" src=\"https:\/\/www.youtube.com\/embed\/PWry8XONUk8?feature=oembed\" frameborder=\"0\" allow=\"accelerometer; autoplay; clipboard-write; encrypted-media; gyroscope; picture-in-picture; web-share\" referrerpolicy=\"strict-origin-when-cross-origin\" allowfullscreen><\/iframe><\/div>\n<div class=\"ast-oembed-container \" style=\"height: 100%;\"><iframe loading=\"lazy\" title=\"Leia Cabruja Jaruchik\" width=\"500\" height=\"281\" src=\"https:\/\/www.youtube.com\/embed\/tPsqgnGZOnA?feature=oembed\" frameborder=\"0\" allow=\"accelerometer; autoplay; clipboard-write; encrypted-media; gyroscope; picture-in-picture; web-share\" referrerpolicy=\"strict-origin-when-cross-origin\" allowfullscreen><\/iframe><\/div>\n<p><strong>FINALISTES CICLE SUPERIOR DE PRIM\u00c0RIA<\/strong><\/p>\n<div class=\"ast-oembed-container \" style=\"height: 100%;\"><iframe loading=\"lazy\" title=\"Emily Rose Colgan\" width=\"500\" height=\"281\" src=\"https:\/\/www.youtube.com\/embed\/fgZ7ZTvq8Uo?feature=oembed\" frameborder=\"0\" allow=\"accelerometer; autoplay; clipboard-write; encrypted-media; gyroscope; picture-in-picture; web-share\" referrerpolicy=\"strict-origin-when-cross-origin\" allowfullscreen><\/iframe><\/div>\n<div class=\"ast-oembed-container \" style=\"height: 100%;\"><iframe loading=\"lazy\" title=\"Chlo\u00e9 Briggs Bernabeu\" width=\"500\" height=\"281\" src=\"https:\/\/www.youtube.com\/embed\/KgonJ7ZY2Dg?feature=oembed\" frameborder=\"0\" allow=\"accelerometer; autoplay; clipboard-write; encrypted-media; gyroscope; picture-in-picture; web-share\" referrerpolicy=\"strict-origin-when-cross-origin\" allowfullscreen><\/iframe><\/div>\n<p><strong>GUANYADORS 1r CICLE D&#8217;ESO<\/strong><\/p>\n<div class=\"ast-oembed-container \" style=\"height: 100%;\"><iframe loading=\"lazy\" title=\"Diego Dami\u00e1n Estrada Fern\u00e1ndez\" width=\"500\" height=\"281\" src=\"https:\/\/www.youtube.com\/embed\/sEJD0Vgp1ak?feature=oembed\" frameborder=\"0\" allow=\"accelerometer; autoplay; clipboard-write; encrypted-media; gyroscope; picture-in-picture; web-share\" referrerpolicy=\"strict-origin-when-cross-origin\" allowfullscreen><\/iframe><\/div>\n<div class=\"ast-oembed-container \" style=\"height: 100%;\"><iframe loading=\"lazy\" title=\"Amna Mir\" width=\"500\" height=\"281\" src=\"https:\/\/www.youtube.com\/embed\/FZtQ2YSkbW0?feature=oembed\" frameborder=\"0\" allow=\"accelerometer; autoplay; clipboard-write; encrypted-media; gyroscope; picture-in-picture; web-share\" referrerpolicy=\"strict-origin-when-cross-origin\" allowfullscreen><\/iframe><\/div>\n<p><strong>FINALISTES 1r CICLE D&#8217;ESO<\/strong><\/p>\n<div class=\"ast-oembed-container \" style=\"height: 100%;\"><iframe loading=\"lazy\" title=\"Aaron Rodriguez Prior\" width=\"500\" height=\"281\" src=\"https:\/\/www.youtube.com\/embed\/PGxhttQt024?feature=oembed\" frameborder=\"0\" allow=\"accelerometer; autoplay; clipboard-write; encrypted-media; gyroscope; picture-in-picture; web-share\" referrerpolicy=\"strict-origin-when-cross-origin\" allowfullscreen><\/iframe><\/div>\n<div class=\"ast-oembed-container \" style=\"height: 100%;\"><iframe loading=\"lazy\" title=\"Aina Bertol\u00ed Puig\" width=\"500\" height=\"281\" src=\"https:\/\/www.youtube.com\/embed\/fky2jo6NAZs?feature=oembed\" frameborder=\"0\" allow=\"accelerometer; autoplay; clipboard-write; encrypted-media; gyroscope; picture-in-picture; web-share\" referrerpolicy=\"strict-origin-when-cross-origin\" allowfullscreen><\/iframe><\/div>\n<div class=\"ast-oembed-container \" style=\"height: 100%;\"><iframe loading=\"lazy\" title=\"Stefania Elizalde Sukhorukova\" width=\"500\" height=\"281\" src=\"https:\/\/www.youtube.com\/embed\/fpU_7I8GaYw?feature=oembed\" frameborder=\"0\" allow=\"accelerometer; autoplay; clipboard-write; encrypted-media; gyroscope; picture-in-picture; web-share\" referrerpolicy=\"strict-origin-when-cross-origin\" allowfullscreen><\/iframe><\/div>\n<div class=\"ast-oembed-container \" style=\"height: 100%;\"><iframe loading=\"lazy\" title=\"Marina Poch\" width=\"500\" height=\"281\" src=\"https:\/\/www.youtube.com\/embed\/VNqnDgx5xWc?feature=oembed\" frameborder=\"0\" allow=\"accelerometer; autoplay; clipboard-write; encrypted-media; gyroscope; picture-in-picture; web-share\" referrerpolicy=\"strict-origin-when-cross-origin\" allowfullscreen><\/iframe><\/div>\n<p>&nbsp;<\/p>\n","protected":false},"excerpt":{"rendered":"<p>&nbsp; Ja tenim els guanyadors i finalistes del concurs d&#8217;Orat\u00f2ria de la Selva. El jurat de la Fundaci\u00f3 Riera i Gubau ha establert el seg\u00fcent alumnat seleccionat: Podeu veure les fotografies en el seg\u00fcent enlla\u00e7! &nbsp; GUANYADORS CICLE SUPERIOR DE PRIM\u00c0RIA FINALISTES CICLE SUPERIOR DE PRIM\u00c0RIA GUANYADORS 1r CICLE D&#8217;ESO FINALISTES 1r CICLE D&#8217;ESO &nbsp;<\/p>\n","protected":false},"author":1,"featured_media":0,"parent":0,"menu_order":0,"comment_status":"closed","ping_status":"closed","template":"","meta":{"_bbp_topic_count":0,"_bbp_reply_count":0,"_bbp_total_topic_count":0,"_bbp_total_reply_count":0,"_bbp_voice_count":0,"_bbp_anonymous_reply_count":0,"_bbp_topic_count_hidden":0,"_bbp_reply_count_hidden":0,"_bbp_forum_subforum_count":0,"site-sidebar-layout":"default","site-content-layout":"","ast-site-content-layout":"","site-content-style":"default","site-sidebar-style":"default","ast-global-header-display":"","ast-banner-title-visibility":"","ast-main-header-display":"","ast-hfb-above-header-display":"","ast-hfb-below-header-display":"","ast-hfb-mobile-header-display":"","site-post-title":"","ast-breadcrumbs-content":"","ast-featured-img":"","footer-sml-layout":"","theme-transparent-header-meta":"","adv-header-id-meta":"","stick-header-meta":"","header-above-stick-meta":"","header-main-stick-meta":"","header-below-stick-meta":"","astra-migrate-meta-layouts":"default","ast-page-background-enabled":"default","ast-page-background-meta":{"desktop":{"background-color":"var(--ast-global-color-4)","background-image":"","background-repeat":"repeat","background-position":"center center","background-size":"auto","background-attachment":"scroll","background-type":"","background-media":"","overlay-type":"","overlay-color":"","overlay-opacity":"","overlay-gradient":""},"tablet":{"background-color":"","background-image":"","background-repeat":"repeat","background-position":"center center","background-size":"auto","background-attachment":"scroll","background-type":"","background-media":"","overlay-type":"","overlay-color":"","overlay-opacity":"","overlay-gradient":""},"mobile":{"background-color":"","background-image":"","background-repeat":"repeat","background-position":"center center","background-size":"auto","background-attachment":"scroll","background-type":"","background-media":"","overlay-type":"","overlay-color":"","overlay-opacity":"","overlay-gradient":""}},"ast-content-background-meta":{"desktop":{"background-color":"var(--ast-global-color-5)","background-image":"","background-repeat":"repeat","background-position":"center center","background-size":"auto","background-attachment":"scroll","background-type":"","background-media":"","overlay-type":"","overlay-color":"","overlay-opacity":"","overlay-gradient":""},"tablet":{"background-color":"var(--ast-global-color-5)","background-image":"","background-repeat":"repeat","background-position":"center center","background-size":"auto","background-attachment":"scroll","background-type":"","background-media":"","overlay-type":"","overlay-color":"","overlay-opacity":"","overlay-gradient":""},"mobile":{"background-color":"var(--ast-global-color-5)","background-image":"","background-repeat":"repeat","background-position":"center center","background-size":"auto","background-attachment":"scroll","background-type":"","background-media":"","overlay-type":"","overlay-color":"","overlay-opacity":"","overlay-gradient":""}},"footnotes":""},"class_list":["post-6982","page","type-page","status-publish","hentry"],"post_mailing_queue_ids":[],"_links":{"self":[{"href":"https:\/\/serveiseducatius.xtec.cat\/selva1\/wp-json\/wp\/v2\/pages\/6982","targetHints":{"allow":["GET"]}}],"collection":[{"href":"https:\/\/serveiseducatius.xtec.cat\/selva1\/wp-json\/wp\/v2\/pages"}],"about":[{"href":"https:\/\/serveiseducatius.xtec.cat\/selva1\/wp-json\/wp\/v2\/types\/page"}],"author":[{"embeddable":true,"href":"https:\/\/serveiseducatius.xtec.cat\/selva1\/wp-json\/wp\/v2\/users\/1"}],"replies":[{"embeddable":true,"href":"https:\/\/serveiseducatius.xtec.cat\/selva1\/wp-json\/wp\/v2\/comments?post=6982"}],"version-history":[{"count":4,"href":"https:\/\/serveiseducatius.xtec.cat\/selva1\/wp-json\/wp\/v2\/pages\/6982\/revisions"}],"predecessor-version":[{"id":6995,"href":"https:\/\/serveiseducatius.xtec.cat\/selva1\/wp-json\/wp\/v2\/pages\/6982\/revisions\/6995"}],"wp:attachment":[{"href":"https:\/\/serveiseducatius.xtec.cat\/selva1\/wp-json\/wp\/v2\/media?parent=6982"}],"curies":[{"name":"wp","href":"https:\/\/api.w.org\/{rel}","templated":true}]}}