{"id":6550,"date":"2023-02-21T08:50:05","date_gmt":"2023-02-21T07:50:05","guid":{"rendered":"https:\/\/serveiseducatius.xtec.cat\/selva1\/?page_id=6550"},"modified":"2025-09-10T09:58:47","modified_gmt":"2025-09-10T07:58:47","slug":"intercanvi-dexperiencies-musicals","status":"publish","type":"page","link":"https:\/\/serveiseducatius.xtec.cat\/selva1\/intercanvi-dexperiencies-musicals\/","title":{"rendered":"INTERCANVI D&#8217;EXPERI\u00c8NCIES MUSICALS"},"content":{"rendered":"<table style=\"width: 100%; height: 884px;\">\n<thead>\n<tr style=\"height: 227px;\">\n<td style=\"height: 227px; width: 99.4652%;\" colspan=\"2\">\n<h1 style=\"text-align: center;\"><strong><a href=\"https:\/\/serveiseducatius.xtec.cat\/selva1\/wp-content\/uploads\/usu773\/2023\/02\/INTERCANVI-EXPERIENCIES-MUSICA.png\"><img loading=\"lazy\" decoding=\"async\" class=\"wp-image-6430 alignleft\" src=\"https:\/\/serveiseducatius.xtec.cat\/selva1\/wp-content\/uploads\/usu773\/2023\/02\/INTERCANVI-EXPERIENCIES-MUSICA-300x300.png\" alt=\"\" width=\"98\" height=\"98\" srcset=\"https:\/\/serveiseducatius.xtec.cat\/selva1\/wp-content\/uploads\/usu773\/2023\/02\/INTERCANVI-EXPERIENCIES-MUSICA-300x300.png 300w, https:\/\/serveiseducatius.xtec.cat\/selva1\/wp-content\/uploads\/usu773\/2023\/02\/INTERCANVI-EXPERIENCIES-MUSICA-150x150.png 150w, https:\/\/serveiseducatius.xtec.cat\/selva1\/wp-content\/uploads\/usu773\/2023\/02\/INTERCANVI-EXPERIENCIES-MUSICA.png 500w\" sizes=\"auto, (max-width: 98px) 100vw, 98px\" \/><\/a><a href=\"https:\/\/sites.google.com\/view\/seminarimestresdemsica\/taller-intercanvi-experi%C3%A8ncies-musicals-curs-24-25\" target=\"_blank\" rel=\"noopener\">Intercanvi d&#8217;experi\u00e8ncies musicals <\/a><\/strong><\/h1>\n<h1 style=\"text-align: center;\"><strong><a href=\"https:\/\/sites.google.com\/view\/seminarimestresdemsica\/taller-intercanvi-experi%C3%A8ncies-musicals-curs-24-25\" target=\"_blank\" rel=\"noopener\">25-26<\/a><\/strong><\/h1>\n<p class=\"zfr3Q CDt4Ke \" dir=\"ltr\"><span class=\"C9DxTc \">Aquest espai pret\u00e9n ser un intercanvi d&#8217;experi\u00e8ncies musicals amb els i les especialistes de m\u00fasica.<\/span><\/p>\n<p class=\"zfr3Q CDt4Ke \" dir=\"ltr\"><span class=\"C9DxTc \">Enguany estem treballant en l&#8217;elaboraci\u00f3 de SITUACIONS D&#8217;APRENENTATGE de m\u00fasica.<\/span><\/p>\n<p class=\"zfr3Q CDt4Ke \" dir=\"ltr\"><span class=\"C9DxTc \">Aquest curs escolar, dins d&#8217;aquest taller,\u00a0 amb l&#8217;ajuda d&#8217;un expert elaborarem SA.\u00a0 Adre\u00e7at als i a les especialistes de m\u00fasica.<\/span><\/p>\n<\/td>\n<\/tr>\n<tr style=\"height: 177px;\">\n<td style=\"height: 177px; width: 99.4652%;\" colspan=\"2\">\n<h1 style=\"text-align: center;\"><strong><a href=\"https:\/\/meet.google.com\/csq-rmti-apx?hs=122&amp;authuser=0\" target=\"_blank\" rel=\"noopener\"><img loading=\"lazy\" decoding=\"async\" class=\"wp-image-3420 alignleft\" src=\"https:\/\/serveiseducatius.xtec.cat\/selva1\/wp-content\/uploads\/usu773\/2021\/09\/aula-virtual-300x246.png\" sizes=\"auto, (max-width: 107px) 100vw, 107px\" srcset=\"https:\/\/serveiseducatius.xtec.cat\/selva1\/wp-content\/uploads\/usu773\/2021\/09\/aula-virtual-300x250.png 300w, https:\/\/serveiseducatius.xtec.cat\/selva1\/wp-content\/uploads\/usu773\/2021\/09\/aula-virtual-1024x838.png 1024w, https:\/\/serveiseducatius.xtec.cat\/selva1\/wp-content\/uploads\/usu773\/2021\/09\/aula-virtual-768x629.png 768w, https:\/\/serveiseducatius.xtec.cat\/selva1\/wp-content\/uploads\/usu773\/2021\/09\/aula-virtual.png 1245w\" alt=\"\" width=\"107\" height=\"88\" \/><\/a><a href=\"https:\/\/sites.google.com\/view\/seminarimestresdemsica\/taller-intercanvi-experi%C3%A8ncies-musicals-curs-24-25\" target=\"_blank\" rel=\"noopener\">Intercanvi d&#8217;experi\u00e8ncies musicals 25-26<\/a><\/strong><\/h1>\n<h2 style=\"text-align: center;\"><strong>\u00a0 \u00a0 \u00a0 \u00a0 \u00a0 \u00a0 \u00a0 CALENDARI COORDINACIONS\u00a0 \u00a0 \u00a0 \u00a0 \u00a0 \u00a0 \u00a0 \u00a0 \u00a0\u00a0<a href=\"https:\/\/docs.google.com\/document\/d\/1b0f9aAt0dr1guADbeeir_diuP7veTAfTv_li3Ps8S5U\/edit?usp=sharing\" target=\"_blank\" rel=\"noopener\"><img loading=\"lazy\" decoding=\"async\" class=\"alignnone wp-image-3323 size-full\" src=\"https:\/\/serveiseducatius.xtec.cat\/selva1\/wp-content\/uploads\/usu773\/2021\/09\/ACTES-TARONJA-3.png\" sizes=\"auto, (max-width: 153px) 100vw, 153px\" srcset=\"https:\/\/serveiseducatius.xtec.cat\/selva1\/wp-content\/uploads\/usu773\/2021\/09\/ACTES-TARONJA-3.png 153w, https:\/\/serveiseducatius.xtec.cat\/selva1\/wp-content\/uploads\/usu773\/2021\/09\/ACTES-TARONJA-3-150x64.png 150w\" alt=\"\" width=\"153\" height=\"64\" \/><\/a><\/strong><\/h2>\n<\/td>\n<\/tr>\n<\/thead>\n<tbody>\n<tr style=\"height: 60px;\">\n<td style=\"height: 60px; width: 40.4635%;\">\n<h4>1\u00aa coordinaci\u00f3:<\/h4>\n<\/td>\n<td style=\"height: 60px; width: 59.0018%;\">\n<h4>27-10-2025<\/h4>\n<\/td>\n<\/tr>\n<tr style=\"height: 60px;\">\n<td style=\"height: 60px; width: 40.4635%;\">\n<h4>2\u00aa\u00a0coordinaci\u00f3:<\/h4>\n<\/td>\n<td style=\"height: 60px; width: 59.0018%;\">\n<h4>10-11-2025<\/h4>\n<\/td>\n<\/tr>\n<tr style=\"height: 60px;\">\n<td style=\"height: 60px; width: 40.4635%;\">\n<h4>3\u00aa coordinaci\u00f3:<\/h4>\n<\/td>\n<td style=\"height: 60px; width: 59.0018%;\">\n<h4>19-01-2026<\/h4>\n<\/td>\n<\/tr>\n<tr style=\"height: 60px;\">\n<td style=\"height: 60px; width: 40.4635%;\">\n<h4>4\u00aa\u00a0coordinaci\u00f3:<\/h4>\n<\/td>\n<td style=\"height: 60px; width: 59.0018%;\">\n<h4>16-03-2026<\/h4>\n<\/td>\n<\/tr>\n<tr style=\"height: 60px;\">\n<td style=\"height: 60px; width: 40.4635%;\">\n<h4>5\u00ba coordinaci\u00f3:<\/h4>\n<\/td>\n<td style=\"height: 60px; width: 59.0018%;\">\n<h4>11-05-2026<\/h4>\n<\/td>\n<\/tr>\n<tr style=\"height: 60px;\">\n<td style=\"height: 60px; width: 99.4652%;\" colspan=\"2\">\n<h4 style=\"text-align: center;\"><em>Aquest projecte forma part del PFZ Selva I 2025-26<\/em><\/h4>\n<\/td>\n<\/tr>\n<\/tbody>\n<\/table>\n<div>\n<h2 style=\"text-align: center;\">EDICIONS ANTERIORS<\/h2>\n<\/div>\n<div>\n<div class=\"sites-embed-content sites-embed-type-text\">\n<div class=\"sites-embed-content-textbox\">\n<div dir=\"ltr\">\n<div>\n<table style=\"border-collapse: collapse; width: 100%;\">\n<tbody>\n<tr>\n<td style=\"width: 20%; text-align: center;\"><a href=\"https:\/\/sites.google.com\/view\/seminarimestresdemsica\/taller-intercanvi-experi%C3%A8ncies-musicals-curs-24-25\"><img loading=\"lazy\" decoding=\"async\" class=\" wp-image-11193 aligncenter\" src=\"https:\/\/serveiseducatius.xtec.cat\/selva1\/wp-content\/uploads\/usu773\/2025\/06\/boto-24-25-lila.png\" alt=\"\" width=\"151\" height=\"55\" \/><\/a><\/td>\n<td style=\"width: 20%; text-align: center;\"><a href=\"https:\/\/sites.google.com\/view\/seminarimestresdemsica\/taller-intercanvi-experi%C3%A8ncies-musicals-curs-23-24\" target=\"_blank\" rel=\"noopener\"><img loading=\"lazy\" decoding=\"async\" class=\"wp-image-9148 alignnone\" src=\"https:\/\/serveiseducatius.xtec.cat\/selva1\/wp-content\/uploads\/usu773\/2024\/07\/curs-23-24-lila.png\" alt=\"\" width=\"138\" height=\"59\" \/><\/a><\/td>\n<td style=\"width: 20%; text-align: center;\"><a href=\"https:\/\/sites.google.com\/view\/seminarimestresdemsica\/taller-intercanvi-experi%C3%A8ncies-musicals-curs-22-23?authuser=0\" target=\"_blank\" rel=\"noopener\"><img loading=\"lazy\" decoding=\"async\" class=\"alignnone wp-image-7270\" src=\"https:\/\/serveiseducatius.xtec.cat\/selva1\/wp-content\/uploads\/usu773\/2023\/09\/boto-2.png\" alt=\"\" width=\"159\" height=\"54\" \/><\/a><\/td>\n<td style=\"width: 20%; text-align: center;\"><a href=\"https:\/\/sites.google.com\/view\/seminarimestresdemsica\/taller-intercanvi-experi%C3%A8ncies-musicals-curs-22-23?authuser=0\" target=\"_blank\" rel=\"noopener\"><img loading=\"lazy\" decoding=\"async\" class=\"aligncenter wp-image-5530\" src=\"https:\/\/serveiseducatius.xtec.cat\/selva1\/wp-content\/uploads\/usu773\/2022\/09\/Captura-20.png\" alt=\"\" width=\"174\" height=\"87\" \/><\/a><\/td>\n<td style=\"width: 20%; text-align: center;\"><a href=\"https:\/\/sites.google.com\/view\/seminarimestresdemsica\/intercanvi-dexperi%C3%A8ncies?authuser=0\" target=\"_blank\" rel=\"noopener\"><img loading=\"lazy\" decoding=\"async\" class=\"alignnone wp-image-3348 size-full\" src=\"https:\/\/serveiseducatius.xtec.cat\/selva1\/wp-content\/uploads\/usu773\/2021\/09\/CURS-20-21.png\" alt=\"\" width=\"153\" height=\"59\" srcset=\"https:\/\/serveiseducatius.xtec.cat\/selva1\/wp-content\/uploads\/usu773\/2021\/09\/CURS-20-21.png 153w, https:\/\/serveiseducatius.xtec.cat\/selva1\/wp-content\/uploads\/usu773\/2021\/09\/CURS-20-21-150x59.png 150w\" sizes=\"auto, (max-width: 153px) 100vw, 153px\" \/><\/a><\/td>\n<\/tr>\n<tr>\n<td style=\"width: 20%; text-align: center;\"><a href=\"https:\/\/sites.google.com\/xtec.cat\/sdtac-2019-20\/inici\" target=\"_blank\" rel=\"noopener\"><img loading=\"lazy\" decoding=\"async\" class=\"alignnone wp-image-3349 size-full\" src=\"https:\/\/serveiseducatius.xtec.cat\/selva1\/wp-content\/uploads\/usu773\/2021\/09\/CURS-19-20.png\" alt=\"\" width=\"150\" height=\"57\" \/><\/a><\/td>\n<td style=\"width: 20%; text-align: center;\"><a href=\"https:\/\/sites.google.com\/xtec.cat\/seminari-sdtac\/inici\" target=\"_blank\" rel=\"noopener\"><img loading=\"lazy\" decoding=\"async\" class=\"alignnone wp-image-3481\" src=\"https:\/\/serveiseducatius.xtec.cat\/selva1\/wp-content\/uploads\/usu773\/2021\/09\/18-19-1.png\" alt=\"\" width=\"145\" height=\"53\" \/><\/a><\/td>\n<td style=\"width: 20%; text-align: center;\"><\/td>\n<td style=\"width: 20%; text-align: center;\"><\/td>\n<td style=\"width: 20%; text-align: center;\"><\/td>\n<\/tr>\n<\/tbody>\n<\/table>\n<\/div>\n<\/div>\n<\/div>\n<\/div>\n<\/div>\n","protected":false},"excerpt":{"rendered":"<p>Intercanvi d&#8217;experi\u00e8ncies musicals 25-26 Aquest espai pret\u00e9n ser un intercanvi d&#8217;experi\u00e8ncies musicals amb els i les especialistes de m\u00fasica. Enguany estem treballant en l&#8217;elaboraci\u00f3 de SITUACIONS D&#8217;APRENENTATGE de m\u00fasica. Aquest curs escolar, dins d&#8217;aquest taller,\u00a0 amb l&#8217;ajuda d&#8217;un expert elaborarem SA.\u00a0 Adre\u00e7at als i a les especialistes de m\u00fasica. Intercanvi d&#8217;experi\u00e8ncies musicals 25-26 \u00a0 \u00a0 [&hellip;]<\/p>\n","protected":false},"author":1,"featured_media":0,"parent":0,"menu_order":0,"comment_status":"closed","ping_status":"closed","template":"","meta":{"_bbp_topic_count":0,"_bbp_reply_count":0,"_bbp_total_topic_count":0,"_bbp_total_reply_count":0,"_bbp_voice_count":0,"_bbp_anonymous_reply_count":0,"_bbp_topic_count_hidden":0,"_bbp_reply_count_hidden":0,"_bbp_forum_subforum_count":0,"site-sidebar-layout":"default","site-content-layout":"","ast-site-content-layout":"","site-content-style":"default","site-sidebar-style":"default","ast-global-header-display":"","ast-banner-title-visibility":"","ast-main-header-display":"","ast-hfb-above-header-display":"","ast-hfb-below-header-display":"","ast-hfb-mobile-header-display":"","site-post-title":"","ast-breadcrumbs-content":"","ast-featured-img":"","footer-sml-layout":"","theme-transparent-header-meta":"","adv-header-id-meta":"","stick-header-meta":"","header-above-stick-meta":"","header-main-stick-meta":"","header-below-stick-meta":"","astra-migrate-meta-layouts":"default","ast-page-background-enabled":"default","ast-page-background-meta":{"desktop":{"background-color":"var(--ast-global-color-4)","background-image":"","background-repeat":"repeat","background-position":"center center","background-size":"auto","background-attachment":"scroll","background-type":"","background-media":"","overlay-type":"","overlay-color":"","overlay-opacity":"","overlay-gradient":""},"tablet":{"background-color":"","background-image":"","background-repeat":"repeat","background-position":"center center","background-size":"auto","background-attachment":"scroll","background-type":"","background-media":"","overlay-type":"","overlay-color":"","overlay-opacity":"","overlay-gradient":""},"mobile":{"background-color":"","background-image":"","background-repeat":"repeat","background-position":"center center","background-size":"auto","background-attachment":"scroll","background-type":"","background-media":"","overlay-type":"","overlay-color":"","overlay-opacity":"","overlay-gradient":""}},"ast-content-background-meta":{"desktop":{"background-color":"var(--ast-global-color-5)","background-image":"","background-repeat":"repeat","background-position":"center center","background-size":"auto","background-attachment":"scroll","background-type":"","background-media":"","overlay-type":"","overlay-color":"","overlay-opacity":"","overlay-gradient":""},"tablet":{"background-color":"var(--ast-global-color-5)","background-image":"","background-repeat":"repeat","background-position":"center center","background-size":"auto","background-attachment":"scroll","background-type":"","background-media":"","overlay-type":"","overlay-color":"","overlay-opacity":"","overlay-gradient":""},"mobile":{"background-color":"var(--ast-global-color-5)","background-image":"","background-repeat":"repeat","background-position":"center center","background-size":"auto","background-attachment":"scroll","background-type":"","background-media":"","overlay-type":"","overlay-color":"","overlay-opacity":"","overlay-gradient":""}},"footnotes":""},"class_list":["post-6550","page","type-page","status-publish","hentry"],"post_mailing_queue_ids":[],"_links":{"self":[{"href":"https:\/\/serveiseducatius.xtec.cat\/selva1\/wp-json\/wp\/v2\/pages\/6550","targetHints":{"allow":["GET"]}}],"collection":[{"href":"https:\/\/serveiseducatius.xtec.cat\/selva1\/wp-json\/wp\/v2\/pages"}],"about":[{"href":"https:\/\/serveiseducatius.xtec.cat\/selva1\/wp-json\/wp\/v2\/types\/page"}],"author":[{"embeddable":true,"href":"https:\/\/serveiseducatius.xtec.cat\/selva1\/wp-json\/wp\/v2\/users\/1"}],"replies":[{"embeddable":true,"href":"https:\/\/serveiseducatius.xtec.cat\/selva1\/wp-json\/wp\/v2\/comments?post=6550"}],"version-history":[{"count":7,"href":"https:\/\/serveiseducatius.xtec.cat\/selva1\/wp-json\/wp\/v2\/pages\/6550\/revisions"}],"predecessor-version":[{"id":11395,"href":"https:\/\/serveiseducatius.xtec.cat\/selva1\/wp-json\/wp\/v2\/pages\/6550\/revisions\/11395"}],"wp:attachment":[{"href":"https:\/\/serveiseducatius.xtec.cat\/selva1\/wp-json\/wp\/v2\/media?parent=6550"}],"curies":[{"name":"wp","href":"https:\/\/api.w.org\/{rel}","templated":true}]}}