{"id":548,"date":"2015-11-26T18:10:47","date_gmt":"2015-11-26T17:10:47","guid":{"rendered":"http:\/\/serveiseducatius.xtec.cat\/se-selva1\/?page_id=548"},"modified":"2024-09-18T12:37:15","modified_gmt":"2024-09-18T10:37:15","slug":"zona-formadors","status":"publish","type":"page","link":"https:\/\/serveiseducatius.xtec.cat\/selva1\/formacio\/zona-formadors\/","title":{"rendered":"Zona formadors"},"content":{"rendered":"<p><a href=\"https:\/\/docs.google.com\/presentation\/d\/e\/2PACX-1vRMFJIf6Euuu689BhXeUxVDIOqL-MkOT1jjpbQxiFZ48XKzbxPwY7_LiYlCIEue-VYBFuzHeWZb6XDN\/pub?start=false&amp;loop=false&amp;delayms=3000\"><img decoding=\"async\" src=\"http:\/\/serveiseducatius.xtec.cat\/se-selva1\/wp-content\/uploads\/usu773\/2015\/11\/formador.png\" alt=\"\" \/><\/a><\/p>\n<h5>Primer de tot, us agra\u00efm la vostra col\u00b7laboraci\u00f3 i us desitgem que gaudiu de l&#8217;experi\u00e8ncia com a formadors.<\/h5>\n<ul>\n<li>\n<h5>Podeu consultar els\u00a0documents de refer\u00e8ncia que<strong>\u00a0<\/strong>us seran \u00fatils a l&#8217;hora de fer els diferents tr\u00e0mits associats al desenvolupament i el tancament de les activitats de formaci\u00f3.<\/h5>\n<h4><span style=\"font-size: small;\"><b>\u25ba\u00a0\u00a0<\/b><b>GAF<\/b>\u00a0<a href=\"https:\/\/aplicacions.gestioeducativa.gencat.cat\/pls\/gtaf\/inici\" target=\"_blank\" rel=\"nofollow noopener noreferrer\">Acc\u00e9s al manteniment de les activitats de formaci\u00f3<\/a><\/span><\/h4>\n<h4><span style=\"font-size: small;\"><b>\u25ba\u00a0\u00a0<\/b><b>GAF<\/b>\u00a0<a href=\"https:\/\/docs.google.com\/presentation\/d\/1R3vVMrwn3uWT-ic8nipHiYiz5YnaysB_5GyuWKV1Gwg\/pub?start=false&amp;loop=false&amp;delayms=3000\" target=\"_blank\" rel=\"noopener noreferrer\">Manual del\/la formador\/a<\/a><br \/>\n<b>\u25ba\u00a0\u00a0<\/b><b>REUNI\u00d3 ADRE\u00c7ADA A FORMADORS\/ES I RESPONSABLES<\/b>\u00a0<a href=\"https:\/\/docs.google.com\/presentation\/d\/e\/2PACX-1vQGroMQFz5g2PGohPyN0yVSOjTpSAk0r4KOEsR2qdAYQoL16n_DGqNBVd6PedIx9wQMG87kCP2FMyyA\/pub?start=false&amp;loop=false&amp;delayms=3000\" target=\"_blank\" rel=\"noopener noreferrer\">Continguts de la reuni\u00f3 inicial<\/a><\/span><\/h4>\n<\/li>\n<\/ul>\n<h5>Si ho preferiu, podeu contactar amb el servei educatiu de la Selva I\u00a0 mitjan\u00e7ant el correu electr\u00f2nic b7990112@xtec.cat o trucant al tel\u00e8fon 972877482<\/h5>\n","protected":false},"excerpt":{"rendered":"<p>Primer de tot, us agra\u00efm la vostra col\u00b7laboraci\u00f3 i us desitgem que gaudiu de l&#8217;experi\u00e8ncia com a formadors. Podeu consultar els\u00a0documents de refer\u00e8ncia que\u00a0us seran \u00fatils a l&#8217;hora de fer els diferents tr\u00e0mits associats al desenvolupament i el tancament de les activitats de formaci\u00f3. \u25ba\u00a0\u00a0GAF\u00a0Acc\u00e9s al manteniment de les activitats de formaci\u00f3 \u25ba\u00a0\u00a0GAF\u00a0Manual del\/la formador\/a [&hellip;]<\/p>\n","protected":false},"author":1,"featured_media":0,"parent":416,"menu_order":30,"comment_status":"closed","ping_status":"closed","template":"page-templates\/side-menu.php","meta":{"_bbp_topic_count":0,"_bbp_reply_count":0,"_bbp_total_topic_count":0,"_bbp_total_reply_count":0,"_bbp_voice_count":0,"_bbp_anonymous_reply_count":0,"_bbp_topic_count_hidden":0,"_bbp_reply_count_hidden":0,"_bbp_forum_subforum_count":0,"site-sidebar-layout":"default","site-content-layout":"","ast-site-content-layout":"","site-content-style":"default","site-sidebar-style":"default","ast-global-header-display":"","ast-banner-title-visibility":"","ast-main-header-display":"","ast-hfb-above-header-display":"","ast-hfb-below-header-display":"","ast-hfb-mobile-header-display":"","site-post-title":"","ast-breadcrumbs-content":"","ast-featured-img":"","footer-sml-layout":"","theme-transparent-header-meta":"","adv-header-id-meta":"","stick-header-meta":"","header-above-stick-meta":"","header-main-stick-meta":"","header-below-stick-meta":"","astra-migrate-meta-layouts":"default","ast-page-background-enabled":"default","ast-page-background-meta":{"desktop":{"background-color":"var(--ast-global-color-4)","background-image":"","background-repeat":"repeat","background-position":"center center","background-size":"auto","background-attachment":"scroll","background-type":"","background-media":"","overlay-type":"","overlay-color":"","overlay-opacity":"","overlay-gradient":""},"tablet":{"background-color":"","background-image":"","background-repeat":"repeat","background-position":"center center","background-size":"auto","background-attachment":"scroll","background-type":"","background-media":"","overlay-type":"","overlay-color":"","overlay-opacity":"","overlay-gradient":""},"mobile":{"background-color":"","background-image":"","background-repeat":"repeat","background-position":"center center","background-size":"auto","background-attachment":"scroll","background-type":"","background-media":"","overlay-type":"","overlay-color":"","overlay-opacity":"","overlay-gradient":""}},"ast-content-background-meta":{"desktop":{"background-color":"var(--ast-global-color-5)","background-image":"","background-repeat":"repeat","background-position":"center center","background-size":"auto","background-attachment":"scroll","background-type":"","background-media":"","overlay-type":"","overlay-color":"","overlay-opacity":"","overlay-gradient":""},"tablet":{"background-color":"var(--ast-global-color-5)","background-image":"","background-repeat":"repeat","background-position":"center center","background-size":"auto","background-attachment":"scroll","background-type":"","background-media":"","overlay-type":"","overlay-color":"","overlay-opacity":"","overlay-gradient":""},"mobile":{"background-color":"var(--ast-global-color-5)","background-image":"","background-repeat":"repeat","background-position":"center center","background-size":"auto","background-attachment":"scroll","background-type":"","background-media":"","overlay-type":"","overlay-color":"","overlay-opacity":"","overlay-gradient":""}},"footnotes":""},"class_list":["post-548","page","type-page","status-publish","hentry"],"post_mailing_queue_ids":[],"_links":{"self":[{"href":"https:\/\/serveiseducatius.xtec.cat\/selva1\/wp-json\/wp\/v2\/pages\/548","targetHints":{"allow":["GET"]}}],"collection":[{"href":"https:\/\/serveiseducatius.xtec.cat\/selva1\/wp-json\/wp\/v2\/pages"}],"about":[{"href":"https:\/\/serveiseducatius.xtec.cat\/selva1\/wp-json\/wp\/v2\/types\/page"}],"author":[{"embeddable":true,"href":"https:\/\/serveiseducatius.xtec.cat\/selva1\/wp-json\/wp\/v2\/users\/1"}],"replies":[{"embeddable":true,"href":"https:\/\/serveiseducatius.xtec.cat\/selva1\/wp-json\/wp\/v2\/comments?post=548"}],"version-history":[{"count":5,"href":"https:\/\/serveiseducatius.xtec.cat\/selva1\/wp-json\/wp\/v2\/pages\/548\/revisions"}],"predecessor-version":[{"id":9509,"href":"https:\/\/serveiseducatius.xtec.cat\/selva1\/wp-json\/wp\/v2\/pages\/548\/revisions\/9509"}],"up":[{"embeddable":true,"href":"https:\/\/serveiseducatius.xtec.cat\/selva1\/wp-json\/wp\/v2\/pages\/416"}],"wp:attachment":[{"href":"https:\/\/serveiseducatius.xtec.cat\/selva1\/wp-json\/wp\/v2\/media?parent=548"}],"curies":[{"name":"wp","href":"https:\/\/api.w.org\/{rel}","templated":true}]}}