{"id":4563,"date":"2022-02-01T14:07:01","date_gmt":"2022-02-01T13:07:01","guid":{"rendered":"https:\/\/serveiseducatius.xtec.cat\/selva1\/?page_id=4563"},"modified":"2022-06-20T09:07:00","modified_gmt":"2022-06-20T07:07:00","slug":"jocs-florals-de-catalunya-curs-21-22","status":"publish","type":"page","link":"https:\/\/serveiseducatius.xtec.cat\/selva1\/jocs-florals-de-catalunya-curs-21-22\/","title":{"rendered":"Jocs Florals de Catalunya. Curs 21-22"},"content":{"rendered":"<p><a href=\"https:\/\/serveiseducatius.xtec.cat\/selva1\/wp-content\/uploads\/usu773\/2020\/09\/jocs-florals.gif\"><img loading=\"lazy\" decoding=\"async\" class=\"size-medium wp-image-1462 alignleft\" src=\"https:\/\/serveiseducatius.xtec.cat\/selva1\/wp-content\/uploads\/usu773\/2020\/09\/jocs-florals-300x146.gif\" alt=\"\" width=\"300\" height=\"146\" \/><\/a><\/p>\n<h5 class=\"NG-menu__title\">IX Jocs Florals Escolars<\/h5>\n<p style=\"text-align: justify;\">El Departament d\u2019Educaci\u00f3 convoca els IX Jocs Florals Escolars de Catalunya amb l\u2019objectiu de promoure l\u2019escriptura tant en prosa com en poesia en infants i joves de sis a divuit anys. La categoria del conte il\u00b7lustrat est\u00e0 adre\u00e7ada a l\u2019alumnat de prim\u00e0ria de centres ordinaris i tamb\u00e9 d\u2019educaci\u00f3 especial. El prop\u00f2sit \u00e9s promoure la creaci\u00f3 liter\u00e0ria potenciant el treball interdisciplinari des de l&#8217;\u00e0mbit ling\u00fc\u00edstic, l\u2019\u00e0mbit digital i l\u2019\u00e0mbit art\u00edstic. En aquesta categoria s\u2019han d\u2019abordar noves t\u00e8cniques narratives com el gui\u00f3, la llengua oral, la banda sonora i la dimensi\u00f3 visual i pl\u00e0stica.<\/p>\n<p style=\"text-align: justify;\">En el\u00a0<a href=\"https:\/\/blocs.xtec.cat\/jocsflorals-conteaudiovisual\/projecte\/?_ga=2.139962995.1766362869.1643618742-1126902965.1599460229\" target=\"_blank\" rel=\"noopener\">blog Conte audiovisual il\u00b7lustrat<\/a>\u00a0podeu trobar una proposta per treballar el conte audiovisual com a projecte de treball interdisciplinari, aix\u00ed com un llistat de recursos d\u2019\u00e0udio i v\u00eddeo que es pot utilitzar per a l\u2019elaboraci\u00f3 del conte audiovisual.<\/p>\n<p><a href=\"http:\/\/xtec.gencat.cat\/web\/.content\/centres\/alscentres\/premis\/jocsflorals\/2122\/Bases-IX-Jocs-Florals.pdf\" target=\"_blank\" rel=\"noopener\">Vegeu les BASES del concurs<\/a><\/p>\n<p><a href=\"http:\/\/xtec.gencat.cat\/web\/.content\/centres\/alscentres\/premis\/jocsflorals\/2122\/Bases-categoria-H-conte-audiovisual-2122.pdf\" target=\"_blank\" rel=\"noopener\">Bases de la categoria H: el conte audiovisual<\/a><\/p>\n<p>Tamb\u00e9 hi trobareu <a href=\"http:\/\/xtec.gencat.cat\/ca\/centres\/alscentres\/premis\/jocsflorals\/2122\/\" target=\"_blank\" rel=\"noopener\">recursos per a l&#8217;escriptura<\/a><\/p>\n<p><span style=\"font-family: inherit; font-size: 1em;\">Acc\u00e9s a les <\/span><a style=\"font-family: inherit; font-size: 1em;\" href=\"https:\/\/sites.google.com\/site\/seselva1\/Home\/eines-de-dinamitzaci\/jocsfloralsdecatalunya\">edicions d&#8217;altres anys<\/a><\/p>\n<h4><span style=\"color: #ff6600;\"><strong>GUANYADORS D&#8217;AQUESTA EDICI\u00d3<\/strong><\/span><\/h4>\n<p><iframe src=\"https:\/\/docs.google.com\/document\/d\/e\/2PACX-1vQXc9ZK3eNj_gCY9cUUG1ZZCVDOoNg5ggx7SjI-5e91ix-mxx1UNaN3Cx-q44QRxA\/pub?embedded=true\"><\/iframe><br \/>\nL&#8217;ENHORABONA ALS GUANYADORS DE GIRONA, EL GRUP DE 3R DE PRIM\u00c0RIA DE L&#8217;ESCOLA JOSEP BOADA DE RIUDARENES. MOLTES FELICITATS!<\/p>\n<h4><a href=\"https:\/\/docs.google.com\/document\/d\/1h7MBk54k1gswSaz09uwDncPR37FjrOve\/edit?usp=sharing&amp;ouid=112608042752759412857&amp;rtpof=true&amp;sd=true\" target=\"_blank\" rel=\"noopener\"><span style=\"color: #ff6600;\">FINALISTES DELS IX JOCS FLORALS<\/span><\/a><\/h4>\n<p><a href=\"https:\/\/serveiseducatius.xtec.cat\/selva1\/wp-content\/uploads\/usu773\/2022\/06\/Captura.png\"><img loading=\"lazy\" decoding=\"async\" class=\"size-medium wp-image-5087 alignleft\" src=\"https:\/\/serveiseducatius.xtec.cat\/selva1\/wp-content\/uploads\/usu773\/2022\/06\/Captura-300x196.png\" alt=\"\" width=\"300\" height=\"196\" srcset=\"https:\/\/serveiseducatius.xtec.cat\/selva1\/wp-content\/uploads\/usu773\/2022\/06\/Captura-300x196.png 300w, https:\/\/serveiseducatius.xtec.cat\/selva1\/wp-content\/uploads\/usu773\/2022\/06\/Captura.png 638w\" sizes=\"auto, (max-width: 300px) 100vw, 300px\" \/><\/a><\/p>\n<p style=\"text-align: justify;\"><strong>FELICITATS<\/strong> AL GRUP DE <strong>3r DE PRIM\u00c0RIA DE L&#8217;ESCOLA JOSEP BOADA<\/strong> DE RIUDARENES QUE HAN ESTAT <strong>FINALISTES<\/strong> A LA CATEGORIA B1 CM D&#8217;EDUCACI\u00d3 PRIM\u00c0RIA\u00a0 AMB L&#8217;OBRA<strong> L&#8217;ARBRE EMOCIONAL<\/strong><\/p>\n<p>&nbsp;<\/p>\n<p><strong>L&#8217;ENHORABONA TAMB\u00c9 A TOTS ELS CENTRES PARTICIPANTS!<\/strong><\/p>\n<h4><a href=\"https:\/\/photos.app.goo.gl\/LEz4itSi9JSLeG2fA\" target=\"_blank\" rel=\"noopener\">Imatges de l&#8217;acte a l&#8217;auditori de Santa Coloma de Farners<\/a><\/h4>\n<h4><span style=\"color: #ff6600;\"><strong>GUANYADORS DE LA ZONA:<\/strong><\/span><\/h4>\n<p><strong>Escola Gaspar de Queralt &#8211; Amer:<\/strong><\/p>\n<ul>\n<li>Categoria A2 poesia: <span style=\"font-weight: 400;\">David Discua Esp\u00edgol, Basma Jafri Garzoum i Pere Montserrat Vil\u00e0 amb l&#8217;obra &#8220;<strong>Les estacions de l&#8217;any<\/strong>&#8221;<br \/>\n<\/span><\/li>\n<li>Categoria B2 poesia: Eira Arnau Roura, <span style=\"font-weight: 400;\">Rania Belhi Abdedaim i<\/span><span style=\"font-weight: 400;\">Ona Gayol\u00e0 Cullell amb l&#8217;obra &#8220;<strong>La guerra d\u2019Ucra\u00efna <\/strong>&#8220;<\/span><\/li>\n<li>Categoria C2 poesia : Mart\u00ed Clar\u00e0 Madeo, Marwane Mehdaoui,<span style=\"font-weight: 400;\">Oriol Sidera Moreno i <\/span><span style=\"font-weight: 400;\">Harkirat Singh amb l&#8217;obra &#8220;<strong>La mort i la tristesa<\/strong>&#8220;<\/span><\/li>\n<\/ul>\n<p><strong style=\"font-family: inherit; font-size: 1em;\">Escola Josep Boada<\/strong><\/p>\n<ul>\n<li>Categoria B1 prosa: 3r , amb l&#8217;obra &#8220;<strong>L&#8217;arbre emocional<\/strong>&#8220;<\/li>\n<\/ul>\n<p><strong style=\"font-family: inherit; font-size: 1em;\">FEDAC Angl\u00e8s<\/strong><\/p>\n<ul>\n<li>Categoria C1 prosa: Irune C\u00e0rdenas, Soulaiman Serroukh,<span style=\"font-weight: 400;\">\u00a0\u00c8ric Palacios i Roger Ribas, amb l&#8217;obra &#8220;<strong>El problema del meu pare<\/strong>&#8220;<\/span><\/li>\n<\/ul>\n<p><strong>MOLTES FELICITATS A TOTHOM!<\/strong><\/p>\n<h4 class=\"sites-embed-title\"><span style=\"color: #000000;\">Formulari d&#8217;inscripci\u00f3 i de tramesa dels treballs seleccionats:<\/span><\/h4>\n<p><span style=\"color: #000000;\">Entre el 14 de febrer i el 2 de maig<\/span><\/p>\n<ul>\n<li><strong><a href=\"https:\/\/docs.google.com\/forms\/d\/e\/1FAIpQLSf48U1ZDJn116EgjV9H9qN5tafeQuVadqOCA0ZltV8L2XmV-A\/viewform\" target=\"_blank\" rel=\"noopener\">Omplir formulari d&#8217;inscripci\u00f3 i lliurar els treballs seleccionats del centre<\/a><\/strong><\/li>\n<li><strong><a href=\"https:\/\/docs.google.com\/spreadsheets\/d\/e\/2PACX-1vQ5dpa9Gl_KQ3V8Z48XdebFP5V9Wm9BNWRWw1NUG6_qjgife01PN70s4Y12ZXZZmDJKmlm0JrYqO-IK\/pubhtml?gid=422951675&amp;single=true\" target=\"_blank\" rel=\"noopener\">Comprovar els lliuraments fets<\/a><\/strong><\/li>\n<\/ul>\n","protected":false},"excerpt":{"rendered":"<p>IX Jocs Florals Escolars El Departament d\u2019Educaci\u00f3 convoca els IX Jocs Florals Escolars de Catalunya amb l\u2019objectiu de promoure l\u2019escriptura tant en prosa com en poesia en infants i joves de sis a divuit anys. La categoria del conte il\u00b7lustrat est\u00e0 adre\u00e7ada a l\u2019alumnat de prim\u00e0ria de centres ordinaris i tamb\u00e9 d\u2019educaci\u00f3 especial. El prop\u00f2sit [&hellip;]<\/p>\n","protected":false},"author":1,"featured_media":0,"parent":0,"menu_order":0,"comment_status":"closed","ping_status":"closed","template":"","meta":{"_bbp_topic_count":0,"_bbp_reply_count":0,"_bbp_total_topic_count":0,"_bbp_total_reply_count":0,"_bbp_voice_count":0,"_bbp_anonymous_reply_count":0,"_bbp_topic_count_hidden":0,"_bbp_reply_count_hidden":0,"_bbp_forum_subforum_count":0,"site-sidebar-layout":"default","site-content-layout":"","ast-site-content-layout":"","site-content-style":"default","site-sidebar-style":"default","ast-global-header-display":"","ast-banner-title-visibility":"","ast-main-header-display":"","ast-hfb-above-header-display":"","ast-hfb-below-header-display":"","ast-hfb-mobile-header-display":"","site-post-title":"","ast-breadcrumbs-content":"","ast-featured-img":"","footer-sml-layout":"","theme-transparent-header-meta":"","adv-header-id-meta":"","stick-header-meta":"","header-above-stick-meta":"","header-main-stick-meta":"","header-below-stick-meta":"","astra-migrate-meta-layouts":"default","ast-page-background-enabled":"default","ast-page-background-meta":{"desktop":{"background-color":"var(--ast-global-color-4)","background-image":"","background-repeat":"repeat","background-position":"center center","background-size":"auto","background-attachment":"scroll","background-type":"","background-media":"","overlay-type":"","overlay-color":"","overlay-opacity":"","overlay-gradient":""},"tablet":{"background-color":"","background-image":"","background-repeat":"repeat","background-position":"center center","background-size":"auto","background-attachment":"scroll","background-type":"","background-media":"","overlay-type":"","overlay-color":"","overlay-opacity":"","overlay-gradient":""},"mobile":{"background-color":"","background-image":"","background-repeat":"repeat","background-position":"center center","background-size":"auto","background-attachment":"scroll","background-type":"","background-media":"","overlay-type":"","overlay-color":"","overlay-opacity":"","overlay-gradient":""}},"ast-content-background-meta":{"desktop":{"background-color":"var(--ast-global-color-5)","background-image":"","background-repeat":"repeat","background-position":"center center","background-size":"auto","background-attachment":"scroll","background-type":"","background-media":"","overlay-type":"","overlay-color":"","overlay-opacity":"","overlay-gradient":""},"tablet":{"background-color":"var(--ast-global-color-5)","background-image":"","background-repeat":"repeat","background-position":"center center","background-size":"auto","background-attachment":"scroll","background-type":"","background-media":"","overlay-type":"","overlay-color":"","overlay-opacity":"","overlay-gradient":""},"mobile":{"background-color":"var(--ast-global-color-5)","background-image":"","background-repeat":"repeat","background-position":"center center","background-size":"auto","background-attachment":"scroll","background-type":"","background-media":"","overlay-type":"","overlay-color":"","overlay-opacity":"","overlay-gradient":""}},"footnotes":""},"class_list":["post-4563","page","type-page","status-publish","hentry"],"post_mailing_queue_ids":[],"_links":{"self":[{"href":"https:\/\/serveiseducatius.xtec.cat\/selva1\/wp-json\/wp\/v2\/pages\/4563","targetHints":{"allow":["GET"]}}],"collection":[{"href":"https:\/\/serveiseducatius.xtec.cat\/selva1\/wp-json\/wp\/v2\/pages"}],"about":[{"href":"https:\/\/serveiseducatius.xtec.cat\/selva1\/wp-json\/wp\/v2\/types\/page"}],"author":[{"embeddable":true,"href":"https:\/\/serveiseducatius.xtec.cat\/selva1\/wp-json\/wp\/v2\/users\/1"}],"replies":[{"embeddable":true,"href":"https:\/\/serveiseducatius.xtec.cat\/selva1\/wp-json\/wp\/v2\/comments?post=4563"}],"version-history":[{"count":4,"href":"https:\/\/serveiseducatius.xtec.cat\/selva1\/wp-json\/wp\/v2\/pages\/4563\/revisions"}],"predecessor-version":[{"id":5156,"href":"https:\/\/serveiseducatius.xtec.cat\/selva1\/wp-json\/wp\/v2\/pages\/4563\/revisions\/5156"}],"wp:attachment":[{"href":"https:\/\/serveiseducatius.xtec.cat\/selva1\/wp-json\/wp\/v2\/media?parent=4563"}],"curies":[{"name":"wp","href":"https:\/\/api.w.org\/{rel}","templated":true}]}}