{"id":4015,"date":"2021-10-28T09:00:39","date_gmt":"2021-10-28T07:00:39","guid":{"rendered":"https:\/\/serveiseducatius.xtec.cat\/selva1\/?page_id=4015"},"modified":"2025-09-09T09:39:22","modified_gmt":"2025-09-09T07:39:22","slug":"gestio-administrativa-esfera","status":"publish","type":"page","link":"https:\/\/serveiseducatius.xtec.cat\/selva1\/gestio-administrativa-esfera\/","title":{"rendered":"Gesti\u00f3 administrativa. Esfera"},"content":{"rendered":"<div><\/div>\n<div>\n<table style=\"border-collapse: collapse; width: 96.4072%; height: 724px;\">\n<thead>\n<tr style=\"height: 279px;\">\n<td style=\"width: 97.6476%; height: 234px;\" colspan=\"2\">\n<h1 style=\"text-align: center;\" data-wp-editing=\"1\"><a href=\"https:\/\/serveiseducatius.xtec.cat\/selva1\/wp-content\/uploads\/usu773\/2020\/09\/esfera_1.png\"><img loading=\"lazy\" decoding=\"async\" class=\"wp-image-1465 alignleft\" src=\"https:\/\/serveiseducatius.xtec.cat\/selva1\/wp-content\/uploads\/usu773\/2020\/09\/esfera_1.png\" alt=\"\" width=\"139\" height=\"139\" srcset=\"https:\/\/serveiseducatius.xtec.cat\/selva1\/wp-content\/uploads\/usu773\/2020\/09\/esfera_1.png 256w, https:\/\/serveiseducatius.xtec.cat\/selva1\/wp-content\/uploads\/usu773\/2020\/09\/esfera_1-150x150.png 150w\" sizes=\"auto, (max-width: 139px) 100vw, 139px\" \/><\/a>GESTI\u00d3 ADMINISTRATIVA<\/h1>\n<h1 style=\"text-align: center;\" data-wp-editing=\"1\">TROBADES DE SECRETARIS \/ESFER@<\/h1>\n<\/td>\n<\/tr>\n<tr style=\"height: 144px;\">\n<td style=\"height: 39px; width: 97.6476%;\" colspan=\"2\">\n<h2 style=\"text-align: center;\"><strong><a href=\"http:\/\/meet.google.com\/jxi-qkyw-eiv\" target=\"_blank\" rel=\"noopener\"><img loading=\"lazy\" decoding=\"async\" class=\"wp-image-3420 alignleft\" src=\"https:\/\/serveiseducatius.xtec.cat\/selva1\/wp-content\/uploads\/usu773\/2021\/09\/aula-virtual-300x246.png\" alt=\"\" width=\"112\" height=\"92\" srcset=\"https:\/\/serveiseducatius.xtec.cat\/selva1\/wp-content\/uploads\/usu773\/2021\/09\/aula-virtual-300x250.png 300w, https:\/\/serveiseducatius.xtec.cat\/selva1\/wp-content\/uploads\/usu773\/2021\/09\/aula-virtual-1024x838.png 1024w, https:\/\/serveiseducatius.xtec.cat\/selva1\/wp-content\/uploads\/usu773\/2021\/09\/aula-virtual-768x629.png 768w, https:\/\/serveiseducatius.xtec.cat\/selva1\/wp-content\/uploads\/usu773\/2021\/09\/aula-virtual.png 1245w\" sizes=\"auto, (max-width: 112px) 100vw, 112px\" \/><\/a><span style=\"color: #cc99ff;\">Gesti\u00f3 administrativa<\/span><\/strong><\/h2>\n<h2 style=\"text-align: center;\"><span style=\"color: #ff9900;\"><strong><span style=\"color: #800080;\"><span style=\"color: #cc99ff;\">Trobades de suport Esfer@<\/span><\/span>\u00a0\u00a0<\/strong><\/span><\/h2>\n<\/td>\n<\/tr>\n<\/thead>\n<tbody>\n<tr style=\"height: 45px;\">\n<td style=\"width: 97.6476%; height: 45px;\" colspan=\"2\">\n<h5 style=\"text-align: center;\"><a href=\"https:\/\/projectes.xtec.cat\/nou-curriculum\/educacio-basica\/\" target=\"_blank\" rel=\"noopener\">GUIA PR\u00c0CTICA NOU CURR\u00cdCULUM<\/a><\/h5>\n<\/td>\n<\/tr>\n<tr style=\"height: 57px;\">\n<td style=\"width: 49.1713%; height: 57px;\">\n<h4 style=\"text-align: center;\"><a href=\"https:\/\/docs.google.com\/document\/d\/10CJFm4d87ducokFI355iP9S_VAztPGIRoFmA8sI8gOc\/edit\" target=\"_blank\" rel=\"noopener\">1\u00aa coordinaci\u00f3:<\/a><\/h4>\n<\/td>\n<td style=\"width: 48.4763%; height: 57px;\">\n<h4 style=\"text-align: center;\">22\/10\/2025<\/h4>\n<h5 style=\"text-align: center;\">Avaluaci\u00f3 trimestral.<\/h5>\n<p style=\"text-align: center;\"><a href=\"https:\/\/drive.google.com\/drive\/folders\/1C_ji_RRZMCeZnCROJccdeF26LM37p74u?usp=sharing\" target=\"_blank\" rel=\"noopener\"><strong>APUNTS I MATERIALS DE LA SESSI\u00d3<\/strong><\/a><\/p>\n<\/td>\n<\/tr>\n<tr style=\"height: 57px;\">\n<td style=\"width: 49.1713%; height: 57px;\">\n<h4 style=\"text-align: center;\">2\u00aa\u00a0coordinaci\u00f3:<\/h4>\n<\/td>\n<td style=\"width: 48.4763%; height: 57px;\">\n<h4 style=\"text-align: center;\">26\/11\/2025<\/h4>\n<h5 style=\"text-align: center;\">Gesti\u00f3 econ\u00f2mica i dubtes de la primera sessi\u00f3<\/h5>\n<h5 style=\"text-align: center;\">Apunts i materials de la sessi\u00f3<\/h5>\n<\/td>\n<\/tr>\n<tr style=\"height: 57px;\">\n<td style=\"width: 49.1713%; height: 57px;\">\n<h4 style=\"text-align: center;\">3\u00aa\u00a0coordinaci\u00f3:<\/h4>\n<\/td>\n<td style=\"width: 48.4763%; height: 57px;\">\n<h4 style=\"text-align: center;\">21\/01\/2026<\/h4>\n<h5 style=\"text-align: center;\">\u00a0Gesti\u00f3 econ\u00f2mica. <a href=\"https:\/\/docs.google.com\/document\/d\/1ShCsK-c2zPJhleikDs1WEhG1Qxc9BKRxlerOAnh5DCg\/edit?tab=t.0\">Apunts<\/a><\/h5>\n<\/td>\n<\/tr>\n<tr style=\"height: 57px;\">\n<td style=\"width: 49.1713%; height: 57px;\">\n<h4 style=\"text-align: center;\">4\u00aa coordinaci\u00f3:<\/h4>\n<\/td>\n<td style=\"width: 48.4763%; height: 57px;\">\n<h4 style=\"text-align: center;\">13\/05\/2026<\/h4>\n<h5 style=\"text-align: center;\">\u00a0<a href=\"https:\/\/docs.google.com\/document\/d\/1H0c-ttvoS5fxpjFJ4r-OirGwk4BJ_Chr\/edit?usp=sharing&amp;ouid=103228069993501920904&amp;rtpof=true&amp;sd=true\" target=\"_blank\" rel=\"noopener\">Documentaci\u00f3 oficial esfer@.\u00a0<\/a><\/h5>\n<\/td>\n<\/tr>\n<tr style=\"height: 57px;\">\n<td style=\"width: 97.6476%; height: 57px;\" colspan=\"2\">\n<h5 style=\"text-align: center;\">Es tractaran temes paral\u00b7lels, com les gestions Hisenda (models), arxiu digital de la documentaci\u00f3 de centre&#8230;<b><\/b><\/h5>\n<h1><\/h1>\n<h1 style=\"text-align: center;\"><strong><a href=\"https:\/\/docs.google.com\/spreadsheets\/d\/e\/2PACX-1vTIP9zWkgEb8vZtRtunzJAGQBvRYUl9BmWSDhRASVdfVpR-V22Tin--dymRMlnXsDgZ2gICPVvFX0LL\/pubhtml?gid=2&amp;single=true\" target=\"_blank\" rel=\"noopener\">\u00a0AVALUACI\u00d3 FORMACI\u00d3<\/a><\/strong><\/h1>\n<p>&nbsp;<\/td>\n<\/tr>\n<tr style=\"height: 47px;\">\n<td style=\"height: 47px; width: 97.6476%;\" colspan=\"2\">\n<h3 style=\"text-align: center;\"><b>Horari<\/b>: 15.05 a 17<\/h3>\n<h4 style=\"text-align: center;\">Aquesta activitat forma part del PFZ Selva I 2025-26<\/h4>\n<\/td>\n<\/tr>\n<tr style=\"height: 245px;\">\n<td style=\"width: 97.6476%; height: 74px;\" colspan=\"2\"><a href=\"https:\/\/drive.google.com\/file\/d\/1bOlajDA3SivVmTK-5sDHkZSLPVABPOLG\/view?usp=sharing\" target=\"_blank\" rel=\"noopener\"><img loading=\"lazy\" decoding=\"async\" class=\"alignnone size-medium wp-image-4021\" src=\"https:\/\/serveiseducatius.xtec.cat\/selva1\/wp-content\/uploads\/usu773\/2021\/10\/2-Captura-1-300x115.png\" alt=\"\" width=\"300\" height=\"115\" srcset=\"https:\/\/serveiseducatius.xtec.cat\/selva1\/wp-content\/uploads\/usu773\/2021\/10\/2-Captura-1-300x115.png 300w, https:\/\/serveiseducatius.xtec.cat\/selva1\/wp-content\/uploads\/usu773\/2021\/10\/2-Captura-1.png 305w\" sizes=\"auto, (max-width: 300px) 100vw, 300px\" \/><\/a> <a href=\"https:\/\/drive.google.com\/file\/d\/1lZaDsmmR14_gMdGwbOhPuo60oiHdaxQ6\/view?usp=sharing\" target=\"_blank\" rel=\"noopener\"><img loading=\"lazy\" decoding=\"async\" class=\"alignnone size-full wp-image-4020\" src=\"https:\/\/serveiseducatius.xtec.cat\/selva1\/wp-content\/uploads\/usu773\/2021\/10\/Captura-25.png\" alt=\"\" width=\"291\" height=\"112\" \/><\/a><a href=\"https:\/\/drive.google.com\/drive\/u\/2\/folders\/0B1G0hTWpYTBfQ2N4Y0VtZi1JSmM?resourcekey=0-1znjd4RB-GdGK7uaQ-htgg\" target=\"_blank\" rel=\"noopener\">\u00a0 <\/a><a href=\"https:\/\/drive.google.com\/drive\/u\/2\/folders\/0B1G0hTWpYTBfQ2N4Y0VtZi1JSmM?resourcekey=0-1znjd4RB-GdGK7uaQ-htgg\" target=\"_blank\" rel=\"noopener\">\u00a0\u00a0\u00a0\u00a0\u00a0\u00a0\u00a0\u00a0\u00a0<\/a><a href=\"https:\/\/drive.google.com\/drive\/u\/2\/folders\/0B1G0hTWpYTBfQ2N4Y0VtZi1JSmM?resourcekey=0-1znjd4RB-GdGK7uaQ-htgg\" target=\"_blank\" rel=\"noopener\"><img loading=\"lazy\" decoding=\"async\" class=\"alignnone wp-image-4103\" src=\"https:\/\/serveiseducatius.xtec.cat\/selva1\/wp-content\/uploads\/usu773\/2021\/11\/carpeta-drive.jpg\" alt=\"\" width=\"122\" height=\"85\" \/><\/a><a href=\"https:\/\/docs.google.com\/document\/d\/1OP6UePCkBQhj_wtJk9kMacRlUrFK8l-mbqGrha9bZMk\/edit\" target=\"_blank\" rel=\"noopener\"><img loading=\"lazy\" decoding=\"async\" class=\"alignnone wp-image-4106 size-full\" src=\"https:\/\/serveiseducatius.xtec.cat\/selva1\/wp-content\/uploads\/usu773\/2021\/11\/captura-2.png\" alt=\"\" width=\"298\" height=\"120\" \/><\/a><\/td>\n<\/tr>\n<\/tbody>\n<\/table>\n<\/div>\n<div><\/div>\n<div>\n<div class=\"sites-embed-content sites-embed-type-text\">\n<div class=\"sites-embed-content-textbox\">\n<div dir=\"ltr\"><\/div>\n<\/div>\n<\/div>\n<\/div>\n","protected":false},"excerpt":{"rendered":"<p>GESTI\u00d3 ADMINISTRATIVA TROBADES DE SECRETARIS \/ESFER@ Gesti\u00f3 administrativa Trobades de suport Esfer@\u00a0\u00a0 GUIA PR\u00c0CTICA NOU CURR\u00cdCULUM 1\u00aa coordinaci\u00f3: 22\/10\/2025 Avaluaci\u00f3 trimestral. APUNTS I MATERIALS DE LA SESSI\u00d3 2\u00aa\u00a0coordinaci\u00f3: 26\/11\/2025 Gesti\u00f3 econ\u00f2mica i dubtes de la primera sessi\u00f3 Apunts i materials de la sessi\u00f3 3\u00aa\u00a0coordinaci\u00f3: 21\/01\/2026 \u00a0Gesti\u00f3 econ\u00f2mica. Apunts 4\u00aa coordinaci\u00f3: 13\/05\/2026 \u00a0Documentaci\u00f3 oficial esfer@.\u00a0 Es [&hellip;]<\/p>\n","protected":false},"author":1,"featured_media":0,"parent":0,"menu_order":0,"comment_status":"closed","ping_status":"closed","template":"","meta":{"_bbp_topic_count":0,"_bbp_reply_count":0,"_bbp_total_topic_count":0,"_bbp_total_reply_count":0,"_bbp_voice_count":0,"_bbp_anonymous_reply_count":0,"_bbp_topic_count_hidden":0,"_bbp_reply_count_hidden":0,"_bbp_forum_subforum_count":0,"site-sidebar-layout":"default","site-content-layout":"","ast-site-content-layout":"","site-content-style":"default","site-sidebar-style":"default","ast-global-header-display":"","ast-banner-title-visibility":"","ast-main-header-display":"","ast-hfb-above-header-display":"","ast-hfb-below-header-display":"","ast-hfb-mobile-header-display":"","site-post-title":"","ast-breadcrumbs-content":"","ast-featured-img":"","footer-sml-layout":"","theme-transparent-header-meta":"","adv-header-id-meta":"","stick-header-meta":"","header-above-stick-meta":"","header-main-stick-meta":"","header-below-stick-meta":"","astra-migrate-meta-layouts":"default","ast-page-background-enabled":"default","ast-page-background-meta":{"desktop":{"background-color":"var(--ast-global-color-4)","background-image":"","background-repeat":"repeat","background-position":"center center","background-size":"auto","background-attachment":"scroll","background-type":"","background-media":"","overlay-type":"","overlay-color":"","overlay-opacity":"","overlay-gradient":""},"tablet":{"background-color":"","background-image":"","background-repeat":"repeat","background-position":"center center","background-size":"auto","background-attachment":"scroll","background-type":"","background-media":"","overlay-type":"","overlay-color":"","overlay-opacity":"","overlay-gradient":""},"mobile":{"background-color":"","background-image":"","background-repeat":"repeat","background-position":"center center","background-size":"auto","background-attachment":"scroll","background-type":"","background-media":"","overlay-type":"","overlay-color":"","overlay-opacity":"","overlay-gradient":""}},"ast-content-background-meta":{"desktop":{"background-color":"var(--ast-global-color-5)","background-image":"","background-repeat":"repeat","background-position":"center center","background-size":"auto","background-attachment":"scroll","background-type":"","background-media":"","overlay-type":"","overlay-color":"","overlay-opacity":"","overlay-gradient":""},"tablet":{"background-color":"var(--ast-global-color-5)","background-image":"","background-repeat":"repeat","background-position":"center center","background-size":"auto","background-attachment":"scroll","background-type":"","background-media":"","overlay-type":"","overlay-color":"","overlay-opacity":"","overlay-gradient":""},"mobile":{"background-color":"var(--ast-global-color-5)","background-image":"","background-repeat":"repeat","background-position":"center center","background-size":"auto","background-attachment":"scroll","background-type":"","background-media":"","overlay-type":"","overlay-color":"","overlay-opacity":"","overlay-gradient":""}},"footnotes":""},"class_list":["post-4015","page","type-page","status-publish","hentry"],"post_mailing_queue_ids":[],"_links":{"self":[{"href":"https:\/\/serveiseducatius.xtec.cat\/selva1\/wp-json\/wp\/v2\/pages\/4015","targetHints":{"allow":["GET"]}}],"collection":[{"href":"https:\/\/serveiseducatius.xtec.cat\/selva1\/wp-json\/wp\/v2\/pages"}],"about":[{"href":"https:\/\/serveiseducatius.xtec.cat\/selva1\/wp-json\/wp\/v2\/types\/page"}],"author":[{"embeddable":true,"href":"https:\/\/serveiseducatius.xtec.cat\/selva1\/wp-json\/wp\/v2\/users\/1"}],"replies":[{"embeddable":true,"href":"https:\/\/serveiseducatius.xtec.cat\/selva1\/wp-json\/wp\/v2\/comments?post=4015"}],"version-history":[{"count":7,"href":"https:\/\/serveiseducatius.xtec.cat\/selva1\/wp-json\/wp\/v2\/pages\/4015\/revisions"}],"predecessor-version":[{"id":11376,"href":"https:\/\/serveiseducatius.xtec.cat\/selva1\/wp-json\/wp\/v2\/pages\/4015\/revisions\/11376"}],"wp:attachment":[{"href":"https:\/\/serveiseducatius.xtec.cat\/selva1\/wp-json\/wp\/v2\/media?parent=4015"}],"curies":[{"name":"wp","href":"https:\/\/api.w.org\/{rel}","templated":true}]}}