{"id":3938,"date":"2021-10-19T16:27:14","date_gmt":"2021-10-19T14:27:14","guid":{"rendered":"https:\/\/serveiseducatius.xtec.cat\/selva1\/?page_id=3938"},"modified":"2022-11-16T12:29:04","modified_gmt":"2022-11-16T11:29:04","slug":"lespai-de-les-biblioteques-escolars","status":"publish","type":"page","link":"https:\/\/serveiseducatius.xtec.cat\/selva1\/lespai-de-les-biblioteques-escolars\/","title":{"rendered":"L&#8217;ESPAI DE LES BIBLIOTEQUES ESCOLARS"},"content":{"rendered":"<div><\/div>\n<div>\n<table style=\"border-collapse: collapse; width: 96.4072%; height: 299px;\">\n<thead>\n<tr style=\"height: 279px;\">\n<td style=\"width: 97.6476%; height: 279px;\" colspan=\"2\">\n<h1 style=\"text-align: center;\" data-wp-editing=\"1\"><a href=\"https:\/\/sites.google.com\/view\/espai-biblioteques-escolars\/p%C3%A0gina-principal\" target=\"_blank\" rel=\"noopener\"><img loading=\"lazy\" decoding=\"async\" class=\"size-full wp-image-3939 alignleft\" src=\"https:\/\/serveiseducatius.xtec.cat\/selva1\/wp-content\/uploads\/usu773\/2021\/10\/Captura-18.png\" alt=\"\" width=\"122\" height=\"118\" \/><\/a><a href=\"https:\/\/sites.google.com\/view\/espaibibliotequesescolars\/p%C3%A0gina-principal\" target=\"_blank\" rel=\"noopener\">L&#8217;ESPAI DE LES BIBLIOTEQUES ESCOLARS<\/a><\/h1>\n<h5 dir=\"ltr\" style=\"text-align: center;\">Benvingut, benvinguda a l&#8217;entorn de dinamitzaci\u00f3 Biblioteca escolar del SE de la Selva I.<\/h5>\n<h5 style=\"text-align: center;\"><\/h5>\n<h5 dir=\"ltr\" style=\"text-align: center;\">Aquest espai es posa al servei de tots els centres educatius de la zona per donar suport a l&#8217;organitzaci\u00f3 i animaci\u00f3 de la biblioteca escolar com a espai d&#8217;aprenentatge.<\/h5>\n<h5 dir=\"ltr\" style=\"text-align: center;\">Hi trobar\u00e0s diferents tipus de recursos, tots ells pensats perqu\u00e8 et puguin ser \u00fatils a l&#8217;hora d&#8217;organitzar i\/o dinamitzar la biblioteca del centre o aula.<\/h5>\n<\/td>\n<\/tr>\n<tr style=\"height: 144px;\">\n<td style=\"height: 10px; width: 97.6476%;\" colspan=\"2\"><\/td>\n<\/tr>\n<\/thead>\n<tbody>\n<tr style=\"height: 245px;\">\n<td style=\"width: 97.6476%; height: 10px;\" colspan=\"2\"><a href=\"http:\/\/www.scf.cat\/\" target=\"_blank\" rel=\"noopener\"><img loading=\"lazy\" decoding=\"async\" class=\"alignnone wp-image-3797\" src=\"https:\/\/serveiseducatius.xtec.cat\/selva1\/wp-content\/uploads\/usu773\/2021\/10\/Ajuntament.png\" alt=\"\" width=\"173\" height=\"83\" \/><\/a>\u00a0 \u00a0 <a href=\"https:\/\/www.bibgirona.cat\/biblioteca\/santa-coloma-de-farners\/opac\" target=\"_blank\" rel=\"noopener\"><img loading=\"lazy\" decoding=\"async\" class=\"alignnone wp-image-3464\" src=\"https:\/\/serveiseducatius.xtec.cat\/selva1\/wp-content\/uploads\/usu773\/2021\/09\/Biblio-J-Vinyoli-300x121.png\" alt=\"\" width=\"151\" height=\"61\" srcset=\"https:\/\/serveiseducatius.xtec.cat\/selva1\/wp-content\/uploads\/usu773\/2021\/09\/Biblio-J-Vinyoli-300x121.png 300w, https:\/\/serveiseducatius.xtec.cat\/selva1\/wp-content\/uploads\/usu773\/2021\/09\/Biblio-J-Vinyoli-768x310.png 768w, https:\/\/serveiseducatius.xtec.cat\/selva1\/wp-content\/uploads\/usu773\/2021\/09\/Biblio-J-Vinyoli.png 810w\" sizes=\"auto, (max-width: 151px) 100vw, 151px\" \/><\/a><a href=\"https:\/\/serveiseducatius.xtec.cat\/selva1\/wp-content\/uploads\/usu773\/2021\/12\/Amer.jpg\"><img loading=\"lazy\" decoding=\"async\" class=\"alignnone wp-image-4307\" src=\"https:\/\/serveiseducatius.xtec.cat\/selva1\/wp-content\/uploads\/usu773\/2021\/12\/Amer.jpg\" alt=\"\" width=\"200\" height=\"105\" \/><\/a><a href=\"https:\/\/serveiseducatius.xtec.cat\/selva1\/wp-content\/uploads\/usu773\/2021\/12\/Angles.jpg\"><img loading=\"lazy\" decoding=\"async\" class=\"alignnone wp-image-4308\" src=\"https:\/\/serveiseducatius.xtec.cat\/selva1\/wp-content\/uploads\/usu773\/2021\/12\/Angles-300x148.jpg\" alt=\"\" width=\"139\" height=\"68\" srcset=\"https:\/\/serveiseducatius.xtec.cat\/selva1\/wp-content\/uploads\/usu773\/2021\/12\/Angles-300x148.jpg 300w, https:\/\/serveiseducatius.xtec.cat\/selva1\/wp-content\/uploads\/usu773\/2021\/12\/Angles.jpg 320w\" sizes=\"auto, (max-width: 139px) 100vw, 139px\" \/><\/a><a href=\"https:\/\/serveiseducatius.xtec.cat\/selva1\/wp-content\/uploads\/usu773\/2021\/12\/Bonmati.png\"><img loading=\"lazy\" decoding=\"async\" class=\"alignnone wp-image-4309\" src=\"https:\/\/serveiseducatius.xtec.cat\/selva1\/wp-content\/uploads\/usu773\/2021\/12\/Bonmati-300x134.png\" alt=\"\" width=\"190\" height=\"85\" srcset=\"https:\/\/serveiseducatius.xtec.cat\/selva1\/wp-content\/uploads\/usu773\/2021\/12\/Bonmati-300x134.png 300w, https:\/\/serveiseducatius.xtec.cat\/selva1\/wp-content\/uploads\/usu773\/2021\/12\/Bonmati.png 336w\" sizes=\"auto, (max-width: 190px) 100vw, 190px\" \/><\/a><\/p>\n<p><a href=\"https:\/\/serveiseducatius.xtec.cat\/selva1\/wp-content\/uploads\/usu773\/2021\/12\/Cellera.png\"><img loading=\"lazy\" decoding=\"async\" class=\"alignnone wp-image-4310\" src=\"https:\/\/serveiseducatius.xtec.cat\/selva1\/wp-content\/uploads\/usu773\/2021\/12\/Cellera.png\" alt=\"\" width=\"197\" height=\"82\" \/><\/a><a href=\"https:\/\/serveiseducatius.xtec.cat\/selva1\/wp-content\/uploads\/usu773\/2021\/12\/Riudarenes.png\"><img loading=\"lazy\" decoding=\"async\" class=\"alignnone wp-image-4311\" src=\"https:\/\/serveiseducatius.xtec.cat\/selva1\/wp-content\/uploads\/usu773\/2021\/12\/Riudarenes-300x148.png\" alt=\"\" width=\"150\" height=\"74\" srcset=\"https:\/\/serveiseducatius.xtec.cat\/selva1\/wp-content\/uploads\/usu773\/2021\/12\/Riudarenes-300x148.png 300w, https:\/\/serveiseducatius.xtec.cat\/selva1\/wp-content\/uploads\/usu773\/2021\/12\/Riudarenes.png 320w\" sizes=\"auto, (max-width: 150px) 100vw, 150px\" \/><\/a><a href=\"https:\/\/serveiseducatius.xtec.cat\/selva1\/wp-content\/uploads\/usu773\/2021\/12\/St-Hilari.png\"><img loading=\"lazy\" decoding=\"async\" class=\"alignnone wp-image-4312\" src=\"https:\/\/serveiseducatius.xtec.cat\/selva1\/wp-content\/uploads\/usu773\/2021\/12\/St-Hilari.png\" alt=\"\" width=\"231\" height=\"129\" \/><\/a><\/td>\n<\/tr>\n<\/tbody>\n<\/table>\n<\/div>\n<div>\n<h2 style=\"text-align: center;\"><\/h2>\n<\/div>\n<div>\n<div class=\"sites-embed-content sites-embed-type-text\">\n<div class=\"sites-embed-content-textbox\">\n<div dir=\"ltr\"><\/div>\n<\/div>\n<\/div>\n<\/div>\n","protected":false},"excerpt":{"rendered":"<p>L&#8217;ESPAI DE LES BIBLIOTEQUES ESCOLARS Benvingut, benvinguda a l&#8217;entorn de dinamitzaci\u00f3 Biblioteca escolar del SE de la Selva I. Aquest espai es posa al servei de tots els centres educatius de la zona per donar suport a l&#8217;organitzaci\u00f3 i animaci\u00f3 de la biblioteca escolar com a espai d&#8217;aprenentatge. Hi trobar\u00e0s diferents tipus de recursos, tots [&hellip;]<\/p>\n","protected":false},"author":1,"featured_media":0,"parent":0,"menu_order":0,"comment_status":"closed","ping_status":"closed","template":"","meta":{"_bbp_topic_count":0,"_bbp_reply_count":0,"_bbp_total_topic_count":0,"_bbp_total_reply_count":0,"_bbp_voice_count":0,"_bbp_anonymous_reply_count":0,"_bbp_topic_count_hidden":0,"_bbp_reply_count_hidden":0,"_bbp_forum_subforum_count":0,"site-sidebar-layout":"default","site-content-layout":"","ast-site-content-layout":"","site-content-style":"default","site-sidebar-style":"default","ast-global-header-display":"","ast-banner-title-visibility":"","ast-main-header-display":"","ast-hfb-above-header-display":"","ast-hfb-below-header-display":"","ast-hfb-mobile-header-display":"","site-post-title":"","ast-breadcrumbs-content":"","ast-featured-img":"","footer-sml-layout":"","theme-transparent-header-meta":"","adv-header-id-meta":"","stick-header-meta":"","header-above-stick-meta":"","header-main-stick-meta":"","header-below-stick-meta":"","astra-migrate-meta-layouts":"default","ast-page-background-enabled":"default","ast-page-background-meta":{"desktop":{"background-color":"var(--ast-global-color-4)","background-image":"","background-repeat":"repeat","background-position":"center center","background-size":"auto","background-attachment":"scroll","background-type":"","background-media":"","overlay-type":"","overlay-color":"","overlay-opacity":"","overlay-gradient":""},"tablet":{"background-color":"","background-image":"","background-repeat":"repeat","background-position":"center center","background-size":"auto","background-attachment":"scroll","background-type":"","background-media":"","overlay-type":"","overlay-color":"","overlay-opacity":"","overlay-gradient":""},"mobile":{"background-color":"","background-image":"","background-repeat":"repeat","background-position":"center center","background-size":"auto","background-attachment":"scroll","background-type":"","background-media":"","overlay-type":"","overlay-color":"","overlay-opacity":"","overlay-gradient":""}},"ast-content-background-meta":{"desktop":{"background-color":"var(--ast-global-color-5)","background-image":"","background-repeat":"repeat","background-position":"center center","background-size":"auto","background-attachment":"scroll","background-type":"","background-media":"","overlay-type":"","overlay-color":"","overlay-opacity":"","overlay-gradient":""},"tablet":{"background-color":"var(--ast-global-color-5)","background-image":"","background-repeat":"repeat","background-position":"center center","background-size":"auto","background-attachment":"scroll","background-type":"","background-media":"","overlay-type":"","overlay-color":"","overlay-opacity":"","overlay-gradient":""},"mobile":{"background-color":"var(--ast-global-color-5)","background-image":"","background-repeat":"repeat","background-position":"center center","background-size":"auto","background-attachment":"scroll","background-type":"","background-media":"","overlay-type":"","overlay-color":"","overlay-opacity":"","overlay-gradient":""}},"footnotes":""},"class_list":["post-3938","page","type-page","status-publish","hentry"],"post_mailing_queue_ids":[],"_links":{"self":[{"href":"https:\/\/serveiseducatius.xtec.cat\/selva1\/wp-json\/wp\/v2\/pages\/3938","targetHints":{"allow":["GET"]}}],"collection":[{"href":"https:\/\/serveiseducatius.xtec.cat\/selva1\/wp-json\/wp\/v2\/pages"}],"about":[{"href":"https:\/\/serveiseducatius.xtec.cat\/selva1\/wp-json\/wp\/v2\/types\/page"}],"author":[{"embeddable":true,"href":"https:\/\/serveiseducatius.xtec.cat\/selva1\/wp-json\/wp\/v2\/users\/1"}],"replies":[{"embeddable":true,"href":"https:\/\/serveiseducatius.xtec.cat\/selva1\/wp-json\/wp\/v2\/comments?post=3938"}],"version-history":[{"count":3,"href":"https:\/\/serveiseducatius.xtec.cat\/selva1\/wp-json\/wp\/v2\/pages\/3938\/revisions"}],"predecessor-version":[{"id":6006,"href":"https:\/\/serveiseducatius.xtec.cat\/selva1\/wp-json\/wp\/v2\/pages\/3938\/revisions\/6006"}],"wp:attachment":[{"href":"https:\/\/serveiseducatius.xtec.cat\/selva1\/wp-json\/wp\/v2\/media?parent=3938"}],"curies":[{"name":"wp","href":"https:\/\/api.w.org\/{rel}","templated":true}]}}