{"id":3815,"date":"2021-10-11T15:57:17","date_gmt":"2021-10-11T13:57:17","guid":{"rendered":"https:\/\/serveiseducatius.xtec.cat\/selva1\/?page_id=3815"},"modified":"2025-10-16T12:54:58","modified_gmt":"2025-10-16T10:54:58","slug":"seminari-coordinadors-pedagogics","status":"publish","type":"page","link":"https:\/\/serveiseducatius.xtec.cat\/selva1\/seminari-coordinadors-pedagogics\/","title":{"rendered":"SEMINARI COORDINADORS PEDAG\u00d2GICS"},"content":{"rendered":"<div><\/div>\n<div>\n<table style=\"border-collapse: collapse; width: 96.4072%; height: 724px;\">\n<thead>\n<tr style=\"height: 279px;\">\n<td style=\"width: 97.6476%; height: 279px;\" colspan=\"2\">\n<h1 style=\"text-align: center;\" data-wp-editing=\"1\"><a href=\"https:\/\/sites.google.com\/view\/coordinadorspedagricssecundria\/p%C3%A0gina-principal\" target=\"_blank\" rel=\"noopener\"><img loading=\"lazy\" decoding=\"async\" class=\"size-full wp-image-3816 alignleft\" src=\"https:\/\/serveiseducatius.xtec.cat\/selva1\/wp-content\/uploads\/usu773\/2021\/10\/punt-trobda-1.png\" alt=\"\" width=\"133\" height=\"110\" \/><\/a><a href=\"https:\/\/sites.google.com\/view\/coordinadorspedagricssecundria\/p%C3%A0gina-principal-curs-25-26\" target=\"_blank\" rel=\"noopener\">Xa EDICI\u00d3 SEMINARI COORDINADORS PEDAG\u00d2GICS<\/a><\/h1>\n<h5 style=\"text-align: center;\">Seminari de coordinaci\u00f3. Adre\u00e7at a coordinadors\/es pedag\u00f2gics\/es dels centres d&#8217;Educaci\u00f3 Secund\u00e0ria de la nostra zona. S&#8217;hi tracten temes d&#8217;inter\u00e8s general i\/o de projectes destinats als centres.<\/h5>\n<h5 style=\"text-align: center;\"><\/h5>\n<\/td>\n<\/tr>\n<tr style=\"height: 144px;\">\n<td style=\"height: 39px; width: 97.6476%;\" colspan=\"2\">\n<h1 style=\"text-align: center;\">\u00a0<a href=\"https:\/\/serveiseducatius.xtec.cat\/selva1\/wp-content\/uploads\/usu773\/2021\/09\/aula-virtual.png\"><img loading=\"lazy\" decoding=\"async\" class=\"wp-image-3420 alignleft\" src=\"https:\/\/serveiseducatius.xtec.cat\/selva1\/wp-content\/uploads\/usu773\/2021\/09\/aula-virtual-300x246.png\" alt=\"\" width=\"112\" height=\"92\" srcset=\"https:\/\/serveiseducatius.xtec.cat\/selva1\/wp-content\/uploads\/usu773\/2021\/09\/aula-virtual-300x250.png 300w, https:\/\/serveiseducatius.xtec.cat\/selva1\/wp-content\/uploads\/usu773\/2021\/09\/aula-virtual-1024x838.png 1024w, https:\/\/serveiseducatius.xtec.cat\/selva1\/wp-content\/uploads\/usu773\/2021\/09\/aula-virtual-768x629.png 768w, https:\/\/serveiseducatius.xtec.cat\/selva1\/wp-content\/uploads\/usu773\/2021\/09\/aula-virtual.png 1245w\" sizes=\"auto, (max-width: 112px) 100vw, 112px\" \/><\/a><a href=\"https:\/\/sites.google.com\/view\/coordinadorspedagricssecundria\/p%C3%A0gina-principal-curs-25-26\" target=\"_blank\" rel=\"noopener\"> \u00a0 \u00a0 <span style=\"color: #cc99ff;\">\u00a0 Seminari Coordinadors Pedag\u00f2gics<\/span><\/a><\/h1>\n<h1 style=\"text-align: center;\"><a href=\"https:\/\/sites.google.com\/view\/coordinadorspedagricssecundria\/p%C3%A0gina-principal-curs-23-24\" target=\"_blank\" rel=\"noopener\"><span style=\"color: #cc99ff;\">\u00a0Xa Edici\u00f3<\/span><\/a><\/h1>\n<p>&nbsp;<\/p>\n<h2 style=\"text-align: center;\"><span style=\"color: #ff9900;\"><strong>\u00a0 \u00a0 \u00a0 \u00a0 <span style=\"color: #cc99ff;\">\u00a0 \u00a0 \u00a0 \u00a0 \u00a0 \u00a0 \u00a0 \u00a0 \u00a0 \u00a0 \u00a0 \u00a0<\/span><span style=\"color: #800080;\"><span style=\"color: #cc99ff;\">CALENDARI COORDINACIONS\u00a0 \u00a0<\/span> <\/span>\u00a0 \u00a0 \u00a0 \u00a0 \u00a0<\/strong><\/span><\/h2>\n<\/td>\n<\/tr>\n<\/thead>\n<tbody>\n<tr style=\"height: 45px;\">\n<td style=\"width: 97.6476%; height: 45px;\" colspan=\"2\">\n<h4 style=\"text-align: center;\">Horari de 9.10 a 11.45h<\/h4>\n<\/td>\n<\/tr>\n<tr style=\"height: 57px;\">\n<td style=\"width: 50%; height: 57px;\">\n<h4 style=\"text-align: center;\">1\u00aa coordinaci\u00f3:<\/h4>\n<\/td>\n<td style=\"width: 47.6476%; height: 57px;\">\n<h4 style=\"text-align: center;\">16.10.2025<\/h4>\n<\/td>\n<\/tr>\n<tr style=\"height: 57px;\">\n<td style=\"width: 50%; height: 57px;\">\n<h4 style=\"text-align: center;\">2\u00aa\u00a0coordinaci\u00f3:<\/h4>\n<\/td>\n<td style=\"width: 47.6476%; height: 57px;\">\n<h4 style=\"text-align: center;\">13.11.2025<\/h4>\n<\/td>\n<\/tr>\n<tr style=\"height: 57px;\">\n<td style=\"width: 50%; height: 57px;\">\n<h4 style=\"text-align: center;\">3\u00aa\u00a0coordinaci\u00f3:<\/h4>\n<\/td>\n<td style=\"width: 47.6476%; height: 57px;\">\n<h4 style=\"text-align: center;\">19.02.2026<\/h4>\n<\/td>\n<\/tr>\n<tr style=\"height: 57px;\">\n<td style=\"width: 50%; height: 57px;\">\n<h4 style=\"text-align: center;\">4\u00aa\u00a0coordinaci\u00f3:<\/h4>\n<\/td>\n<td style=\"width: 47.6476%; height: 57px;\">\n<h4 style=\"text-align: center;\">21.05.2026<\/h4>\n<\/td>\n<\/tr>\n<tr>\n<td style=\"width: 50%;\">\n<h4 style=\"text-align: center;\">Pr\u00e8via reuni\u00f3 equips directius i inicial, i 5\u00aa coordinaci\u00f3:<\/h4>\n<\/td>\n<td style=\"width: 47.6476%;\">\n<h4 style=\"text-align: center;\">19 de setembre reuni\u00f3 inicial, i 1\u00aa setmana de juliol a determinar. Reuni\u00f3 final amb equips directius<\/h4>\n<\/td>\n<\/tr>\n<\/tbody>\n<\/table>\n<\/div>\n<div>\n<h2 style=\"text-align: center;\">EDICIONS ANTERIORS<\/h2>\n<\/div>\n<div>\n<div class=\"sites-embed-content sites-embed-type-text\">\n<div class=\"sites-embed-content-textbox\">\n<div dir=\"ltr\">\n<table style=\"border-collapse: collapse; width: 100%; height: 178px;\">\n<tbody>\n<tr style=\"height: 102px;\">\n<td style=\"width: 20%; text-align: center; height: 102px;\"><a href=\"https:\/\/sites.google.com\/view\/caps-destudis-ed-primria\/curs-24-25\"><img loading=\"lazy\" decoding=\"async\" class=\"aligncenter wp-image-11193\" src=\"https:\/\/serveiseducatius.xtec.cat\/selva1\/wp-content\/uploads\/usu773\/2025\/06\/boto-24-25-lila.png\" alt=\"\" width=\"156\" height=\"57\" \/><\/a><\/td>\n<td style=\"width: 20%; text-align: center; height: 102px;\"><a href=\"https:\/\/sites.google.com\/view\/coordinadorspedagricssecundria\/p%C3%A0gina-principal-curs-23-24?authuser=0\" target=\"_blank\" rel=\"noopener\"><img loading=\"lazy\" decoding=\"async\" class=\"aligncenter wp-image-9412 size-full\" src=\"https:\/\/serveiseducatius.xtec.cat\/selva1\/wp-content\/uploads\/usu773\/2024\/09\/23-24.png\" alt=\"\" width=\"161\" height=\"61\" \/><\/a><\/td>\n<td style=\"width: 20%; text-align: center; height: 102px;\"><a href=\"https:\/\/sites.google.com\/view\/coordinadorspedagricssecundria\/p%C3%A0gina-principal-curs-22-23\" target=\"_blank\" rel=\"noopener\"><img loading=\"lazy\" decoding=\"async\" class=\"size-full wp-image-9413 aligncenter\" src=\"https:\/\/serveiseducatius.xtec.cat\/selva1\/wp-content\/uploads\/usu773\/2024\/09\/22-23-1.png\" alt=\"\" width=\"152\" height=\"54\" srcset=\"https:\/\/serveiseducatius.xtec.cat\/selva1\/wp-content\/uploads\/usu773\/2024\/09\/22-23-1.png 152w, https:\/\/serveiseducatius.xtec.cat\/selva1\/wp-content\/uploads\/usu773\/2024\/09\/22-23-1-150x54.png 150w\" sizes=\"auto, (max-width: 152px) 100vw, 152px\" \/><\/a><\/td>\n<td style=\"width: 20%; text-align: center; height: 102px;\"><a href=\"https:\/\/sites.google.com\/view\/coordinadorspedagricssecundria\/curs-21-22?authuser=0\" target=\"_blank\" rel=\"noopener\"><img loading=\"lazy\" decoding=\"async\" class=\"alignnone wp-image-5530\" src=\"https:\/\/serveiseducatius.xtec.cat\/selva1\/wp-content\/uploads\/usu773\/2022\/09\/Captura-20.png\" alt=\"\" width=\"162\" height=\"81\" \/><\/a><\/td>\n<td style=\"width: 20%; text-align: center; height: 102px;\"><a href=\"https:\/\/sites.google.com\/view\/coordinadorspedagricssecundria\/curs-20-21\" target=\"_blank\" rel=\"noopener\"><img loading=\"lazy\" decoding=\"async\" class=\"alignnone wp-image-3348 size-full\" src=\"https:\/\/serveiseducatius.xtec.cat\/selva1\/wp-content\/uploads\/usu773\/2021\/09\/CURS-20-21.png\" alt=\"\" width=\"153\" height=\"59\" srcset=\"https:\/\/serveiseducatius.xtec.cat\/selva1\/wp-content\/uploads\/usu773\/2021\/09\/CURS-20-21.png 153w, https:\/\/serveiseducatius.xtec.cat\/selva1\/wp-content\/uploads\/usu773\/2021\/09\/CURS-20-21-150x59.png 150w\" sizes=\"auto, (max-width: 153px) 100vw, 153px\" \/><\/a><\/td>\n<\/tr>\n<tr style=\"height: 76px;\">\n<td style=\"width: 20%; text-align: center; height: 76px;\"><a href=\"https:\/\/sites.google.com\/site\/seselva1\/coordinadors-pedagogics-2019\" target=\"_blank\" rel=\"noopener\"><img loading=\"lazy\" decoding=\"async\" class=\"alignnone wp-image-3349 size-full\" src=\"https:\/\/serveiseducatius.xtec.cat\/selva1\/wp-content\/uploads\/usu773\/2021\/09\/CURS-19-20.png\" alt=\"\" width=\"150\" height=\"57\" \/><\/a><\/td>\n<td style=\"width: 20%; text-align: center; height: 76px;\"><a href=\"https:\/\/sites.google.com\/site\/seselva1\/2018-19\" target=\"_blank\" rel=\"noopener\"><img loading=\"lazy\" decoding=\"async\" class=\"alignnone wp-image-3481\" src=\"https:\/\/serveiseducatius.xtec.cat\/selva1\/wp-content\/uploads\/usu773\/2021\/09\/18-19-1.png\" alt=\"\" width=\"154\" height=\"56\" \/><\/a><\/td>\n<td style=\"width: 20%; text-align: center; height: 76px;\"><a href=\"https:\/\/sites.google.com\/site\/seselva1\/Home\/espai-de-dinamitzacio-1\/seminaricoordinadorspedagogics\/2017-18\" target=\"_blank\" rel=\"noopener\"><img loading=\"lazy\" decoding=\"async\" class=\"alignnone wp-image-3482\" src=\"https:\/\/serveiseducatius.xtec.cat\/selva1\/wp-content\/uploads\/usu773\/2021\/09\/17-18-1.png\" alt=\"\" width=\"127\" height=\"54\" \/><\/a><\/td>\n<td style=\"width: 20%; text-align: center; height: 76px;\"><a href=\"https:\/\/sites.google.com\/site\/seselva1\/Home\/espai-de-dinamitzacio-1\/seminaricoordinadorspedagogics\/seminari-coordinadors-pedagogics\" target=\"_blank\" rel=\"noopener\"><img loading=\"lazy\" decoding=\"async\" class=\"alignnone wp-image-3484\" src=\"https:\/\/serveiseducatius.xtec.cat\/selva1\/wp-content\/uploads\/usu773\/2021\/09\/16-17-1.png\" alt=\"\" width=\"141\" height=\"51\" \/><\/a><\/td>\n<td style=\"width: 20%; text-align: center; height: 76px;\"><\/td>\n<\/tr>\n<\/tbody>\n<\/table>\n<\/div>\n<\/div>\n<\/div>\n<\/div>\n","protected":false},"excerpt":{"rendered":"<p>Xa EDICI\u00d3 SEMINARI COORDINADORS PEDAG\u00d2GICS Seminari de coordinaci\u00f3. Adre\u00e7at a coordinadors\/es pedag\u00f2gics\/es dels centres d&#8217;Educaci\u00f3 Secund\u00e0ria de la nostra zona. S&#8217;hi tracten temes d&#8217;inter\u00e8s general i\/o de projectes destinats als centres. \u00a0 \u00a0 \u00a0 \u00a0 Seminari Coordinadors Pedag\u00f2gics \u00a0Xa Edici\u00f3 &nbsp; \u00a0 \u00a0 \u00a0 \u00a0 \u00a0 \u00a0 \u00a0 \u00a0 \u00a0 \u00a0 \u00a0 \u00a0 \u00a0 \u00a0 [&hellip;]<\/p>\n","protected":false},"author":1,"featured_media":0,"parent":0,"menu_order":0,"comment_status":"closed","ping_status":"closed","template":"","meta":{"_bbp_topic_count":0,"_bbp_reply_count":0,"_bbp_total_topic_count":0,"_bbp_total_reply_count":0,"_bbp_voice_count":0,"_bbp_anonymous_reply_count":0,"_bbp_topic_count_hidden":0,"_bbp_reply_count_hidden":0,"_bbp_forum_subforum_count":0,"site-sidebar-layout":"default","site-content-layout":"","ast-site-content-layout":"","site-content-style":"default","site-sidebar-style":"default","ast-global-header-display":"","ast-banner-title-visibility":"","ast-main-header-display":"","ast-hfb-above-header-display":"","ast-hfb-below-header-display":"","ast-hfb-mobile-header-display":"","site-post-title":"","ast-breadcrumbs-content":"","ast-featured-img":"","footer-sml-layout":"","theme-transparent-header-meta":"","adv-header-id-meta":"","stick-header-meta":"","header-above-stick-meta":"","header-main-stick-meta":"","header-below-stick-meta":"","astra-migrate-meta-layouts":"default","ast-page-background-enabled":"default","ast-page-background-meta":{"desktop":{"background-color":"var(--ast-global-color-4)","background-image":"","background-repeat":"repeat","background-position":"center center","background-size":"auto","background-attachment":"scroll","background-type":"","background-media":"","overlay-type":"","overlay-color":"","overlay-opacity":"","overlay-gradient":""},"tablet":{"background-color":"","background-image":"","background-repeat":"repeat","background-position":"center center","background-size":"auto","background-attachment":"scroll","background-type":"","background-media":"","overlay-type":"","overlay-color":"","overlay-opacity":"","overlay-gradient":""},"mobile":{"background-color":"","background-image":"","background-repeat":"repeat","background-position":"center center","background-size":"auto","background-attachment":"scroll","background-type":"","background-media":"","overlay-type":"","overlay-color":"","overlay-opacity":"","overlay-gradient":""}},"ast-content-background-meta":{"desktop":{"background-color":"var(--ast-global-color-5)","background-image":"","background-repeat":"repeat","background-position":"center center","background-size":"auto","background-attachment":"scroll","background-type":"","background-media":"","overlay-type":"","overlay-color":"","overlay-opacity":"","overlay-gradient":""},"tablet":{"background-color":"var(--ast-global-color-5)","background-image":"","background-repeat":"repeat","background-position":"center center","background-size":"auto","background-attachment":"scroll","background-type":"","background-media":"","overlay-type":"","overlay-color":"","overlay-opacity":"","overlay-gradient":""},"mobile":{"background-color":"var(--ast-global-color-5)","background-image":"","background-repeat":"repeat","background-position":"center center","background-size":"auto","background-attachment":"scroll","background-type":"","background-media":"","overlay-type":"","overlay-color":"","overlay-opacity":"","overlay-gradient":""}},"footnotes":""},"class_list":["post-3815","page","type-page","status-publish","hentry"],"post_mailing_queue_ids":[],"_links":{"self":[{"href":"https:\/\/serveiseducatius.xtec.cat\/selva1\/wp-json\/wp\/v2\/pages\/3815","targetHints":{"allow":["GET"]}}],"collection":[{"href":"https:\/\/serveiseducatius.xtec.cat\/selva1\/wp-json\/wp\/v2\/pages"}],"about":[{"href":"https:\/\/serveiseducatius.xtec.cat\/selva1\/wp-json\/wp\/v2\/types\/page"}],"author":[{"embeddable":true,"href":"https:\/\/serveiseducatius.xtec.cat\/selva1\/wp-json\/wp\/v2\/users\/1"}],"replies":[{"embeddable":true,"href":"https:\/\/serveiseducatius.xtec.cat\/selva1\/wp-json\/wp\/v2\/comments?post=3815"}],"version-history":[{"count":6,"href":"https:\/\/serveiseducatius.xtec.cat\/selva1\/wp-json\/wp\/v2\/pages\/3815\/revisions"}],"predecessor-version":[{"id":11695,"href":"https:\/\/serveiseducatius.xtec.cat\/selva1\/wp-json\/wp\/v2\/pages\/3815\/revisions\/11695"}],"wp:attachment":[{"href":"https:\/\/serveiseducatius.xtec.cat\/selva1\/wp-json\/wp\/v2\/media?parent=3815"}],"curies":[{"name":"wp","href":"https:\/\/api.w.org\/{rel}","templated":true}]}}