{"id":3501,"date":"2021-09-19T08:47:44","date_gmt":"2021-09-19T06:47:44","guid":{"rendered":"https:\/\/serveiseducatius.xtec.cat\/selva1\/?page_id=3501"},"modified":"2025-07-12T21:12:05","modified_gmt":"2025-07-12T19:12:05","slug":"xarxa-de-competencies","status":"publish","type":"page","link":"https:\/\/serveiseducatius.xtec.cat\/selva1\/xarxa-de-competencies\/","title":{"rendered":"XARXA DE COMPET\u00c8NCIES"},"content":{"rendered":"<div><\/div>\n<div>\n<table style=\"border-collapse: collapse; width: 96.9395%; height: 493px;\">\n<thead>\n<tr style=\"height: 279px;\">\n<td style=\"width: 98.6323%; height: 10px;\" colspan=\"2\">&nbsp;<\/p>\n<h1 style=\"text-align: center;\" data-wp-editing=\"1\"><a href=\"https:\/\/sites.google.com\/view\/xcb-centres-selva-i\/p%C3%A0gina-principal\" target=\"_blank\" rel=\"noopener\"><img loading=\"lazy\" decoding=\"async\" class=\" wp-image-5551 alignleft\" src=\"https:\/\/serveiseducatius.xtec.cat\/selva1\/wp-content\/uploads\/usu773\/2022\/09\/Captura-21.png\" alt=\"\" width=\"204\" height=\"90\" \/><\/a><a href=\"https:\/\/sites.google.com\/view\/xcb-centres-selva-i\/p%C3%A0gina-principal\" target=\"_blank\" rel=\"noopener\">XARXA DE COMPET\u00c8NCIES<\/a><\/h1>\n<h5 style=\"text-align: center;\">\u00a0 \u00a0 \u00a0Espai de refer\u00e8ncia de l&#8217;activitat de suport i intercanvi adre\u00e7ada als centres participants de la Xarxa de Compet\u00e8ncies B\u00e0siques de la zona Selva I.<\/h5>\n<h5 dir=\"ltr\" style=\"text-align: center;\">\u00a0 Lloc: SE Giron\u00e8s<\/h5>\n<h5 dir=\"ltr\" style=\"text-align: center;\"><span style=\"font-size: small;\">\u00a0 Adre\u00e7at a: Equips impulsors i coordinadors de la XdC &#8211; 13<\/span><\/h5>\n<\/td>\n<\/tr>\n<tr style=\"height: 144px;\">\n<td style=\"height: 96px; width: 98.6323%;\" colspan=\"2\">\n<h2 style=\"text-align: center;\"><strong><a href=\"https:\/\/meet.google.com\/vtu-nvzt-rwm?hs=122&amp;authuser=0\"><img loading=\"lazy\" decoding=\"async\" class=\"wp-image-3420 alignleft\" src=\"https:\/\/serveiseducatius.xtec.cat\/selva1\/wp-content\/uploads\/usu773\/2021\/09\/aula-virtual-300x246.png\" alt=\"\" width=\"128\" height=\"105\" srcset=\"https:\/\/serveiseducatius.xtec.cat\/selva1\/wp-content\/uploads\/usu773\/2021\/09\/aula-virtual-300x246.png 300w, https:\/\/serveiseducatius.xtec.cat\/selva1\/wp-content\/uploads\/usu773\/2021\/09\/aula-virtual-1024x838.png 1024w, https:\/\/serveiseducatius.xtec.cat\/selva1\/wp-content\/uploads\/usu773\/2021\/09\/aula-virtual-768x629.png 768w, https:\/\/serveiseducatius.xtec.cat\/selva1\/wp-content\/uploads\/usu773\/2021\/09\/aula-virtual.png 1245w\" sizes=\"auto, (max-width: 128px) 100vw, 128px\" \/><\/a><a href=\"https:\/\/sites.google.com\/view\/xcb-centres-selva-i\/p%C3%A0gina-principal\" target=\"_blank\" rel=\"noopener\"><span style=\"color: #cc99ff;\">Xarxa de Compet\u00e8ncies<\/span><span style=\"color: #cc99ff;\">\u00a0 25-26. VIII Edici\u00f3<\/span><\/a><\/strong><\/h2>\n<h2 style=\"text-align: center;\"><span style=\"color: #ff9900;\"><strong><span style=\"color: #cc99ff;\">\u00a0 \u00a0 \u00a0 \u00a0 \u00a0CALENDARI SESSIONS\u00a0<\/span> \u00a0 \u00a0 \u00a0 \u00a0 \u00a0 \u00a0\u00a0<\/strong><\/span><\/h2>\n<\/td>\n<\/tr>\n<\/thead>\n<tbody>\n<tr style=\"height: 45px;\">\n<td style=\"width: 98.6323%; height: 45px;\" colspan=\"2\">\n<h4 style=\"text-align: center;\">Horari de 9.15 a 13h PRESENCIAL <strong><span style=\"color: #ff6600;\"><span style=\"color: #000000;\">,<\/span> ELS DIMECRES<\/span><\/strong><\/h4>\n<\/td>\n<\/tr>\n<tr style=\"height: 57px;\">\n<td style=\"width: 50%; height: 57px;\">\n<h4 style=\"text-align: center;\">1\u00aa sessi\u00f3:<\/h4>\n<\/td>\n<td style=\"width: 48.6323%; height: 57px;\">\n<h4 style=\"text-align: center;\">22\/10\/2025<\/h4>\n<\/td>\n<\/tr>\n<tr style=\"height: 57px;\">\n<td style=\"width: 50%; height: 57px;\">\n<h4 style=\"text-align: center;\">2\u00aa sessi\u00f3:<\/h4>\n<\/td>\n<td style=\"width: 48.6323%; height: 57px;\">\n<h4 style=\"text-align: center;\">26\/11\/2025<\/h4>\n<\/td>\n<\/tr>\n<tr style=\"height: 57px;\">\n<td style=\"width: 50%; height: 57px;\">\n<h4 style=\"text-align: center;\">3\u00aa sessi\u00f3:<\/h4>\n<\/td>\n<td style=\"width: 48.6323%; height: 57px;\">\n<h4 style=\"text-align: center;\">28\/01\/2026<\/h4>\n<\/td>\n<\/tr>\n<tr style=\"height: 57px;\">\n<td style=\"width: 50%; height: 57px;\">\n<h4 style=\"text-align: center;\">4\u00aa sessi\u00f3:<\/h4>\n<\/td>\n<td style=\"width: 48.6323%; height: 57px;\">\n<h4 style=\"text-align: center;\">04\/03\/2026<\/h4>\n<\/td>\n<\/tr>\n<tr style=\"height: 57px;\">\n<td style=\"width: 50%; height: 57px;\">\n<h4 style=\"text-align: center;\">5\u00aa sessi\u00f3:<\/h4>\n<\/td>\n<td style=\"width: 48.6323%; height: 57px;\">\n<h4 style=\"text-align: center;\">29\/04\/2026<\/h4>\n<\/td>\n<\/tr>\n<tr style=\"height: 57px;\">\n<td style=\"width: 50%; height: 57px;\">\n<h4 style=\"text-align: center;\">6\u00aa sessi\u00f3:<\/h4>\n<\/td>\n<td style=\"width: 48.6323%; height: 57px;\">\n<h4 style=\"text-align: center;\">27\/05\/2026<\/h4>\n<\/td>\n<\/tr>\n<\/tbody>\n<\/table>\n<\/div>\n<div>\n<h2 style=\"text-align: center;\">MATERIAL EDICIONS ANTERIORS\u200b<\/h2>\n<\/div>\n<div>\n<div class=\"sites-embed-content sites-embed-type-text\">\n<div class=\"sites-embed-content-textbox\">\n<div dir=\"ltr\">\n<table style=\"border-collapse: collapse; width: 100%;\">\n<tbody>\n<tr>\n<td style=\"width: 20%; text-align: center;\"><a href=\"https:\/\/sites.google.com\/view\/xcb-centres-selva-i\/curs-24-25\" target=\"_blank\" rel=\"noopener\"><img loading=\"lazy\" decoding=\"async\" class=\"size-full wp-image-11193 aligncenter\" src=\"https:\/\/serveiseducatius.xtec.cat\/selva1\/wp-content\/uploads\/usu773\/2025\/06\/boto-24-25-lila.png\" alt=\"\" width=\"181\" height=\"66\" \/><\/a><\/td>\n<td style=\"width: 20%; text-align: center;\"><a href=\"https:\/\/sites.google.com\/view\/xcb-centres-selva-i\/curs-23-24\" target=\"_blank\" rel=\"noopener\"><img loading=\"lazy\" decoding=\"async\" class=\"wp-image-9148 alignnone\" src=\"https:\/\/serveiseducatius.xtec.cat\/selva1\/wp-content\/uploads\/usu773\/2024\/07\/curs-23-24-lila.png\" alt=\"\" width=\"183\" height=\"78\" \/><\/a><\/td>\n<td style=\"width: 20%; text-align: center;\"><a href=\"https:\/\/sites.google.com\/view\/xcb-centres-selva-i\/curs-22-23\" target=\"_blank\" rel=\"noopener\"><img loading=\"lazy\" decoding=\"async\" class=\"alignnone wp-image-7270\" src=\"https:\/\/serveiseducatius.xtec.cat\/selva1\/wp-content\/uploads\/usu773\/2023\/09\/boto-2.png\" alt=\"\" width=\"191\" height=\"65\" \/><\/a><\/td>\n<td style=\"width: 20%; text-align: center;\"><a href=\"https:\/\/sites.google.com\/view\/xcb-centres-selva-i\/curs-21-22\" target=\"_blank\" rel=\"noopener\"><img loading=\"lazy\" decoding=\"async\" class=\"alignnone wp-image-5530\" src=\"https:\/\/serveiseducatius.xtec.cat\/selva1\/wp-content\/uploads\/usu773\/2022\/09\/Captura-20.png\" alt=\"\" width=\"194\" height=\"97\" \/><\/a><\/td>\n<td style=\"width: 20%; text-align: center;\"><a href=\"https:\/\/sites.google.com\/view\/xcb-centres-selva-i\/curs-20-21\" target=\"_blank\" rel=\"noopener\"><img loading=\"lazy\" decoding=\"async\" class=\"alignnone wp-image-3348 size-full\" src=\"https:\/\/serveiseducatius.xtec.cat\/selva1\/wp-content\/uploads\/usu773\/2021\/09\/CURS-20-21.png\" alt=\"\" width=\"153\" height=\"59\" srcset=\"https:\/\/serveiseducatius.xtec.cat\/selva1\/wp-content\/uploads\/usu773\/2021\/09\/CURS-20-21.png 153w, https:\/\/serveiseducatius.xtec.cat\/selva1\/wp-content\/uploads\/usu773\/2021\/09\/CURS-20-21-150x59.png 150w\" sizes=\"auto, (max-width: 153px) 100vw, 153px\" \/><\/a><\/td>\n<\/tr>\n<tr>\n<td style=\"width: 20%; text-align: center;\"><a href=\"https:\/\/sites.google.com\/site\/seselva1\/xarxa-de-compet%C3%A8ncies-b%C3%A0siques\" target=\"_blank\" rel=\"noopener\"><img loading=\"lazy\" decoding=\"async\" class=\"alignnone wp-image-3503 size-full\" src=\"https:\/\/serveiseducatius.xtec.cat\/selva1\/wp-content\/uploads\/usu773\/2021\/09\/Captura-21.png\" alt=\"\" width=\"242\" height=\"92\" \/><\/a><\/td>\n<td style=\"width: 20%; text-align: center;\"><\/td>\n<td style=\"width: 20%; text-align: center;\"><\/td>\n<td style=\"width: 20%; text-align: center;\"><\/td>\n<td style=\"width: 20%; text-align: center;\"><\/td>\n<\/tr>\n<\/tbody>\n<\/table>\n<\/div>\n<\/div>\n<\/div>\n<\/div>\n","protected":false},"excerpt":{"rendered":"<p>&nbsp; XARXA DE COMPET\u00c8NCIES \u00a0 \u00a0 \u00a0Espai de refer\u00e8ncia de l&#8217;activitat de suport i intercanvi adre\u00e7ada als centres participants de la Xarxa de Compet\u00e8ncies B\u00e0siques de la zona Selva I. \u00a0 Lloc: SE Giron\u00e8s \u00a0 Adre\u00e7at a: Equips impulsors i coordinadors de la XdC &#8211; 13 Xarxa de Compet\u00e8ncies\u00a0 25-26. VIII Edici\u00f3 \u00a0 \u00a0 \u00a0 [&hellip;]<\/p>\n","protected":false},"author":1,"featured_media":0,"parent":0,"menu_order":0,"comment_status":"closed","ping_status":"closed","template":"","meta":{"_bbp_topic_count":0,"_bbp_reply_count":0,"_bbp_total_topic_count":0,"_bbp_total_reply_count":0,"_bbp_voice_count":0,"_bbp_anonymous_reply_count":0,"_bbp_topic_count_hidden":0,"_bbp_reply_count_hidden":0,"_bbp_forum_subforum_count":0,"site-sidebar-layout":"default","site-content-layout":"","ast-site-content-layout":"","site-content-style":"default","site-sidebar-style":"default","ast-global-header-display":"","ast-banner-title-visibility":"","ast-main-header-display":"","ast-hfb-above-header-display":"","ast-hfb-below-header-display":"","ast-hfb-mobile-header-display":"","site-post-title":"","ast-breadcrumbs-content":"","ast-featured-img":"","footer-sml-layout":"","theme-transparent-header-meta":"","adv-header-id-meta":"","stick-header-meta":"","header-above-stick-meta":"","header-main-stick-meta":"","header-below-stick-meta":"","astra-migrate-meta-layouts":"default","ast-page-background-enabled":"default","ast-page-background-meta":{"desktop":{"background-color":"var(--ast-global-color-4)","background-image":"","background-repeat":"repeat","background-position":"center center","background-size":"auto","background-attachment":"scroll","background-type":"","background-media":"","overlay-type":"","overlay-color":"","overlay-opacity":"","overlay-gradient":""},"tablet":{"background-color":"","background-image":"","background-repeat":"repeat","background-position":"center center","background-size":"auto","background-attachment":"scroll","background-type":"","background-media":"","overlay-type":"","overlay-color":"","overlay-opacity":"","overlay-gradient":""},"mobile":{"background-color":"","background-image":"","background-repeat":"repeat","background-position":"center center","background-size":"auto","background-attachment":"scroll","background-type":"","background-media":"","overlay-type":"","overlay-color":"","overlay-opacity":"","overlay-gradient":""}},"ast-content-background-meta":{"desktop":{"background-color":"var(--ast-global-color-5)","background-image":"","background-repeat":"repeat","background-position":"center center","background-size":"auto","background-attachment":"scroll","background-type":"","background-media":"","overlay-type":"","overlay-color":"","overlay-opacity":"","overlay-gradient":""},"tablet":{"background-color":"var(--ast-global-color-5)","background-image":"","background-repeat":"repeat","background-position":"center center","background-size":"auto","background-attachment":"scroll","background-type":"","background-media":"","overlay-type":"","overlay-color":"","overlay-opacity":"","overlay-gradient":""},"mobile":{"background-color":"var(--ast-global-color-5)","background-image":"","background-repeat":"repeat","background-position":"center center","background-size":"auto","background-attachment":"scroll","background-type":"","background-media":"","overlay-type":"","overlay-color":"","overlay-opacity":"","overlay-gradient":""}},"footnotes":""},"class_list":["post-3501","page","type-page","status-publish","hentry"],"post_mailing_queue_ids":[],"_links":{"self":[{"href":"https:\/\/serveiseducatius.xtec.cat\/selva1\/wp-json\/wp\/v2\/pages\/3501","targetHints":{"allow":["GET"]}}],"collection":[{"href":"https:\/\/serveiseducatius.xtec.cat\/selva1\/wp-json\/wp\/v2\/pages"}],"about":[{"href":"https:\/\/serveiseducatius.xtec.cat\/selva1\/wp-json\/wp\/v2\/types\/page"}],"author":[{"embeddable":true,"href":"https:\/\/serveiseducatius.xtec.cat\/selva1\/wp-json\/wp\/v2\/users\/1"}],"replies":[{"embeddable":true,"href":"https:\/\/serveiseducatius.xtec.cat\/selva1\/wp-json\/wp\/v2\/comments?post=3501"}],"version-history":[{"count":7,"href":"https:\/\/serveiseducatius.xtec.cat\/selva1\/wp-json\/wp\/v2\/pages\/3501\/revisions"}],"predecessor-version":[{"id":11252,"href":"https:\/\/serveiseducatius.xtec.cat\/selva1\/wp-json\/wp\/v2\/pages\/3501\/revisions\/11252"}],"wp:attachment":[{"href":"https:\/\/serveiseducatius.xtec.cat\/selva1\/wp-json\/wp\/v2\/media?parent=3501"}],"curies":[{"name":"wp","href":"https:\/\/api.w.org\/{rel}","templated":true}]}}