{"id":3369,"date":"2021-09-17T09:33:56","date_gmt":"2021-09-17T07:33:56","guid":{"rendered":"https:\/\/serveiseducatius.xtec.cat\/selva1\/?page_id=3369"},"modified":"2024-09-11T08:34:24","modified_gmt":"2024-09-11T06:34:24","slug":"aramat-2","status":"publish","type":"page","link":"https:\/\/serveiseducatius.xtec.cat\/selva1\/aramat-2\/","title":{"rendered":"MATEM\u00c0TIQUES MANIPULATIVES"},"content":{"rendered":"<div><\/div>\n<div>\n<table style=\"border-collapse: collapse; width: 97.1391%; height: 493px;\">\n<thead>\n<tr style=\"height: 279px;\">\n<td style=\"width: 99.8528%; height: 10px;\" colspan=\"2\"><a href=\"https:\/\/sites.google.com\/view\/matemtiquesmanipulatives21-22\/inici\" target=\"_blank\" rel=\"noopener\"><img loading=\"lazy\" decoding=\"async\" class=\"alignleft wp-image-3611\" src=\"https:\/\/serveiseducatius.xtec.cat\/selva1\/wp-content\/uploads\/usu773\/2021\/09\/abac-300x252.jpg\" alt=\"\" width=\"210\" height=\"176\" srcset=\"https:\/\/serveiseducatius.xtec.cat\/selva1\/wp-content\/uploads\/usu773\/2021\/09\/abac-300x250.jpg 300w, https:\/\/serveiseducatius.xtec.cat\/selva1\/wp-content\/uploads\/usu773\/2021\/09\/abac.jpg 480w\" sizes=\"auto, (max-width: 210px) 100vw, 210px\" \/><\/a><\/p>\n<h5 style=\"text-align: center;\"><\/h5>\n<h1 style=\"text-align: center;\" data-wp-editing=\"1\"><a href=\"https:\/\/serveiseducatius.xtec.cat\/selva1\/aramat-2\/matematiques-manipulatives\/\" target=\"_blank\" rel=\"noopener\"><span style=\"color: #008000;\">MATERIALS DE MATEM\u00c0TIQUES<\/span><\/a><\/h1>\n<h5 style=\"text-align: center;\">\u00a0 \u00a0 \u00a0 Espai on es recull el material de les formacions en l&#8217;\u00e0mbit matem\u00e0tic per proporcionar al professorat una eina \u00fatil que els faciliti la tasca de la doc\u00e8ncia de la compet\u00e8ncia matem\u00e0tica<\/h5>\n<\/td>\n<\/tr>\n<tr style=\"height: 144px;\">\n<td style=\"height: 96px; width: 99.8528%;\" colspan=\"2\">\n<h2 style=\"text-align: center;\"><strong><a href=\"https:\/\/meet.google.com\/vtu-nvzt-rwm?hs=122&amp;authuser=0\" target=\"_blank\" rel=\"noopener\"><img loading=\"lazy\" decoding=\"async\" class=\"alignleft wp-image-3420\" src=\"https:\/\/serveiseducatius.xtec.cat\/selva1\/wp-content\/uploads\/usu773\/2021\/09\/aula-virtual-300x246.png\" alt=\"\" width=\"128\" height=\"105\" srcset=\"https:\/\/serveiseducatius.xtec.cat\/selva1\/wp-content\/uploads\/usu773\/2021\/09\/aula-virtual-300x246.png 300w, https:\/\/serveiseducatius.xtec.cat\/selva1\/wp-content\/uploads\/usu773\/2021\/09\/aula-virtual-1024x838.png 1024w, https:\/\/serveiseducatius.xtec.cat\/selva1\/wp-content\/uploads\/usu773\/2021\/09\/aula-virtual-768x629.png 768w, https:\/\/serveiseducatius.xtec.cat\/selva1\/wp-content\/uploads\/usu773\/2021\/09\/aula-virtual.png 1245w\" sizes=\"auto, (max-width: 128px) 100vw, 128px\" \/><\/a><a href=\"https:\/\/serveiseducatius.xtec.cat\/selva1\/aramat-2\/matematiques-manipulatives\/\" target=\"_blank\" rel=\"noopener\"><span style=\"color: #cc99ff;\">MATERIALS DE MATEM\u00c0TIQUES<\/span><span style=\"color: #cc99ff;\"> 24-25. Educaci\u00f3 b\u00e0sica.\u00a0<\/span><\/a><\/strong><\/h2>\n<h2 style=\"text-align: center;\"><span style=\"color: #ff9900;\"><strong><span style=\"color: #cc99ff;\">\u00a0 \u00a0 \u00a0 \u00a0 \u00a0<\/span>\u00a0 \u00a0\u00a0<\/strong><\/span><\/h2>\n<\/td>\n<\/tr>\n<\/thead>\n<\/table>\n<\/div>\n<div>\n<h2 style=\"text-align: center;\">MATERIAL EDICIONS ANTERIORS\u200b<\/h2>\n<\/div>\n<div>\n<div class=\"sites-embed-content sites-embed-type-text\">\n<div class=\"sites-embed-content-textbox\">\n<div dir=\"ltr\">\n<table style=\"border-collapse: collapse; width: 100%;\">\n<tbody>\n<tr>\n<td style=\"width: 20%; text-align: center;\"><a href=\"https:\/\/sites.google.com\/view\/matemtiques-manipulatives-21-2\/inici\" target=\"_blank\" rel=\"noopener\"><img loading=\"lazy\" decoding=\"async\" class=\"wp-image-9148 alignnone\" src=\"https:\/\/serveiseducatius.xtec.cat\/selva1\/wp-content\/uploads\/usu773\/2024\/07\/curs-23-24-lila.png\" alt=\"\" width=\"188\" height=\"80\" \/><\/a><\/td>\n<td style=\"width: 20%; text-align: center;\"><a href=\"https:\/\/sites.google.com\/view\/matemtiques-manipulatives-21-2\/curs-22-23\" target=\"_blank\" rel=\"noopener\"><img loading=\"lazy\" decoding=\"async\" class=\"alignnone wp-image-7270\" src=\"https:\/\/serveiseducatius.xtec.cat\/selva1\/wp-content\/uploads\/usu773\/2023\/09\/boto-2.png\" alt=\"\" width=\"214\" height=\"73\" \/><\/a><\/td>\n<td style=\"width: 20%; text-align: center;\"><a href=\"https:\/\/sites.google.com\/view\/matemtiquesmanipulatives21-22\/inici\" target=\"_blank\" rel=\"noopener\"><img loading=\"lazy\" decoding=\"async\" class=\"alignnone size-full wp-image-5530\" src=\"https:\/\/serveiseducatius.xtec.cat\/selva1\/wp-content\/uploads\/usu773\/2022\/09\/Captura-20.png\" alt=\"\" width=\"220\" height=\"110\" \/><\/a><\/td>\n<td style=\"width: 20%; text-align: center;\"><\/td>\n<td style=\"width: 20%; text-align: center;\"><\/td>\n<\/tr>\n<tr>\n<td style=\"width: 20%; text-align: center;\"><a href=\"https:\/\/serveiseducatius.xtec.cat\/selva1\/wp-content\/uploads\/usu773\/2021\/09\/Aramat2-Mesura-i-transformacions-2020.pptx.pdf\" target=\"_blank\" rel=\"noopener\"><img loading=\"lazy\" decoding=\"async\" class=\"alignnone wp-image-3432 size-medium\" src=\"https:\/\/serveiseducatius.xtec.cat\/selva1\/wp-content\/uploads\/usu773\/2021\/09\/Captura-17-300x220.png\" alt=\"\" width=\"300\" height=\"220\" srcset=\"https:\/\/serveiseducatius.xtec.cat\/selva1\/wp-content\/uploads\/usu773\/2021\/09\/Captura-17-300x220.png 300w, https:\/\/serveiseducatius.xtec.cat\/selva1\/wp-content\/uploads\/usu773\/2021\/09\/Captura-17-768x563.png 768w, https:\/\/serveiseducatius.xtec.cat\/selva1\/wp-content\/uploads\/usu773\/2021\/09\/Captura-17.png 839w\" sizes=\"auto, (max-width: 300px) 100vw, 300px\" \/><\/a><\/td>\n<td style=\"width: 20%; text-align: center;\"><a href=\"https:\/\/docs.google.com\/document\/d\/1Er2DRwb8ekyg2wJ6oVNpkOWNudpoPZID\/edit?usp=sharing&amp;ouid=112608042752759412857&amp;rtpof=true&amp;sd=true\" target=\"_blank\" rel=\"noopener\"><img loading=\"lazy\" decoding=\"async\" class=\"alignnone wp-image-3435 size-medium\" src=\"https:\/\/serveiseducatius.xtec.cat\/selva1\/wp-content\/uploads\/usu773\/2021\/09\/Captura-18-300x270.png\" alt=\"\" width=\"300\" height=\"270\" srcset=\"https:\/\/serveiseducatius.xtec.cat\/selva1\/wp-content\/uploads\/usu773\/2021\/09\/Captura-18-300x270.png 300w, https:\/\/serveiseducatius.xtec.cat\/selva1\/wp-content\/uploads\/usu773\/2021\/09\/Captura-18.png 367w\" sizes=\"auto, (max-width: 300px) 100vw, 300px\" \/><\/a><\/td>\n<td style=\"width: 20%; text-align: center;\"><a href=\"https:\/\/docs.google.com\/presentation\/d\/1JXV9eMAGpjHB80O8Iece3d4SuR7xC-ao\/edit?usp=sharing&amp;ouid=112608042752759412857&amp;rtpof=true&amp;sd=true\" target=\"_blank\" rel=\"noopener\"><img loading=\"lazy\" decoding=\"async\" class=\"alignnone wp-image-3437 size-full\" src=\"https:\/\/serveiseducatius.xtec.cat\/selva1\/wp-content\/uploads\/usu773\/2021\/09\/mat-1.png\" alt=\"\" width=\"265\" height=\"268\" \/><\/a><\/td>\n<td style=\"width: 20%; text-align: center;\"><a href=\"https:\/\/drive.google.com\/file\/d\/1axjT7UIiAsH-QP5vjWcb6iuzCKJikmMz\/view?usp=sharing\" target=\"_blank\" rel=\"noopener\"><img loading=\"lazy\" decoding=\"async\" class=\"alignnone wp-image-3438 size-full\" src=\"https:\/\/serveiseducatius.xtec.cat\/selva1\/wp-content\/uploads\/usu773\/2021\/09\/mat-2.png\" alt=\"\" width=\"262\" height=\"260\" srcset=\"https:\/\/serveiseducatius.xtec.cat\/selva1\/wp-content\/uploads\/usu773\/2021\/09\/mat-2.png 262w, https:\/\/serveiseducatius.xtec.cat\/selva1\/wp-content\/uploads\/usu773\/2021\/09\/mat-2-150x150.png 150w\" sizes=\"auto, (max-width: 262px) 100vw, 262px\" \/><\/a><\/td>\n<td style=\"width: 20%; text-align: center;\"><a href=\"https:\/\/drive.google.com\/file\/d\/1AfRTc9X1P7f9rZkOoYZTFFZ001uY47xB\/view?usp=sharing\" target=\"_blank\" rel=\"noopener\"><img loading=\"lazy\" decoding=\"async\" class=\"alignnone wp-image-3439 size-full\" src=\"https:\/\/serveiseducatius.xtec.cat\/selva1\/wp-content\/uploads\/usu773\/2021\/09\/mat-3.png\" alt=\"\" width=\"260\" height=\"261\" srcset=\"https:\/\/serveiseducatius.xtec.cat\/selva1\/wp-content\/uploads\/usu773\/2021\/09\/mat-3.png 260w, https:\/\/serveiseducatius.xtec.cat\/selva1\/wp-content\/uploads\/usu773\/2021\/09\/mat-3-150x150.png 150w\" sizes=\"auto, (max-width: 260px) 100vw, 260px\" \/><\/a><\/td>\n<\/tr>\n<tr>\n<td style=\"width: 20%; text-align: center;\"><a href=\"https:\/\/drive.google.com\/file\/d\/1k7xm39Ne799In6yJm7gNlfoYcM-xUT6P\/view?usp=sharing\" target=\"_blank\" rel=\"noopener\"><img loading=\"lazy\" decoding=\"async\" class=\"alignnone wp-image-3440 size-full\" src=\"https:\/\/serveiseducatius.xtec.cat\/selva1\/wp-content\/uploads\/usu773\/2021\/09\/mat-4.png\" alt=\"\" width=\"258\" height=\"250\" \/><\/a><\/td>\n<td style=\"width: 20%; text-align: center;\"><\/td>\n<td style=\"width: 20%; text-align: center;\"><\/td>\n<td style=\"width: 20%; text-align: center;\">&nbsp;<\/p>\n<p>&nbsp;<\/td>\n<td style=\"width: 20%; text-align: center;\"><a href=\"https:\/\/drive.google.com\/drive\/folders\/1Vyzad7Fk5Qzq39WlirF-mk6JSGKfaeSJ?usp=sharing\" target=\"_blank\" rel=\"noopener\"><img loading=\"lazy\" decoding=\"async\" class=\"alignnone wp-image-3427 size-full\" src=\"https:\/\/serveiseducatius.xtec.cat\/selva1\/wp-content\/uploads\/usu773\/2021\/09\/carpeta-2.png\" alt=\"\" width=\"159\" height=\"109\" \/><\/a><\/td>\n<\/tr>\n<\/tbody>\n<\/table>\n<\/div>\n<\/div>\n<\/div>\n<\/div>\n","protected":false},"excerpt":{"rendered":"<p>MATERIALS DE MATEM\u00c0TIQUES \u00a0 \u00a0 \u00a0 Espai on es recull el material de les formacions en l&#8217;\u00e0mbit matem\u00e0tic per proporcionar al professorat una eina \u00fatil que els faciliti la tasca de la doc\u00e8ncia de la compet\u00e8ncia matem\u00e0tica MATERIALS DE MATEM\u00c0TIQUES 24-25. Educaci\u00f3 b\u00e0sica.\u00a0 \u00a0 \u00a0 \u00a0 \u00a0 \u00a0\u00a0 \u00a0\u00a0 MATERIAL EDICIONS ANTERIORS\u200b &nbsp; &nbsp;<\/p>\n","protected":false},"author":1,"featured_media":0,"parent":0,"menu_order":0,"comment_status":"closed","ping_status":"closed","template":"","meta":{"_bbp_topic_count":0,"_bbp_reply_count":0,"_bbp_total_topic_count":0,"_bbp_total_reply_count":0,"_bbp_voice_count":0,"_bbp_anonymous_reply_count":0,"_bbp_topic_count_hidden":0,"_bbp_reply_count_hidden":0,"_bbp_forum_subforum_count":0,"site-sidebar-layout":"default","site-content-layout":"","ast-site-content-layout":"","site-content-style":"default","site-sidebar-style":"default","ast-global-header-display":"","ast-banner-title-visibility":"","ast-main-header-display":"","ast-hfb-above-header-display":"","ast-hfb-below-header-display":"","ast-hfb-mobile-header-display":"","site-post-title":"","ast-breadcrumbs-content":"","ast-featured-img":"","footer-sml-layout":"","theme-transparent-header-meta":"","adv-header-id-meta":"","stick-header-meta":"","header-above-stick-meta":"","header-main-stick-meta":"","header-below-stick-meta":"","astra-migrate-meta-layouts":"default","ast-page-background-enabled":"default","ast-page-background-meta":{"desktop":{"background-color":"var(--ast-global-color-4)","background-image":"","background-repeat":"repeat","background-position":"center center","background-size":"auto","background-attachment":"scroll","background-type":"","background-media":"","overlay-type":"","overlay-color":"","overlay-opacity":"","overlay-gradient":""},"tablet":{"background-color":"","background-image":"","background-repeat":"repeat","background-position":"center center","background-size":"auto","background-attachment":"scroll","background-type":"","background-media":"","overlay-type":"","overlay-color":"","overlay-opacity":"","overlay-gradient":""},"mobile":{"background-color":"","background-image":"","background-repeat":"repeat","background-position":"center center","background-size":"auto","background-attachment":"scroll","background-type":"","background-media":"","overlay-type":"","overlay-color":"","overlay-opacity":"","overlay-gradient":""}},"ast-content-background-meta":{"desktop":{"background-color":"var(--ast-global-color-5)","background-image":"","background-repeat":"repeat","background-position":"center center","background-size":"auto","background-attachment":"scroll","background-type":"","background-media":"","overlay-type":"","overlay-color":"","overlay-opacity":"","overlay-gradient":""},"tablet":{"background-color":"var(--ast-global-color-5)","background-image":"","background-repeat":"repeat","background-position":"center center","background-size":"auto","background-attachment":"scroll","background-type":"","background-media":"","overlay-type":"","overlay-color":"","overlay-opacity":"","overlay-gradient":""},"mobile":{"background-color":"var(--ast-global-color-5)","background-image":"","background-repeat":"repeat","background-position":"center center","background-size":"auto","background-attachment":"scroll","background-type":"","background-media":"","overlay-type":"","overlay-color":"","overlay-opacity":"","overlay-gradient":""}},"footnotes":""},"class_list":["post-3369","page","type-page","status-publish","hentry"],"post_mailing_queue_ids":[],"_links":{"self":[{"href":"https:\/\/serveiseducatius.xtec.cat\/selva1\/wp-json\/wp\/v2\/pages\/3369","targetHints":{"allow":["GET"]}}],"collection":[{"href":"https:\/\/serveiseducatius.xtec.cat\/selva1\/wp-json\/wp\/v2\/pages"}],"about":[{"href":"https:\/\/serveiseducatius.xtec.cat\/selva1\/wp-json\/wp\/v2\/types\/page"}],"author":[{"embeddable":true,"href":"https:\/\/serveiseducatius.xtec.cat\/selva1\/wp-json\/wp\/v2\/users\/1"}],"replies":[{"embeddable":true,"href":"https:\/\/serveiseducatius.xtec.cat\/selva1\/wp-json\/wp\/v2\/comments?post=3369"}],"version-history":[{"count":7,"href":"https:\/\/serveiseducatius.xtec.cat\/selva1\/wp-json\/wp\/v2\/pages\/3369\/revisions"}],"predecessor-version":[{"id":9429,"href":"https:\/\/serveiseducatius.xtec.cat\/selva1\/wp-json\/wp\/v2\/pages\/3369\/revisions\/9429"}],"wp:attachment":[{"href":"https:\/\/serveiseducatius.xtec.cat\/selva1\/wp-json\/wp\/v2\/media?parent=3369"}],"curies":[{"name":"wp","href":"https:\/\/api.w.org\/{rel}","templated":true}]}}