{"id":3343,"date":"2021-09-17T08:47:52","date_gmt":"2021-09-17T06:47:52","guid":{"rendered":"https:\/\/serveiseducatius.xtec.cat\/selva1\/?page_id=3343"},"modified":"2025-07-10T17:53:54","modified_gmt":"2025-07-10T15:53:54","slug":"literatura-infantil-i-juvenil-i-biblioteques-escolars","status":"publish","type":"page","link":"https:\/\/serveiseducatius.xtec.cat\/selva1\/literatura-infantil-i-juvenil-i-biblioteques-escolars\/","title":{"rendered":"LITERATURA INFANTIL I JUVENIL I BIBLIOTEQUES ESCOLARS"},"content":{"rendered":"<div><\/div>\n<div>\n<table style=\"border-collapse: collapse; width: 96.4072%; height: 857px;\">\n<thead>\n<tr style=\"height: 279px;\">\n<td style=\"width: 97.6476%; height: 279px;\" colspan=\"2\">\n<h1 style=\"text-align: center;\" data-wp-editing=\"1\"><a href=\"https:\/\/sites.google.com\/view\/literatura-infantil-i-junvenil\/inici\" target=\"_blank\" rel=\"noopener\"><img loading=\"lazy\" decoding=\"async\" class=\"size-full wp-image-3352 alignleft\" src=\"https:\/\/serveiseducatius.xtec.cat\/selva1\/wp-content\/uploads\/usu773\/2021\/09\/Captura-15.png\" alt=\"\" width=\"147\" height=\"95\" \/><\/a><a href=\"https:\/\/sites.google.com\/view\/literaturainfantilijunvenilbib?usp=sharing\" target=\"_blank\" rel=\"noopener\">VII EDICI\u00d3 DEL SEMINARI DE<\/a><\/h1>\n<h1 style=\"text-align: center;\" data-wp-editing=\"1\"><a href=\"https:\/\/sites.google.com\/view\/literaturainfantilijunvenilbib?usp=sharing\" target=\"_blank\" rel=\"noopener\">LITERATURA INFANTIL I JUVENIL\u00a0 I BIBLIOTEQUES ESCOLARS<\/a><\/h1>\n<h5 style=\"text-align: center;\">Projectes amb professorat. Formaci\u00f3 en literatura infantil i juvenil i de biblioteques escolars adre\u00e7ada a tots els centres escolars i llars d&#8217;infants de la zona.<\/h5>\n<h5 style=\"text-align: center;\">Espai per treballar la BE com a projecte de centre, per\u00f2 amb la clara intenci\u00f3 d&#8217;anar m\u00e9s enll\u00e0.<\/h5>\n<h5 style=\"text-align: center;\">Creure que la literatura infantil i juvenil \u00e9s clau en el creixement personal dels nostres infants i joves.\u00a0\u00a0Calendari: d&#8217;octubre a maig<\/h5>\n<\/td>\n<\/tr>\n<tr style=\"height: 144px;\">\n<td style=\"height: 39px; width: 97.6476%;\" colspan=\"2\">\n<h2 style=\"text-align: center;\"><strong><a href=\"http:\/\/meet.google.com\/kjo-eywv-ath\" target=\"_blank\" rel=\"noopener\"><img loading=\"lazy\" decoding=\"async\" class=\"wp-image-3420 alignleft\" src=\"https:\/\/serveiseducatius.xtec.cat\/selva1\/wp-content\/uploads\/usu773\/2021\/09\/aula-virtual-300x246.png\" alt=\"\" width=\"112\" height=\"92\" srcset=\"https:\/\/serveiseducatius.xtec.cat\/selva1\/wp-content\/uploads\/usu773\/2021\/09\/aula-virtual-300x250.png 300w, https:\/\/serveiseducatius.xtec.cat\/selva1\/wp-content\/uploads\/usu773\/2021\/09\/aula-virtual-1024x838.png 1024w, https:\/\/serveiseducatius.xtec.cat\/selva1\/wp-content\/uploads\/usu773\/2021\/09\/aula-virtual-768x629.png 768w, https:\/\/serveiseducatius.xtec.cat\/selva1\/wp-content\/uploads\/usu773\/2021\/09\/aula-virtual.png 1245w\" sizes=\"auto, (max-width: 112px) 100vw, 112px\" \/><\/a><a href=\"https:\/\/sites.google.com\/view\/literaturainfantilijunvenilbib?usp=sharing\" target=\"_blank\" rel=\"noopener\"><span style=\"color: #cc99ff;\">Literatura Infantil i Juvenil i <\/span><\/a><\/strong><\/h2>\n<h2 style=\"text-align: center;\"><a href=\"https:\/\/sites.google.com\/view\/literaturainfantilijunvenilbib?usp=sharing\" target=\"_blank\" rel=\"noopener\"><span style=\"color: #cc99ff;\"><strong>Biblioteques Escolars 2025-2026. <\/strong><\/span><span style=\"color: #cc99ff;\"><strong>VII Edici\u00f3<\/strong><\/span><\/a><\/h2>\n<h2 style=\"text-align: center;\"><span style=\"color: #ff9900;\"><strong><span style=\"color: #800080;\"><span style=\"color: #cc99ff;\">CALENDARI COORDINACIONS\u00a0 \u00a0<\/span><\/span> \u00a0 \u00a0 <a href=\"https:\/\/docs.google.com\/document\/d\/1J9Vx94-OmOEC5lhSbXAyM4n6LSpuQGdp8Tbmtp14lcw\/edit?usp=sharing\" target=\"_blank\" rel=\"noopener\"><img loading=\"lazy\" decoding=\"async\" class=\"alignnone wp-image-3467\" src=\"https:\/\/serveiseducatius.xtec.cat\/selva1\/wp-content\/uploads\/usu773\/2021\/09\/Captura-19.png\" alt=\"\" width=\"141\" height=\"67\" \/><\/a><\/strong><\/span><\/h2>\n<\/td>\n<\/tr>\n<\/thead>\n<tbody>\n<tr style=\"height: 45px;\">\n<td style=\"width: 97.6476%; height: 45px;\" colspan=\"2\">\n<h4 style=\"text-align: center;\">Horari de 17.30 a 19.30h<\/h4>\n<\/td>\n<\/tr>\n<tr style=\"height: 57px;\">\n<td style=\"width: 49.0153%; height: 57px;\">\n<h4 style=\"text-align: center;\">1\u00aa coordinaci\u00f3:<\/h4>\n<\/td>\n<td style=\"width: 48.6323%; height: 57px;\">\n<h4 style=\"text-align: center;\">22\/10\/2025<\/h4>\n<\/td>\n<\/tr>\n<tr style=\"height: 57px;\">\n<td style=\"width: 49.0153%; height: 57px;\">\n<h4 style=\"text-align: center;\">2\u00aa\u00a0coordinaci\u00f3:<\/h4>\n<\/td>\n<td style=\"width: 48.6323%; height: 57px;\">\n<h4 style=\"text-align: center;\">19\/11\/2025<\/h4>\n<\/td>\n<\/tr>\n<tr style=\"height: 57px;\">\n<td style=\"width: 49.0153%; height: 57px;\">\n<h4 style=\"text-align: center;\">3\u00aa\u00a0coordinaci\u00f3:<\/h4>\n<\/td>\n<td style=\"width: 48.6323%; height: 57px;\">\n<h4 style=\"text-align: center;\">21\/01\/2026<\/h4>\n<\/td>\n<\/tr>\n<tr style=\"height: 57px;\">\n<td style=\"width: 49.0153%; height: 57px;\">\n<h4 style=\"text-align: center;\">4\u00aa\u00a0coordinaci\u00f3:<\/h4>\n<\/td>\n<td style=\"width: 48.6323%; height: 57px;\">\n<h4 style=\"text-align: center;\">11\/02\/2026<\/h4>\n<\/td>\n<\/tr>\n<tr style=\"height: 57px;\">\n<td style=\"width: 49.0153%; height: 57px;\">\n<h4 style=\"text-align: center;\">5\u00ba coordinaci\u00f3:<\/h4>\n<\/td>\n<td style=\"width: 48.6323%; height: 57px;\">\n<h4 style=\"text-align: center;\">18\/03\/2026<\/h4>\n<\/td>\n<\/tr>\n<tr style=\"height: 57px;\">\n<td style=\"width: 49.0153%; height: 57px;\">\n<h4 style=\"text-align: center;\">6\u00aa coordinaci\u00f3:<\/h4>\n<\/td>\n<td style=\"width: 48.6323%; height: 57px;\">\n<h4 style=\"text-align: center;\">06\/05\/2026<\/h4>\n<\/td>\n<\/tr>\n<tr style=\"height: 57px;\">\n<td style=\"width: 49.0153%; height: 62px;\">\n<h4 style=\"text-align: center;\">7\u00aa coordinaci\u00f3:<\/h4>\n<h4 style=\"text-align: center;\"><i>Sessi\u00f3 d\u2019experi\u00e8ncies dels diversos seminaris de les terres gironines<\/i><\/h4>\n<\/td>\n<td style=\"width: 48.6323%; height: 62px;\">\n<h4 style=\"text-align: center;\">27\/05\/2026<\/h4>\n<\/td>\n<\/tr>\n<tr style=\"height: 16px;\">\n<td style=\"width: 97.6476%; height: 16px;\" colspan=\"2\"><\/td>\n<\/tr>\n<tr style=\"height: 245px;\">\n<td style=\"width: 97.6476%; height: 74px;\" colspan=\"2\"><a href=\"http:\/\/www.scf.cat\/\" target=\"_blank\" rel=\"noopener\"><img loading=\"lazy\" decoding=\"async\" class=\"alignnone wp-image-3797\" src=\"https:\/\/serveiseducatius.xtec.cat\/selva1\/wp-content\/uploads\/usu773\/2021\/10\/Ajuntament.png\" alt=\"\" width=\"175\" height=\"84\" \/><\/a>\u00a0 \u00a0 <a href=\"https:\/\/www.bibgirona.cat\/biblioteca\/santa-coloma-de-farners\/opac\" target=\"_blank\" rel=\"noopener\"><img loading=\"lazy\" decoding=\"async\" class=\"alignnone wp-image-3464\" src=\"https:\/\/serveiseducatius.xtec.cat\/selva1\/wp-content\/uploads\/usu773\/2021\/09\/Biblio-J-Vinyoli-300x121.png\" alt=\"\" width=\"171\" height=\"69\" srcset=\"https:\/\/serveiseducatius.xtec.cat\/selva1\/wp-content\/uploads\/usu773\/2021\/09\/Biblio-J-Vinyoli-300x121.png 300w, https:\/\/serveiseducatius.xtec.cat\/selva1\/wp-content\/uploads\/usu773\/2021\/09\/Biblio-J-Vinyoli-768x310.png 768w, https:\/\/serveiseducatius.xtec.cat\/selva1\/wp-content\/uploads\/usu773\/2021\/09\/Biblio-J-Vinyoli.png 810w\" sizes=\"auto, (max-width: 171px) 100vw, 171px\" \/><\/a><a href=\"https:\/\/serveiseducatius.xtec.cat\/selva1\/wp-content\/uploads\/usu773\/2021\/12\/Amer.jpg\"><img loading=\"lazy\" decoding=\"async\" class=\"alignnone wp-image-4307\" src=\"https:\/\/serveiseducatius.xtec.cat\/selva1\/wp-content\/uploads\/usu773\/2021\/12\/Amer.jpg\" alt=\"\" width=\"173\" height=\"90\" \/><\/a> <a href=\"https:\/\/serveiseducatius.xtec.cat\/selva1\/wp-content\/uploads\/usu773\/2021\/12\/Angles.jpg\"><img loading=\"lazy\" decoding=\"async\" class=\"alignnone wp-image-4308\" src=\"https:\/\/serveiseducatius.xtec.cat\/selva1\/wp-content\/uploads\/usu773\/2021\/12\/Angles-300x148.jpg\" alt=\"\" width=\"126\" height=\"62\" srcset=\"https:\/\/serveiseducatius.xtec.cat\/selva1\/wp-content\/uploads\/usu773\/2021\/12\/Angles-300x148.jpg 300w, https:\/\/serveiseducatius.xtec.cat\/selva1\/wp-content\/uploads\/usu773\/2021\/12\/Angles.jpg 320w\" sizes=\"auto, (max-width: 126px) 100vw, 126px\" \/><\/a> <a href=\"https:\/\/serveiseducatius.xtec.cat\/selva1\/wp-content\/uploads\/usu773\/2021\/12\/Bonmati.png\"><img loading=\"lazy\" decoding=\"async\" class=\"alignnone wp-image-4309\" src=\"https:\/\/serveiseducatius.xtec.cat\/selva1\/wp-content\/uploads\/usu773\/2021\/12\/Bonmati-300x134.png\" alt=\"\" width=\"193\" height=\"86\" srcset=\"https:\/\/serveiseducatius.xtec.cat\/selva1\/wp-content\/uploads\/usu773\/2021\/12\/Bonmati-300x134.png 300w, https:\/\/serveiseducatius.xtec.cat\/selva1\/wp-content\/uploads\/usu773\/2021\/12\/Bonmati.png 336w\" sizes=\"auto, (max-width: 193px) 100vw, 193px\" \/><\/a> <a href=\"https:\/\/serveiseducatius.xtec.cat\/selva1\/wp-content\/uploads\/usu773\/2021\/12\/Cellera.png\"><img loading=\"lazy\" decoding=\"async\" class=\"alignnone wp-image-4310\" src=\"https:\/\/serveiseducatius.xtec.cat\/selva1\/wp-content\/uploads\/usu773\/2021\/12\/Cellera.png\" alt=\"\" width=\"165\" height=\"69\" \/><\/a> <a href=\"https:\/\/serveiseducatius.xtec.cat\/selva1\/wp-content\/uploads\/usu773\/2021\/12\/Riudarenes.png\"><img loading=\"lazy\" decoding=\"async\" class=\"alignnone wp-image-4311\" src=\"https:\/\/serveiseducatius.xtec.cat\/selva1\/wp-content\/uploads\/usu773\/2021\/12\/Riudarenes-300x148.png\" alt=\"\" width=\"153\" height=\"75\" srcset=\"https:\/\/serveiseducatius.xtec.cat\/selva1\/wp-content\/uploads\/usu773\/2021\/12\/Riudarenes-300x148.png 300w, https:\/\/serveiseducatius.xtec.cat\/selva1\/wp-content\/uploads\/usu773\/2021\/12\/Riudarenes.png 320w\" sizes=\"auto, (max-width: 153px) 100vw, 153px\" \/><\/a> <a href=\"https:\/\/serveiseducatius.xtec.cat\/selva1\/wp-content\/uploads\/usu773\/2021\/12\/St-Hilari.png\"><img loading=\"lazy\" decoding=\"async\" class=\"alignnone wp-image-4312\" src=\"https:\/\/serveiseducatius.xtec.cat\/selva1\/wp-content\/uploads\/usu773\/2021\/12\/St-Hilari.png\" alt=\"\" width=\"193\" height=\"107\" \/><\/a><\/td>\n<\/tr>\n<\/tbody>\n<\/table>\n<\/div>\n<div>\n<h2 style=\"text-align: center;\">EDICIONS ANTERIORS<\/h2>\n<\/div>\n<div>\n<div class=\"sites-embed-content sites-embed-type-text\">\n<div class=\"sites-embed-content-textbox\">\n<div dir=\"ltr\">\n<table style=\"border-collapse: collapse; width: 100%;\">\n<tbody>\n<tr>\n<td style=\"width: 20%; text-align: center;\"><a href=\"https:\/\/sites.google.com\/view\/literaturainfantilijunvenilbib\/edicions-anteriors\/seminari-24-25\" target=\"_blank\" rel=\"noopener\"><img loading=\"lazy\" decoding=\"async\" class=\" wp-image-11193 aligncenter\" src=\"https:\/\/serveiseducatius.xtec.cat\/selva1\/wp-content\/uploads\/usu773\/2025\/06\/boto-24-25-lila.png\" alt=\"\" width=\"165\" height=\"60\" \/><\/a><\/td>\n<td style=\"width: 20%; text-align: center;\"><a href=\"https:\/\/sites.google.com\/view\/literaturainfantilijunvenilbib\/edicions-anteriors\/seminari-23-24\" target=\"_blank\" rel=\"noopener\"><img loading=\"lazy\" decoding=\"async\" class=\"alignnone wp-image-9148\" src=\"https:\/\/serveiseducatius.xtec.cat\/selva1\/wp-content\/uploads\/usu773\/2024\/07\/curs-23-24-lila.png\" alt=\"\" width=\"160\" height=\"68\" \/><\/a><\/td>\n<td style=\"width: 20%; text-align: center;\"><a href=\"https:\/\/sites.google.com\/view\/literaturainfantilijunvenilbib\/edicions-anteriors\/seminari-22-23\" target=\"_blank\" rel=\"noopener\"><img loading=\"lazy\" decoding=\"async\" class=\"alignnone wp-image-7270 size-full\" src=\"https:\/\/serveiseducatius.xtec.cat\/selva1\/wp-content\/uploads\/usu773\/2023\/09\/boto-2.png\" alt=\"\" width=\"147\" height=\"50\" \/><\/a><\/td>\n<td style=\"width: 20%; text-align: center;\"><a href=\"https:\/\/sites.google.com\/view\/literatura-infantil-i-junvenil\/inici\" target=\"_blank\" rel=\"noopener\"><img loading=\"lazy\" decoding=\"async\" class=\"alignnone wp-image-5530\" src=\"https:\/\/serveiseducatius.xtec.cat\/selva1\/wp-content\/uploads\/usu773\/2022\/09\/Captura-20.png\" alt=\"\" width=\"170\" height=\"85\" \/><\/a><\/td>\n<td style=\"width: 20%; text-align: center;\"><a href=\"https:\/\/sites.google.com\/view\/libise1\/seminari-20-21?authuser=0\" target=\"_blank\" rel=\"noopener\"><img loading=\"lazy\" decoding=\"async\" class=\"alignnone wp-image-3348 size-full\" src=\"https:\/\/serveiseducatius.xtec.cat\/selva1\/wp-content\/uploads\/usu773\/2021\/09\/CURS-20-21.png\" alt=\"\" width=\"153\" height=\"59\" srcset=\"https:\/\/serveiseducatius.xtec.cat\/selva1\/wp-content\/uploads\/usu773\/2021\/09\/CURS-20-21.png 153w, https:\/\/serveiseducatius.xtec.cat\/selva1\/wp-content\/uploads\/usu773\/2021\/09\/CURS-20-21-150x59.png 150w\" sizes=\"auto, (max-width: 153px) 100vw, 153px\" \/><\/a><\/td>\n<\/tr>\n<tr>\n<td style=\"width: 20%; text-align: center;\"><a href=\"https:\/\/sites.google.com\/view\/libise1\/curs-19-20?authuser=0\" target=\"_blank\" rel=\"noopener\"><img loading=\"lazy\" decoding=\"async\" class=\"alignnone wp-image-3349 size-full\" src=\"https:\/\/serveiseducatius.xtec.cat\/selva1\/wp-content\/uploads\/usu773\/2021\/09\/CURS-19-20.png\" alt=\"\" width=\"150\" height=\"57\" \/><\/a><\/td>\n<td style=\"width: 20%; text-align: center;\"><\/td>\n<td style=\"width: 20%; text-align: center;\"><\/td>\n<td style=\"width: 20%; text-align: center;\"><\/td>\n<td style=\"width: 20%; text-align: center;\"><\/td>\n<\/tr>\n<\/tbody>\n<\/table>\n<\/div>\n<\/div>\n<\/div>\n<\/div>\n","protected":false},"excerpt":{"rendered":"<p>VII EDICI\u00d3 DEL SEMINARI DE LITERATURA INFANTIL I JUVENIL\u00a0 I BIBLIOTEQUES ESCOLARS Projectes amb professorat. Formaci\u00f3 en literatura infantil i juvenil i de biblioteques escolars adre\u00e7ada a tots els centres escolars i llars d&#8217;infants de la zona. Espai per treballar la BE com a projecte de centre, per\u00f2 amb la clara intenci\u00f3 d&#8217;anar m\u00e9s enll\u00e0. [&hellip;]<\/p>\n","protected":false},"author":1,"featured_media":0,"parent":0,"menu_order":0,"comment_status":"closed","ping_status":"closed","template":"","meta":{"_bbp_topic_count":0,"_bbp_reply_count":0,"_bbp_total_topic_count":0,"_bbp_total_reply_count":0,"_bbp_voice_count":0,"_bbp_anonymous_reply_count":0,"_bbp_topic_count_hidden":0,"_bbp_reply_count_hidden":0,"_bbp_forum_subforum_count":0,"site-sidebar-layout":"default","site-content-layout":"","ast-site-content-layout":"","site-content-style":"default","site-sidebar-style":"default","ast-global-header-display":"","ast-banner-title-visibility":"","ast-main-header-display":"","ast-hfb-above-header-display":"","ast-hfb-below-header-display":"","ast-hfb-mobile-header-display":"","site-post-title":"","ast-breadcrumbs-content":"","ast-featured-img":"","footer-sml-layout":"","theme-transparent-header-meta":"","adv-header-id-meta":"","stick-header-meta":"","header-above-stick-meta":"","header-main-stick-meta":"","header-below-stick-meta":"","astra-migrate-meta-layouts":"default","ast-page-background-enabled":"default","ast-page-background-meta":{"desktop":{"background-color":"var(--ast-global-color-4)","background-image":"","background-repeat":"repeat","background-position":"center center","background-size":"auto","background-attachment":"scroll","background-type":"","background-media":"","overlay-type":"","overlay-color":"","overlay-opacity":"","overlay-gradient":""},"tablet":{"background-color":"","background-image":"","background-repeat":"repeat","background-position":"center center","background-size":"auto","background-attachment":"scroll","background-type":"","background-media":"","overlay-type":"","overlay-color":"","overlay-opacity":"","overlay-gradient":""},"mobile":{"background-color":"","background-image":"","background-repeat":"repeat","background-position":"center center","background-size":"auto","background-attachment":"scroll","background-type":"","background-media":"","overlay-type":"","overlay-color":"","overlay-opacity":"","overlay-gradient":""}},"ast-content-background-meta":{"desktop":{"background-color":"var(--ast-global-color-5)","background-image":"","background-repeat":"repeat","background-position":"center center","background-size":"auto","background-attachment":"scroll","background-type":"","background-media":"","overlay-type":"","overlay-color":"","overlay-opacity":"","overlay-gradient":""},"tablet":{"background-color":"var(--ast-global-color-5)","background-image":"","background-repeat":"repeat","background-position":"center center","background-size":"auto","background-attachment":"scroll","background-type":"","background-media":"","overlay-type":"","overlay-color":"","overlay-opacity":"","overlay-gradient":""},"mobile":{"background-color":"var(--ast-global-color-5)","background-image":"","background-repeat":"repeat","background-position":"center center","background-size":"auto","background-attachment":"scroll","background-type":"","background-media":"","overlay-type":"","overlay-color":"","overlay-opacity":"","overlay-gradient":""}},"footnotes":""},"class_list":["post-3343","page","type-page","status-publish","hentry"],"post_mailing_queue_ids":[],"_links":{"self":[{"href":"https:\/\/serveiseducatius.xtec.cat\/selva1\/wp-json\/wp\/v2\/pages\/3343","targetHints":{"allow":["GET"]}}],"collection":[{"href":"https:\/\/serveiseducatius.xtec.cat\/selva1\/wp-json\/wp\/v2\/pages"}],"about":[{"href":"https:\/\/serveiseducatius.xtec.cat\/selva1\/wp-json\/wp\/v2\/types\/page"}],"author":[{"embeddable":true,"href":"https:\/\/serveiseducatius.xtec.cat\/selva1\/wp-json\/wp\/v2\/users\/1"}],"replies":[{"embeddable":true,"href":"https:\/\/serveiseducatius.xtec.cat\/selva1\/wp-json\/wp\/v2\/comments?post=3343"}],"version-history":[{"count":6,"href":"https:\/\/serveiseducatius.xtec.cat\/selva1\/wp-json\/wp\/v2\/pages\/3343\/revisions"}],"predecessor-version":[{"id":11234,"href":"https:\/\/serveiseducatius.xtec.cat\/selva1\/wp-json\/wp\/v2\/pages\/3343\/revisions\/11234"}],"wp:attachment":[{"href":"https:\/\/serveiseducatius.xtec.cat\/selva1\/wp-json\/wp\/v2\/media?parent=3343"}],"curies":[{"name":"wp","href":"https:\/\/api.w.org\/{rel}","templated":true}]}}