{"id":2903,"date":"2021-06-22T13:11:03","date_gmt":"2021-06-22T11:11:03","guid":{"rendered":"http:\/\/serveiseducatius.xtec.cat\/selva1\/?page_id=2903"},"modified":"2025-07-13T18:29:16","modified_gmt":"2025-07-13T16:29:16","slug":"jocs-florals-de-catalunya-2","status":"publish","type":"page","link":"https:\/\/serveiseducatius.xtec.cat\/selva1\/jocs-florals-de-catalunya-2\/","title":{"rendered":"JOCS FLORALS DE CATALUNYA"},"content":{"rendered":"<div><\/div>\n<div>\n<table style=\"border-collapse: collapse; width: 96.4072%; height: 433px;\">\n<thead>\n<tr style=\"height: 279px;\">\n<td style=\"width: 99.931%; height: 279px;\" colspan=\"2\">\n<h1 style=\"text-align: center;\" data-wp-editing=\"1\"><a href=\"https:\/\/serveiseducatius.xtec.cat\/selva1\/portada\/jocs-florals-de-catalunya-curs-2024-2025\/\" target=\"_blank\" rel=\"noopener\">XII Edici\u00f3 Jocs Florals a la Selva<\/a><\/h1>\n<h1 style=\"text-align: center;\" data-wp-editing=\"1\"><img loading=\"lazy\" decoding=\"async\" class=\"wp-image-2321 alignleft\" src=\"https:\/\/serveiseducatius.xtec.cat\/selva1\/wp-content\/uploads\/usu773\/2021\/02\/logo-jocs-florals.png\" alt=\"\" width=\"265\" height=\"127\" \/><\/h1>\n<h5 style=\"text-align: justify;\">El Departament d&#8217;Ensenyament convoca els XI Jocs Florals Escolars de Catalunya amb l&#8217;objectiu de potenciar i estimular l\u2019expressi\u00f3 i la producci\u00f3 escrites dels nois i noies i fomentar i difondre una tradici\u00f3 cultural pr\u00f2pia i arrelada al pa\u00eds.<\/h5>\n<h5 style=\"text-align: justify;\">S\u2019estableixen diverses categories segons el nivell educatiu. Els Jocs van adre\u00e7ats als centres d\u2019educaci\u00f3 prim\u00e0ria i d\u2019educaci\u00f3 secund\u00e0ria obligat\u00f2ria. Per poder participar en aquesta convocat\u00f2ria cal inscriure&#8217;s.<\/h5>\n<h3 style=\"text-align: left;\">\u00a0 \u00a0 \u00a0 \u00a0 \u00a0 \u00a0 \u00a0 \u00a0 \u00a0 \u00a0 \u00a0 \u00a0 \u00a0 \u00a0 \u00a0 \u00a0 \u00a0 \u00a0 \u00a0 \u00a0 \u00a0 \u00a0<a href=\"https:\/\/docs.google.com\/forms\/d\/e\/1FAIpQLScJJap5kAd59den2X1jeqEgiG9roNoUiS9k6Obtz1RMBSqbdg\/viewform\" target=\"_blank\" rel=\"noopener\">FORMULARI D&#8217;INSCRIPCI\u00d3<\/a> (fins al 25 d&#8217;abril)<\/h3>\n<h5 style=\"text-align: left;\"><\/h5>\n<h5 style=\"text-align: center;\"><\/h5>\n<\/td>\n<\/tr>\n<tr style=\"height: 144px;\">\n<td style=\"height: 96px; width: 99.931%;\" colspan=\"2\">\n<h2 style=\"text-align: center;\"><a href=\"https:\/\/serveiseducatius.xtec.cat\/selva1\/portada\/jocs-florals-de-catalunya-curs-2024-2025\/\" target=\"_blank\" rel=\"noopener\"><span style=\"color: #ff9900;\"><strong>Jocs Florals a la Selva 2024-25. XII Edici\u00f3<\/strong><\/span><\/a><\/h2>\n<h4 style=\"text-align: center;\">23 de\u00a0 maig, <span style=\"font-weight: 400;\">Acte telem\u00e0tic de lliurament dels guardons a nivell\u00a0 del ST de Girona<\/span><\/h4>\n<p style=\"text-align: center;\"><a href=\"https:\/\/drive.google.com\/file\/d\/1TsUXIK6cScoNWAsZtfd5-tApS78PMWrT\/view?usp=sharing\" target=\"_blank\" rel=\"noopener\"><strong>Vegeu les BASES del concurs<\/strong><\/a><\/p>\n<p style=\"text-align: center;\"><a href=\"https:\/\/drive.google.com\/file\/d\/1we8QEb-bJyw5uB0WDKnUjW5dU7Yo5zYA\/view?usp=sharing\" target=\"_blank\" rel=\"noopener\"><strong>Bases de la categoria H: el conte audiovisual<\/strong><\/a><\/p>\n<p style=\"text-align: center;\"><a href=\"https:\/\/xtec.gencat.cat\/ca\/centres\/premis-i-concursos\/jocsflorals\/materials-i-recursos\/\" target=\"_blank\" rel=\"noopener\"><strong>Tamb\u00e9 hi trobareu materials i recursos per a l\u2019escriptura<\/strong><\/a><\/p>\n<\/td>\n<\/tr>\n<tr style=\"height: 58px;\">\n<td style=\"width: 49.1373%; height: 58px;\" colspan=\"2\">\n<h4 style=\"text-align: center;\"><a href=\"https:\/\/view.genially.com\/674d78b80c5773eb00feb2fa\/horizontal-infographic-diagrams-xii-jocs-florals\" target=\"_blank\" rel=\"noopener\"><strong>FASES DELS JOCS FLORALS<\/strong><\/a><\/h4>\n<\/td>\n<\/tr>\n<\/thead>\n<\/table>\n<\/div>\n<div>\n<h2 style=\"text-align: center;\">EDICIONS ANTERIORS<\/h2>\n<\/div>\n<div>\n<div class=\"sites-embed-content sites-embed-type-text\">\n<div class=\"sites-embed-content-textbox\">\n<div dir=\"ltr\">\n<div>\n<p>\u200b<\/p>\n<table style=\"border-collapse: collapse; width: 100%;\">\n<tbody>\n<tr>\n<td style=\"width: 20%; text-align: center;\"><a href=\"https:\/\/serveiseducatius.xtec.cat\/selva1\/jocs-florals-de-catalunya-2\/jocs-florals-24-25\/\" target=\"_blank\" rel=\"noopener\"><img loading=\"lazy\" decoding=\"async\" class=\"size-full wp-image-11179 aligncenter\" src=\"https:\/\/serveiseducatius.xtec.cat\/selva1\/wp-content\/uploads\/usu773\/2025\/06\/24-25.png\" alt=\"\" width=\"182\" height=\"76\" \/><\/a><\/td>\n<td style=\"width: 20%; text-align: center;\"><a href=\"https:\/\/sites.google.com\/site\/seselva1\/jocs-florals-19-20\">\u00a0 \u00a0<\/a><a href=\"https:\/\/serveiseducatius.xtec.cat\/selva1\/general\/jocs-florals-de-catalunya-curs-23-24\/\" target=\"_blank\" rel=\"noopener\"><img loading=\"lazy\" decoding=\"async\" class=\"wp-image-9132 alignnone\" src=\"https:\/\/serveiseducatius.xtec.cat\/selva1\/wp-content\/uploads\/usu773\/2024\/07\/curs-23-24-1.png\" alt=\"\" width=\"185\" height=\"87\" \/><\/a><\/td>\n<td style=\"width: 20%; text-align: center;\"><a href=\"https:\/\/serveiseducatius.xtec.cat\/selva1\/portada\/jocs-florals-de-catalunya-curs-22-23\/\" target=\"_blank\" rel=\"noopener\"><img loading=\"lazy\" decoding=\"async\" class=\"alignnone wp-image-7256\" src=\"https:\/\/serveiseducatius.xtec.cat\/selva1\/wp-content\/uploads\/usu773\/2023\/09\/boto-1-1.png\" alt=\"\" width=\"163\" height=\"56\" \/><\/a><\/td>\n<td style=\"width: 20%; text-align: center;\"><a href=\"https:\/\/serveiseducatius.xtec.cat\/selva1\/jocs-florals-de-catalunya-curs-21-22\/\" target=\"_blank\" rel=\"noopener\"><img loading=\"lazy\" decoding=\"async\" class=\"alignnone size-full wp-image-5475\" src=\"https:\/\/serveiseducatius.xtec.cat\/selva1\/wp-content\/uploads\/usu773\/2022\/09\/Captura-16.png\" alt=\"\" width=\"198\" height=\"81\" \/><\/a><\/td>\n<td style=\"width: 20%; text-align: center;\"><a href=\"https:\/\/serveiseducatius.xtec.cat\/selva1\/jocs-florals-de-catalunya\/\" target=\"_blank\" rel=\"noopener\"><img loading=\"lazy\" decoding=\"async\" class=\"alignnone wp-image-3222\" src=\"https:\/\/serveiseducatius.xtec.cat\/selva1\/wp-content\/uploads\/usu773\/2021\/09\/20-21.png\" alt=\"\" width=\"191\" height=\"78\" \/><\/a><\/td>\n<\/tr>\n<tr>\n<td style=\"width: 20%; text-align: center;\"><a href=\"https:\/\/sites.google.com\/site\/seselva1\/jocs-florals-19-20\" target=\"_blank\" rel=\"noopener\"><img loading=\"lazy\" decoding=\"async\" class=\"alignnone wp-image-3223\" src=\"https:\/\/serveiseducatius.xtec.cat\/selva1\/wp-content\/uploads\/usu773\/2021\/09\/19-20.png\" alt=\"\" width=\"187\" height=\"65\" \/><\/a><\/td>\n<td style=\"width: 20%; text-align: center;\"><a href=\"https:\/\/sites.google.com\/site\/seselva1\/jocs-florals-18-19\" target=\"_blank\" rel=\"noopener\"><img loading=\"lazy\" decoding=\"async\" class=\"alignnone wp-image-3191 size-full\" src=\"https:\/\/serveiseducatius.xtec.cat\/selva1\/wp-content\/uploads\/usu773\/2021\/09\/18-19.png\" alt=\"\" width=\"184\" height=\"68\" \/><\/a><\/td>\n<td style=\"width: 20%; text-align: center;\"><a href=\"https:\/\/sites.google.com\/site\/seselva1\/jocs-florals-a-la-selva-17-18\" target=\"_blank\" rel=\"noopener\"><img loading=\"lazy\" decoding=\"async\" class=\"alignnone wp-image-3192 size-full\" src=\"https:\/\/serveiseducatius.xtec.cat\/selva1\/wp-content\/uploads\/usu773\/2021\/09\/17-18.png\" alt=\"\" width=\"187\" height=\"77\" \/><\/a><\/td>\n<td style=\"width: 20%; text-align: center;\"><a href=\"https:\/\/sites.google.com\/site\/seselva1\/jocs-florals-a-la-selva-16-17\" target=\"_blank\" rel=\"noopener\"><img loading=\"lazy\" decoding=\"async\" class=\"alignnone wp-image-3193 size-full\" src=\"https:\/\/serveiseducatius.xtec.cat\/selva1\/wp-content\/uploads\/usu773\/2021\/09\/16-17.png\" alt=\"\" width=\"181\" height=\"71\" \/><\/a><\/td>\n<td style=\"width: 20%; text-align: center;\"><a href=\"https:\/\/sites.google.com\/site\/seselva1\/Home\/eines-de-dinamitzaci\/jocsfloralsdecatalunya\/jocs-florals-a-la-selva-15-16\" target=\"_blank\" rel=\"noopener\"><img loading=\"lazy\" decoding=\"async\" class=\"alignnone wp-image-3194 size-full\" src=\"https:\/\/serveiseducatius.xtec.cat\/selva1\/wp-content\/uploads\/usu773\/2021\/09\/15-16.png\" alt=\"\" width=\"178\" height=\"74\" \/><\/a><\/td>\n<\/tr>\n<tr>\n<td style=\"width: 20%; text-align: center;\"><a href=\"https:\/\/sites.google.com\/site\/seselva1\/Home\/eines-de-dinamitzaci\/jocsfloralsdecatalunya\/jocs-florals-a-la-selva\" target=\"_blank\" rel=\"noopener\"><img loading=\"lazy\" decoding=\"async\" class=\"alignnone wp-image-3195 size-full\" src=\"https:\/\/serveiseducatius.xtec.cat\/selva1\/wp-content\/uploads\/usu773\/2021\/09\/14-o5.png\" alt=\"\" width=\"186\" height=\"73\" \/><\/a><\/td>\n<td style=\"width: 20%; text-align: center;\"><\/td>\n<td style=\"width: 20%; text-align: center;\"><\/td>\n<td style=\"width: 20%; text-align: center;\"><\/td>\n<td style=\"width: 20%; text-align: center;\"><\/td>\n<\/tr>\n<\/tbody>\n<\/table>\n<\/div>\n<p>&nbsp;<\/p>\n<\/div>\n<\/div>\n<\/div>\n<\/div>\n","protected":false},"excerpt":{"rendered":"<p>XII Edici\u00f3 Jocs Florals a la Selva El Departament d&#8217;Ensenyament convoca els XI Jocs Florals Escolars de Catalunya amb l&#8217;objectiu de potenciar i estimular l\u2019expressi\u00f3 i la producci\u00f3 escrites dels nois i noies i fomentar i difondre una tradici\u00f3 cultural pr\u00f2pia i arrelada al pa\u00eds. S\u2019estableixen diverses categories segons el nivell educatiu. Els Jocs van [&hellip;]<\/p>\n","protected":false},"author":1,"featured_media":0,"parent":0,"menu_order":0,"comment_status":"closed","ping_status":"closed","template":"","meta":{"_bbp_topic_count":0,"_bbp_reply_count":0,"_bbp_total_topic_count":0,"_bbp_total_reply_count":0,"_bbp_voice_count":0,"_bbp_anonymous_reply_count":0,"_bbp_topic_count_hidden":0,"_bbp_reply_count_hidden":0,"_bbp_forum_subforum_count":0,"site-sidebar-layout":"default","site-content-layout":"","ast-site-content-layout":"","site-content-style":"default","site-sidebar-style":"default","ast-global-header-display":"","ast-banner-title-visibility":"","ast-main-header-display":"","ast-hfb-above-header-display":"","ast-hfb-below-header-display":"","ast-hfb-mobile-header-display":"","site-post-title":"","ast-breadcrumbs-content":"","ast-featured-img":"","footer-sml-layout":"","theme-transparent-header-meta":"","adv-header-id-meta":"","stick-header-meta":"","header-above-stick-meta":"","header-main-stick-meta":"","header-below-stick-meta":"","astra-migrate-meta-layouts":"default","ast-page-background-enabled":"default","ast-page-background-meta":{"desktop":{"background-color":"var(--ast-global-color-4)","background-image":"","background-repeat":"repeat","background-position":"center center","background-size":"auto","background-attachment":"scroll","background-type":"","background-media":"","overlay-type":"","overlay-color":"","overlay-opacity":"","overlay-gradient":""},"tablet":{"background-color":"","background-image":"","background-repeat":"repeat","background-position":"center center","background-size":"auto","background-attachment":"scroll","background-type":"","background-media":"","overlay-type":"","overlay-color":"","overlay-opacity":"","overlay-gradient":""},"mobile":{"background-color":"","background-image":"","background-repeat":"repeat","background-position":"center center","background-size":"auto","background-attachment":"scroll","background-type":"","background-media":"","overlay-type":"","overlay-color":"","overlay-opacity":"","overlay-gradient":""}},"ast-content-background-meta":{"desktop":{"background-color":"var(--ast-global-color-5)","background-image":"","background-repeat":"repeat","background-position":"center center","background-size":"auto","background-attachment":"scroll","background-type":"","background-media":"","overlay-type":"","overlay-color":"","overlay-opacity":"","overlay-gradient":""},"tablet":{"background-color":"var(--ast-global-color-5)","background-image":"","background-repeat":"repeat","background-position":"center center","background-size":"auto","background-attachment":"scroll","background-type":"","background-media":"","overlay-type":"","overlay-color":"","overlay-opacity":"","overlay-gradient":""},"mobile":{"background-color":"var(--ast-global-color-5)","background-image":"","background-repeat":"repeat","background-position":"center center","background-size":"auto","background-attachment":"scroll","background-type":"","background-media":"","overlay-type":"","overlay-color":"","overlay-opacity":"","overlay-gradient":""}},"footnotes":""},"class_list":["post-2903","page","type-page","status-publish","hentry"],"post_mailing_queue_ids":[],"_links":{"self":[{"href":"https:\/\/serveiseducatius.xtec.cat\/selva1\/wp-json\/wp\/v2\/pages\/2903","targetHints":{"allow":["GET"]}}],"collection":[{"href":"https:\/\/serveiseducatius.xtec.cat\/selva1\/wp-json\/wp\/v2\/pages"}],"about":[{"href":"https:\/\/serveiseducatius.xtec.cat\/selva1\/wp-json\/wp\/v2\/types\/page"}],"author":[{"embeddable":true,"href":"https:\/\/serveiseducatius.xtec.cat\/selva1\/wp-json\/wp\/v2\/users\/1"}],"replies":[{"embeddable":true,"href":"https:\/\/serveiseducatius.xtec.cat\/selva1\/wp-json\/wp\/v2\/comments?post=2903"}],"version-history":[{"count":6,"href":"https:\/\/serveiseducatius.xtec.cat\/selva1\/wp-json\/wp\/v2\/pages\/2903\/revisions"}],"predecessor-version":[{"id":11262,"href":"https:\/\/serveiseducatius.xtec.cat\/selva1\/wp-json\/wp\/v2\/pages\/2903\/revisions\/11262"}],"wp:attachment":[{"href":"https:\/\/serveiseducatius.xtec.cat\/selva1\/wp-json\/wp\/v2\/media?parent=2903"}],"curies":[{"name":"wp","href":"https:\/\/api.w.org\/{rel}","templated":true}]}}