{"id":2899,"date":"2021-06-22T13:04:27","date_gmt":"2021-06-22T11:04:27","guid":{"rendered":"http:\/\/serveiseducatius.xtec.cat\/selva1\/?page_id=2899"},"modified":"2026-04-10T12:59:22","modified_gmt":"2026-04-10T10:59:22","slug":"certamen-de-lectura-en-veu-alta","status":"publish","type":"page","link":"https:\/\/serveiseducatius.xtec.cat\/selva1\/certamen-de-lectura-en-veu-alta\/","title":{"rendered":"CERTAMEN DE LECTURA EN VEU ALTA"},"content":{"rendered":"<div><\/div>\n<div>\n<table style=\"border-collapse: collapse; width: 100.31%; height: 686px;\">\n<thead>\n<tr style=\"height: 279px;\">\n<td style=\"width: 97.6476%; height: 14px;\" colspan=\"2\">\n<h1 style=\"text-align: center;\" data-wp-editing=\"1\"><a href=\"https:\/\/sites.google.com\/view\/clva-20-21\/inici\" target=\"_blank\" rel=\"noopener\"><img loading=\"lazy\" decoding=\"async\" class=\"size-full wp-image-3846 alignleft\" src=\"https:\/\/serveiseducatius.xtec.cat\/selva1\/wp-content\/uploads\/usu773\/2021\/10\/Captura-14.png\" alt=\"\" width=\"119\" height=\"99\" \/><\/a><a href=\"https:\/\/sites.google.com\/view\/clva-20-21\/inici\" target=\"_blank\" rel=\"noopener\">XXII Edici\u00f3 Certamen de Lectura en Veu Alta<\/a><\/h1>\n<h5><\/h5>\n<h5 style=\"text-align: center;\">La lectura i l\u2019escriptura s\u00f3n considerades eines primordials i b\u00e0siques de la resta d\u2019aprenentatges i, per tant, han de constituir un objectiu d\u2019atenci\u00f3 preferent durant tota l\u2019etapa d\u2019educaci\u00f3 obligat\u00f2ria. La dedicaci\u00f3 espec\u00edfica a activitats de descodificaci\u00f3 lectora no s\u2019haurien de limitar a l\u2019Educaci\u00f3 Prim\u00e0ria, sin\u00f3 que hauria de ser un objectiu que es prolongu\u00e9s al llarg de l\u2019Educaci\u00f3 Secund\u00e0ria, en la qual les activitats de comprensi\u00f3 lectora haurien de continuar tenint un paper destacat.<\/h5>\n<h5 style=\"text-align: center;\">VEGEU M\u00c9S INFORMACI\u00d3 SOBRE EL PROJECTE I BASES DEL CERTAMEN<\/h5>\n<p><a href=\"https:\/\/drive.google.com\/file\/d\/1XgHJT1-xYcLEDqH6_tmJnu931t5DuOcl\/view?usp=sharing\" target=\"_blank\" rel=\"noopener\"><img loading=\"lazy\" decoding=\"async\" class=\"size-medium wp-image-12087 aligncenter\" src=\"https:\/\/serveiseducatius.xtec.cat\/selva1\/wp-content\/uploads\/usu773\/2026\/01\/calendari-CLVA-300x227.jpg\" alt=\"\" width=\"300\" height=\"227\" srcset=\"https:\/\/serveiseducatius.xtec.cat\/selva1\/wp-content\/uploads\/usu773\/2026\/01\/calendari-CLVA-300x227.jpg 300w, https:\/\/serveiseducatius.xtec.cat\/selva1\/wp-content\/uploads\/usu773\/2026\/01\/calendari-CLVA-200x150.jpg 200w, https:\/\/serveiseducatius.xtec.cat\/selva1\/wp-content\/uploads\/usu773\/2026\/01\/calendari-CLVA.jpg 753w\" sizes=\"auto, (max-width: 300px) 100vw, 300px\" \/><\/a><\/p>\n<h5 style=\"text-align: center;\"><\/h5>\n<\/td>\n<\/tr>\n<tr style=\"height: 144px;\">\n<td style=\"height: 144px;\" colspan=\"2\">\n<h2 style=\"text-align: center;\"><a href=\"https:\/\/sites.google.com\/view\/clva-20-21\/inici\" target=\"_blank\" rel=\"noopener\"><span style=\"color: #ff9900;\"><strong>Certamen de Lectura en Veu Alta 25-26. XXII Edici\u00f3<\/strong><\/span><\/a><\/h2>\n<h3><a href=\"https:\/\/www.lecturaenveualta.cat\/\" target=\"_blank\" rel=\"noopener\"><img loading=\"lazy\" decoding=\"async\" class=\"wp-image-6504 aligncenter\" src=\"https:\/\/serveiseducatius.xtec.cat\/selva1\/wp-content\/uploads\/usu773\/2023\/02\/Captura10-300x300.jpg\" alt=\"\" width=\"127\" height=\"127\" srcset=\"https:\/\/serveiseducatius.xtec.cat\/selva1\/wp-content\/uploads\/usu773\/2023\/02\/Captura10-300x300.jpg 300w, https:\/\/serveiseducatius.xtec.cat\/selva1\/wp-content\/uploads\/usu773\/2023\/02\/Captura10-150x150.jpg 150w, https:\/\/serveiseducatius.xtec.cat\/selva1\/wp-content\/uploads\/usu773\/2023\/02\/Captura10.jpg 600w\" sizes=\"auto, (max-width: 127px) 100vw, 127px\" \/><\/a><a href=\"https:\/\/www.lecturaenveualta.cat\/\" target=\"_blank\" rel=\"noopener\"><img loading=\"lazy\" decoding=\"async\" class=\"aligncenter wp-image-5707 size-medium\" src=\"https:\/\/serveiseducatius.xtec.cat\/selva1\/wp-content\/uploads\/usu773\/2022\/09\/Captura-29-300x99.png\" alt=\"\" width=\"300\" height=\"99\" srcset=\"https:\/\/serveiseducatius.xtec.cat\/selva1\/wp-content\/uploads\/usu773\/2022\/09\/Captura-29-300x99.png 300w, https:\/\/serveiseducatius.xtec.cat\/selva1\/wp-content\/uploads\/usu773\/2022\/09\/Captura-29.png 541w\" sizes=\"auto, (max-width: 300px) 100vw, 300px\" \/><\/a><\/h3>\n<h1 style=\"text-align: center;\">El dijous 7 de maig es far\u00e0 la final territorial a Palafrugell<\/h1>\n<h6 dir=\"ltr\" style=\"text-align: center;\">El dijous 9 d&#8217;abril es far\u00e0 la fase de semifinals a Santa Coloma de Farners.<\/h6>\n<section id=\"h.7a787d5c38a51dd7_3\" class=\"yaqOZd qeLZfd\">\n<div class=\"mYVXT\">\n<div class=\"LS81yb VICjCf j5pSsc db35Fc\" tabindex=\"-1\">\n<div class=\"hJDwNd-AhqUyc-OiUrBf Ft7HRd-AhqUyc-OiUrBf purZT-AhqUyc-II5mzb ZcASvf-AhqUyc-II5mzb pSzOP-AhqUyc-qWD73c Ktthjf-AhqUyc-qWD73c JNdkSc SQVYQc\">\n<div class=\"JNdkSc-SmKAyb LkDMRd\">\n<div class=\"\">\n<div class=\"oKdM2c ZZyype Kzv0Me\">\n<div id=\"h.2775b37df65bc6ac_64\" class=\"hJDwNd-AhqUyc-OiUrBf Ft7HRd-AhqUyc-OiUrBf jXK9ad D2fZ2 zu5uec OjCsFc dmUFtb wHaque g5GTcb\">\n<div class=\"jXK9ad-SmKAyb\">\n<div class=\"tyJCtd mGzaTb Depvyb baZpAe\">\n<h3 class=\"zfr3Q CDt4Ke \" dir=\"ltr\" style=\"text-align: center;\"><span class=\"C9DxTc aw5Odc \"><a href=\"https:\/\/docs.google.com\/document\/d\/1PcX9iTII2fr08HGGxGvYra-dCcJgVIkl\/edit?usp=sharing&amp;ouid=112608042752759412857&amp;rtpof=true&amp;sd=true\" target=\"_blank\" rel=\"noopener\">MODEL DE PARTICIPACI\u00d3 PER TRAMETRE AL CRP<\/a>\u00a0<\/span><span class=\"C9DxTc \"> (abans\u00a0<\/span><\/h3>\n<h2 style=\"text-align: center;\"><span style=\"color: #ff6600;\"><a style=\"color: #ff6600;\" href=\"https:\/\/docs.google.com\/spreadsheets\/d\/1q2vmY7rZ0DhxfQnm3CVfcEfM961OyQ4R0btqJJ8EE5A\/edit?usp=sharing\" target=\"_blank\" rel=\"noopener\">HORARI BUSOS<\/a><\/span><\/h2>\n<h3 class=\"zfr3Q CDt4Ke \" dir=\"ltr\" style=\"text-align: center;\"><span class=\"C9DxTc \">de l&#8217;1 de mar\u00e7) Cal fer una c\u00f2pia per poder editar!<\/span><\/h3>\n<\/div>\n<\/div>\n<\/div>\n<\/div>\n<\/div>\n<\/div>\n<\/div>\n<div class=\"hJDwNd-AhqUyc-ibL1re Ft7HRd-AhqUyc-ibL1re JNdkSc SQVYQc L6cTce-purZT L6cTce-pSzOP\">\n<div class=\"JNdkSc-SmKAyb LkDMRd\">\n<div class=\"\"><\/div>\n<\/div>\n<\/div>\n<\/div>\n<\/div>\n<\/section>\n<h3 style=\"text-align: center;\">Per\u00edode d\u2019inscripci\u00f3 al\u00a0<b>XXII Certamen de lectura en veu alta <\/b><strong>(<a href=\"https:\/\/www.lecturaenveualta.cat\/certamen-de-lectura-en-veu-alta-escolar\/formulari-inscripcio\/\" target=\"_blank\" rel=\"noopener\">inscripci\u00f3 al Certamen<\/a>)<\/strong>\u00a0<b>fins al 31 d&#8217;octubre<\/b>.<u><\/u><u><\/u><\/h3>\n<p style=\"text-align: center;\">Com cada curs, aquesta iniciativa de la Fundaci\u00f3 Enciclop\u00e8dia Catalana, amb la col\u00b7laboraci\u00f3 del Departament d\u2019Educaci\u00f3,\u00a0 t\u00e9 com a objectiu promoure la lectura entre l\u2019alumnat de tot Catalunya des de cicle mitj\u00e0 de prim\u00e0ria fins a 4t d\u2019ESO.<\/p>\n<\/td>\n<\/tr>\n<\/thead>\n<\/table>\n<\/div>\n<div>\n<h3 style=\"text-align: center;\">EDICIONS ANTERIORS<\/h3>\n<\/div>\n<div>\n<div class=\"sites-embed-content sites-embed-type-text\">\n<div class=\"sites-embed-content-textbox\">\n<div dir=\"ltr\">\n<div>\n<p>\u200b<\/p>\n<table style=\"border-collapse: collapse; width: 100%;\">\n<tbody>\n<tr>\n<td style=\"width: 20%; text-align: center;\"><a href=\"https:\/\/sites.google.com\/view\/clva-20-21\/edicions-anteriors\/curs-24-25\" target=\"_blank\" rel=\"noopener\"><img loading=\"lazy\" decoding=\"async\" class=\"size-full wp-image-11179 aligncenter\" src=\"https:\/\/serveiseducatius.xtec.cat\/selva1\/wp-content\/uploads\/usu773\/2025\/06\/24-25.png\" alt=\"\" width=\"182\" height=\"76\" \/><\/a><\/td>\n<td style=\"width: 20%; text-align: center;\"><a href=\"https:\/\/sites.google.com\/view\/clva-20-21\/edicions-anteriors\/curs-23-24\" target=\"_blank\" rel=\"noopener\"><img loading=\"lazy\" decoding=\"async\" class=\"alignnone wp-image-9132\" src=\"https:\/\/serveiseducatius.xtec.cat\/selva1\/wp-content\/uploads\/usu773\/2024\/07\/curs-23-24-1.png\" alt=\"\" width=\"196\" height=\"92\" \/><\/a><\/td>\n<td style=\"width: 20%; text-align: center;\"><a href=\"https:\/\/sites.google.com\/view\/clva-20-21\/edicions-anteriors\/curs-22-23\" target=\"_blank\" rel=\"noopener\"><img loading=\"lazy\" decoding=\"async\" class=\"alignnone wp-image-7256\" src=\"https:\/\/serveiseducatius.xtec.cat\/selva1\/wp-content\/uploads\/usu773\/2023\/09\/boto-1-1.png\" alt=\"\" width=\"190\" height=\"65\" \/><\/a><\/td>\n<td style=\"width: 20%; text-align: center;\"><a href=\"https:\/\/sites.google.com\/view\/clva-20-21\/edicions-anteriors\/curs-21-22\" target=\"_blank\" rel=\"noopener\"><img loading=\"lazy\" decoding=\"async\" class=\"alignnone wp-image-5475 size-full\" src=\"https:\/\/serveiseducatius.xtec.cat\/selva1\/wp-content\/uploads\/usu773\/2022\/09\/Captura-16.png\" alt=\"\" width=\"198\" height=\"81\" \/><\/a><\/td>\n<td style=\"width: 20%; text-align: center;\"><a href=\"https:\/\/sites.google.com\/view\/clva-20-21\/edicions-anteriors\/curs-20-21\" target=\"_blank\" rel=\"noopener\"><img loading=\"lazy\" decoding=\"async\" class=\"alignnone wp-image-3222\" src=\"https:\/\/serveiseducatius.xtec.cat\/selva1\/wp-content\/uploads\/usu773\/2021\/09\/20-21.png\" alt=\"\" width=\"189\" height=\"77\" \/><\/a><\/td>\n<\/tr>\n<tr>\n<td style=\"width: 20%; text-align: center;\"><a href=\"https:\/\/sites.google.com\/site\/seselva1\/xvi-certamen-de-lectura-en-veu-alta?authuser=0\" target=\"_blank\" rel=\"noopener\"><img loading=\"lazy\" decoding=\"async\" class=\"alignnone wp-image-3223\" src=\"https:\/\/serveiseducatius.xtec.cat\/selva1\/wp-content\/uploads\/usu773\/2021\/09\/19-20.png\" alt=\"\" width=\"181\" height=\"63\" \/><\/a><\/td>\n<td style=\"width: 20%; text-align: center;\"><a href=\"https:\/\/sites.google.com\/site\/seselva1\/xv-certamen-de-lectura-en-veu-alta\" target=\"_blank\" rel=\"noopener\"><img loading=\"lazy\" decoding=\"async\" class=\"alignnone wp-image-3191 size-full\" src=\"https:\/\/serveiseducatius.xtec.cat\/selva1\/wp-content\/uploads\/usu773\/2021\/09\/18-19.png\" alt=\"\" width=\"184\" height=\"68\" \/><\/a><\/td>\n<td style=\"width: 20%; text-align: center;\"><a href=\"https:\/\/sites.google.com\/site\/seselva1\/benvingutda-a-la-nostra-xarxa-educativa\/eines-dinamitzaci%C3%B3\/certamen-de-lectura-en-veu-alta\/xiii-certamen-lva\/xiv-certamen-de-lectura-en-veu-alta?authuser=0\" target=\"_blank\" rel=\"noopener\"><img loading=\"lazy\" decoding=\"async\" class=\"alignnone wp-image-3192 size-full\" src=\"https:\/\/serveiseducatius.xtec.cat\/selva1\/wp-content\/uploads\/usu773\/2021\/09\/17-18.png\" alt=\"\" width=\"187\" height=\"77\" \/><\/a><\/td>\n<td style=\"width: 20%; text-align: center;\"><a href=\"https:\/\/sites.google.com\/site\/seselva1\/benvingutda-a-la-nostra-xarxa-educativa\/eines-dinamitzaci%C3%B3\/certamen-de-lectura-en-veu-alta\/xiii-certamen-lva?authuser=0\" target=\"_blank\" rel=\"noopener\"><img loading=\"lazy\" decoding=\"async\" class=\"alignnone wp-image-3193 size-full\" src=\"https:\/\/serveiseducatius.xtec.cat\/selva1\/wp-content\/uploads\/usu773\/2021\/09\/16-17.png\" alt=\"\" width=\"181\" height=\"71\" \/><\/a><\/td>\n<td style=\"width: 20%; text-align: center;\"><a href=\"https:\/\/sites.google.com\/site\/seselva1\/benvingutda-a-la-nostra-xarxa-educativa\/el-nostre-rebost\/xii-certamen-lva?authuser=0\" target=\"_blank\" rel=\"noopener\"><img loading=\"lazy\" decoding=\"async\" class=\"alignnone wp-image-3194 size-full\" src=\"https:\/\/serveiseducatius.xtec.cat\/selva1\/wp-content\/uploads\/usu773\/2021\/09\/15-16.png\" alt=\"\" width=\"178\" height=\"74\" \/><\/a><\/td>\n<\/tr>\n<tr>\n<td style=\"text-align: center; width: 20%;\"><\/td>\n<td style=\"text-align: center; width: 20%;\"><\/td>\n<td style=\"text-align: center; width: 20%;\"><\/td>\n<td style=\"text-align: center; width: 20%;\"><\/td>\n<td style=\"width: 20%; text-align: center;\"><a href=\"https:\/\/docs.google.com\/document\/d\/1SSeYw3aef0zv8QQ1sTi8lYRAXj6VGLmugky8dacpUWU\/edit?usp=sharing\" target=\"_blank\" rel=\"noopener\"><img loading=\"lazy\" decoding=\"async\" class=\"alignnone wp-image-4148\" style=\"font-size: 16px; text-align: start; background-color: #ffffff;\" src=\"https:\/\/serveiseducatius.xtec.cat\/selva1\/wp-content\/uploads\/usu773\/2021\/11\/autoritzacio-1.jpg\" alt=\"\" width=\"150\" height=\"165\" \/><\/a><\/td>\n<\/tr>\n<\/tbody>\n<\/table>\n<\/div>\n<p>&nbsp;<\/p>\n<\/div>\n<\/div>\n<\/div>\n<\/div>\n","protected":false},"excerpt":{"rendered":"<p>XXII Edici\u00f3 Certamen de Lectura en Veu Alta La lectura i l\u2019escriptura s\u00f3n considerades eines primordials i b\u00e0siques de la resta d\u2019aprenentatges i, per tant, han de constituir un objectiu d\u2019atenci\u00f3 preferent durant tota l\u2019etapa d\u2019educaci\u00f3 obligat\u00f2ria. La dedicaci\u00f3 espec\u00edfica a activitats de descodificaci\u00f3 lectora no s\u2019haurien de limitar a l\u2019Educaci\u00f3 Prim\u00e0ria, sin\u00f3 que hauria [&hellip;]<\/p>\n","protected":false},"author":1,"featured_media":0,"parent":0,"menu_order":0,"comment_status":"closed","ping_status":"closed","template":"","meta":{"_bbp_topic_count":0,"_bbp_reply_count":0,"_bbp_total_topic_count":0,"_bbp_total_reply_count":0,"_bbp_voice_count":0,"_bbp_anonymous_reply_count":0,"_bbp_topic_count_hidden":0,"_bbp_reply_count_hidden":0,"_bbp_forum_subforum_count":0,"site-sidebar-layout":"default","site-content-layout":"","ast-site-content-layout":"default","site-content-style":"default","site-sidebar-style":"default","ast-global-header-display":"","ast-banner-title-visibility":"","ast-main-header-display":"","ast-hfb-above-header-display":"","ast-hfb-below-header-display":"","ast-hfb-mobile-header-display":"","site-post-title":"","ast-breadcrumbs-content":"","ast-featured-img":"","footer-sml-layout":"","theme-transparent-header-meta":"default","adv-header-id-meta":"","stick-header-meta":"","header-above-stick-meta":"","header-main-stick-meta":"","header-below-stick-meta":"","astra-migrate-meta-layouts":"set","ast-page-background-enabled":"default","ast-page-background-meta":{"desktop":{"background-color":"var(--ast-global-color-4)","background-image":"","background-repeat":"repeat","background-position":"center center","background-size":"auto","background-attachment":"scroll","background-type":"","background-media":"","overlay-type":"","overlay-color":"","overlay-opacity":"","overlay-gradient":""},"tablet":{"background-color":"","background-image":"","background-repeat":"repeat","background-position":"center center","background-size":"auto","background-attachment":"scroll","background-type":"","background-media":"","overlay-type":"","overlay-color":"","overlay-opacity":"","overlay-gradient":""},"mobile":{"background-color":"","background-image":"","background-repeat":"repeat","background-position":"center center","background-size":"auto","background-attachment":"scroll","background-type":"","background-media":"","overlay-type":"","overlay-color":"","overlay-opacity":"","overlay-gradient":""}},"ast-content-background-meta":{"desktop":{"background-color":"var(--ast-global-color-5)","background-image":"","background-repeat":"repeat","background-position":"center center","background-size":"auto","background-attachment":"scroll","background-type":"","background-media":"","overlay-type":"","overlay-color":"","overlay-opacity":"","overlay-gradient":""},"tablet":{"background-color":"var(--ast-global-color-5)","background-image":"","background-repeat":"repeat","background-position":"center center","background-size":"auto","background-attachment":"scroll","background-type":"","background-media":"","overlay-type":"","overlay-color":"","overlay-opacity":"","overlay-gradient":""},"mobile":{"background-color":"var(--ast-global-color-5)","background-image":"","background-repeat":"repeat","background-position":"center center","background-size":"auto","background-attachment":"scroll","background-type":"","background-media":"","overlay-type":"","overlay-color":"","overlay-opacity":"","overlay-gradient":""}},"footnotes":""},"class_list":["post-2899","page","type-page","status-publish","hentry"],"post_mailing_queue_ids":[],"_links":{"self":[{"href":"https:\/\/serveiseducatius.xtec.cat\/selva1\/wp-json\/wp\/v2\/pages\/2899","targetHints":{"allow":["GET"]}}],"collection":[{"href":"https:\/\/serveiseducatius.xtec.cat\/selva1\/wp-json\/wp\/v2\/pages"}],"about":[{"href":"https:\/\/serveiseducatius.xtec.cat\/selva1\/wp-json\/wp\/v2\/types\/page"}],"author":[{"embeddable":true,"href":"https:\/\/serveiseducatius.xtec.cat\/selva1\/wp-json\/wp\/v2\/users\/1"}],"replies":[{"embeddable":true,"href":"https:\/\/serveiseducatius.xtec.cat\/selva1\/wp-json\/wp\/v2\/comments?post=2899"}],"version-history":[{"count":7,"href":"https:\/\/serveiseducatius.xtec.cat\/selva1\/wp-json\/wp\/v2\/pages\/2899\/revisions"}],"predecessor-version":[{"id":12600,"href":"https:\/\/serveiseducatius.xtec.cat\/selva1\/wp-json\/wp\/v2\/pages\/2899\/revisions\/12600"}],"wp:attachment":[{"href":"https:\/\/serveiseducatius.xtec.cat\/selva1\/wp-json\/wp\/v2\/media?parent=2899"}],"curies":[{"name":"wp","href":"https:\/\/api.w.org\/{rel}","templated":true}]}}