{"id":2896,"date":"2021-06-22T12:53:59","date_gmt":"2021-06-22T10:53:59","guid":{"rendered":"http:\/\/serveiseducatius.xtec.cat\/selva1\/?page_id=2896"},"modified":"2025-11-25T13:19:23","modified_gmt":"2025-11-25T12:19:23","slug":"jornada-esportiva","status":"publish","type":"page","link":"https:\/\/serveiseducatius.xtec.cat\/selva1\/jornada-esportiva\/","title":{"rendered":"JORNADA ESPORTIVA"},"content":{"rendered":"<div><\/div>\n<div>\n<table style=\"border-collapse: collapse; width: 96.4072%; height: 734px;\">\n<thead>\n<tr style=\"height: 279px;\">\n<td style=\"width: 97.6476%; height: 124px;\" colspan=\"2\">\n<h1 style=\"text-align: center;\" data-wp-editing=\"1\"><a href=\"https:\/\/serveiseducatius.xtec.cat\/selva1\/wp-content\/uploads\/usu773\/2023\/04\/2-plenari.png\"><img loading=\"lazy\" decoding=\"async\" class=\"size-full wp-image-6822 alignleft\" src=\"https:\/\/serveiseducatius.xtec.cat\/selva1\/wp-content\/uploads\/usu773\/2023\/04\/2-plenari.png\" alt=\"\" width=\"106\" height=\"93\" \/><\/a><a href=\"https:\/\/sites.google.com\/view\/jornadaesportiva2026\/inici\" target=\"_blank\" rel=\"noopener\">XI Edici\u00f3 de la Jornada Esportiva<\/a><\/h1>\n<h5 style=\"text-align: center;\">Coordina: Grup de treball de mestres d&#8217;educaci\u00f3 f\u00edsica de la zona impulsor del projecte.<br \/>\nAdre\u00e7ada a: alumnes de Cicle superior d&#8217;EP (5\u00e8).<br \/>\nCalendari: d&#8217;octubre a maig.<br \/>\nLloc: Diverses instal\u00b7lacions esportives i espais naturals de Santa Coloma de Farners<\/h5>\n<h5 style=\"text-align: center;\"><\/h5>\n<\/td>\n<\/tr>\n<tr style=\"height: 144px;\">\n<td style=\"height: 144px;\" colspan=\"2\">\n<h2 style=\"text-align: center;\"><span style=\"color: #ff9900;\"><strong><a href=\"https:\/\/meet.google.com\/hhm-cvtm-nao\" target=\"_blank\" rel=\"noopener\"><img loading=\"lazy\" decoding=\"async\" class=\"alignleft wp-image-3420\" src=\"https:\/\/serveiseducatius.xtec.cat\/selva1\/wp-content\/uploads\/usu773\/2021\/09\/aula-virtual-300x246.png\" alt=\"\" width=\"89\" height=\"73\" srcset=\"https:\/\/serveiseducatius.xtec.cat\/selva1\/wp-content\/uploads\/usu773\/2021\/09\/aula-virtual-300x250.png 300w, https:\/\/serveiseducatius.xtec.cat\/selva1\/wp-content\/uploads\/usu773\/2021\/09\/aula-virtual-1024x838.png 1024w, https:\/\/serveiseducatius.xtec.cat\/selva1\/wp-content\/uploads\/usu773\/2021\/09\/aula-virtual-768x629.png 768w, https:\/\/serveiseducatius.xtec.cat\/selva1\/wp-content\/uploads\/usu773\/2021\/09\/aula-virtual.png 1245w\" sizes=\"auto, (max-width: 89px) 100vw, 89px\" \/><\/a><a href=\"https:\/\/sites.google.com\/view\/jornadaesportiva2026\/inici\" target=\"_blank\" rel=\"noopener\">Jornada Esportiva 2025-26. X Edici\u00f3<\/a><\/strong><\/span><\/h2>\n<h2 style=\"text-align: center;\"><span style=\"color: #ff9900;\"><strong>\u00a0 \u00a0 \u00a0 \u00a0 \u00a0 \u00a0 \u00a0 \u00a0CALENDARI COORDINACIONS\u00a0 \u00a0 \u00a0 \u00a0 \u00a0 \u00a0 \u00a0 \u00a0 \u00a0 \u00a0 \u00a0 <a href=\"https:\/\/docs.google.com\/document\/d\/1kaQSa4ZFrPFpct3_3mnkFTDIK9HVt_zj0cRQdW3_yMI\/edit\" target=\"_blank\" rel=\"noopener\"><img loading=\"lazy\" decoding=\"async\" class=\"alignnone wp-image-3323 size-full\" src=\"https:\/\/serveiseducatius.xtec.cat\/selva1\/wp-content\/uploads\/usu773\/2021\/09\/ACTES-TARONJA-3.png\" alt=\"\" width=\"153\" height=\"64\" srcset=\"https:\/\/serveiseducatius.xtec.cat\/selva1\/wp-content\/uploads\/usu773\/2021\/09\/ACTES-TARONJA-3.png 153w, https:\/\/serveiseducatius.xtec.cat\/selva1\/wp-content\/uploads\/usu773\/2021\/09\/ACTES-TARONJA-3-150x64.png 150w\" sizes=\"auto, (max-width: 153px) 100vw, 153px\" \/><\/a><\/strong><\/span><\/h2>\n<\/td>\n<\/tr>\n<\/thead>\n<tbody>\n<tr style=\"height: 57px;\">\n<td style=\"width: 50%; height: 57px;\">\n<h4 style=\"text-align: center;\">1\u00aa coordinaci\u00f3:<\/h4>\n<\/td>\n<td style=\"width: 47.6476%; height: 57px;\">\n<h4 style=\"text-align: center;\">09\/10\/2025 (17.30 a 19)<\/h4>\n<\/td>\n<\/tr>\n<tr style=\"height: 57px;\">\n<td style=\"width: 50%; height: 57px;\">\n<h4 style=\"text-align: center;\">2\u00aa coordinaci\u00f3:<\/h4>\n<\/td>\n<td style=\"width: 47.6476%; height: 57px;\">\n<h4 style=\"text-align: center;\">20\/11\/2025 (17.30 a 19) Nom\u00e9s nous<\/h4>\n<\/td>\n<\/tr>\n<tr style=\"height: 57px;\">\n<td style=\"width: 50%; height: 57px;\">\n<h4 style=\"text-align: center;\">3\u00aa coordinaci\u00f3:<\/h4>\n<\/td>\n<td style=\"width: 47.6476%; height: 57px;\">\n<h4 style=\"text-align: center;\">05\/02\/2026 (17.30 a 19)<\/h4>\n<h4 style=\"text-align: center;\">Nom\u00e9s nous<\/h4>\n<\/td>\n<\/tr>\n<tr>\n<td style=\"width: 50%;\">\n<h4 style=\"text-align: center;\">4\u00aa coordinaci\u00f3:<\/h4>\n<\/td>\n<td style=\"width: 47.6476%;\">\n<h4 style=\"text-align: center;\">09\/04\/2026 (17.30 a 19) Tots log\u00edstica<\/h4>\n<\/td>\n<\/tr>\n<tr style=\"height: 57px;\">\n<td style=\"width: 50%; height: 57px;\">\n<h4 style=\"text-align: center;\">Acte central:<\/h4>\n<\/td>\n<td style=\"width: 47.6476%; height: 57px;\">\n<h4 style=\"text-align: center;\">Acte central (16 d&#8217;abril)<\/h4>\n<\/td>\n<\/tr>\n<tr style=\"height: 57px;\">\n<td style=\"width: 50%; height: 57px;\">\n<h4 style=\"text-align: center;\">6\u00aa coordinaci\u00f3:<\/h4>\n<\/td>\n<td style=\"width: 47.6476%; height: 57px;\">\n<h4 style=\"text-align: center;\">21\/05\/2026<\/h4>\n<h4 style=\"text-align: center;\">Tots Valoraci\u00f3 17.30 + activitat + sopar<\/h4>\n<\/td>\n<\/tr>\n<tr style=\"height: 57px;\">\n<td style=\"width: 50%; height: 57px;\" colspan=\"2\">\n<h4 style=\"text-align: center;\"><em>Aquest projecte forma part del PFZ Selva I 2025-26<\/em><\/h4>\n<\/td>\n<\/tr>\n<tr style=\"height: 245px;\">\n<td style=\"width: 97.6476%; height: 10px;\" colspan=\"2\"><a href=\"http:\/\/www.scf.cat\/\" target=\"_blank\" rel=\"noopener\"><img loading=\"lazy\" decoding=\"async\" class=\"alignnone wp-image-3797\" src=\"https:\/\/serveiseducatius.xtec.cat\/selva1\/wp-content\/uploads\/usu773\/2021\/10\/Ajuntament.png\" alt=\"\" width=\"124\" height=\"59\" \/><\/a> <a href=\"https:\/\/portal.selva.cat\/\" target=\"_blank\" rel=\"noopener\"><img loading=\"lazy\" decoding=\"async\" class=\"alignnone wp-image-3805\" src=\"https:\/\/serveiseducatius.xtec.cat\/selva1\/wp-content\/uploads\/usu773\/2021\/10\/Consell-comarcal-de-la-Selva.png\" alt=\"\" width=\"177\" height=\"56\" \/><\/a><\/td>\n<\/tr>\n<\/tbody>\n<\/table>\n<\/div>\n<div>\n<h2 style=\"text-align: center;\">EDICIONS ANTERIORS<\/h2>\n<\/div>\n<div>\n<div class=\"sites-embed-content sites-embed-type-text\">\n<div class=\"sites-embed-content-textbox\">\n<div dir=\"ltr\">\n<div>\n<p>\u200b<\/p>\n<table style=\"border-collapse: collapse; width: 100%;\">\n<tbody>\n<tr>\n<td style=\"width: 20%; text-align: center;\"><a href=\"https:\/\/sites.google.com\/view\/jornadaesportiva2025?usp=sharing\" target=\"_blank\" rel=\"noopener\"><img loading=\"lazy\" decoding=\"async\" class=\"size-full wp-image-11179 aligncenter\" src=\"https:\/\/serveiseducatius.xtec.cat\/selva1\/wp-content\/uploads\/usu773\/2025\/06\/24-25.png\" alt=\"\" width=\"182\" height=\"76\" \/><\/a><\/td>\n<td style=\"width: 20%; text-align: center;\"><a href=\"https:\/\/sites.google.com\/view\/jornadaesportiva2024\/inici\" target=\"_blank\" rel=\"noopener\"><img loading=\"lazy\" decoding=\"async\" class=\"wp-image-9132 alignnone\" src=\"https:\/\/serveiseducatius.xtec.cat\/selva1\/wp-content\/uploads\/usu773\/2024\/07\/curs-23-24-1.png\" alt=\"\" width=\"185\" height=\"87\" \/><\/a><\/td>\n<td style=\"width: 20%; text-align: center;\"><a href=\"https:\/\/sites.google.com\/xtec.cat\/jornadaesportiva2023\/inici\" target=\"_blank\" rel=\"noopener\"><img loading=\"lazy\" decoding=\"async\" class=\"alignnone wp-image-7256\" src=\"https:\/\/serveiseducatius.xtec.cat\/selva1\/wp-content\/uploads\/usu773\/2023\/09\/boto-1-1.png\" alt=\"\" width=\"178\" height=\"61\" \/><\/a><\/td>\n<td style=\"width: 20%; text-align: center;\"><a href=\"https:\/\/sites.google.com\/view\/jornadaesportiva2022\/inici\" target=\"_blank\" rel=\"noopener\"><img loading=\"lazy\" decoding=\"async\" class=\"alignnone size-full wp-image-5475\" src=\"https:\/\/serveiseducatius.xtec.cat\/selva1\/wp-content\/uploads\/usu773\/2022\/09\/Captura-16.png\" alt=\"\" width=\"198\" height=\"81\" \/><\/a><\/td>\n<td style=\"width: 20%; text-align: center;\"><a href=\"https:\/\/sites.google.com\/view\/jornada-esportiva-2020\" target=\"_blank\" rel=\"noopener\"><img loading=\"lazy\" decoding=\"async\" class=\"alignnone wp-image-3222\" src=\"https:\/\/serveiseducatius.xtec.cat\/selva1\/wp-content\/uploads\/usu773\/2021\/09\/20-21.png\" alt=\"\" width=\"186\" height=\"76\" \/><\/a><\/td>\n<\/tr>\n<tr>\n<td style=\"width: 20%; text-align: center;\"><a href=\"https:\/\/sites.google.com\/view\/jornadaesportiva2019\/\" target=\"_blank\" rel=\"noopener\"><img loading=\"lazy\" decoding=\"async\" class=\"alignnone wp-image-3223\" src=\"https:\/\/serveiseducatius.xtec.cat\/selva1\/wp-content\/uploads\/usu773\/2021\/09\/19-20.png\" alt=\"\" width=\"187\" height=\"65\" \/><\/a><\/td>\n<td style=\"width: 20%; text-align: center;\"><a href=\"https:\/\/sites.google.com\/view\/jornadaesportiva2019\/\">\u00a0<\/a><a href=\"https:\/\/sites.google.com\/view\/jornada-esportiva-2018\/\" target=\"_blank\" rel=\"noopener\"><img loading=\"lazy\" decoding=\"async\" class=\"alignnone wp-image-3191 size-full\" src=\"https:\/\/serveiseducatius.xtec.cat\/selva1\/wp-content\/uploads\/usu773\/2021\/09\/18-19.png\" alt=\"\" width=\"184\" height=\"68\" \/><\/a><a href=\"https:\/\/sites.google.com\/view\/jornadaesportiva2019\/\"> \u00a0<\/a><\/td>\n<td style=\"width: 20%; text-align: center;\"><a href=\"https:\/\/sites.google.com\/site\/jornadaesportiva2017\/jornada-esportiva\" target=\"_blank\" rel=\"noopener\"><img loading=\"lazy\" decoding=\"async\" class=\"alignnone wp-image-3192 size-full\" src=\"https:\/\/serveiseducatius.xtec.cat\/selva1\/wp-content\/uploads\/usu773\/2021\/09\/17-18.png\" alt=\"\" width=\"187\" height=\"77\" \/><\/a><\/td>\n<td style=\"width: 20%; text-align: center;\"><a href=\"https:\/\/sites.google.com\/site\/jornadaesportiva2016\/jornada-esportiva\" target=\"_blank\" rel=\"noopener\"><img loading=\"lazy\" decoding=\"async\" class=\"alignnone wp-image-3193 size-full\" src=\"https:\/\/serveiseducatius.xtec.cat\/selva1\/wp-content\/uploads\/usu773\/2021\/09\/16-17.png\" alt=\"\" width=\"181\" height=\"71\" \/><\/a><\/td>\n<td style=\"width: 20%; text-align: center;\"><a href=\"https:\/\/sites.google.com\/site\/seselva1\/benvingutda-a-la-nostra-xarxa-educativa\/projectes-pel-professorat\/jornades-trobades-pedag%C3%B2giques-i-intercanvis-dexperi%C3%A8ncies\/la-jornada-esportiva-2015\" target=\"_blank\" rel=\"noopener\"><img loading=\"lazy\" decoding=\"async\" class=\"alignnone wp-image-3194 size-full\" src=\"https:\/\/serveiseducatius.xtec.cat\/selva1\/wp-content\/uploads\/usu773\/2021\/09\/15-16.png\" alt=\"\" width=\"178\" height=\"74\" \/><\/a><\/td>\n<\/tr>\n<tr>\n<td style=\"width: 20%; text-align: center;\"><\/td>\n<td style=\"width: 20%; text-align: center;\"><\/td>\n<td style=\"width: 20%; text-align: center;\"><\/td>\n<td style=\"width: 20%; text-align: center;\"><\/td>\n<td style=\"width: 20%; text-align: center;\"><a href=\"https:\/\/docs.google.com\/document\/d\/1TOWP045axDwIhZxlov0aHyTmBrqvWxjUAv8B3HypLD4\/edit?usp=sharing\" target=\"_blank\" rel=\"noopener\"><img loading=\"lazy\" decoding=\"async\" class=\"alignnone wp-image-4148\" style=\"font-size: 16px; text-align: start; background-color: #ffffff;\" src=\"https:\/\/serveiseducatius.xtec.cat\/selva1\/wp-content\/uploads\/usu773\/2021\/11\/autoritzacio-1.jpg\" alt=\"\" width=\"133\" height=\"147\" \/><\/a><\/td>\n<\/tr>\n<\/tbody>\n<\/table>\n<\/div>\n<p>&nbsp;<\/p>\n<\/div>\n<\/div>\n<\/div>\n<\/div>\n","protected":false},"excerpt":{"rendered":"<p>XI Edici\u00f3 de la Jornada Esportiva Coordina: Grup de treball de mestres d&#8217;educaci\u00f3 f\u00edsica de la zona impulsor del projecte. Adre\u00e7ada a: alumnes de Cicle superior d&#8217;EP (5\u00e8). Calendari: d&#8217;octubre a maig. Lloc: Diverses instal\u00b7lacions esportives i espais naturals de Santa Coloma de Farners Jornada Esportiva 2025-26. X Edici\u00f3 \u00a0 \u00a0 \u00a0 \u00a0 \u00a0 \u00a0 [&hellip;]<\/p>\n","protected":false},"author":1,"featured_media":0,"parent":0,"menu_order":0,"comment_status":"closed","ping_status":"closed","template":"","meta":{"_bbp_topic_count":0,"_bbp_reply_count":0,"_bbp_total_topic_count":0,"_bbp_total_reply_count":0,"_bbp_voice_count":0,"_bbp_anonymous_reply_count":0,"_bbp_topic_count_hidden":0,"_bbp_reply_count_hidden":0,"_bbp_forum_subforum_count":0,"site-sidebar-layout":"default","site-content-layout":"","ast-site-content-layout":"","site-content-style":"default","site-sidebar-style":"default","ast-global-header-display":"","ast-banner-title-visibility":"","ast-main-header-display":"","ast-hfb-above-header-display":"","ast-hfb-below-header-display":"","ast-hfb-mobile-header-display":"","site-post-title":"","ast-breadcrumbs-content":"","ast-featured-img":"","footer-sml-layout":"","theme-transparent-header-meta":"","adv-header-id-meta":"","stick-header-meta":"","header-above-stick-meta":"","header-main-stick-meta":"","header-below-stick-meta":"","astra-migrate-meta-layouts":"default","ast-page-background-enabled":"default","ast-page-background-meta":{"desktop":{"background-color":"var(--ast-global-color-4)","background-image":"","background-repeat":"repeat","background-position":"center center","background-size":"auto","background-attachment":"scroll","background-type":"","background-media":"","overlay-type":"","overlay-color":"","overlay-opacity":"","overlay-gradient":""},"tablet":{"background-color":"","background-image":"","background-repeat":"repeat","background-position":"center center","background-size":"auto","background-attachment":"scroll","background-type":"","background-media":"","overlay-type":"","overlay-color":"","overlay-opacity":"","overlay-gradient":""},"mobile":{"background-color":"","background-image":"","background-repeat":"repeat","background-position":"center center","background-size":"auto","background-attachment":"scroll","background-type":"","background-media":"","overlay-type":"","overlay-color":"","overlay-opacity":"","overlay-gradient":""}},"ast-content-background-meta":{"desktop":{"background-color":"var(--ast-global-color-5)","background-image":"","background-repeat":"repeat","background-position":"center center","background-size":"auto","background-attachment":"scroll","background-type":"","background-media":"","overlay-type":"","overlay-color":"","overlay-opacity":"","overlay-gradient":""},"tablet":{"background-color":"var(--ast-global-color-5)","background-image":"","background-repeat":"repeat","background-position":"center center","background-size":"auto","background-attachment":"scroll","background-type":"","background-media":"","overlay-type":"","overlay-color":"","overlay-opacity":"","overlay-gradient":""},"mobile":{"background-color":"var(--ast-global-color-5)","background-image":"","background-repeat":"repeat","background-position":"center center","background-size":"auto","background-attachment":"scroll","background-type":"","background-media":"","overlay-type":"","overlay-color":"","overlay-opacity":"","overlay-gradient":""}},"footnotes":""},"class_list":["post-2896","page","type-page","status-publish","hentry"],"post_mailing_queue_ids":[],"_links":{"self":[{"href":"https:\/\/serveiseducatius.xtec.cat\/selva1\/wp-json\/wp\/v2\/pages\/2896","targetHints":{"allow":["GET"]}}],"collection":[{"href":"https:\/\/serveiseducatius.xtec.cat\/selva1\/wp-json\/wp\/v2\/pages"}],"about":[{"href":"https:\/\/serveiseducatius.xtec.cat\/selva1\/wp-json\/wp\/v2\/types\/page"}],"author":[{"embeddable":true,"href":"https:\/\/serveiseducatius.xtec.cat\/selva1\/wp-json\/wp\/v2\/users\/1"}],"replies":[{"embeddable":true,"href":"https:\/\/serveiseducatius.xtec.cat\/selva1\/wp-json\/wp\/v2\/comments?post=2896"}],"version-history":[{"count":7,"href":"https:\/\/serveiseducatius.xtec.cat\/selva1\/wp-json\/wp\/v2\/pages\/2896\/revisions"}],"predecessor-version":[{"id":3280,"href":"https:\/\/serveiseducatius.xtec.cat\/selva1\/wp-json\/wp\/v2\/pages\/2896\/revisions\/3280"}],"wp:attachment":[{"href":"https:\/\/serveiseducatius.xtec.cat\/selva1\/wp-json\/wp\/v2\/media?parent=2896"}],"curies":[{"name":"wp","href":"https:\/\/api.w.org\/{rel}","templated":true}]}}