{"id":2891,"date":"2021-06-22T12:40:23","date_gmt":"2021-06-22T10:40:23","guid":{"rendered":"http:\/\/serveiseducatius.xtec.cat\/selva1\/?page_id=2891"},"modified":"2025-10-23T18:04:17","modified_gmt":"2025-10-23T16:04:17","slug":"concurs-doratoria-2","status":"publish","type":"page","link":"https:\/\/serveiseducatius.xtec.cat\/selva1\/concurs-doratoria-2\/","title":{"rendered":"CONCURS D&#8217;ORAT\u00d2RIA"},"content":{"rendered":"<div><\/div>\n<div>\n<table style=\"border-collapse: collapse; width: 96.5403%; height: 120px;\">\n<thead>\n<tr style=\"height: 279px;\">\n<td style=\"width: 97.6476%; height: 49px;\" colspan=\"2\">\n<h1 style=\"text-align: center;\" data-wp-editing=\"1\"><a href=\"https:\/\/serveiseducatius.xtec.cat\/selva1\/wp-content\/uploads\/usu773\/2020\/12\/Captura-9.png\"><img loading=\"lazy\" decoding=\"async\" class=\"size-full wp-image-2053 alignleft\" src=\"https:\/\/serveiseducatius.xtec.cat\/selva1\/wp-content\/uploads\/usu773\/2020\/12\/Captura-9.png\" alt=\"\" width=\"139\" height=\"123\" \/><\/a>XIX Edici\u00f3 del concurs d&#8217;Orat\u00f2ria en llengua anglesa de la comarca de la Selva (CRP Selva I i CRP Selva II)<\/h1>\n<h5 style=\"text-align: center;\">La Fundaci\u00f3 Privada Catalana per a l&#8217;Ensenyament de l&#8217;Idioma Angl\u00e8s i l&#8217;Educaci\u00f3 en Angl\u00e8s, i el Fons Joan Riera Gubau, convoquen el Concurs d&#8217;Orat\u00f2ria en llengua anglesa de la comarca de la Selva.<\/h5>\n<h5 style=\"text-align: center;\">\u00a0 \u00a0 \u00a0 \u00a0 \u00a0 \u00a0 \u00a0 \u00a0 \u00a0 \u00a0 \u00a0 \u00a0 \u00a0 \u00a0 \u00a0 \u00a0 \u00a0 \u00a0 \u00a0 \u00a0 \u00a0 \u00a0 \u00a0 \u00a0 \u00a0Premis interessants pels alumnes finalistes i guanyadors. Una bona excusa per fer un bon treball oral en angl\u00e8s.<\/h5>\n<h5 style=\"text-align: center;\">Adre\u00e7at a: alumnes de CS d&#8217;EP i 1r cicle d&#8217;ESO de centres de la comarca de la Selva.<\/h5>\n<\/td>\n<\/tr>\n<tr style=\"height: 144px;\">\n<td style=\"height: 71px;\" colspan=\"2\">\n<h2 style=\"text-align: center;\"><span style=\"color: #ff9900;\"><strong>Concurs d&#8217;Orat\u00f2ria en llengua anglesa 2025-26. XIX Edici\u00f3<\/strong><\/span><\/h2>\n<\/td>\n<\/tr>\n<\/thead>\n<\/table>\n<\/div>\n<div>\n<h1><b><u>FINAL DEL CONCURS D\u2019ORAT\u00d2RIA\u00a0 23 de MAIG DE 2026<\/u><\/b><\/h1>\n<h4><b>Vegeu les <a href=\"https:\/\/docs.google.com\/document\/d\/1q2hYDGKtvGpiNpjcZqj1E-j68yrXjOWf\/edit\" target=\"_blank\" rel=\"noopener\">BASES<\/a> del Concurs<\/b><\/h4>\n<h6><strong>Tema<\/strong>: <b>MY FAVOURITE COUNTRY.<\/b> \u00a0 Infografia de suport, <em>by Aina Vert (COL La Salle)<\/em><\/h6>\n<p>Guanyadors i finalistes<\/p>\n<p>\u00ab<strong>Acc\u00e9s a les edicions d\u2019altres anys<\/strong>\u00bb podeu visualitzar els reportatges gr\u00e0fics dels actes centrals d\u2019altres cursos, aix\u00ed com els v\u00eddeos amb les intervencions dels alumnes finalistes. (Veure a sota la p\u00e0gina)<\/p>\n<h4 class=\"sites-embed-title\">Formulari d\u2019inscripci\u00f3 i de tramesa d\u2019enregistraments i de participaci\u00f3\/autoritzaci\u00f3:<\/h4>\n<div><b><u>ENTRE EL 3 DE NOVEMBREI EL 23 DE\u00a0 FEBRER\u00a0<\/u><\/b><\/div>\n<div><\/div>\n<ul>\n<li><a href=\"https:\/\/forms.gle\/joZpvz1ZVXAheg846\" target=\"_blank\" rel=\"noopener\"><strong>Feu la tramesa d\u2019un v\u00eddeo<\/strong><\/a> (A partir del 3 de novembre) i <strong>fins el 23 de febrer<\/strong><\/li>\n<li><a href=\"https:\/\/docs.google.com\/spreadsheets\/d\/e\/2PACX-1vSdFhAvkZiT5FrztaCKvSkp9-SRLNo_xfIGGMEJCIaao66ctRahpZjwdhNFCU0RRj9gFGz2-LXIezFw\/pubhtml?gid=0&amp;single=true\" target=\"_blank\" rel=\"noopener\">Comproveu les trameses fetes<\/a>\u00a0(Pot ser que trigui uns minuts a actualitzar-se)<\/li>\n<li><a href=\"https:\/\/drive.google.com\/file\/d\/192iR2RDAwcICTwqGcbHR0z_FKt5qK4Qy\/view\" target=\"_blank\" rel=\"noopener\"><strong>Ompliu i imprimiu el formulari de participaci\u00f3<\/strong><\/a> (A partir del 3 de novembre i <strong>fins el 23 de febrer<\/strong> )<\/li>\n<li><strong>Finalistes del concurs<\/strong> (<strong>Podreu veure els v\u00eddeos un cop seleccionats<\/strong>)<\/li>\n<li><a href=\"https:\/\/photos.google.com\/u\/1\/share\/AF1QipPmKvOzqGfKG63XQWSmwGIenLfn_lidJeQNEMs1UhzEDqvnxqnHsQ9OzS0Llzo01A\/photo\/AF1QipMN0xgc5q6pho4CsLEehw88Rh_yWDOqU8Bgpve7?key=d0h4VUhjN1hJVnh3OEM1eGV0QlMxb1V6LS1uVU5B\"><strong>\u00c0lbum concurs d&#8217;orat\u00f2ria (imatges 2025)<\/strong><\/a><\/li>\n<li><a href=\"https:\/\/drive.google.com\/file\/d\/1_rO1uPsBMn41zPrJ0SpiV6E8teEYQUVQ\/view?usp=sharing\">Infografia<\/a> de suport (Aina Vert COL Salle)<\/li>\n<\/ul>\n<div class=\"addtoany_share_save_container addtoany_content addtoany_content_bottom\">\n<div class=\"a2a_kit a2a_kit_size_25 addtoany_list\" data-a2a-url=\"https:\/\/serveiseducatius.xtec.cat\/selva1\/concurs-doratoria\/\" data-a2a-title=\"Concurs d\u2019Orat\u00f2ria\"><a class=\"a2a_button_facebook\" title=\"Facebook\" href=\"https:\/\/serveiseducatius.xtec.cat\/#facebook\" target=\"_blank\" rel=\"nofollow noopener\"><span class=\"a2a_label\">Facebook<\/span><\/a><a class=\"a2a_button_twitter\" title=\"Twitter\" href=\"https:\/\/serveiseducatius.xtec.cat\/#twitter\" target=\"_blank\" rel=\"nofollow noopener\"><span class=\"a2a_label\">Twitter<\/span><\/a><a class=\"a2a_button_whatsapp\" title=\"WhatsApp\" href=\"https:\/\/serveiseducatius.xtec.cat\/#whatsapp\" target=\"_blank\" rel=\"nofollow noopener\"><span class=\"a2a_label\">WhatsApp<\/span><\/a><a class=\"a2a_button_google_gmail\" title=\"Gmail\" href=\"https:\/\/serveiseducatius.xtec.cat\/#google_gmail\" target=\"_blank\" rel=\"nofollow noopener\"><span class=\"a2a_label\">Gmail<\/span><\/a><\/div>\n<\/div>\n<h2 style=\"text-align: center;\">EDICIONS ANTERIORS<\/h2>\n<\/div>\n<div>\n<div class=\"sites-embed-content sites-embed-type-text\">\n<div class=\"sites-embed-content-textbox\">\n<div dir=\"ltr\">\n<div>\n<table style=\"border-collapse: collapse; width: 100%;\">\n<tbody>\n<tr>\n<td style=\"width: 20%; text-align: center;\">&nbsp;<\/p>\n<p><a href=\"https:\/\/serveiseducatius.xtec.cat\/selva1\/concurs-doratoria-2\/concurs-doratoria-24-25\/\" target=\"_blank\" rel=\"noopener\"><img loading=\"lazy\" decoding=\"async\" class=\"aligncenter wp-image-11179 size-full\" src=\"https:\/\/serveiseducatius.xtec.cat\/selva1\/wp-content\/uploads\/usu773\/2025\/06\/24-25.png\" alt=\"\" width=\"182\" height=\"76\" \/><\/a><\/td>\n<td style=\"width: 20%; text-align: center;\"><a href=\"https:\/\/serveiseducatius.xtec.cat\/selva1\/concurs-doratoria-2\/concurs-oratoria-23-24\/\" target=\"_blank\" rel=\"noopener\"><img loading=\"lazy\" decoding=\"async\" class=\"alignnone wp-image-9134\" src=\"https:\/\/serveiseducatius.xtec.cat\/selva1\/wp-content\/uploads\/usu773\/2024\/07\/curs-23-24-2.png\" alt=\"\" width=\"198\" height=\"93\" \/><\/a><\/td>\n<td style=\"width: 20%; text-align: center;\"><a href=\"https:\/\/serveiseducatius.xtec.cat\/selva1\/concurs-doratoria-2\/xvi-concurs-doratoria-22-23\/\" target=\"_blank\" rel=\"noopener\"><img loading=\"lazy\" decoding=\"async\" class=\"alignnone wp-image-7256\" src=\"https:\/\/serveiseducatius.xtec.cat\/selva1\/wp-content\/uploads\/usu773\/2023\/09\/boto-1-1.png\" alt=\"\" width=\"178\" height=\"61\" \/><\/a><\/td>\n<td style=\"width: 20%; text-align: center;\"><a href=\"https:\/\/sites.google.com\/site\/seselva1\/concurs-orat%C3%B2ria-2021?authuser=3\" target=\"_blank\" rel=\"noopener\"><img loading=\"lazy\" decoding=\"async\" class=\"alignnone wp-image-5475 size-full\" src=\"https:\/\/serveiseducatius.xtec.cat\/selva1\/wp-content\/uploads\/usu773\/2022\/09\/Captura-16.png\" alt=\"\" width=\"198\" height=\"81\" \/><\/a><\/td>\n<td style=\"width: 20%; text-align: center;\"><a href=\"https:\/\/sites.google.com\/site\/seselva1\/concurs-doratoria-de-la-selva-2020-xiii-edici%C3%B3?authuser=3\" target=\"_blank\" rel=\"noopener\"><img loading=\"lazy\" decoding=\"async\" class=\"alignnone wp-image-3222\" src=\"https:\/\/serveiseducatius.xtec.cat\/selva1\/wp-content\/uploads\/usu773\/2021\/09\/20-21.png\" alt=\"\" width=\"189\" height=\"77\" \/><\/a><\/td>\n<\/tr>\n<tr>\n<td style=\"width: 20%; text-align: center;\"><a style=\"color: #2795b6;\" href=\"https:\/\/sites.google.com\/site\/seselva1\/concurs-doratoria-de-la-selva-2019-xii-edici%C3%B3\" target=\"_blank\" rel=\"noopener\"><img loading=\"lazy\" decoding=\"async\" class=\"alignnone wp-image-3223\" src=\"https:\/\/serveiseducatius.xtec.cat\/selva1\/wp-content\/uploads\/usu773\/2021\/09\/19-20.png\" alt=\"\" width=\"192\" height=\"67\" \/><\/a><\/td>\n<td style=\"width: 20%; text-align: center;\"><a href=\"https:\/\/sites.google.com\/site\/seselva1\/concurs-d-oratoria-de-la-selva-2020-xiii-edicio\">\u00a0<\/a><a href=\"https:\/\/sites.google.com\/site\/seselva1\/benvingutda-a-la-nostra-xarxa-educativa\/el-nostre-rebost\/concurs-doratoria-de-la-selva-2018-xi-edici%C3%B3\" target=\"_blank\" rel=\"noopener\"><img loading=\"lazy\" decoding=\"async\" class=\"alignnone wp-image-3191 size-full\" src=\"https:\/\/serveiseducatius.xtec.cat\/selva1\/wp-content\/uploads\/usu773\/2021\/09\/18-19.png\" alt=\"\" width=\"184\" height=\"68\" \/><\/a><a href=\"https:\/\/sites.google.com\/site\/seselva1\/concurs-d-oratoria-de-la-selva-2020-xiii-edicio\">\u00a0<\/a><\/td>\n<td style=\"width: 20%; text-align: center;\"><a href=\"https:\/\/sites.google.com\/site\/seselva1\/benvingutda-a-la-nostra-xarxa-educativa\/activitats-amb-alumnes\/concurs-dorat%C3%B2ria-de-la-comarca-de-la-selva\/concurs-dorat%C3%B2ria-de-la-selva-2017-x-edici%C3%B3\" target=\"_blank\" rel=\"noopener\"><img loading=\"lazy\" decoding=\"async\" class=\"alignnone wp-image-3192 size-full\" src=\"https:\/\/serveiseducatius.xtec.cat\/selva1\/wp-content\/uploads\/usu773\/2021\/09\/17-18.png\" alt=\"\" width=\"187\" height=\"77\" \/><\/a><\/td>\n<td style=\"width: 20%; text-align: center;\"><a href=\"https:\/\/sites.google.com\/site\/seselva1\/benvingutda-a-la-nostra-xarxa-educativa\/el-nostre-rebost\/concurs-dorat%C3%B2ria-de-la-selva-2016-ix-edici%C3%B3\" target=\"_blank\" rel=\"noopener\"><img loading=\"lazy\" decoding=\"async\" class=\"alignnone wp-image-3193 size-full\" src=\"https:\/\/serveiseducatius.xtec.cat\/selva1\/wp-content\/uploads\/usu773\/2021\/09\/16-17.png\" alt=\"\" width=\"181\" height=\"71\" \/><\/a><\/td>\n<td style=\"width: 20%; text-align: center;\"><a href=\"https:\/\/sites.google.com\/site\/seselva1\/benvingutda-a-la-nostra-xarxa-educativa\/el-nostre-rebost\/concurs-dorat%C3%B2ria-de-la-selva-2016-ix-edici%C3%B3\" target=\"_blank\" rel=\"noopener\"><img loading=\"lazy\" decoding=\"async\" class=\"alignnone wp-image-3194 size-full\" src=\"https:\/\/serveiseducatius.xtec.cat\/selva1\/wp-content\/uploads\/usu773\/2021\/09\/15-16.png\" alt=\"\" width=\"178\" height=\"74\" \/><\/a><\/td>\n<\/tr>\n<tr>\n<td style=\"width: 20%; text-align: center;\"><a href=\"https:\/\/sites.google.com\/site\/seselva1\/benvingutda-a-la-nostra-xarxa-educativa\/el-nostre-rebost\/viii-concurs-dorat%C3%B2ria-de-la-selva\" target=\"_blank\" rel=\"noopener\"><img loading=\"lazy\" decoding=\"async\" class=\"alignnone wp-image-3195 size-full\" src=\"https:\/\/serveiseducatius.xtec.cat\/selva1\/wp-content\/uploads\/usu773\/2021\/09\/14-o5.png\" alt=\"\" width=\"186\" height=\"73\" \/><\/a><\/td>\n<td style=\"width: 20%; text-align: center;\"><a href=\"https:\/\/sites.google.com\/site\/seselva1\/benvingutda-a-la-nostra-xarxa-educativa\/activitats-amb-alumnes\/concurs-dorat%C3%B2ria-de-la-comarca-de-la-selva\" target=\"_blank\" rel=\"noopener\"><img loading=\"lazy\" decoding=\"async\" class=\"alignnone wp-image-3196 size-full\" src=\"https:\/\/serveiseducatius.xtec.cat\/selva1\/wp-content\/uploads\/usu773\/2021\/09\/13-14.png\" alt=\"\" width=\"186\" height=\"81\" \/><\/a><\/td>\n<td style=\"width: 20%; text-align: center;\"><a href=\"https:\/\/sites.google.com\/site\/seselva1\/benvingutda-a-la-nostra-xarxa-educativa\/el-nostre-rebost\/concurs-dorat%C3%B2ria-de-la-selva-2012-13-vi-edici%C3%B3\" target=\"_blank\" rel=\"noopener\"><img loading=\"lazy\" decoding=\"async\" class=\"alignnone wp-image-3197 size-full\" src=\"https:\/\/serveiseducatius.xtec.cat\/selva1\/wp-content\/uploads\/usu773\/2021\/09\/12-13.png\" alt=\"\" width=\"189\" height=\"71\" \/><\/a><\/td>\n<td style=\"width: 20%; text-align: center;\"><a href=\"https:\/\/sites.google.com\/site\/seselva1\/benvingutda-a-la-nostra-xarxa-educativa\/el-nostre-rebost\/concurs-dorat%C3%B2ria-de-la-selva-201112-v-edici%C3%B3\" target=\"_blank\" rel=\"noopener\"><img loading=\"lazy\" decoding=\"async\" class=\"alignnone wp-image-3198 size-full\" src=\"https:\/\/serveiseducatius.xtec.cat\/selva1\/wp-content\/uploads\/usu773\/2021\/09\/11-12.png\" alt=\"\" width=\"187\" height=\"65\" \/><\/a><\/td>\n<td style=\"width: 20%; text-align: center;\"><a href=\"https:\/\/sites.google.com\/site\/seselva1\/benvingutda-a-la-nostra-xarxa-educativa\/el-nostre-rebost\/concurs-dorat%C3%B2ria-de-la-selva-201011-iv-edici%C3%B3\" target=\"_blank\" rel=\"noopener\"><img loading=\"lazy\" decoding=\"async\" class=\"alignnone wp-image-3199 size-full\" src=\"https:\/\/serveiseducatius.xtec.cat\/selva1\/wp-content\/uploads\/usu773\/2021\/09\/10-11.png\" alt=\"\" width=\"193\" height=\"77\" \/><\/a><\/td>\n<\/tr>\n<tr>\n<td style=\"width: 20%; text-align: center;\"><a href=\"https:\/\/sites.google.com\/site\/seselva1\/benvingutda-a-la-nostra-xarxa-educativa\/el-nostre-rebost\/concurs-dorat%C3%B2ria-de-la-selva-200910-iii-edici%C3%B3\" target=\"_blank\" rel=\"noopener\"><img loading=\"lazy\" decoding=\"async\" class=\"alignnone wp-image-3200 size-full\" src=\"https:\/\/serveiseducatius.xtec.cat\/selva1\/wp-content\/uploads\/usu773\/2021\/09\/09-10.png\" alt=\"\" width=\"181\" height=\"68\" \/><\/a><\/td>\n<td style=\"width: 20%; text-align: center;\"><a href=\"https:\/\/sites.google.com\/site\/seselva1\/benvingutda-a-la-nostra-xarxa-educativa\/el-nostre-rebost\/concurs-dorat%C3%B2ria-de-la-selva-200809-ii-edici%C3%B3\" target=\"_blank\" rel=\"noopener\"><img loading=\"lazy\" decoding=\"async\" class=\"alignnone wp-image-3201 size-full\" src=\"https:\/\/serveiseducatius.xtec.cat\/selva1\/wp-content\/uploads\/usu773\/2021\/09\/08-09.png\" alt=\"\" width=\"178\" height=\"73\" \/><\/a><\/td>\n<td style=\"width: 20%; text-align: center;\"><a href=\"https:\/\/sites.google.com\/site\/seselva1\/benvingutda-a-la-nostra-xarxa-educativa\/el-nostre-rebost\/concurs-dorat%C3%B2ria-de-la-selva-200708-i-edici%C3%B3\" target=\"_blank\" rel=\"noopener\"><img loading=\"lazy\" decoding=\"async\" class=\"alignnone wp-image-3202 size-full\" src=\"https:\/\/serveiseducatius.xtec.cat\/selva1\/wp-content\/uploads\/usu773\/2021\/09\/07-08.png\" alt=\"\" width=\"181\" height=\"72\" \/><\/a><\/td>\n<td style=\"width: 20%; text-align: center;\"><\/td>\n<td style=\"width: 20%; text-align: center;\"><\/td>\n<\/tr>\n<\/tbody>\n<\/table>\n<\/div>\n<p>&nbsp;<\/p>\n<\/div>\n<\/div>\n<\/div>\n<\/div>\n","protected":false},"excerpt":{"rendered":"<p>XIX Edici\u00f3 del concurs d&#8217;Orat\u00f2ria en llengua anglesa de la comarca de la Selva (CRP Selva I i CRP Selva II) La Fundaci\u00f3 Privada Catalana per a l&#8217;Ensenyament de l&#8217;Idioma Angl\u00e8s i l&#8217;Educaci\u00f3 en Angl\u00e8s, i el Fons Joan Riera Gubau, convoquen el Concurs d&#8217;Orat\u00f2ria en llengua anglesa de la comarca de la Selva. \u00a0 [&hellip;]<\/p>\n","protected":false},"author":1,"featured_media":0,"parent":0,"menu_order":0,"comment_status":"closed","ping_status":"closed","template":"","meta":{"_bbp_topic_count":0,"_bbp_reply_count":0,"_bbp_total_topic_count":0,"_bbp_total_reply_count":0,"_bbp_voice_count":0,"_bbp_anonymous_reply_count":0,"_bbp_topic_count_hidden":0,"_bbp_reply_count_hidden":0,"_bbp_forum_subforum_count":0,"site-sidebar-layout":"default","site-content-layout":"","ast-site-content-layout":"","site-content-style":"default","site-sidebar-style":"default","ast-global-header-display":"","ast-banner-title-visibility":"","ast-main-header-display":"","ast-hfb-above-header-display":"","ast-hfb-below-header-display":"","ast-hfb-mobile-header-display":"","site-post-title":"","ast-breadcrumbs-content":"","ast-featured-img":"","footer-sml-layout":"","theme-transparent-header-meta":"","adv-header-id-meta":"","stick-header-meta":"","header-above-stick-meta":"","header-main-stick-meta":"","header-below-stick-meta":"","astra-migrate-meta-layouts":"default","ast-page-background-enabled":"default","ast-page-background-meta":{"desktop":{"background-color":"var(--ast-global-color-4)","background-image":"","background-repeat":"repeat","background-position":"center center","background-size":"auto","background-attachment":"scroll","background-type":"","background-media":"","overlay-type":"","overlay-color":"","overlay-opacity":"","overlay-gradient":""},"tablet":{"background-color":"","background-image":"","background-repeat":"repeat","background-position":"center center","background-size":"auto","background-attachment":"scroll","background-type":"","background-media":"","overlay-type":"","overlay-color":"","overlay-opacity":"","overlay-gradient":""},"mobile":{"background-color":"","background-image":"","background-repeat":"repeat","background-position":"center center","background-size":"auto","background-attachment":"scroll","background-type":"","background-media":"","overlay-type":"","overlay-color":"","overlay-opacity":"","overlay-gradient":""}},"ast-content-background-meta":{"desktop":{"background-color":"var(--ast-global-color-5)","background-image":"","background-repeat":"repeat","background-position":"center center","background-size":"auto","background-attachment":"scroll","background-type":"","background-media":"","overlay-type":"","overlay-color":"","overlay-opacity":"","overlay-gradient":""},"tablet":{"background-color":"var(--ast-global-color-5)","background-image":"","background-repeat":"repeat","background-position":"center center","background-size":"auto","background-attachment":"scroll","background-type":"","background-media":"","overlay-type":"","overlay-color":"","overlay-opacity":"","overlay-gradient":""},"mobile":{"background-color":"var(--ast-global-color-5)","background-image":"","background-repeat":"repeat","background-position":"center center","background-size":"auto","background-attachment":"scroll","background-type":"","background-media":"","overlay-type":"","overlay-color":"","overlay-opacity":"","overlay-gradient":""}},"footnotes":""},"class_list":["post-2891","page","type-page","status-publish","hentry"],"post_mailing_queue_ids":[],"_links":{"self":[{"href":"https:\/\/serveiseducatius.xtec.cat\/selva1\/wp-json\/wp\/v2\/pages\/2891","targetHints":{"allow":["GET"]}}],"collection":[{"href":"https:\/\/serveiseducatius.xtec.cat\/selva1\/wp-json\/wp\/v2\/pages"}],"about":[{"href":"https:\/\/serveiseducatius.xtec.cat\/selva1\/wp-json\/wp\/v2\/types\/page"}],"author":[{"embeddable":true,"href":"https:\/\/serveiseducatius.xtec.cat\/selva1\/wp-json\/wp\/v2\/users\/1"}],"replies":[{"embeddable":true,"href":"https:\/\/serveiseducatius.xtec.cat\/selva1\/wp-json\/wp\/v2\/comments?post=2891"}],"version-history":[{"count":6,"href":"https:\/\/serveiseducatius.xtec.cat\/selva1\/wp-json\/wp\/v2\/pages\/2891\/revisions"}],"predecessor-version":[{"id":11755,"href":"https:\/\/serveiseducatius.xtec.cat\/selva1\/wp-json\/wp\/v2\/pages\/2891\/revisions\/11755"}],"wp:attachment":[{"href":"https:\/\/serveiseducatius.xtec.cat\/selva1\/wp-json\/wp\/v2\/media?parent=2891"}],"curies":[{"name":"wp","href":"https:\/\/api.w.org\/{rel}","templated":true}]}}