{"id":2881,"date":"2021-06-22T10:24:19","date_gmt":"2021-06-22T08:24:19","guid":{"rendered":"http:\/\/serveiseducatius.xtec.cat\/selva1\/?page_id=2881"},"modified":"2026-04-21T09:26:00","modified_gmt":"2026-04-21T07:26:00","slug":"the-english-day","status":"publish","type":"page","link":"https:\/\/serveiseducatius.xtec.cat\/selva1\/the-english-day\/","title":{"rendered":"THE ENGLISH DAY"},"content":{"rendered":"<div><\/div>\n<div>\n<table style=\"border-collapse: collapse; width: 96.003%; height: 1192px;\">\n<thead>\n<tr style=\"height: 279px;\">\n<td style=\"width: 97.6476%; height: 279px;\" colspan=\"2\">\n<h1 style=\"text-align: center;\" data-wp-editing=\"1\"><a href=\"https:\/\/serveiseducatius.xtec.cat\/selva1\/wp-content\/uploads\/usu773\/2020\/09\/english-day.png\"><img loading=\"lazy\" decoding=\"async\" class=\"wp-image-1458 alignleft\" src=\"https:\/\/serveiseducatius.xtec.cat\/selva1\/wp-content\/uploads\/usu773\/2020\/09\/english-day-300x198.png\" alt=\"\" width=\"200\" height=\"132\" srcset=\"https:\/\/serveiseducatius.xtec.cat\/selva1\/wp-content\/uploads\/usu773\/2020\/09\/english-day-300x198.png 300w, https:\/\/serveiseducatius.xtec.cat\/selva1\/wp-content\/uploads\/usu773\/2020\/09\/english-day-768x508.png 768w, https:\/\/serveiseducatius.xtec.cat\/selva1\/wp-content\/uploads\/usu773\/2020\/09\/english-day.png 848w\" sizes=\"auto, (max-width: 200px) 100vw, 200px\" \/><\/a><a href=\"https:\/\/sites.google.com\/view\/the-english-day-2026\/home\" target=\"_blank\" rel=\"noopener\">XXVIII Edici\u00f3 The English Day<\/a><\/h1>\n<h4 style=\"text-align: center;\">Adre\u00e7at a grups d&#8217;alumnes de 6\u00e8 de prim\u00e0ria. Calendari: d&#8217;octubre a maig.<\/h4>\n<p style=\"text-align: justify;\"><strong><span class=\"C9DxTc \">It is an activity organized by\u00a0<\/span><span class=\"C9DxTc \">Servei Educatiu Selva I<\/span><span class=\"C9DxTc \"> and the English teachers from different school centres of the area. All along the school year pupils with their teachers plan activities, prepare workshops, choose a mascot, interact through the internet\u2026 till the third term. <\/span><\/strong><strong><span class=\"C9DxTc \">That is when the long-awaited meeting takes place: it is the\u00a0<\/span><span class=\"C9DxTc \">English day<\/span><span class=\"C9DxTc \">. On this day, and during the morning, pupils enjoy with the workshops other mates have prepared. There is also a play that all students have worked on in the classroom, so they can fully enjoy it while the professional actors perform. Classroom\u2019s works are displayed and above all English is the star. In the afternoon, after having lunch all together in San Salvador Park for the closing ceremony, where awards are given out for the work carried out by the students throughout the school year.\u00a0<\/span><\/strong><strong><span class=\"C9DxTc \">So it is an activity based on the exchange of experiences, among schools, among teachers and among pupils. It is a fully consolidated activity in the field of primary education in our area.<\/span><\/strong><\/p>\n<\/td>\n<\/tr>\n<tr style=\"height: 144px;\">\n<td style=\"height: 33px; width: 97.6476%;\" colspan=\"2\">\n<h2 style=\"text-align: center;\"><span style=\"color: #ff9900;\"><strong><a href=\"http:\/\/meet.google.com\/pcz-zjuc-eyo\" target=\"_blank\" rel=\"noopener\"><img loading=\"lazy\" decoding=\"async\" class=\"alignleft wp-image-3420\" src=\"https:\/\/serveiseducatius.xtec.cat\/selva1\/wp-content\/uploads\/usu773\/2021\/09\/aula-virtual-300x246.png\" alt=\"\" width=\"79\" height=\"65\" srcset=\"https:\/\/serveiseducatius.xtec.cat\/selva1\/wp-content\/uploads\/usu773\/2021\/09\/aula-virtual-300x250.png 300w, https:\/\/serveiseducatius.xtec.cat\/selva1\/wp-content\/uploads\/usu773\/2021\/09\/aula-virtual-1024x838.png 1024w, https:\/\/serveiseducatius.xtec.cat\/selva1\/wp-content\/uploads\/usu773\/2021\/09\/aula-virtual-768x629.png 768w, https:\/\/serveiseducatius.xtec.cat\/selva1\/wp-content\/uploads\/usu773\/2021\/09\/aula-virtual.png 1245w\" sizes=\"auto, (max-width: 79px) 100vw, 79px\" \/><\/a><a href=\"https:\/\/sites.google.com\/view\/the-english-day-2026\/home\" target=\"_blank\" rel=\"noopener\">The English Day 2025-2026. XXVIII Edici\u00f3<\/a><\/strong><\/span><\/h2>\n<h2 style=\"text-align: center;\"><span style=\"color: #ff9900;\"><strong>CALENDARI COORDINACIONS\u00a0 \u00a0 \u00a0 <a href=\"https:\/\/docs.google.com\/document\/d\/1TGumrctzD4mk9kw5ikrNM1fDYM2qhmQaF2aQCHjL-a8\/edit\" target=\"_blank\" rel=\"noopener\"><img loading=\"lazy\" decoding=\"async\" class=\"alignnone wp-image-3323 size-full\" src=\"https:\/\/serveiseducatius.xtec.cat\/selva1\/wp-content\/uploads\/usu773\/2021\/09\/ACTES-TARONJA-3.png\" alt=\"\" width=\"153\" height=\"64\" srcset=\"https:\/\/serveiseducatius.xtec.cat\/selva1\/wp-content\/uploads\/usu773\/2021\/09\/ACTES-TARONJA-3.png 153w, https:\/\/serveiseducatius.xtec.cat\/selva1\/wp-content\/uploads\/usu773\/2021\/09\/ACTES-TARONJA-3-150x64.png 150w\" sizes=\"auto, (max-width: 153px) 100vw, 153px\" \/><\/a><\/strong><\/span><\/h2>\n<\/td>\n<\/tr>\n<\/thead>\n<tbody>\n<tr style=\"height: 58px;\">\n<td style=\"width: 97.6476%; height: 58px;\" colspan=\"2\">\n<h4 style=\"text-align: center;\">Horari de 17.30 a 19.30<\/h4>\n<\/td>\n<\/tr>\n<tr style=\"height: 57px;\">\n<td style=\"width: 50%; height: 57px;\">\n<h4 style=\"text-align: center;\">1\u00aa coordinaci\u00f3:<\/h4>\n<\/td>\n<td style=\"width: 47.6476%; height: 57px;\">\n<h4 style=\"text-align: center;\">25\/09\/2025<\/h4>\n<\/td>\n<\/tr>\n<tr style=\"height: 57px;\">\n<td style=\"width: 50%; height: 57px;\">\n<h4 style=\"text-align: center;\">2\u00aa\u00a0coordinaci\u00f3:<\/h4>\n<\/td>\n<td style=\"width: 47.6476%; height: 57px;\">\n<h4 style=\"text-align: center;\">23\/10\/2025<\/h4>\n<\/td>\n<\/tr>\n<tr style=\"height: 57px;\">\n<td style=\"width: 50%; height: 57px;\">\n<h4 style=\"text-align: center;\">3\u00aa\u00a0coordinaci\u00f3:<\/h4>\n<\/td>\n<td style=\"width: 47.6476%; height: 57px;\">\n<h4 style=\"text-align: center;\">27\/11\/2025<\/h4>\n<\/td>\n<\/tr>\n<tr style=\"height: 57px;\">\n<td style=\"width: 50%; height: 57px;\">\n<h4 style=\"text-align: center;\">4\u00aa\u00a0coordinaci\u00f3:<\/h4>\n<\/td>\n<td style=\"width: 47.6476%; height: 57px;\">\n<h4 style=\"text-align: center;\">22\/01\/2026<\/h4>\n<\/td>\n<\/tr>\n<tr style=\"height: 57px;\">\n<td style=\"width: 50%; height: 57px;\">\n<h4 style=\"text-align: center;\">5\u00ba coordinaci\u00f3:<\/h4>\n<\/td>\n<td style=\"width: 47.6476%; height: 57px;\">\n<h4 style=\"text-align: center;\">19\/02\/2026<\/h4>\n<\/td>\n<\/tr>\n<tr style=\"height: 57px;\">\n<td style=\"width: 50%; height: 57px;\">\n<h4 style=\"text-align: center;\">6\u00aa coordinaci\u00f3:<\/h4>\n<\/td>\n<td style=\"width: 47.6476%; height: 57px;\">\n<h4 style=\"text-align: center;\">30\/04\/2026<\/h4>\n<\/td>\n<\/tr>\n<tr style=\"height: 57px;\">\n<td style=\"width: 50%; height: 57px;\">\n<h4 style=\"text-align: center;\">Acte final:<\/h4>\n<\/td>\n<td style=\"width: 47.6476%; height: 57px;\">\n<h4 style=\"text-align: center;\">07\/05\/2026<\/h4>\n<\/td>\n<\/tr>\n<tr style=\"height: 57px;\">\n<td style=\"width: 50%; height: 57px;\">\n<h4 style=\"text-align: center;\">7\u00aa\u00a0 coordinaci\u00f3:<\/h4>\n<\/td>\n<td style=\"width: 47.6476%; height: 57px;\">\n<h4 style=\"text-align: center;\">28\/05\/2026<\/h4>\n<\/td>\n<\/tr>\n<tr>\n<td style=\"width: 50%;\" colspan=\"2\">\n<h4 style=\"text-align: center;\"><em>Aquest projecte forma part del PFZ Selva I 2025-26<\/em><\/h4>\n<\/td>\n<\/tr>\n<tr style=\"height: 245px;\">\n<td style=\"height: 75px;\" colspan=\"2\"><a href=\"http:\/\/www.scf.cat\/\" target=\"_blank\" rel=\"noopener\"><img loading=\"lazy\" decoding=\"async\" class=\"alignnone wp-image-3797\" src=\"https:\/\/serveiseducatius.xtec.cat\/selva1\/wp-content\/uploads\/usu773\/2021\/10\/Ajuntament.png\" alt=\"\" width=\"125\" height=\"60\" \/><\/a>\u00a0 <a href=\"https:\/\/portal.selva.cat\/\" target=\"_blank\" rel=\"noopener\"><img loading=\"lazy\" decoding=\"async\" class=\"alignnone wp-image-3805\" src=\"https:\/\/serveiseducatius.xtec.cat\/selva1\/wp-content\/uploads\/usu773\/2021\/10\/Consell-comarcal-de-la-Selva.png\" alt=\"\" width=\"149\" height=\"47\" \/><\/a>\u00a0 <a href=\"http:\/\/www.fundaciorieragubau.cat\/\" target=\"_blank\" rel=\"noopener\"><img loading=\"lazy\" decoding=\"async\" class=\"alignnone size-medium wp-image-3837\" src=\"https:\/\/serveiseducatius.xtec.cat\/selva1\/wp-content\/uploads\/usu773\/2021\/10\/Captura-13-300x42.png\" alt=\"\" width=\"300\" height=\"42\" srcset=\"https:\/\/serveiseducatius.xtec.cat\/selva1\/wp-content\/uploads\/usu773\/2021\/10\/Captura-13-300x42.png 300w, https:\/\/serveiseducatius.xtec.cat\/selva1\/wp-content\/uploads\/usu773\/2021\/10\/Captura-13.png 577w\" sizes=\"auto, (max-width: 300px) 100vw, 300px\" \/><\/a><\/td>\n<\/tr>\n<tr>\n<td colspan=\"2\">\n<p dir=\"ltr\" style=\"text-align: center;\"><a href=\"https:\/\/serveiseducatius.xtec.cat\/selva1\/wp-content\/uploads\/usu773\/2024\/12\/masctoa2.jpg\"><img loading=\"lazy\" decoding=\"async\" class=\"size-medium wp-image-10143 aligncenter\" src=\"https:\/\/serveiseducatius.xtec.cat\/selva1\/wp-content\/uploads\/usu773\/2024\/12\/masctoa2-300x212.jpg\" alt=\"\" width=\"300\" height=\"212\" srcset=\"https:\/\/serveiseducatius.xtec.cat\/selva1\/wp-content\/uploads\/usu773\/2024\/12\/masctoa2-300x212.jpg 300w, https:\/\/serveiseducatius.xtec.cat\/selva1\/wp-content\/uploads\/usu773\/2024\/12\/masctoa2-768x544.jpg 768w, https:\/\/serveiseducatius.xtec.cat\/selva1\/wp-content\/uploads\/usu773\/2024\/12\/masctoa2.jpg 997w\" sizes=\"auto, (max-width: 300px) 100vw, 300px\" \/><\/a><\/p>\n<p class=\"zfr3Q CDt4Ke \" dir=\"ltr\" style=\"text-align: center;\"><span class=\"C9DxTc \">We already have the winner!<\/span><\/p>\n<p class=\"zfr3Q CDt4Ke \" dir=\"ltr\" style=\"text-align: center;\"><span class=\"C9DxTc \">\u00a0MASCOT 24-25 IS BOXI!<\/span><\/p>\n<p class=\"zfr3Q CDt4Ke \" dir=\"ltr\" style=\"text-align: center;\"><span class=\"C9DxTc \">Congratulations!<\/span><\/p>\n<p class=\"zfr3Q CDt4Ke \" dir=\"ltr\" style=\"text-align: center;\"><span class=\"C9DxTc \">\u00a0Baraa Gralla<\/span><span class=\"C9DxTc \">\u00a0<\/span><\/p>\n<p class=\"zfr3Q CDt4Ke \" dir=\"ltr\" style=\"text-align: center;\"><span class=\"C9DxTc \">La Salle (Santa Coloma de Farners)<\/span><\/p>\n<\/td>\n<\/tr>\n<\/tbody>\n<\/table>\n<\/div>\n<div>\n<h2 style=\"text-align: center;\">EDICIONS ANTERIORS<\/h2>\n<\/div>\n<div>\n<div class=\"sites-embed-content sites-embed-type-text\">\n<div class=\"sites-embed-content-textbox\">\n<div dir=\"ltr\">\n<div>\n<p>\u200b<\/p>\n<table style=\"border-collapse: collapse; width: 100%;\">\n<tbody>\n<tr>\n<td style=\"width: 20%; text-align: center;\"><a href=\"https:\/\/sites.google.com\/view\/the-english-day-2025\/home\" target=\"_blank\" rel=\"noopener\"><img loading=\"lazy\" decoding=\"async\" class=\"size-full wp-image-11179 aligncenter\" src=\"https:\/\/serveiseducatius.xtec.cat\/selva1\/wp-content\/uploads\/usu773\/2025\/06\/24-25.png\" alt=\"\" width=\"182\" height=\"76\" \/><\/a><\/td>\n<td style=\"width: 20%; text-align: center;\"><a href=\"https:\/\/sites.google.com\/xtec.cat\/the-english-day-2024\/home\" target=\"_blank\" rel=\"noopener\"><img loading=\"lazy\" decoding=\"async\" class=\"wp-image-9132 aligncenter\" src=\"https:\/\/serveiseducatius.xtec.cat\/selva1\/wp-content\/uploads\/usu773\/2024\/07\/curs-23-24-1.png\" alt=\"\" width=\"202\" height=\"95\" \/><\/a><\/td>\n<td style=\"width: 20%; text-align: center;\"><a href=\"https:\/\/sites.google.com\/xtec.cat\/the-english-day-2023\/home\" target=\"_blank\" rel=\"noopener\"><img loading=\"lazy\" decoding=\"async\" class=\"alignnone wp-image-7256\" src=\"https:\/\/serveiseducatius.xtec.cat\/selva1\/wp-content\/uploads\/usu773\/2023\/09\/boto-1-1.png\" alt=\"\" width=\"175\" height=\"60\" \/><\/a><\/td>\n<td style=\"width: 20%; text-align: center;\"><a href=\"https:\/\/sites.google.com\/view\/theenglishday2022\/home?authuser=0\" target=\"_blank\" rel=\"noopener\"><img loading=\"lazy\" decoding=\"async\" class=\"alignnone size-full wp-image-5475\" src=\"https:\/\/serveiseducatius.xtec.cat\/selva1\/wp-content\/uploads\/usu773\/2022\/09\/Captura-16.png\" alt=\"\" width=\"198\" height=\"81\" \/><\/a><\/td>\n<td style=\"width: 20%; text-align: center;\"><a href=\"https:\/\/sites.google.com\/view\/the-english-day-2021\/home\" target=\"_blank\" rel=\"noopener\"><img loading=\"lazy\" decoding=\"async\" class=\"alignnone wp-image-3222\" src=\"https:\/\/serveiseducatius.xtec.cat\/selva1\/wp-content\/uploads\/usu773\/2021\/09\/20-21.png\" alt=\"\" width=\"193\" height=\"79\" \/><\/a><\/td>\n<\/tr>\n<tr>\n<td style=\"width: 20%; text-align: center;\"><a href=\"https:\/\/sites.google.com\/view\/theenglishday2020\" target=\"_blank\" rel=\"noopener\"><img loading=\"lazy\" decoding=\"async\" class=\"alignnone wp-image-3223\" src=\"https:\/\/serveiseducatius.xtec.cat\/selva1\/wp-content\/uploads\/usu773\/2021\/09\/19-20.png\" alt=\"\" width=\"184\" height=\"64\" \/><\/a><\/td>\n<td style=\"width: 20%; text-align: center;\"><a href=\"https:\/\/sites.google.com\/view\/the-english-day-19\" target=\"_blank\" rel=\"noopener\"><img loading=\"lazy\" decoding=\"async\" class=\"wp-image-3191 size-full alignnone\" src=\"https:\/\/serveiseducatius.xtec.cat\/selva1\/wp-content\/uploads\/usu773\/2021\/09\/18-19.png\" alt=\"\" width=\"184\" height=\"68\" \/><\/a><\/td>\n<td style=\"width: 20%; text-align: center;\"><a href=\"https:\/\/sites.google.com\/site\/theenglishday18\/home\" target=\"_blank\" rel=\"noopener\"><img loading=\"lazy\" decoding=\"async\" class=\"alignnone wp-image-3192 size-full\" src=\"https:\/\/serveiseducatius.xtec.cat\/selva1\/wp-content\/uploads\/usu773\/2021\/09\/17-18.png\" alt=\"\" width=\"187\" height=\"77\" \/><\/a><\/td>\n<td style=\"width: 20%; text-align: center;\"><a href=\"https:\/\/sites.google.com\/site\/theenglishday17\/1-welcome\" target=\"_blank\" rel=\"noopener\"><img loading=\"lazy\" decoding=\"async\" class=\"alignnone wp-image-3193 size-full\" src=\"https:\/\/serveiseducatius.xtec.cat\/selva1\/wp-content\/uploads\/usu773\/2021\/09\/16-17.png\" alt=\"\" width=\"181\" height=\"71\" \/><\/a><\/td>\n<td style=\"width: 20%; text-align: center;\"><a href=\"https:\/\/sites.google.com\/site\/theenglishday2016\/1-welcome\" target=\"_blank\" rel=\"noopener\"><img loading=\"lazy\" decoding=\"async\" class=\"alignnone wp-image-3194 size-full\" src=\"https:\/\/serveiseducatius.xtec.cat\/selva1\/wp-content\/uploads\/usu773\/2021\/09\/15-16.png\" alt=\"\" width=\"178\" height=\"74\" \/><\/a><\/td>\n<\/tr>\n<tr>\n<td style=\"width: 20%; text-align: center;\"><a href=\"https:\/\/sites.google.com\/site\/theenglishday2015\/1-welcome\" target=\"_blank\" rel=\"noopener\"><img loading=\"lazy\" decoding=\"async\" class=\"alignnone wp-image-3195 size-full\" src=\"https:\/\/serveiseducatius.xtec.cat\/selva1\/wp-content\/uploads\/usu773\/2021\/09\/14-o5.png\" alt=\"\" width=\"186\" height=\"73\" \/><\/a><\/td>\n<td style=\"width: 20%; text-align: center;\"><a href=\"https:\/\/sites.google.com\/site\/theenglishday2014\/1-welcome\" target=\"_blank\" rel=\"noopener\"><img loading=\"lazy\" decoding=\"async\" class=\"alignnone wp-image-3196 size-full\" src=\"https:\/\/serveiseducatius.xtec.cat\/selva1\/wp-content\/uploads\/usu773\/2021\/09\/13-14.png\" alt=\"\" width=\"186\" height=\"81\" \/><\/a><\/td>\n<td style=\"width: 20%; text-align: center;\"><a href=\"https:\/\/sites.google.com\/site\/seselva1\/benvingutda-a-la-nostra-xarxa-educativa\/el-nostre-rebost\/the-english-day-201213-xv-edici%C3%B3\" target=\"_blank\" rel=\"noopener\"><img loading=\"lazy\" decoding=\"async\" class=\"alignnone wp-image-3197 size-full\" src=\"https:\/\/serveiseducatius.xtec.cat\/selva1\/wp-content\/uploads\/usu773\/2021\/09\/12-13.png\" alt=\"\" width=\"189\" height=\"71\" \/><\/a><\/td>\n<td style=\"width: 20%; text-align: center;\"><a href=\"https:\/\/sites.google.com\/site\/seselva1\/benvingutda-a-la-nostra-xarxa-educativa\/el-nostre-rebost\/the-english-day-201112-xiv-edici%C3%B3\" target=\"_blank\" rel=\"noopener\"><img loading=\"lazy\" decoding=\"async\" class=\"alignnone wp-image-3198 size-full\" src=\"https:\/\/serveiseducatius.xtec.cat\/selva1\/wp-content\/uploads\/usu773\/2021\/09\/11-12.png\" alt=\"\" width=\"187\" height=\"65\" \/><\/a><\/td>\n<td style=\"width: 20%; text-align: center;\"><a href=\"https:\/\/sites.google.com\/site\/seselva1\/benvingutda-a-la-nostra-xarxa-educativa\/el-nostre-rebost\/the-english-day-201011-xiii-edici%C3%B3\" target=\"_blank\" rel=\"noopener\"><img loading=\"lazy\" decoding=\"async\" class=\"alignnone wp-image-3199 size-full\" src=\"https:\/\/serveiseducatius.xtec.cat\/selva1\/wp-content\/uploads\/usu773\/2021\/09\/10-11.png\" alt=\"\" width=\"193\" height=\"77\" \/><\/a><\/td>\n<\/tr>\n<tr>\n<td style=\"width: 20%; text-align: center;\"><a href=\"https:\/\/sites.google.com\/site\/seselva1\/benvingutda-a-la-nostra-xarxa-educativa\/el-nostre-rebost\/the-english-day-200910-xii-edici%C3%B3\" target=\"_blank\" rel=\"noopener\"><img loading=\"lazy\" decoding=\"async\" class=\"alignnone wp-image-3200 size-full\" src=\"https:\/\/serveiseducatius.xtec.cat\/selva1\/wp-content\/uploads\/usu773\/2021\/09\/09-10.png\" alt=\"\" width=\"181\" height=\"68\" \/><\/a><\/td>\n<td style=\"width: 20%; text-align: center;\"><a href=\"https:\/\/sites.google.com\/view\/theenglishday2020\">\u00a0 \u00a0<\/a><a href=\"https:\/\/sites.google.com\/site\/seselva1\/benvingutda-a-la-nostra-xarxa-educativa\/el-nostre-rebost\/the-english-day-200809-xi-edici%C3%B3\" target=\"_blank\" rel=\"noopener\"><img loading=\"lazy\" decoding=\"async\" class=\"alignnone wp-image-3201 size-full\" src=\"https:\/\/serveiseducatius.xtec.cat\/selva1\/wp-content\/uploads\/usu773\/2021\/09\/08-09.png\" alt=\"\" width=\"178\" height=\"73\" \/><\/a><\/td>\n<td style=\"width: 20%; text-align: center;\"><a href=\"https:\/\/sites.google.com\/site\/seselva1\/benvingutda-a-la-nostra-xarxa-educativa\/el-nostre-rebost\/the-english-day-200708-x-edici%C3%B3\" target=\"_blank\" rel=\"noopener\"><img loading=\"lazy\" decoding=\"async\" class=\"alignnone wp-image-3202 size-full\" src=\"https:\/\/serveiseducatius.xtec.cat\/selva1\/wp-content\/uploads\/usu773\/2021\/09\/07-08.png\" alt=\"\" width=\"181\" height=\"72\" \/><\/a><\/td>\n<td style=\"width: 20%; text-align: center;\"><\/td>\n<td style=\"width: 20%; text-align: center;\"><\/td>\n<\/tr>\n<tr>\n<td style=\"width: 20%; text-align: center;\"><\/td>\n<td style=\"width: 20%; text-align: center;\"><\/td>\n<td style=\"width: 20%; text-align: center;\"><\/td>\n<td style=\"width: 20%; text-align: center;\"><\/td>\n<td style=\"width: 20%; text-align: center;\"><a href=\"https:\/\/docs.google.com\/document\/d\/1hFLRdlyBkTxvmhlTyK4aaf_3oAx_LRxa0gbIAvJRe8E\/edit?usp=sharing\" target=\"_blank\" rel=\"noopener\"><img loading=\"lazy\" decoding=\"async\" class=\"alignnone wp-image-4148\" style=\"font-size: 16px; text-align: start;\" src=\"https:\/\/serveiseducatius.xtec.cat\/selva1\/wp-content\/uploads\/usu773\/2021\/11\/autoritzacio-1.jpg\" alt=\"\" width=\"127\" height=\"140\" \/><\/a><\/td>\n<\/tr>\n<tr>\n<td style=\"width: 20%; text-align: center;\"><\/td>\n<td style=\"width: 20%; text-align: center;\"><\/td>\n<td style=\"width: 20%; text-align: center;\"><\/td>\n<td style=\"width: 20%; text-align: center;\"><\/td>\n<td style=\"width: 20%; text-align: center;\"><\/td>\n<\/tr>\n<\/tbody>\n<\/table>\n<\/div>\n<\/div>\n<\/div>\n<\/div>\n<\/div>\n","protected":false},"excerpt":{"rendered":"<p>XXVIII Edici\u00f3 The English Day Adre\u00e7at a grups d&#8217;alumnes de 6\u00e8 de prim\u00e0ria. Calendari: d&#8217;octubre a maig. It is an activity organized by\u00a0Servei Educatiu Selva I and the English teachers from different school centres of the area. All along the school year pupils with their teachers plan activities, prepare workshops, choose a mascot, interact through [&hellip;]<\/p>\n","protected":false},"author":1,"featured_media":0,"parent":0,"menu_order":0,"comment_status":"closed","ping_status":"closed","template":"","meta":{"_bbp_topic_count":0,"_bbp_reply_count":0,"_bbp_total_topic_count":0,"_bbp_total_reply_count":0,"_bbp_voice_count":0,"_bbp_anonymous_reply_count":0,"_bbp_topic_count_hidden":0,"_bbp_reply_count_hidden":0,"_bbp_forum_subforum_count":0,"site-sidebar-layout":"default","site-content-layout":"","ast-site-content-layout":"default","site-content-style":"default","site-sidebar-style":"default","ast-global-header-display":"","ast-banner-title-visibility":"","ast-main-header-display":"","ast-hfb-above-header-display":"","ast-hfb-below-header-display":"","ast-hfb-mobile-header-display":"","site-post-title":"","ast-breadcrumbs-content":"","ast-featured-img":"","footer-sml-layout":"","theme-transparent-header-meta":"default","adv-header-id-meta":"","stick-header-meta":"","header-above-stick-meta":"","header-main-stick-meta":"","header-below-stick-meta":"","astra-migrate-meta-layouts":"set","ast-page-background-enabled":"default","ast-page-background-meta":{"desktop":{"background-color":"var(--ast-global-color-4)","background-image":"","background-repeat":"repeat","background-position":"center center","background-size":"auto","background-attachment":"scroll","background-type":"","background-media":"","overlay-type":"","overlay-color":"","overlay-opacity":"","overlay-gradient":""},"tablet":{"background-color":"","background-image":"","background-repeat":"repeat","background-position":"center center","background-size":"auto","background-attachment":"scroll","background-type":"","background-media":"","overlay-type":"","overlay-color":"","overlay-opacity":"","overlay-gradient":""},"mobile":{"background-color":"","background-image":"","background-repeat":"repeat","background-position":"center center","background-size":"auto","background-attachment":"scroll","background-type":"","background-media":"","overlay-type":"","overlay-color":"","overlay-opacity":"","overlay-gradient":""}},"ast-content-background-meta":{"desktop":{"background-color":"var(--ast-global-color-5)","background-image":"","background-repeat":"repeat","background-position":"center center","background-size":"auto","background-attachment":"scroll","background-type":"","background-media":"","overlay-type":"","overlay-color":"","overlay-opacity":"","overlay-gradient":""},"tablet":{"background-color":"var(--ast-global-color-5)","background-image":"","background-repeat":"repeat","background-position":"center center","background-size":"auto","background-attachment":"scroll","background-type":"","background-media":"","overlay-type":"","overlay-color":"","overlay-opacity":"","overlay-gradient":""},"mobile":{"background-color":"var(--ast-global-color-5)","background-image":"","background-repeat":"repeat","background-position":"center center","background-size":"auto","background-attachment":"scroll","background-type":"","background-media":"","overlay-type":"","overlay-color":"","overlay-opacity":"","overlay-gradient":""}},"footnotes":""},"class_list":["post-2881","page","type-page","status-publish","hentry"],"post_mailing_queue_ids":[],"_links":{"self":[{"href":"https:\/\/serveiseducatius.xtec.cat\/selva1\/wp-json\/wp\/v2\/pages\/2881","targetHints":{"allow":["GET"]}}],"collection":[{"href":"https:\/\/serveiseducatius.xtec.cat\/selva1\/wp-json\/wp\/v2\/pages"}],"about":[{"href":"https:\/\/serveiseducatius.xtec.cat\/selva1\/wp-json\/wp\/v2\/types\/page"}],"author":[{"embeddable":true,"href":"https:\/\/serveiseducatius.xtec.cat\/selva1\/wp-json\/wp\/v2\/users\/1"}],"replies":[{"embeddable":true,"href":"https:\/\/serveiseducatius.xtec.cat\/selva1\/wp-json\/wp\/v2\/comments?post=2881"}],"version-history":[{"count":6,"href":"https:\/\/serveiseducatius.xtec.cat\/selva1\/wp-json\/wp\/v2\/pages\/2881\/revisions"}],"predecessor-version":[{"id":12656,"href":"https:\/\/serveiseducatius.xtec.cat\/selva1\/wp-json\/wp\/v2\/pages\/2881\/revisions\/12656"}],"wp:attachment":[{"href":"https:\/\/serveiseducatius.xtec.cat\/selva1\/wp-json\/wp\/v2\/media?parent=2881"}],"curies":[{"name":"wp","href":"https:\/\/api.w.org\/{rel}","templated":true}]}}