{"id":2877,"date":"2021-06-22T09:41:04","date_gmt":"2021-06-22T07:41:04","guid":{"rendered":"http:\/\/serveiseducatius.xtec.cat\/selva1\/?page_id=2877"},"modified":"2025-07-12T12:22:34","modified_gmt":"2025-07-12T10:22:34","slug":"projecte-les-oliveres","status":"publish","type":"page","link":"https:\/\/serveiseducatius.xtec.cat\/selva1\/projecte-les-oliveres\/","title":{"rendered":"PROJECTE &#8220;LES OLIVERES&#8221;"},"content":{"rendered":"<div><\/div>\n<div>\n<table style=\"border-collapse: collapse; width: 96.5403%; height: 775px;\">\n<thead>\n<tr style=\"height: 279px;\">\n<td style=\"width: 97.6476%; height: 279px;\" colspan=\"2\">\n<h1 style=\"text-align: center;\" data-wp-editing=\"1\"><a href=\"https:\/\/serveiseducatius.xtec.cat\/selva1\/wp-content\/uploads\/usu773\/2021\/10\/Captura-10.png\"><img loading=\"lazy\" decoding=\"async\" class=\"size-full wp-image-3777 alignleft\" src=\"https:\/\/serveiseducatius.xtec.cat\/selva1\/wp-content\/uploads\/usu773\/2021\/10\/Captura-10.png\" alt=\"\" width=\"101\" height=\"71\" \/><\/a><a href=\"https:\/\/sites.google.com\/view\/lesoliveres\/p%C3%A0gina-principal\" target=\"_blank\" rel=\"noopener\">XIII Edici\u00f3 Les Oliveres<\/a><\/h1>\n<h5><\/h5>\n<h5 style=\"text-align: center;\">\u00a0Es centra en el treball interdisciplinari amb grups d&#8217;alumnes de 1r de Cicle inicial, basat en continguts de coneixement del medi natural, social i cultural i educaci\u00f3 per a la pau, relacionada amb el patrimoni cultural de la ciutat, en coordinaci\u00f3 amb l&#8217;Ajuntament de Santa Coloma, l&#8217;escola de m\u00fasica municipal Josep Carb\u00f3, el Centre Municipal d&#8217;Educaci\u00f3, el Col\u00b7legi la Salle, l&#8217;Escola Castell de Farners i l&#8217;Escola Sant Salvador d&#8217;Horta<\/h5>\n<h5 style=\"text-align: center;\">Calendari: d&#8217;octubre a febrer<\/h5>\n<h5 style=\"text-align: center;\"><\/h5>\n<\/td>\n<\/tr>\n<tr style=\"height: 144px;\">\n<td style=\"height: 144px; width: 97.6476%;\" colspan=\"2\">\n<h2 style=\"text-align: center;\"><a href=\"https:\/\/sites.google.com\/view\/lesoliveres\/p%C3%A0gina-principal\" target=\"_blank\" rel=\"noopener\"><span style=\"color: #ff9900;\"><strong><img loading=\"lazy\" decoding=\"async\" class=\"alignleft wp-image-3420\" src=\"https:\/\/serveiseducatius.xtec.cat\/selva1\/wp-content\/uploads\/usu773\/2021\/09\/aula-virtual-300x246.png\" alt=\"\" width=\"87\" height=\"72\" srcset=\"https:\/\/serveiseducatius.xtec.cat\/selva1\/wp-content\/uploads\/usu773\/2021\/09\/aula-virtual-300x250.png 300w, https:\/\/serveiseducatius.xtec.cat\/selva1\/wp-content\/uploads\/usu773\/2021\/09\/aula-virtual-1024x838.png 1024w, https:\/\/serveiseducatius.xtec.cat\/selva1\/wp-content\/uploads\/usu773\/2021\/09\/aula-virtual-768x629.png 768w, https:\/\/serveiseducatius.xtec.cat\/selva1\/wp-content\/uploads\/usu773\/2021\/09\/aula-virtual.png 1245w\" sizes=\"auto, (max-width: 87px) 100vw, 87px\" \/>Les Oliveres 2025-26. XIII Edici\u00f3<\/strong><\/span><\/a><\/h2>\n<h2 style=\"text-align: center;\"><span style=\"color: #ff9900;\"><strong>\u00a0CALENDARI COORDINACIONS\u00a0 \u00a0<a href=\"https:\/\/docs.google.com\/document\/d\/1IlY3-Qj2zhM8IddxcimCATyR4aZVyON-gzGzVJqrXnY\/edit?usp=sharing\" target=\"_blank\" rel=\"noopener\"><img loading=\"lazy\" decoding=\"async\" class=\"alignnone wp-image-3323 size-full\" src=\"https:\/\/serveiseducatius.xtec.cat\/selva1\/wp-content\/uploads\/usu773\/2021\/09\/ACTES-TARONJA-3.png\" alt=\"\" width=\"153\" height=\"64\" srcset=\"https:\/\/serveiseducatius.xtec.cat\/selva1\/wp-content\/uploads\/usu773\/2021\/09\/ACTES-TARONJA-3.png 153w, https:\/\/serveiseducatius.xtec.cat\/selva1\/wp-content\/uploads\/usu773\/2021\/09\/ACTES-TARONJA-3-150x64.png 150w\" sizes=\"auto, (max-width: 153px) 100vw, 153px\" \/><\/a> \u00a0 <\/strong><\/span><\/h2>\n<\/td>\n<\/tr>\n<\/thead>\n<tbody>\n<tr>\n<td style=\"width: 50%;\" colspan=\"2\">\n<h4 style=\"text-align: center;\">TOTES LES SESSIONS SERAN PRESENCIALS<\/h4>\n<\/td>\n<\/tr>\n<tr style=\"height: 57px;\">\n<td style=\"width: 50%; height: 57px;\">\n<h4 style=\"text-align: center;\">1\u00aa coordinaci\u00f3:<\/h4>\n<\/td>\n<td style=\"width: 47.6476%; height: 57px;\">\n<h4 style=\"text-align: center;\">15\/10\/2025<\/h4>\n<\/td>\n<\/tr>\n<tr style=\"height: 57px;\">\n<td style=\"width: 50%; height: 57px;\">\n<h4 style=\"text-align: center;\">2\u00aa\u00a0coordinaci\u00f3:<\/h4>\n<\/td>\n<td style=\"width: 47.6476%; height: 57px;\">\n<h4 style=\"text-align: center;\">19\/11\/2025<\/h4>\n<\/td>\n<\/tr>\n<tr style=\"height: 57px;\">\n<td style=\"width: 50%; height: 57px;\">\n<h4 style=\"text-align: center;\">3\u00aa\u00a0coordinaci\u00f3:<\/h4>\n<\/td>\n<td style=\"width: 47.6476%; height: 57px;\">\n<h4 style=\"text-align: center;\">14\/01\/2026<\/h4>\n<\/td>\n<\/tr>\n<tr style=\"height: 57px;\">\n<td style=\"width: 50%; height: 57px;\">\n<h4 style=\"text-align: center;\">Acte final:<\/h4>\n<\/td>\n<td style=\"width: 47.6476%; height: 57px;\">\n<h4 style=\"text-align: center;\">30\/01\/2026<\/h4>\n<\/td>\n<\/tr>\n<tr style=\"height: 57px;\">\n<td style=\"width: 50%; height: 57px;\">\n<h4 style=\"text-align: center;\">4\u00aa coordinaci\u00f3:<\/h4>\n<\/td>\n<td style=\"width: 47.6476%; height: 57px;\">\n<h4 style=\"text-align: center;\">04\/02\/2026<\/h4>\n<\/td>\n<\/tr>\n<tr style=\"height: 57px;\">\n<td style=\"width: 97.6476%; height: 57px;\" colspan=\"2\">\n<h4 style=\"text-align: center;\"><em>Aquest projecte forma part del PFZ Selva I 2025-26<\/em><\/h4>\n<\/td>\n<\/tr>\n<tr style=\"height: 245px;\">\n<td style=\"width: 97.6476%; height: 10px;\" colspan=\"2\"><a href=\"http:\/\/www.scf.cat\/\" target=\"_blank\" rel=\"noopener\"><img loading=\"lazy\" decoding=\"async\" class=\"alignnone wp-image-3797\" src=\"https:\/\/serveiseducatius.xtec.cat\/selva1\/wp-content\/uploads\/usu773\/2021\/10\/Ajuntament.png\" alt=\"\" width=\"179\" height=\"86\" \/><\/a> <a href=\"http:\/\/escolacastelldefarners.cat\/\" target=\"_blank\" rel=\"noopener\"><img loading=\"lazy\" decoding=\"async\" class=\"alignnone wp-image-3798\" src=\"https:\/\/serveiseducatius.xtec.cat\/selva1\/wp-content\/uploads\/usu773\/2021\/10\/ESC-Castell-de-Farners.png\" alt=\"\" width=\"155\" height=\"79\" \/><\/a> <a href=\"https:\/\/agora.xtec.cat\/ceipsantsalvadordhorta\/\" target=\"_blank\" rel=\"noopener\"><img loading=\"lazy\" decoding=\"async\" class=\"alignnone wp-image-3799\" src=\"https:\/\/serveiseducatius.xtec.cat\/selva1\/wp-content\/uploads\/usu773\/2021\/10\/ESC-SSH.png\" alt=\"\" width=\"79\" height=\"87\" \/><\/a> <a href=\"https:\/\/santacoloma.lasalle.cat\/\" target=\"_blank\" rel=\"noopener\"><img loading=\"lazy\" decoding=\"async\" class=\"alignnone wp-image-3801\" src=\"https:\/\/serveiseducatius.xtec.cat\/selva1\/wp-content\/uploads\/usu773\/2021\/10\/C-La-Salle.png\" alt=\"\" width=\"81\" height=\"87\" \/><\/a><a href=\"https:\/\/serveiseducatius.xtec.cat\/selva1\/wp-content\/uploads\/usu773\/2021\/12\/Captura-3.png\"><img loading=\"lazy\" decoding=\"async\" class=\"alignnone size-full wp-image-4337\" src=\"https:\/\/serveiseducatius.xtec.cat\/selva1\/wp-content\/uploads\/usu773\/2021\/12\/Captura-3.png\" alt=\"\" width=\"141\" height=\"92\" \/><\/a><a href=\"https:\/\/serveiseducatius.xtec.cat\/selva1\/wp-content\/uploads\/usu773\/2022\/11\/Captura-7.png\"><img loading=\"lazy\" decoding=\"async\" class=\"alignnone size-medium wp-image-5990\" src=\"https:\/\/serveiseducatius.xtec.cat\/selva1\/wp-content\/uploads\/usu773\/2022\/11\/Captura-7-300x73.png\" alt=\"\" width=\"300\" height=\"73\" srcset=\"https:\/\/serveiseducatius.xtec.cat\/selva1\/wp-content\/uploads\/usu773\/2022\/11\/Captura-7-300x73.png 300w, https:\/\/serveiseducatius.xtec.cat\/selva1\/wp-content\/uploads\/usu773\/2022\/11\/Captura-7-1024x249.png 1024w, https:\/\/serveiseducatius.xtec.cat\/selva1\/wp-content\/uploads\/usu773\/2022\/11\/Captura-7-768x187.png 768w, https:\/\/serveiseducatius.xtec.cat\/selva1\/wp-content\/uploads\/usu773\/2022\/11\/Captura-7-1536x373.png 1536w, https:\/\/serveiseducatius.xtec.cat\/selva1\/wp-content\/uploads\/usu773\/2022\/11\/Captura-7.png 1782w\" sizes=\"auto, (max-width: 300px) 100vw, 300px\" \/><\/a><\/td>\n<\/tr>\n<\/tbody>\n<\/table>\n<\/div>\n<div>\n<h2 style=\"text-align: center;\">EDICIONS ANTERIORS<\/h2>\n<\/div>\n<div>\n<div class=\"sites-embed-content sites-embed-type-text\">\n<div class=\"sites-embed-content-textbox\">\n<div dir=\"ltr\">\n<div>\n<p>\u200b<\/p>\n<table style=\"border-collapse: collapse; width: 100%; height: 229px;\">\n<tbody>\n<tr>\n<td style=\"width: 20%; text-align: center;\"><a href=\"https:\/\/sites.google.com\/view\/lesoliveres\/edicions-anteriors\/edici%C3%B3-24-25\" target=\"_blank\" rel=\"noopener\"><img loading=\"lazy\" decoding=\"async\" class=\"size-full wp-image-11179 aligncenter\" src=\"https:\/\/serveiseducatius.xtec.cat\/selva1\/wp-content\/uploads\/usu773\/2025\/06\/24-25.png\" alt=\"\" width=\"182\" height=\"76\" \/><\/a><\/td>\n<td style=\"width: 20%; text-align: center;\"><a href=\"https:\/\/sites.google.com\/view\/lesoliveres\/edicions-anteriors\/edici%C3%B3-23-24\" target=\"_blank\" rel=\"noopener\"><img loading=\"lazy\" decoding=\"async\" class=\"wp-image-9132 alignnone\" src=\"https:\/\/serveiseducatius.xtec.cat\/selva1\/wp-content\/uploads\/usu773\/2024\/07\/curs-23-24-1.png\" alt=\"\" width=\"196\" height=\"92\" \/><\/a><\/td>\n<td style=\"width: 20%; text-align: center;\"><a href=\"https:\/\/sites.google.com\/view\/lesoliveres\/edicions-anteriors\/edici%C3%B3-22-23\" target=\"_blank\" rel=\"noopener\"><img loading=\"lazy\" decoding=\"async\" class=\"alignnone wp-image-7256\" src=\"https:\/\/serveiseducatius.xtec.cat\/selva1\/wp-content\/uploads\/usu773\/2023\/09\/boto-1-1.png\" alt=\"\" width=\"194\" height=\"66\" \/><\/a><\/td>\n<td style=\"width: 20%; text-align: center;\"><a href=\"https:\/\/sites.google.com\/view\/les-oliveres\/p%C3%A0gina-principal\" target=\"_blank\" rel=\"noopener\"><img loading=\"lazy\" decoding=\"async\" class=\"alignnone size-full wp-image-5320\" src=\"https:\/\/serveiseducatius.xtec.cat\/selva1\/wp-content\/uploads\/usu773\/2022\/07\/Curs-21-22.png\" alt=\"\" width=\"208\" height=\"93\" \/><\/a><\/td>\n<td style=\"width: 20%; text-align: center;\"><a href=\"https:\/\/sites.google.com\/site\/seselva1\/les-oliveres-2020-21\" target=\"_blank\" rel=\"noopener\"><img loading=\"lazy\" decoding=\"async\" class=\"alignnone wp-image-3222\" src=\"https:\/\/serveiseducatius.xtec.cat\/selva1\/wp-content\/uploads\/usu773\/2021\/09\/20-21.png\" alt=\"\" width=\"191\" height=\"78\" \/><\/a><\/td>\n<\/tr>\n<tr>\n<td style=\"width: 20%; text-align: center;\"><a href=\"https:\/\/sites.google.com\/site\/seselva1\/oliveres-2019-20\" target=\"_blank\" rel=\"noopener\"><img loading=\"lazy\" decoding=\"async\" class=\"alignnone wp-image-3223\" src=\"https:\/\/serveiseducatius.xtec.cat\/selva1\/wp-content\/uploads\/usu773\/2021\/09\/19-20.png\" alt=\"\" width=\"187\" height=\"65\" \/><\/a><\/td>\n<td style=\"width: 20%; text-align: center;\"><a href=\"https:\/\/sites.google.com\/site\/seselva1\/oliveres-2018-19\" target=\"_blank\" rel=\"noopener\"><img loading=\"lazy\" decoding=\"async\" class=\"alignnone wp-image-3191 size-full\" src=\"https:\/\/serveiseducatius.xtec.cat\/selva1\/wp-content\/uploads\/usu773\/2021\/09\/18-19.png\" alt=\"\" width=\"184\" height=\"68\" \/><\/a><\/td>\n<td style=\"width: 20%; text-align: center;\"><a href=\"https:\/\/sites.google.com\/site\/seselva1\/benvingutda-a-la-nostra-xarxa-educativa\/el-nostre-rebost\/les-oliveres-2017-18?authuser=0\" target=\"_blank\" rel=\"noopener\"><img loading=\"lazy\" decoding=\"async\" class=\"alignnone wp-image-3192 size-full\" src=\"https:\/\/serveiseducatius.xtec.cat\/selva1\/wp-content\/uploads\/usu773\/2021\/09\/17-18.png\" alt=\"\" width=\"187\" height=\"77\" \/><\/a><\/td>\n<td style=\"width: 20%; text-align: center;\"><a href=\"https:\/\/sites.google.com\/site\/seselva1\/projecte-les-oliveres-2016-17\" target=\"_blank\" rel=\"noopener\"><img loading=\"lazy\" decoding=\"async\" class=\"alignnone wp-image-3193 size-full\" src=\"https:\/\/serveiseducatius.xtec.cat\/selva1\/wp-content\/uploads\/usu773\/2021\/09\/16-17.png\" alt=\"\" width=\"181\" height=\"71\" \/><\/a><\/td>\n<td style=\"width: 20%; text-align: center;\"><a href=\"https:\/\/sites.google.com\/site\/seselva1\/benvingutda-a-la-nostra-xarxa-educativa\/el-nostre-rebost\/projecte-les-oliveres-2015-16?authuser=0\" target=\"_blank\" rel=\"noopener\"><img loading=\"lazy\" decoding=\"async\" class=\"alignnone wp-image-3194 size-full\" src=\"https:\/\/serveiseducatius.xtec.cat\/selva1\/wp-content\/uploads\/usu773\/2021\/09\/15-16.png\" alt=\"\" width=\"178\" height=\"74\" \/><\/a><\/td>\n<\/tr>\n<tr style=\"height: 96px;\">\n<td style=\"width: 20%; text-align: center; height: 96px;\"><a href=\"https:\/\/sites.google.com\/site\/seselva1\/benvingutda-a-la-nostra-xarxa-educativa\/el-nostre-rebost\/les-oliveres-2014-15?authuser=0\" target=\"_blank\" rel=\"noopener\"><img loading=\"lazy\" decoding=\"async\" class=\"alignnone wp-image-3195 size-full\" src=\"https:\/\/serveiseducatius.xtec.cat\/selva1\/wp-content\/uploads\/usu773\/2021\/09\/14-o5.png\" alt=\"\" width=\"186\" height=\"73\" \/><\/a><\/td>\n<td style=\"width: 20%; text-align: center; height: 96px;\"><a href=\"https:\/\/sites.google.com\/site\/seselva1\/oliveres-2019-20\">\u00a0<\/a><a href=\"https:\/\/sites.google.com\/site\/seselva1\/oliveres-2019-20\"> \u00a0<\/a><a href=\"https:\/\/sites.google.com\/site\/seselva1\/benvingutda-a-la-nostra-xarxa-educativa\/el-nostre-rebost\/les-oliveres-2013-14\" target=\"_blank\" rel=\"noopener\"><img loading=\"lazy\" decoding=\"async\" class=\"alignnone wp-image-3196 size-full\" src=\"https:\/\/serveiseducatius.xtec.cat\/selva1\/wp-content\/uploads\/usu773\/2021\/09\/13-14.png\" alt=\"\" width=\"186\" height=\"81\" \/><\/a><\/td>\n<td style=\"width: 20%; text-align: center; height: 96px;\"><\/td>\n<td style=\"width: 20%; text-align: center; height: 96px;\"><\/td>\n<td style=\"width: 20%; text-align: center; height: 96px;\"><\/td>\n<\/tr>\n<tr style=\"height: 133px;\">\n<td style=\"width: 20%; text-align: center; height: 133px;\"><\/td>\n<td style=\"width: 20%; text-align: center; height: 133px;\"><\/td>\n<td style=\"width: 20%; text-align: center; height: 133px;\"><\/td>\n<td style=\"width: 20%; text-align: center; height: 133px;\"><\/td>\n<td style=\"width: 20%; text-align: center; height: 133px;\">\u00a0<a href=\"https:\/\/docs.google.com\/document\/d\/1zLQnqHPpJwwPwvviFGbTsyfyje9TE2FhG_DvnqpaV9o\/edit?usp=sharing\" target=\"_blank\" rel=\"noopener\"><img loading=\"lazy\" decoding=\"async\" class=\"alignnone wp-image-4148\" style=\"font-size: 16px; text-align: start; background-color: #ffffff;\" src=\"https:\/\/serveiseducatius.xtec.cat\/selva1\/wp-content\/uploads\/usu773\/2021\/11\/autoritzacio-1.jpg\" alt=\"\" width=\"134\" height=\"148\" \/><\/a><\/td>\n<\/tr>\n<\/tbody>\n<\/table>\n<\/div>\n<\/div>\n<\/div>\n<\/div>\n<\/div>\n","protected":false},"excerpt":{"rendered":"<p>XIII Edici\u00f3 Les Oliveres \u00a0Es centra en el treball interdisciplinari amb grups d&#8217;alumnes de 1r de Cicle inicial, basat en continguts de coneixement del medi natural, social i cultural i educaci\u00f3 per a la pau, relacionada amb el patrimoni cultural de la ciutat, en coordinaci\u00f3 amb l&#8217;Ajuntament de Santa Coloma, l&#8217;escola de m\u00fasica municipal Josep [&hellip;]<\/p>\n","protected":false},"author":1,"featured_media":0,"parent":0,"menu_order":0,"comment_status":"closed","ping_status":"closed","template":"","meta":{"_bbp_topic_count":0,"_bbp_reply_count":0,"_bbp_total_topic_count":0,"_bbp_total_reply_count":0,"_bbp_voice_count":0,"_bbp_anonymous_reply_count":0,"_bbp_topic_count_hidden":0,"_bbp_reply_count_hidden":0,"_bbp_forum_subforum_count":0,"site-sidebar-layout":"default","site-content-layout":"","ast-site-content-layout":"","site-content-style":"default","site-sidebar-style":"default","ast-global-header-display":"","ast-banner-title-visibility":"","ast-main-header-display":"","ast-hfb-above-header-display":"","ast-hfb-below-header-display":"","ast-hfb-mobile-header-display":"","site-post-title":"","ast-breadcrumbs-content":"","ast-featured-img":"","footer-sml-layout":"","theme-transparent-header-meta":"","adv-header-id-meta":"","stick-header-meta":"","header-above-stick-meta":"","header-main-stick-meta":"","header-below-stick-meta":"","astra-migrate-meta-layouts":"default","ast-page-background-enabled":"default","ast-page-background-meta":{"desktop":{"background-color":"var(--ast-global-color-4)","background-image":"","background-repeat":"repeat","background-position":"center center","background-size":"auto","background-attachment":"scroll","background-type":"","background-media":"","overlay-type":"","overlay-color":"","overlay-opacity":"","overlay-gradient":""},"tablet":{"background-color":"","background-image":"","background-repeat":"repeat","background-position":"center center","background-size":"auto","background-attachment":"scroll","background-type":"","background-media":"","overlay-type":"","overlay-color":"","overlay-opacity":"","overlay-gradient":""},"mobile":{"background-color":"","background-image":"","background-repeat":"repeat","background-position":"center center","background-size":"auto","background-attachment":"scroll","background-type":"","background-media":"","overlay-type":"","overlay-color":"","overlay-opacity":"","overlay-gradient":""}},"ast-content-background-meta":{"desktop":{"background-color":"var(--ast-global-color-5)","background-image":"","background-repeat":"repeat","background-position":"center center","background-size":"auto","background-attachment":"scroll","background-type":"","background-media":"","overlay-type":"","overlay-color":"","overlay-opacity":"","overlay-gradient":""},"tablet":{"background-color":"var(--ast-global-color-5)","background-image":"","background-repeat":"repeat","background-position":"center center","background-size":"auto","background-attachment":"scroll","background-type":"","background-media":"","overlay-type":"","overlay-color":"","overlay-opacity":"","overlay-gradient":""},"mobile":{"background-color":"var(--ast-global-color-5)","background-image":"","background-repeat":"repeat","background-position":"center center","background-size":"auto","background-attachment":"scroll","background-type":"","background-media":"","overlay-type":"","overlay-color":"","overlay-opacity":"","overlay-gradient":""}},"footnotes":""},"class_list":["post-2877","page","type-page","status-publish","hentry"],"post_mailing_queue_ids":[],"_links":{"self":[{"href":"https:\/\/serveiseducatius.xtec.cat\/selva1\/wp-json\/wp\/v2\/pages\/2877","targetHints":{"allow":["GET"]}}],"collection":[{"href":"https:\/\/serveiseducatius.xtec.cat\/selva1\/wp-json\/wp\/v2\/pages"}],"about":[{"href":"https:\/\/serveiseducatius.xtec.cat\/selva1\/wp-json\/wp\/v2\/types\/page"}],"author":[{"embeddable":true,"href":"https:\/\/serveiseducatius.xtec.cat\/selva1\/wp-json\/wp\/v2\/users\/1"}],"replies":[{"embeddable":true,"href":"https:\/\/serveiseducatius.xtec.cat\/selva1\/wp-json\/wp\/v2\/comments?post=2877"}],"version-history":[{"count":7,"href":"https:\/\/serveiseducatius.xtec.cat\/selva1\/wp-json\/wp\/v2\/pages\/2877\/revisions"}],"predecessor-version":[{"id":11243,"href":"https:\/\/serveiseducatius.xtec.cat\/selva1\/wp-json\/wp\/v2\/pages\/2877\/revisions\/11243"}],"wp:attachment":[{"href":"https:\/\/serveiseducatius.xtec.cat\/selva1\/wp-json\/wp\/v2\/media?parent=2877"}],"curies":[{"name":"wp","href":"https:\/\/api.w.org\/{rel}","templated":true}]}}