{"id":2869,"date":"2021-06-22T09:23:24","date_gmt":"2021-06-22T07:23:24","guid":{"rendered":"http:\/\/serveiseducatius.xtec.cat\/selva1\/?page_id=2869"},"modified":"2026-01-31T09:00:22","modified_gmt":"2026-01-31T08:00:22","slug":"experimenta-la-ciencia-2","status":"publish","type":"page","link":"https:\/\/serveiseducatius.xtec.cat\/selva1\/experimenta-la-ciencia-2\/","title":{"rendered":"EXPERIMENTA LA CI\u00c8NCIA!"},"content":{"rendered":"<div><\/div>\n<div>\n<table style=\"border-collapse: collapse; width: 96.4072%; height: 862px;\">\n<thead>\n<tr style=\"height: 279px;\">\n<td style=\"width: 97.6476%; height: 279px;\" colspan=\"2\"><a href=\"https:\/\/sites.google.com\/view\/experimenta-la-cincia-2021\/home\"><img loading=\"lazy\" decoding=\"async\" class=\"alignnone size-full wp-image-7401\" src=\"https:\/\/serveiseducatius.xtec.cat\/selva1\/wp-content\/uploads\/usu773\/2023\/09\/exciencia.png\" alt=\"\" width=\"182\" height=\"100\" \/><\/a><\/p>\n<h5 style=\"text-align: center;\"><\/h5>\n<h1 style=\"text-align: center;\" data-wp-editing=\"1\"><a href=\"https:\/\/sites.google.com\/view\/experimenta-la-cincia-2021\/home\" target=\"_blank\" rel=\"noopener\">XIV Edici\u00f3 d&#8217;Experimenta la Ci\u00e8ncia!<\/a><\/h1>\n<h5 style=\"text-align: center;\">Amb l&#8217;objectiu fonamental de despertar i potenciar l&#8217;inter\u00e8s dels m\u00e9s joves vers la ci\u00e8ncia i la tecnologia, impulsem,\u00a0en coordinaci\u00f3 amb l&#8217;Ajuntament de Santa Coloma de Farners\u00a0i el Consell Comarcal de la Selva, l\u2019activitat Experimenta la ci\u00e8ncia\u201d<\/h5>\n<h5 style=\"text-align: center;\">Complementa les activitats La ci\u00e8ncia en primera persona adre\u00e7ada a grups d&#8217;alumnes de cicle mitj\u00e0 d&#8217;Educaci\u00f3 prim\u00e0ria.<\/h5>\n<h5 style=\"text-align: center;\">Calendari: d&#8217;octubre a mar\u00e7.<\/h5>\n<h5 style=\"text-align: center;\"><\/h5>\n<\/td>\n<\/tr>\n<tr style=\"height: 144px;\">\n<td style=\"height: 144px;\" colspan=\"2\">\n<h2 style=\"text-align: center;\"><span style=\"color: #ff9900;\"><strong><a href=\"http:\/\/meet.google.com\/tey-dmtg-hth\" target=\"_blank\" rel=\"noopener\"><img loading=\"lazy\" decoding=\"async\" class=\"alignleft wp-image-3420\" src=\"https:\/\/serveiseducatius.xtec.cat\/selva1\/wp-content\/uploads\/usu773\/2021\/09\/aula-virtual-300x246.png\" alt=\"\" width=\"87\" height=\"72\" srcset=\"https:\/\/serveiseducatius.xtec.cat\/selva1\/wp-content\/uploads\/usu773\/2021\/09\/aula-virtual-300x250.png 300w, https:\/\/serveiseducatius.xtec.cat\/selva1\/wp-content\/uploads\/usu773\/2021\/09\/aula-virtual-1024x838.png 1024w, https:\/\/serveiseducatius.xtec.cat\/selva1\/wp-content\/uploads\/usu773\/2021\/09\/aula-virtual-768x629.png 768w, https:\/\/serveiseducatius.xtec.cat\/selva1\/wp-content\/uploads\/usu773\/2021\/09\/aula-virtual.png 1245w\" sizes=\"auto, (max-width: 87px) 100vw, 87px\" \/><\/a><a href=\"https:\/\/sites.google.com\/view\/experimenta-la-cincia-2021\/home\" target=\"_blank\" rel=\"noopener\">Experimenta la Ci\u00e8ncia 2025-26. XIV Edici\u00f3<\/a><\/strong><\/span><\/h2>\n<h2 style=\"text-align: center;\"><span style=\"color: #ff9900;\"><strong>CALENDARI COORDINACIONS\u00a0 \u00a0 <a href=\"https:\/\/docs.google.com\/document\/d\/1IYfHiKB4QSjtSXc0N7-ccvyxBf_VdRsaD8KTDGXGhyo\/edit?usp=sharing\" target=\"_blank\" rel=\"noopener\"><img loading=\"lazy\" decoding=\"async\" class=\"alignnone wp-image-3323 size-full\" src=\"https:\/\/serveiseducatius.xtec.cat\/selva1\/wp-content\/uploads\/usu773\/2021\/09\/ACTES-TARONJA-3.png\" alt=\"\" width=\"153\" height=\"64\" srcset=\"https:\/\/serveiseducatius.xtec.cat\/selva1\/wp-content\/uploads\/usu773\/2021\/09\/ACTES-TARONJA-3.png 153w, https:\/\/serveiseducatius.xtec.cat\/selva1\/wp-content\/uploads\/usu773\/2021\/09\/ACTES-TARONJA-3-150x64.png 150w\" sizes=\"auto, (max-width: 153px) 100vw, 153px\" \/>\u00a0 <\/a><\/strong><\/span><\/h2>\n<\/td>\n<\/tr>\n<\/thead>\n<tbody>\n<tr style=\"height: 57px;\">\n<td style=\"width: 50%; height: 57px;\">\n<h4 style=\"text-align: center;\">1\u00aa coordinaci\u00f3:<\/h4>\n<\/td>\n<td style=\"width: 47.6476%; height: 57px; text-align: center;\">\n<h4>02-10-2025 (presencial)<\/h4>\n<\/td>\n<\/tr>\n<tr style=\"height: 57px;\">\n<td style=\"width: 50%; height: 57px;\">\n<h4 style=\"text-align: center;\">2\u00aa\u00a0coordinaci\u00f3:<\/h4>\n<\/td>\n<td style=\"width: 47.6476%; height: 57px; text-align: center;\">\n<h4>30-10-2025<\/h4>\n<\/td>\n<\/tr>\n<tr style=\"height: 57px;\">\n<td style=\"width: 50%; height: 57px;\">\n<h4 style=\"text-align: center;\">3\u00aa\u00a0coordinaci\u00f3:<\/h4>\n<\/td>\n<td style=\"width: 47.6476%; height: 57px; text-align: center;\">\n<h4>19-02-2026<\/h4>\n<\/td>\n<\/tr>\n<tr style=\"height: 57px;\">\n<td style=\"width: 50%; height: 57px;\">\n<h4 style=\"text-align: center;\">Acte final:<\/h4>\n<\/td>\n<td style=\"width: 47.6476%; height: 57px; text-align: center;\">\n<h4>05-03-2026<\/h4>\n<\/td>\n<\/tr>\n<tr style=\"height: 57px;\">\n<td style=\"width: 50%; height: 57px;\">\n<h4 style=\"text-align: center;\">5\u00aa coordinaci\u00f3:<\/h4>\n<\/td>\n<td style=\"width: 47.6476%; height: 57px; text-align: center;\">\n<h4>12-03-2026<\/h4>\n<\/td>\n<\/tr>\n<tr style=\"height: 57px;\">\n<td style=\"width: 50%; height: 57px;\" colspan=\"2\">\n<h4 style=\"text-align: center;\"><em>Aquest projecte forma part del PFZ Selva I 2025-26<\/em><\/h4>\n<\/td>\n<\/tr>\n<tr style=\"height: 245px;\">\n<td style=\"width: 97.6476%; height: 97px;\" colspan=\"2\"><a href=\"http:\/\/www.scf.cat\/\" target=\"_blank\" rel=\"noopener\"><img loading=\"lazy\" decoding=\"async\" class=\"alignnone wp-image-3797\" src=\"https:\/\/serveiseducatius.xtec.cat\/selva1\/wp-content\/uploads\/usu773\/2021\/10\/Ajuntament.png\" alt=\"\" width=\"163\" height=\"78\" \/><\/a>\u00a0 <a href=\"https:\/\/portal.selva.cat\/\" target=\"_blank\" rel=\"noopener\"><img loading=\"lazy\" decoding=\"async\" class=\"alignnone wp-image-3805\" src=\"https:\/\/serveiseducatius.xtec.cat\/selva1\/wp-content\/uploads\/usu773\/2021\/10\/Consell-comarcal-de-la-Selva.png\" alt=\"\" width=\"222\" height=\"70\" \/><\/a><\/td>\n<\/tr>\n<\/tbody>\n<\/table>\n<\/div>\n<div>\n<h2 style=\"text-align: center;\">EDICIONS ANTERIORS<\/h2>\n<\/div>\n<div>\n<div class=\"sites-embed-content sites-embed-type-text\">\n<div class=\"sites-embed-content-textbox\">\n<div dir=\"ltr\">\n<div>\n<p>\u200b<\/p>\n<table style=\"border-collapse: collapse; width: 100%;\">\n<tbody>\n<tr>\n<td style=\"width: 20%; text-align: center;\"><a href=\"https:\/\/sites.google.com\/view\/experimenta-la-cincia-2021\/edicions-anteriors\/curs-24-25\" target=\"_blank\" rel=\"noopener\"><img loading=\"lazy\" decoding=\"async\" class=\"size-full wp-image-11179 aligncenter\" src=\"https:\/\/serveiseducatius.xtec.cat\/selva1\/wp-content\/uploads\/usu773\/2025\/06\/24-25.png\" alt=\"\" width=\"182\" height=\"76\" \/><\/a><\/td>\n<td style=\"width: 20%; text-align: center;\"><a href=\"https:\/\/sites.google.com\/view\/experimenta-la-cincia-2021\/edicions-anteriors\/curs-23-24\" target=\"_blank\" rel=\"noopener\"><img loading=\"lazy\" decoding=\"async\" class=\"wp-image-9132 alignnone\" src=\"https:\/\/serveiseducatius.xtec.cat\/selva1\/wp-content\/uploads\/usu773\/2024\/07\/curs-23-24-1.png\" alt=\"\" width=\"198\" height=\"93\" \/><\/a><\/td>\n<td style=\"width: 20%; text-align: center;\"><a href=\"https:\/\/sites.google.com\/view\/experimenta-la-cincia-2021\/edicions-anteriors\/curs-22-23\" target=\"_blank\" rel=\"noopener\"><img loading=\"lazy\" decoding=\"async\" class=\"alignnone wp-image-7256\" src=\"https:\/\/serveiseducatius.xtec.cat\/selva1\/wp-content\/uploads\/usu773\/2023\/09\/boto-1-1.png\" alt=\"\" width=\"189\" height=\"65\" \/><\/a><\/td>\n<td style=\"width: 20%; text-align: center;\"><a href=\"https:\/\/sites.google.com\/view\/experimenta-la-cincia-2021\/edicions-anteriors\/curs-21-22\" target=\"_blank\" rel=\"noopener\"><img loading=\"lazy\" decoding=\"async\" class=\"alignnone wp-image-5320 size-full\" src=\"https:\/\/serveiseducatius.xtec.cat\/selva1\/wp-content\/uploads\/usu773\/2022\/07\/Curs-21-22.png\" alt=\"\" width=\"208\" height=\"93\" \/><\/a><\/td>\n<td style=\"width: 20%; text-align: center;\"><a href=\"https:\/\/sites.google.com\/view\/experimenta-la-cincia-2021\/edicions-anteriors\/edici%C3%B3-2020\" target=\"_blank\" rel=\"noopener\"><img loading=\"lazy\" decoding=\"async\" class=\"alignnone wp-image-3189\" style=\"font-size: 16px; text-align: start;\" src=\"https:\/\/serveiseducatius.xtec.cat\/selva1\/wp-content\/uploads\/usu773\/2021\/09\/19-21.png\" alt=\"\" width=\"155\" height=\"61\" \/><\/a><\/td>\n<\/tr>\n<tr>\n<td style=\"width: 20%; text-align: center;\"><a href=\"https:\/\/sites.google.com\/site\/experimentalaciencia2019\/\" target=\"_blank\" rel=\"noopener\"><img loading=\"lazy\" decoding=\"async\" class=\"alignnone wp-image-3191 size-full\" src=\"https:\/\/serveiseducatius.xtec.cat\/selva1\/wp-content\/uploads\/usu773\/2021\/09\/18-19.png\" alt=\"\" width=\"184\" height=\"68\" \/><\/a><\/td>\n<td style=\"width: 20%; text-align: center;\"><a href=\"https:\/\/sites.google.com\/site\/seselva1\/benvingutda-a-la-nostra-xarxa-educativa\/el-nostre-rebost\/experimenta-la-ci%C3%A8ncia-2017-18?authuser=0\" target=\"_blank\" rel=\"noopener\"><img loading=\"lazy\" decoding=\"async\" class=\"alignnone wp-image-3192 size-full\" src=\"https:\/\/serveiseducatius.xtec.cat\/selva1\/wp-content\/uploads\/usu773\/2021\/09\/17-18.png\" alt=\"\" width=\"187\" height=\"77\" \/><\/a><\/td>\n<td style=\"width: 20%; text-align: center;\"><a href=\"https:\/\/sites.google.com\/site\/seselva1\/benvingutda-a-la-nostra-xarxa-educativa\/activitats-amb-alumnes\/experimenta-la-ci%C3%A8ncia\/experimenta-la-ci%C3%A8ncia-2017?authuser=0\" target=\"_blank\" rel=\"noopener\"><img loading=\"lazy\" decoding=\"async\" class=\"alignnone wp-image-3193 size-full\" src=\"https:\/\/serveiseducatius.xtec.cat\/selva1\/wp-content\/uploads\/usu773\/2021\/09\/16-17.png\" alt=\"\" width=\"181\" height=\"71\" \/><\/a><\/td>\n<td style=\"width: 20%; text-align: center;\"><a href=\"https:\/\/sites.google.com\/site\/seselva1\/benvingutda-a-la-nostra-xarxa-educativa\/el-nostre-rebost\/experimenta-la-ci%C3%A8ncia-2016?authuser=0\" target=\"_blank\" rel=\"noopener\"><img loading=\"lazy\" decoding=\"async\" class=\"alignnone wp-image-3194 size-full\" src=\"https:\/\/serveiseducatius.xtec.cat\/selva1\/wp-content\/uploads\/usu773\/2021\/09\/15-16.png\" alt=\"\" width=\"178\" height=\"74\" \/><\/a><\/td>\n<td style=\"width: 20%; text-align: center;\"><a href=\"https:\/\/sites.google.com\/site\/seselva1\/benvingutda-a-la-nostra-xarxa-educativa\/el-nostre-rebost\/experimenta-la-ci%C3%A8ncia-2015?authuser=0\" target=\"_blank\" rel=\"noopener\"><img loading=\"lazy\" decoding=\"async\" class=\"alignnone wp-image-3195 size-full\" src=\"https:\/\/serveiseducatius.xtec.cat\/selva1\/wp-content\/uploads\/usu773\/2021\/09\/14-o5.png\" alt=\"\" width=\"186\" height=\"73\" \/><\/a><\/td>\n<\/tr>\n<tr>\n<td style=\"width: 20%; text-align: center;\"><a href=\"https:\/\/sites.google.com\/site\/seselva1\/benvingutda-a-la-nostra-xarxa-educativa\/el-nostre-rebost\/experimenta-la-ci%C3%A8ncia-2014?authuser=0\" target=\"_blank\" rel=\"noopener\"><img loading=\"lazy\" decoding=\"async\" class=\"alignnone wp-image-3196 size-full\" src=\"https:\/\/serveiseducatius.xtec.cat\/selva1\/wp-content\/uploads\/usu773\/2021\/09\/13-14.png\" alt=\"\" width=\"186\" height=\"81\" \/><\/a><\/td>\n<td style=\"width: 20%; text-align: center;\"><a href=\"https:\/\/sites.google.com\/site\/seselva1\/benvingutda-a-la-nostra-xarxa-educativa\/el-nostre-rebost\/experimenta-la-ci%C3%A8ncia-2013?authuser=0\" target=\"_blank\" rel=\"noopener\"><img loading=\"lazy\" decoding=\"async\" class=\"alignnone wp-image-3197 size-full\" src=\"https:\/\/serveiseducatius.xtec.cat\/selva1\/wp-content\/uploads\/usu773\/2021\/09\/12-13.png\" alt=\"\" width=\"189\" height=\"71\" \/><\/a><\/td>\n<td style=\"width: 20%; text-align: center;\"><\/td>\n<td style=\"width: 20%; text-align: center;\"><\/td>\n<td style=\"width: 20%; text-align: center;\"><\/td>\n<\/tr>\n<tr>\n<td style=\"width: 20%; text-align: center;\"><\/td>\n<td style=\"width: 20%; text-align: center;\"><\/td>\n<td style=\"width: 20%; text-align: center;\"><\/td>\n<td style=\"width: 20%; text-align: center;\"><\/td>\n<td style=\"width: 20%; text-align: center;\"><a href=\"https:\/\/docs.google.com\/document\/d\/1ISt98wqbRnrVee2NDZyN9spKA9hCKITA-1RXPOdB-W8\/edit?usp=sharing\" target=\"_blank\" rel=\"noopener\"><img loading=\"lazy\" decoding=\"async\" class=\"alignnone wp-image-4148\" style=\"font-size: 16px; text-align: start; background-color: #ffffff;\" src=\"https:\/\/serveiseducatius.xtec.cat\/selva1\/wp-content\/uploads\/usu773\/2021\/11\/autoritzacio-1.jpg\" alt=\"\" width=\"130\" height=\"143\" \/><\/a><\/td>\n<\/tr>\n<\/tbody>\n<\/table>\n<\/div>\n<p>&nbsp;<\/p>\n<\/div>\n<\/div>\n<\/div>\n<\/div>\n","protected":false},"excerpt":{"rendered":"<p>XIV Edici\u00f3 d&#8217;Experimenta la Ci\u00e8ncia! Amb l&#8217;objectiu fonamental de despertar i potenciar l&#8217;inter\u00e8s dels m\u00e9s joves vers la ci\u00e8ncia i la tecnologia, impulsem,\u00a0en coordinaci\u00f3 amb l&#8217;Ajuntament de Santa Coloma de Farners\u00a0i el Consell Comarcal de la Selva, l\u2019activitat Experimenta la ci\u00e8ncia\u201d Complementa les activitats La ci\u00e8ncia en primera persona adre\u00e7ada a grups d&#8217;alumnes de cicle [&hellip;]<\/p>\n","protected":false},"author":1,"featured_media":0,"parent":0,"menu_order":0,"comment_status":"closed","ping_status":"closed","template":"","meta":{"_bbp_topic_count":0,"_bbp_reply_count":0,"_bbp_total_topic_count":0,"_bbp_total_reply_count":0,"_bbp_voice_count":0,"_bbp_anonymous_reply_count":0,"_bbp_topic_count_hidden":0,"_bbp_reply_count_hidden":0,"_bbp_forum_subforum_count":0,"site-sidebar-layout":"default","site-content-layout":"","ast-site-content-layout":"default","site-content-style":"default","site-sidebar-style":"default","ast-global-header-display":"","ast-banner-title-visibility":"","ast-main-header-display":"","ast-hfb-above-header-display":"","ast-hfb-below-header-display":"","ast-hfb-mobile-header-display":"","site-post-title":"","ast-breadcrumbs-content":"","ast-featured-img":"","footer-sml-layout":"","theme-transparent-header-meta":"default","adv-header-id-meta":"","stick-header-meta":"","header-above-stick-meta":"","header-main-stick-meta":"","header-below-stick-meta":"","astra-migrate-meta-layouts":"set","ast-page-background-enabled":"default","ast-page-background-meta":{"desktop":{"background-color":"var(--ast-global-color-4)","background-image":"","background-repeat":"repeat","background-position":"center center","background-size":"auto","background-attachment":"scroll","background-type":"","background-media":"","overlay-type":"","overlay-color":"","overlay-opacity":"","overlay-gradient":""},"tablet":{"background-color":"","background-image":"","background-repeat":"repeat","background-position":"center center","background-size":"auto","background-attachment":"scroll","background-type":"","background-media":"","overlay-type":"","overlay-color":"","overlay-opacity":"","overlay-gradient":""},"mobile":{"background-color":"","background-image":"","background-repeat":"repeat","background-position":"center center","background-size":"auto","background-attachment":"scroll","background-type":"","background-media":"","overlay-type":"","overlay-color":"","overlay-opacity":"","overlay-gradient":""}},"ast-content-background-meta":{"desktop":{"background-color":"var(--ast-global-color-5)","background-image":"","background-repeat":"repeat","background-position":"center center","background-size":"auto","background-attachment":"scroll","background-type":"","background-media":"","overlay-type":"","overlay-color":"","overlay-opacity":"","overlay-gradient":""},"tablet":{"background-color":"var(--ast-global-color-5)","background-image":"","background-repeat":"repeat","background-position":"center center","background-size":"auto","background-attachment":"scroll","background-type":"","background-media":"","overlay-type":"","overlay-color":"","overlay-opacity":"","overlay-gradient":""},"mobile":{"background-color":"var(--ast-global-color-5)","background-image":"","background-repeat":"repeat","background-position":"center center","background-size":"auto","background-attachment":"scroll","background-type":"","background-media":"","overlay-type":"","overlay-color":"","overlay-opacity":"","overlay-gradient":""}},"footnotes":""},"class_list":["post-2869","page","type-page","status-publish","hentry"],"post_mailing_queue_ids":[],"_links":{"self":[{"href":"https:\/\/serveiseducatius.xtec.cat\/selva1\/wp-json\/wp\/v2\/pages\/2869","targetHints":{"allow":["GET"]}}],"collection":[{"href":"https:\/\/serveiseducatius.xtec.cat\/selva1\/wp-json\/wp\/v2\/pages"}],"about":[{"href":"https:\/\/serveiseducatius.xtec.cat\/selva1\/wp-json\/wp\/v2\/types\/page"}],"author":[{"embeddable":true,"href":"https:\/\/serveiseducatius.xtec.cat\/selva1\/wp-json\/wp\/v2\/users\/1"}],"replies":[{"embeddable":true,"href":"https:\/\/serveiseducatius.xtec.cat\/selva1\/wp-json\/wp\/v2\/comments?post=2869"}],"version-history":[{"count":6,"href":"https:\/\/serveiseducatius.xtec.cat\/selva1\/wp-json\/wp\/v2\/pages\/2869\/revisions"}],"predecessor-version":[{"id":12278,"href":"https:\/\/serveiseducatius.xtec.cat\/selva1\/wp-json\/wp\/v2\/pages\/2869\/revisions\/12278"}],"wp:attachment":[{"href":"https:\/\/serveiseducatius.xtec.cat\/selva1\/wp-json\/wp\/v2\/media?parent=2869"}],"curies":[{"name":"wp","href":"https:\/\/api.w.org\/{rel}","templated":true}]}}