{"id":2797,"date":"2021-06-17T13:13:01","date_gmt":"2021-06-17T11:13:01","guid":{"rendered":"http:\/\/serveiseducatius.xtec.cat\/selva1\/?page_id=2797"},"modified":"2022-07-11T11:36:32","modified_gmt":"2022-07-11T09:36:32","slug":"les-nostres-revistes-2","status":"publish","type":"page","link":"https:\/\/serveiseducatius.xtec.cat\/selva1\/les-nostres-revistes-2\/","title":{"rendered":"LES NOSTRES REVISTES 20-21"},"content":{"rendered":"<p><a href=\"https:\/\/serveiseducatius.xtec.cat\/selva1\/wp-content\/uploads\/usu773\/2021\/06\/lesnostresrevistes.gif\"><img loading=\"lazy\" decoding=\"async\" class=\"wp-image-2801 alignleft\" src=\"https:\/\/serveiseducatius.xtec.cat\/selva1\/wp-content\/uploads\/usu773\/2021\/06\/lesnostresrevistes.gif\" alt=\"\" width=\"119\" height=\"134\" \/> <\/a><\/p>\n<div><img decoding=\"async\" src=\"https:\/\/sites.google.com\/site\/calaixselva1\/_\/rsrc\/1281122445922\/imatges\/nou.gif\" border=\"0\" \/><\/div>\n<p><a href=\"https:\/\/serveiseducatius.xtec.cat\/selva1\/wp-content\/uploads\/usu773\/2021\/06\/lesnostresrevistes.gif\"><span style=\"font-size: small;\">Recull de revistes escolars dels centres de la zona<\/span><\/a><\/p>\n<p>&nbsp;<\/p>\n<p>&nbsp;<\/p>\n<table>\n<tbody>\n<tr>\n<td><a href=\"https:\/\/issuu.com\/blocsantesteve\/docs\/espieta_32\"><img loading=\"lazy\" decoding=\"async\" class=\"alignnone wp-image-2799 \" src=\"https:\/\/serveiseducatius.xtec.cat\/selva1\/wp-content\/uploads\/usu773\/2021\/06\/espieta-210x300.png\" alt=\"\" width=\"268\" height=\"383\" srcset=\"https:\/\/serveiseducatius.xtec.cat\/selva1\/wp-content\/uploads\/usu773\/2021\/06\/espieta-210x300.png 210w, https:\/\/serveiseducatius.xtec.cat\/selva1\/wp-content\/uploads\/usu773\/2021\/06\/espieta.png 623w\" sizes=\"auto, (max-width: 268px) 100vw, 268px\" \/><\/a><\/p>\n<div style=\"text-align: center;\">ESC Sant Esteve<\/div>\n<div style=\"text-align: center;\">Caldes de Malavella 20-21<\/div>\n<\/td>\n<td><a href=\"https:\/\/drive.google.com\/file\/d\/1127-w_hp8OtHT4tLkbuDpuZz004a0mz2\/view?usp=sharing\"><img loading=\"lazy\" decoding=\"async\" class=\"alignnone wp-image-2802\" src=\"https:\/\/serveiseducatius.xtec.cat\/selva1\/wp-content\/uploads\/usu773\/2021\/06\/som-hi-210x300.png\" alt=\"\" width=\"254\" height=\"363\" srcset=\"https:\/\/serveiseducatius.xtec.cat\/selva1\/wp-content\/uploads\/usu773\/2021\/06\/som-hi-210x300.png 210w, https:\/\/serveiseducatius.xtec.cat\/selva1\/wp-content\/uploads\/usu773\/2021\/06\/som-hi.png 527w\" sizes=\"auto, (max-width: 254px) 100vw, 254px\" \/><\/a><\/p>\n<div style=\"text-align: center;\">ESC La Vall<\/div>\n<div style=\"text-align: center;\">Osor 20-21<\/div>\n<\/td>\n<td><a href=\"https:\/\/en.calameo.com\/read\/000733335557afd1793d7\"><img loading=\"lazy\" decoding=\"async\" class=\"wp-image-2864 aligncenter\" src=\"https:\/\/serveiseducatius.xtec.cat\/selva1\/wp-content\/uploads\/usu773\/2021\/06\/sant-josep-212x300.png\" alt=\"\" width=\"262\" height=\"370\" srcset=\"https:\/\/serveiseducatius.xtec.cat\/selva1\/wp-content\/uploads\/usu773\/2021\/06\/sant-josep-212x300.png 212w, https:\/\/serveiseducatius.xtec.cat\/selva1\/wp-content\/uploads\/usu773\/2021\/06\/sant-josep.png 458w\" sizes=\"auto, (max-width: 262px) 100vw, 262px\" \/><\/a><\/p>\n<div style=\"text-align: center;\">COL. Sant Josep<\/div>\n<div style=\"text-align: center;\">Sant Hilari 20-21<\/div>\n<\/td>\n<\/tr>\n<tr>\n<td><a href=\"https:\/\/issuu.com\/escolacarulla\/docs\/revista_2021.pub\"><img loading=\"lazy\" decoding=\"async\" class=\"alignnone wp-image-2951\" src=\"https:\/\/serveiseducatius.xtec.cat\/selva1\/wp-content\/uploads\/usu773\/2021\/07\/el-xafarder-228x300.png\" alt=\"\" width=\"254\" height=\"334\" srcset=\"https:\/\/serveiseducatius.xtec.cat\/selva1\/wp-content\/uploads\/usu773\/2021\/07\/el-xafarder-228x300.png 228w, https:\/\/serveiseducatius.xtec.cat\/selva1\/wp-content\/uploads\/usu773\/2021\/07\/el-xafarder-768x1009.png 768w, https:\/\/serveiseducatius.xtec.cat\/selva1\/wp-content\/uploads\/usu773\/2021\/07\/el-xafarder-779x1024.png 779w, https:\/\/serveiseducatius.xtec.cat\/selva1\/wp-content\/uploads\/usu773\/2021\/07\/el-xafarder.png 824w\" sizes=\"auto, (max-width: 254px) 100vw, 254px\" \/><\/a><\/p>\n<div style=\"text-align: center;\">ESC Carulla<\/div>\n<div style=\"text-align: center;\">Arb\u00facies 20-21<\/div>\n<\/td>\n<td>\n<div style=\"text-align: center;\"><a style=\"font-family: inherit; font-size: 0.875em;\" href=\"https:\/\/drive.google.com\/file\/d\/1UZKxST3YN7RQox-mXYofck9RHC4trgud\/view?usp=sharing\"><img loading=\"lazy\" decoding=\"async\" class=\" wp-image-2973 aligncenter\" src=\"https:\/\/serveiseducatius.xtec.cat\/selva1\/wp-content\/uploads\/usu773\/2021\/07\/Captura-3-214x300.png\" alt=\"\" width=\"251\" height=\"352\" srcset=\"https:\/\/serveiseducatius.xtec.cat\/selva1\/wp-content\/uploads\/usu773\/2021\/07\/Captura-3-214x300.png 214w, https:\/\/serveiseducatius.xtec.cat\/selva1\/wp-content\/uploads\/usu773\/2021\/07\/Captura-3.png 304w\" sizes=\"auto, (max-width: 251px) 100vw, 251px\" \/><\/a><\/div>\n<div>\n<div><\/div>\n<div style=\"text-align: center;\">ESC Pompeu Fabra<\/div>\n<div style=\"text-align: center;\">Angl\u00e8s 20-21<\/div>\n<\/div>\n<\/td>\n<td><a href=\"https:\/\/en.calameo.com\/read\/0007448608980c7b3b73f\"><img loading=\"lazy\" decoding=\"async\" class=\" wp-image-2975 aligncenter\" src=\"https:\/\/serveiseducatius.xtec.cat\/selva1\/wp-content\/uploads\/usu773\/2021\/07\/Captura-4-211x300.png\" alt=\"\" width=\"238\" height=\"338\" srcset=\"https:\/\/serveiseducatius.xtec.cat\/selva1\/wp-content\/uploads\/usu773\/2021\/07\/Captura-4-211x300.png 211w, https:\/\/serveiseducatius.xtec.cat\/selva1\/wp-content\/uploads\/usu773\/2021\/07\/Captura-4.png 495w\" sizes=\"auto, (max-width: 238px) 100vw, 238px\" \/><\/a><\/p>\n<div style=\"text-align: center;\">ESC Sant Salvador d&#8217;Horta<\/div>\n<div style=\"text-align: center;\">Santa Coloma de Farners 20-21<\/div>\n<\/td>\n<\/tr>\n<tr>\n<td><a href=\"https:\/\/www.calameo.com\/read\/0044318417d06961a34e1\"><img loading=\"lazy\" decoding=\"async\" class=\"alignnone wp-image-3000\" src=\"https:\/\/serveiseducatius.xtec.cat\/selva1\/wp-content\/uploads\/usu773\/2021\/07\/benaula-218x300.png\" alt=\"\" width=\"248\" height=\"341\" srcset=\"https:\/\/serveiseducatius.xtec.cat\/selva1\/wp-content\/uploads\/usu773\/2021\/07\/benaula-218x300.png 218w, https:\/\/serveiseducatius.xtec.cat\/selva1\/wp-content\/uploads\/usu773\/2021\/07\/benaula.png 590w\" sizes=\"auto, (max-width: 248px) 100vw, 248px\" \/><\/a><\/p>\n<div style=\"text-align: center;\">ESC Benaula<\/div>\n<div style=\"text-align: center;\">Caldes de Malavella 20-21<\/div>\n<\/td>\n<td>\n<div style=\"text-align: center;\"><\/div>\n<\/td>\n<td><\/td>\n<\/tr>\n<\/tbody>\n<\/table>\n<p style=\"text-align: center;\"><a href=\"https:\/\/sites.google.com\/site\/seselva1\/Home\/zona-dintercanvi\/lesnostresrevistes\">HIST\u00d2RIC LES NOSTRES REVISTES<\/a><\/p>\n","protected":false},"excerpt":{"rendered":"<p>Recull de revistes escolars dels centres de la zona &nbsp; &nbsp; ESC Sant Esteve Caldes de Malavella 20-21 ESC La Vall Osor 20-21 COL. Sant Josep Sant Hilari 20-21 ESC Carulla Arb\u00facies 20-21 ESC Pompeu Fabra Angl\u00e8s 20-21 ESC Sant Salvador d&#8217;Horta Santa Coloma de Farners 20-21 ESC Benaula Caldes de Malavella 20-21 HIST\u00d2RIC LES [&hellip;]<\/p>\n","protected":false},"author":1,"featured_media":0,"parent":0,"menu_order":0,"comment_status":"closed","ping_status":"closed","template":"","meta":{"_bbp_topic_count":0,"_bbp_reply_count":0,"_bbp_total_topic_count":0,"_bbp_total_reply_count":0,"_bbp_voice_count":0,"_bbp_anonymous_reply_count":0,"_bbp_topic_count_hidden":0,"_bbp_reply_count_hidden":0,"_bbp_forum_subforum_count":0,"site-sidebar-layout":"default","site-content-layout":"","ast-site-content-layout":"","site-content-style":"default","site-sidebar-style":"default","ast-global-header-display":"","ast-banner-title-visibility":"","ast-main-header-display":"","ast-hfb-above-header-display":"","ast-hfb-below-header-display":"","ast-hfb-mobile-header-display":"","site-post-title":"","ast-breadcrumbs-content":"","ast-featured-img":"","footer-sml-layout":"","theme-transparent-header-meta":"","adv-header-id-meta":"","stick-header-meta":"","header-above-stick-meta":"","header-main-stick-meta":"","header-below-stick-meta":"","astra-migrate-meta-layouts":"default","ast-page-background-enabled":"default","ast-page-background-meta":{"desktop":{"background-color":"var(--ast-global-color-4)","background-image":"","background-repeat":"repeat","background-position":"center center","background-size":"auto","background-attachment":"scroll","background-type":"","background-media":"","overlay-type":"","overlay-color":"","overlay-opacity":"","overlay-gradient":""},"tablet":{"background-color":"","background-image":"","background-repeat":"repeat","background-position":"center center","background-size":"auto","background-attachment":"scroll","background-type":"","background-media":"","overlay-type":"","overlay-color":"","overlay-opacity":"","overlay-gradient":""},"mobile":{"background-color":"","background-image":"","background-repeat":"repeat","background-position":"center center","background-size":"auto","background-attachment":"scroll","background-type":"","background-media":"","overlay-type":"","overlay-color":"","overlay-opacity":"","overlay-gradient":""}},"ast-content-background-meta":{"desktop":{"background-color":"var(--ast-global-color-5)","background-image":"","background-repeat":"repeat","background-position":"center center","background-size":"auto","background-attachment":"scroll","background-type":"","background-media":"","overlay-type":"","overlay-color":"","overlay-opacity":"","overlay-gradient":""},"tablet":{"background-color":"var(--ast-global-color-5)","background-image":"","background-repeat":"repeat","background-position":"center center","background-size":"auto","background-attachment":"scroll","background-type":"","background-media":"","overlay-type":"","overlay-color":"","overlay-opacity":"","overlay-gradient":""},"mobile":{"background-color":"var(--ast-global-color-5)","background-image":"","background-repeat":"repeat","background-position":"center center","background-size":"auto","background-attachment":"scroll","background-type":"","background-media":"","overlay-type":"","overlay-color":"","overlay-opacity":"","overlay-gradient":""}},"footnotes":""},"class_list":["post-2797","page","type-page","status-publish","hentry"],"post_mailing_queue_ids":[],"_links":{"self":[{"href":"https:\/\/serveiseducatius.xtec.cat\/selva1\/wp-json\/wp\/v2\/pages\/2797","targetHints":{"allow":["GET"]}}],"collection":[{"href":"https:\/\/serveiseducatius.xtec.cat\/selva1\/wp-json\/wp\/v2\/pages"}],"about":[{"href":"https:\/\/serveiseducatius.xtec.cat\/selva1\/wp-json\/wp\/v2\/types\/page"}],"author":[{"embeddable":true,"href":"https:\/\/serveiseducatius.xtec.cat\/selva1\/wp-json\/wp\/v2\/users\/1"}],"replies":[{"embeddable":true,"href":"https:\/\/serveiseducatius.xtec.cat\/selva1\/wp-json\/wp\/v2\/comments?post=2797"}],"version-history":[{"count":3,"href":"https:\/\/serveiseducatius.xtec.cat\/selva1\/wp-json\/wp\/v2\/pages\/2797\/revisions"}],"predecessor-version":[{"id":5287,"href":"https:\/\/serveiseducatius.xtec.cat\/selva1\/wp-json\/wp\/v2\/pages\/2797\/revisions\/5287"}],"wp:attachment":[{"href":"https:\/\/serveiseducatius.xtec.cat\/selva1\/wp-json\/wp\/v2\/media?parent=2797"}],"curies":[{"name":"wp","href":"https:\/\/api.w.org\/{rel}","templated":true}]}}