{"id":2235,"date":"2021-01-18T17:30:52","date_gmt":"2021-01-18T16:30:52","guid":{"rendered":"http:\/\/serveiseducatius.xtec.cat\/selva1\/?page_id=2235"},"modified":"2024-09-21T17:31:03","modified_gmt":"2024-09-21T15:31:03","slug":"educacio-infantil-i-primaria","status":"publish","type":"page","link":"https:\/\/serveiseducatius.xtec.cat\/selva1\/educacio-infantil-i-primaria\/","title":{"rendered":"Educaci\u00f3 infantil i prim\u00e0ria"},"content":{"rendered":"<table style=\"height: 951px; width: 683px;\" border=\"2\" cellpadding=\"1\">\n<tbody>\n<tr style=\"height: 31px;\">\n<td style=\"height: 31px; width: 91.8182px; text-align: center; background-color: #dbd7d7;\">\n<h5><span style=\"color: #365e20;\"><strong>Poblaci\u00f3<\/strong><\/span><\/h5>\n<\/td>\n<td style=\"height: 31px; width: 145.455px; text-align: center; background-color: #dbd7d7;\">\n<h5><span style=\"color: #365e20;\"><strong>Centre<\/strong><\/span><\/h5>\n<\/td>\n<td style=\"height: 31px; width: 118.182px; text-align: center; background-color: #dbd7d7;\">\n<h5><span style=\"color: #365e20;\"><strong>tel\u00e8fon<\/strong><\/span><\/h5>\n<\/td>\n<td style=\"height: 31px; width: 230.909px; text-align: center; background-color: #dbd7d7;\">\n<h5><span style=\"color: #365e20;\"><strong>Adre\u00e7a electr\u00f2nica<\/strong><\/span><\/h5>\n<\/td>\n<td style=\"height: 31px; width: 83.6364px; text-align: center; background-color: #dbd7d7;\">\n<h5><span style=\"color: #365e20;\"><strong>Web<\/strong><\/span><\/h5>\n<\/td>\n<\/tr>\n<tr style=\"height: 31px;\">\n<td style=\"height: 31px; width: 91.8182px; text-align: center;\">Amer<\/td>\n<td style=\"width: 145.455px; height: 31px; text-align: center;\">ESC Gaspar de Queralt<\/td>\n<td style=\"height: 31px; width: 118.182px; text-align: center;\">972 430795<\/td>\n<td style=\"height: 31px; width: 230.909px; text-align: center;\">b7000093@xtec.cat<\/td>\n<td style=\"height: 31px; width: 83.6364px; text-align: center;\"><a href=\"https:\/\/sites.google.com\/xtec.cat\/gaspardequeralt\/inici\">Web<\/a><\/td>\n<\/tr>\n<tr style=\"height: 31px;\">\n<td style=\"height: 10px; width: 91.8182px; text-align: center;\">Angl\u00e8s<\/td>\n<td style=\"width: 145.455px; height: 10px; text-align: center;\">ESC Pompeu Fabra<\/td>\n<td style=\"height: 10px; width: 118.182px; text-align: center;\">972 423362<\/td>\n<td style=\"height: 10px; width: 230.909px; text-align: center;\">b7000135@xtec.cat<\/td>\n<td style=\"height: 10px; width: 83.6364px; text-align: center;\"><a href=\"https:\/\/agora.xtec.cat\/escpfangles\/\">Web<\/a><\/td>\n<\/tr>\n<tr style=\"height: 31px;\">\n<td style=\"height: 31px; width: 91.8182px; text-align: center;\">Angl\u00e8s<\/td>\n<td style=\"width: 145.455px; height: 31px; text-align: center;\">COL. FEDAC<\/td>\n<td style=\"height: 31px; width: 118.182px; text-align: center;\">972 421206<\/td>\n<td style=\"height: 31px; width: 230.909px; text-align: center;\">b7000147@xtec.cat<\/td>\n<td style=\"height: 31px; width: 83.6364px; text-align: center;\"><a href=\"http:\/\/www.fedac.cat\/angles.php\">Web<\/a><\/td>\n<\/tr>\n<tr style=\"height: 31px;\">\n<td style=\"height: 31px; width: 91.8182px; text-align: center;\">Arb\u00facies<\/td>\n<td style=\"width: 145.455px; height: 31px; text-align: center;\">ESC Dr. Carulla<\/td>\n<td style=\"height: 31px; width: 118.182px; text-align: center;\">972 860368<\/td>\n<td style=\"height: 31px; width: 230.909px; text-align: center;\">b7000160@xtec.cat<\/td>\n<td style=\"height: 31px; width: 83.6364px; text-align: center;\"><a href=\"https:\/\/arbucies.wixsite.com\/carulla\/escola\">Web<\/a><\/td>\n<\/tr>\n<tr style=\"height: 31px;\">\n<td style=\"height: 31px; width: 91.8182px; text-align: center;\">Arb\u00facies<\/td>\n<td style=\"width: 145.455px; height: 31px; text-align: center;\">COL. Vedruna<\/td>\n<td style=\"height: 31px; width: 118.182px; text-align: center;\">972 860051<\/td>\n<td style=\"height: 31px; width: 230.909px; text-align: center;\">b7000184@xtec.cat<\/td>\n<td style=\"height: 31px; width: 83.6364px; text-align: center;\"><a href=\"http:\/\/www.vedrunaarbucies.org\/\">Web<\/a><\/td>\n<\/tr>\n<tr style=\"height: 31px;\">\n<td style=\"height: 31px; width: 91.8182px; text-align: center;\">Bonmat\u00ed<\/td>\n<td style=\"width: 145.455px; height: 31px; text-align: center;\">ESC Sant Jordi<\/td>\n<td style=\"height: 31px; width: 118.182px; text-align: center;\">972 421070<\/td>\n<td style=\"height: 31px; width: 230.909px; text-align: center;\">b7000123@xtec.cat<\/td>\n<td style=\"height: 31px; width: 83.6364px; text-align: center;\"><a href=\"https:\/\/agora.xtec.cat\/ceipsantjordi\/\">Web<\/a><\/td>\n<\/tr>\n<tr style=\"height: 31px;\">\n<td style=\"height: 31px; width: 91.8182px; text-align: center;\">Breda<\/td>\n<td style=\"width: 145.455px; height: 31px; text-align: center;\">IE Montseny<\/td>\n<td style=\"height: 31px; width: 118.182px; text-align: center;\">972 870823<\/td>\n<td style=\"height: 31px; width: 230.909px; text-align: center;\">b7000585@xtec.cat<\/td>\n<td style=\"height: 31px; width: 83.6364px; text-align: center;\"><a href=\"https:\/\/sites.google.com\/site\/escolamontsenydebreda\/\">Web<\/a><\/td>\n<\/tr>\n<tr style=\"height: 31px;\">\n<td style=\"height: 31px; width: 91.8182px; text-align: center;\">Caldes de Malavella<\/td>\n<td style=\"width: 145.455px; height: 31px; text-align: center;\">ESC La Benaula<\/td>\n<td style=\"height: 31px; width: 118.182px; text-align: center;\">972 480056<\/td>\n<td style=\"height: 31px; width: 230.909px; text-align: center;\">b7008781@xtec.cat<\/td>\n<td style=\"height: 31px; width: 83.6364px; text-align: center;\"><a href=\"https:\/\/agora.xtec.cat\/ceiplabenaula\/\">Web<\/a><\/td>\n<\/tr>\n<tr style=\"height: 31px;\">\n<td style=\"width: 91.8182px; text-align: center; height: 31px;\">Caldes de Malavella<\/td>\n<td style=\"width: 145.455px; text-align: center; height: 31px;\">ESC Sant Esteve<\/td>\n<td style=\"width: 118.182px; text-align: center; height: 31px;\">972 472344<\/td>\n<td style=\"width: 230.909px; text-align: center; height: 31px;\">b7000676@xtec.cat<\/td>\n<td style=\"height: 31px; width: 83.6364px; text-align: center;\"><a href=\"https:\/\/agora.xtec.cat\/escsantesteve\/\">Web<\/a><\/td>\n<\/tr>\n<tr style=\"height: 31px;\">\n<td style=\"height: 31px; width: 91.8182px; text-align: center;\">Hostalric<\/td>\n<td style=\"width: 145.455px; height: 31px; text-align: center;\">ESC Mare de D\u00e9u dels Socors<\/td>\n<td style=\"height: 31px; width: 118.182px; text-align: center;\">972 864469<\/td>\n<td style=\"height: 31px; width: 230.909px; text-align: center;\">b7001981@xtec.cat<\/td>\n<td style=\"height: 31px; width: 83.6364px; text-align: center;\"><a href=\"https:\/\/agora.xtec.cat\/esc-socors-hostalric\/\">Web<\/a><\/td>\n<\/tr>\n<tr style=\"height: 31px;\">\n<td style=\"height: 31px; width: 91.8182px; text-align: center;\">La Cellera de Ter<\/td>\n<td style=\"width: 145.455px; text-align: center; height: 31px;\">ESC Juncadella<\/td>\n<td style=\"width: 118.182px; text-align: center; height: 31px;\">972 421605<\/td>\n<td style=\"width: 230.909px; text-align: center; height: 31px;\">b7003781@xtec.cat<\/td>\n<td style=\"height: 31px; width: 83.6364px; text-align: center;\"><a href=\"https:\/\/sites.google.com\/site\/escolajuncadella20112012\/home\">Web<\/a><\/td>\n<\/tr>\n<tr style=\"height: 31px;\">\n<td style=\"width: 91.8182px; text-align: center; height: 31px;\">Osor<\/td>\n<td style=\"width: 145.455px; text-align: center; height: 31px;\">ESC La Vall<\/td>\n<td style=\"width: 118.182px; text-align: center; height: 31px;\">972 446176<\/td>\n<td style=\"width: 230.909px; text-align: center; height: 31px;\">b7002442@xtec.cat<\/td>\n<td style=\"height: 31px; width: 83.6364px; text-align: center;\"><a href=\"https:\/\/sites.google.com\/site\/escolalavallosor\/home\">Web<\/a><\/td>\n<\/tr>\n<tr style=\"height: 31px;\">\n<td style=\"height: 31px; width: 91.8182px; text-align: center;\">Riells i Viabrea<\/td>\n<td style=\"width: 145.455px; text-align: center; height: 31px;\">ESC El Bruc<\/td>\n<td style=\"width: 118.182px; text-align: center; height: 31px;\">972870289<\/td>\n<td style=\"width: 230.909px; text-align: center; height: 31px;\">b7002983@xtec.cat<\/td>\n<td style=\"height: 31px; width: 83.6364px; text-align: center;\"><a href=\"https:\/\/blocsescolaelbruc.wixsite.com\/escolaelbruc\">Web<\/a><\/td>\n<\/tr>\n<tr style=\"height: 47px;\">\n<td style=\"width: 91.8182px; text-align: center; height: 47px;\">Riudarenes<\/td>\n<td style=\"width: 145.455px; text-align: center; height: 47px;\">ESC Josep Boada<\/td>\n<td style=\"width: 118.182px; text-align: center; height: 47px;\">972 856111<\/td>\n<td style=\"width: 230.909px; text-align: center; height: 47px;\">b7003070@xtec.cat<\/td>\n<td style=\"height: 47px; width: 83.6364px; text-align: center;\"><a href=\"https:\/\/sites.google.com\/view\/escola-josep-boada\/p%C3%A0gina-principal\">Web<\/a><\/td>\n<\/tr>\n<tr style=\"height: 55px;\">\n<td style=\"width: 91.8182px; text-align: center; height: 55px;\">Riudellots de la Selva<\/td>\n<td style=\"width: 145.455px; text-align: center; height: 55px;\">ESC Riudellots<\/td>\n<td style=\"width: 118.182px; text-align: center; height: 55px;\">972 477133<\/td>\n<td style=\"width: 230.909px; text-align: center; height: 55px;\">b7003094@xtec.cat<\/td>\n<td style=\"height: 55px; width: 83.6364px; text-align: center;\"><a href=\"https:\/\/escolariudellots.wixsite.com\/web-escola\">Web<\/a><\/td>\n<\/tr>\n<tr style=\"height: 31px;\">\n<td style=\"width: 91.8182px; text-align: center; height: 31px;\">Sant Feliu de Buixalleu<\/td>\n<td style=\"width: 145.455px; text-align: center; height: 31px;\">ESC Les Alzines Balladores<\/td>\n<td style=\"width: 118.182px; text-align: center; height: 31px;\">972 864881<\/td>\n<td style=\"width: 230.909px; text-align: center; height: 31px;\">b7008894@xtec.cat<\/td>\n<td style=\"height: 31px; width: 83.6364px; text-align: center;\"><a href=\"https:\/\/sites.google.com\/site\/escolaalzinesballadores\/\">Web<\/a><\/td>\n<\/tr>\n<tr style=\"height: 47px;\">\n<td style=\"width: 91.8182px; text-align: center; height: 47px;\">Sant Hilari Sacalm<\/td>\n<td style=\"width: 145.455px; text-align: center; height: 47px;\">ESC Guilleries<\/td>\n<td style=\"width: 118.182px; text-align: center; height: 47px;\">972 868729<\/td>\n<td style=\"width: 230.909px; text-align: center; height: 47px;\">b7003434@xtec.cat<\/td>\n<td style=\"height: 47px; width: 83.6364px; text-align: center;\"><a href=\"https:\/\/agora.xtec.cat\/ceipguilleries\/\">Web<\/a><\/td>\n<\/tr>\n<tr style=\"height: 47px;\">\n<td style=\"width: 91.8182px; text-align: center; height: 47px;\">Sant Hilari Sacalm<\/td>\n<td style=\"width: 145.455px; text-align: center; height: 47px;\">IE Cent Fonts<\/td>\n<td style=\"width: 118.182px; text-align: center; height: 47px;\">972 869483<\/td>\n<td style=\"width: 230.909px; text-align: center; height: 47px;\">b7003446@xtec.cat<\/td>\n<td style=\"height: 47px; width: 83.6364px; text-align: center;\"><a href=\"https:\/\/agora.xtec.cat\/col-santjosep\/\">Web<\/a><\/td>\n<\/tr>\n<tr style=\"height: 62px;\">\n<td style=\"width: 91.8182px; text-align: center; height: 62px;\">Santa Coloma de Farners<\/td>\n<td style=\"width: 145.455px; text-align: center; height: 62px;\">ESC Castell de Farners<\/td>\n<td style=\"width: 118.182px; text-align: center; height: 62px;\">972 877535<\/td>\n<td style=\"width: 230.909px; text-align: center; height: 62px;\">b7008249@xtec.cat<\/td>\n<td style=\"height: 62px; width: 83.6364px; text-align: center;\"><a href=\"http:\/\/escolacastelldefarners.cat\/\">Web<\/a><\/td>\n<\/tr>\n<tr style=\"height: 62px;\">\n<td style=\"width: 91.8182px; text-align: center; height: 62px;\">Santa Coloma de Farners<\/td>\n<td style=\"width: 145.455px; text-align: center; height: 62px;\">ESC Sant Salvador d&#8217;Horta<\/td>\n<td style=\"width: 118.182px; text-align: center; height: 62px;\">972 840927<\/td>\n<td style=\"width: 230.909px; text-align: center; height: 62px;\">b7003641@xtec.cat<\/td>\n<td style=\"height: 62px; width: 83.6364px; text-align: center;\"><a href=\"https:\/\/agora.xtec.cat\/ceipsantsalvadordhorta\/\">Web<\/a><\/td>\n<\/tr>\n<tr style=\"height: 62px;\">\n<td style=\"width: 91.8182px; text-align: center; height: 62px;\">Santa Coloma de Farners<\/td>\n<td style=\"width: 145.455px; text-align: center; height: 62px;\">COL La Salle<\/td>\n<td style=\"width: 118.182px; text-align: center; height: 62px;\">972 840294<\/td>\n<td style=\"width: 230.909px; text-align: center; height: 62px;\">b7003653@xtec.cat<\/td>\n<td style=\"height: 62px; width: 83.6364px; text-align: center;\"><a href=\"https:\/\/www.lasallesantacoloma.net\/\">Web<\/a><\/td>\n<\/tr>\n<tr style=\"height: 47px;\">\n<td style=\"width: 91.8182px; text-align: center; height: 47px;\">Sils<\/td>\n<td style=\"width: 145.455px; text-align: center; height: 47px;\">ESC Jacint Verdaguer<\/td>\n<td style=\"width: 118.182px; text-align: center; height: 47px;\">972 853165<\/td>\n<td style=\"width: 230.909px; text-align: center; height: 47px;\">b7003823@xtec.cat<\/td>\n<td style=\"height: 47px; width: 83.6364px; text-align: center;\"><a href=\"https:\/\/sites.google.com\/site\/jacintverdaguersils\/\">Web<\/a><\/td>\n<\/tr>\n<tr style=\"height: 31px;\">\n<td style=\"width: 91.8182px; text-align: center; height: 31px;\">Sils<\/td>\n<td style=\"width: 145.455px; text-align: center; height: 31px;\">ESC Els Estanys<\/td>\n<td style=\"width: 118.182px; text-align: center; height: 31px;\">972 854278<\/td>\n<td style=\"width: 230.909px; text-align: center; height: 31px;\">b7009199@xtec.cat<\/td>\n<td style=\"height: 31px; width: 83.6364px; text-align: center;\"><a href=\"http:\/\/www.elsestanys.cat\/\">Web<\/a><\/td>\n<\/tr>\n<tr style=\"height: 47px;\">\n<td style=\"width: 91.8182px; text-align: center; height: 47px;\">Vilob\u00ed d&#8217;Onyar<\/td>\n<td style=\"width: 145.455px; text-align: center; height: 47px;\">ESC Josep Madrenys<\/td>\n<td style=\"width: 118.182px; text-align: center; height: 47px;\">972 473286<\/td>\n<td style=\"width: 230.909px; text-align: center; height: 47px;\">b7004281@xtec.cat<\/td>\n<td style=\"height: 47px; width: 83.6364px; text-align: center;\"><a href=\"http:\/\/www.escolajosepmadrenys.cat\/\">Web<\/a><\/td>\n<\/tr>\n<\/tbody>\n<\/table>\n","protected":false},"excerpt":{"rendered":"<p>Poblaci\u00f3 Centre tel\u00e8fon Adre\u00e7a electr\u00f2nica Web Amer ESC Gaspar de Queralt 972 430795 b7000093@xtec.cat Web Angl\u00e8s ESC Pompeu Fabra 972 423362 b7000135@xtec.cat Web Angl\u00e8s COL. FEDAC 972 421206 b7000147@xtec.cat Web Arb\u00facies ESC Dr. Carulla 972 860368 b7000160@xtec.cat Web Arb\u00facies COL. Vedruna 972 860051 b7000184@xtec.cat Web Bonmat\u00ed ESC Sant Jordi 972 421070 b7000123@xtec.cat Web Breda IE [&hellip;]<\/p>\n","protected":false},"author":1,"featured_media":0,"parent":0,"menu_order":0,"comment_status":"closed","ping_status":"closed","template":"","meta":{"_bbp_topic_count":0,"_bbp_reply_count":0,"_bbp_total_topic_count":0,"_bbp_total_reply_count":0,"_bbp_voice_count":0,"_bbp_anonymous_reply_count":0,"_bbp_topic_count_hidden":0,"_bbp_reply_count_hidden":0,"_bbp_forum_subforum_count":0,"site-sidebar-layout":"default","site-content-layout":"","ast-site-content-layout":"","site-content-style":"default","site-sidebar-style":"default","ast-global-header-display":"","ast-banner-title-visibility":"","ast-main-header-display":"","ast-hfb-above-header-display":"","ast-hfb-below-header-display":"","ast-hfb-mobile-header-display":"","site-post-title":"","ast-breadcrumbs-content":"","ast-featured-img":"","footer-sml-layout":"","theme-transparent-header-meta":"","adv-header-id-meta":"","stick-header-meta":"","header-above-stick-meta":"","header-main-stick-meta":"","header-below-stick-meta":"","astra-migrate-meta-layouts":"default","ast-page-background-enabled":"default","ast-page-background-meta":{"desktop":{"background-color":"var(--ast-global-color-4)","background-image":"","background-repeat":"repeat","background-position":"center center","background-size":"auto","background-attachment":"scroll","background-type":"","background-media":"","overlay-type":"","overlay-color":"","overlay-opacity":"","overlay-gradient":""},"tablet":{"background-color":"","background-image":"","background-repeat":"repeat","background-position":"center center","background-size":"auto","background-attachment":"scroll","background-type":"","background-media":"","overlay-type":"","overlay-color":"","overlay-opacity":"","overlay-gradient":""},"mobile":{"background-color":"","background-image":"","background-repeat":"repeat","background-position":"center center","background-size":"auto","background-attachment":"scroll","background-type":"","background-media":"","overlay-type":"","overlay-color":"","overlay-opacity":"","overlay-gradient":""}},"ast-content-background-meta":{"desktop":{"background-color":"var(--ast-global-color-5)","background-image":"","background-repeat":"repeat","background-position":"center center","background-size":"auto","background-attachment":"scroll","background-type":"","background-media":"","overlay-type":"","overlay-color":"","overlay-opacity":"","overlay-gradient":""},"tablet":{"background-color":"var(--ast-global-color-5)","background-image":"","background-repeat":"repeat","background-position":"center center","background-size":"auto","background-attachment":"scroll","background-type":"","background-media":"","overlay-type":"","overlay-color":"","overlay-opacity":"","overlay-gradient":""},"mobile":{"background-color":"var(--ast-global-color-5)","background-image":"","background-repeat":"repeat","background-position":"center center","background-size":"auto","background-attachment":"scroll","background-type":"","background-media":"","overlay-type":"","overlay-color":"","overlay-opacity":"","overlay-gradient":""}},"footnotes":""},"class_list":["post-2235","page","type-page","status-publish","hentry"],"post_mailing_queue_ids":[],"_links":{"self":[{"href":"https:\/\/serveiseducatius.xtec.cat\/selva1\/wp-json\/wp\/v2\/pages\/2235","targetHints":{"allow":["GET"]}}],"collection":[{"href":"https:\/\/serveiseducatius.xtec.cat\/selva1\/wp-json\/wp\/v2\/pages"}],"about":[{"href":"https:\/\/serveiseducatius.xtec.cat\/selva1\/wp-json\/wp\/v2\/types\/page"}],"author":[{"embeddable":true,"href":"https:\/\/serveiseducatius.xtec.cat\/selva1\/wp-json\/wp\/v2\/users\/1"}],"replies":[{"embeddable":true,"href":"https:\/\/serveiseducatius.xtec.cat\/selva1\/wp-json\/wp\/v2\/comments?post=2235"}],"version-history":[{"count":6,"href":"https:\/\/serveiseducatius.xtec.cat\/selva1\/wp-json\/wp\/v2\/pages\/2235\/revisions"}],"predecessor-version":[{"id":9565,"href":"https:\/\/serveiseducatius.xtec.cat\/selva1\/wp-json\/wp\/v2\/pages\/2235\/revisions\/9565"}],"wp:attachment":[{"href":"https:\/\/serveiseducatius.xtec.cat\/selva1\/wp-json\/wp\/v2\/media?parent=2235"}],"curies":[{"name":"wp","href":"https:\/\/api.w.org\/{rel}","templated":true}]}}