{"id":11682,"date":"2025-10-13T12:48:15","date_gmt":"2025-10-13T10:48:15","guid":{"rendered":"https:\/\/serveiseducatius.xtec.cat\/selva1\/?page_id=11682"},"modified":"2025-10-13T15:45:26","modified_gmt":"2025-10-13T13:45:26","slug":"concurs-doratoria-24-25","status":"publish","type":"page","link":"https:\/\/serveiseducatius.xtec.cat\/selva1\/concurs-doratoria-2\/concurs-doratoria-24-25\/","title":{"rendered":"Concurs d&#8217;Orat\u00f2ria 24-25"},"content":{"rendered":"<div>\n<table style=\"border-collapse: collapse; width: 96.5403%; height: 120px;\">\n<thead>\n<tr style=\"height: 144px;\">\n<td style=\"height: 71px;\" colspan=\"2\">\n<h2 style=\"text-align: center;\"><span style=\"color: #ff9900;\"><strong>Concurs d&#8217;Orat\u00f2ria en llengua anglesa 2024-25. XVII Edici\u00f3<\/strong><\/span><\/h2>\n<\/td>\n<\/tr>\n<\/thead>\n<\/table>\n<\/div>\n<div>\n<h1><b><u>FINAL DEL CONCURS D\u2019ORAT\u00d2RIA\u00a0 17 de MAIG DE 2025<\/u><\/b><\/h1>\n<h4><b>Vegeu les <a href=\"https:\/\/docs.google.com\/document\/d\/1O4nnM1-WqfRmcBjzoiBMdh_kEfibZfrL\/edit?usp=drive_link&amp;ouid=112608042752759412857&amp;rtpof=true&amp;sd=true\" target=\"_blank\" rel=\"noopener\">BASES<\/a> del Concurs<\/b><\/h4>\n<h6><strong>Tema<\/strong>: THE BEST DAY OF MY LIFE\u00a0 \u00a0<a href=\"https:\/\/drive.google.com\/file\/d\/1PksHYsjUDRgLFnAPMrx6xaVxGh8vHTBQ\/view\" target=\"_blank\" rel=\"noopener\">Infografia de suport<\/a>, <em>by Aina Vert (COL La Salle)<\/em><\/h6>\n<p>Guanyadors i finalistes<\/p>\n<p>\u00ab<strong>Acc\u00e9s a les edicions d\u2019altres anys<\/strong>\u00bb podeu visualitzar els reportatges gr\u00e0fics dels actes centrals d\u2019altres cursos, aix\u00ed com els v\u00eddeos amb les intervencions dels alumnes finalistes. (Veure a sota la p\u00e0gina)<\/p>\n<h4 class=\"sites-embed-title\">Formulari d\u2019inscripci\u00f3 i de tramesa d\u2019enregistraments i de participaci\u00f3\/autoritzaci\u00f3:<\/h4>\n<div><b><u>ENTRE EL 4 DE NOVEMBREI EL 21 DE\u00a0 FEBRER\u00a0<\/u><\/b><\/div>\n<div><\/div>\n<ul>\n<li><a href=\"https:\/\/docs.google.com\/forms\/d\/e\/1FAIpQLScKJvcR4rcX4BtkaZLdkkKnNuVjv4RbwzWAlxVdRayMcGOtqw\/viewform\" target=\"_blank\" rel=\"noopener\"><strong>Feu la tramesa d\u2019un v\u00eddeo<\/strong><\/a> (A partir del 4 de novembre) i <strong>fins el 21 de febrer<\/strong><\/li>\n<li><a href=\"https:\/\/docs.google.com\/spreadsheets\/d\/e\/2PACX-1vTF0cXm8PR-OEYnAerSfN64I_VDJBwved1bJlXrsZyPZFoaUSYl_nm4-XTyiYz4T9m_Geosx322DhMp\/pubhtml?gid=0&amp;single=true\" target=\"_blank\" rel=\"noopener\">Comproveu les trameses fetes<\/a>\u00a0(Pot ser que trigui uns minuts a actualitzar-se)<\/li>\n<li><a href=\"https:\/\/drive.google.com\/file\/d\/192iR2RDAwcICTwqGcbHR0z_FKt5qK4Qy\/view\" target=\"_blank\" rel=\"noopener\"><strong>Ompliu i imprimiu el formulari de participaci\u00f3<\/strong><\/a> (A partir del 4 de novembre i <strong>fins el 21 de febrer<\/strong> )<\/li>\n<li><a href=\"https:\/\/serveiseducatius.xtec.cat\/selva1\/concurs-doratoria-2\/finalistes-concurs-oratoria-24-25\/\"><strong>Finalistes del concurs<\/strong><\/a> (<strong>Podeu veure els v\u00eddeos<\/strong>)<\/li>\n<li><a href=\"https:\/\/photos.google.com\/u\/1\/share\/AF1QipPmKvOzqGfKG63XQWSmwGIenLfn_lidJeQNEMs1UhzEDqvnxqnHsQ9OzS0Llzo01A\/photo\/AF1QipMN0xgc5q6pho4CsLEehw88Rh_yWDOqU8Bgpve7?key=d0h4VUhjN1hJVnh3OEM1eGV0QlMxb1V6LS1uVU5B\"><strong>\u00c0lbum concurs d&#8217;orat\u00f2ria<\/strong><\/a><\/li>\n<\/ul>\n<div class=\"addtoany_share_save_container addtoany_content addtoany_content_bottom\">\n<div class=\"a2a_kit a2a_kit_size_25 addtoany_list\" data-a2a-url=\"https:\/\/serveiseducatius.xtec.cat\/selva1\/concurs-doratoria\/\" data-a2a-title=\"Concurs d\u2019Orat\u00f2ria\"><a class=\"a2a_button_facebook\" title=\"Facebook\" href=\"https:\/\/serveiseducatius.xtec.cat\/#facebook\" target=\"_blank\" rel=\"nofollow noopener\"><span class=\"a2a_label\">Facebook<\/span><\/a><a class=\"a2a_button_twitter\" title=\"Twitter\" href=\"https:\/\/serveiseducatius.xtec.cat\/#twitter\" target=\"_blank\" rel=\"nofollow noopener\"><span class=\"a2a_label\">Twitter<\/span><\/a><a class=\"a2a_button_whatsapp\" title=\"WhatsApp\" href=\"https:\/\/serveiseducatius.xtec.cat\/#whatsapp\" target=\"_blank\" rel=\"nofollow noopener\"><span class=\"a2a_label\">WhatsApp<\/span><\/a><a class=\"a2a_button_google_gmail\" title=\"Gmail\" href=\"https:\/\/serveiseducatius.xtec.cat\/#google_gmail\" target=\"_blank\" rel=\"nofollow noopener\"><span class=\"a2a_label\">Gmail<\/span><\/a><\/div>\n<\/div>\n<h2 style=\"text-align: center;\"><\/h2>\n<\/div>\n","protected":false},"excerpt":{"rendered":"<p>Concurs d&#8217;Orat\u00f2ria en llengua anglesa 2024-25. XVII Edici\u00f3 FINAL DEL CONCURS D\u2019ORAT\u00d2RIA\u00a0 17 de MAIG DE 2025 Vegeu les BASES del Concurs Tema: THE BEST DAY OF MY LIFE\u00a0 \u00a0Infografia de suport, by Aina Vert (COL La Salle) Guanyadors i finalistes \u00abAcc\u00e9s a les edicions d\u2019altres anys\u00bb podeu visualitzar els reportatges gr\u00e0fics dels actes centrals [&hellip;]<\/p>\n","protected":false},"author":1,"featured_media":0,"parent":2891,"menu_order":0,"comment_status":"closed","ping_status":"closed","template":"","meta":{"_bbp_topic_count":0,"_bbp_reply_count":0,"_bbp_total_topic_count":0,"_bbp_total_reply_count":0,"_bbp_voice_count":0,"_bbp_anonymous_reply_count":0,"_bbp_topic_count_hidden":0,"_bbp_reply_count_hidden":0,"_bbp_forum_subforum_count":0,"site-sidebar-layout":"default","site-content-layout":"","ast-site-content-layout":"","site-content-style":"default","site-sidebar-style":"default","ast-global-header-display":"","ast-banner-title-visibility":"","ast-main-header-display":"","ast-hfb-above-header-display":"","ast-hfb-below-header-display":"","ast-hfb-mobile-header-display":"","site-post-title":"","ast-breadcrumbs-content":"","ast-featured-img":"","footer-sml-layout":"","theme-transparent-header-meta":"","adv-header-id-meta":"","stick-header-meta":"","header-above-stick-meta":"","header-main-stick-meta":"","header-below-stick-meta":"","astra-migrate-meta-layouts":"default","ast-page-background-enabled":"default","ast-page-background-meta":{"desktop":{"background-color":"var(--ast-global-color-4)","background-image":"","background-repeat":"repeat","background-position":"center center","background-size":"auto","background-attachment":"scroll","background-type":"","background-media":"","overlay-type":"","overlay-color":"","overlay-opacity":"","overlay-gradient":""},"tablet":{"background-color":"","background-image":"","background-repeat":"repeat","background-position":"center center","background-size":"auto","background-attachment":"scroll","background-type":"","background-media":"","overlay-type":"","overlay-color":"","overlay-opacity":"","overlay-gradient":""},"mobile":{"background-color":"","background-image":"","background-repeat":"repeat","background-position":"center center","background-size":"auto","background-attachment":"scroll","background-type":"","background-media":"","overlay-type":"","overlay-color":"","overlay-opacity":"","overlay-gradient":""}},"ast-content-background-meta":{"desktop":{"background-color":"var(--ast-global-color-5)","background-image":"","background-repeat":"repeat","background-position":"center center","background-size":"auto","background-attachment":"scroll","background-type":"","background-media":"","overlay-type":"","overlay-color":"","overlay-opacity":"","overlay-gradient":""},"tablet":{"background-color":"var(--ast-global-color-5)","background-image":"","background-repeat":"repeat","background-position":"center center","background-size":"auto","background-attachment":"scroll","background-type":"","background-media":"","overlay-type":"","overlay-color":"","overlay-opacity":"","overlay-gradient":""},"mobile":{"background-color":"var(--ast-global-color-5)","background-image":"","background-repeat":"repeat","background-position":"center center","background-size":"auto","background-attachment":"scroll","background-type":"","background-media":"","overlay-type":"","overlay-color":"","overlay-opacity":"","overlay-gradient":""}},"footnotes":""},"class_list":["post-11682","page","type-page","status-publish","hentry"],"post_mailing_queue_ids":[],"_links":{"self":[{"href":"https:\/\/serveiseducatius.xtec.cat\/selva1\/wp-json\/wp\/v2\/pages\/11682","targetHints":{"allow":["GET"]}}],"collection":[{"href":"https:\/\/serveiseducatius.xtec.cat\/selva1\/wp-json\/wp\/v2\/pages"}],"about":[{"href":"https:\/\/serveiseducatius.xtec.cat\/selva1\/wp-json\/wp\/v2\/types\/page"}],"author":[{"embeddable":true,"href":"https:\/\/serveiseducatius.xtec.cat\/selva1\/wp-json\/wp\/v2\/users\/1"}],"replies":[{"embeddable":true,"href":"https:\/\/serveiseducatius.xtec.cat\/selva1\/wp-json\/wp\/v2\/comments?post=11682"}],"version-history":[{"count":1,"href":"https:\/\/serveiseducatius.xtec.cat\/selva1\/wp-json\/wp\/v2\/pages\/11682\/revisions"}],"predecessor-version":[{"id":11683,"href":"https:\/\/serveiseducatius.xtec.cat\/selva1\/wp-json\/wp\/v2\/pages\/11682\/revisions\/11683"}],"up":[{"embeddable":true,"href":"https:\/\/serveiseducatius.xtec.cat\/selva1\/wp-json\/wp\/v2\/pages\/2891"}],"wp:attachment":[{"href":"https:\/\/serveiseducatius.xtec.cat\/selva1\/wp-json\/wp\/v2\/media?parent=11682"}],"curies":[{"name":"wp","href":"https:\/\/api.w.org\/{rel}","templated":true}]}}