{"id":11253,"date":"2025-07-12T21:18:15","date_gmt":"2025-07-12T19:18:15","guid":{"rendered":"https:\/\/serveiseducatius.xtec.cat\/selva1\/?page_id=11253"},"modified":"2025-07-12T21:20:24","modified_gmt":"2025-07-12T19:20:24","slug":"dia-de-la-ciencia-24-25","status":"publish","type":"page","link":"https:\/\/serveiseducatius.xtec.cat\/selva1\/dia-de-la-ciencia\/dia-de-la-ciencia-24-25\/","title":{"rendered":"DIA DE LA CI\u00c8NCIA 24-25"},"content":{"rendered":"<header class=\"entry-header\">\n<h1 class=\"entry-title\"><\/h1>\n<\/header>\n<div class=\"entry-content\">\n<div>\n<table>\n<thead>\n<tr>\n<td colspan=\"2\"><a href=\"https:\/\/serveiseducatius.xtec.cat\/selva1\/portada\/26a-setmana-de-la-ciencia\/\"><img loading=\"lazy\" decoding=\"async\" class=\"alignleft wp-image-1437 size-full\" src=\"https:\/\/serveiseducatius.xtec.cat\/selva1\/wp-content\/uploads\/usu773\/2020\/09\/diaciencia.gif\" alt=\"\" width=\"100\" height=\"75\" \/><\/a><\/p>\n<h1 data-wp-editing=\"1\"><a href=\"https:\/\/serveiseducatius.xtec.cat\/selva1\/portada\/29a-setmana-de-la-ciencia\/\" target=\"_blank\" rel=\"noopener\">XXI Edici\u00f3 Dia de la Ci\u00e8ncia<\/a><\/h1>\n<h5>\u00a0Amb l\u2019objectiu fonamental de despertar i potenciar l\u2019inter\u00e8s dels m\u00e9s joves vers la ci\u00e8ncia i la tecnologia, el Departament d\u2019Ensenyament conjuntament amb la Fundaci\u00f3 Catalana per a la Recerca i la innovaci\u00f3 (FCRI), promou en el marc de la Setmana de la Ci\u00e8ncia, diferents activitats de disseminaci\u00f3 de la ci\u00e8ncia arreu del nostre territori. Jornades de portes obertes, activitats virtuals, exposicions, tallers cient\u00edfics\u2026, una gran oferta cient\u00edfica en diferents formats a l\u2019abast de tothom! La Setmana de la Ci\u00e8ncia s\u2019adre\u00e7a a tots els p\u00fablics i t\u00e9 com a objectius fonamentals apropar la ci\u00e8ncia i la tecnologia a la ciutadania i fomentar les vocacions cient\u00edfiques entre els m\u00e9s joves.<\/h5>\n<h5><strong>Adre\u00e7ada a: alumnes de 4t d\u2019ESO i\/o batxillerat de la zona.\u00a0<\/strong><\/h5>\n<h5><\/h5>\n<h5><strong>\u00a0Complementa les activitats\u00a0Experimenta la ci\u00e8ncia!\u00a0adre\u00e7ada a alumnes d\u2019ed. prim\u00e0ria.<\/strong><\/h5>\n<h5><\/h5>\n<\/td>\n<\/tr>\n<tr>\n<td colspan=\"2\"><a href=\"http:\/\/www.setmanaciencia.cat\/\" target=\"_blank\" rel=\"noopener\"><img loading=\"lazy\" decoding=\"async\" class=\"alignnone wp-image-7621\" src=\"https:\/\/serveiseducatius.xtec.cat\/selva1\/wp-content\/uploads\/usu773\/2023\/10\/3.png\" sizes=\"auto, (max-width: 102px) 100vw, 102px\" srcset=\"https:\/\/serveiseducatius.xtec.cat\/selva1\/wp-content\/uploads\/usu773\/2023\/10\/3.png 329w, https:\/\/serveiseducatius.xtec.cat\/selva1\/wp-content\/uploads\/usu773\/2023\/10\/3-270x300.png 270w\" alt=\"\" width=\"102\" height=\"113\" \/><\/a><\/p>\n<h2><a href=\"https:\/\/serveiseducatius.xtec.cat\/selva1\/portada\/29a-setmana-de-la-ciencia\/\" target=\"_blank\" rel=\"noopener\"><strong>Dia de la Ci\u00e8ncia 2024-25. XXI Edici\u00f3<\/strong><strong>\u00a0 \u00a0<\/strong><\/a><\/h2>\n<h5><\/h5>\n<h3 dir=\"ltr\"><strong>Del 8 al 17 de novembre, arreu de Catalunya, es celebrar\u00e0 la 29\u00aa edici\u00f3 de la Setmana de la Ci\u00e8ncia.<\/strong><\/h3>\n<p>&nbsp;<\/p>\n<p>Activitat emmarcada dins la Setmana de la Ci\u00e8ncia.\u00a0Data de celebraci\u00f3: 13 de novembre de 2024, de 9 a 14 hores.<\/p>\n<p>El dia 13 de novembre al mat\u00ed, amb connexi\u00f3 en l\u00ednia amb cadascun dels\/de les 4 cient\u00edfics\/ques, es compartiran les imatges dels resultats dels reptes dels diferents centres. A m\u00e9s, el conductor de l\u2019acte, formular\u00e0 una tria de preguntes que hagin enviat les escoles i fins i tot, les que aix\u00ed ho desitgin, es podran connectar i formular alguna pregunta en directe.<\/p>\n<p>Les 4 sessions se celebraran a la seu de l\u2019FCRI i retransmeses en directe, pel seu canal de\u00a0<a href=\"https:\/\/youtu.be\/omJX5Pzi_xc\"><b>YouTube<\/b><\/a>, perqu\u00e8 ho puguin seguir tots els centres.<\/p>\n<p>Enguany els investigadors participants seran:<\/p>\n<ul>\n<li>Tema Qu\u00edmica: Josep Duran, Departament de Qu\u00edmica de la UdG.<\/li>\n<li>Tema Geologia: Jordi Vil\u00e0, ge\u00f2legs. Cat.<\/li>\n<li>Tema Matem\u00e0tiques: Mariona Fucho i Pau Varela, Centre de Recerca Matem\u00e0tica (CRM).<\/li>\n<li>Tema Enginyeria: Toni Castro, Sener.<\/li>\n<\/ul>\n<p>Es preveu que les 4 sessions se celebrin a la seu de l\u2019FCRI i siguin retransmeses en directe, pel canal de YouTube, perqu\u00e8 ho puguin seguir tots els centres (<a href=\"https:\/\/www.youtube.com\/user\/fcrivideo\" target=\"_blank\" rel=\"noreferrer noopener\">canal de Youtube de l\u2019FCRI<\/a>).<\/p>\n<p>Els horaris, per al dia 13 de novembre, s\u00f3n:<\/p>\n<p>9.30 h: Matem\u00e0tiques<br \/>\nPau Varela i Mariona Fucho (Centre de Recerca Matem\u00e0tica).<\/p>\n<p>10.30 h: Enginyeria<br \/>\nAntoni Castro (SENER).<\/p>\n<p>11.30 h: Geologia<br \/>\nJordi Vil\u00e0 (Universitat de Barcelona)<\/p>\n<p>12.30 h: Qu\u00edmica<br \/>\nJosep Duran i Cristina Duran, Universitat de Girona.<\/p>\n<p>Les connexions de les pon\u00e8ncies es retransmetran en directe des del\u00a0<a href=\"https:\/\/www.youtube.com\/user\/fcrivideo\" target=\"_blank\" rel=\"noreferrer noopener\">canal de Youtube de l\u2019FCRI<\/a>\u00a0el mat\u00ed del dia 13 de novembre.<\/p>\n<p>Reptes per tem\u00e0tiques:<br \/>\nA continuaci\u00f3 trobar\u00e0s els v\u00eddeos dels reptes aix\u00ed com guies que t\u2019ajudaran a entendre\u2019ls i resoldre\u2019ls millor.<\/p>\n<p>Matem\u00e0tiques: Pau Varela i Mariona Fucho (Centre de Recerca Matem\u00e0tica)<br \/>\nFitxer:\u00a0<a href=\"https:\/\/www.recercaenaccio.cat\/wp-content\/uploads\/2024\/09\/2024_DCE_matematiques.pdf\" target=\"_blank\" rel=\"noreferrer noopener\">Guia repte matem\u00e0tiques<\/a><\/p>\n<p dir=\"ltr\">Aprofitem per facilitar-vos l\u2019enlla\u00e7 que han d\u2019omplir els centres educatius interessats a participar en l\u2019activitat,<strong>\u00a0data l\u00edmit 15 d\u2019octubre<\/strong>.<\/p>\n<h3 dir=\"ltr\"><a href=\"https:\/\/setmanaciencia.fundaciorecerca.cat\/dia_ciencia_escoles\/\" target=\"_blank\" rel=\"noopener\"><strong>Formulari d\u2019inscripci\u00f3 dels centres\u00a0<\/strong><\/a><\/h3>\n<h5 dir=\"ltr\"><iframe loading=\"lazy\" src=\"https:\/\/drive.google.com\/file\/d\/1iom3VMA1MV4JF6N_YvGSrPQQXwxGqCj4\/preview\" width=\"640\" height=\"480\" data-mce-fragment=\"1\"><\/iframe><\/h5>\n<p>&nbsp;<\/p>\n<h3 dir=\"ltr\">M\u00e9s informaci\u00f3 detallada a<a href=\"http:\/\/www.setmanaciencia.cat\/\" target=\"_blank\" rel=\"noopener\" data-saferedirecturl=\"https:\/\/www.google.com\/url?q=http:\/\/www.setmanaciencia.cat\/&amp;source=gmail&amp;ust=1696491588884000&amp;usg=AOvVaw3hP98F059V13k3El0YxYwi\">\u00a0www.setmanaciencia.cat<\/a><\/h3>\n<h5 class=\"entry-title\"><\/h5>\n<\/td>\n<\/tr>\n<\/thead>\n<tbody>\n<tr>\n<td colspan=\"2\">\n<h4><em>Aquest projecte forma part del PFZ Selva I 2024-25<\/em><\/h4>\n<\/td>\n<\/tr>\n<tr>\n<td colspan=\"2\">\n<h4><em>\u00a0<\/em><\/h4>\n<\/td>\n<\/tr>\n<\/tbody>\n<\/table>\n<\/div>\n<\/div>\n","protected":false},"excerpt":{"rendered":"<p>XXI Edici\u00f3 Dia de la Ci\u00e8ncia \u00a0Amb l\u2019objectiu fonamental de despertar i potenciar l\u2019inter\u00e8s dels m\u00e9s joves vers la ci\u00e8ncia i la tecnologia, el Departament d\u2019Ensenyament conjuntament amb la Fundaci\u00f3 Catalana per a la Recerca i la innovaci\u00f3 (FCRI), promou en el marc de la Setmana de la Ci\u00e8ncia, diferents activitats de disseminaci\u00f3 de la [&hellip;]<\/p>\n","protected":false},"author":1,"featured_media":0,"parent":3526,"menu_order":0,"comment_status":"closed","ping_status":"closed","template":"","meta":{"_bbp_topic_count":0,"_bbp_reply_count":0,"_bbp_total_topic_count":0,"_bbp_total_reply_count":0,"_bbp_voice_count":0,"_bbp_anonymous_reply_count":0,"_bbp_topic_count_hidden":0,"_bbp_reply_count_hidden":0,"_bbp_forum_subforum_count":0,"site-sidebar-layout":"default","site-content-layout":"","ast-site-content-layout":"","site-content-style":"default","site-sidebar-style":"default","ast-global-header-display":"","ast-banner-title-visibility":"","ast-main-header-display":"","ast-hfb-above-header-display":"","ast-hfb-below-header-display":"","ast-hfb-mobile-header-display":"","site-post-title":"","ast-breadcrumbs-content":"","ast-featured-img":"","footer-sml-layout":"","theme-transparent-header-meta":"","adv-header-id-meta":"","stick-header-meta":"","header-above-stick-meta":"","header-main-stick-meta":"","header-below-stick-meta":"","astra-migrate-meta-layouts":"default","ast-page-background-enabled":"default","ast-page-background-meta":{"desktop":{"background-color":"var(--ast-global-color-4)","background-image":"","background-repeat":"repeat","background-position":"center center","background-size":"auto","background-attachment":"scroll","background-type":"","background-media":"","overlay-type":"","overlay-color":"","overlay-opacity":"","overlay-gradient":""},"tablet":{"background-color":"","background-image":"","background-repeat":"repeat","background-position":"center center","background-size":"auto","background-attachment":"scroll","background-type":"","background-media":"","overlay-type":"","overlay-color":"","overlay-opacity":"","overlay-gradient":""},"mobile":{"background-color":"","background-image":"","background-repeat":"repeat","background-position":"center center","background-size":"auto","background-attachment":"scroll","background-type":"","background-media":"","overlay-type":"","overlay-color":"","overlay-opacity":"","overlay-gradient":""}},"ast-content-background-meta":{"desktop":{"background-color":"var(--ast-global-color-5)","background-image":"","background-repeat":"repeat","background-position":"center center","background-size":"auto","background-attachment":"scroll","background-type":"","background-media":"","overlay-type":"","overlay-color":"","overlay-opacity":"","overlay-gradient":""},"tablet":{"background-color":"var(--ast-global-color-5)","background-image":"","background-repeat":"repeat","background-position":"center center","background-size":"auto","background-attachment":"scroll","background-type":"","background-media":"","overlay-type":"","overlay-color":"","overlay-opacity":"","overlay-gradient":""},"mobile":{"background-color":"var(--ast-global-color-5)","background-image":"","background-repeat":"repeat","background-position":"center center","background-size":"auto","background-attachment":"scroll","background-type":"","background-media":"","overlay-type":"","overlay-color":"","overlay-opacity":"","overlay-gradient":""}},"footnotes":""},"class_list":["post-11253","page","type-page","status-publish","hentry"],"post_mailing_queue_ids":[],"_links":{"self":[{"href":"https:\/\/serveiseducatius.xtec.cat\/selva1\/wp-json\/wp\/v2\/pages\/11253","targetHints":{"allow":["GET"]}}],"collection":[{"href":"https:\/\/serveiseducatius.xtec.cat\/selva1\/wp-json\/wp\/v2\/pages"}],"about":[{"href":"https:\/\/serveiseducatius.xtec.cat\/selva1\/wp-json\/wp\/v2\/types\/page"}],"author":[{"embeddable":true,"href":"https:\/\/serveiseducatius.xtec.cat\/selva1\/wp-json\/wp\/v2\/users\/1"}],"replies":[{"embeddable":true,"href":"https:\/\/serveiseducatius.xtec.cat\/selva1\/wp-json\/wp\/v2\/comments?post=11253"}],"version-history":[{"count":3,"href":"https:\/\/serveiseducatius.xtec.cat\/selva1\/wp-json\/wp\/v2\/pages\/11253\/revisions"}],"predecessor-version":[{"id":11257,"href":"https:\/\/serveiseducatius.xtec.cat\/selva1\/wp-json\/wp\/v2\/pages\/11253\/revisions\/11257"}],"up":[{"embeddable":true,"href":"https:\/\/serveiseducatius.xtec.cat\/selva1\/wp-json\/wp\/v2\/pages\/3526"}],"wp:attachment":[{"href":"https:\/\/serveiseducatius.xtec.cat\/selva1\/wp-json\/wp\/v2\/media?parent=11253"}],"curies":[{"name":"wp","href":"https:\/\/api.w.org\/{rel}","templated":true}]}}