{"id":9969,"date":"2020-11-27T18:32:09","date_gmt":"2020-11-27T17:32:09","guid":{"rendered":"https:\/\/serveiseducatius.xtec.cat\/segria\/?page_id=9969"},"modified":"2020-12-31T09:51:37","modified_gmt":"2020-12-31T08:51:37","slug":"practiques-educatives","status":"publish","type":"page","link":"https:\/\/serveiseducatius.xtec.cat\/segria\/recursos\/publicacions-digitals\/practiques-educatives\/","title":{"rendered":"Pr\u00e0ctiques educatives"},"content":{"rendered":"<p><img loading=\"lazy\" decoding=\"async\" class=\"aligncenter size-full wp-image-10245\" src=\"https:\/\/serveiseducatius.xtec.cat\/segria\/wp-content\/uploads\/usu679\/2020\/12\/PR\u00c0CTIQUES.jpg\" alt=\"\" width=\"789\" height=\"122\" srcset=\"https:\/\/serveiseducatius.xtec.cat\/segria\/wp-content\/uploads\/usu679\/2020\/12\/PR\u00c0CTIQUES.jpg 789w, https:\/\/serveiseducatius.xtec.cat\/segria\/wp-content\/uploads\/usu679\/2020\/12\/PR\u00c0CTIQUES-300x46.jpg 300w, https:\/\/serveiseducatius.xtec.cat\/segria\/wp-content\/uploads\/usu679\/2020\/12\/PR\u00c0CTIQUES-768x119.jpg 768w\" sizes=\"auto, (max-width: 789px) 100vw, 789px\" \/><\/p>\n<p>El <strong>Servei Educatiu del Segri\u00e0<\/strong>, a trav\u00e9s del Centre de Recursos Pedag\u00f2gics, ha endegat una recollida de <strong>pr\u00e0ctiques educatives <\/strong>que s&#8217;estan realitzant a la comarca <strong>del Segri\u00e0<\/strong>. El coneixement del bon treball dels centres educatius i professorat <strong>d&#8217;escoles bressol, escoles, instituts i altres centres educatius<\/strong>, fa que veiem una bona oportunitat de disposar d\u2019un espai on poder exposar les experi\u00e8ncies d\u2019aula, d\u2019equip, de centre, de centres, de les quals ens sentim satisfetes i satisfets. A m\u00e9s, podrem disposar d&#8217;un <strong>recurs on compartir i consultar<\/strong> all\u00f2 que s\u2019est\u00e0 fent en els centres de la vora i ens pot ser valu\u00f3s i \u00fatil per plantejar-nos una acci\u00f3 did\u00e0ctica, un projecte o algun plantejament de centre.<\/p>\n<p><img loading=\"lazy\" decoding=\"async\" class=\"alignleft wp-image-9114\" src=\"https:\/\/serveiseducatius.xtec.cat\/segria\/wp-content\/uploads\/usu679\/2020\/10\/1f517.png\" alt=\"\" width=\"25\" height=\"25\" \/><a href=\"https:\/\/sites.google.com\/site\/sespublicacions\/practiques-e\" target=\"_blank\" rel=\"noopener noreferrer\"><strong>ACC\u00c9S AL REPOSITORI DE PR\u00c0CTIQUES<\/strong> <\/a><\/p>\n","protected":false},"excerpt":{"rendered":"<p>El Servei Educatiu del Segri\u00e0, a trav\u00e9s del Centre de Recursos Pedag\u00f2gics, ha endegat una recollida de pr\u00e0ctiques educatives que s&#8217;estan realitzant a la comarca del Segri\u00e0. El coneixement del bon treball dels centres educatius i professorat d&#8217;escoles bressol, escoles, instituts i altres centres educatius, fa que veiem una bona oportunitat de disposar d\u2019un espai [&hellip;]<\/p>\n","protected":false},"author":5,"featured_media":0,"parent":9965,"menu_order":0,"comment_status":"closed","ping_status":"closed","template":"page-templates\/side-menu.php","meta":{"_bbp_topic_count":0,"_bbp_reply_count":0,"_bbp_total_topic_count":0,"_bbp_total_reply_count":0,"_bbp_voice_count":0,"_bbp_anonymous_reply_count":0,"_bbp_topic_count_hidden":0,"_bbp_reply_count_hidden":0,"_bbp_forum_subforum_count":0,"site-sidebar-layout":"default","site-content-layout":"","ast-site-content-layout":"","site-content-style":"default","site-sidebar-style":"default","ast-global-header-display":"","ast-banner-title-visibility":"","ast-main-header-display":"","ast-hfb-above-header-display":"","ast-hfb-below-header-display":"","ast-hfb-mobile-header-display":"","site-post-title":"","ast-breadcrumbs-content":"","ast-featured-img":"","footer-sml-layout":"","theme-transparent-header-meta":"","adv-header-id-meta":"","stick-header-meta":"","header-above-stick-meta":"","header-main-stick-meta":"","header-below-stick-meta":"","astra-migrate-meta-layouts":"default","ast-page-background-enabled":"default","ast-page-background-meta":{"desktop":{"background-color":"var(--ast-global-color-4)","background-image":"","background-repeat":"repeat","background-position":"center center","background-size":"auto","background-attachment":"scroll","background-type":"","background-media":"","overlay-type":"","overlay-color":"","overlay-opacity":"","overlay-gradient":""},"tablet":{"background-color":"","background-image":"","background-repeat":"repeat","background-position":"center center","background-size":"auto","background-attachment":"scroll","background-type":"","background-media":"","overlay-type":"","overlay-color":"","overlay-opacity":"","overlay-gradient":""},"mobile":{"background-color":"","background-image":"","background-repeat":"repeat","background-position":"center center","background-size":"auto","background-attachment":"scroll","background-type":"","background-media":"","overlay-type":"","overlay-color":"","overlay-opacity":"","overlay-gradient":""}},"ast-content-background-meta":{"desktop":{"background-color":"var(--ast-global-color-5)","background-image":"","background-repeat":"repeat","background-position":"center center","background-size":"auto","background-attachment":"scroll","background-type":"","background-media":"","overlay-type":"","overlay-color":"","overlay-opacity":"","overlay-gradient":""},"tablet":{"background-color":"var(--ast-global-color-5)","background-image":"","background-repeat":"repeat","background-position":"center center","background-size":"auto","background-attachment":"scroll","background-type":"","background-media":"","overlay-type":"","overlay-color":"","overlay-opacity":"","overlay-gradient":""},"mobile":{"background-color":"var(--ast-global-color-5)","background-image":"","background-repeat":"repeat","background-position":"center center","background-size":"auto","background-attachment":"scroll","background-type":"","background-media":"","overlay-type":"","overlay-color":"","overlay-opacity":"","overlay-gradient":""}},"footnotes":""},"class_list":["post-9969","page","type-page","status-publish","hentry"],"post_mailing_queue_ids":[],"_links":{"self":[{"href":"https:\/\/serveiseducatius.xtec.cat\/segria\/wp-json\/wp\/v2\/pages\/9969","targetHints":{"allow":["GET"]}}],"collection":[{"href":"https:\/\/serveiseducatius.xtec.cat\/segria\/wp-json\/wp\/v2\/pages"}],"about":[{"href":"https:\/\/serveiseducatius.xtec.cat\/segria\/wp-json\/wp\/v2\/types\/page"}],"author":[{"embeddable":true,"href":"https:\/\/serveiseducatius.xtec.cat\/segria\/wp-json\/wp\/v2\/users\/5"}],"replies":[{"embeddable":true,"href":"https:\/\/serveiseducatius.xtec.cat\/segria\/wp-json\/wp\/v2\/comments?post=9969"}],"version-history":[{"count":3,"href":"https:\/\/serveiseducatius.xtec.cat\/segria\/wp-json\/wp\/v2\/pages\/9969\/revisions"}],"predecessor-version":[{"id":10776,"href":"https:\/\/serveiseducatius.xtec.cat\/segria\/wp-json\/wp\/v2\/pages\/9969\/revisions\/10776"}],"up":[{"embeddable":true,"href":"https:\/\/serveiseducatius.xtec.cat\/segria\/wp-json\/wp\/v2\/pages\/9965"}],"wp:attachment":[{"href":"https:\/\/serveiseducatius.xtec.cat\/segria\/wp-json\/wp\/v2\/media?parent=9969"}],"curies":[{"name":"wp","href":"https:\/\/api.w.org\/{rel}","templated":true}]}}