{"id":9967,"date":"2020-11-27T18:31:29","date_gmt":"2020-11-27T17:31:29","guid":{"rendered":"https:\/\/serveiseducatius.xtec.cat\/segria\/?page_id=9967"},"modified":"2020-12-31T09:51:23","modified_gmt":"2020-12-31T08:51:23","slug":"materials-didactics","status":"publish","type":"page","link":"https:\/\/serveiseducatius.xtec.cat\/segria\/recursos\/publicacions-digitals\/materials-didactics\/","title":{"rendered":"Materials did\u00e0ctics"},"content":{"rendered":"<p><img loading=\"lazy\" decoding=\"async\" class=\"aligncenter size-full wp-image-10242\" src=\"https:\/\/serveiseducatius.xtec.cat\/segria\/wp-content\/uploads\/usu679\/2020\/12\/materials.jpg\" alt=\"\" width=\"782\" height=\"114\" srcset=\"https:\/\/serveiseducatius.xtec.cat\/segria\/wp-content\/uploads\/usu679\/2020\/12\/materials.jpg 782w, https:\/\/serveiseducatius.xtec.cat\/segria\/wp-content\/uploads\/usu679\/2020\/12\/materials-300x44.jpg 300w, https:\/\/serveiseducatius.xtec.cat\/segria\/wp-content\/uploads\/usu679\/2020\/12\/materials-768x112.jpg 768w\" sizes=\"auto, (max-width: 782px) 100vw, 782px\" \/><\/p>\n<p>El Servei Educatiu del Segri\u00e0, a trav\u00e9s del Centre de Recursos Pedag\u00f2gics, ha endegat una<strong> recollida de treballs de caire pedag\u00f2gic i did\u00e0ctic<\/strong> sorgits de la din\u00e0mica dels seminaris, grups de treball i iniciatives puntuals del professorat i centres de la nostra comarca. Poden ser propostes d&#8217;aula, materials de suport did\u00e0ctic i materials de reflexi\u00f3 i aprofundiment en pedag\u00f2gic <strong>relacionats amb qualsevol dels \u00e0mbits educatius<\/strong>.<\/p>\n<p><img loading=\"lazy\" decoding=\"async\" class=\"alignleft wp-image-9324\" src=\"https:\/\/serveiseducatius.xtec.cat\/segria\/wp-content\/uploads\/usu679\/2020\/10\/1f517-1.png\" alt=\"\" width=\"25\" height=\"25\" \/><a href=\"https:\/\/sites.google.com\/site\/sespublicacions\/materialsdidactics\" target=\"_blank\" rel=\"noopener noreferrer\"><strong>ACC\u00c9S AL REPOSITORI DE MATERIALS<\/strong><\/a><\/p>\n","protected":false},"excerpt":{"rendered":"<p>El Servei Educatiu del Segri\u00e0, a trav\u00e9s del Centre de Recursos Pedag\u00f2gics, ha endegat una recollida de treballs de caire pedag\u00f2gic i did\u00e0ctic sorgits de la din\u00e0mica dels seminaris, grups de treball i iniciatives puntuals del professorat i centres de la nostra comarca. Poden ser propostes d&#8217;aula, materials de suport did\u00e0ctic i materials de reflexi\u00f3 [&hellip;]<\/p>\n","protected":false},"author":5,"featured_media":0,"parent":9965,"menu_order":0,"comment_status":"closed","ping_status":"closed","template":"page-templates\/side-menu.php","meta":{"_bbp_topic_count":0,"_bbp_reply_count":0,"_bbp_total_topic_count":0,"_bbp_total_reply_count":0,"_bbp_voice_count":0,"_bbp_anonymous_reply_count":0,"_bbp_topic_count_hidden":0,"_bbp_reply_count_hidden":0,"_bbp_forum_subforum_count":0,"site-sidebar-layout":"default","site-content-layout":"","ast-site-content-layout":"","site-content-style":"default","site-sidebar-style":"default","ast-global-header-display":"","ast-banner-title-visibility":"","ast-main-header-display":"","ast-hfb-above-header-display":"","ast-hfb-below-header-display":"","ast-hfb-mobile-header-display":"","site-post-title":"","ast-breadcrumbs-content":"","ast-featured-img":"","footer-sml-layout":"","theme-transparent-header-meta":"","adv-header-id-meta":"","stick-header-meta":"","header-above-stick-meta":"","header-main-stick-meta":"","header-below-stick-meta":"","astra-migrate-meta-layouts":"default","ast-page-background-enabled":"default","ast-page-background-meta":{"desktop":{"background-color":"var(--ast-global-color-4)","background-image":"","background-repeat":"repeat","background-position":"center center","background-size":"auto","background-attachment":"scroll","background-type":"","background-media":"","overlay-type":"","overlay-color":"","overlay-opacity":"","overlay-gradient":""},"tablet":{"background-color":"","background-image":"","background-repeat":"repeat","background-position":"center center","background-size":"auto","background-attachment":"scroll","background-type":"","background-media":"","overlay-type":"","overlay-color":"","overlay-opacity":"","overlay-gradient":""},"mobile":{"background-color":"","background-image":"","background-repeat":"repeat","background-position":"center center","background-size":"auto","background-attachment":"scroll","background-type":"","background-media":"","overlay-type":"","overlay-color":"","overlay-opacity":"","overlay-gradient":""}},"ast-content-background-meta":{"desktop":{"background-color":"var(--ast-global-color-5)","background-image":"","background-repeat":"repeat","background-position":"center center","background-size":"auto","background-attachment":"scroll","background-type":"","background-media":"","overlay-type":"","overlay-color":"","overlay-opacity":"","overlay-gradient":""},"tablet":{"background-color":"var(--ast-global-color-5)","background-image":"","background-repeat":"repeat","background-position":"center center","background-size":"auto","background-attachment":"scroll","background-type":"","background-media":"","overlay-type":"","overlay-color":"","overlay-opacity":"","overlay-gradient":""},"mobile":{"background-color":"var(--ast-global-color-5)","background-image":"","background-repeat":"repeat","background-position":"center center","background-size":"auto","background-attachment":"scroll","background-type":"","background-media":"","overlay-type":"","overlay-color":"","overlay-opacity":"","overlay-gradient":""}},"footnotes":""},"class_list":["post-9967","page","type-page","status-publish","hentry"],"post_mailing_queue_ids":[],"_links":{"self":[{"href":"https:\/\/serveiseducatius.xtec.cat\/segria\/wp-json\/wp\/v2\/pages\/9967","targetHints":{"allow":["GET"]}}],"collection":[{"href":"https:\/\/serveiseducatius.xtec.cat\/segria\/wp-json\/wp\/v2\/pages"}],"about":[{"href":"https:\/\/serveiseducatius.xtec.cat\/segria\/wp-json\/wp\/v2\/types\/page"}],"author":[{"embeddable":true,"href":"https:\/\/serveiseducatius.xtec.cat\/segria\/wp-json\/wp\/v2\/users\/5"}],"replies":[{"embeddable":true,"href":"https:\/\/serveiseducatius.xtec.cat\/segria\/wp-json\/wp\/v2\/comments?post=9967"}],"version-history":[{"count":3,"href":"https:\/\/serveiseducatius.xtec.cat\/segria\/wp-json\/wp\/v2\/pages\/9967\/revisions"}],"predecessor-version":[{"id":10366,"href":"https:\/\/serveiseducatius.xtec.cat\/segria\/wp-json\/wp\/v2\/pages\/9967\/revisions\/10366"}],"up":[{"embeddable":true,"href":"https:\/\/serveiseducatius.xtec.cat\/segria\/wp-json\/wp\/v2\/pages\/9965"}],"wp:attachment":[{"href":"https:\/\/serveiseducatius.xtec.cat\/segria\/wp-json\/wp\/v2\/media?parent=9967"}],"curies":[{"name":"wp","href":"https:\/\/api.w.org\/{rel}","templated":true}]}}