{"id":9965,"date":"2020-11-27T18:30:38","date_gmt":"2020-11-27T17:30:38","guid":{"rendered":"https:\/\/serveiseducatius.xtec.cat\/segria\/?page_id=9965"},"modified":"2025-12-12T13:36:08","modified_gmt":"2025-12-12T12:36:08","slug":"publicacions-digitals","status":"publish","type":"page","link":"https:\/\/serveiseducatius.xtec.cat\/segria\/recursos\/publicacions-digitals\/","title":{"rendered":"Publicacions digitals"},"content":{"rendered":"<p><img loading=\"lazy\" decoding=\"async\" class=\"aligncenter size-full wp-image-10240\" src=\"https:\/\/serveiseducatius.xtec.cat\/segria\/wp-content\/uploads\/usu679\/2020\/12\/publicacions.jpg\" alt=\"\" width=\"899\" height=\"116\" srcset=\"https:\/\/serveiseducatius.xtec.cat\/segria\/wp-content\/uploads\/usu679\/2020\/12\/publicacions.jpg 899w, https:\/\/serveiseducatius.xtec.cat\/segria\/wp-content\/uploads\/usu679\/2020\/12\/publicacions-300x39.jpg 300w, https:\/\/serveiseducatius.xtec.cat\/segria\/wp-content\/uploads\/usu679\/2020\/12\/publicacions-768x99.jpg 768w\" sizes=\"auto, (max-width: 899px) 100vw, 899px\" \/><\/p>\n<p>\u00c9s l&#8217;espai que cont\u00e9 les publicacions en format digital i d&#8217;acc\u00e9s obert que el Servei educatiu del Segri\u00e0 posa a disposici\u00f3 de centres i professorat. S\u00f3n documents derivats de l&#8217;activitat docent, amb un punt de vista innovador i de recerca. Procedeixen del professorat, dels centres i de la comunitat educativa de la comarca del Segri\u00e0.<\/p>\n<p>Aquest dip\u00f2sit digital de publicacions did\u00e0ctiques pret\u00e9n fer visibles i accessibles els documents generats fruit de l&#8217;activitat de recerca i innovaci\u00f3 pedag\u00f2gica de la comarca, preservant alhora la seva perdurabilitat. Aix\u00ed, es procura concentrar en un \u00fanic espai de cerca tots els materials o documents digitals publicats pel i a trav\u00e9s del Servei Educatiu del Segri\u00e0, alhora que es mira d\u2019incentivar la creaci\u00f3 de materials de recerca educativa en tots els seus \u00e0mbits i vessants, i facilitar la seva transfer\u00e8ncia a la resta de la comunitat docent.<\/p>\n<p>L\u2019espai de publicacions del Servei Educatiu del Segri\u00e0 contempla dos grans grups:<\/p>\n<ul>\n<li><a href=\"https:\/\/serveiseducatius.xtec.cat\/segria\/general\/materials-didactics\/\" target=\"_blank\" rel=\"noopener\">Els materials did\u00e0ctics<\/a>: S\u00f3n treballs de caire pedag\u00f2gic i did\u00e0ctic sorgits de la din\u00e0mica dels seminaris, grups de treball i iniciatives puntuals del professorat i centres de la nostra comarca. Poden ser propostes d&#8217;aula, materials de suport did\u00e0ctic i materials de reflexi\u00f3 i aprofundiment en pedag\u00f2gic relacionats amb qualsevol dels \u00e0mbits educatius. Quan es tracta de seminaris que requereixen una elaboraci\u00f3 acurada, optar per <span style=\"color: #333333;\"><a style=\"color: #333333;\" href=\"https:\/\/hausarbeit-ghostwriter.com\/seminararbeit-schreiben-lassen\/\"><span style=\"color: #333333;\">seminararbeit<\/span> <span style=\"color: #333333;\">schreiben<\/span> <span style=\"color: #333333;\">lassen<\/span><\/a><\/span> pot ser una soluci\u00f3 pr\u00e0ctica i eficient per garantir un resultat de qualitat.<\/li>\n<li><a href=\"https:\/\/serveiseducatius.xtec.cat\/segria\/general\/czxczxcvzxvxcxc\/\" target=\"_blank\" rel=\"noopener\">Les pr\u00e0ctiques educatives<\/a>: S\u00f3n experi\u00e8ncies reeixides d\u2019aula, d\u2019equip, de centre o de centres. El seu recull esdev\u00e9 un recurs on compartir i consultar all\u00f2 que s\u2019est\u00e0 fent en els centres de la vora. Esdev\u00e9 un entorn valu\u00f3s i \u00fatil per ser compartides i transferides a la pr\u00e0ctica docent en altres centres.<\/li>\n<\/ul>\n<p>Els diferents documents digitals publicats que apareixen en aquest dip\u00f2sit digital del Servei Educatiu del Segri\u00e0, tenen la identificaci\u00f3 ISSN amb el n\u00famero: 2564-9051, que \u00a0els atorga aquest espai com a publicaci\u00f3 peri\u00f2dica en forma de revista digital.<\/p>\n<p><img loading=\"lazy\" decoding=\"async\" class=\"wp-image-14581 alignnone\" src=\"https:\/\/serveiseducatius.xtec.cat\/segria\/wp-content\/uploads\/usu679\/2021\/09\/INFOR-150x150.png\" alt=\"\" width=\"46\" height=\"46\" srcset=\"https:\/\/serveiseducatius.xtec.cat\/segria\/wp-content\/uploads\/usu679\/2021\/09\/INFOR-150x150.png 150w, https:\/\/serveiseducatius.xtec.cat\/segria\/wp-content\/uploads\/usu679\/2021\/09\/INFOR.png 225w\" sizes=\"auto, (max-width: 46px) 100vw, 46px\" \/> \u00a0 M\u00c9S INFORMACI\u00d3: ENLLA\u00c7 ALS MATERIALS DEL <a href=\"https:\/\/projectes.xtec.cat\/secrp\/gt-issn\/\" target=\"_blank\" rel=\"noopener\">GRUP DE TREBALL ISSN<\/a> DELS CENTRES DE RECURSOS<\/p>\n","protected":false},"excerpt":{"rendered":"<p>\u00c9s l&#8217;espai que cont\u00e9 les publicacions en format digital i d&#8217;acc\u00e9s obert que el Servei educatiu del Segri\u00e0 posa a disposici\u00f3 de centres i professorat. S\u00f3n documents derivats de l&#8217;activitat docent, amb un punt de vista innovador i de recerca. Procedeixen del professorat, dels centres i de la comunitat educativa de la comarca del Segri\u00e0. [&hellip;]<\/p>\n","protected":false},"author":5,"featured_media":0,"parent":906,"menu_order":0,"comment_status":"closed","ping_status":"closed","template":"","meta":{"_bbp_topic_count":0,"_bbp_reply_count":0,"_bbp_total_topic_count":0,"_bbp_total_reply_count":0,"_bbp_voice_count":0,"_bbp_anonymous_reply_count":0,"_bbp_topic_count_hidden":0,"_bbp_reply_count_hidden":0,"_bbp_forum_subforum_count":0,"site-sidebar-layout":"default","site-content-layout":"","ast-site-content-layout":"","site-content-style":"default","site-sidebar-style":"default","ast-global-header-display":"","ast-banner-title-visibility":"","ast-main-header-display":"","ast-hfb-above-header-display":"","ast-hfb-below-header-display":"","ast-hfb-mobile-header-display":"","site-post-title":"","ast-breadcrumbs-content":"","ast-featured-img":"","footer-sml-layout":"","theme-transparent-header-meta":"","adv-header-id-meta":"","stick-header-meta":"","header-above-stick-meta":"","header-main-stick-meta":"","header-below-stick-meta":"","astra-migrate-meta-layouts":"default","ast-page-background-enabled":"default","ast-page-background-meta":{"desktop":{"background-color":"var(--ast-global-color-4)","background-image":"","background-repeat":"repeat","background-position":"center center","background-size":"auto","background-attachment":"scroll","background-type":"","background-media":"","overlay-type":"","overlay-color":"","overlay-opacity":"","overlay-gradient":""},"tablet":{"background-color":"","background-image":"","background-repeat":"repeat","background-position":"center center","background-size":"auto","background-attachment":"scroll","background-type":"","background-media":"","overlay-type":"","overlay-color":"","overlay-opacity":"","overlay-gradient":""},"mobile":{"background-color":"","background-image":"","background-repeat":"repeat","background-position":"center center","background-size":"auto","background-attachment":"scroll","background-type":"","background-media":"","overlay-type":"","overlay-color":"","overlay-opacity":"","overlay-gradient":""}},"ast-content-background-meta":{"desktop":{"background-color":"var(--ast-global-color-5)","background-image":"","background-repeat":"repeat","background-position":"center center","background-size":"auto","background-attachment":"scroll","background-type":"","background-media":"","overlay-type":"","overlay-color":"","overlay-opacity":"","overlay-gradient":""},"tablet":{"background-color":"var(--ast-global-color-5)","background-image":"","background-repeat":"repeat","background-position":"center center","background-size":"auto","background-attachment":"scroll","background-type":"","background-media":"","overlay-type":"","overlay-color":"","overlay-opacity":"","overlay-gradient":""},"mobile":{"background-color":"var(--ast-global-color-5)","background-image":"","background-repeat":"repeat","background-position":"center center","background-size":"auto","background-attachment":"scroll","background-type":"","background-media":"","overlay-type":"","overlay-color":"","overlay-opacity":"","overlay-gradient":""}},"footnotes":""},"class_list":["post-9965","page","type-page","status-publish","hentry"],"post_mailing_queue_ids":[],"_links":{"self":[{"href":"https:\/\/serveiseducatius.xtec.cat\/segria\/wp-json\/wp\/v2\/pages\/9965","targetHints":{"allow":["GET"]}}],"collection":[{"href":"https:\/\/serveiseducatius.xtec.cat\/segria\/wp-json\/wp\/v2\/pages"}],"about":[{"href":"https:\/\/serveiseducatius.xtec.cat\/segria\/wp-json\/wp\/v2\/types\/page"}],"author":[{"embeddable":true,"href":"https:\/\/serveiseducatius.xtec.cat\/segria\/wp-json\/wp\/v2\/users\/5"}],"replies":[{"embeddable":true,"href":"https:\/\/serveiseducatius.xtec.cat\/segria\/wp-json\/wp\/v2\/comments?post=9965"}],"version-history":[{"count":6,"href":"https:\/\/serveiseducatius.xtec.cat\/segria\/wp-json\/wp\/v2\/pages\/9965\/revisions"}],"predecessor-version":[{"id":26720,"href":"https:\/\/serveiseducatius.xtec.cat\/segria\/wp-json\/wp\/v2\/pages\/9965\/revisions\/26720"}],"up":[{"embeddable":true,"href":"https:\/\/serveiseducatius.xtec.cat\/segria\/wp-json\/wp\/v2\/pages\/906"}],"wp:attachment":[{"href":"https:\/\/serveiseducatius.xtec.cat\/segria\/wp-json\/wp\/v2\/media?parent=9965"}],"curies":[{"name":"wp","href":"https:\/\/api.w.org\/{rel}","templated":true}]}}