{"id":9767,"date":"2020-11-21T09:55:32","date_gmt":"2020-11-21T08:55:32","guid":{"rendered":"https:\/\/serveiseducatius.xtec.cat\/segria\/?page_id=9767"},"modified":"2021-02-24T16:48:09","modified_gmt":"2021-02-24T15:48:09","slug":"transformacio-educativa","status":"publish","type":"page","link":"https:\/\/serveiseducatius.xtec.cat\/segria\/xarxes\/transformacio-educativa\/","title":{"rendered":"Transformaci\u00f3 educativa | Lleida"},"content":{"rendered":"<p style=\"text-align: left;\"><a href=\"https:\/\/serveiseducatius.xtec.cat\/segria\/wp-content\/uploads\/usu679\/2021\/02\/xarxa-tranformaci\u00f3-educativa-lleida.gif\"><img loading=\"lazy\" decoding=\"async\" class=\"wp-image-12249 alignleft\" src=\"https:\/\/serveiseducatius.xtec.cat\/segria\/wp-content\/uploads\/usu679\/2021\/02\/xarxa-tranformaci\u00f3-educativa-lleida-300x261.gif\" alt=\"\" width=\"210\" height=\"183\" \/><\/a><b><span style=\"color: #800000;\">Les Xarxes Territorials de Transformaci\u00f3 Educativa (XTTE)<\/span>, <\/b><span style=\"font-weight: 400;\">s\u00f3n estructures intencionals de transformaci\u00f3 on participen centres del Laboratori (avan\u00e7ats i facilitats) amb altres centres del territori per tal de generar una cultura pedag\u00f2gica de treball cooperatiu entre centres amb objectius transformadors, respectant les singularitats i afavorint el creixement compartit. Aquestes xarxes estan dinamitzades per t\u00e8cniques dels ST de Lleida.<\/span><\/p>\n<p style=\"text-align: left;\"><img loading=\"lazy\" decoding=\"async\" class=\"alignnone wp-image-9324\" src=\"https:\/\/serveiseducatius.xtec.cat\/segria\/wp-content\/uploads\/usu679\/2020\/10\/1f517-1.png\" alt=\"\" width=\"21\" height=\"21\" \/> <a href=\"https:\/\/projectes.xtec.cat\/transformacioenxarxa\/dinamitzacioxarxa\/\" target=\"_blank\" rel=\"noopener noreferrer\">Dinamitzaci\u00f3 de la Xarxa.\u00a0 <img loading=\"lazy\" decoding=\"async\" class=\"alignnone wp-image-9324\" src=\"https:\/\/serveiseducatius.xtec.cat\/segria\/wp-content\/uploads\/usu679\/2020\/10\/1f517-1.png\" alt=\"\" width=\"21\" height=\"21\" \/> <\/a><a href=\"https:\/\/drive.google.com\/drive\/u\/0\/folders\/0AMrDUoCxF7dDUk9PVA\" target=\"_blank\" rel=\"noopener noreferrer\">Espai intern de treball<\/a><\/p>\n<p><span style=\"color: #800000;\"><strong>Els centres participants<\/strong><\/span>, actualment hi participen 13 centres educatius de les comarques del Segri\u00e0 i de Les Garrigues.<\/p>\n<table class=\" aligncenter\" style=\"height: 133px; width: 751px; border-style: none;\">\n<tbody>\n<tr>\n<td style=\"width: 304px;\"><span style=\"font-weight: 400;\">ESC. El Joc de la Bola<\/span><\/td>\n<td style=\"width: 194px;\"><span style=\"font-weight: 400;\">ESC. La Mitjana<\/span><\/td>\n<td style=\"width: 241px;\"><span style=\"font-weight: 400;\">INS Joan Or\u00f3<\/span><\/td>\n<\/tr>\n<tr>\n<td style=\"width: 304px;\"><span style=\"font-weight: 400;\">ESC. Joan XXIII (Les Borges Blanques)<\/span><\/td>\n<td style=\"width: 194px;\"><span style=\"font-weight: 400;\">INS Alpicat<\/span><\/td>\n<td style=\"width: 241px;\"><span style=\"font-weight: 400;\">EBM. Bal\u00e0fia<\/span><\/td>\n<\/tr>\n<tr>\n<td style=\"width: 304px;\"><span style=\"font-weight: 400;\">COL. M. Montserrat (Les Borges Blanques)<\/span><\/td>\n<td style=\"width: 194px;\"><span style=\"font-weight: 400;\">INS Manuel de Montsuar<\/span><\/td>\n<td style=\"width: 241px;\"><span style=\"font-weight: 400;\">ZER L\u2019Oliver (La granja d\u2019Escarp)<\/span><\/td>\n<\/tr>\n<tr>\n<td style=\"width: 304px;\"><span style=\"font-weight: 400;\">INS Samuel Gili i Gaya<\/span><\/td>\n<td style=\"width: 194px;\"><span style=\"font-weight: 400;\">ESC. Jaume Miret (Soses)<\/span><\/td>\n<td style=\"width: 241px;\"><span style=\"font-weight: 400;\">LL. El Carrilet (Albat\u00e0rrec)<\/span><\/td>\n<\/tr>\n<tr>\n<td style=\"width: 304px;\"><span style=\"font-weight: 400;\">I-E Magraners<\/span><\/td>\n<td style=\"width: 194px;\"><span style=\"font-weight: 400;\">\u00a0<\/span><\/td>\n<td style=\"width: 241px;\"><span style=\"font-weight: 400;\">\u00a0<\/span><\/td>\n<\/tr>\n<\/tbody>\n<\/table>\n<p>&nbsp;<\/p>\n<p><span style=\"color: #800000;\"><strong>Calendari Curs 2020-21:<\/strong><\/span><\/p>\n<table>\n<tbody>\n<tr>\n<td><span style=\"font-weight: 400;\">7 d\u2019octubre de 2020<\/span><\/td>\n<td><span style=\"font-weight: 400;\">18 de novembre de 2020<\/span><\/td>\n<td><span style=\"font-weight: 400;\">20 de gener de 2021<\/span><\/td>\n<td><span style=\"font-weight: 400;\">3 de mar\u00e7 de 2021<\/span><\/td>\n<td><span style=\"font-weight: 400;\">2 de juny de 2021<\/span><\/td>\n<td><span style=\"font-weight: 400;\">16 de juny de 2021<\/span><\/td>\n<\/tr>\n<\/tbody>\n<\/table>\n<p>Horari: De 10 a 13 h<\/p>\n<p><span style=\"color: #800000;\"><strong>Coordinaci\u00f3 de la Xarxa:<\/strong><\/span><\/p>\n<p><span style=\"color: #993300;\"><strong>Dinamitzaci\u00f3<\/strong>:<\/span> Carolina Carrillo<\/p>\n<p><span style=\"color: #993300;\"><strong>Suports<\/strong>:<\/span> Serveis Territorials: Elisenda S\u00e1nchez\u00a0 Serveis Educatius: Ra\u00fcl Manzano (CRP Segri\u00e0) Elisenda Oliva (CRP de Les Garrigues)<\/p>\n<p><span style=\"color: #800000;\"><strong>Finalitats i objectius:\u00a0<\/strong><\/span><\/p>\n<ul>\n<li><span style=\"font-weight: 400;\">Sensibilitzar i crear la necessitat de transformaci\u00f3 dels centres del\u00a0 territori.<\/span><\/li>\n<li><span style=\"font-weight: 400;\">Afavorir l\u2019aprenentatge entre iguals compartint objectius i procediments mitjan\u00e7ant la reflexi\u00f3 pedag\u00f2gica.<\/span><\/li>\n<li><span style=\"font-weight: 400;\">Fomentar la construcci\u00f3 compartida del coneixement mitjan\u00e7ant l\u2019aprenentatge.<\/span><\/li>\n<\/ul>\n<p><span style=\"font-weight: 400;\"><img loading=\"lazy\" decoding=\"async\" class=\"alignnone wp-image-10592\" src=\"https:\/\/serveiseducatius.xtec.cat\/segria\/wp-content\/uploads\/usu679\/2020\/12\/enllac.png\" alt=\"\" width=\"20\" height=\"20\" \/> <\/span><a href=\"https:\/\/projectes.xtec.cat\/transformacioenxarxa\/xarxes-territorials-de-transformacio-educativa\/\"><span style=\"font-weight: 400;\">Finalitats i Objectius de les XT de Transformaci\u00f3 Educativa<\/span><\/a><\/p>\n<p><span style=\"color: #800000;\"><strong>Pla d&#8217;actuaci\u00f3:<\/strong><\/span><\/p>\n<p><span style=\"font-weight: 400;\">Partint d\u2019una intencionalitat pedag\u00f2gica de xarxa, els centres treballem junts en el coneixement i aprofundiment de l\u2019eina d\u2019autoconeixement de centres on identifiquem la dimensi\u00f3 que m\u00e9s impacte tingui a nivell de centres i de xarxa. Despr\u00e9s, relacionem els descriptors connectats amb la dimensi\u00f3 elegida i en triem un. Aquest descriptor s\u2019analitzar\u00e0 a nivel de xarxa aix\u00ed com tamb\u00e9 a nivell dels centres participants amb la finalitat de poder crear un pla d\u2019acci\u00f3 conjunt, sempre respectant les necessitats, les caracter\u00edstiques i els interessos dels centres de la xarxa. Aquest Pla d\u2019Acci\u00f3 ser\u00e0 la base de transformaci\u00f3 dels centres amb l\u2019objectiu que aquests canvis innovadors siguin perdurables i sostenibles en el temps, \u00e9s a dir, que quedin institucionalitzats (pilotage al centre). Finalment, la xarxa far\u00e0 el recull de l\u2019impacte dels diferents plans d\u2019acci\u00f3 en els centres mitjan\u00e7ant un retorn de les experi\u00e8ncies viscudes, dubtes i incerteses on tots els participants col\u00b7laboraran amb el seu granet de sorra tot exposant propostes de millora.<\/span><\/p>\n<p><a href=\"https:\/\/serveiseducatius.xtec.cat\/segria\/wp-content\/uploads\/usu679\/2021\/02\/XTTE-Pla-Treball.jpg\"><img loading=\"lazy\" decoding=\"async\" class=\"alignnone size-large wp-image-12294\" src=\"https:\/\/serveiseducatius.xtec.cat\/segria\/wp-content\/uploads\/usu679\/2021\/02\/XTTE-Pla-Treball-1024x250.jpg\" alt=\"\" width=\"1024\" height=\"250\" srcset=\"https:\/\/serveiseducatius.xtec.cat\/segria\/wp-content\/uploads\/usu679\/2021\/02\/XTTE-Pla-Treball-1024x250.jpg 1024w, https:\/\/serveiseducatius.xtec.cat\/segria\/wp-content\/uploads\/usu679\/2021\/02\/XTTE-Pla-Treball-300x73.jpg 300w, https:\/\/serveiseducatius.xtec.cat\/segria\/wp-content\/uploads\/usu679\/2021\/02\/XTTE-Pla-Treball-768x187.jpg 768w\" sizes=\"auto, (max-width: 1024px) 100vw, 1024px\" \/><\/a><\/p>\n<p><span style=\"color: #800000;\"><strong>L\u00ednies d&#8217;actuaci\u00f3 per al Curs 2020-21:<\/strong><\/span><\/p>\n<ul>\n<li style=\"font-weight: 400;\" aria-level=\"2\"><span style=\"font-weight: 400;\">L&#8217;Eina d&#8217;Autoconeixement de Centre i presa de contacte amb l&#8217;eina.<\/span><\/li>\n<li style=\"font-weight: 400;\" aria-level=\"2\"><span style=\"font-weight: 400;\">Presa de consci\u00e8ncia de la realitat del propi centre<\/span><\/li>\n<li style=\"font-weight: 400;\" aria-level=\"2\"><span style=\"font-weight: 400;\">Autodiagnosi del centre<\/span><\/li>\n<li style=\"font-weight: 400;\" aria-level=\"2\"><span style=\"font-weight: 400;\">Selecci\u00f3 d&#8217;un descriptor<\/span><\/li>\n<li style=\"font-weight: 400;\" aria-level=\"2\"><span style=\"font-weight: 400;\">Identificaci\u00f3 individual del descriptor m\u00e9s adequat per a l\u2019enfocament del centre<\/span><\/li>\n<li style=\"font-weight: 400;\" aria-level=\"2\"><span style=\"font-weight: 400;\">Posada en com\u00fa, argumentaci\u00f3 i negociaci\u00f3<\/span><\/li>\n<li style=\"font-weight: 400;\" aria-level=\"2\"><span style=\"font-weight: 400;\">An\u00e0lisi del descriptor: qu\u00e8, per qu\u00e8 i com?<\/span><\/li>\n<li style=\"font-weight: 400;\" aria-level=\"2\"><span style=\"font-weight: 400;\">Antecedents<\/span><\/li>\n<li style=\"font-weight: 400;\" aria-level=\"2\"><span style=\"font-weight: 400;\">Reconeixement en el propi centre i posada en com\u00fa<\/span><\/li>\n<li style=\"font-weight: 400;\" aria-level=\"2\"><span style=\"font-weight: 400;\">Finalitats i objectius<\/span><\/li>\n<li style=\"font-weight: 400;\" aria-level=\"2\"><span style=\"font-weight: 400;\">Concreci\u00f3 en el propi centre<\/span><\/li>\n<li style=\"font-weight: 400;\" aria-level=\"2\"><span style=\"font-weight: 400;\">Creaci\u00f3 compartida a la xarxa<\/span><\/li>\n<li style=\"font-weight: 400;\" aria-level=\"2\"><span style=\"font-weight: 400;\">Reconeixement de palanques de canvi col\u00b7lectiu<\/span><\/li>\n<li style=\"font-weight: 400;\" aria-level=\"2\"><span style=\"font-weight: 400;\">Pla de treball\/ Pla d\u2019Acci\u00f3<\/span><\/li>\n<li style=\"font-weight: 400;\" aria-level=\"2\"><span style=\"font-weight: 400;\">Relaci\u00f3 amb les accions de centre (PGA, Programes innovaci\u00f3, l\u00ednies actives de treball)<\/span><\/li>\n<li style=\"font-weight: 400;\" aria-level=\"2\"><span style=\"font-weight: 400;\">Encaix individual en el col\u00b7lectiu (Mirades poli\u00e8driques)<\/span><\/li>\n<li style=\"font-weight: 400;\" aria-level=\"2\"><span style=\"font-weight: 400;\">Estrat\u00e8gies de treball compartit<\/span><\/li>\n<li style=\"font-weight: 400;\" aria-level=\"2\"><span style=\"font-weight: 400;\">Pilotatge al centre<\/span><\/li>\n<li style=\"font-weight: 400;\" aria-level=\"2\"><span style=\"font-weight: 400;\">Transfer\u00e8ncia a l\u2019equip pedag\u00f2gic<\/span><\/li>\n<li style=\"font-weight: 400;\" aria-level=\"2\"><span style=\"font-weight: 400;\">Aplicaci\u00f3 i desenvolupament (recollida d\u2019evid\u00e8ncies)<\/span><\/li>\n<li style=\"font-weight: 400;\" aria-level=\"2\"><span style=\"font-weight: 400;\">Amic cr\u00edtic a la XTTE sobre les evid\u00e8ncies, contrast. Propostes de millora<\/span><\/li>\n<li style=\"font-weight: 400;\" aria-level=\"2\"><span style=\"font-weight: 400;\">Impacte al centre<\/span><\/li>\n<li style=\"font-weight: 400;\" aria-level=\"2\"><span style=\"font-weight: 400;\">An\u00e0lisi de la millora de la qualitat educativa<\/span><\/li>\n<li style=\"font-weight: 400;\" aria-level=\"2\">Incorporaci\u00f3 al projecte educatiu de centre<\/li>\n<li style=\"font-weight: 400;\" aria-level=\"2\"><span style=\"font-weight: 400;\">Seguiment i revisi\u00f3<\/span><\/li>\n<li style=\"font-weight: 400;\" aria-level=\"2\"><span style=\"font-weight: 400;\">Noves propostes de canvi<\/span><\/li>\n<\/ul>\n","protected":false},"excerpt":{"rendered":"<p>Les Xarxes Territorials de Transformaci\u00f3 Educativa (XTTE), s\u00f3n estructures intencionals de transformaci\u00f3 on participen centres del Laboratori (avan\u00e7ats i facilitats) amb altres centres del territori per tal de generar una cultura pedag\u00f2gica de treball cooperatiu entre centres amb objectius transformadors, respectant les singularitats i afavorint el creixement compartit. Aquestes xarxes estan dinamitzades per t\u00e8cniques dels [&hellip;]<\/p>\n","protected":false},"author":5,"featured_media":0,"parent":9815,"menu_order":0,"comment_status":"closed","ping_status":"closed","template":"","meta":{"_bbp_topic_count":0,"_bbp_reply_count":0,"_bbp_total_topic_count":0,"_bbp_total_reply_count":0,"_bbp_voice_count":0,"_bbp_anonymous_reply_count":0,"_bbp_topic_count_hidden":0,"_bbp_reply_count_hidden":0,"_bbp_forum_subforum_count":0,"site-sidebar-layout":"default","site-content-layout":"","ast-site-content-layout":"","site-content-style":"default","site-sidebar-style":"default","ast-global-header-display":"","ast-banner-title-visibility":"","ast-main-header-display":"","ast-hfb-above-header-display":"","ast-hfb-below-header-display":"","ast-hfb-mobile-header-display":"","site-post-title":"","ast-breadcrumbs-content":"","ast-featured-img":"","footer-sml-layout":"","theme-transparent-header-meta":"","adv-header-id-meta":"","stick-header-meta":"","header-above-stick-meta":"","header-main-stick-meta":"","header-below-stick-meta":"","astra-migrate-meta-layouts":"default","ast-page-background-enabled":"default","ast-page-background-meta":{"desktop":{"background-color":"var(--ast-global-color-4)","background-image":"","background-repeat":"repeat","background-position":"center center","background-size":"auto","background-attachment":"scroll","background-type":"","background-media":"","overlay-type":"","overlay-color":"","overlay-opacity":"","overlay-gradient":""},"tablet":{"background-color":"","background-image":"","background-repeat":"repeat","background-position":"center center","background-size":"auto","background-attachment":"scroll","background-type":"","background-media":"","overlay-type":"","overlay-color":"","overlay-opacity":"","overlay-gradient":""},"mobile":{"background-color":"","background-image":"","background-repeat":"repeat","background-position":"center center","background-size":"auto","background-attachment":"scroll","background-type":"","background-media":"","overlay-type":"","overlay-color":"","overlay-opacity":"","overlay-gradient":""}},"ast-content-background-meta":{"desktop":{"background-color":"var(--ast-global-color-5)","background-image":"","background-repeat":"repeat","background-position":"center center","background-size":"auto","background-attachment":"scroll","background-type":"","background-media":"","overlay-type":"","overlay-color":"","overlay-opacity":"","overlay-gradient":""},"tablet":{"background-color":"var(--ast-global-color-5)","background-image":"","background-repeat":"repeat","background-position":"center center","background-size":"auto","background-attachment":"scroll","background-type":"","background-media":"","overlay-type":"","overlay-color":"","overlay-opacity":"","overlay-gradient":""},"mobile":{"background-color":"var(--ast-global-color-5)","background-image":"","background-repeat":"repeat","background-position":"center center","background-size":"auto","background-attachment":"scroll","background-type":"","background-media":"","overlay-type":"","overlay-color":"","overlay-opacity":"","overlay-gradient":""}},"footnotes":""},"class_list":["post-9767","page","type-page","status-publish","hentry"],"post_mailing_queue_ids":[],"_links":{"self":[{"href":"https:\/\/serveiseducatius.xtec.cat\/segria\/wp-json\/wp\/v2\/pages\/9767","targetHints":{"allow":["GET"]}}],"collection":[{"href":"https:\/\/serveiseducatius.xtec.cat\/segria\/wp-json\/wp\/v2\/pages"}],"about":[{"href":"https:\/\/serveiseducatius.xtec.cat\/segria\/wp-json\/wp\/v2\/types\/page"}],"author":[{"embeddable":true,"href":"https:\/\/serveiseducatius.xtec.cat\/segria\/wp-json\/wp\/v2\/users\/5"}],"replies":[{"embeddable":true,"href":"https:\/\/serveiseducatius.xtec.cat\/segria\/wp-json\/wp\/v2\/comments?post=9767"}],"version-history":[{"count":4,"href":"https:\/\/serveiseducatius.xtec.cat\/segria\/wp-json\/wp\/v2\/pages\/9767\/revisions"}],"predecessor-version":[{"id":12338,"href":"https:\/\/serveiseducatius.xtec.cat\/segria\/wp-json\/wp\/v2\/pages\/9767\/revisions\/12338"}],"up":[{"embeddable":true,"href":"https:\/\/serveiseducatius.xtec.cat\/segria\/wp-json\/wp\/v2\/pages\/9815"}],"wp:attachment":[{"href":"https:\/\/serveiseducatius.xtec.cat\/segria\/wp-json\/wp\/v2\/media?parent=9767"}],"curies":[{"name":"wp","href":"https:\/\/api.w.org\/{rel}","templated":true}]}}