{"id":9644,"date":"2020-11-15T21:48:35","date_gmt":"2020-11-15T20:48:35","guid":{"rendered":"https:\/\/serveiseducatius.xtec.cat\/segria\/?page_id=9644"},"modified":"2025-09-15T12:51:44","modified_gmt":"2025-09-15T10:51:44","slug":"eap","status":"publish","type":"page","link":"https:\/\/serveiseducatius.xtec.cat\/segria\/el-servei-educatiu\/eap\/","title":{"rendered":"EAP"},"content":{"rendered":"<p><img loading=\"lazy\" decoding=\"async\" class=\"alignleft wp-image-10851\" src=\"https:\/\/serveiseducatius.xtec.cat\/segria\/wp-content\/uploads\/usu679\/2020\/12\/eap-150x150.jpg\" alt=\"\" width=\"115\" height=\"109\" \/>Els EAP s\u00f3n <strong>equips d\u2019assessorament i orientaci\u00f3 psicopedag\u00f2gic<\/strong> que donen suport al professorat i als centres educatius en la resposta a la <strong>diversitat de l\u2019alumnat<\/strong> i en relaci\u00f3 als alumnes que presenten <strong>necessitats educatives especials<\/strong>, aix\u00ed com a les seves fam\u00edlies.<\/p>\n<p><strong>Objectius:<\/strong><\/p>\n<ul>\n<li>Identificar i avaluar les necessitats educatives especials dels alumnes i fer la proposta d\u2019escolaritzaci\u00f3, en col\u00b7laboraci\u00f3 amb els serveis espec\u00edfics quan s\u2019escaigui.<\/li>\n<li>Assessorar el professorat i les fam\u00edlies en la resposta educativa a l\u2019alumnat amb necessitats educatives especials, en col\u00b7laboraci\u00f3 amb els docents especialitzats i els serveis educatius espec\u00edfics.<\/li>\n<li>Assessorar els equips docents, l\u2019alumnat i les fam\u00edlies sobre aspectes d\u2019orientaci\u00f3 personal, educativa i professional.<\/li>\n<li>Donar suport als centres educatius en la millora de l\u2019atenci\u00f3 a la diversitat i la inclusi\u00f3.<\/li>\n<li>Col\u00b7laborar conjuntament amb el servei educatiu de zona i els espec\u00edfics per tal de promoure activitats d\u2019intercanvi i de formaci\u00f3 del professorat.<\/li>\n<li>Col\u00b7laborar amb els serveis socials i sanitaris de l\u2019\u00e0mbit territorial d\u2019actuaci\u00f3, per tal d\u2019oferir una atenci\u00f3 coordinada als alumnes i fam\u00edlies que ho necessitin.<\/li>\n<\/ul>\n<p>A la comarca del Segri\u00e0 hi intervenen dos EAP:<img loading=\"lazy\" decoding=\"async\" class=\"alignright size-medium wp-image-10883\" src=\"https:\/\/serveiseducatius.xtec.cat\/segria\/wp-content\/uploads\/usu679\/2020\/12\/segria-205x300.jpg\" alt=\"\" width=\"205\" height=\"300\" srcset=\"https:\/\/serveiseducatius.xtec.cat\/segria\/wp-content\/uploads\/usu679\/2020\/12\/segria-205x300.jpg 205w, https:\/\/serveiseducatius.xtec.cat\/segria\/wp-content\/uploads\/usu679\/2020\/12\/segria.jpg 447w\" sizes=\"auto, (max-width: 205px) 100vw, 205px\" \/><\/p>\n<ul>\n<li><strong>L&#8217;\u00e0mbit territorial de l&#8217;EAP LL-01<\/strong> (Sector A) \u00e9s: Alfarr\u00e0s, Alguaire, Almacelles, Almenar, Benavent, Corbins, Els Alam\u00fas, Gimenells, Lleida, Pla de la Font, La Portella, Raimat, Sucs, Torre-Serona, Vilanova de Segri\u00e0.<\/li>\n<li><strong>L&#8217;\u00e0mbit territorial de l&#8217;EAP LL-02<\/strong> (Sector B) \u00e9s: Alcoletge, Aitona, Albat\u00e0rrec, Alcan\u00f3, Alcarr\u00e0s, Alf\u00e9s, Alpicat, Maials, Almatret, Artesa de Lleida, Aspa, La Granja d&#8217;Escarp, Lleida, Llardecans, Massalcoreig, Montagut, Montoliu, Puigverd, Rossell\u00f3, Sarroca de Lleida, Ser\u00f2s, Sudanell, Soses, Sunyer, Torrebesses, Torrefarrera, Torres de Segre, Vilanova de la Barca.<\/li>\n<\/ul>\n<p>Podeu consultar les activitats, recursos i not\u00edcies a l\u2019<a href=\"https:\/\/serveiseducatius.xtec.cat\/segria\/categoria\/eap\/\"><strong>apartat din\u00e0mic de l\u2019EAP<\/strong><\/a>.<\/p>\n<p><a href=\"https:\/\/serveiseducatius.xtec.cat\/segria\/wp-content\/uploads\/usu679\/2020\/11\/pdficon.png\"><img loading=\"lazy\" decoding=\"async\" class=\"alignleft wp-image-9530\" src=\"https:\/\/serveiseducatius.xtec.cat\/segria\/wp-content\/uploads\/usu679\/2020\/11\/pdficon.png\" alt=\"\" width=\"20\" height=\"20\" \/><\/a><a href=\"https:\/\/drive.google.com\/file\/d\/1sL_ZMJC9vElE48Zeva0ytwGuDCIrp8OA\/view?usp=sharing\" target=\"_blank\" rel=\"noopener\">Equip de professionals adscrits\/es als EAP del Segri\u00e0<\/a><\/p>\n<p><a href=\"https:\/\/serveiseducatius.xtec.cat\/segria\/wp-content\/uploads\/usu679\/2020\/10\/1f517-1.png\"><img loading=\"lazy\" decoding=\"async\" class=\"alignleft wp-image-9324\" src=\"https:\/\/serveiseducatius.xtec.cat\/segria\/wp-content\/uploads\/usu679\/2020\/10\/1f517-1.png\" alt=\"\" width=\"20\" height=\"20\" \/><\/a><a href=\"http:\/\/xtec.gencat.cat\/ca\/serveis\/sez\/eap\/\" target=\"_blank\" rel=\"noopener noreferrer\">M\u00e9s informaci\u00f3 (XTEC)<\/a><\/p>\n","protected":false},"excerpt":{"rendered":"<p>Els EAP s\u00f3n equips d\u2019assessorament i orientaci\u00f3 psicopedag\u00f2gic que donen suport al professorat i als centres educatius en la resposta a la diversitat de l\u2019alumnat i en relaci\u00f3 als alumnes que presenten necessitats educatives especials, aix\u00ed com a les seves fam\u00edlies. Objectius: Identificar i avaluar les necessitats educatives especials dels alumnes i fer la proposta [&hellip;]<\/p>\n","protected":false},"author":5,"featured_media":0,"parent":806,"menu_order":4,"comment_status":"closed","ping_status":"closed","template":"","meta":{"_bbp_topic_count":0,"_bbp_reply_count":0,"_bbp_total_topic_count":0,"_bbp_total_reply_count":0,"_bbp_voice_count":0,"_bbp_anonymous_reply_count":0,"_bbp_topic_count_hidden":0,"_bbp_reply_count_hidden":0,"_bbp_forum_subforum_count":0,"site-sidebar-layout":"default","site-content-layout":"","ast-site-content-layout":"","site-content-style":"default","site-sidebar-style":"default","ast-global-header-display":"","ast-banner-title-visibility":"","ast-main-header-display":"","ast-hfb-above-header-display":"","ast-hfb-below-header-display":"","ast-hfb-mobile-header-display":"","site-post-title":"","ast-breadcrumbs-content":"","ast-featured-img":"","footer-sml-layout":"","theme-transparent-header-meta":"","adv-header-id-meta":"","stick-header-meta":"","header-above-stick-meta":"","header-main-stick-meta":"","header-below-stick-meta":"","astra-migrate-meta-layouts":"default","ast-page-background-enabled":"default","ast-page-background-meta":{"desktop":{"background-color":"var(--ast-global-color-4)","background-image":"","background-repeat":"repeat","background-position":"center center","background-size":"auto","background-attachment":"scroll","background-type":"","background-media":"","overlay-type":"","overlay-color":"","overlay-opacity":"","overlay-gradient":""},"tablet":{"background-color":"","background-image":"","background-repeat":"repeat","background-position":"center center","background-size":"auto","background-attachment":"scroll","background-type":"","background-media":"","overlay-type":"","overlay-color":"","overlay-opacity":"","overlay-gradient":""},"mobile":{"background-color":"","background-image":"","background-repeat":"repeat","background-position":"center center","background-size":"auto","background-attachment":"scroll","background-type":"","background-media":"","overlay-type":"","overlay-color":"","overlay-opacity":"","overlay-gradient":""}},"ast-content-background-meta":{"desktop":{"background-color":"var(--ast-global-color-5)","background-image":"","background-repeat":"repeat","background-position":"center center","background-size":"auto","background-attachment":"scroll","background-type":"","background-media":"","overlay-type":"","overlay-color":"","overlay-opacity":"","overlay-gradient":""},"tablet":{"background-color":"var(--ast-global-color-5)","background-image":"","background-repeat":"repeat","background-position":"center center","background-size":"auto","background-attachment":"scroll","background-type":"","background-media":"","overlay-type":"","overlay-color":"","overlay-opacity":"","overlay-gradient":""},"mobile":{"background-color":"var(--ast-global-color-5)","background-image":"","background-repeat":"repeat","background-position":"center center","background-size":"auto","background-attachment":"scroll","background-type":"","background-media":"","overlay-type":"","overlay-color":"","overlay-opacity":"","overlay-gradient":""}},"footnotes":""},"class_list":["post-9644","page","type-page","status-publish","hentry"],"post_mailing_queue_ids":[],"_links":{"self":[{"href":"https:\/\/serveiseducatius.xtec.cat\/segria\/wp-json\/wp\/v2\/pages\/9644","targetHints":{"allow":["GET"]}}],"collection":[{"href":"https:\/\/serveiseducatius.xtec.cat\/segria\/wp-json\/wp\/v2\/pages"}],"about":[{"href":"https:\/\/serveiseducatius.xtec.cat\/segria\/wp-json\/wp\/v2\/types\/page"}],"author":[{"embeddable":true,"href":"https:\/\/serveiseducatius.xtec.cat\/segria\/wp-json\/wp\/v2\/users\/5"}],"replies":[{"embeddable":true,"href":"https:\/\/serveiseducatius.xtec.cat\/segria\/wp-json\/wp\/v2\/comments?post=9644"}],"version-history":[{"count":6,"href":"https:\/\/serveiseducatius.xtec.cat\/segria\/wp-json\/wp\/v2\/pages\/9644\/revisions"}],"predecessor-version":[{"id":26036,"href":"https:\/\/serveiseducatius.xtec.cat\/segria\/wp-json\/wp\/v2\/pages\/9644\/revisions\/26036"}],"up":[{"embeddable":true,"href":"https:\/\/serveiseducatius.xtec.cat\/segria\/wp-json\/wp\/v2\/pages\/806"}],"wp:attachment":[{"href":"https:\/\/serveiseducatius.xtec.cat\/segria\/wp-json\/wp\/v2\/media?parent=9644"}],"curies":[{"name":"wp","href":"https:\/\/api.w.org\/{rel}","templated":true}]}}