{"id":9637,"date":"2020-11-15T20:49:39","date_gmt":"2020-11-15T19:49:39","guid":{"rendered":"https:\/\/serveiseducatius.xtec.cat\/segria\/?page_id=9637"},"modified":"2026-01-28T21:49:46","modified_gmt":"2026-01-28T20:49:46","slug":"centre-de-recursos-pedagogics-crp","status":"publish","type":"page","link":"https:\/\/serveiseducatius.xtec.cat\/segria\/el-servei-educatiu\/centre-de-recursos-pedagogics-crp\/","title":{"rendered":"CRP"},"content":{"rendered":"<div class=\"textwidget\">\n<p>El<strong> Centre de Recursos Pedag\u00f2gics del Segri\u00e0<\/strong> \u00e9s un equip de dinamitzaci\u00f3 i assessorament dels professionals i centres educatius de la nostra comarca, per a la millora i transformaci\u00f3 educativa.<\/p>\n<p><strong><img loading=\"lazy\" decoding=\"async\" class=\"alignleft wp-image-10799\" src=\"https:\/\/serveiseducatius.xtec.cat\/segria\/wp-content\/uploads\/usu679\/2020\/12\/crp_nuvol-300x289.jpg\" alt=\"\" width=\"320\" height=\"308\" srcset=\"https:\/\/serveiseducatius.xtec.cat\/segria\/wp-content\/uploads\/usu679\/2020\/12\/crp_nuvol-300x289.jpg 300w, https:\/\/serveiseducatius.xtec.cat\/segria\/wp-content\/uploads\/usu679\/2020\/12\/crp_nuvol.jpg 447w\" sizes=\"auto, (max-width: 320px) 100vw, 320px\" \/><\/strong><\/p>\n<p><strong>Funcions:<\/strong><\/p>\n<div class=\"col-xs-12 columna_esquerra\">\n<div class=\"cos_bloc basic_text_peq pd-15\">\n<ul>\n<li>El disseny, la planificaci\u00f3 i la implementaci\u00f3 de la <strong>pr\u00e0ctica assessora<\/strong> al centre acompanyant-lo en els processos de transformaci\u00f3 i millora educativa.<\/li>\n<li>La detecci\u00f3, recull i difusi\u00f3 de <strong>pr\u00e0ctiques educatives de refer\u00e8ncia<\/strong> del professorat de la zona aix\u00ed com <strong>projectes innovadors<\/strong> de centres.<\/li>\n<li>El suport a les <strong>xarxes educatives<\/strong> de la zona vetllant per l&#8217;equitat i la inclusi\u00f3.<\/li>\n<li>El suport i acompanyament al professorat i als centres en l\u2019<strong>\u00fas educatiu de les tecnologies digitals<\/strong>, amb l\u2019objectiu de garantir l\u2019aprenentatge en l\u00ednia de l\u2019alumnat.<\/li>\n<\/ul>\n<\/div>\n<\/div>\n<p><span style=\"color: #799918;\"><strong>Equip del Centre de Recursos del Segri\u00e0<br \/>\n<\/strong><\/span><\/p>\n<ul>\n<li>Dami\u00e0 Santamaria (Director) &#8211; <a href=\"mailto:dsantama@xtec.cat\" rel=\"nofollow\">dsantama@xtec.cat<\/a><\/li>\n<li>Anna Jim\u00e9nez (T\u00e8cnica docent) &#8211; <a href=\"mailto:ajimene1@xtec.cat\" rel=\"nofollow\">ajimene1@xtec.cat<\/a><\/li>\n<li>Ra\u00fcl Manzano (T\u00e8cnic docent) &#8211; <a href=\"mailto:rmanzan1@xtec.cat\" rel=\"nofollow\">rmanzan1@xtec.cat<\/a><\/li>\n<li>Jaume Cortada (T\u00e8cnic docent) &#8211; <a href=\"mailto:jcortad2@xtec.cat\" rel=\"nofollow\">jcortad2@xtec.cat<\/a><\/li>\n<li>Carme Egozcue (T\u00e8cnica docent) &#8211; <a href=\"mailto:cegozcue@xtec.cat\" rel=\"nofollow\">cegozcue@xtec.cat<\/a><\/li>\n<li>Laura Gabernet (T\u00e8cnica docent) &#8211; <a href=\"mailto:lgaberne@xtec.cat\" rel=\"nofollow\">lgaberne@xtec.cat<\/a><\/li>\n<li>Ares Benseny (Educadora Social) &#8211; <a href=\"mailto:abensen1@xtec.cat\">abensen1@xtec.cat<\/a><\/li>\n<\/ul>\n<p><a href=\"https:\/\/serveiseducatius.xtec.cat\/segria\/wp-content\/uploads\/usu679\/2020\/10\/1f517-1.png\"><img loading=\"lazy\" decoding=\"async\" class=\"alignleft wp-image-9324\" src=\"https:\/\/serveiseducatius.xtec.cat\/segria\/wp-content\/uploads\/usu679\/2020\/10\/1f517-1.png\" alt=\"\" width=\"20\" height=\"20\" \/><\/a><a href=\"http:\/\/xtec.gencat.cat\/ca\/serveis\/sez\/crp\/\" target=\"_blank\" rel=\"noopener noreferrer\">M\u00e9s informaci\u00f3 (XTEC)<\/a><\/p>\n<p><a href=\"https:\/\/serveiseducatius.xtec.cat\/segria\/wp-content\/uploads\/usu679\/2020\/10\/1f517-1.png\"><img loading=\"lazy\" decoding=\"async\" class=\"alignleft wp-image-9324\" src=\"https:\/\/serveiseducatius.xtec.cat\/segria\/wp-content\/uploads\/usu679\/2020\/10\/1f517-1.png\" alt=\"\" width=\"20\" height=\"20\" \/><\/a><a href=\"https:\/\/entitats.cat\/associacio-catalana-de-professionals-de-centres-de-recursos-pedagogics-acpcrp\" target=\"_blank\" rel=\"nofollow noopener noreferrer\">Associaci\u00f3 Catalana de Professionals de Centres de Recursos Pedag\u00f2gics<\/a>.<\/p>\n<\/div>\n","protected":false},"excerpt":{"rendered":"<p>El Centre de Recursos Pedag\u00f2gics del Segri\u00e0 \u00e9s un equip de dinamitzaci\u00f3 i assessorament dels professionals i centres educatius de la nostra comarca, per a la millora i transformaci\u00f3 educativa. Funcions: El disseny, la planificaci\u00f3 i la implementaci\u00f3 de la pr\u00e0ctica assessora al centre acompanyant-lo en els processos de transformaci\u00f3 i millora educativa. La detecci\u00f3, [&hellip;]<\/p>\n","protected":false},"author":5,"featured_media":0,"parent":806,"menu_order":3,"comment_status":"closed","ping_status":"closed","template":"","meta":{"_bbp_topic_count":0,"_bbp_reply_count":0,"_bbp_total_topic_count":0,"_bbp_total_reply_count":0,"_bbp_voice_count":0,"_bbp_anonymous_reply_count":0,"_bbp_topic_count_hidden":0,"_bbp_reply_count_hidden":0,"_bbp_forum_subforum_count":0,"site-sidebar-layout":"default","site-content-layout":"","ast-site-content-layout":"","site-content-style":"default","site-sidebar-style":"default","ast-global-header-display":"","ast-banner-title-visibility":"","ast-main-header-display":"","ast-hfb-above-header-display":"","ast-hfb-below-header-display":"","ast-hfb-mobile-header-display":"","site-post-title":"","ast-breadcrumbs-content":"","ast-featured-img":"","footer-sml-layout":"","theme-transparent-header-meta":"","adv-header-id-meta":"","stick-header-meta":"","header-above-stick-meta":"","header-main-stick-meta":"","header-below-stick-meta":"","astra-migrate-meta-layouts":"default","ast-page-background-enabled":"default","ast-page-background-meta":{"desktop":{"background-color":"var(--ast-global-color-4)","background-image":"","background-repeat":"repeat","background-position":"center center","background-size":"auto","background-attachment":"scroll","background-type":"","background-media":"","overlay-type":"","overlay-color":"","overlay-opacity":"","overlay-gradient":""},"tablet":{"background-color":"","background-image":"","background-repeat":"repeat","background-position":"center center","background-size":"auto","background-attachment":"scroll","background-type":"","background-media":"","overlay-type":"","overlay-color":"","overlay-opacity":"","overlay-gradient":""},"mobile":{"background-color":"","background-image":"","background-repeat":"repeat","background-position":"center center","background-size":"auto","background-attachment":"scroll","background-type":"","background-media":"","overlay-type":"","overlay-color":"","overlay-opacity":"","overlay-gradient":""}},"ast-content-background-meta":{"desktop":{"background-color":"var(--ast-global-color-5)","background-image":"","background-repeat":"repeat","background-position":"center center","background-size":"auto","background-attachment":"scroll","background-type":"","background-media":"","overlay-type":"","overlay-color":"","overlay-opacity":"","overlay-gradient":""},"tablet":{"background-color":"var(--ast-global-color-5)","background-image":"","background-repeat":"repeat","background-position":"center center","background-size":"auto","background-attachment":"scroll","background-type":"","background-media":"","overlay-type":"","overlay-color":"","overlay-opacity":"","overlay-gradient":""},"mobile":{"background-color":"var(--ast-global-color-5)","background-image":"","background-repeat":"repeat","background-position":"center center","background-size":"auto","background-attachment":"scroll","background-type":"","background-media":"","overlay-type":"","overlay-color":"","overlay-opacity":"","overlay-gradient":""}},"footnotes":""},"class_list":["post-9637","page","type-page","status-publish","hentry"],"post_mailing_queue_ids":[],"_links":{"self":[{"href":"https:\/\/serveiseducatius.xtec.cat\/segria\/wp-json\/wp\/v2\/pages\/9637","targetHints":{"allow":["GET"]}}],"collection":[{"href":"https:\/\/serveiseducatius.xtec.cat\/segria\/wp-json\/wp\/v2\/pages"}],"about":[{"href":"https:\/\/serveiseducatius.xtec.cat\/segria\/wp-json\/wp\/v2\/types\/page"}],"author":[{"embeddable":true,"href":"https:\/\/serveiseducatius.xtec.cat\/segria\/wp-json\/wp\/v2\/users\/5"}],"replies":[{"embeddable":true,"href":"https:\/\/serveiseducatius.xtec.cat\/segria\/wp-json\/wp\/v2\/comments?post=9637"}],"version-history":[{"count":6,"href":"https:\/\/serveiseducatius.xtec.cat\/segria\/wp-json\/wp\/v2\/pages\/9637\/revisions"}],"predecessor-version":[{"id":27038,"href":"https:\/\/serveiseducatius.xtec.cat\/segria\/wp-json\/wp\/v2\/pages\/9637\/revisions\/27038"}],"up":[{"embeddable":true,"href":"https:\/\/serveiseducatius.xtec.cat\/segria\/wp-json\/wp\/v2\/pages\/806"}],"wp:attachment":[{"href":"https:\/\/serveiseducatius.xtec.cat\/segria\/wp-json\/wp\/v2\/media?parent=9637"}],"curies":[{"name":"wp","href":"https:\/\/api.w.org\/{rel}","templated":true}]}}