{"id":9633,"date":"2020-11-15T20:32:20","date_gmt":"2020-11-15T19:32:20","guid":{"rendered":"https:\/\/serveiseducatius.xtec.cat\/segria\/?page_id=9633"},"modified":"2024-01-26T10:21:44","modified_gmt":"2024-01-26T09:21:44","slug":"xarxa-escoles-verdes","status":"publish","type":"page","link":"https:\/\/serveiseducatius.xtec.cat\/segria\/xarxes\/xarxa-escoles-verdes\/","title":{"rendered":"Xarxa Escoles Verdes"},"content":{"rendered":"<h6><a href=\"https:\/\/serveiseducatius.xtec.cat\/segria\/wp-content\/uploads\/usu679\/2020\/11\/logo_esc_verda.jpg\"><img loading=\"lazy\" decoding=\"async\" class=\" wp-image-9729 alignleft\" src=\"https:\/\/serveiseducatius.xtec.cat\/segria\/wp-content\/uploads\/usu679\/2020\/11\/logo_esc_verda.jpg\" alt=\"\" width=\"202\" height=\"202\" srcset=\"https:\/\/serveiseducatius.xtec.cat\/segria\/wp-content\/uploads\/usu679\/2020\/11\/logo_esc_verda.jpg 254w, https:\/\/serveiseducatius.xtec.cat\/segria\/wp-content\/uploads\/usu679\/2020\/11\/logo_esc_verda-150x150.jpg 150w\" sizes=\"auto, (max-width: 202px) 100vw, 202px\" \/><\/a><strong>Presentaci\u00f3 del programa<\/strong><\/h6>\n<p>Aquest Programa sorgeix com un comprom\u00eds de la Generalitat de Catalunya per donar suport a tots els centres educatius que volen innovar, incloure, avan\u00e7ar, sistematitzar i organitzar accions educatives que tinguin la finalitat d&#8217;afrontar, des de l&#8217;educaci\u00f3, els nous reptes i valors de la sostenibilitat.<\/p>\n<p>La Xarxa d&#8217;escoles verdes de Catalunya aglutina el conjunt de centres educatius que s&#8217;han adherit al\u00a0Programa i han obtingut el Distintiu d&#8217;Escola Verda.<\/p>\n<p style=\"text-align: center;\"><a href=\"https:\/\/escolesverdeslleida.fundesplai.org\/actualitat-esdeveniments-ambientals\/calendari-efemerides-ambientals-curs2021-22\/?utm_source=mailpoet&amp;utm_medium=email&amp;utm_campaign=premi-escoles-verdes-i-informacions-d-inici-de-curs_227\" target=\"_blank\" rel=\"noopener\"><strong>Enlla\u00e7 al web i calendari d&#8217; activitats escoles verdes<\/strong><\/a><\/p>\n<p>&nbsp;<\/p>\n<h6><strong>Finalitat<\/strong><\/h6>\n<p>El programa vol promoure un canvi en la cultura de centre a trav\u00e9s de quatre contextos d\u2019acci\u00f3: el\u00a0curr\u00edculum, l\u2019organitzaci\u00f3 i la participaci\u00f3, la gesti\u00f3 sostenible de recursos i materials i la implicaci\u00f3 en\u00a0l\u2019entorn. Aix\u00ed doncs, ent\u00e9n que el proc\u00e9s educatiu que ha de provocar aquest canvi no nom\u00e9s es d\u00f3na\u00a0a l\u2019aula, sin\u00f3 tamb\u00e9 en tots els moments i espais de la vida escolar.<\/p>\n<h6><strong>Objectius del programa<\/strong><\/h6>\n<p>El programa Escoles Verdes t\u00e9 la voluntat de millorar l\u2019escola d\u2019acord amb els nous reptes de l\u2019educaci\u00f3 i ho fa a trav\u00e9s de l\u2019objectiu de sensibilitzar, dinamitzar i donar suport a la comunitat\u00a0educativa per tal que incorpori els principis i els valors de la sostenibilitat en tots els \u00e0mbits de la vida\u00a0escolar.<\/p>\n<p>I, per tant, es plantegen tres grans objectius:<\/p>\n<ul>\n<li>Ajudar els centres a incorporar els valors de l&#8217;educaci\u00f3 per a la sostenibilitat en tots els \u00e0mbits de la vida del centre (curr\u00edculum, gesti\u00f3, relacions amb l&#8217;entorn, etc.).<\/li>\n<li>Promoure la participaci\u00f3 i la implicaci\u00f3 activa de la comunitat educativa en la millora del seu entorn.<\/li>\n<li>Afavorir l&#8217;intercanvi entre els centres que comparteixen uns mateixos objectius<\/li>\n<\/ul>\n<blockquote><p><strong>&gt; Trobareu m\u00e9s informaci\u00f3 a la p\u00e0gina\u00a0<\/strong><a title=\"Ves a la p\u00e0gina\" href=\"http:\/\/mediambient.gencat.cat\/ca\/05_ambits_dactuacio\/educacio_i_sostenibilitat\/educacio_per_a_la_sostenibilitat\/escoles_verdes\/\" target=\"_blank\" rel=\"noopener noreferrer\"><strong>Programa Escoles verdes<\/strong><\/a><\/p><\/blockquote>\n<p><a href=\"https:\/\/serveiseducatius.xtec.cat\/segria\/wp-content\/uploads\/usu679\/2022\/11\/Captura.png\"><img loading=\"lazy\" decoding=\"async\" class=\"alignleft size-full wp-image-18245\" src=\"https:\/\/serveiseducatius.xtec.cat\/segria\/wp-content\/uploads\/usu679\/2022\/11\/Captura.png\" alt=\"\" width=\"163\" height=\"190\" \/><\/a><\/p>\n<p>&nbsp;<\/p>\n<p>&nbsp;<\/p>\n<p><strong>Data 1\u00aa Sessi\u00f3 Seminari EV de la Comissi\u00f3 EV Segri\u00e0-Garrigues i altres informacions<\/strong><\/p>\n<p><strong>A la taula seg\u00fcent teniu les dates de les tres sessions, l\u2019enlla\u00e7 a la inscripci\u00f3 del Seminari de la Comissi\u00f3 EV i informaci\u00f3 sobre les formacions per a nous coordinadors i per a l\u2019autoavaluaci\u00f3 d\u2019EV (renovaci\u00f3 del Distintiu) EV:<\/strong><\/p>\n<p>&nbsp;<\/p>\n<table style=\"width: 94.8986%;\" width=\"777\">\n<tbody>\n<tr>\n<td style=\"width: 30.5128%;\" width=\"240\"><strong>CONVOCAT\u00d2RIA<\/strong><\/td>\n<td style=\"width: 30.5128%;\" width=\"240\"><strong>DATA I HORA<\/strong><\/td>\n<td style=\"width: 76.7136%;\" width=\"297\"><strong>LLOC<\/strong><\/td>\n<\/tr>\n<tr>\n<td style=\"width: 30.5128%;\" width=\"240\">1ra comissi\u00f3 EV<\/td>\n<td style=\"width: 30.5128%;\" width=\"240\"><strong>Dijous 5 d&#8217;octubre de 2023<\/strong>, de 17:30 a 20.00h<\/td>\n<td style=\"width: 76.7136%;\" width=\"297\"><strong>INSCRIPCI\u00d3<\/strong><strong>:<a href=\"https:\/\/escoles.fundesplai.org\/?mailpoet_router&amp;endpoint=track&amp;action=click&amp;data=WyI0MTE2IiwiNjE3OG5zN3p1c3c4c2drd280MHNrMHcwODR3azhzc2ciLCI0MDYiLCJkNzk4MjNmMjgzNjMiLGZhbHNlXQ\">\u00a0<\/a><\/strong>6092631609 Educaci\u00f3 per a la sostenibilitat. Seminari de coordinaci\u00f3 EV del Segri\u00e0 i les Garrigues<\/p>\n<p>&nbsp;<\/td>\n<\/tr>\n<tr>\n<td style=\"width: 30.5128%;\" width=\"240\">2na comissi\u00f3 EV<\/td>\n<td style=\"width: 30.5128%;\" width=\"240\">Dijous 8 de febrer 2024, de 17:30 a 20.00h<\/td>\n<td style=\"width: 76.7136%;\" width=\"297\">Escola Carrassumada (Torres de Segre)<\/td>\n<\/tr>\n<tr>\n<td style=\"width: 30.5128%;\" width=\"240\">3ra comissi\u00f3 EV<\/td>\n<td style=\"width: 30.5128%;\" width=\"240\">Dijous 16 de maig de 2024, de 17:30 a 20.00h<\/td>\n<td style=\"width: 76.7136%;\" width=\"297\"><strong><em>Format per determinar\u00a0\u00a0\u00a0<\/em><\/strong><a href=\"https:\/\/aplicacions.gestioeducativa.gencat.cat\/pls\/soloas\/pk_for_mod_ins.p_for_cons_activitats\">Detall d&#8217;activitat (gencat.cat)<\/a><\/td>\n<\/tr>\n<tr>\n<td style=\"width: 30.5128%;\" width=\"240\">Formaci\u00f3 per a noves coordinadores d\u2019EV<\/td>\n<td style=\"width: 30.5128%;\" width=\"240\"><\/td>\n<td style=\"width: 76.7136%;\" width=\"297\"><\/td>\n<\/tr>\n<tr>\n<td style=\"width: 30.5128%;\" width=\"240\">Renovaci\u00f3 del distintiu: 4 anys<\/p>\n<p>Formaci\u00f3 per a l\u2019autoavaluaci\u00f3 EV<\/td>\n<td style=\"width: 30.5128%;\" width=\"240\"><\/td>\n<td style=\"width: 76.7136%;\" width=\"297\"><\/td>\n<\/tr>\n<tr>\n<td style=\"width: 30.5128%;\" width=\"240\">Renovaci\u00f3 del distintiu: 8 anys<\/p>\n<p>Formaci\u00f3 per a l\u2019autoavaluaci\u00f3 EV<\/td>\n<td style=\"width: 30.5128%;\" width=\"240\"><\/td>\n<td style=\"width: 76.7136%;\" width=\"297\"><\/td>\n<\/tr>\n<tr>\n<td style=\"width: 30.5128%;\" width=\"240\">Centres que han de fer el proc\u00e9s d\u2019autoavaluaci\u00f3<\/td>\n<td style=\"width: 107.226%;\" colspan=\"2\" width=\"537\"><\/td>\n<\/tr>\n<\/tbody>\n<\/table>\n<p><a href=\"https:\/\/serveiseducatius.xtec.cat\/segria\/wp-content\/uploads\/usu679\/2022\/11\/image007.png\"><img loading=\"lazy\" decoding=\"async\" class=\"alignleft size-full wp-image-18251\" src=\"https:\/\/serveiseducatius.xtec.cat\/segria\/wp-content\/uploads\/usu679\/2022\/11\/image007.png\" alt=\"\" width=\"709\" height=\"1024\" srcset=\"https:\/\/serveiseducatius.xtec.cat\/segria\/wp-content\/uploads\/usu679\/2022\/11\/image007.png 709w, https:\/\/serveiseducatius.xtec.cat\/segria\/wp-content\/uploads\/usu679\/2022\/11\/image007-208x300.png 208w\" sizes=\"auto, (max-width: 709px) 100vw, 709px\" \/><\/a><\/p>\n","protected":false},"excerpt":{"rendered":"<p>Presentaci\u00f3 del programa Aquest Programa sorgeix com un comprom\u00eds de la Generalitat de Catalunya per donar suport a tots els centres educatius que volen innovar, incloure, avan\u00e7ar, sistematitzar i organitzar accions educatives que tinguin la finalitat d&#8217;afrontar, des de l&#8217;educaci\u00f3, els nous reptes i valors de la sostenibilitat. La Xarxa d&#8217;escoles verdes de Catalunya aglutina [&hellip;]<\/p>\n","protected":false},"author":5,"featured_media":0,"parent":9815,"menu_order":0,"comment_status":"closed","ping_status":"closed","template":"page-templates\/side-menu.php","meta":{"_bbp_topic_count":0,"_bbp_reply_count":0,"_bbp_total_topic_count":0,"_bbp_total_reply_count":0,"_bbp_voice_count":0,"_bbp_anonymous_reply_count":0,"_bbp_topic_count_hidden":0,"_bbp_reply_count_hidden":0,"_bbp_forum_subforum_count":0,"site-sidebar-layout":"default","site-content-layout":"","ast-site-content-layout":"","site-content-style":"default","site-sidebar-style":"default","ast-global-header-display":"","ast-banner-title-visibility":"","ast-main-header-display":"","ast-hfb-above-header-display":"","ast-hfb-below-header-display":"","ast-hfb-mobile-header-display":"","site-post-title":"","ast-breadcrumbs-content":"","ast-featured-img":"","footer-sml-layout":"","theme-transparent-header-meta":"","adv-header-id-meta":"","stick-header-meta":"","header-above-stick-meta":"","header-main-stick-meta":"","header-below-stick-meta":"","astra-migrate-meta-layouts":"default","ast-page-background-enabled":"default","ast-page-background-meta":{"desktop":{"background-color":"var(--ast-global-color-4)","background-image":"","background-repeat":"repeat","background-position":"center center","background-size":"auto","background-attachment":"scroll","background-type":"","background-media":"","overlay-type":"","overlay-color":"","overlay-opacity":"","overlay-gradient":""},"tablet":{"background-color":"","background-image":"","background-repeat":"repeat","background-position":"center center","background-size":"auto","background-attachment":"scroll","background-type":"","background-media":"","overlay-type":"","overlay-color":"","overlay-opacity":"","overlay-gradient":""},"mobile":{"background-color":"","background-image":"","background-repeat":"repeat","background-position":"center center","background-size":"auto","background-attachment":"scroll","background-type":"","background-media":"","overlay-type":"","overlay-color":"","overlay-opacity":"","overlay-gradient":""}},"ast-content-background-meta":{"desktop":{"background-color":"var(--ast-global-color-5)","background-image":"","background-repeat":"repeat","background-position":"center center","background-size":"auto","background-attachment":"scroll","background-type":"","background-media":"","overlay-type":"","overlay-color":"","overlay-opacity":"","overlay-gradient":""},"tablet":{"background-color":"var(--ast-global-color-5)","background-image":"","background-repeat":"repeat","background-position":"center center","background-size":"auto","background-attachment":"scroll","background-type":"","background-media":"","overlay-type":"","overlay-color":"","overlay-opacity":"","overlay-gradient":""},"mobile":{"background-color":"var(--ast-global-color-5)","background-image":"","background-repeat":"repeat","background-position":"center center","background-size":"auto","background-attachment":"scroll","background-type":"","background-media":"","overlay-type":"","overlay-color":"","overlay-opacity":"","overlay-gradient":""}},"footnotes":""},"class_list":["post-9633","page","type-page","status-publish","hentry"],"post_mailing_queue_ids":[],"_links":{"self":[{"href":"https:\/\/serveiseducatius.xtec.cat\/segria\/wp-json\/wp\/v2\/pages\/9633","targetHints":{"allow":["GET"]}}],"collection":[{"href":"https:\/\/serveiseducatius.xtec.cat\/segria\/wp-json\/wp\/v2\/pages"}],"about":[{"href":"https:\/\/serveiseducatius.xtec.cat\/segria\/wp-json\/wp\/v2\/types\/page"}],"author":[{"embeddable":true,"href":"https:\/\/serveiseducatius.xtec.cat\/segria\/wp-json\/wp\/v2\/users\/5"}],"replies":[{"embeddable":true,"href":"https:\/\/serveiseducatius.xtec.cat\/segria\/wp-json\/wp\/v2\/comments?post=9633"}],"version-history":[{"count":4,"href":"https:\/\/serveiseducatius.xtec.cat\/segria\/wp-json\/wp\/v2\/pages\/9633\/revisions"}],"predecessor-version":[{"id":21570,"href":"https:\/\/serveiseducatius.xtec.cat\/segria\/wp-json\/wp\/v2\/pages\/9633\/revisions\/21570"}],"up":[{"embeddable":true,"href":"https:\/\/serveiseducatius.xtec.cat\/segria\/wp-json\/wp\/v2\/pages\/9815"}],"wp:attachment":[{"href":"https:\/\/serveiseducatius.xtec.cat\/segria\/wp-json\/wp\/v2\/media?parent=9633"}],"curies":[{"name":"wp","href":"https:\/\/api.w.org\/{rel}","templated":true}]}}