{"id":9596,"date":"2020-11-12T17:38:21","date_gmt":"2020-11-12T16:38:21","guid":{"rendered":"https:\/\/serveiseducatius.xtec.cat\/segria\/?page_id=9596"},"modified":"2020-12-06T16:25:08","modified_gmt":"2020-12-06T15:25:08","slug":"programa-magnet","status":"publish","type":"page","link":"https:\/\/serveiseducatius.xtec.cat\/segria\/programa-magnet\/","title":{"rendered":"Magnet Aliances"},"content":{"rendered":"<p><a href=\"https:\/\/magnet.cat\/\"><img loading=\"lazy\" decoding=\"async\" class=\"alignright wp-image-9820\" src=\"https:\/\/serveiseducatius.xtec.cat\/segria\/wp-content\/uploads\/usu679\/2020\/11\/logo-footer-205x300.png\" alt=\"\" width=\"96\" height=\"140\" srcset=\"https:\/\/serveiseducatius.xtec.cat\/segria\/wp-content\/uploads\/usu679\/2020\/11\/logo-footer-205x300.png 205w, https:\/\/serveiseducatius.xtec.cat\/segria\/wp-content\/uploads\/usu679\/2020\/11\/logo-footer.png 237w\" sizes=\"auto, (max-width: 96px) 100vw, 96px\" \/><\/a><\/p>\n<div id=\"pg-153-0\" class=\"panel-grid panel-has-style\">\n<div class=\"siteorigin-panels-stretch text-column panel-row-style panel-row-style-for-153-0\" data-stretch-type=\"text-column\">\n<div id=\"pgc-153-0-0\" class=\"panel-grid-cell\">\n<div id=\"panel-153-0-0-0\" class=\"so-panel widget widget_thc-editor panel-first-child panel-last-child widgetopts-SO\" data-index=\"0\">\n<div class=\"so-widget-thc-editor so-widget-thc-editor-base\">\n<div class=\"layout-general att- sop-editor\">\n<p>El programa <em>Magnet. Aliances per a l\u2019\u00e8xit educatiu<\/em> acompanya els centres educatius en el <strong>desenvolupament d\u2019un projecte en alian\u00e7a amb una instituci\u00f3<\/strong> d\u2019excel\u00b7l\u00e8ncia.<\/p>\n<p>Aquesta col\u00b7laboraci\u00f3 entre el centre educatiu i la instituci\u00f3 ha de permetre al centre desenvolupar un <strong>projecte educatiu innovador<\/strong> i de qualitat, un projecte atractiu, que tingui magnetisme i que es converteixi en un projecte de refer\u00e8ncia en el seu territori, tant per a les fam\u00edlies com per a la comunitat educativa.<\/p>\n<div id=\"pg-153-2\" class=\"panel-grid panel-has-style\">\n<div class=\"siteorigin-panels-stretch text-column panel-row-style panel-row-style-for-153-2\" data-stretch-type=\"text-column\">\n<div id=\"pgc-153-2-0\" class=\"panel-grid-cell\">\n<div id=\"panel-153-2-0-0\" class=\"so-panel widget widget_thc-editor panel-first-child panel-last-child widgetopts-SO\" data-index=\"2\">\n<div class=\"so-widget-thc-editor so-widget-thc-editor-base\">\n<div class=\"layout-general att- sop-editor\">\n<p>Inspirat en les Magnet Schools dels Estats Units, a Catalunya est\u00e0 impulsat per la <a href=\"http:\/\/www.fbofill.cat\/\">Fundaci\u00f3 Jaume Bofill<\/a>, el <a href=\"http:\/\/ensenyament.gencat.cat\/ca\/index.html\">Departament d&#8217;Ensenyament<\/a>, la Diputaci\u00f3 de Barcelona, el Consorci d\u2019Educaci\u00f3 de Barcelona i l&#8217;<a href=\"http:\/\/pagines.uab.cat\/ice\/\">Institut de Ci\u00e8ncies de l&#8217;Educaci\u00f3 de la UAB<\/a>.<\/p>\n<p>El programa s\u2019adre\u00e7a a aquells <strong>centres educatius que tenen una composici\u00f3 social desequilibrada respecte al seu territori de refer\u00e8ncia<\/strong>, i que compten amb un equip docent comprom\u00e8s amb el canvi i amb motivaci\u00f3 per desenvolupar projectes d\u2019innovaci\u00f3.<\/p>\n<p><img loading=\"lazy\" decoding=\"async\" class=\"aligncenter size-full wp-image-10233\" src=\"https:\/\/serveiseducatius.xtec.cat\/segria\/wp-content\/uploads\/usu679\/2020\/12\/escoles-magnet.jpg\" alt=\"\" width=\"948\" height=\"303\" srcset=\"https:\/\/serveiseducatius.xtec.cat\/segria\/wp-content\/uploads\/usu679\/2020\/12\/escoles-magnet.jpg 948w, https:\/\/serveiseducatius.xtec.cat\/segria\/wp-content\/uploads\/usu679\/2020\/12\/escoles-magnet-300x96.jpg 300w, https:\/\/serveiseducatius.xtec.cat\/segria\/wp-content\/uploads\/usu679\/2020\/12\/escoles-magnet-768x245.jpg 768w\" sizes=\"auto, (max-width: 948px) 100vw, 948px\" \/><\/p>\n<p>Les institucions que hi participen s\u00f3n institucions de refer\u00e8ncia i excel\u2219l\u00e8ncia en un camp de coneixement espec\u00edfic (ci\u00e8ncia, tecnologia, art, comunicaci\u00f3 audiovisual, etc.), que tenen un comprom\u00eds educatiu amb la societat, i una gran capacitat de transferir innovaci\u00f3 i coneixement.<\/p>\n<p>Per dur a terme aquest projecte d\u2019innovaci\u00f3, el programa acompanya al centre educatiu en el desenvolupament d\u2019estrat\u00e8gies per:<\/p>\n<ul>\n<li>incorporar el coneixement de la instituci\u00f3 al dia a dia del centre des d\u2019un enfocament globalitzat de l\u2019aprenentatge,<\/li>\n<li>implementar una organitzaci\u00f3 de centre que afavoreixi una major coher\u00e8ncia i intencionalitat al projecte, i perqu\u00e8 l\u2019equip docent esdevingui una comunitat de pr\u00e0ctica,<\/li>\n<li>generar situacions d\u2019aprenentatge significatives, basades en el fer-pensar-comunicar, que permetin desenvolupar les compet\u00e8ncies del segle XXI, i<\/li>\n<li>millorar la comunicaci\u00f3 externa per donar a con\u00e8ixer el projecte del centre al seu entorn, tot implicant a les fam\u00edlies.<\/li>\n<\/ul>\n<p>El programa ofereix al centre educatiu una <strong>formaci\u00f3 en centre de 30h anuals durant 3 anys<\/strong>. L\u2019equip de formadors que desenvolupa aquesta formaci\u00f3 \u00e9s una de les peces clau del programa, ja que acompanya a l\u2019equip docent i als professionals de la instituci\u00f3 per generar conjuntament accions i propostes que responguin a aquests eixos estrat\u00e8gics. Des del <strong>CRP del Segri\u00e0<\/strong>, aquest curs 2020-2021 continuem fent el seguiment del programa en l&#8217;escola <strong>Camps Elisis de Lleida<\/strong>:<\/p>\n<div class=\"ast-oembed-container \" style=\"height: 100%;\"><iframe loading=\"lazy\" title=\"Projecte Magnet: Escola Camps Elisis i el COAC\" width=\"500\" height=\"281\" src=\"https:\/\/www.youtube.com\/embed\/D5ZJp02DZbI?feature=oembed\" frameborder=\"0\" allow=\"accelerometer; autoplay; clipboard-write; encrypted-media; gyroscope; picture-in-picture; web-share\" referrerpolicy=\"strict-origin-when-cross-origin\" allowfullscreen><\/iframe><\/div>\n<p>&nbsp;<\/p>\n<\/div>\n<\/div>\n<\/div>\n<\/div>\n<\/div>\n<\/div>\n<div id=\"pg-153-3\" class=\"panel-grid panel-has-style\">\n<div class=\"siteorigin-panels-stretch panel-row-style panel-row-style-for-153-3\" data-stretch-type=\"full\">\n<div id=\"pgc-153-3-0\" class=\"panel-grid-cell\">\n<div id=\"panel-153-3-0-0\" class=\"so-panel widget widget_thc-headline panel-first-child widgetopts-SO\" data-index=\"3\">\n<div class=\"so-widget-thc-headline so-widget-thc-headline-base\">\n<div class=\"sop-headline text-center dark-skin\">\n<h2 class=\"\"><\/h2>\n<\/div>\n<\/div>\n<\/div>\n<div class=\"so-widget-thc-grid-all-post-type so-widget-thc-grid-all-post-type-base\"><\/div>\n<\/div>\n<\/div>\n<\/div>\n<div class=\"page-wrapper\">\n<div class=\"main\">\n<div class=\"container \">\n<div id=\"pl-153\" class=\"panel-layout\">\n<div id=\"pg-153-3\" class=\"panel-grid panel-has-style\">\n<div class=\"siteorigin-panels-stretch panel-row-style panel-row-style-for-153-3\" data-stretch-type=\"full\">\n<div id=\"pgc-153-3-0\" class=\"panel-grid-cell\">\n<div class=\"so-widget-thc-grid-all-post-type so-widget-thc-grid-all-post-type-base\">\n<div class=\"container container-arrow\"><\/div>\n<\/div>\n<\/div>\n<\/div>\n<\/div>\n<\/div>\n<\/div>\n<\/div>\n<\/div>\n<footer id=\"footer\" class=\"\">\n<div class=\"footer-up\"><\/div>\n<\/footer>\n<\/div>\n<\/div>\n<\/div>\n<\/div>\n<\/div>\n<\/div>\n","protected":false},"excerpt":{"rendered":"<p>El programa Magnet. Aliances per a l\u2019\u00e8xit educatiu acompanya els centres educatius en el desenvolupament d\u2019un projecte en alian\u00e7a amb una instituci\u00f3 d\u2019excel\u00b7l\u00e8ncia. Aquesta col\u00b7laboraci\u00f3 entre el centre educatiu i la instituci\u00f3 ha de permetre al centre desenvolupar un projecte educatiu innovador i de qualitat, un projecte atractiu, que tingui magnetisme i que es converteixi [&hellip;]<\/p>\n","protected":false},"author":5,"featured_media":0,"parent":0,"menu_order":0,"comment_status":"closed","ping_status":"closed","template":"","meta":{"_bbp_topic_count":0,"_bbp_reply_count":0,"_bbp_total_topic_count":0,"_bbp_total_reply_count":0,"_bbp_voice_count":0,"_bbp_anonymous_reply_count":0,"_bbp_topic_count_hidden":0,"_bbp_reply_count_hidden":0,"_bbp_forum_subforum_count":0,"site-sidebar-layout":"default","site-content-layout":"","ast-site-content-layout":"","site-content-style":"default","site-sidebar-style":"default","ast-global-header-display":"","ast-banner-title-visibility":"","ast-main-header-display":"","ast-hfb-above-header-display":"","ast-hfb-below-header-display":"","ast-hfb-mobile-header-display":"","site-post-title":"","ast-breadcrumbs-content":"","ast-featured-img":"","footer-sml-layout":"","theme-transparent-header-meta":"","adv-header-id-meta":"","stick-header-meta":"","header-above-stick-meta":"","header-main-stick-meta":"","header-below-stick-meta":"","astra-migrate-meta-layouts":"default","ast-page-background-enabled":"default","ast-page-background-meta":{"desktop":{"background-color":"var(--ast-global-color-4)","background-image":"","background-repeat":"repeat","background-position":"center center","background-size":"auto","background-attachment":"scroll","background-type":"","background-media":"","overlay-type":"","overlay-color":"","overlay-opacity":"","overlay-gradient":""},"tablet":{"background-color":"","background-image":"","background-repeat":"repeat","background-position":"center center","background-size":"auto","background-attachment":"scroll","background-type":"","background-media":"","overlay-type":"","overlay-color":"","overlay-opacity":"","overlay-gradient":""},"mobile":{"background-color":"","background-image":"","background-repeat":"repeat","background-position":"center center","background-size":"auto","background-attachment":"scroll","background-type":"","background-media":"","overlay-type":"","overlay-color":"","overlay-opacity":"","overlay-gradient":""}},"ast-content-background-meta":{"desktop":{"background-color":"var(--ast-global-color-5)","background-image":"","background-repeat":"repeat","background-position":"center center","background-size":"auto","background-attachment":"scroll","background-type":"","background-media":"","overlay-type":"","overlay-color":"","overlay-opacity":"","overlay-gradient":""},"tablet":{"background-color":"var(--ast-global-color-5)","background-image":"","background-repeat":"repeat","background-position":"center center","background-size":"auto","background-attachment":"scroll","background-type":"","background-media":"","overlay-type":"","overlay-color":"","overlay-opacity":"","overlay-gradient":""},"mobile":{"background-color":"var(--ast-global-color-5)","background-image":"","background-repeat":"repeat","background-position":"center center","background-size":"auto","background-attachment":"scroll","background-type":"","background-media":"","overlay-type":"","overlay-color":"","overlay-opacity":"","overlay-gradient":""}},"footnotes":""},"class_list":["post-9596","page","type-page","status-publish","hentry"],"post_mailing_queue_ids":[],"_links":{"self":[{"href":"https:\/\/serveiseducatius.xtec.cat\/segria\/wp-json\/wp\/v2\/pages\/9596","targetHints":{"allow":["GET"]}}],"collection":[{"href":"https:\/\/serveiseducatius.xtec.cat\/segria\/wp-json\/wp\/v2\/pages"}],"about":[{"href":"https:\/\/serveiseducatius.xtec.cat\/segria\/wp-json\/wp\/v2\/types\/page"}],"author":[{"embeddable":true,"href":"https:\/\/serveiseducatius.xtec.cat\/segria\/wp-json\/wp\/v2\/users\/5"}],"replies":[{"embeddable":true,"href":"https:\/\/serveiseducatius.xtec.cat\/segria\/wp-json\/wp\/v2\/comments?post=9596"}],"version-history":[{"count":4,"href":"https:\/\/serveiseducatius.xtec.cat\/segria\/wp-json\/wp\/v2\/pages\/9596\/revisions"}],"predecessor-version":[{"id":10234,"href":"https:\/\/serveiseducatius.xtec.cat\/segria\/wp-json\/wp\/v2\/pages\/9596\/revisions\/10234"}],"wp:attachment":[{"href":"https:\/\/serveiseducatius.xtec.cat\/segria\/wp-json\/wp\/v2\/media?parent=9596"}],"curies":[{"name":"wp","href":"https:\/\/api.w.org\/{rel}","templated":true}]}}