{"id":9585,"date":"2020-11-12T12:12:59","date_gmt":"2020-11-12T11:12:59","guid":{"rendered":"https:\/\/serveiseducatius.xtec.cat\/segria\/?page_id=9585"},"modified":"2026-03-10T18:03:26","modified_gmt":"2026-03-10T17:03:26","slug":"xarxa-de-competencies-basiques","status":"publish","type":"page","link":"https:\/\/serveiseducatius.xtec.cat\/segria\/xarxes\/xarxa-de-competencies-basiques\/","title":{"rendered":"Xarxa de Compet\u00e8ncies | Xarxa 7"},"content":{"rendered":"<p>La <a href=\"https:\/\/xtec.gencat.cat\/ca\/curriculum\/xarxa-de-competencies\/\" target=\"_blank\" rel=\"noopener\">Xarxa de Compet\u00e8ncies<\/a> est\u00e0 formada per equips de docents que desenvolupen el treball per compet\u00e8ncies als seus centres, elaboren instruments de suport per orientar els processos de reflexi\u00f3 i la gesti\u00f3 del curr\u00edculum, i comparteixen processos d\u2019autoavaluaci\u00f3.<\/p>\n<p style=\"text-align: center;\"><div class=\"ast-oembed-container \" style=\"height: 100%;\"><iframe loading=\"lazy\" title=\"Xarxa de Compet\u00e8ncies B\u00e0siques\" width=\"500\" height=\"281\" src=\"https:\/\/www.youtube.com\/embed\/hWU97TTolGo?feature=oembed\" frameborder=\"0\" allow=\"accelerometer; autoplay; clipboard-write; encrypted-media; gyroscope; picture-in-picture; web-share\" referrerpolicy=\"strict-origin-when-cross-origin\" allowfullscreen><\/iframe><\/div><\/p>\n<p>El fet de pert\u00e0nyer a una xarxa docent entre iguals, com la Xarxa de Compet\u00e8ncies, empeny a crear <strong>espais pedag\u00f2gics<\/strong> en el si de cada centre i a aprendre dels altres centres en un context de <strong>formaci\u00f3 cont\u00ednua entre iguals<\/strong>, que combina l\u2019acci\u00f3 i la reflexi\u00f3, amb la finalitat de consolidar <strong>projectes educatius transformadors<\/strong> i basats en el treball en equip de tots els agents de la comunitat educativa. La Xarxa de Compet\u00e8ncies inicial es va posar en marxa fa vint anys, i ara s\u2019ha ampliat fins a implicar un total de 64 CRPs, 707 centres i m\u00e9s de 12.000 docents de tot Catalunya.<\/p>\n<p style=\"text-align: center;\"><div class=\"ast-oembed-container \" style=\"height: 100%;\"><iframe loading=\"lazy\" title=\"Sessi\u00f3 Zero - Centres nous\" width=\"500\" height=\"281\" src=\"https:\/\/www.youtube.com\/embed\/bqj7WVq9te0?feature=oembed\" frameborder=\"0\" allow=\"accelerometer; autoplay; clipboard-write; encrypted-media; gyroscope; picture-in-picture; web-share\" referrerpolicy=\"strict-origin-when-cross-origin\" allowfullscreen><\/iframe><\/div><\/p>\n<p><strong>La Xarxa Territorial 7 correspon a les Terres de Ponent<\/strong>, i es va iniciar el curs 2017-18. L&#8217;actual curs 2025 &#8211; 2026 en formen part 32 centres de diferents Serveis Educatius comarcals:<\/p>\n<p><a href=\"https:\/\/serveiseducatius.xtec.cat\/segria\/wp-content\/uploads\/usu679\/2025\/10\/MAPA-XARXA-7-1.png\"><br \/><img loading=\"lazy\" decoding=\"async\" class=\"size-full wp-image-26301 aligncenter\" src=\"https:\/\/serveiseducatius.xtec.cat\/segria\/wp-content\/uploads\/usu679\/2025\/10\/MAPA-XARXA-7-1.png\" alt=\"\" width=\"647\" height=\"783\" srcset=\"https:\/\/serveiseducatius.xtec.cat\/segria\/wp-content\/uploads\/usu679\/2025\/10\/MAPA-XARXA-7-1.png 647w, https:\/\/serveiseducatius.xtec.cat\/segria\/wp-content\/uploads\/usu679\/2025\/10\/MAPA-XARXA-7-1-248x300.png 248w\" sizes=\"auto, (max-width: 647px) 100vw, 647px\" \/><\/a><img loading=\"lazy\" decoding=\"async\" class=\"aligncenter wp-image-26667\" src=\"https:\/\/serveiseducatius.xtec.cat\/segria\/wp-content\/uploads\/usu679\/2025\/12\/Captura-de-pantalla-2025-12-02-113152-300x94.png\" alt=\"\" width=\"550\" height=\"172\" srcset=\"https:\/\/serveiseducatius.xtec.cat\/segria\/wp-content\/uploads\/usu679\/2025\/12\/Captura-de-pantalla-2025-12-02-113152-300x94.png 300w, https:\/\/serveiseducatius.xtec.cat\/segria\/wp-content\/uploads\/usu679\/2025\/12\/Captura-de-pantalla-2025-12-02-113152.png 720w\" sizes=\"auto, (max-width: 550px) 100vw, 550px\" \/><\/p>\n<p>Una <strong>s\u00edntesi<\/strong> del que \u00e9s i del que implica formar part de la Xarxa de Compet\u00e8ncies la trobareu en aquesta infografia:<\/p>\n<p><img loading=\"lazy\" decoding=\"async\" class=\"aligncenter size-full wp-image-10052\" src=\"https:\/\/serveiseducatius.xtec.cat\/segria\/wp-content\/uploads\/usu679\/2020\/12\/info1.jpg\" alt=\"\" width=\"763\" height=\"676\" srcset=\"https:\/\/serveiseducatius.xtec.cat\/segria\/wp-content\/uploads\/usu679\/2020\/12\/info1.jpg 763w, https:\/\/serveiseducatius.xtec.cat\/segria\/wp-content\/uploads\/usu679\/2020\/12\/info1-300x266.jpg 300w\" sizes=\"auto, (max-width: 763px) 100vw, 763px\" \/><img loading=\"lazy\" decoding=\"async\" class=\"aligncenter size-full wp-image-10053\" src=\"https:\/\/serveiseducatius.xtec.cat\/segria\/wp-content\/uploads\/usu679\/2020\/12\/info2.jpg\" alt=\"\" width=\"765\" height=\"429\" srcset=\"https:\/\/serveiseducatius.xtec.cat\/segria\/wp-content\/uploads\/usu679\/2020\/12\/info2.jpg 765w, https:\/\/serveiseducatius.xtec.cat\/segria\/wp-content\/uploads\/usu679\/2020\/12\/info2-300x168.jpg 300w\" sizes=\"auto, (max-width: 765px) 100vw, 765px\" \/><\/p>\n<p><a href=\"https:\/\/projectes.xtec.cat\/xarxacb\/\" target=\"_blank\" rel=\"noopener noreferrer\"><img loading=\"lazy\" decoding=\"async\" class=\" wp-image-9324 alignleft\" src=\"https:\/\/serveiseducatius.xtec.cat\/segria\/wp-content\/uploads\/usu679\/2020\/10\/1f517-1.png\" alt=\"\" width=\"24\" height=\"24\" \/>Espai de la Xarxa de Compet\u00e8ncies a la XTEC<\/a><\/p>\n<p><a href=\"http:\/\/xtec.gencat.cat\/ca\/curriculum\/xarxacb\/\"><img loading=\"lazy\" decoding=\"async\" class=\" wp-image-9324 alignleft\" src=\"https:\/\/serveiseducatius.xtec.cat\/segria\/wp-content\/uploads\/usu679\/2020\/10\/1f517-1.png\" alt=\"\" width=\"24\" height=\"24\" \/><\/a><a href=\"http:\/\/xtec.gencat.cat\/web\/.content\/curriculum\/xarxacb\/documents\/Lescola-que-volem.pdf\" target=\"_blank\" rel=\"noopener noreferrer\">Document &#8220;L&#8217;escola que volem. Idees de la Xarxa de Compet\u00e8ncies per repensar el projecte de centre&#8221;<\/a><\/p>\n<p><a href=\"http:\/\/xtec.gencat.cat\/ca\/curriculum\/xarxacb\/\"><img loading=\"lazy\" decoding=\"async\" class=\" wp-image-9324 alignleft\" src=\"https:\/\/serveiseducatius.xtec.cat\/segria\/wp-content\/uploads\/usu679\/2020\/10\/1f517-1.png\" alt=\"\" width=\"24\" height=\"24\" \/><\/a><a href=\"https:\/\/drive.google.com\/file\/d\/1qFVmJVJ9Qgu3v8VytYYsxjgAEPmaFEMb\/view\" target=\"_blank\" rel=\"noopener noreferrer\">Document &#8220;Formar per transformar&#8221; (el model formatiu de la Xarxa de Compet\u00e8ncies)<\/a><\/p>\n<p><a href=\"http:\/\/xtec.gencat.cat\/ca\/curriculum\/xarxacb\/\"><img loading=\"lazy\" decoding=\"async\" class=\" wp-image-9324 alignleft\" src=\"https:\/\/serveiseducatius.xtec.cat\/segria\/wp-content\/uploads\/usu679\/2020\/10\/1f517-1.png\" alt=\"\" width=\"24\" height=\"24\" \/><\/a><a href=\"http:\/\/educacio.gencat.cat\/web\/.content\/home\/departament\/publicacions\/colleccions\/competencies-basiques\/eso\/avaluar-aprendre.pdf\" target=\"_blank\" rel=\"noopener noreferrer\">Document &#8220;Avaluar \u00e9s aprendre&#8221; de Neus Sanmart\u00ed<\/a><\/p>\n<p>Amb motiu del <strong>vint\u00e8 aniversari de la Xarxa<\/strong>, us presentem aquestes infografies que resumeixen de forma breu el que hem apr\u00e8s treballant junts, compartint experi\u00e8ncies i construint coneixement de manera cooperativa:<\/p>\n<p><img loading=\"lazy\" decoding=\"async\" class=\"aligncenter wp-image-20469\" src=\"https:\/\/serveiseducatius.xtec.cat\/segria\/wp-content\/uploads\/usu679\/2023\/09\/coses.png\" alt=\"\" width=\"709\" height=\"1001\" srcset=\"https:\/\/serveiseducatius.xtec.cat\/segria\/wp-content\/uploads\/usu679\/2023\/09\/coses.png 605w, https:\/\/serveiseducatius.xtec.cat\/segria\/wp-content\/uploads\/usu679\/2023\/09\/coses-213x300.png 213w\" sizes=\"auto, (max-width: 709px) 100vw, 709px\" \/><\/p>\n<p><img loading=\"lazy\" decoding=\"async\" class=\"aligncenter size-large wp-image-14124\" src=\"https:\/\/serveiseducatius.xtec.cat\/segria\/wp-content\/uploads\/usu679\/2021\/07\/20-coses-X-20-anys-2-709x1024.jpg\" alt=\"\" width=\"709\" height=\"1024\" srcset=\"https:\/\/serveiseducatius.xtec.cat\/segria\/wp-content\/uploads\/usu679\/2021\/07\/20-coses-X-20-anys-2-709x1024.jpg 709w, https:\/\/serveiseducatius.xtec.cat\/segria\/wp-content\/uploads\/usu679\/2021\/07\/20-coses-X-20-anys-2-208x300.jpg 208w, https:\/\/serveiseducatius.xtec.cat\/segria\/wp-content\/uploads\/usu679\/2021\/07\/20-coses-X-20-anys-2-768x1109.jpg 768w, https:\/\/serveiseducatius.xtec.cat\/segria\/wp-content\/uploads\/usu679\/2021\/07\/20-coses-X-20-anys-2.jpg 1125w\" sizes=\"auto, (max-width: 709px) 100vw, 709px\" \/><\/p>\n\n\n<p><\/p>\n","protected":false},"excerpt":{"rendered":"<p>La Xarxa de Compet\u00e8ncies est\u00e0 formada per equips de docents que desenvolupen el treball per compet\u00e8ncies als seus centres, elaboren instruments de suport per orientar els processos de reflexi\u00f3 i la gesti\u00f3 del curr\u00edculum, i comparteixen processos d\u2019autoavaluaci\u00f3. El fet de pert\u00e0nyer a una xarxa docent entre iguals, com la Xarxa de Compet\u00e8ncies, empeny a [&hellip;]<\/p>\n","protected":false},"author":5,"featured_media":0,"parent":9815,"menu_order":0,"comment_status":"closed","ping_status":"closed","template":"","meta":{"_bbp_topic_count":0,"_bbp_reply_count":0,"_bbp_total_topic_count":0,"_bbp_total_reply_count":0,"_bbp_voice_count":0,"_bbp_anonymous_reply_count":0,"_bbp_topic_count_hidden":0,"_bbp_reply_count_hidden":0,"_bbp_forum_subforum_count":0,"site-sidebar-layout":"default","site-content-layout":"","ast-site-content-layout":"","site-content-style":"default","site-sidebar-style":"default","ast-global-header-display":"","ast-banner-title-visibility":"","ast-main-header-display":"","ast-hfb-above-header-display":"","ast-hfb-below-header-display":"","ast-hfb-mobile-header-display":"","site-post-title":"","ast-breadcrumbs-content":"","ast-featured-img":"","footer-sml-layout":"","theme-transparent-header-meta":"","adv-header-id-meta":"","stick-header-meta":"","header-above-stick-meta":"","header-main-stick-meta":"","header-below-stick-meta":"","astra-migrate-meta-layouts":"default","ast-page-background-enabled":"default","ast-page-background-meta":{"desktop":{"background-color":"var(--ast-global-color-4)","background-image":"","background-repeat":"repeat","background-position":"center center","background-size":"auto","background-attachment":"scroll","background-type":"","background-media":"","overlay-type":"","overlay-color":"","overlay-opacity":"","overlay-gradient":""},"tablet":{"background-color":"","background-image":"","background-repeat":"repeat","background-position":"center center","background-size":"auto","background-attachment":"scroll","background-type":"","background-media":"","overlay-type":"","overlay-color":"","overlay-opacity":"","overlay-gradient":""},"mobile":{"background-color":"","background-image":"","background-repeat":"repeat","background-position":"center center","background-size":"auto","background-attachment":"scroll","background-type":"","background-media":"","overlay-type":"","overlay-color":"","overlay-opacity":"","overlay-gradient":""}},"ast-content-background-meta":{"desktop":{"background-color":"var(--ast-global-color-5)","background-image":"","background-repeat":"repeat","background-position":"center center","background-size":"auto","background-attachment":"scroll","background-type":"","background-media":"","overlay-type":"","overlay-color":"","overlay-opacity":"","overlay-gradient":""},"tablet":{"background-color":"var(--ast-global-color-5)","background-image":"","background-repeat":"repeat","background-position":"center center","background-size":"auto","background-attachment":"scroll","background-type":"","background-media":"","overlay-type":"","overlay-color":"","overlay-opacity":"","overlay-gradient":""},"mobile":{"background-color":"var(--ast-global-color-5)","background-image":"","background-repeat":"repeat","background-position":"center center","background-size":"auto","background-attachment":"scroll","background-type":"","background-media":"","overlay-type":"","overlay-color":"","overlay-opacity":"","overlay-gradient":""}},"footnotes":""},"class_list":["post-9585","page","type-page","status-publish","hentry"],"post_mailing_queue_ids":[],"_links":{"self":[{"href":"https:\/\/serveiseducatius.xtec.cat\/segria\/wp-json\/wp\/v2\/pages\/9585","targetHints":{"allow":["GET"]}}],"collection":[{"href":"https:\/\/serveiseducatius.xtec.cat\/segria\/wp-json\/wp\/v2\/pages"}],"about":[{"href":"https:\/\/serveiseducatius.xtec.cat\/segria\/wp-json\/wp\/v2\/types\/page"}],"author":[{"embeddable":true,"href":"https:\/\/serveiseducatius.xtec.cat\/segria\/wp-json\/wp\/v2\/users\/5"}],"replies":[{"embeddable":true,"href":"https:\/\/serveiseducatius.xtec.cat\/segria\/wp-json\/wp\/v2\/comments?post=9585"}],"version-history":[{"count":6,"href":"https:\/\/serveiseducatius.xtec.cat\/segria\/wp-json\/wp\/v2\/pages\/9585\/revisions"}],"predecessor-version":[{"id":27342,"href":"https:\/\/serveiseducatius.xtec.cat\/segria\/wp-json\/wp\/v2\/pages\/9585\/revisions\/27342"}],"up":[{"embeddable":true,"href":"https:\/\/serveiseducatius.xtec.cat\/segria\/wp-json\/wp\/v2\/pages\/9815"}],"wp:attachment":[{"href":"https:\/\/serveiseducatius.xtec.cat\/segria\/wp-json\/wp\/v2\/media?parent=9585"}],"curies":[{"name":"wp","href":"https:\/\/api.w.org\/{rel}","templated":true}]}}