{"id":9068,"date":"2020-08-13T12:18:42","date_gmt":"2020-08-13T11:18:42","guid":{"rendered":"https:\/\/serveiseducatius.xtec.cat\/segria\/?page_id=9068"},"modified":"2020-11-15T23:21:47","modified_gmt":"2020-11-15T22:21:47","slug":"altres-espais-i-ofertes-de-formacio","status":"publish","type":"page","link":"https:\/\/serveiseducatius.xtec.cat\/segria\/altres-espais-i-ofertes-de-formacio\/","title":{"rendered":"Altres espais i ofertes de formaci\u00f3"},"content":{"rendered":"<table>\n<tbody>\n<tr>\n<td style=\"width: 320px;\"><a href=\"http:\/\/ateneu.xtec.cat\/wikiform\/wikiexport\/cursos\/index\" target=\"_blank\" rel=\"noopener noreferrer\"><img loading=\"lazy\" decoding=\"async\" class=\"alignnone wp-image-9069 size-medium\" src=\"https:\/\/serveiseducatius.xtec.cat\/segria\/wp-content\/uploads\/usu679\/2020\/08\/compateneu2-300x75.png\" alt=\"\" width=\"300\" height=\"75\" srcset=\"https:\/\/serveiseducatius.xtec.cat\/segria\/wp-content\/uploads\/usu679\/2020\/08\/compateneu2-300x75.png 300w, https:\/\/serveiseducatius.xtec.cat\/segria\/wp-content\/uploads\/usu679\/2020\/08\/compateneu2.png 334w\" sizes=\"auto, (max-width: 300px) 100vw, 300px\" \/><\/a><\/td>\n<td style=\"width: 593px;\"><a href=\"http:\/\/ateneu.xtec.cat\/wikiform\/wikiexport\/cursos\/index\" target=\"_blank\" rel=\"noopener noreferrer\"><strong>Ateneu<\/strong>\u00a0\u00e9s l&#8217;espai<\/a> que recull els materials elaborats per a les activitats formatives, recursos metodol\u00f2gics i documentals, eines per treballar a les aules i tutorials.<\/td>\n<td style=\"width: 20px;\"><\/td>\n<\/tr>\n<tr>\n<td style=\"width: 320px;\"><a href=\"https:\/\/odissea.xtec.cat\/\" target=\"_blank\" rel=\"noopener noreferrer\"><img loading=\"lazy\" decoding=\"async\" class=\"alignnone size-full wp-image-9070\" src=\"https:\/\/serveiseducatius.xtec.cat\/segria\/wp-content\/uploads\/usu679\/2020\/08\/Odissea.png\" alt=\"\" width=\"271\" height=\"89\" \/><\/a><\/td>\n<td style=\"width: 593px;\"><a href=\"https:\/\/odissea.xtec.cat\/\" target=\"_blank\" rel=\"noopener noreferrer\">Odissea \u00e9s l&#8217;entornn virtual Moodle<\/a> per a la formaci\u00f3 del professorat.<\/td>\n<td style=\"width: 20px;\"><\/td>\n<\/tr>\n<tr>\n<td style=\"width: 320px;\"><a href=\"http:\/\/xtec.gencat.cat\/ca\/formacio\/\" target=\"_blank\" rel=\"noopener noreferrer\"><img loading=\"lazy\" decoding=\"async\" class=\"alignnone size-full wp-image-9072\" src=\"https:\/\/serveiseducatius.xtec.cat\/segria\/wp-content\/uploads\/usu679\/2020\/08\/formacio-cep.png\" alt=\"\" width=\"237\" height=\"73\" \/><\/a><\/td>\n<td style=\"width: 593px;\"><a href=\"http:\/\/xtec.gencat.cat\/ca\/formacio\/\" target=\"_blank\" rel=\"noopener noreferrer\">P\u00e0gina oficial<\/a> de Formaci\u00f3 del Dept. d&#8217;Ensenyament<\/td>\n<td style=\"width: 20px;\"><\/td>\n<\/tr>\n<tr>\n<td style=\"width: 320px;\"><a href=\"http:\/\/xtec.gencat.cat\/ca\/recursos\/actuacio-extraordinaria-activitats-autoaprenentatge\/index.html\" target=\"_blank\" rel=\"noopener noreferrer\"><img loading=\"lazy\" decoding=\"async\" class=\"alignnone size-full wp-image-9073\" src=\"https:\/\/serveiseducatius.xtec.cat\/segria\/wp-content\/uploads\/usu679\/2020\/08\/formacio-covid.png\" alt=\"\" width=\"237\" height=\"73\" \/><\/a><\/td>\n<td style=\"width: 593px;\"><a href=\"http:\/\/xtec.gencat.cat\/ca\/recursos\/actuacio-extraordinaria-activitats-autoaprenentatge\/index.html\" target=\"_blank\" rel=\"noopener noreferrer\">Activitats d&#8217;autoaprenentatge<\/a> certificables i no certificables.<\/td>\n<td style=\"width: 20px;\"><\/td>\n<\/tr>\n<tr>\n<td style=\"width: 320px;\"><\/td>\n<td style=\"width: 593px;\"><\/td>\n<td style=\"width: 20px;\"><\/td>\n<\/tr>\n<tr>\n<td style=\"width: 320px;\"><\/td>\n<td style=\"width: 593px;\"><\/td>\n<td style=\"width: 20px;\"><\/td>\n<\/tr>\n<\/tbody>\n<\/table>\n","protected":false},"excerpt":{"rendered":"<p>Ateneu\u00a0\u00e9s l&#8217;espai que recull els materials elaborats per a les activitats formatives, recursos metodol\u00f2gics i documentals, eines per treballar a les aules i tutorials. Odissea \u00e9s l&#8217;entornn virtual Moodle per a la formaci\u00f3 del professorat. P\u00e0gina oficial de Formaci\u00f3 del Dept. d&#8217;Ensenyament Activitats d&#8217;autoaprenentatge certificables i no certificables.<\/p>\n","protected":false},"author":1,"featured_media":0,"parent":0,"menu_order":0,"comment_status":"closed","ping_status":"closed","template":"page-templates\/side-menu.php","meta":{"_bbp_topic_count":0,"_bbp_reply_count":0,"_bbp_total_topic_count":0,"_bbp_total_reply_count":0,"_bbp_voice_count":0,"_bbp_anonymous_reply_count":0,"_bbp_topic_count_hidden":0,"_bbp_reply_count_hidden":0,"_bbp_forum_subforum_count":0,"site-sidebar-layout":"default","site-content-layout":"","ast-site-content-layout":"","site-content-style":"default","site-sidebar-style":"default","ast-global-header-display":"","ast-banner-title-visibility":"","ast-main-header-display":"","ast-hfb-above-header-display":"","ast-hfb-below-header-display":"","ast-hfb-mobile-header-display":"","site-post-title":"","ast-breadcrumbs-content":"","ast-featured-img":"","footer-sml-layout":"","theme-transparent-header-meta":"","adv-header-id-meta":"","stick-header-meta":"","header-above-stick-meta":"","header-main-stick-meta":"","header-below-stick-meta":"","astra-migrate-meta-layouts":"default","ast-page-background-enabled":"default","ast-page-background-meta":{"desktop":{"background-color":"var(--ast-global-color-4)","background-image":"","background-repeat":"repeat","background-position":"center center","background-size":"auto","background-attachment":"scroll","background-type":"","background-media":"","overlay-type":"","overlay-color":"","overlay-opacity":"","overlay-gradient":""},"tablet":{"background-color":"","background-image":"","background-repeat":"repeat","background-position":"center center","background-size":"auto","background-attachment":"scroll","background-type":"","background-media":"","overlay-type":"","overlay-color":"","overlay-opacity":"","overlay-gradient":""},"mobile":{"background-color":"","background-image":"","background-repeat":"repeat","background-position":"center center","background-size":"auto","background-attachment":"scroll","background-type":"","background-media":"","overlay-type":"","overlay-color":"","overlay-opacity":"","overlay-gradient":""}},"ast-content-background-meta":{"desktop":{"background-color":"var(--ast-global-color-5)","background-image":"","background-repeat":"repeat","background-position":"center center","background-size":"auto","background-attachment":"scroll","background-type":"","background-media":"","overlay-type":"","overlay-color":"","overlay-opacity":"","overlay-gradient":""},"tablet":{"background-color":"var(--ast-global-color-5)","background-image":"","background-repeat":"repeat","background-position":"center center","background-size":"auto","background-attachment":"scroll","background-type":"","background-media":"","overlay-type":"","overlay-color":"","overlay-opacity":"","overlay-gradient":""},"mobile":{"background-color":"var(--ast-global-color-5)","background-image":"","background-repeat":"repeat","background-position":"center center","background-size":"auto","background-attachment":"scroll","background-type":"","background-media":"","overlay-type":"","overlay-color":"","overlay-opacity":"","overlay-gradient":""}},"footnotes":""},"class_list":["post-9068","page","type-page","status-publish","hentry"],"post_mailing_queue_ids":[],"_links":{"self":[{"href":"https:\/\/serveiseducatius.xtec.cat\/segria\/wp-json\/wp\/v2\/pages\/9068","targetHints":{"allow":["GET"]}}],"collection":[{"href":"https:\/\/serveiseducatius.xtec.cat\/segria\/wp-json\/wp\/v2\/pages"}],"about":[{"href":"https:\/\/serveiseducatius.xtec.cat\/segria\/wp-json\/wp\/v2\/types\/page"}],"author":[{"embeddable":true,"href":"https:\/\/serveiseducatius.xtec.cat\/segria\/wp-json\/wp\/v2\/users\/1"}],"replies":[{"embeddable":true,"href":"https:\/\/serveiseducatius.xtec.cat\/segria\/wp-json\/wp\/v2\/comments?post=9068"}],"version-history":[{"count":1,"href":"https:\/\/serveiseducatius.xtec.cat\/segria\/wp-json\/wp\/v2\/pages\/9068\/revisions"}],"predecessor-version":[{"id":9074,"href":"https:\/\/serveiseducatius.xtec.cat\/segria\/wp-json\/wp\/v2\/pages\/9068\/revisions\/9074"}],"wp:attachment":[{"href":"https:\/\/serveiseducatius.xtec.cat\/segria\/wp-json\/wp\/v2\/media?parent=9068"}],"curies":[{"name":"wp","href":"https:\/\/api.w.org\/{rel}","templated":true}]}}