{"id":8342,"date":"2020-02-26T08:42:37","date_gmt":"2020-02-26T07:42:37","guid":{"rendered":"https:\/\/serveiseducatius.xtec.cat\/segria\/?page_id=8342"},"modified":"2021-11-18T12:56:42","modified_gmt":"2021-11-18T11:56:42","slug":"quin-tipus-de-material-necessites","status":"publish","type":"page","link":"https:\/\/serveiseducatius.xtec.cat\/segria\/quin-tipus-de-material-necessites\/","title":{"rendered":"Servei de Pr\u00e9stec"},"content":{"rendered":"<div style=\"width: 100%;\">\n<div style=\"position: relative; padding-bottom: 56.25%; padding-top: 0; height: 0;\"><iframe loading=\"lazy\" style=\"position: absolute; top: 0; left: 0; width: 100%; height: 100%;\" src=\"https:\/\/view.genial.ly\/6196281263c3b60dd2885e8b\" width=\"1200\" height=\"675\" frameborder=\"0\" scrolling=\"yes\" allowfullscreen=\"allowfullscreen\"><\/iframe><\/div>\n<\/div>\n<p>&nbsp;<\/p>\n<table>\n<tbody>\n<tr>\n<td colspan=\"3\">\n<div>\n<h4 class=\"entry-title\">Normativa general de pr\u00e9stec<\/h4>\n<\/div>\n<\/td>\n<\/tr>\n<tr>\n<td colspan=\"3\">\n<ol>\n<li style=\"text-align: justify;\">El servei de pr\u00e9stec del CRP posa a disposici\u00f3 diferents recursos per a l\u2019\u00fas del professorat. Els centres docents que els sol\u00b7licitin han de fer una reserva pr\u00e8via al CRP a trav\u00e9s del<a href=\"https:\/\/forms.gle\/dNSKHUE2HebNTVpB6\" target=\"_blank\" rel=\"noopener noreferrer\"> <strong>formulari de demanda<\/strong><\/a> o per tel\u00e8fon al 973 26 40 21.<\/li>\n<li style=\"text-align: justify;\">El pr\u00e9stec s\u2019adre\u00e7a a centres p\u00fablics, concertats i privats dependents del Departament d&#8217;Educaci\u00f3.<\/li>\n<li style=\"text-align: justify;\">El centre docent que se n\u2019ha fet responsable, es compromet a comunicar qualsevol p\u00e8rdua o desperfecte ocasionats per \u00fas indegut, i a fer-se\u2019n c\u00e0rrec.<\/li>\n<li style=\"text-align: justify;\">La persona sol\u00b7licitant es fa responsable del maquinari prestat en cas de p\u00e8rdua, robatori\u00a0o avaria.<\/li>\n<li style=\"text-align: justify;\">\u00a0Els\u00a0aparells s\u2019han de tornar en els terminis previstos.<\/li>\n<li style=\"text-align: justify;\">La utilitzaci\u00f3 d\u2019aquest servei de pr\u00e9stec pressuposa l\u2019acceptaci\u00f3 d\u2019aquestes condicions. Qualsevol incid\u00e8ncia i circumst\u00e0ncia no prevista la resoldr\u00e0 l\u2019equip del Centre de Recursos Pedag\u00f2gics del Segri\u00e0.<\/li>\n<\/ol>\n<\/td>\n<\/tr>\n<\/tbody>\n<\/table>\n","protected":false},"excerpt":{"rendered":"<p>&nbsp; Normativa general de pr\u00e9stec El servei de pr\u00e9stec del CRP posa a disposici\u00f3 diferents recursos per a l\u2019\u00fas del professorat. Els centres docents que els sol\u00b7licitin han de fer una reserva pr\u00e8via al CRP a trav\u00e9s del formulari de demanda o per tel\u00e8fon al 973 26 40 21. El pr\u00e9stec s\u2019adre\u00e7a a centres p\u00fablics, [&hellip;]<\/p>\n","protected":false},"author":1,"featured_media":0,"parent":0,"menu_order":0,"comment_status":"closed","ping_status":"closed","template":"page-templates\/side-menu.php","meta":{"_bbp_topic_count":0,"_bbp_reply_count":0,"_bbp_total_topic_count":0,"_bbp_total_reply_count":0,"_bbp_voice_count":0,"_bbp_anonymous_reply_count":0,"_bbp_topic_count_hidden":0,"_bbp_reply_count_hidden":0,"_bbp_forum_subforum_count":0,"site-sidebar-layout":"default","site-content-layout":"","ast-site-content-layout":"","site-content-style":"default","site-sidebar-style":"default","ast-global-header-display":"","ast-banner-title-visibility":"","ast-main-header-display":"","ast-hfb-above-header-display":"","ast-hfb-below-header-display":"","ast-hfb-mobile-header-display":"","site-post-title":"","ast-breadcrumbs-content":"","ast-featured-img":"","footer-sml-layout":"","theme-transparent-header-meta":"","adv-header-id-meta":"","stick-header-meta":"","header-above-stick-meta":"","header-main-stick-meta":"","header-below-stick-meta":"","astra-migrate-meta-layouts":"default","ast-page-background-enabled":"default","ast-page-background-meta":{"desktop":{"background-color":"var(--ast-global-color-4)","background-image":"","background-repeat":"repeat","background-position":"center center","background-size":"auto","background-attachment":"scroll","background-type":"","background-media":"","overlay-type":"","overlay-color":"","overlay-opacity":"","overlay-gradient":""},"tablet":{"background-color":"","background-image":"","background-repeat":"repeat","background-position":"center center","background-size":"auto","background-attachment":"scroll","background-type":"","background-media":"","overlay-type":"","overlay-color":"","overlay-opacity":"","overlay-gradient":""},"mobile":{"background-color":"","background-image":"","background-repeat":"repeat","background-position":"center center","background-size":"auto","background-attachment":"scroll","background-type":"","background-media":"","overlay-type":"","overlay-color":"","overlay-opacity":"","overlay-gradient":""}},"ast-content-background-meta":{"desktop":{"background-color":"var(--ast-global-color-5)","background-image":"","background-repeat":"repeat","background-position":"center center","background-size":"auto","background-attachment":"scroll","background-type":"","background-media":"","overlay-type":"","overlay-color":"","overlay-opacity":"","overlay-gradient":""},"tablet":{"background-color":"var(--ast-global-color-5)","background-image":"","background-repeat":"repeat","background-position":"center center","background-size":"auto","background-attachment":"scroll","background-type":"","background-media":"","overlay-type":"","overlay-color":"","overlay-opacity":"","overlay-gradient":""},"mobile":{"background-color":"var(--ast-global-color-5)","background-image":"","background-repeat":"repeat","background-position":"center center","background-size":"auto","background-attachment":"scroll","background-type":"","background-media":"","overlay-type":"","overlay-color":"","overlay-opacity":"","overlay-gradient":""}},"footnotes":""},"class_list":["post-8342","page","type-page","status-publish","hentry"],"post_mailing_queue_ids":[],"_links":{"self":[{"href":"https:\/\/serveiseducatius.xtec.cat\/segria\/wp-json\/wp\/v2\/pages\/8342","targetHints":{"allow":["GET"]}}],"collection":[{"href":"https:\/\/serveiseducatius.xtec.cat\/segria\/wp-json\/wp\/v2\/pages"}],"about":[{"href":"https:\/\/serveiseducatius.xtec.cat\/segria\/wp-json\/wp\/v2\/types\/page"}],"author":[{"embeddable":true,"href":"https:\/\/serveiseducatius.xtec.cat\/segria\/wp-json\/wp\/v2\/users\/1"}],"replies":[{"embeddable":true,"href":"https:\/\/serveiseducatius.xtec.cat\/segria\/wp-json\/wp\/v2\/comments?post=8342"}],"version-history":[{"count":5,"href":"https:\/\/serveiseducatius.xtec.cat\/segria\/wp-json\/wp\/v2\/pages\/8342\/revisions"}],"predecessor-version":[{"id":15253,"href":"https:\/\/serveiseducatius.xtec.cat\/segria\/wp-json\/wp\/v2\/pages\/8342\/revisions\/15253"}],"wp:attachment":[{"href":"https:\/\/serveiseducatius.xtec.cat\/segria\/wp-json\/wp\/v2\/media?parent=8342"}],"curies":[{"name":"wp","href":"https:\/\/api.w.org\/{rel}","templated":true}]}}