{"id":8300,"date":"2020-02-18T12:57:05","date_gmt":"2020-02-18T11:57:05","guid":{"rendered":"https:\/\/serveiseducatius.xtec.cat\/segria\/?page_id=8300"},"modified":"2022-03-14T13:57:49","modified_gmt":"2022-03-14T12:57:49","slug":"servei-comunitari-2","status":"publish","type":"page","link":"https:\/\/serveiseducatius.xtec.cat\/segria\/comunitat\/servei-comunitari-2\/","title":{"rendered":"Servei Comunitari"},"content":{"rendered":"<p class=\"rtejustify\" style=\"text-align: justify;\"><a href=\"https:\/\/serveiseducatius.xtec.cat\/segria\/wp-content\/uploads\/usu679\/2020\/02\/aps2.png\"><img loading=\"lazy\" decoding=\"async\" class=\"alignleft wp-image-8301 \" src=\"https:\/\/serveiseducatius.xtec.cat\/segria\/wp-content\/uploads\/usu679\/2020\/02\/aps2-300x265.png\" alt=\"\" width=\"169\" height=\"149\" srcset=\"https:\/\/serveiseducatius.xtec.cat\/segria\/wp-content\/uploads\/usu679\/2020\/02\/aps2-300x265.png 300w, https:\/\/serveiseducatius.xtec.cat\/segria\/wp-content\/uploads\/usu679\/2020\/02\/aps2.png 391w\" sizes=\"auto, (max-width: 169px) 100vw, 169px\" \/><\/a>El <a href=\"http:\/\/xtec.gencat.cat\/ca\/comunitat\/serveicomunitari\" target=\"_blank\" rel=\"noopener noreferrer\">Servei comunitari<\/a>, tal i com s\u2019estableix en el curr\u00edculum de l\u2019educaci\u00f3 secund\u00e0ria, \u00e9s una acci\u00f3 educativa que, de forma obligat\u00f2ria, ha de realitzar tot l\u2019alumnat a 3r o 4t.d\u2019ESO. \u00c9st\u00e0\u00a0orientada a desenvolupar la <em>compet\u00e8ncia social i ciutadana<\/em>, en qu\u00e8 l\u2019alumnat, amb la finalitat de millorar el seu entorn, realitza un servei a la comunitat.<\/p>\n<p>&nbsp;<\/p>\n<p>&nbsp;<\/p>\n<p><strong><span style=\"color: #800000;\">NOVETATS CURS 2021-22<\/span><\/strong><\/p>\n<hr \/>\n<p>A la p\u00e0gina web del Departament de Medi Ambient i Sostenibilitat s&#8217;ha publicat una presentaci\u00f3 de tots els projectes de SC i ApS ambiental subvencionat a la convocat\u00f2ria de l&#8217;any 2020. S\u00f3n accions molt interessants i suggeridores d&#8217;accions de\u00a0<a href=\"https:\/\/mediambient.gencat.cat\/web\/.content\/home\/ambits_dactuacio\/educacio_i_sostenibilitat\/tercer_sector_ambiental\/subvencions\/educacio-sensibilitzacio-ambiental\/Presentacio-projectes-EiSA20_22.pdf\" target=\"_blank\" rel=\"noopener\" data-saferedirecturl=\"https:\/\/www.google.com\/url?q=https:\/\/mediambient.gencat.cat\/web\/.content\/home\/ambits_dactuacio\/educacio_i_sostenibilitat\/tercer_sector_ambiental\/subvencions\/educacio-sensibilitzacio-ambiental\/Presentacio-projectes-EiSA20_22.pdf&amp;source=gmail&amp;ust=1647347784555000&amp;usg=AOvVaw3dzXWQgxrABHlddQvBZ2vs\">SC ambiental<\/a>.<\/p>\n<p>El servei comunitari <strong><a href=\"https:\/\/drive.google.com\/file\/d\/1Ck3Q4Dj_dPAd52KDXIigoWXJxb_iW6z9\/view?usp=sharing\" target=\"_blank\" rel=\"noopener\">en temps de pand\u00e8mia<\/a><\/strong>. Orientacions<\/p>\n<p>En els convenis de Servei comunitari no ha d&#8217;apar\u00e8ixer el DNI dels directors que signen. \u00c9s per aquest motiu que el Dept. ha modificat el text del document marc d&#8217;exemple, eliminant aquesta dada. Tamb\u00e9<a href=\"https:\/\/drive.google.com\/file\/d\/1c4wJSijC2Mhz3Fqoit-8RsjmJvX-DI7x\/view?usp=sharing\" target=\"_blank\" rel=\"noopener\"> ha creat un document<\/a> on explica com com es pot ocultar el DNI a la caixa visible de la signatura, en cas de signatura digital.<\/p>\n<p>I si voleu saber m\u00e9s sobre la signatura digital i les seves possibilitats <a href=\"https:\/\/drive.google.com\/file\/d\/1c4wJSijC2Mhz3Fqoit-8RsjmJvX-DI7x\/view?usp=sharing\" target=\"_blank\" rel=\"noopener\"><strong>podeu consultar aqu\u00ed.<\/strong><\/a><\/p>\n<p><strong><a href=\"https:\/\/serveiseducatius.xtec.cat\/segria\/wp-content\/uploads\/usu679\/2020\/12\/enllac.png\"><img loading=\"lazy\" decoding=\"async\" class=\"alignleft wp-image-10592\" src=\"https:\/\/serveiseducatius.xtec.cat\/segria\/wp-content\/uploads\/usu679\/2020\/12\/enllac.png\" alt=\"\" width=\"25\" height=\"25\" \/><\/a> <a href=\"https:\/\/docs.google.com\/document\/d\/1Chd1TwUOSzLMQAC5lNvSXFbx76x5GKp4\/edit?usp=sharing&amp;ouid=108661003093066655209&amp;rtpof=true&amp;sd=true\" target=\"_blank\" rel=\"noopener\">Model conveni modificat aquest curs 21-22\u00a0 per descarregar\u00a0<\/a>\u00a0 | \u00a0 <a href=\"https:\/\/drive.google.com\/file\/d\/176iZEZUbmotY5iLQ5UYb0fsuwYf0hlee\/view?usp=sharing\" target=\"_blank\" rel=\"noopener\">Indicacions per a formalitzaci\u00f3 dels convenis<\/a> <\/strong><\/p>\n<p>Aquest nou model de conveni tamb\u00e9 t\u00e9 un <b>altre canvi en el redactat arran d&#8217;una modificaci\u00f3 de la Llei del menor<\/b> i que ja hem incorporat. Tamb\u00e9 podreu trobar el model de conveni al Portal de centres.<\/p>\n<p>Recordatori a m\u00e9s d&#8217;altres documents b\u00e0sics que tot centre educatiu ha de tenir en compte:<\/p>\n<table style=\"border-collapse: collapse; width: 98.1872%;\">\n<tbody>\n<tr>\n<td style=\"width: 36.0432%;\"><strong>Declaraci\u00f3 de comprom\u00eds<\/strong> (S\u2019ha de signar cada curs escolar)<\/td>\n<td style=\"width: 31.1142%;\"><a href=\"https:\/\/drive.google.com\/file\/d\/1-Nh1DORcvkO4O0PMFT7JYdHrVEopVaMr\/view?usp=sharing\" target=\"_blank\" rel=\"noopener noreferrer\">Declaraci\u00f3 de comprom\u00eds centres p\u00fablics<\/a><\/td>\n<td style=\"width: 40.3935%;\"><a href=\"https:\/\/docs.google.com\/document\/d\/1j-lhev8RWrOcXJ1O1hC7i4mBBBcgmPbG\/edit?usp=sharing&amp;ouid=106942379809973184586&amp;rtpof=true&amp;sd=true\" target=\"_blank\" rel=\"noopener\">Declaraci\u00f3 de comprom\u00eds<\/a> (centres concertats)<\/td>\n<\/tr>\n<tr>\n<td style=\"width: 36.0432%;\"><strong>Autoritzaci\u00f3 fam\u00edlia <\/strong>(S\u2019ha de signar cada curs escolar)<strong><br \/>\n<\/strong><\/td>\n<td style=\"width: 31.1142%;\"><a href=\"https:\/\/drive.google.com\/file\/d\/1WUBM803rU-BAhULnO77IEwMUlAfrOQ2n\/view?usp=sharing\" target=\"_blank\" rel=\"noopener noreferrer\">Autoritzaci\u00f3 fam\u00edlia centres p\u00fablics<\/a><\/td>\n<td style=\"width: 40.3935%;\"><a href=\"https:\/\/docs.google.com\/document\/d\/1g7yyanfIvErDWK8eDjv6SnE3fwFgp5mP7CeAJ3twuto\/edit?usp=sharing\" target=\"_blank\" rel=\"noopener\">Autoritzaci\u00f3 fam\u00edlia <\/a> (centres concertats)<\/td>\n<\/tr>\n<\/tbody>\n<\/table>\n<p><strong><a href=\"https:\/\/serveiseducatius.xtec.cat\/segria\/wp-content\/uploads\/usu679\/2021\/12\/PinClipart.com_location-clip-art_5450392.png\"><img loading=\"lazy\" decoding=\"async\" class=\"alignleft wp-image-15410\" src=\"https:\/\/serveiseducatius.xtec.cat\/segria\/wp-content\/uploads\/usu679\/2021\/12\/PinClipart.com_location-clip-art_5450392.png\" alt=\"\" width=\"152\" height=\"62\" srcset=\"https:\/\/serveiseducatius.xtec.cat\/segria\/wp-content\/uploads\/usu679\/2021\/12\/PinClipart.com_location-clip-art_5450392.png 1552w, https:\/\/serveiseducatius.xtec.cat\/segria\/wp-content\/uploads\/usu679\/2021\/12\/PinClipart.com_location-clip-art_5450392-300x122.png 300w, https:\/\/serveiseducatius.xtec.cat\/segria\/wp-content\/uploads\/usu679\/2021\/12\/PinClipart.com_location-clip-art_5450392-1024x417.png 1024w, https:\/\/serveiseducatius.xtec.cat\/segria\/wp-content\/uploads\/usu679\/2021\/12\/PinClipart.com_location-clip-art_5450392-768x313.png 768w, https:\/\/serveiseducatius.xtec.cat\/segria\/wp-content\/uploads\/usu679\/2021\/12\/PinClipart.com_location-clip-art_5450392-1536x625.png 1536w\" sizes=\"auto, (max-width: 152px) 100vw, 152px\" \/><\/a><a href=\"https:\/\/www.tercersector.cat\/mapa\" target=\"_blank\" rel=\"noopener\">Mapa d&#8217;entitats del 3r sector\u00a0\u00a0 | <\/a><a href=\"https:\/\/aplicacions.gestioeducativa.gencat.cat\/pls\/apex\/f?p=1143:29:::NO:RP::\" target=\"_blank\" rel=\"noopener\">Cercador entitats\u00a0 conveni vigent<\/a> | \u00a0<a href=\"https:\/\/drive.google.com\/file\/d\/1KlAIyaULXsjIfCf1o4DUFGznZ03T4Yfk\/view?usp=sharing\" target=\"_blank\" rel=\"noopener\">\u00daltim cens de projectes dels centres ed. del Segri\u00e0<\/a><br \/>\n<\/strong><\/p>\n<hr \/>\n<h5 id=\"h.pphn5dg05k4h\" class=\"CDt4Ke zfr3Q duRjpb\" dir=\"ltr\" tabindex=\"-1\"><span class=\" puwcIf\"><strong><a href=\"https:\/\/serveiseducatius.xtec.cat\/segria\/wp-content\/uploads\/usu679\/2021\/04\/ApS.jpg\"><img loading=\"lazy\" decoding=\"async\" class=\"alignleft wp-image-13194 \" src=\"https:\/\/serveiseducatius.xtec.cat\/segria\/wp-content\/uploads\/usu679\/2021\/04\/ApS-1024x524.jpg\" alt=\"\" width=\"528\" height=\"270\" srcset=\"https:\/\/serveiseducatius.xtec.cat\/segria\/wp-content\/uploads\/usu679\/2021\/04\/ApS-1024x524.jpg 1024w, https:\/\/serveiseducatius.xtec.cat\/segria\/wp-content\/uploads\/usu679\/2021\/04\/ApS-300x153.jpg 300w, https:\/\/serveiseducatius.xtec.cat\/segria\/wp-content\/uploads\/usu679\/2021\/04\/ApS-768x393.jpg 768w, https:\/\/serveiseducatius.xtec.cat\/segria\/wp-content\/uploads\/usu679\/2021\/04\/ApS.jpg 1032w\" sizes=\"auto, (max-width: 528px) 100vw, 528px\" \/><\/a>VIII Jornades ApS 3-4 mar\u00e7 2021<\/strong><\/span><\/h5>\n<p class=\"CDt4Ke zfr3Q\" dir=\"ltr\">ApS: <span class=\" aw5Odc\"><a class=\"XqQF9c\" href=\"https:\/\/www.youtube.com\/watch?v=GiLqdimV8o8&amp;t=14s\" target=\"_blank\" rel=\"noopener noreferrer\">Educar per a la transformaci\u00f3 social<\/a><\/span><\/p>\n<p class=\"CDt4Ke zfr3Q\" dir=\"ltr\">Taller 1 <span class=\" aw5Odc\"><a class=\"XqQF9c\" href=\"https:\/\/www.youtube.com\/watch?v=V5N07yGwUBQ\" target=\"_blank\" rel=\"noopener noreferrer\">Per qu\u00e8 recomanaries l\u2019aprenentatge servei a prim\u00e0ria?<\/a><\/span><\/p>\n<p class=\"CDt4Ke zfr3Q\" dir=\"ltr\">Taller 2 <span class=\" aw5Odc\"><a class=\"XqQF9c\" href=\"https:\/\/www.youtube.com\/watch?v=vq_VTbsUtE8\" target=\"_blank\" rel=\"noopener noreferrer\">Com fer ApS amb estrat\u00e8gies virtuals? <\/a><\/span><\/p>\n<p class=\"CDt4Ke zfr3Q\" dir=\"ltr\">Taller 3 <span class=\" aw5Odc\"><a class=\"XqQF9c\" href=\"https:\/\/www.youtube.com\/watch?v=LpbAZZ_q6jc\" target=\"_blank\" rel=\"noopener noreferrer\">Com avaluar l\u2019impacte social dels projectes ApS?<\/a><\/span><\/p>\n<p class=\"CDt4Ke zfr3Q\" dir=\"ltr\">Taller 4 <span class=\" aw5Odc\"><a class=\"XqQF9c\" href=\"https:\/\/www.youtube.com\/watch?v=En2evxOnon8\" target=\"_blank\" rel=\"noopener noreferrer\">Com fer ApS des de la universitat?<\/a><\/span><\/p>\n<p class=\"CDt4Ke zfr3Q\" dir=\"ltr\">Taller 5 <span class=\" aw5Odc\"><a class=\"XqQF9c\" href=\"https:\/\/www.youtube.com\/watch?v=ZXIdblz_z4I\" target=\"_blank\" rel=\"noopener noreferrer\">Com multiplicar els projectes ApS?<\/a><\/span><\/p>\n<hr \/>\n<h5><span style=\"color: #993300;\"><strong>NOVETATS CURS 20-21:<\/strong><\/span><\/h5>\n<p class=\"rtejustify\" style=\"text-align: justify;\"><strong><a href=\"https:\/\/serveiseducatius.xtec.cat\/segria\/wp-content\/uploads\/usu679\/2020\/12\/enllac.png\"><img loading=\"lazy\" decoding=\"async\" class=\"alignleft wp-image-10592\" src=\"https:\/\/serveiseducatius.xtec.cat\/segria\/wp-content\/uploads\/usu679\/2020\/12\/enllac.png\" alt=\"\" width=\"20\" height=\"20\" \/><\/a><a href=\"https:\/\/serveiseducatius.xtec.cat\/segria\/wp-content\/uploads\/usu679\/2020\/10\/OrientacionsSe-Com_20_21.pdf\" target=\"_blank\" rel=\"noopener noreferrer\">Orientacions Servei Comunitari 2020-21<\/a><\/strong><\/p>\n<p><a href=\"https:\/\/drive.google.com\/file\/d\/1F9f8yiYvgLQptv2hxOZz3NnffudQVpa3\/view\" target=\"_blank\" rel=\"noopener\"><strong>Consulta e informaci\u00f3 sobre les assegurances<\/strong><\/a><\/p>\n<div>V\u00eddeo: <a href=\"https:\/\/apsvalors.wordpress.com\/category\/experiencies\/\" target=\"_blank\" rel=\"noopener noreferrer\">El servei Comunitari a dist\u00e0ncia<\/a>, a c\u00e0rrec de Roser Batlle, 30 de setembre de 2020<\/div>\n<div><\/div>\n<div><\/div>\n<div><iframe loading=\"lazy\" src=\"https:\/\/www.youtube.com\/embed\/d05JPngXKig\" width=\"360\" height=\"215\" frameborder=\"0\"><span data-mce-type=\"bookmark\" style=\"display: inline-block; width: 0px; overflow: hidden; line-height: 0;\" class=\"mce_SELRES_start\">\ufeff<\/span><\/iframe><\/div>\n<div><\/div>\n<div>\n<p>D\u2019acord amb la\u00a0<a href=\"https:\/\/portaldogc.gencat.cat\/utilsEADOP\/PDF\/8147\/1796782.pdf\" target=\"_blank\" rel=\"noopener noreferrer\">Resoluci\u00f3 EDU\/1189\/2020, de 28 de maig, d\u2019avocaci\u00f3 i delegaci\u00f3 de compet\u00e8ncies de la persona titular del Departament d\u2019Educaci\u00f3<\/a>, els directors dels centres signaran els convenis de Servei comunitari d\u2019\u00e0mbit local.<\/p>\n<p>Al\u00a0<a href=\"https:\/\/aplicacions.gestioeducativa.gencat.cat\/siteminderagent\/forms\/gicar2019\/loginCorp2019ENv4.fcc?TYPE=33554433&amp;REALMOID=06-a52d9437-9de7-48b7-a964-5a6c5e4b81d4&amp;GUID=&amp;SMAUTHREASON=0&amp;METHOD=GET&amp;SMAGENTNAME=-SM-1FMsixKYKBau7gkEG2m1%2brQu7p1EGfrdOo5%2fWj6Qu1TjpJ7k6t3XMhro45XzPnMS&amp;TARGET=-SM-HTTPS%3a%2f%2faplicacions%2eensenyament%2egencat%2ecat%2fidpe%2fprofile%2fSAML2%2fRedirect%2fSSO%3fSAMLRequest%3dfZLNasMwEIRfxehuSVYTGgvHEBIKhv6RlB56k-%2bV1I7AlVyu3ydtXtk-%2blkIMuy3wazawKVH03yN0YzvYIXyNgSKrDlpgm5WotdK7WabtRebra5Cqts5qneb3WotW1yO5rkryDR-%2bPslgjKSVIhjlBZDMqGOOKCpzxPs9VbxqXYyBWnkfogySH6GKvCTJ5DGFAypobOaKXjDClYBHtVPdhAP8FqFWg8zDQDsMG71nTATrunR8GO0BgPOrDT6YUkezeB0Xv0VjqFBqWNt6AMWk56GZ8p9SKSo8UBtGkNNCS59J1FOddxm472wWnXkbKY4-%2foFvQ0pRPBTXFJOcae0TYt9owXVQ3NH4RK8svAn7KRgEfs2GpAFP2Io2GJZFsvenqNRdXh1sbhr8uB8r25Ez2g2T-%2bJu21n6t4Bd17mfvQcVYEuiG5CElQX7-%2f0HKXw-%3d-%3d%26RelayState%3d40815d84--f124--4816--bebb--9563b3a3d621\" target=\"_blank\" rel=\"noopener noreferrer\">portal de centres<\/a>\u00a0trobareu el model de conveni i les indicacions per gestionar-lo.<\/p>\n<p>El director general d\u2019Atenci\u00f3 a la Fam\u00edlia i Comunitat Educativa signar\u00e0 els convenis amb entitats d\u2019\u00e0mbit territorial de tot Catalunya. Podeu consultar a la seg\u00fcent <a href=\"https:\/\/www.google.com\/url?q=https%3A%2F%2Faplicacions.ensenyament.gencat.cat%2Fpls%2Fapex%2Ff%3Fp%3D1143%3A29%3A0%3A%3A%3A%3A%3A&amp;sa=D&amp;sntz=1&amp;usg=AFQjCNH6VeYl-Ijvv21-jc_8qZ5dnhKhIw\" target=\"_blank\" rel=\"noopener noreferrer\">base de dades<\/a> els convenis de col\u00b7laboraci\u00f3 signats pel Departament d\u2019Educaci\u00f3.<\/p>\n<\/div>\n<div>\n<hr \/>\n<\/div>\n<p style=\"text-align: justify;\">En el\u00a0<strong><a href=\"https:\/\/sites.google.com\/site\/apssegria\/\" target=\"_blank\" rel=\"nofollow noopener noreferrer\">portal d&#8217;APS\u00a0del nostre Servei Educatiu<\/a><\/strong>\u00a0trobareu informaci\u00f3 m\u00e9s concreta sobre<strong> els projectes d&#8217;Aprenentatge i Servei de la comarca del Segri\u00e0<\/strong><a href=\"https:\/\/serveiseducatius.xtec.cat\/segria\/wp-content\/uploads\/usu679\/2020\/10\/1f517-1.png\"><img loading=\"lazy\" decoding=\"async\" class=\"alignleft wp-image-9324\" src=\"https:\/\/serveiseducatius.xtec.cat\/segria\/wp-content\/uploads\/usu679\/2020\/10\/1f517-1.png\" alt=\"\" width=\"20\" height=\"20\" \/><\/a><\/p>\n","protected":false},"excerpt":{"rendered":"<p>El Servei comunitari, tal i com s\u2019estableix en el curr\u00edculum de l\u2019educaci\u00f3 secund\u00e0ria, \u00e9s una acci\u00f3 educativa que, de forma obligat\u00f2ria, ha de realitzar tot l\u2019alumnat a 3r o 4t.d\u2019ESO. \u00c9st\u00e0\u00a0orientada a desenvolupar la compet\u00e8ncia social i ciutadana, en qu\u00e8 l\u2019alumnat, amb la finalitat de millorar el seu entorn, realitza un servei a la comunitat. [&hellip;]<\/p>\n","protected":false},"author":5,"featured_media":0,"parent":341,"menu_order":0,"comment_status":"closed","ping_status":"closed","template":"page-templates\/side-menu.php","meta":{"_bbp_topic_count":0,"_bbp_reply_count":0,"_bbp_total_topic_count":0,"_bbp_total_reply_count":0,"_bbp_voice_count":0,"_bbp_anonymous_reply_count":0,"_bbp_topic_count_hidden":0,"_bbp_reply_count_hidden":0,"_bbp_forum_subforum_count":0,"site-sidebar-layout":"default","site-content-layout":"","ast-site-content-layout":"","site-content-style":"default","site-sidebar-style":"default","ast-global-header-display":"","ast-banner-title-visibility":"","ast-main-header-display":"","ast-hfb-above-header-display":"","ast-hfb-below-header-display":"","ast-hfb-mobile-header-display":"","site-post-title":"","ast-breadcrumbs-content":"","ast-featured-img":"","footer-sml-layout":"","theme-transparent-header-meta":"","adv-header-id-meta":"","stick-header-meta":"","header-above-stick-meta":"","header-main-stick-meta":"","header-below-stick-meta":"","astra-migrate-meta-layouts":"default","ast-page-background-enabled":"default","ast-page-background-meta":{"desktop":{"background-color":"var(--ast-global-color-4)","background-image":"","background-repeat":"repeat","background-position":"center center","background-size":"auto","background-attachment":"scroll","background-type":"","background-media":"","overlay-type":"","overlay-color":"","overlay-opacity":"","overlay-gradient":""},"tablet":{"background-color":"","background-image":"","background-repeat":"repeat","background-position":"center center","background-size":"auto","background-attachment":"scroll","background-type":"","background-media":"","overlay-type":"","overlay-color":"","overlay-opacity":"","overlay-gradient":""},"mobile":{"background-color":"","background-image":"","background-repeat":"repeat","background-position":"center center","background-size":"auto","background-attachment":"scroll","background-type":"","background-media":"","overlay-type":"","overlay-color":"","overlay-opacity":"","overlay-gradient":""}},"ast-content-background-meta":{"desktop":{"background-color":"var(--ast-global-color-5)","background-image":"","background-repeat":"repeat","background-position":"center center","background-size":"auto","background-attachment":"scroll","background-type":"","background-media":"","overlay-type":"","overlay-color":"","overlay-opacity":"","overlay-gradient":""},"tablet":{"background-color":"var(--ast-global-color-5)","background-image":"","background-repeat":"repeat","background-position":"center center","background-size":"auto","background-attachment":"scroll","background-type":"","background-media":"","overlay-type":"","overlay-color":"","overlay-opacity":"","overlay-gradient":""},"mobile":{"background-color":"var(--ast-global-color-5)","background-image":"","background-repeat":"repeat","background-position":"center center","background-size":"auto","background-attachment":"scroll","background-type":"","background-media":"","overlay-type":"","overlay-color":"","overlay-opacity":"","overlay-gradient":""}},"footnotes":""},"class_list":["post-8300","page","type-page","status-publish","hentry"],"post_mailing_queue_ids":[],"_links":{"self":[{"href":"https:\/\/serveiseducatius.xtec.cat\/segria\/wp-json\/wp\/v2\/pages\/8300","targetHints":{"allow":["GET"]}}],"collection":[{"href":"https:\/\/serveiseducatius.xtec.cat\/segria\/wp-json\/wp\/v2\/pages"}],"about":[{"href":"https:\/\/serveiseducatius.xtec.cat\/segria\/wp-json\/wp\/v2\/types\/page"}],"author":[{"embeddable":true,"href":"https:\/\/serveiseducatius.xtec.cat\/segria\/wp-json\/wp\/v2\/users\/5"}],"replies":[{"embeddable":true,"href":"https:\/\/serveiseducatius.xtec.cat\/segria\/wp-json\/wp\/v2\/comments?post=8300"}],"version-history":[{"count":4,"href":"https:\/\/serveiseducatius.xtec.cat\/segria\/wp-json\/wp\/v2\/pages\/8300\/revisions"}],"predecessor-version":[{"id":16337,"href":"https:\/\/serveiseducatius.xtec.cat\/segria\/wp-json\/wp\/v2\/pages\/8300\/revisions\/16337"}],"up":[{"embeddable":true,"href":"https:\/\/serveiseducatius.xtec.cat\/segria\/wp-json\/wp\/v2\/pages\/341"}],"wp:attachment":[{"href":"https:\/\/serveiseducatius.xtec.cat\/segria\/wp-json\/wp\/v2\/media?parent=8300"}],"curies":[{"name":"wp","href":"https:\/\/api.w.org\/{rel}","templated":true}]}}