{"id":8278,"date":"2020-02-13T13:30:52","date_gmt":"2020-02-13T12:30:52","guid":{"rendered":"https:\/\/serveiseducatius.xtec.cat\/segria\/?page_id=8278"},"modified":"2020-02-13T13:30:52","modified_gmt":"2020-02-13T12:30:52","slug":"materials-de-coeducacio","status":"publish","type":"page","link":"https:\/\/serveiseducatius.xtec.cat\/segria\/materials-de-coeducacio\/","title":{"rendered":"Materials de Coeducaci\u00f3"},"content":{"rendered":"<p><strong>Protocol de prevenci\u00f3, detecci\u00f3 i intervenci\u00f3 davant la viol\u00e8ncia masclista entre l\u2019alumnat<\/strong><\/p>\n<p><a href=\"http:\/\/xtec.gencat.cat\/ca\/centres\/projeducatiu\/convivencia\/protocols\/violencia-masclista\/index.html\" target=\"_blank\" rel=\"noopener noreferrer\" data-saferedirecturl=\"https:\/\/www.google.com\/url?q=http:\/\/xtec.gencat.cat\/ca\/centres\/projeducatiu\/convivencia\/protocols\/violencia-masclista\/index.html&amp;source=gmail&amp;ust=1576227108950000&amp;usg=AFQjCNEdolSMy6KO2lNmzTNOtTbQA3Aj-Q\">http:\/\/xtec.gencat.cat\/ca\/centres\/projeducatiu\/convivencia\/protocols\/violencia-masclista\/index.html<\/a><\/p>\n<p><em>Es dibuixa el circuit per abordar els incidents de viol\u00e0cia masclista.<\/em><\/p>\n<p><strong>Programa formatiu de prevenci\u00f3 de viol\u00e8ncia masclista<\/strong><\/p>\n<p><a href=\"http:\/\/xtec.gencat.cat\/ca\/centres\/projeducatiu\/convivencia\/prog-form-prev-violencia-masclista\/\" target=\"_blank\" rel=\"noopener noreferrer\" data-saferedirecturl=\"https:\/\/www.google.com\/url?q=http:\/\/xtec.gencat.cat\/ca\/centres\/projeducatiu\/convivencia\/prog-form-prev-violencia-masclista\/&amp;source=gmail&amp;ust=1576227108950000&amp;usg=AFQjCNExYU77qL1cIItNSJrT6aCCZRbFeQ\">http:\/\/xtec.gencat.cat\/ca\/centres\/projeducatiu\/convivencia\/prog-form-prev-violencia-masclista\/<\/a><\/p>\n<p><em>Es tracta del paquet formatiu dels tallers adre\u00e7ats a l\u2019alumnat de cicle superior de prim\u00e0ria i primer cicle de secund\u00e0ria i a les fam\u00edlies (dossiers de treball i guies did\u00e0ctiques) per poder treballar a les aules i en reunions de fam\u00edlia.<\/em><\/p>\n","protected":false},"excerpt":{"rendered":"<p>Protocol de prevenci\u00f3, detecci\u00f3 i intervenci\u00f3 davant la viol\u00e8ncia masclista entre l\u2019alumnat http:\/\/xtec.gencat.cat\/ca\/centres\/projeducatiu\/convivencia\/protocols\/violencia-masclista\/index.html Es dibuixa el circuit per abordar els incidents de viol\u00e0cia masclista. Programa formatiu de prevenci\u00f3 de viol\u00e8ncia masclista http:\/\/xtec.gencat.cat\/ca\/centres\/projeducatiu\/convivencia\/prog-form-prev-violencia-masclista\/ Es tracta del paquet formatiu dels tallers adre\u00e7ats a l\u2019alumnat de cicle superior de prim\u00e0ria i primer cicle de secund\u00e0ria i a les [&hellip;]<\/p>\n","protected":false},"author":5,"featured_media":0,"parent":0,"menu_order":0,"comment_status":"closed","ping_status":"closed","template":"","meta":{"_bbp_topic_count":0,"_bbp_reply_count":0,"_bbp_total_topic_count":0,"_bbp_total_reply_count":0,"_bbp_voice_count":0,"_bbp_anonymous_reply_count":0,"_bbp_topic_count_hidden":0,"_bbp_reply_count_hidden":0,"_bbp_forum_subforum_count":0,"site-sidebar-layout":"default","site-content-layout":"","ast-site-content-layout":"","site-content-style":"default","site-sidebar-style":"default","ast-global-header-display":"","ast-banner-title-visibility":"","ast-main-header-display":"","ast-hfb-above-header-display":"","ast-hfb-below-header-display":"","ast-hfb-mobile-header-display":"","site-post-title":"","ast-breadcrumbs-content":"","ast-featured-img":"","footer-sml-layout":"","theme-transparent-header-meta":"","adv-header-id-meta":"","stick-header-meta":"","header-above-stick-meta":"","header-main-stick-meta":"","header-below-stick-meta":"","astra-migrate-meta-layouts":"default","ast-page-background-enabled":"default","ast-page-background-meta":{"desktop":{"background-color":"var(--ast-global-color-4)","background-image":"","background-repeat":"repeat","background-position":"center center","background-size":"auto","background-attachment":"scroll","background-type":"","background-media":"","overlay-type":"","overlay-color":"","overlay-opacity":"","overlay-gradient":""},"tablet":{"background-color":"","background-image":"","background-repeat":"repeat","background-position":"center center","background-size":"auto","background-attachment":"scroll","background-type":"","background-media":"","overlay-type":"","overlay-color":"","overlay-opacity":"","overlay-gradient":""},"mobile":{"background-color":"","background-image":"","background-repeat":"repeat","background-position":"center center","background-size":"auto","background-attachment":"scroll","background-type":"","background-media":"","overlay-type":"","overlay-color":"","overlay-opacity":"","overlay-gradient":""}},"ast-content-background-meta":{"desktop":{"background-color":"var(--ast-global-color-5)","background-image":"","background-repeat":"repeat","background-position":"center center","background-size":"auto","background-attachment":"scroll","background-type":"","background-media":"","overlay-type":"","overlay-color":"","overlay-opacity":"","overlay-gradient":""},"tablet":{"background-color":"var(--ast-global-color-5)","background-image":"","background-repeat":"repeat","background-position":"center center","background-size":"auto","background-attachment":"scroll","background-type":"","background-media":"","overlay-type":"","overlay-color":"","overlay-opacity":"","overlay-gradient":""},"mobile":{"background-color":"var(--ast-global-color-5)","background-image":"","background-repeat":"repeat","background-position":"center center","background-size":"auto","background-attachment":"scroll","background-type":"","background-media":"","overlay-type":"","overlay-color":"","overlay-opacity":"","overlay-gradient":""}},"footnotes":""},"class_list":["post-8278","page","type-page","status-publish","hentry"],"post_mailing_queue_ids":[],"_links":{"self":[{"href":"https:\/\/serveiseducatius.xtec.cat\/segria\/wp-json\/wp\/v2\/pages\/8278","targetHints":{"allow":["GET"]}}],"collection":[{"href":"https:\/\/serveiseducatius.xtec.cat\/segria\/wp-json\/wp\/v2\/pages"}],"about":[{"href":"https:\/\/serveiseducatius.xtec.cat\/segria\/wp-json\/wp\/v2\/types\/page"}],"author":[{"embeddable":true,"href":"https:\/\/serveiseducatius.xtec.cat\/segria\/wp-json\/wp\/v2\/users\/5"}],"replies":[{"embeddable":true,"href":"https:\/\/serveiseducatius.xtec.cat\/segria\/wp-json\/wp\/v2\/comments?post=8278"}],"version-history":[{"count":1,"href":"https:\/\/serveiseducatius.xtec.cat\/segria\/wp-json\/wp\/v2\/pages\/8278\/revisions"}],"predecessor-version":[{"id":8279,"href":"https:\/\/serveiseducatius.xtec.cat\/segria\/wp-json\/wp\/v2\/pages\/8278\/revisions\/8279"}],"wp:attachment":[{"href":"https:\/\/serveiseducatius.xtec.cat\/segria\/wp-json\/wp\/v2\/media?parent=8278"}],"curies":[{"name":"wp","href":"https:\/\/api.w.org\/{rel}","templated":true}]}}