{"id":8274,"date":"2020-02-13T13:23:19","date_gmt":"2020-02-13T12:23:19","guid":{"rendered":"https:\/\/serveiseducatius.xtec.cat\/segria\/?page_id=8274"},"modified":"2020-11-21T20:51:50","modified_gmt":"2020-11-21T19:51:50","slug":"edespai","status":"publish","type":"page","link":"https:\/\/serveiseducatius.xtec.cat\/segria\/xarxes\/edespai\/","title":{"rendered":"EdEspai"},"content":{"rendered":"<p><a href=\"https:\/\/serveiseducatius.xtec.cat\/segria\/wp-content\/uploads\/usu679\/2020\/11\/edespai_3.png\"><img loading=\"lazy\" decoding=\"async\" class=\"size-full wp-image-9809 alignright\" src=\"https:\/\/serveiseducatius.xtec.cat\/segria\/wp-content\/uploads\/usu679\/2020\/11\/edespai_3.png\" alt=\"\" width=\"499\" height=\"62\" srcset=\"https:\/\/serveiseducatius.xtec.cat\/segria\/wp-content\/uploads\/usu679\/2020\/11\/edespai_3.png 499w, https:\/\/serveiseducatius.xtec.cat\/segria\/wp-content\/uploads\/usu679\/2020\/11\/edespai_3-300x37.png 300w\" sizes=\"auto, (max-width: 499px) 100vw, 499px\" \/><\/a><\/p>\n<p>&nbsp;<\/p>\n<p>&nbsp;<\/p>\n<p>Espai de conflu\u00e8ncia entre centres p\u00fablics del Segri\u00e0 que treballen conjuntament amb l\u2019objectiu de crear una identitat educadora p\u00fablica compartida. L&#8217;objectiu: cr\u00e9ixer junts per millorar els processos educatius i esdevenir un agent de transformaci\u00f3 social.<\/p>\n<p><em>EdEspai <\/em>sorgeix del desig d&#8217;apropar els centres educatius, de manera que es potenci\u00ef el coneixement i el reconeixement entre escoles, instituts i docents&#8230; Professorat, alumnes i comunitat educativa ens sentim compromesos en una cultura col\u00b7laborativa que ens permeti construir un discurs pedag\u00f2gic propi i compartit, i generar sin\u00e8rgies i projectes conjunts.<\/p>\n<p><em>EdEspai <\/em>pret\u00e9n ser un entorn segur, horitzontal i de comprom\u00eds on el professorat dels centres adherits veiem facilitades possibilitats de compartir pr\u00e0ctiques educatives i actuacions conjuntes de manera col\u00b7laborativa.<br \/>\n<iframe loading=\"lazy\" src=\"https:\/\/www.youtube.com\/embed\/x0MhIdxxoZM\" width=\"480\" height=\"270\" frameborder=\"0\"><\/iframe><\/p>\n<p><a href=\"https:\/\/serveiseducatius.xtec.cat\/segria\/wp-content\/uploads\/usu679\/2020\/10\/1f517-1.png\"><img loading=\"lazy\" decoding=\"async\" class=\"alignleft wp-image-9324\" src=\"https:\/\/serveiseducatius.xtec.cat\/segria\/wp-content\/uploads\/usu679\/2020\/10\/1f517-1.png\" alt=\"\" width=\"25\" height=\"25\" \/><\/a><a href=\"https:\/\/sites.google.com\/site\/espaicxa\/home\" target=\"_blank\" rel=\"nofollow noopener noreferrer\">Espai web EdEspai<\/a><\/p>\n<p><a href=\"https:\/\/serveiseducatius.xtec.cat\/segria\/wp-content\/uploads\/usu679\/2020\/10\/1f517-1.png\"><img loading=\"lazy\" decoding=\"async\" class=\"alignleft wp-image-9324\" src=\"https:\/\/serveiseducatius.xtec.cat\/segria\/wp-content\/uploads\/usu679\/2020\/10\/1f517-1.png\" alt=\"\" width=\"25\" height=\"25\" \/><\/a><a href=\"https:\/\/drive.google.com\/open?id=1RR6dYsEoxss-gz9Bjvt_ylLY106VRAN0Gu2mAqwfy_c\" target=\"_blank\" rel=\"nofollow noopener noreferrer\">Formulari per formar part d&#8217;EdEspai<\/a><\/p>\n<h5>Centres que formen part d&#8217;EdEspai:<\/h5>\n<p>&#8211; Escola La Mitjana de Lleida<\/p>\n<p>&#8211; Escola Parc de l&#8217;Aigua de Lleida<\/p>\n<p>&#8211; Institut Joan Or\u00f3 de Lleida<\/p>\n<p>&#8211; Institut Manuel de Montsuar de Lleida<\/p>\n<p>&#8211; Escola Joc de la Bola<\/p>\n<p>&#8211; Institut Maria R\u00fabies<\/p>\n","protected":false},"excerpt":{"rendered":"<p>&nbsp; &nbsp; Espai de conflu\u00e8ncia entre centres p\u00fablics del Segri\u00e0 que treballen conjuntament amb l\u2019objectiu de crear una identitat educadora p\u00fablica compartida. L&#8217;objectiu: cr\u00e9ixer junts per millorar els processos educatius i esdevenir un agent de transformaci\u00f3 social. EdEspai sorgeix del desig d&#8217;apropar els centres educatius, de manera que es potenci\u00ef el coneixement i el reconeixement [&hellip;]<\/p>\n","protected":false},"author":5,"featured_media":0,"parent":9815,"menu_order":0,"comment_status":"closed","ping_status":"closed","template":"page-templates\/side-menu.php","meta":{"_bbp_topic_count":0,"_bbp_reply_count":0,"_bbp_total_topic_count":0,"_bbp_total_reply_count":0,"_bbp_voice_count":0,"_bbp_anonymous_reply_count":0,"_bbp_topic_count_hidden":0,"_bbp_reply_count_hidden":0,"_bbp_forum_subforum_count":0,"site-sidebar-layout":"default","site-content-layout":"","ast-site-content-layout":"","site-content-style":"default","site-sidebar-style":"default","ast-global-header-display":"","ast-banner-title-visibility":"","ast-main-header-display":"","ast-hfb-above-header-display":"","ast-hfb-below-header-display":"","ast-hfb-mobile-header-display":"","site-post-title":"","ast-breadcrumbs-content":"","ast-featured-img":"","footer-sml-layout":"","theme-transparent-header-meta":"","adv-header-id-meta":"","stick-header-meta":"","header-above-stick-meta":"","header-main-stick-meta":"","header-below-stick-meta":"","astra-migrate-meta-layouts":"default","ast-page-background-enabled":"default","ast-page-background-meta":{"desktop":{"background-color":"var(--ast-global-color-4)","background-image":"","background-repeat":"repeat","background-position":"center center","background-size":"auto","background-attachment":"scroll","background-type":"","background-media":"","overlay-type":"","overlay-color":"","overlay-opacity":"","overlay-gradient":""},"tablet":{"background-color":"","background-image":"","background-repeat":"repeat","background-position":"center center","background-size":"auto","background-attachment":"scroll","background-type":"","background-media":"","overlay-type":"","overlay-color":"","overlay-opacity":"","overlay-gradient":""},"mobile":{"background-color":"","background-image":"","background-repeat":"repeat","background-position":"center center","background-size":"auto","background-attachment":"scroll","background-type":"","background-media":"","overlay-type":"","overlay-color":"","overlay-opacity":"","overlay-gradient":""}},"ast-content-background-meta":{"desktop":{"background-color":"var(--ast-global-color-5)","background-image":"","background-repeat":"repeat","background-position":"center center","background-size":"auto","background-attachment":"scroll","background-type":"","background-media":"","overlay-type":"","overlay-color":"","overlay-opacity":"","overlay-gradient":""},"tablet":{"background-color":"var(--ast-global-color-5)","background-image":"","background-repeat":"repeat","background-position":"center center","background-size":"auto","background-attachment":"scroll","background-type":"","background-media":"","overlay-type":"","overlay-color":"","overlay-opacity":"","overlay-gradient":""},"mobile":{"background-color":"var(--ast-global-color-5)","background-image":"","background-repeat":"repeat","background-position":"center center","background-size":"auto","background-attachment":"scroll","background-type":"","background-media":"","overlay-type":"","overlay-color":"","overlay-opacity":"","overlay-gradient":""}},"footnotes":""},"class_list":["post-8274","page","type-page","status-publish","hentry"],"post_mailing_queue_ids":[],"_links":{"self":[{"href":"https:\/\/serveiseducatius.xtec.cat\/segria\/wp-json\/wp\/v2\/pages\/8274","targetHints":{"allow":["GET"]}}],"collection":[{"href":"https:\/\/serveiseducatius.xtec.cat\/segria\/wp-json\/wp\/v2\/pages"}],"about":[{"href":"https:\/\/serveiseducatius.xtec.cat\/segria\/wp-json\/wp\/v2\/types\/page"}],"author":[{"embeddable":true,"href":"https:\/\/serveiseducatius.xtec.cat\/segria\/wp-json\/wp\/v2\/users\/5"}],"replies":[{"embeddable":true,"href":"https:\/\/serveiseducatius.xtec.cat\/segria\/wp-json\/wp\/v2\/comments?post=8274"}],"version-history":[{"count":3,"href":"https:\/\/serveiseducatius.xtec.cat\/segria\/wp-json\/wp\/v2\/pages\/8274\/revisions"}],"predecessor-version":[{"id":9813,"href":"https:\/\/serveiseducatius.xtec.cat\/segria\/wp-json\/wp\/v2\/pages\/8274\/revisions\/9813"}],"up":[{"embeddable":true,"href":"https:\/\/serveiseducatius.xtec.cat\/segria\/wp-json\/wp\/v2\/pages\/9815"}],"wp:attachment":[{"href":"https:\/\/serveiseducatius.xtec.cat\/segria\/wp-json\/wp\/v2\/media?parent=8274"}],"curies":[{"name":"wp","href":"https:\/\/api.w.org\/{rel}","templated":true}]}}