{"id":8254,"date":"2020-02-11T18:54:16","date_gmt":"2020-02-11T17:54:16","guid":{"rendered":"https:\/\/serveiseducatius.xtec.cat\/segria\/?page_id=8254"},"modified":"2021-04-13T09:03:40","modified_gmt":"2021-04-13T08:03:40","slug":"jornada-de-memoria-historica-holocaust","status":"publish","type":"page","link":"https:\/\/serveiseducatius.xtec.cat\/segria\/jornada-de-memoria-historica-holocaust\/","title":{"rendered":"Grup de treball de Mem\u00f2ria Hist\u00f2rica a l&#8217;educaci\u00f3 secund\u00e0ria  DEMD &#8211; Lleida"},"content":{"rendered":"<div class=\"mYVXT\">\n<div class=\"LS81yb VICjCf\" tabindex=\"-1\">\n<div class=\"hJDwNd-AhqUyc-uQSCkd purZT-AhqUyc-II5mzb pSzOP-AhqUyc-qWD73c JNdkSc\">\n<div class=\"JNdkSc-SmKAyb\">\n<div class=\"\">\n<div class=\"oKdM2c Kzv0Me\">\n<div id=\"h.p_Qsv_CwXBlK7J\" class=\"hJDwNd-AhqUyc-uQSCkd jXK9ad D2fZ2 OjCsFc wHaque GNzUNc\">\n<div class=\"jXK9ad-SmKAyb\">\n<div class=\"tyJCtd mGzaTb baZpAe\">\n<p>&nbsp;<\/p>\n<p><img loading=\"lazy\" decoding=\"async\" class=\"alignleft wp-image-9619 size-medium\" src=\"https:\/\/serveiseducatius.xtec.cat\/segria\/wp-content\/uploads\/usu679\/2020\/11\/foto1-300x199.jpg\" alt=\"\" width=\"300\" height=\"199\" srcset=\"https:\/\/serveiseducatius.xtec.cat\/segria\/wp-content\/uploads\/usu679\/2020\/11\/foto1-300x199.jpg 300w, https:\/\/serveiseducatius.xtec.cat\/segria\/wp-content\/uploads\/usu679\/2020\/11\/foto1.jpg 583w\" sizes=\"auto, (max-width: 300px) 100vw, 300px\" \/><\/p>\n<p id=\"h.p_RXcmdVqklK7L\" class=\"CDt4Ke zfr3Q\"><img loading=\"lazy\" decoding=\"async\" class=\"alignleft size-medium wp-image-9623\" src=\"https:\/\/serveiseducatius.xtec.cat\/segria\/wp-content\/uploads\/usu679\/2020\/11\/foto5-300x197.jpg\" alt=\"\" width=\"300\" height=\"197\" srcset=\"https:\/\/serveiseducatius.xtec.cat\/segria\/wp-content\/uploads\/usu679\/2020\/11\/foto5-300x197.jpg 300w, https:\/\/serveiseducatius.xtec.cat\/segria\/wp-content\/uploads\/usu679\/2020\/11\/foto5.jpg 591w\" sizes=\"auto, (max-width: 300px) 100vw, 300px\" \/><img loading=\"lazy\" decoding=\"async\" class=\"alignleft size-medium wp-image-9624\" src=\"https:\/\/serveiseducatius.xtec.cat\/segria\/wp-content\/uploads\/usu679\/2020\/11\/foto6-300x196.jpg\" alt=\"\" width=\"300\" height=\"196\" srcset=\"https:\/\/serveiseducatius.xtec.cat\/segria\/wp-content\/uploads\/usu679\/2020\/11\/foto6-300x196.jpg 300w, https:\/\/serveiseducatius.xtec.cat\/segria\/wp-content\/uploads\/usu679\/2020\/11\/foto6.jpg 598w\" sizes=\"auto, (max-width: 300px) 100vw, 300px\" \/><\/p>\n<p>&nbsp;<\/p>\n<p>&nbsp;<\/p>\n<p>&nbsp;<\/p>\n<p>&nbsp;<\/p>\n<p>&nbsp;<\/p>\n<p id=\"h.p_RXcmdVqklK7L\" class=\"CDt4Ke zfr3Q\"><strong>DESCRIPCI\u00d3 <\/strong><\/p>\n<p id=\"h.p_ksYu_B73tAYi\" class=\"CDt4Ke zfr3Q\">Grup de treball adre\u00e7at a professorat de secund\u00e0ria interessat per les <strong>tem\u00e0tiques de mem\u00f2ria democr\u00e0tica i defensa dels drets humans<\/strong>, aix\u00ed com sobre l&#8217;Holocaust i altres genocidis d&#8217;abast mundial i la seva prevenci\u00f3.<\/p>\n<p id=\"h.p_GXwkHY3Yu6n4\" class=\"CDt4Ke zfr3Q\"><strong>OBJECTIUS <\/strong><\/p>\n<p id=\"h.p_p-pSe2H4tAYi\" class=\"CDt4Ke zfr3Q\">1. Impulsar l\u2019ensenyament sobre l\u2019exili, la deportaci\u00f3 i l\u2019Holocaust a secund\u00e0ria a Lleida.<\/p>\n<p id=\"h.p_FsJdjc49tAYj\" class=\"CDt4Ke zfr3Q\">2. Educar els infants i joves per aconseguir una societat m\u00e9s justa, solid\u00e0ria i igualit\u00e0ria.<\/p>\n<p id=\"h.p_wYdQjpZTtAYk\" class=\"CDt4Ke zfr3Q\">3. Desenvolupar noves l\u00ednies curriculars, metodol\u00f2giques i did\u00e0ctiques sobre aquests temes.<\/p>\n<p id=\"h.p_7f42HPebtAYk\" class=\"CDt4Ke zfr3Q\">4. Establir nexes de connexi\u00f3 entre diferents \u00e0rees disciplinars per treballar conjuntament.<\/p>\n<p id=\"h.p_V_KFZRUctAYl\" class=\"CDt4Ke zfr3Q\"><strong>PROPOSTES <\/strong><\/p>\n<p id=\"h.p_JgvhS4vQtAYm\" class=\"CDt4Ke zfr3Q\">1. Realitzaci\u00f3 i an\u00e0lisi pr\u00e8via de l\u2019estat de la q\u00fcesti\u00f3: curr\u00edculum, coneixements i metodologia.<\/p>\n<p id=\"h.p_bmTXfdEVtAYn\" class=\"CDt4Ke zfr3Q\">2. Reflexi\u00f3 i elaboraci\u00f3 de les l\u00ednies metodol\u00f2giques i did\u00e0ctiques centrals sobre els eixos del grup.<\/p>\n<p id=\"h.p_8ejbnkxgtAYn\" class=\"CDt4Ke zfr3Q\">3. Creaci\u00f3 d\u2019un repositori de materials did\u00e0ctics.<\/p>\n<p style=\"text-align: center;\">EXEMPLE: Exposici\u00f3 &#8220;<a href=\"https:\/\/serveiseducatius.xtec.cat\/segria\/portada\/la-deportacio-femenina-dones-de-ponent-als-camps-nazis\/\" target=\"_blank\" rel=\"noopener noreferrer\">La deportaci\u00f3 femenina. Dones de Ponent als camps nazis<\/a>&#8220;<\/p>\n<p id=\"h.p_V0RT3sKatAYn\" class=\"CDt4Ke zfr3Q\">4. Programaci\u00f3 i celebraci\u00f3 d\u2019actes commemoratius al voltant de l\u2019exili, la deportaci\u00f3 i l\u2019Holocaust.<\/p>\n<p><img loading=\"lazy\" decoding=\"async\" class=\"aligncenter size-full wp-image-10060\" src=\"https:\/\/serveiseducatius.xtec.cat\/segria\/wp-content\/uploads\/usu679\/2020\/12\/Mauthausen.jpg\" alt=\"\" width=\"639\" height=\"429\" srcset=\"https:\/\/serveiseducatius.xtec.cat\/segria\/wp-content\/uploads\/usu679\/2020\/12\/Mauthausen.jpg 639w, https:\/\/serveiseducatius.xtec.cat\/segria\/wp-content\/uploads\/usu679\/2020\/12\/Mauthausen-300x201.jpg 300w\" sizes=\"auto, (max-width: 639px) 100vw, 639px\" \/><\/p>\n<p class=\"CDt4Ke zfr3Q\">Ets docent i t&#8217;interessa la mem\u00f2ria hist\u00f2rica?<\/p>\n<p id=\"h.p_jfPJ62wtl-Gg\" class=\"CDt4Ke zfr3Q\">T&#8217;agradaria participar en un grup de treball que dissenya propostes per a l&#8217;alumnat de secund\u00e0ria?<\/p>\n<p id=\"h.p_Mh9Qafm6mvWX\" class=\"CDt4Ke zfr3Q vSYeUc\">Et motivaria treballar en equip amb professorat de diferents centres de Ponent?<\/p>\n<p id=\"h.p_MX5Uh7AdnSgH\" class=\"CDt4Ke zfr3Q\">Coneixes els actes que se celebren arreu del pa\u00eds en commemoraci\u00f3 del <strong>Dia Internacional en Mem\u00f2ria de les V\u00edctimes de l&#8217;Holocaust<\/strong>?<\/p>\n<p id=\"h.p_SSru6RsKn2hQ\" class=\"CDt4Ke zfr3Q\">Si vols <strong>compartir les teves idees, participar en el grup de treball o en l&#8217;organitzaci\u00f3 d&#8217;actes de mem\u00f2ria hist\u00f2rica<\/strong>, et pots posar en contacte amb nosaltres a trav\u00e9s del CRP del Segri\u00e0 (c5990102@xtec.cat).<\/p>\n<\/div>\n<\/div>\n<\/div>\n<\/div>\n<\/div>\n<\/div>\n<\/div>\n<\/div>\n<\/div>\n<p><strong>Tota la informaci\u00f3 actualitzada<\/strong> d&#8217;actes i jornades del grup DEMD Lleida la trobareu en aquest \u00a0\u00a0 <img loading=\"lazy\" decoding=\"async\" class=\"alignnone wp-image-9324\" src=\"https:\/\/serveiseducatius.xtec.cat\/segria\/wp-content\/uploads\/usu679\/2020\/10\/1f517-1.png\" alt=\"\" width=\"20\" height=\"20\" \/>\u00a0 <strong><a href=\"https:\/\/sites.google.com\/xtec.cat\/memoria-secundaria-lleida\/inici\" target=\"_blank\" rel=\"noopener noreferrer\"><strong>ENLLA\u00c7<\/strong><\/a><\/strong><\/p>\n","protected":false},"excerpt":{"rendered":"<p>&nbsp; &nbsp; &nbsp; &nbsp; &nbsp; &nbsp; DESCRIPCI\u00d3 Grup de treball adre\u00e7at a professorat de secund\u00e0ria interessat per les tem\u00e0tiques de mem\u00f2ria democr\u00e0tica i defensa dels drets humans, aix\u00ed com sobre l&#8217;Holocaust i altres genocidis d&#8217;abast mundial i la seva prevenci\u00f3. OBJECTIUS 1. Impulsar l\u2019ensenyament sobre l\u2019exili, la deportaci\u00f3 i l\u2019Holocaust a secund\u00e0ria a Lleida. 2. [&hellip;]<\/p>\n","protected":false},"author":1,"featured_media":0,"parent":0,"menu_order":0,"comment_status":"closed","ping_status":"closed","template":"","meta":{"_bbp_topic_count":0,"_bbp_reply_count":0,"_bbp_total_topic_count":0,"_bbp_total_reply_count":0,"_bbp_voice_count":0,"_bbp_anonymous_reply_count":0,"_bbp_topic_count_hidden":0,"_bbp_reply_count_hidden":0,"_bbp_forum_subforum_count":0,"site-sidebar-layout":"default","site-content-layout":"","ast-site-content-layout":"","site-content-style":"default","site-sidebar-style":"default","ast-global-header-display":"","ast-banner-title-visibility":"","ast-main-header-display":"","ast-hfb-above-header-display":"","ast-hfb-below-header-display":"","ast-hfb-mobile-header-display":"","site-post-title":"","ast-breadcrumbs-content":"","ast-featured-img":"","footer-sml-layout":"","theme-transparent-header-meta":"","adv-header-id-meta":"","stick-header-meta":"","header-above-stick-meta":"","header-main-stick-meta":"","header-below-stick-meta":"","astra-migrate-meta-layouts":"default","ast-page-background-enabled":"default","ast-page-background-meta":{"desktop":{"background-color":"var(--ast-global-color-4)","background-image":"","background-repeat":"repeat","background-position":"center center","background-size":"auto","background-attachment":"scroll","background-type":"","background-media":"","overlay-type":"","overlay-color":"","overlay-opacity":"","overlay-gradient":""},"tablet":{"background-color":"","background-image":"","background-repeat":"repeat","background-position":"center center","background-size":"auto","background-attachment":"scroll","background-type":"","background-media":"","overlay-type":"","overlay-color":"","overlay-opacity":"","overlay-gradient":""},"mobile":{"background-color":"","background-image":"","background-repeat":"repeat","background-position":"center center","background-size":"auto","background-attachment":"scroll","background-type":"","background-media":"","overlay-type":"","overlay-color":"","overlay-opacity":"","overlay-gradient":""}},"ast-content-background-meta":{"desktop":{"background-color":"var(--ast-global-color-5)","background-image":"","background-repeat":"repeat","background-position":"center center","background-size":"auto","background-attachment":"scroll","background-type":"","background-media":"","overlay-type":"","overlay-color":"","overlay-opacity":"","overlay-gradient":""},"tablet":{"background-color":"var(--ast-global-color-5)","background-image":"","background-repeat":"repeat","background-position":"center center","background-size":"auto","background-attachment":"scroll","background-type":"","background-media":"","overlay-type":"","overlay-color":"","overlay-opacity":"","overlay-gradient":""},"mobile":{"background-color":"var(--ast-global-color-5)","background-image":"","background-repeat":"repeat","background-position":"center center","background-size":"auto","background-attachment":"scroll","background-type":"","background-media":"","overlay-type":"","overlay-color":"","overlay-opacity":"","overlay-gradient":""}},"footnotes":""},"class_list":["post-8254","page","type-page","status-publish","hentry"],"post_mailing_queue_ids":[],"_links":{"self":[{"href":"https:\/\/serveiseducatius.xtec.cat\/segria\/wp-json\/wp\/v2\/pages\/8254","targetHints":{"allow":["GET"]}}],"collection":[{"href":"https:\/\/serveiseducatius.xtec.cat\/segria\/wp-json\/wp\/v2\/pages"}],"about":[{"href":"https:\/\/serveiseducatius.xtec.cat\/segria\/wp-json\/wp\/v2\/types\/page"}],"author":[{"embeddable":true,"href":"https:\/\/serveiseducatius.xtec.cat\/segria\/wp-json\/wp\/v2\/users\/1"}],"replies":[{"embeddable":true,"href":"https:\/\/serveiseducatius.xtec.cat\/segria\/wp-json\/wp\/v2\/comments?post=8254"}],"version-history":[{"count":4,"href":"https:\/\/serveiseducatius.xtec.cat\/segria\/wp-json\/wp\/v2\/pages\/8254\/revisions"}],"predecessor-version":[{"id":13129,"href":"https:\/\/serveiseducatius.xtec.cat\/segria\/wp-json\/wp\/v2\/pages\/8254\/revisions\/13129"}],"wp:attachment":[{"href":"https:\/\/serveiseducatius.xtec.cat\/segria\/wp-json\/wp\/v2\/media?parent=8254"}],"curies":[{"name":"wp","href":"https:\/\/api.w.org\/{rel}","templated":true}]}}