{"id":8212,"date":"2020-02-07T08:49:58","date_gmt":"2020-02-07T07:49:58","guid":{"rendered":"https:\/\/serveiseducatius.xtec.cat\/segria\/?page_id=8212"},"modified":"2025-11-17T08:34:28","modified_gmt":"2025-11-17T07:34:28","slug":"projecte-comu-de-lectura","status":"publish","type":"page","link":"https:\/\/serveiseducatius.xtec.cat\/segria\/projecte-comu-de-lectura\/","title":{"rendered":"Projectes de Lectura dinamitzats pel CRP"},"content":{"rendered":"<h6><img loading=\"lazy\" decoding=\"async\" class=\"wp-image-11773 aligncenter\" src=\"https:\/\/serveiseducatius.xtec.cat\/segria\/wp-content\/uploads\/usu679\/2021\/01\/Viatjar-llibre.png\" alt=\"\" width=\"640\" height=\"233\" srcset=\"https:\/\/serveiseducatius.xtec.cat\/segria\/wp-content\/uploads\/usu679\/2021\/01\/Viatjar-llibre.png 967w, https:\/\/serveiseducatius.xtec.cat\/segria\/wp-content\/uploads\/usu679\/2021\/01\/Viatjar-llibre-300x109.png 300w, https:\/\/serveiseducatius.xtec.cat\/segria\/wp-content\/uploads\/usu679\/2021\/01\/Viatjar-llibre-768x278.png 768w\" sizes=\"auto, (max-width: 640px) 100vw, 640px\" \/><\/h6>\n<h6><\/h6>\n<h3><\/h3>\n<h3 style=\"text-align: left;\">Aqu\u00ed trobar\u00e0s detall dels 7 Projectes de lectura &#8230;<\/h3>\n<h3 style=\"text-align: right;\">&#8230;vols descobrir-los?<\/h3>\n<p><a href=\"https:\/\/serveiseducatius.xtec.cat\/segria\/projecte-de-lectura-literatura-de-viatges\/\" target=\"_blank\" rel=\"noopener\"><img loading=\"lazy\" decoding=\"async\" class=\"wp-image-26521 alignleft\" src=\"https:\/\/serveiseducatius.xtec.cat\/segria\/wp-content\/uploads\/usu679\/2025\/11\/titol-literatura-viatges.jpg\" alt=\"\" width=\"339\" height=\"97\" srcset=\"https:\/\/serveiseducatius.xtec.cat\/segria\/wp-content\/uploads\/usu679\/2025\/11\/titol-literatura-viatges.jpg 608w, https:\/\/serveiseducatius.xtec.cat\/segria\/wp-content\/uploads\/usu679\/2025\/11\/titol-literatura-viatges-300x86.jpg 300w\" sizes=\"auto, (max-width: 339px) 100vw, 339px\" \/><\/a><\/p>\n<table style=\"width: 2000px; border-style: none; height: 509px;\">\n<tbody>\n<tr style=\"height: 252px;\">\n<td style=\"width: 327.854px; border-style: none; height: 252px;\"><a href=\"https:\/\/serveiseducatius.xtec.cat\/segria\/coeducacio-projecte-amb-d-de-dona\/\" target=\"_blank\" rel=\"noopener\"><img loading=\"lazy\" decoding=\"async\" class=\"wp-image-11363 aligncenter\" src=\"https:\/\/serveiseducatius.xtec.cat\/segria\/wp-content\/uploads\/usu679\/2021\/01\/ambDdeDona.png\" alt=\"\" width=\"314\" height=\"187\" srcset=\"https:\/\/serveiseducatius.xtec.cat\/segria\/wp-content\/uploads\/usu679\/2021\/01\/ambDdeDona.png 502w, https:\/\/serveiseducatius.xtec.cat\/segria\/wp-content\/uploads\/usu679\/2021\/01\/ambDdeDona-300x178.png 300w\" sizes=\"auto, (max-width: 314px) 100vw, 314px\" \/><\/a><\/td>\n<td style=\"width: 389.146px; border-style: none; height: 252px;\"><a href=\"https:\/\/sites.google.com\/xtec.cat\/inici\/Les-mil-i-una-nits\" target=\"_blank\" rel=\"noopener\"><img loading=\"lazy\" decoding=\"async\" class=\"wp-image-11347 aligncenter\" src=\"https:\/\/serveiseducatius.xtec.cat\/segria\/wp-content\/uploads\/usu679\/2021\/01\/Les1001nits.png\" alt=\"\" width=\"330\" height=\"184\" srcset=\"https:\/\/serveiseducatius.xtec.cat\/segria\/wp-content\/uploads\/usu679\/2021\/01\/Les1001nits.png 702w, https:\/\/serveiseducatius.xtec.cat\/segria\/wp-content\/uploads\/usu679\/2021\/01\/Les1001nits-300x167.png 300w\" sizes=\"auto, (max-width: 330px) 100vw, 330px\" \/><\/a><\/td>\n<td style=\"width: 1275px; border-style: none; height: 252px;\"><a href=\"https:\/\/antiga.sesegria.cat\/projectes\/projecte-com%C3%BA-de-lectura-pinotxo\" target=\"_blank\" rel=\"noopener\"><img loading=\"lazy\" decoding=\"async\" class=\"wp-image-11355 alignnone\" src=\"https:\/\/serveiseducatius.xtec.cat\/segria\/wp-content\/uploads\/usu679\/2021\/01\/Pinoccio-1024x768.jpg\" alt=\"\" width=\"311\" height=\"233\" srcset=\"https:\/\/serveiseducatius.xtec.cat\/segria\/wp-content\/uploads\/usu679\/2021\/01\/Pinoccio-1024x768.jpg 1024w, https:\/\/serveiseducatius.xtec.cat\/segria\/wp-content\/uploads\/usu679\/2021\/01\/Pinoccio-300x225.jpg 300w, https:\/\/serveiseducatius.xtec.cat\/segria\/wp-content\/uploads\/usu679\/2021\/01\/Pinoccio-768x576.jpg 768w, https:\/\/serveiseducatius.xtec.cat\/segria\/wp-content\/uploads\/usu679\/2021\/01\/Pinoccio-200x150.jpg 200w, https:\/\/serveiseducatius.xtec.cat\/segria\/wp-content\/uploads\/usu679\/2021\/01\/Pinoccio.jpg 1936w\" sizes=\"auto, (max-width: 311px) 100vw, 311px\" \/><\/a><\/td>\n<\/tr>\n<tr style=\"height: 226px;\">\n<td style=\"width: 327.854px; border-style: none; height: 226px;\"><a href=\"https:\/\/sites.google.com\/xtec.cat\/projecte-roald-dahl\/inici?authuser=1\" target=\"_blank\" rel=\"noopener\"><img loading=\"lazy\" decoding=\"async\" class=\"wp-image-11351 aligncenter\" src=\"https:\/\/serveiseducatius.xtec.cat\/segria\/wp-content\/uploads\/usu679\/2021\/01\/M\u00e0gia-RD.png\" alt=\"\" width=\"312\" height=\"157\" srcset=\"https:\/\/serveiseducatius.xtec.cat\/segria\/wp-content\/uploads\/usu679\/2021\/01\/M\u00e0gia-RD.png 397w, https:\/\/serveiseducatius.xtec.cat\/segria\/wp-content\/uploads\/usu679\/2021\/01\/M\u00e0gia-RD-300x151.png 300w\" sizes=\"auto, (max-width: 312px) 100vw, 312px\" \/><\/a><\/td>\n<td style=\"width: 389.146px; border-style: none; height: 226px;\"><a href=\"https:\/\/antiga.sesegria.cat\/projectes\/projecte-com%C3%BA-de-lectura-petit-pr%C3%ADncep\" target=\"_blank\" rel=\"noopener\"><img loading=\"lazy\" decoding=\"async\" class=\"aligncenter wp-image-11362\" src=\"https:\/\/serveiseducatius.xtec.cat\/segria\/wp-content\/uploads\/usu679\/2021\/01\/Petit-Princep.png\" alt=\"\" width=\"330\" height=\"194\" srcset=\"https:\/\/serveiseducatius.xtec.cat\/segria\/wp-content\/uploads\/usu679\/2021\/01\/Petit-Princep.png 301w, https:\/\/serveiseducatius.xtec.cat\/segria\/wp-content\/uploads\/usu679\/2021\/01\/Petit-Princep-300x177.png 300w\" sizes=\"auto, (max-width: 330px) 100vw, 330px\" \/><\/a><\/td>\n<td style=\"width: 1275px; border-style: none; height: 226px;\"><a href=\"https:\/\/antiga.sesegria.cat\/projectes\/projecte-com%C3%BA-de-lectura-al%C3%ADcia-al-pa%C3%ADs-de-les-meravelles\" target=\"_blank\" rel=\"noopener\"><img loading=\"lazy\" decoding=\"async\" class=\"wp-image-11361 alignnone\" src=\"https:\/\/serveiseducatius.xtec.cat\/segria\/wp-content\/uploads\/usu679\/2021\/01\/Al\u00edcia-1.jpg\" alt=\"\" width=\"343\" height=\"208\" srcset=\"https:\/\/serveiseducatius.xtec.cat\/segria\/wp-content\/uploads\/usu679\/2021\/01\/Al\u00edcia-1.jpg 574w, https:\/\/serveiseducatius.xtec.cat\/segria\/wp-content\/uploads\/usu679\/2021\/01\/Al\u00edcia-1-300x182.jpg 300w\" sizes=\"auto, (max-width: 343px) 100vw, 343px\" \/><\/a><\/td>\n<\/tr>\n<tr style=\"height: 31px;\">\n<td style=\"width: 327.854px; border-style: none; height: 31px;\">RECURSOS AL VOLTANT DE LA LECTURA:<\/p>\n<ul>\n<li><a href=\"https:\/\/www.vallegim.cat\/\" target=\"_blank\" rel=\"noopener\">Va, llegim<\/a> (p\u00e0gina web de suport a la lectura per a mestres i pares amb la finalitat d\u2019ajudar nens i nenes a aprendre a llegir).<\/li>\n<\/ul>\n<\/td>\n<td style=\"width: 389.146px; border-style: none; height: 31px;\"><\/td>\n<td style=\"width: 1275px; border-style: none; height: 31px;\"><\/td>\n<\/tr>\n<\/tbody>\n<\/table>\n","protected":false},"excerpt":{"rendered":"<p>Aqu\u00ed trobar\u00e0s detall dels 7 Projectes de lectura &#8230; &#8230;vols descobrir-los? RECURSOS AL VOLTANT DE LA LECTURA: Va, llegim (p\u00e0gina web de suport a la lectura per a mestres i pares amb la finalitat d\u2019ajudar nens i nenes a aprendre a llegir).<\/p>\n","protected":false},"author":1,"featured_media":0,"parent":0,"menu_order":0,"comment_status":"closed","ping_status":"closed","template":"","meta":{"_bbp_topic_count":0,"_bbp_reply_count":0,"_bbp_total_topic_count":0,"_bbp_total_reply_count":0,"_bbp_voice_count":0,"_bbp_anonymous_reply_count":0,"_bbp_topic_count_hidden":0,"_bbp_reply_count_hidden":0,"_bbp_forum_subforum_count":0,"site-sidebar-layout":"default","site-content-layout":"","ast-site-content-layout":"","site-content-style":"default","site-sidebar-style":"default","ast-global-header-display":"","ast-banner-title-visibility":"","ast-main-header-display":"","ast-hfb-above-header-display":"","ast-hfb-below-header-display":"","ast-hfb-mobile-header-display":"","site-post-title":"","ast-breadcrumbs-content":"","ast-featured-img":"","footer-sml-layout":"","theme-transparent-header-meta":"","adv-header-id-meta":"","stick-header-meta":"","header-above-stick-meta":"","header-main-stick-meta":"","header-below-stick-meta":"","astra-migrate-meta-layouts":"default","ast-page-background-enabled":"default","ast-page-background-meta":{"desktop":{"background-color":"var(--ast-global-color-4)","background-image":"","background-repeat":"repeat","background-position":"center center","background-size":"auto","background-attachment":"scroll","background-type":"","background-media":"","overlay-type":"","overlay-color":"","overlay-opacity":"","overlay-gradient":""},"tablet":{"background-color":"","background-image":"","background-repeat":"repeat","background-position":"center center","background-size":"auto","background-attachment":"scroll","background-type":"","background-media":"","overlay-type":"","overlay-color":"","overlay-opacity":"","overlay-gradient":""},"mobile":{"background-color":"","background-image":"","background-repeat":"repeat","background-position":"center center","background-size":"auto","background-attachment":"scroll","background-type":"","background-media":"","overlay-type":"","overlay-color":"","overlay-opacity":"","overlay-gradient":""}},"ast-content-background-meta":{"desktop":{"background-color":"var(--ast-global-color-5)","background-image":"","background-repeat":"repeat","background-position":"center center","background-size":"auto","background-attachment":"scroll","background-type":"","background-media":"","overlay-type":"","overlay-color":"","overlay-opacity":"","overlay-gradient":""},"tablet":{"background-color":"var(--ast-global-color-5)","background-image":"","background-repeat":"repeat","background-position":"center center","background-size":"auto","background-attachment":"scroll","background-type":"","background-media":"","overlay-type":"","overlay-color":"","overlay-opacity":"","overlay-gradient":""},"mobile":{"background-color":"var(--ast-global-color-5)","background-image":"","background-repeat":"repeat","background-position":"center center","background-size":"auto","background-attachment":"scroll","background-type":"","background-media":"","overlay-type":"","overlay-color":"","overlay-opacity":"","overlay-gradient":""}},"footnotes":""},"class_list":["post-8212","page","type-page","status-publish","hentry"],"post_mailing_queue_ids":[],"_links":{"self":[{"href":"https:\/\/serveiseducatius.xtec.cat\/segria\/wp-json\/wp\/v2\/pages\/8212","targetHints":{"allow":["GET"]}}],"collection":[{"href":"https:\/\/serveiseducatius.xtec.cat\/segria\/wp-json\/wp\/v2\/pages"}],"about":[{"href":"https:\/\/serveiseducatius.xtec.cat\/segria\/wp-json\/wp\/v2\/types\/page"}],"author":[{"embeddable":true,"href":"https:\/\/serveiseducatius.xtec.cat\/segria\/wp-json\/wp\/v2\/users\/1"}],"replies":[{"embeddable":true,"href":"https:\/\/serveiseducatius.xtec.cat\/segria\/wp-json\/wp\/v2\/comments?post=8212"}],"version-history":[{"count":6,"href":"https:\/\/serveiseducatius.xtec.cat\/segria\/wp-json\/wp\/v2\/pages\/8212\/revisions"}],"predecessor-version":[{"id":26543,"href":"https:\/\/serveiseducatius.xtec.cat\/segria\/wp-json\/wp\/v2\/pages\/8212\/revisions\/26543"}],"wp:attachment":[{"href":"https:\/\/serveiseducatius.xtec.cat\/segria\/wp-json\/wp\/v2\/media?parent=8212"}],"curies":[{"name":"wp","href":"https:\/\/api.w.org\/{rel}","templated":true}]}}