{"id":8202,"date":"2020-02-07T08:46:50","date_gmt":"2020-02-07T07:46:50","guid":{"rendered":"https:\/\/serveiseducatius.xtec.cat\/segria\/?page_id=8202"},"modified":"2026-02-19T11:45:56","modified_gmt":"2026-02-19T10:45:56","slug":"secundaria-rock","status":"publish","type":"page","link":"https:\/\/serveiseducatius.xtec.cat\/segria\/secundaria-rock\/","title":{"rendered":"Secund\u00e0ria Rock 2026 : LA MOVIDA"},"content":{"rendered":"<p class=\"rtecenter\"><a href=\"https:\/\/serveiseducatius.xtec.cat\/segria\/wp-content\/uploads\/usu679\/2020\/02\/rock-p.jpg\"><img loading=\"lazy\" decoding=\"async\" class=\"size-full wp-image-8298 alignright\" src=\"https:\/\/serveiseducatius.xtec.cat\/segria\/wp-content\/uploads\/usu679\/2020\/02\/rock-p.jpg\" alt=\"\" width=\"180\" height=\"140\" \/><\/a><\/p>\n<h4 class=\"rtecenter\">Descripci\u00f3 general de l&#8217;activitat<\/h4>\n<p class=\"rtejustify\" style=\"text-align: justify;\">Des del Centre de Recursos Pedag\u00f2gics del Segri\u00e0 i amb la col\u00b7laboraci\u00f3 de la Regidoria de les Pol\u00edtiques a favor de la creativitat, la Cultura, l\u2019Educaci\u00f3 i els Esports de l&#8217;Ajuntament de Lleida, s&#8217;organitza ininterrompudament des de l&#8217;any 2006 una mostra de la m\u00fasica rock que es fa en els centres educatius de secund\u00e0ria per part de bandes no estables de Col\u00b7legis i Instituts.<\/p>\n<p class=\"rtejustify\" style=\"text-align: justify;\"><img loading=\"lazy\" decoding=\"async\" class=\"alignleft wp-image-10869\" src=\"https:\/\/serveiseducatius.xtec.cat\/segria\/wp-content\/uploads\/usu679\/2020\/12\/rock-209x300.jpg\" alt=\"\" width=\"265\" height=\"381\" srcset=\"https:\/\/serveiseducatius.xtec.cat\/segria\/wp-content\/uploads\/usu679\/2020\/12\/rock-209x300.jpg 209w, https:\/\/serveiseducatius.xtec.cat\/segria\/wp-content\/uploads\/usu679\/2020\/12\/rock.jpg 543w\" sizes=\"auto, (max-width: 265px) 100vw, 265px\" \/>Aquesta mostra esdev\u00e9 una oportunitat per recrear una actuaci\u00f3 en directe de les composicions que s&#8217;assagen a les aules de m\u00fasica per part de l&#8217;alumnat de Secund\u00e0ria.<\/p>\n<p style=\"text-align: justify;\">El concert t\u00e9 lloc a l&#8217;escenari del Caf\u00e8 del Teatre de L&#8217;Escorxador. L&#8217;alumnat que participa en la mostra \u00e9s convidat a assistir a una<em> Classe<\/em> magistral, impartida per un\/a m\u00fasic de reconeguda traject\u00f2ria en l&#8217;\u00e0mbit de la m\u00fasica. Any rere any es treballen aspectes diferents: l&#8217;acompanyament, el ritme, les veus, els arranjaments, les lletres, les xarxes&#8230;<\/p>\n<ul style=\"text-align: justify;\">\n<li>Cada centre participant interpretar\u00e0 dues peces musicals, en el cas d&#8217;haver-hi m\u00e9s d&#8217;una banda per centre, poseu-vos en contacte amb l&#8217;organitzaci\u00f3, ja que hi ha una limitaci\u00f3 de temps en funci\u00f3 dels centres participants.<\/li>\n<li>A cada edici\u00f3 es proposa un eix tem\u00e0tic com\u00fa, que pot ser m\u00fasica d&#8217;un temps, d&#8217;un estil&#8230;, una de les dues interpretacions ha de ser d&#8217;aquest eix tem\u00e0tic. En el cas de la pr\u00f2xima edici\u00f3 (2026) \u00e9s el moviment cultural i social conegut com <em>La Movida Madrilenya :\u00a0<\/em>un dels temes interpretats ha de ser una versi\u00f3 d&#8217;un tema d&#8217;aquella revoluci\u00f3 contracultural&#8230; hi ha molts grups musicals on triar!<\/li>\n<li>Almenys una de les peces ha de ser cantada en catal\u00e0 o tenir si m\u00e9s no una part de la lletra en catal\u00e0.<\/li>\n<li>En finalitzar les actuacions tots els\/les cantants de les diferents bandes pugen a l&#8217;escenari i s&#8217;interpreta un tema conjunt de cloenda. Durant el mat\u00ed del dia de la interpretaci\u00f3 es fa un assaig general despr\u00e9s de la <em>M\u00e0ster Class<\/em>. La banda que acompanya la lletra \u00e9s la que actua en darrer lloc. (Es pacta pr\u00e8viament)<\/li>\n<\/ul>\n<p><strong><span style=\"color: #ff0000;\">INSCRIPCIONS 2026:\u00a0<\/span> <a href=\"https:\/\/forms.gle\/k7U8HxKAfNWNju3CA\">AQU\u00cd<\/a><\/strong><b> (fins al 27 de mar\u00e7!)<\/b><\/p>\n<p><span style=\"font-family: inherit; font-size: 1em; text-align: justify;\">Cal remarcar que es tracta d&#8217;una mostra que no t\u00e9 cap \u00e0nim competitiu, \u00a0Els participants viuen en primera persona un concert de rock en un escenari i ambients reals.<\/span><\/p>\n<p><strong><a href=\"https:\/\/serveiseducatius.xtec.cat\/segria\/wp-content\/uploads\/usu679\/2020\/12\/enllac.png\"><img loading=\"lazy\" decoding=\"async\" class=\"alignleft wp-image-10592\" src=\"https:\/\/serveiseducatius.xtec.cat\/segria\/wp-content\/uploads\/usu679\/2020\/12\/enllac.png\" alt=\"\" width=\"20\" height=\"20\" \/><\/a> \u00a0\u00a0 \u00a0\u00a0 <a href=\"https:\/\/sites.google.com\/a\/xtec.cat\/secundaria-rock\/2026-edici%C3%B3-actual\">Acc\u00e9s al web de Secund\u00e0ria Rock per veure els continguts de totes les\u00a0 edicions<\/a><\/strong><\/p>\n<p><strong> <a href=\"https:\/\/serveiseducatius.xtec.cat\/segria\/wp-content\/uploads\/usu679\/2020\/12\/enllac.png\"><img loading=\"lazy\" decoding=\"async\" class=\"alignleft wp-image-10592\" src=\"https:\/\/serveiseducatius.xtec.cat\/segria\/wp-content\/uploads\/usu679\/2020\/12\/enllac.png\" alt=\"\" width=\"20\" height=\"20\" \/><\/a>\u00a0 \u00a0 \u00a0 <a href=\"https:\/\/youtu.be\/Vbd4Y_nQEuI?si=gyKKCx3todScQGtm\">Video &#8211; resum de les actuacions 2024<\/a><\/strong><\/p>\n<p><strong><a href=\"https:\/\/serveiseducatius.xtec.cat\/segria\/wp-content\/uploads\/usu679\/2020\/12\/enllac.png\"><img loading=\"lazy\" decoding=\"async\" class=\"alignleft wp-image-10592\" src=\"https:\/\/serveiseducatius.xtec.cat\/segria\/wp-content\/uploads\/usu679\/2020\/12\/enllac.png\" alt=\"\" width=\"20\" height=\"20\" \/><\/a><\/strong><\/p>\n<p><strong>\u00a0 \u00a0 \u00a0 <a href=\"https:\/\/photos.app.goo.gl\/iPjHNK2SUJ5ynKZr7\">\u00c0lbum fotogr\u00e0fic Secund\u00e0ria Rock 2025\u00a0<\/a><\/strong><\/p>\n<h4><strong>Concurs de Cartells<\/strong><\/h4>\n<p class=\"CDt4Ke zfr3Q\" dir=\"ltr\"><strong>Bases del concurs de cartells 2026<\/strong><\/p>\n<p dir=\"ltr\">Cada edici\u00f3 del <em>Secund\u00e0ria Rock<\/em> s&#8217;acompanya amb la publicaci\u00f3 d&#8217;un cartell, el guanyador d&#8217;entre els presentats. Aquestes s\u00f3n les bases:<\/p>\n<p class=\"CDt4Ke zfr3Q\" dir=\"ltr\">-El cartell guanyador del concurs de cartells ser\u00e0 el que s&#8217;imprimir\u00e0 i difondr\u00e0 com a anunci de cada edici\u00f3.<br \/>-Pot participar alumnat matriculat en centres educatius de secund\u00e0ria.<br \/>-La mida del cartell ha de ser DIN-A 3, i el dibuix en orientaci\u00f3 vertical.<br \/>-En el cartell no ha de figurar data, lloc, horari, ni cap lletra informativa. Ha de ser una imatge neta.<br \/>-La t\u00e8cnica \u00e9s lliure, sempre tenint en compte que la finalitat \u00e9s imprimir el cartell anunciador.<br \/>-Els dibuixos i imatges han de ser originals i in\u00e8dits, de creaci\u00f3 \u00edntegra pr\u00f2pia de l&#8217;autor\/a.<br \/>-El nom, curs i centre educatiu de l&#8217;autor\/a, no ha de figurar a la part visible del cartell.<br \/>-Els cartells s&#8217;han de presentar escanejats com a adjunts al correu electr\u00f2nic a crp-segria@xtec.cat abans del <strong>dijous 19<\/strong><strong>\u00a0de mar\u00e7 d<\/strong><strong>e 2026.<br \/><\/strong>-En el mateix correu en qu\u00e8 adjunteu els cartells poseu la seg\u00fcent informaci\u00f3:<\/p>\n<p class=\"CDt4Ke zfr3Q\" dir=\"ltr\" style=\"padding-left: 40px;\"><span style=\"font-family: inherit;\"><span style=\"font-size: 1em;\">-Nomeneu els cartells adjunts al correu de l&#8217;1 al 5 i escriviu la <\/span><\/span>correspond\u00e8ncia<span style=\"font-family: inherit;\"><span style=\"font-size: 1em;\"> d&#8217;aquests n\u00fameros amb les autories dels cartells al cos del correu.<\/span><\/span><br \/><span style=\"font-family: inherit; font-size: 1em;\">-Nom i correu electr\u00f2nic del\/la professor\/a de dibuix<br \/><\/span><span style=\"font-family: inherit; font-size: 1em;\">-Correu electr\u00f2nic de contacte (professor\/a responsable)<\/span><\/p>\n<p class=\"CDt4Ke zfr3Q\" dir=\"ltr\">-Un mateix centre educatiu presentar\u00e0 un m\u00e0xim de cinc cartells.<br \/>-Formaran part del tribunal el \/la professor\/a d&#8217;EVP de cada centre educatiu que presenti\u00a0 treballs del seu alumnat al concurs.<br \/>-Les votacions es faran en l\u00ednia, els docents de l&#8217;alumnat que presenta treballs rebran instruccions un cop ven\u00e7ut el termini de lliurament de treballs.<br \/>-L&#8217;autor\/a del cartell guanyador rebr\u00e0 un val de 100\u202f\u20ac per despeses de material escolar a la Llibreria Abacus i diploma.<\/p>\n<ul>\n<li style=\"list-style-type: none;\">\n<ul class=\"n8H08c UVNKR\">\n<li dir=\"ltr\">Consulteu el recull de <a href=\"https:\/\/sites.google.com\/a\/xtec.cat\/secundaria-rock\/concurs-de-cartells?authuser=0\">cartells guanyadors<\/a> des de la quarta edici\u00f3 del 2ria RocK<\/li>\n<\/ul>\n<\/li>\n<\/ul>\n\n","protected":false},"excerpt":{"rendered":"<p>Descripci\u00f3 general de l&#8217;activitat Des del Centre de Recursos Pedag\u00f2gics del Segri\u00e0 i amb la col\u00b7laboraci\u00f3 de la Regidoria de les Pol\u00edtiques a favor de la creativitat, la Cultura, l\u2019Educaci\u00f3 i els Esports de l&#8217;Ajuntament de Lleida, s&#8217;organitza ininterrompudament des de l&#8217;any 2006 una mostra de la m\u00fasica rock que es fa en els centres [&hellip;]<\/p>\n","protected":false},"author":1,"featured_media":0,"parent":0,"menu_order":0,"comment_status":"closed","ping_status":"closed","template":"","meta":{"_bbp_topic_count":0,"_bbp_reply_count":0,"_bbp_total_topic_count":0,"_bbp_total_reply_count":0,"_bbp_voice_count":0,"_bbp_anonymous_reply_count":0,"_bbp_topic_count_hidden":0,"_bbp_reply_count_hidden":0,"_bbp_forum_subforum_count":0,"site-sidebar-layout":"default","site-content-layout":"","ast-site-content-layout":"","site-content-style":"default","site-sidebar-style":"default","ast-global-header-display":"","ast-banner-title-visibility":"","ast-main-header-display":"","ast-hfb-above-header-display":"","ast-hfb-below-header-display":"","ast-hfb-mobile-header-display":"","site-post-title":"","ast-breadcrumbs-content":"","ast-featured-img":"","footer-sml-layout":"","theme-transparent-header-meta":"","adv-header-id-meta":"","stick-header-meta":"","header-above-stick-meta":"","header-main-stick-meta":"","header-below-stick-meta":"","astra-migrate-meta-layouts":"default","ast-page-background-enabled":"default","ast-page-background-meta":{"desktop":{"background-color":"var(--ast-global-color-4)","background-image":"","background-repeat":"repeat","background-position":"center center","background-size":"auto","background-attachment":"scroll","background-type":"","background-media":"","overlay-type":"","overlay-color":"","overlay-opacity":"","overlay-gradient":""},"tablet":{"background-color":"","background-image":"","background-repeat":"repeat","background-position":"center center","background-size":"auto","background-attachment":"scroll","background-type":"","background-media":"","overlay-type":"","overlay-color":"","overlay-opacity":"","overlay-gradient":""},"mobile":{"background-color":"","background-image":"","background-repeat":"repeat","background-position":"center center","background-size":"auto","background-attachment":"scroll","background-type":"","background-media":"","overlay-type":"","overlay-color":"","overlay-opacity":"","overlay-gradient":""}},"ast-content-background-meta":{"desktop":{"background-color":"var(--ast-global-color-5)","background-image":"","background-repeat":"repeat","background-position":"center center","background-size":"auto","background-attachment":"scroll","background-type":"","background-media":"","overlay-type":"","overlay-color":"","overlay-opacity":"","overlay-gradient":""},"tablet":{"background-color":"var(--ast-global-color-5)","background-image":"","background-repeat":"repeat","background-position":"center center","background-size":"auto","background-attachment":"scroll","background-type":"","background-media":"","overlay-type":"","overlay-color":"","overlay-opacity":"","overlay-gradient":""},"mobile":{"background-color":"var(--ast-global-color-5)","background-image":"","background-repeat":"repeat","background-position":"center center","background-size":"auto","background-attachment":"scroll","background-type":"","background-media":"","overlay-type":"","overlay-color":"","overlay-opacity":"","overlay-gradient":""}},"footnotes":""},"class_list":["post-8202","page","type-page","status-publish","hentry"],"post_mailing_queue_ids":[],"_links":{"self":[{"href":"https:\/\/serveiseducatius.xtec.cat\/segria\/wp-json\/wp\/v2\/pages\/8202","targetHints":{"allow":["GET"]}}],"collection":[{"href":"https:\/\/serveiseducatius.xtec.cat\/segria\/wp-json\/wp\/v2\/pages"}],"about":[{"href":"https:\/\/serveiseducatius.xtec.cat\/segria\/wp-json\/wp\/v2\/types\/page"}],"author":[{"embeddable":true,"href":"https:\/\/serveiseducatius.xtec.cat\/segria\/wp-json\/wp\/v2\/users\/1"}],"replies":[{"embeddable":true,"href":"https:\/\/serveiseducatius.xtec.cat\/segria\/wp-json\/wp\/v2\/comments?post=8202"}],"version-history":[{"count":6,"href":"https:\/\/serveiseducatius.xtec.cat\/segria\/wp-json\/wp\/v2\/pages\/8202\/revisions"}],"predecessor-version":[{"id":27169,"href":"https:\/\/serveiseducatius.xtec.cat\/segria\/wp-json\/wp\/v2\/pages\/8202\/revisions\/27169"}],"wp:attachment":[{"href":"https:\/\/serveiseducatius.xtec.cat\/segria\/wp-json\/wp\/v2\/media?parent=8202"}],"curies":[{"name":"wp","href":"https:\/\/api.w.org\/{rel}","templated":true}]}}