{"id":8200,"date":"2020-02-07T08:46:31","date_gmt":"2020-02-07T07:46:31","guid":{"rendered":"https:\/\/serveiseducatius.xtec.cat\/segria\/?page_id=8200"},"modified":"2023-05-24T14:33:40","modified_gmt":"2023-05-24T12:33:40","slug":"congres-anna-gene-ciencia-a-les-escoles","status":"publish","type":"page","link":"https:\/\/serveiseducatius.xtec.cat\/segria\/congres-anna-gene-ciencia-a-les-escoles\/","title":{"rendered":"Congr\u00e9s Anna Gen\u00e9. Ci\u00e8ncia a les escoles"},"content":{"rendered":"<p><a href=\"https:\/\/serveiseducatius.xtec.cat\/segria\/wp-content\/uploads\/usu679\/2020\/02\/femciencialescola.jpg\"><img loading=\"lazy\" decoding=\"async\" class=\"aligncenter wp-image-8322\" src=\"https:\/\/serveiseducatius.xtec.cat\/segria\/wp-content\/uploads\/usu679\/2020\/02\/femciencialescola.jpg\" alt=\"\" width=\"466\" height=\"241\" srcset=\"https:\/\/serveiseducatius.xtec.cat\/segria\/wp-content\/uploads\/usu679\/2020\/02\/femciencialescola.jpg 650w, https:\/\/serveiseducatius.xtec.cat\/segria\/wp-content\/uploads\/usu679\/2020\/02\/femciencialescola-300x155.jpg 300w\" sizes=\"auto, (max-width: 466px) 100vw, 466px\" \/><\/a><\/p>\n<p class=\"rtejustify\" style=\"text-align: justify;\"><strong>La Facultat de Ci\u00e8ncies de l&#8217;Educaci\u00f3 (UdL), el Centre de Recursos Pedag\u00f2gics del Segri\u00e0 (Departament d&#8217;Ensenyament) i l&#8217;Agenda 21 Escolar de Lleida (Ajuntament de Lleida)<\/strong>, organitzen conjuntament des de 2014 el Congr\u00e9s: <strong>Fem Ci\u00e8ncia a l&#8217;escola. Congr\u00e9s Anna Gen\u00e9<\/strong>.<\/p>\n<p class=\"rtejustify\" style=\"text-align: justify;\">El Congr\u00e9s t\u00e9 l\u2019objectiu d\u2019afavorir i difondre el treball cient\u00edfic dels escolars d\u2019educaci\u00f3 infantil i prim\u00e0ria, i mant\u00e9 una estreta vinculaci\u00f3 amb el ja consolidat Dia de la Ci\u00e8ncia al Carrer. Les pon\u00e8ncies presentaran treballs d\u2019indagaci\u00f3 cient\u00edfica escolar en diferents \u00e0mbits de les ci\u00e8ncies experimentals. En el Congr\u00e9s els veritables protagonistes s\u00f3n els nens i nenes, at\u00e8s que s\u00f3n ells i elles els ponents encarregats de compartir les seves viv\u00e8ncies i aprenentatges amb tot el p\u00fablic assistent.<\/p>\n<p>La 8na edici\u00f3 del congr\u00e9s tindr\u00e0 lloc els dies <b>17, 18 i 19 de maig <\/b>de 2023<\/p>\n<p><span style=\"font-size: large;\"><b>INSCRIPCIONS<a href=\"https:\/\/forms.gle\/kNsXLPjvNPGxKPDu8\" target=\"_blank\" rel=\"noopener\" data-saferedirecturl=\"https:\/\/www.google.com\/url?q=https:\/\/forms.gle\/kNsXLPjvNPGxKPDu8&amp;source=gmail&amp;ust=1644059660796000&amp;usg=AOvVaw27fd4aX5-YdIODqI0Z6KN0\">\u00a0AQU\u00cd<\/a>\u00a0 \u00a0\u00a0<\/b><\/span><b>Termini d&#8217;inscripci\u00f3:<\/b>\u00a0<b>28 d&#8217;abril de 2023!<\/b><\/p>\n<p><a href=\"https:\/\/congrescienciallei.wixsite.com\/congresannagene\"><strong>Acc\u00e9s al web del Congr\u00e9s Anna Gen\u00e9<\/strong><\/a><a href=\"https:\/\/sites.google.com\/site\/congresannagene\/\" target=\"_blank\" rel=\"noopener noreferrer\"><strong>.<\/strong><strong><img loading=\"lazy\" decoding=\"async\" class=\"alignleft wp-image-10592\" src=\"https:\/\/serveiseducatius.xtec.cat\/segria\/wp-content\/uploads\/usu679\/2020\/12\/enllac.png\" alt=\"\" width=\"20\" height=\"20\" \/><\/strong><\/a> En aquest espai hi podeu trobar informaci\u00f3 detallada de les pon\u00e8ncies presentades pels centres en els diferents congressos realitzats anualment des del curs 2013-2014.<\/p>\n<p>Llista de reproducci\u00f3 <a href=\"https:\/\/www.youtube.com\/watch?v=0sej-ZnnTFs&amp;list=PLN5QLSlRtmKGbNsdhkGeIMuBAOiB8pQ3Q&amp;ab_channel=SE_Segri%C3%A0\" target=\"_blank\" rel=\"noopener\"><strong>dels v\u00eddeos dels participants\u00a0<\/strong> <\/a>aquest curs 2022-23.<\/p>\n","protected":false},"excerpt":{"rendered":"<p>La Facultat de Ci\u00e8ncies de l&#8217;Educaci\u00f3 (UdL), el Centre de Recursos Pedag\u00f2gics del Segri\u00e0 (Departament d&#8217;Ensenyament) i l&#8217;Agenda 21 Escolar de Lleida (Ajuntament de Lleida), organitzen conjuntament des de 2014 el Congr\u00e9s: Fem Ci\u00e8ncia a l&#8217;escola. Congr\u00e9s Anna Gen\u00e9. El Congr\u00e9s t\u00e9 l\u2019objectiu d\u2019afavorir i difondre el treball cient\u00edfic dels escolars d\u2019educaci\u00f3 infantil i prim\u00e0ria, [&hellip;]<\/p>\n","protected":false},"author":1,"featured_media":0,"parent":0,"menu_order":0,"comment_status":"closed","ping_status":"closed","template":"","meta":{"_bbp_topic_count":0,"_bbp_reply_count":0,"_bbp_total_topic_count":0,"_bbp_total_reply_count":0,"_bbp_voice_count":0,"_bbp_anonymous_reply_count":0,"_bbp_topic_count_hidden":0,"_bbp_reply_count_hidden":0,"_bbp_forum_subforum_count":0,"site-sidebar-layout":"default","site-content-layout":"","ast-site-content-layout":"","site-content-style":"default","site-sidebar-style":"default","ast-global-header-display":"","ast-banner-title-visibility":"","ast-main-header-display":"","ast-hfb-above-header-display":"","ast-hfb-below-header-display":"","ast-hfb-mobile-header-display":"","site-post-title":"","ast-breadcrumbs-content":"","ast-featured-img":"","footer-sml-layout":"","theme-transparent-header-meta":"","adv-header-id-meta":"","stick-header-meta":"","header-above-stick-meta":"","header-main-stick-meta":"","header-below-stick-meta":"","astra-migrate-meta-layouts":"default","ast-page-background-enabled":"default","ast-page-background-meta":{"desktop":{"background-color":"var(--ast-global-color-4)","background-image":"","background-repeat":"repeat","background-position":"center center","background-size":"auto","background-attachment":"scroll","background-type":"","background-media":"","overlay-type":"","overlay-color":"","overlay-opacity":"","overlay-gradient":""},"tablet":{"background-color":"","background-image":"","background-repeat":"repeat","background-position":"center center","background-size":"auto","background-attachment":"scroll","background-type":"","background-media":"","overlay-type":"","overlay-color":"","overlay-opacity":"","overlay-gradient":""},"mobile":{"background-color":"","background-image":"","background-repeat":"repeat","background-position":"center center","background-size":"auto","background-attachment":"scroll","background-type":"","background-media":"","overlay-type":"","overlay-color":"","overlay-opacity":"","overlay-gradient":""}},"ast-content-background-meta":{"desktop":{"background-color":"var(--ast-global-color-5)","background-image":"","background-repeat":"repeat","background-position":"center center","background-size":"auto","background-attachment":"scroll","background-type":"","background-media":"","overlay-type":"","overlay-color":"","overlay-opacity":"","overlay-gradient":""},"tablet":{"background-color":"var(--ast-global-color-5)","background-image":"","background-repeat":"repeat","background-position":"center center","background-size":"auto","background-attachment":"scroll","background-type":"","background-media":"","overlay-type":"","overlay-color":"","overlay-opacity":"","overlay-gradient":""},"mobile":{"background-color":"var(--ast-global-color-5)","background-image":"","background-repeat":"repeat","background-position":"center center","background-size":"auto","background-attachment":"scroll","background-type":"","background-media":"","overlay-type":"","overlay-color":"","overlay-opacity":"","overlay-gradient":""}},"footnotes":""},"class_list":["post-8200","page","type-page","status-publish","hentry"],"post_mailing_queue_ids":[],"_links":{"self":[{"href":"https:\/\/serveiseducatius.xtec.cat\/segria\/wp-json\/wp\/v2\/pages\/8200","targetHints":{"allow":["GET"]}}],"collection":[{"href":"https:\/\/serveiseducatius.xtec.cat\/segria\/wp-json\/wp\/v2\/pages"}],"about":[{"href":"https:\/\/serveiseducatius.xtec.cat\/segria\/wp-json\/wp\/v2\/types\/page"}],"author":[{"embeddable":true,"href":"https:\/\/serveiseducatius.xtec.cat\/segria\/wp-json\/wp\/v2\/users\/1"}],"replies":[{"embeddable":true,"href":"https:\/\/serveiseducatius.xtec.cat\/segria\/wp-json\/wp\/v2\/comments?post=8200"}],"version-history":[{"count":3,"href":"https:\/\/serveiseducatius.xtec.cat\/segria\/wp-json\/wp\/v2\/pages\/8200\/revisions"}],"predecessor-version":[{"id":19893,"href":"https:\/\/serveiseducatius.xtec.cat\/segria\/wp-json\/wp\/v2\/pages\/8200\/revisions\/19893"}],"wp:attachment":[{"href":"https:\/\/serveiseducatius.xtec.cat\/segria\/wp-json\/wp\/v2\/media?parent=8200"}],"curies":[{"name":"wp","href":"https:\/\/api.w.org\/{rel}","templated":true}]}}