{"id":8174,"date":"2020-02-06T18:50:14","date_gmt":"2020-02-06T17:50:14","guid":{"rendered":"https:\/\/serveiseducatius.xtec.cat\/segria\/?page_id=8174"},"modified":"2021-10-29T11:41:27","modified_gmt":"2021-10-29T09:41:27","slug":"cultura-digital-tac","status":"publish","type":"page","link":"https:\/\/serveiseducatius.xtec.cat\/segria\/recursos\/cultura-digital-tac\/","title":{"rendered":"CULTURA DIGITAL \/ TAC"},"content":{"rendered":"<p>&nbsp;<\/p>\n<table style=\"width: 921px; height: 930px;\">\n<tbody>\n<tr>\n<td style=\"width: 218px; text-align: center;\"><\/td>\n<td style=\"width: 207px; text-align: center;\"><strong>\u00a0<\/strong><\/td>\n<td style=\"width: 230px;\">\n<h5><strong> <a href=\"https:\/\/serveiseducatius.xtec.cat\/segria\/wp-content\/uploads\/usu679\/2021\/10\/asas.png\"><img loading=\"lazy\" decoding=\"async\" class=\"aligncenter size-full wp-image-15082\" src=\"https:\/\/serveiseducatius.xtec.cat\/segria\/wp-content\/uploads\/usu679\/2021\/10\/asas.png\" alt=\"\" width=\"300\" height=\"142\" \/><\/a><\/strong><\/h5>\n<\/td>\n<td style=\"width: 254px;\">\n<p class=\"entry-title\"><a href=\"https:\/\/serveiseducatius.xtec.cat\/segria\/general\/estrategia-digital-informacions-curs-21-22\/\">Estrat\u00e8gia digital de Centre. Informacions Curs 21-22<\/a><\/p>\n<\/td>\n<\/tr>\n<tr>\n<td style=\"width: 218px; text-align: center;\"><a href=\"https:\/\/sites.google.com\/xtec.cat\/taclleida\/inici?authuser=0\"><img loading=\"lazy\" decoding=\"async\" class=\"aligncenter wp-image-13727\" src=\"https:\/\/serveiseducatius.xtec.cat\/segria\/wp-content\/uploads\/usu679\/2021\/05\/7778.png\" alt=\"\" width=\"176\" height=\"98\" \/><\/a><\/td>\n<td style=\"width: 207px; text-align: center;\"><strong><a href=\"https:\/\/sites.google.com\/xtec.cat\/taclleida\/inici?authuser=0\" target=\"_blank\" rel=\"noopener noreferrer\">\u00c0rea Cultura Digital SSTT<\/a><br \/>\n<\/strong><\/td>\n<td style=\"width: 230px;\">\n<h5><a href=\"https:\/\/serveiseducatius.xtec.cat\/segria\/tac\/pindoles-digitals-per-la-millora-de-la-practica-educativa\/\"><img loading=\"lazy\" decoding=\"async\" class=\"alignnone wp-image-12236\" src=\"https:\/\/serveiseducatius.xtec.cat\/segria\/wp-content\/uploads\/usu679\/2021\/02\/P\u00eddora-form333ativa-1.png\" alt=\"\" width=\"119\" height=\"74\" srcset=\"https:\/\/serveiseducatius.xtec.cat\/segria\/wp-content\/uploads\/usu679\/2021\/02\/P\u00eddora-form333ativa-1.png 523w, https:\/\/serveiseducatius.xtec.cat\/segria\/wp-content\/uploads\/usu679\/2021\/02\/P\u00eddora-form333ativa-1-300x185.png 300w\" sizes=\"auto, (max-width: 119px) 100vw, 119px\" \/><\/a><\/h5>\n<\/td>\n<td style=\"width: 254px;\">\n<p class=\"titulo-capcalera\"><strong> <a href=\"https:\/\/serveiseducatius.xtec.cat\/segria\/tac\/pindoles-digitals-per-la-millora-de-la-practica-educativa\/\">P\u00edndolesTAC<\/a> <a href=\"https:\/\/serveiseducatius.xtec.cat\/segria\/tac\/pindoles-digitals-per-la-millora-de-la-practica-educativa\/\">20\/21<\/a><br \/>\n<\/strong><\/p>\n<\/td>\n<\/tr>\n<tr style=\"height: 131px;\">\n<td style=\"width: 218px; height: 131px;\"><a href=\"https:\/\/serveiseducatius.xtec.cat\/segria\/wp-content\/uploads\/usu679\/2020\/11\/Screenshot_2020-11-18-Qu\u00e8-\u00e9s-una-violaci\u00f3-de-seguretat-VS-Recomanacions-a-centres-docents-sobre-publicacio-dades-alumne....png\"><img loading=\"lazy\" decoding=\"async\" class=\"alignleft size-full wp-image-9696\" src=\"https:\/\/serveiseducatius.xtec.cat\/segria\/wp-content\/uploads\/usu679\/2020\/11\/Screenshot_2020-11-18-Qu\u00e8-\u00e9s-una-violaci\u00f3-de-seguretat-VS-Recomanacions-a-centres-docents-sobre-publicacio-dades-alumne....png\" alt=\"\" width=\"256\" height=\"114\" \/><\/a><\/td>\n<td style=\"width: 207px; height: 131px;\"><strong><a href=\"https:\/\/apdcat.gencat.cat\/web\/.content\/03-documentacio\/materials_jornades_i_congressos\/documents\/Recomanacions-a-centres-docents-sobre-publicacio-dades-alumnes-i-recollida-consentiment.pdf\" target=\"_blank\" rel=\"noopener noreferrer\">Recomanacions per a la publicaci\u00f3 d\u2019imatges i dades dels alumnes<\/a><br \/>\n<\/strong><\/td>\n<td style=\"width: 230px; height: 131px;\">\n<h5><strong> <a href=\"https:\/\/serveiseducatius.xtec.cat\/segria\/wp-content\/uploads\/usu679\/2020\/11\/xtecgmail2.jpg\"><img loading=\"lazy\" decoding=\"async\" class=\"wp-image-9733 alignleft\" src=\"https:\/\/serveiseducatius.xtec.cat\/segria\/wp-content\/uploads\/usu679\/2020\/11\/xtecgmail2.jpg\" alt=\"\" width=\"166\" height=\"95\" \/><\/a><\/strong><\/h5>\n<\/td>\n<td style=\"width: 254px; height: 131px;\">\n<p class=\"titulo-capcalera\"><strong>\u00a0<a href=\"https:\/\/serveiseducatius.xtec.cat\/segria\/tac\/nou-procediment-dalta-del-correu-xtec\/\">Tot sobre el compte XTEC<\/a><\/strong><\/p>\n<\/td>\n<\/tr>\n<tr style=\"height: 121px;\">\n<td style=\"width: 218px; height: 121px;\"><a href=\"https:\/\/serveiseducatius.xtec.cat\/segria\/wp-content\/uploads\/usu679\/2020\/11\/234.png\"><img loading=\"lazy\" decoding=\"async\" class=\"alignright size-medium wp-image-9760\" src=\"https:\/\/serveiseducatius.xtec.cat\/segria\/wp-content\/uploads\/usu679\/2020\/11\/234-300x99.png\" alt=\"\" width=\"300\" height=\"99\" srcset=\"https:\/\/serveiseducatius.xtec.cat\/segria\/wp-content\/uploads\/usu679\/2020\/11\/234-300x99.png 300w, https:\/\/serveiseducatius.xtec.cat\/segria\/wp-content\/uploads\/usu679\/2020\/11\/234.png 641w\" sizes=\"auto, (max-width: 300px) 100vw, 300px\" \/><\/a><\/td>\n<td style=\"width: 207px; height: 121px;\"><strong><a href=\"https:\/\/sites.google.com\/xtec.cat\/gamifiticat\/cat%C3%A0leg-deines-digitals\" target=\"_blank\" rel=\"noopener noreferrer\">Cat\u00e0leg d&#8217;eines per gamificar activitats<\/a><br \/>\n<\/strong><\/td>\n<td style=\"width: 230px; height: 121px;\">\n<h5><strong> <a href=\"https:\/\/serveiseducatius.xtec.cat\/segria\/wp-content\/uploads\/usu679\/2020\/11\/nodes-logo.png\"><img loading=\"lazy\" decoding=\"async\" class=\"aligncenter wp-image-9857\" src=\"https:\/\/serveiseducatius.xtec.cat\/segria\/wp-content\/uploads\/usu679\/2020\/11\/nodes-logo.png\" alt=\"\" width=\"150\" height=\"95\" srcset=\"https:\/\/serveiseducatius.xtec.cat\/segria\/wp-content\/uploads\/usu679\/2020\/11\/nodes-logo.png 379w, https:\/\/serveiseducatius.xtec.cat\/segria\/wp-content\/uploads\/usu679\/2020\/11\/nodes-logo-300x190.png 300w\" sizes=\"auto, (max-width: 150px) 100vw, 150px\" \/><\/a><\/strong><\/h5>\n<\/td>\n<td style=\"width: 254px; height: 121px;\">\n<p class=\"titulo-capcalera\"><strong>\u00a0<a href=\"https:\/\/agora.xtec.cat\/nodes\/\" target=\"_blank\" rel=\"noopener noreferrer\">Tot sobre NODES<\/a><br \/>\n<\/strong><\/p>\n<\/td>\n<\/tr>\n<tr style=\"height: 164px;\">\n<td style=\"width: 218px; height: 164px;\"><a href=\"https:\/\/serveiseducatius.xtec.cat\/segria\/wp-content\/uploads\/usu679\/2021\/05\/kil.png\"><img loading=\"lazy\" decoding=\"async\" class=\"alignright wp-image-13687 size-full\" src=\"https:\/\/serveiseducatius.xtec.cat\/segria\/wp-content\/uploads\/usu679\/2021\/05\/kil.png\" alt=\"\" width=\"284\" height=\"146\" \/><\/a><\/td>\n<td style=\"width: 207px; height: 164px;\"><a href=\"https:\/\/projectes.xtec.cat\/edc\/documentacio\/\" target=\"_blank\" rel=\"noopener noreferrer\"><strong>Tota la documentaci\u00f3 del projecte <em>(equipaments<\/em>)<\/strong><\/a><\/p>\n<h5><strong>\u00a0<\/strong><\/h5>\n<\/td>\n<td style=\"width: 230px; height: 164px;\">\n<h5><strong> <a href=\"https:\/\/serveiseducatius.xtec.cat\/segria\/wp-content\/uploads\/usu679\/2020\/11\/92.jpg\"><img loading=\"lazy\" decoding=\"async\" class=\"alignleft size-medium wp-image-9694\" src=\"https:\/\/serveiseducatius.xtec.cat\/segria\/wp-content\/uploads\/usu679\/2020\/11\/92-300x146.jpg\" alt=\"\" width=\"300\" height=\"146\" srcset=\"https:\/\/serveiseducatius.xtec.cat\/segria\/wp-content\/uploads\/usu679\/2020\/11\/92-300x146.jpg 300w, https:\/\/serveiseducatius.xtec.cat\/segria\/wp-content\/uploads\/usu679\/2020\/11\/92.jpg 322w\" sizes=\"auto, (max-width: 300px) 100vw, 300px\" \/><\/a><\/strong><\/h5>\n<\/td>\n<td style=\"width: 254px; height: 164px;\">\n<p class=\"titulo-capcalera\"><strong><a href=\"https:\/\/apdcat.gencat.cat\/web\/.content\/04-actualitat\/menors-i-joves\/documents\/GUIA-ESCOLES-2018-PAUTESv2.pdf\" target=\"_blank\" rel=\"noopener noreferrer\">Pautes de protecci\u00f3 de dades per als centres educatius | <\/a><a href=\"https:\/\/apdcat.gencat.cat\/web\/.content\/04-actualitat\/menors-i-joves\/documents\/PAUTES-MENORS-PREGUNTES-FREQUeENTS-ESCOLES.pdf\" target=\"_blank\" rel=\"noopener noreferrer\">P. freq\u00fcents<\/a><\/strong><\/p>\n<\/td>\n<\/tr>\n<tr style=\"height: 92px;\">\n<td style=\"width: 218px; height: 92px;\"><a href=\"https:\/\/serveiseducatius.xtec.cat\/segria\/wp-content\/uploads\/usu679\/2020\/02\/mobilsedu-e1573726772791.png\"><img loading=\"lazy\" decoding=\"async\" class=\"wp-image-8178 aligncenter\" src=\"https:\/\/serveiseducatius.xtec.cat\/segria\/wp-content\/uploads\/usu679\/2020\/02\/mobilsedu-e1573726772791.png\" sizes=\"auto, (max-width: 113px) 100vw, 113px\" srcset=\"https:\/\/serveiseducatius.xtec.cat\/segria\/wp-content\/uploads\/usu679\/2020\/02\/mobilsedu-e1573726772791.png 574w, https:\/\/serveiseducatius.xtec.cat\/segria\/wp-content\/uploads\/usu679\/2020\/02\/mobilsedu-e1573726772791-150x150.png 150w, https:\/\/serveiseducatius.xtec.cat\/segria\/wp-content\/uploads\/usu679\/2020\/02\/mobilsedu-e1573726772791-300x300.png 300w\" alt=\"\" width=\"113\" height=\"113\" \/><\/a><\/td>\n<td style=\"width: 207px; height: 92px;\">\n<h5><a href=\"https:\/\/agora.xtec.cat\/mobilsedu\/\" target=\"_blank\" rel=\"noopener noreferrer\"><strong>Mobils.edu<\/strong><\/a><\/h5>\n<\/td>\n<td style=\"width: 230px; height: 92px;\">\n<h5><strong>\u00a0<a href=\"https:\/\/serveiseducatius.xtec.cat\/segria\/wp-content\/uploads\/usu679\/2020\/02\/transformacio-e1573726801903.png\"><img loading=\"lazy\" decoding=\"async\" class=\"alignnone wp-image-8179 size-medium\" src=\"https:\/\/serveiseducatius.xtec.cat\/segria\/wp-content\/uploads\/usu679\/2020\/02\/transformacio-e1573726801903-300x161.png\" sizes=\"auto, (max-width: 106px) 100vw, 106px\" srcset=\"https:\/\/serveiseducatius.xtec.cat\/segria\/wp-content\/uploads\/usu679\/2020\/02\/transformacio-e1573726801903.png 574w, https:\/\/serveiseducatius.xtec.cat\/segria\/wp-content\/uploads\/usu679\/2020\/02\/transformacio-e1573726801903-300x161.png 300w\" alt=\"\" width=\"300\" height=\"161\" \/><\/a><\/strong><\/h5>\n<\/td>\n<td style=\"width: 254px; height: 92px;\">\n<h5><a href=\"https:\/\/projectes.xtec.cat\/transformaciodigital\/\" target=\"_blank\" rel=\"noopener noreferrer\"><strong>Transformaci\u00f3 digital<\/strong><\/a><\/h5>\n<\/td>\n<\/tr>\n<tr style=\"height: 58px;\">\n<td style=\"width: 218px; height: 58px;\"><a href=\"https:\/\/serveiseducatius.xtec.cat\/segria\/wp-content\/uploads\/usu679\/2020\/11\/teleformacion-moodle.jpg\"><img loading=\"lazy\" decoding=\"async\" class=\"alignleft size-medium wp-image-9738\" src=\"https:\/\/serveiseducatius.xtec.cat\/segria\/wp-content\/uploads\/usu679\/2020\/11\/teleformacion-moodle-300x138.jpg\" alt=\"\" width=\"300\" height=\"138\" srcset=\"https:\/\/serveiseducatius.xtec.cat\/segria\/wp-content\/uploads\/usu679\/2020\/11\/teleformacion-moodle-300x138.jpg 300w, https:\/\/serveiseducatius.xtec.cat\/segria\/wp-content\/uploads\/usu679\/2020\/11\/teleformacion-moodle-768x352.jpg 768w, https:\/\/serveiseducatius.xtec.cat\/segria\/wp-content\/uploads\/usu679\/2020\/11\/teleformacion-moodle.jpg 850w\" sizes=\"auto, (max-width: 300px) 100vw, 300px\" \/><\/a><\/td>\n<td style=\"width: 207px; height: 58px;\">\n<h5><a href=\"https:\/\/odissea.xtec.cat\/course\/view.php?id=69402\" target=\"_blank\" rel=\"noopener noreferrer\"><strong>Suport EVA &#8211; Moodle<\/strong><\/a><\/h5>\n<\/td>\n<td style=\"width: 230px; height: 58px;\">\n<h5><a href=\"https:\/\/serveiseducatius.xtec.cat\/segria\/wp-content\/uploads\/usu679\/2020\/11\/images.png\"><img loading=\"lazy\" decoding=\"async\" class=\"alignleft size-medium wp-image-9740\" src=\"https:\/\/serveiseducatius.xtec.cat\/segria\/wp-content\/uploads\/usu679\/2020\/11\/images-300x168.png\" alt=\"\" width=\"300\" height=\"168\" \/><\/a><\/h5>\n<\/td>\n<td style=\"width: 254px; height: 58px;\">\n<h5><a href=\"https:\/\/serveiseducatius.xtec.cat\/segria\/categoria\/classroom\/\"><strong>Suport EVA- Classroom<\/strong><\/a><\/h5>\n<\/td>\n<\/tr>\n<tr style=\"height: 65px;\">\n<td style=\"width: 218px; height: 65px;\"><a href=\"https:\/\/serveiseducatius.xtec.cat\/segria\/wp-content\/uploads\/usu679\/2020\/10\/343.png\"><img loading=\"lazy\" decoding=\"async\" class=\"aligncenter size-full wp-image-9133\" src=\"https:\/\/serveiseducatius.xtec.cat\/segria\/wp-content\/uploads\/usu679\/2020\/10\/343.png\" alt=\"\" width=\"221\" height=\"114\" \/><\/a><\/td>\n<td style=\"width: 207px; height: 65px;\">\n<h5><strong><a href=\"http:\/\/xtec.gencat.cat\/ca\/formacio\/formaciogeneralprofessorat\/cultura-digital\/\" target=\"_blank\" rel=\"noopener noreferrer\">Formaci\u00f3 professorat<\/a><\/strong><\/h5>\n<\/td>\n<td style=\"width: 230px; height: 65px;\">\n<h5><a href=\"https:\/\/serveiseducatius.xtec.cat\/segria\/wp-content\/uploads\/usu679\/2020\/11\/actualitat-553x553-canal-centres-educatius-en-linia.jpg_2147148254.jpg\"><img loading=\"lazy\" decoding=\"async\" class=\"wp-image-9742 aligncenter\" src=\"https:\/\/serveiseducatius.xtec.cat\/segria\/wp-content\/uploads\/usu679\/2020\/11\/actualitat-553x553-canal-centres-educatius-en-linia.jpg_2147148254.jpg\" alt=\"\" width=\"130\" height=\"130\" srcset=\"https:\/\/serveiseducatius.xtec.cat\/segria\/wp-content\/uploads\/usu679\/2020\/11\/actualitat-553x553-canal-centres-educatius-en-linia.jpg_2147148254.jpg 271w, https:\/\/serveiseducatius.xtec.cat\/segria\/wp-content\/uploads\/usu679\/2020\/11\/actualitat-553x553-canal-centres-educatius-en-linia.jpg_2147148254-150x150.jpg 150w\" sizes=\"auto, (max-width: 130px) 100vw, 130px\" \/><\/a><\/h5>\n<\/td>\n<td style=\"width: 254px; height: 65px;\">\n<h5><a href=\"https:\/\/www.youtube.com\/channel\/UCLsDWVSYhjFYweT-LFbIbwA\/playlists\" target=\"_blank\" rel=\"noopener noreferrer\">Centres en l\u00ednia (youtube)<\/a><\/h5>\n<\/td>\n<\/tr>\n<tr style=\"height: 152px;\">\n<td style=\"width: 218px; height: 152px;\"><a href=\"https:\/\/serveiseducatius.xtec.cat\/segria\/wp-content\/uploads\/usu679\/2020\/12\/images.jpg\"><img loading=\"lazy\" decoding=\"async\" class=\"alignleft size-full wp-image-10617\" src=\"https:\/\/serveiseducatius.xtec.cat\/segria\/wp-content\/uploads\/usu679\/2020\/12\/images.jpg\" alt=\"\" width=\"299\" height=\"168\" \/><\/a><\/td>\n<td style=\"width: 207px; height: 152px;\">\n<h5><strong><a href=\"https:\/\/serveiseducatius.xtec.cat\/segria\/tac\/cultura-digital\/videoconferencia-amb-obs\/\" target=\"_blank\" rel=\"noopener noreferrer\">Videoconfer\u00e8ncies amb OBS (directes amb Meet o Zoom)<\/a><\/strong><\/h5>\n<h5><strong>\u00a0<\/strong><\/h5>\n<\/td>\n<td style=\"width: 230px; height: 152px;\">\n<h5><a href=\"https:\/\/serveiseducatius.xtec.cat\/segria\/wp-content\/uploads\/usu679\/2020\/12\/3235.png\"><img loading=\"lazy\" decoding=\"async\" class=\" wp-image-10639 aligncenter\" src=\"https:\/\/serveiseducatius.xtec.cat\/segria\/wp-content\/uploads\/usu679\/2020\/12\/3235-150x150.png\" alt=\"\" width=\"126\" height=\"126\" \/><\/a><\/h5>\n<\/td>\n<td style=\"width: 254px; height: 152px;\">\n<h5><a href=\"https:\/\/serveiseducatius.xtec.cat\/segria\/?p=10636&amp;preview=true\">Curs de Scratch<\/a><\/h5>\n<\/td>\n<\/tr>\n<tr style=\"height: 72px;\">\n<td style=\"width: 218px; height: 72px;\"><a href=\"https:\/\/serveiseducatius.xtec.cat\/segria\/wp-content\/uploads\/usu679\/2020\/02\/xtcd.png\"><img loading=\"lazy\" decoding=\"async\" class=\"alignnone wp-image-8180 \" src=\"https:\/\/serveiseducatius.xtec.cat\/segria\/wp-content\/uploads\/usu679\/2020\/02\/xtcd-300x218.png\" sizes=\"auto, (max-width: 103px) 100vw, 103px\" srcset=\"https:\/\/serveiseducatius.xtec.cat\/segria\/wp-content\/uploads\/usu679\/2020\/02\/xtcd.png 332w, https:\/\/serveiseducatius.xtec.cat\/segria\/wp-content\/uploads\/usu679\/2020\/02\/xtcd-300x218.png 300w\" alt=\"\" width=\"169\" height=\"123\" \/><\/a><\/td>\n<td style=\"width: 207px; height: 72px;\">\n<h5><strong><a href=\"https:\/\/projectes.xtec.cat\/xtcd\/\" target=\"_blank\" rel=\"noopener noreferrer\">Xarxa Territorial de Cultura Digital<\/a><\/strong><\/h5>\n<\/td>\n<td style=\"width: 230px; height: 72px;\">\n<h5><a href=\"https:\/\/serveiseducatius.xtec.cat\/segria\/wp-content\/uploads\/usu679\/2020\/11\/logo_progrobo-.png\"><img loading=\"lazy\" decoding=\"async\" class=\"alignleft size-medium wp-image-9743\" src=\"https:\/\/serveiseducatius.xtec.cat\/segria\/wp-content\/uploads\/usu679\/2020\/11\/logo_progrobo--300x173.png\" alt=\"\" width=\"300\" height=\"173\" srcset=\"https:\/\/serveiseducatius.xtec.cat\/segria\/wp-content\/uploads\/usu679\/2020\/11\/logo_progrobo--300x173.png 300w, https:\/\/serveiseducatius.xtec.cat\/segria\/wp-content\/uploads\/usu679\/2020\/11\/logo_progrobo-.png 514w\" sizes=\"auto, (max-width: 300px) 100vw, 300px\" \/><\/a><\/h5>\n<\/td>\n<td style=\"width: 254px; height: 72px;\">\n<h5><\/h5>\n<h5><a href=\"https:\/\/projectes.xtec.cat\/programacioirobotica\/\" target=\"_blank\" rel=\"noopener noreferrer\">Programaci\u00f3 i rob\u00f2tica web<\/a><\/h5>\n<p><a href=\"https:\/\/serveiseducatius.xtec.cat\/segria\/wp-content\/uploads\/usu679\/2021\/01\/Recursos-de-rob\u00f2tica.pdf\" target=\"_blank\" rel=\"noopener noreferrer\"><strong>Recursos (pdf)<\/strong><\/a><\/p>\n<p>&nbsp;<\/td>\n<\/tr>\n<tr style=\"height: 75px;\">\n<td style=\"width: 218px; height: 75px;\"><a href=\"https:\/\/serveiseducatius.xtec.cat\/segria\/wp-content\/uploads\/usu679\/2020\/12\/aaaaa.png\"><img loading=\"lazy\" decoding=\"async\" class=\"aligncenter size-full wp-image-10823\" src=\"https:\/\/serveiseducatius.xtec.cat\/segria\/wp-content\/uploads\/usu679\/2020\/12\/aaaaa.png\" alt=\"\" width=\"150\" height=\"59\" \/><\/a><\/td>\n<td style=\"width: 207px; height: 75px;\">\n<h5 style=\"text-align: center;\"><a href=\"https:\/\/toolbox.mobileworldcapital.com\/apps\/android\" target=\"_blank\" rel=\"noopener noreferrer\"><strong>Repositori Apps educatives<\/strong><\/a><\/h5>\n<\/td>\n<td style=\"width: 230px; height: 75px;\">\n<h5><a href=\"https:\/\/serveiseducatius.xtec.cat\/segria\/wp-content\/uploads\/usu679\/2020\/12\/88b5922e-b523-4eb4-80ea-b90e0eb3eeac.png\"><img loading=\"lazy\" decoding=\"async\" class=\"aligncenter size-full wp-image-10825\" src=\"https:\/\/serveiseducatius.xtec.cat\/segria\/wp-content\/uploads\/usu679\/2020\/12\/88b5922e-b523-4eb4-80ea-b90e0eb3eeac.png\" alt=\"\" width=\"479\" height=\"104\" srcset=\"https:\/\/serveiseducatius.xtec.cat\/segria\/wp-content\/uploads\/usu679\/2020\/12\/88b5922e-b523-4eb4-80ea-b90e0eb3eeac.png 479w, https:\/\/serveiseducatius.xtec.cat\/segria\/wp-content\/uploads\/usu679\/2020\/12\/88b5922e-b523-4eb4-80ea-b90e0eb3eeac-300x65.png 300w\" sizes=\"auto, (max-width: 479px) 100vw, 479px\" \/><\/a><\/h5>\n<\/td>\n<td style=\"width: 254px; height: 75px;\">\n<h5 style=\"text-align: center;\"><a href=\"https:\/\/sites.google.com\/a\/xtec.cat\/conferencia-linkat\/\" target=\"_blank\" rel=\"noopener noreferrer\">Tot sobre Linkat<\/a><\/h5>\n<\/td>\n<\/tr>\n<tr>\n<td style=\"width: 218px;\"><a href=\"https:\/\/sites.google.com\/xtec.cat\/gsuite\/inici?authuser=0\"><img loading=\"lazy\" decoding=\"async\" class=\"aligncenter wp-image-10931 size-full\" src=\"https:\/\/serveiseducatius.xtec.cat\/segria\/wp-content\/uploads\/usu679\/2021\/01\/FireShot-Capture-396-Gsuite-edu-sites.google.com_.png\" alt=\"\" width=\"567\" height=\"320\" srcset=\"https:\/\/serveiseducatius.xtec.cat\/segria\/wp-content\/uploads\/usu679\/2021\/01\/FireShot-Capture-396-Gsuite-edu-sites.google.com_.png 567w, https:\/\/serveiseducatius.xtec.cat\/segria\/wp-content\/uploads\/usu679\/2021\/01\/FireShot-Capture-396-Gsuite-edu-sites.google.com_-300x169.png 300w\" sizes=\"auto, (max-width: 567px) 100vw, 567px\" \/><\/a><\/td>\n<td style=\"width: 207px;\">\n<h5 style=\"text-align: center;\"><a href=\"https:\/\/sites.google.com\/xtec.cat\/gsuite\/inici?authuser=0\" target=\"_blank\" rel=\"noopener noreferrer\"><strong>Tot sobre eines GSuite<\/strong><\/a><\/h5>\n<\/td>\n<td style=\"width: 230px;\">\n<h5><a href=\"https:\/\/serveiseducatius.xtec.cat\/segria\/wp-content\/uploads\/usu679\/2021\/01\/images.jpg\"><img loading=\"lazy\" decoding=\"async\" class=\"wp-image-11019 alignnone\" src=\"https:\/\/serveiseducatius.xtec.cat\/segria\/wp-content\/uploads\/usu679\/2021\/01\/images.jpg\" alt=\"\" width=\"160\" height=\"118\" \/><\/a><\/h5>\n<\/td>\n<td style=\"width: 254px;\">\n<h5 style=\"text-align: center;\"><a href=\"https:\/\/serveiseducatius.xtec.cat\/segria\/wp-content\/uploads\/usu679\/2021\/01\/Guia-r\u00e0pida-CoRubrics.pdf\">Guia per prim\u00e0ria<\/a><\/h5>\n<p style=\"text-align: center;\"><a href=\"https:\/\/ca.corubrics.org\/\" target=\"_blank\" rel=\"noopener noreferrer\"><strong>P\u00e0gina oficial d&#8217;ajuda<\/strong><\/a><\/p>\n<\/td>\n<\/tr>\n<\/tbody>\n<\/table>\n","protected":false},"excerpt":{"rendered":"<p>&nbsp; \u00a0 Estrat\u00e8gia digital de Centre. Informacions Curs 21-22 \u00c0rea Cultura Digital SSTT P\u00edndolesTAC 20\/21 Recomanacions per a la publicaci\u00f3 d\u2019imatges i dades dels alumnes \u00a0Tot sobre el compte XTEC Cat\u00e0leg d&#8217;eines per gamificar activitats \u00a0Tot sobre NODES Tota la documentaci\u00f3 del projecte (equipaments) \u00a0 Pautes de protecci\u00f3 de dades per als centres educatius | [&hellip;]<\/p>\n","protected":false},"author":1,"featured_media":0,"parent":906,"menu_order":0,"comment_status":"closed","ping_status":"closed","template":"","meta":{"_bbp_topic_count":0,"_bbp_reply_count":0,"_bbp_total_topic_count":0,"_bbp_total_reply_count":0,"_bbp_voice_count":0,"_bbp_anonymous_reply_count":0,"_bbp_topic_count_hidden":0,"_bbp_reply_count_hidden":0,"_bbp_forum_subforum_count":0,"site-sidebar-layout":"default","site-content-layout":"","ast-site-content-layout":"","site-content-style":"default","site-sidebar-style":"default","ast-global-header-display":"","ast-banner-title-visibility":"","ast-main-header-display":"","ast-hfb-above-header-display":"","ast-hfb-below-header-display":"","ast-hfb-mobile-header-display":"","site-post-title":"","ast-breadcrumbs-content":"","ast-featured-img":"","footer-sml-layout":"","theme-transparent-header-meta":"","adv-header-id-meta":"","stick-header-meta":"","header-above-stick-meta":"","header-main-stick-meta":"","header-below-stick-meta":"","astra-migrate-meta-layouts":"default","ast-page-background-enabled":"default","ast-page-background-meta":{"desktop":{"background-color":"var(--ast-global-color-4)","background-image":"","background-repeat":"repeat","background-position":"center center","background-size":"auto","background-attachment":"scroll","background-type":"","background-media":"","overlay-type":"","overlay-color":"","overlay-opacity":"","overlay-gradient":""},"tablet":{"background-color":"","background-image":"","background-repeat":"repeat","background-position":"center center","background-size":"auto","background-attachment":"scroll","background-type":"","background-media":"","overlay-type":"","overlay-color":"","overlay-opacity":"","overlay-gradient":""},"mobile":{"background-color":"","background-image":"","background-repeat":"repeat","background-position":"center center","background-size":"auto","background-attachment":"scroll","background-type":"","background-media":"","overlay-type":"","overlay-color":"","overlay-opacity":"","overlay-gradient":""}},"ast-content-background-meta":{"desktop":{"background-color":"var(--ast-global-color-5)","background-image":"","background-repeat":"repeat","background-position":"center center","background-size":"auto","background-attachment":"scroll","background-type":"","background-media":"","overlay-type":"","overlay-color":"","overlay-opacity":"","overlay-gradient":""},"tablet":{"background-color":"var(--ast-global-color-5)","background-image":"","background-repeat":"repeat","background-position":"center center","background-size":"auto","background-attachment":"scroll","background-type":"","background-media":"","overlay-type":"","overlay-color":"","overlay-opacity":"","overlay-gradient":""},"mobile":{"background-color":"var(--ast-global-color-5)","background-image":"","background-repeat":"repeat","background-position":"center center","background-size":"auto","background-attachment":"scroll","background-type":"","background-media":"","overlay-type":"","overlay-color":"","overlay-opacity":"","overlay-gradient":""}},"footnotes":""},"class_list":["post-8174","page","type-page","status-publish","hentry"],"post_mailing_queue_ids":[],"_links":{"self":[{"href":"https:\/\/serveiseducatius.xtec.cat\/segria\/wp-json\/wp\/v2\/pages\/8174","targetHints":{"allow":["GET"]}}],"collection":[{"href":"https:\/\/serveiseducatius.xtec.cat\/segria\/wp-json\/wp\/v2\/pages"}],"about":[{"href":"https:\/\/serveiseducatius.xtec.cat\/segria\/wp-json\/wp\/v2\/types\/page"}],"author":[{"embeddable":true,"href":"https:\/\/serveiseducatius.xtec.cat\/segria\/wp-json\/wp\/v2\/users\/1"}],"replies":[{"embeddable":true,"href":"https:\/\/serveiseducatius.xtec.cat\/segria\/wp-json\/wp\/v2\/comments?post=8174"}],"version-history":[{"count":3,"href":"https:\/\/serveiseducatius.xtec.cat\/segria\/wp-json\/wp\/v2\/pages\/8174\/revisions"}],"predecessor-version":[{"id":15084,"href":"https:\/\/serveiseducatius.xtec.cat\/segria\/wp-json\/wp\/v2\/pages\/8174\/revisions\/15084"}],"up":[{"embeddable":true,"href":"https:\/\/serveiseducatius.xtec.cat\/segria\/wp-json\/wp\/v2\/pages\/906"}],"wp:attachment":[{"href":"https:\/\/serveiseducatius.xtec.cat\/segria\/wp-json\/wp\/v2\/media?parent=8174"}],"curies":[{"name":"wp","href":"https:\/\/api.w.org\/{rel}","templated":true}]}}