{"id":22462,"date":"2024-04-09T17:11:53","date_gmt":"2024-04-09T15:11:53","guid":{"rendered":"https:\/\/serveiseducatius.xtec.cat\/segria\/?page_id=22462"},"modified":"2024-04-10T11:31:57","modified_gmt":"2024-04-10T09:31:57","slug":"cocobe","status":"publish","type":"page","link":"https:\/\/serveiseducatius.xtec.cat\/segria\/cocobe\/","title":{"rendered":"COCOBE"},"content":{"rendered":"<h6><strong>Qui \u00e9s el COCOBE?<\/strong><\/h6>\n<p><span class=\"C9DxTc \">En els centres educatius <strong>el coordinador o coordinadora de coeducaci\u00f3, conviv\u00e8ncia i benestar de l&#8217;alumnat<\/strong> treballa conjuntament amb la direcci\u00f3 del centre i desenvolupa les funcions per promoure la conviv\u00e8ncia positiva en el centre, impulsa la coeducaci\u00f3 en la comunitat educativa, protegeix l&#8217;alumnat davant de situacions de viol\u00e8ncies i vetlla pel benestar emocional de l&#8217;alumnat. (Projecte educatiu del centre. Curs 2023-2024 )<\/span><\/p>\n<h5><strong>Conviv\u00e8ncia<\/strong><\/h5>\n<table style=\"border-collapse: collapse; width: 100%; height: 143px;\">\n<tbody>\n<tr style=\"height: 31px;\">\n<td style=\"width: 16.6667%; height: 31px;\"><a href=\"https:\/\/drive.google.com\/file\/d\/1P6gXlb0fKen5BkpzvXokqvgny6zErYki\/view\" target=\"_blank\" rel=\"noopener\">Qu\u00e8 \u00e9s el projecte de conviv\u00e8ncia?<\/a><\/td>\n<td style=\"width: 16.6667%; height: 143px;\" rowspan=\"4\"><iframe loading=\"lazy\" src=\"https:\/\/serveiseducatius.xtec.cat\/segria\/wp-content\/uploads\/usu679\/2024\/04\/Conviviencia-Jornades-1.pdf\" width=\"500&quot;\" height=\"300\"><span data-mce-type=\"bookmark\" style=\"display: inline-block; width: 0px; overflow: hidden; line-height: 0;\" class=\"mce_SELRES_start\">\ufeff<\/span><\/iframe><\/td>\n<\/tr>\n<tr style=\"height: 48px;\">\n<td style=\"width: 16.6667%; height: 48px;\"><a href=\"https:\/\/educacio.gencat.cat\/web\/.content\/home\/departament\/publicacions\/monografies\/guia-elaboracio-projecte-convivencia\/guia-projecte.pdf\" target=\"_blank\" rel=\"noopener\">Guia per a l&#8217;elaboraci\u00f3 o actualitzaci\u00f3 del projecte de conviv\u00e8ncia<\/a><\/td>\n<\/tr>\n<tr style=\"height: 32px;\">\n<td style=\"width: 16.6667%; height: 32px;\"><a href=\"https:\/\/drive.google.com\/file\/d\/17RcyKZ9vWzdODAxOks1ffTFFQZBYxQp0\/view\" target=\"_blank\" rel=\"noopener\">El petit manual de l&#8217;enfocament restauratiu<\/a><\/td>\n<\/tr>\n<tr style=\"height: 32px;\">\n<td style=\"width: 16.6667%; height: 32px;\"><a href=\"https:\/\/xtec.gencat.cat\/ca\/centres\/projeducatiu\/convivencia\/recursos\/\" target=\"_blank\" rel=\"noopener\">Recursos que proporciona el Departament sobre la tem\u00e0tica<\/a><\/td>\n<\/tr>\n<\/tbody>\n<\/table>\n<h5><strong>Coeducaci\u00f3<\/strong><\/h5>\n<table style=\"border-collapse: collapse; width: 100%; height: 106px;\">\n<tbody>\n<tr style=\"height: 32px;\">\n<td style=\"width: 50%; height: 32px;\"><a href=\"https:\/\/serveiseducatius.xtec.cat\/segria\/wp-content\/uploads\/usu679\/2024\/04\/Itinerari-Complert.pdf\" target=\"_blank\" rel=\"noopener\">Itinerari d&#8217;educaci\u00f3 afectivosexual (Infantil.prim\u00e0ria i ESO)<\/a><\/td>\n<td style=\"width: 50%; height: 106px;\" rowspan=\"4\"><a href=\"https:\/\/serveiseducatius.xtec.cat\/segria\/wp-content\/uploads\/usu679\/2024\/04\/aaaaaa.png\"><img loading=\"lazy\" decoding=\"async\" class=\"aligncenter  wp-image-22518\" src=\"https:\/\/serveiseducatius.xtec.cat\/segria\/wp-content\/uploads\/usu679\/2024\/04\/aaaaaa.png\" alt=\"\" width=\"434\" height=\"327\" srcset=\"https:\/\/serveiseducatius.xtec.cat\/segria\/wp-content\/uploads\/usu679\/2024\/04\/aaaaaa.png 471w, https:\/\/serveiseducatius.xtec.cat\/segria\/wp-content\/uploads\/usu679\/2024\/04\/aaaaaa-300x226.png 300w, https:\/\/serveiseducatius.xtec.cat\/segria\/wp-content\/uploads\/usu679\/2024\/04\/aaaaaa-200x150.png 200w\" sizes=\"auto, (max-width: 434px) 100vw, 434px\" \/><\/a><\/td>\n<\/tr>\n<tr style=\"height: 48px;\">\n<td style=\"width: 50%; height: 10px;\"><a href=\"https:\/\/serveiseducatius.xtec.cat\/segria\/wp-content\/uploads\/usu679\/2024\/04\/preguntes_frequents_i_respostes_per_a_una_educacio_transinclusiva.pdf\" target=\"_blank\" rel=\"noopener\">Respostes als dubtes m\u00e9s freq\u00fcents sobre el col\u00b7lectiu LLGTBIQ+<\/a><\/td>\n<\/tr>\n<tr style=\"height: 32px;\">\n<td style=\"width: 50%; height: 32px;\"><a href=\"https:\/\/serveiseducatius.xtec.cat\/segria\/coeducacio-projecte-amb-d-de-dona\/\" target=\"_blank\" rel=\"noopener\">Projecte Coeduca&#8217;t del CRP del Segri\u00e0<\/a><\/td>\n<\/tr>\n<tr style=\"height: 32px;\">\n<td style=\"width: 50%; height: 32px;\"><a href=\"https:\/\/serveiseducatius.xtec.cat\/segria\/wp-content\/uploads\/usu679\/2024\/04\/Equitat-Menstrual-.pdf\" target=\"_blank\" rel=\"noopener\">Guia per al coneixement sobre la menstruaci\u00f3<\/a><\/td>\n<\/tr>\n<\/tbody>\n<\/table>\n<h5><strong>Escoles lliures de viol\u00e8ncia<\/strong><\/h5>\n<table style=\"border-collapse: collapse; width: 100%;\">\n<tbody>\n<tr>\n<td style=\"width: 50%;\"><a href=\"https:\/\/xtec.gencat.cat\/ca\/centres\/projeducatiu\/pla-escoles-lliures-de-violencies\/\" target=\"_blank\" rel=\"noopener\">USAV &#8211; Unitat de suport a l&#8217;Alumnat en Situaci\u00f3 de viol\u00e8ncia<\/a><\/td>\n<td style=\"width: 50%;\" rowspan=\"4\"><a href=\"https:\/\/serveiseducatius.xtec.cat\/segria\/wp-content\/uploads\/usu679\/2024\/04\/56565.png\"><img loading=\"lazy\" decoding=\"async\" class=\"aligncenter size-medium wp-image-22493\" src=\"https:\/\/serveiseducatius.xtec.cat\/segria\/wp-content\/uploads\/usu679\/2024\/04\/56565-248x300.png\" alt=\"\" width=\"248\" height=\"300\" srcset=\"https:\/\/serveiseducatius.xtec.cat\/segria\/wp-content\/uploads\/usu679\/2024\/04\/56565-248x300.png 248w, https:\/\/serveiseducatius.xtec.cat\/segria\/wp-content\/uploads\/usu679\/2024\/04\/56565.png 604w\" sizes=\"auto, (max-width: 248px) 100vw, 248px\" \/><\/a><\/td>\n<\/tr>\n<tr>\n<td style=\"width: 50%;\"><a href=\"https:\/\/www.canva.com\/design\/DAF6DFcOcq8\/aq8ys2u4AoRVkR-8BgB9cw\/view?utm_content=DAF6DFcOcq8&amp;utm_campaign=designshare&amp;utm_medium=link&amp;utm_source=viewer\" target=\"_blank\" rel=\"noopener\">Viol\u00e8ncies al centre, per on comencem (dossier) &#8211; <em>SE del Valles Occidental VI<\/em><\/a><\/td>\n<\/tr>\n<tr>\n<td style=\"width: 50%;\"><a href=\"https:\/\/drive.google.com\/file\/d\/13lvCzFOntrK_ldl775HdQHd8c4WvIp7m\/view\" target=\"_blank\" rel=\"noopener\">Guia docent: Identificaci\u00f3 de la viol\u00e8ncia masclista. Cicle superior de prim\u00e0ria<\/a><\/td>\n<\/tr>\n<tr>\n<td style=\"width: 50%;\"><a href=\"https:\/\/drive.google.com\/file\/d\/1Anpn9fVFPFFCmuEszXWt_3040G207nnb\/view\" target=\"_blank\" rel=\"noopener\">Guia Docent: Identificaci\u00f3 de la viol\u00e8ncia masclista. Primer cicle de la ESO.<\/a><\/td>\n<\/tr>\n<\/tbody>\n<\/table>\n<h5><strong>Benestar emocional<\/strong><\/h5>\n<table style=\"border-collapse: collapse; width: 100%; height: 192px;\">\n<tbody>\n<tr style=\"height: 32px;\">\n<td style=\"width: 50%; height: 32px;\"><a href=\"https:\/\/educacio.gencat.cat\/ca\/arees-actuacio\/professors\/altres\/programa-benestar-emocional\/index.html\" target=\"_blank\" rel=\"noopener\">Programa de Benestar Emocional &#8220;Benestar per estar b\u00e9&#8221;<\/a><\/td>\n<td style=\"width: 50%; height: 192px;\" rowspan=\"5\"><iframe loading=\"lazy\" src=\"https:\/\/serveiseducatius.xtec.cat\/segria\/wp-content\/uploads\/usu679\/2024\/04\/Benestar-emocional-Jornades-1.pdf\" width=\"500&quot;\" height=\"300\"><span data-mce-type=\"bookmark\" style=\"display: inline-block; width: 0px; overflow: hidden; line-height: 0;\" class=\"mce_SELRES_start\">\ufeff<\/span><\/iframe><\/td>\n<\/tr>\n<tr style=\"height: 64px;\">\n<td style=\"width: 50%; height: 64px;\"><a href=\"https:\/\/serveiseducatius.xtec.cat\/segria\/portada\/eines-educatives-per-a-la-gestio-emocional-i-la-salut-mental\/\" target=\"_blank\" rel=\"noopener\">Cicle de confer\u00e8ncies del CRP del Segri\u00e0 sobre gesti\u00f3 emocional i la salut mental<\/a><\/td>\n<\/tr>\n<tr style=\"height: 32px;\">\n<td style=\"width: 50%; height: 32px;\"><a href=\"https:\/\/sites.google.com\/xtec.cat\/acompanyamentdol\/guia-dactuaci%C3%B3-i-protocols?authuser=0\" target=\"_blank\" rel=\"noopener\">Recursos per tractar el Dol als centres educatius.<\/a><\/td>\n<\/tr>\n<tr style=\"height: 32px;\">\n<td style=\"width: 50%; height: 32px;\"><a href=\"https:\/\/serveiseducatius.xtec.cat\/segria\/wp-content\/uploads\/usu679\/2024\/04\/quaderns-SLS-desenvolupament-personal.pdf\" target=\"_blank\" rel=\"noopener\">Dossier per tractar el Dol migratori als centres educatius<\/a><\/td>\n<\/tr>\n<tr style=\"height: 32px;\">\n<td style=\"width: 50%; height: 32px;\"><a href=\"https:\/\/xtec.gencat.cat\/ca\/centres\/projeducatiu\/convivencia\/una-comunitat-educativa-restaurativa-i-resilient\/\" target=\"_blank\" rel=\"noopener\">Enfocament restauratiu a la comunitat educativa<\/a><\/td>\n<\/tr>\n<\/tbody>\n<\/table>\n<p><a href=\"https:\/\/serveiseducatius.xtec.cat\/segria\/wp-content\/uploads\/usu679\/2024\/04\/Captura-de-pantalla-2024-04-09-183914.png\"><img loading=\"lazy\" decoding=\"async\" class=\"aligncenter size-full wp-image-22516\" src=\"https:\/\/serveiseducatius.xtec.cat\/segria\/wp-content\/uploads\/usu679\/2024\/04\/Captura-de-pantalla-2024-04-09-183914.png\" alt=\"\" width=\"651\" height=\"136\" srcset=\"https:\/\/serveiseducatius.xtec.cat\/segria\/wp-content\/uploads\/usu679\/2024\/04\/Captura-de-pantalla-2024-04-09-183914.png 651w, https:\/\/serveiseducatius.xtec.cat\/segria\/wp-content\/uploads\/usu679\/2024\/04\/Captura-de-pantalla-2024-04-09-183914-300x63.png 300w\" sizes=\"auto, (max-width: 651px) 100vw, 651px\" \/><\/a><\/p>\n","protected":false},"excerpt":{"rendered":"<p>Qui \u00e9s el COCOBE? En els centres educatius el coordinador o coordinadora de coeducaci\u00f3, conviv\u00e8ncia i benestar de l&#8217;alumnat treballa conjuntament amb la direcci\u00f3 del centre i desenvolupa les funcions per promoure la conviv\u00e8ncia positiva en el centre, impulsa la coeducaci\u00f3 en la comunitat educativa, protegeix l&#8217;alumnat davant de situacions de viol\u00e8ncies i vetlla pel [&hellip;]<\/p>\n","protected":false},"author":5,"featured_media":0,"parent":0,"menu_order":0,"comment_status":"closed","ping_status":"closed","template":"","meta":{"_bbp_topic_count":0,"_bbp_reply_count":0,"_bbp_total_topic_count":0,"_bbp_total_reply_count":0,"_bbp_voice_count":0,"_bbp_anonymous_reply_count":0,"_bbp_topic_count_hidden":0,"_bbp_reply_count_hidden":0,"_bbp_forum_subforum_count":0,"site-sidebar-layout":"default","site-content-layout":"","ast-site-content-layout":"","site-content-style":"default","site-sidebar-style":"default","ast-global-header-display":"","ast-banner-title-visibility":"","ast-main-header-display":"","ast-hfb-above-header-display":"","ast-hfb-below-header-display":"","ast-hfb-mobile-header-display":"","site-post-title":"","ast-breadcrumbs-content":"","ast-featured-img":"","footer-sml-layout":"","theme-transparent-header-meta":"","adv-header-id-meta":"","stick-header-meta":"","header-above-stick-meta":"","header-main-stick-meta":"","header-below-stick-meta":"","astra-migrate-meta-layouts":"default","ast-page-background-enabled":"default","ast-page-background-meta":{"desktop":{"background-color":"var(--ast-global-color-4)","background-image":"","background-repeat":"repeat","background-position":"center center","background-size":"auto","background-attachment":"scroll","background-type":"","background-media":"","overlay-type":"","overlay-color":"","overlay-opacity":"","overlay-gradient":""},"tablet":{"background-color":"","background-image":"","background-repeat":"repeat","background-position":"center center","background-size":"auto","background-attachment":"scroll","background-type":"","background-media":"","overlay-type":"","overlay-color":"","overlay-opacity":"","overlay-gradient":""},"mobile":{"background-color":"","background-image":"","background-repeat":"repeat","background-position":"center center","background-size":"auto","background-attachment":"scroll","background-type":"","background-media":"","overlay-type":"","overlay-color":"","overlay-opacity":"","overlay-gradient":""}},"ast-content-background-meta":{"desktop":{"background-color":"var(--ast-global-color-5)","background-image":"","background-repeat":"repeat","background-position":"center center","background-size":"auto","background-attachment":"scroll","background-type":"","background-media":"","overlay-type":"","overlay-color":"","overlay-opacity":"","overlay-gradient":""},"tablet":{"background-color":"var(--ast-global-color-5)","background-image":"","background-repeat":"repeat","background-position":"center center","background-size":"auto","background-attachment":"scroll","background-type":"","background-media":"","overlay-type":"","overlay-color":"","overlay-opacity":"","overlay-gradient":""},"mobile":{"background-color":"var(--ast-global-color-5)","background-image":"","background-repeat":"repeat","background-position":"center center","background-size":"auto","background-attachment":"scroll","background-type":"","background-media":"","overlay-type":"","overlay-color":"","overlay-opacity":"","overlay-gradient":""}},"footnotes":""},"class_list":["post-22462","page","type-page","status-publish","hentry"],"post_mailing_queue_ids":[],"_links":{"self":[{"href":"https:\/\/serveiseducatius.xtec.cat\/segria\/wp-json\/wp\/v2\/pages\/22462","targetHints":{"allow":["GET"]}}],"collection":[{"href":"https:\/\/serveiseducatius.xtec.cat\/segria\/wp-json\/wp\/v2\/pages"}],"about":[{"href":"https:\/\/serveiseducatius.xtec.cat\/segria\/wp-json\/wp\/v2\/types\/page"}],"author":[{"embeddable":true,"href":"https:\/\/serveiseducatius.xtec.cat\/segria\/wp-json\/wp\/v2\/users\/5"}],"replies":[{"embeddable":true,"href":"https:\/\/serveiseducatius.xtec.cat\/segria\/wp-json\/wp\/v2\/comments?post=22462"}],"version-history":[{"count":6,"href":"https:\/\/serveiseducatius.xtec.cat\/segria\/wp-json\/wp\/v2\/pages\/22462\/revisions"}],"predecessor-version":[{"id":22522,"href":"https:\/\/serveiseducatius.xtec.cat\/segria\/wp-json\/wp\/v2\/pages\/22462\/revisions\/22522"}],"wp:attachment":[{"href":"https:\/\/serveiseducatius.xtec.cat\/segria\/wp-json\/wp\/v2\/media?parent=22462"}],"curies":[{"name":"wp","href":"https:\/\/api.w.org\/{rel}","templated":true}]}}