{"id":21682,"date":"2024-02-02T09:33:09","date_gmt":"2024-02-02T08:33:09","guid":{"rendered":"https:\/\/serveiseducatius.xtec.cat\/segria\/?page_id=21682"},"modified":"2026-02-03T11:15:30","modified_gmt":"2026-02-03T10:15:30","slug":"radio-escolar","status":"publish","type":"page","link":"https:\/\/serveiseducatius.xtec.cat\/segria\/radio-escolar\/","title":{"rendered":"Treballem la r\u00e0dio i els audiovisuals al centre"},"content":{"rendered":"\n<p>Des del CRP us proposem aquest curs 2025-26, 5 activitats per treballar el <strong>m\u00f3n de la r\u00e0dio i els audiovisuals a l\u2019aula<\/strong>, tot aprofitant dates assenyalades del calendari i promovent compet\u00e8ncies com l\u2019expressi\u00f3 oral, la comunicaci\u00f3 digital i la creativitat.<\/p>\n\n\n\n<p> Feu clic a cadascuna de les propostes per veure\u2019n la <strong>descripci\u00f3 completa i els materials de suport<\/strong>.<\/p>\n\n\n\n<figure class=\"wp-block-image\"><a href=\"https:\/\/drive.google.com\/file\/d\/1-8RR2F5ZrW2PjzI14D5uzqc2xGrzBqCo\/view?usp=sharing\" target=\"_blank\" rel=\"noreferrer noopener\"><img decoding=\"async\" src=\"https:\/\/serveiseducatius.xtec.cat\/vallesoccidental2\/wp-content\/uploads\/usu1116\/2026\/01\/2.1.2_Podcast_Dones-cientifiques_baner.png\" alt=\"\" class=\"wp-image-11801\"\/><\/a><\/figure>\n\n\n\n<figure class=\"wp-block-image\"><a href=\"https:\/\/drive.google.com\/file\/d\/1EchKHpUPp_0SVrW-EC5smNS9e61UoCAS\/view?usp=sharing\" target=\"_blank\" rel=\"noreferrer noopener\"><img decoding=\"async\" src=\"https:\/\/serveiseducatius.xtec.cat\/vallesoccidental2\/wp-content\/uploads\/usu1116\/2026\/01\/2.1.1_Cent-anys-explicant-histories-Conte-radiofonic_baner.png\" alt=\"\" class=\"wp-image-11800\"\/><\/a><\/figure>\n\n\n\n<figure class=\"wp-block-image\"><a href=\"https:\/\/drive.google.com\/file\/d\/1y3VbnXDP1hy88XGAq_o253GP5SinyXvq\/view?usp=sharing\" target=\"_blank\" rel=\"noreferrer noopener\"><img decoding=\"async\" src=\"https:\/\/serveiseducatius.xtec.cat\/vallesoccidental2\/wp-content\/uploads\/usu1116\/2026\/01\/2.2.1_El-conte-audiovisual-illustrat_baner.png\" alt=\"\" class=\"wp-image-11803\"\/><\/a><\/figure>\n\n\n\n<figure class=\"wp-block-image\"><a href=\"https:\/\/drive.google.com\/file\/d\/1-QBzobpP7EbtOU-GA1JLgFii7yLjIpsQ\/view?usp=sharing\" target=\"_blank\" rel=\"noreferrer noopener\"><img decoding=\"async\" src=\"https:\/\/serveiseducatius.xtec.cat\/vallesoccidental2\/wp-content\/uploads\/usu1116\/2026\/01\/2.1.3_Podcast_Poesia-sonora_baner.png\" alt=\"\" class=\"wp-image-11802\"\/><\/a><\/figure>\n\n\n\n<figure class=\"wp-block-image\"><a href=\"https:\/\/drive.google.com\/file\/d\/1Ewce9GdeNVWgcFtF1qrtxQvg4ab1zms0\/view?usp=sharing\" target=\"_blank\" rel=\"noreferrer noopener\"><img decoding=\"async\" src=\"https:\/\/serveiseducatius.xtec.cat\/vallesoccidental2\/wp-content\/uploads\/usu1116\/2026\/01\/2.2.2_Videopodcast_Dones-cientifiques_baner.png\" alt=\"\" class=\"wp-image-11804\"\/><\/a><\/figure>\n\n\n\n<p>Totes aquestes propostes volen acompanyar a la dotaci\u00f3 de la<a href=\"https:\/\/projectes.xtec.cat\/digital\/equipaments-i-infraestructures\/maleta-audiovisual\/\" target=\"_blank\" rel=\"noreferrer noopener\">&nbsp;<strong>maleta&nbsp;audiovisual<\/strong><\/a> que heu rebut i que ofereix un ampli ventall d\u2019eines i dispositius digitals. Aquestes eines han de permetre a l\u2019alumnat&nbsp;<strong>crear, integrar i elaborar continguts digitals en diferents formats (text, taula, imatge, \u00e0udio, v\u00eddeo, etc.)&nbsp;<\/strong>per expressar idees, sentiments i coneixements, tot respectant la propietat intel\u00b7lectual i els drets d\u2019autoria dels continguts que es reutilitzen.&nbsp;<\/p>\n\n\n\n<p>Amb aquestes activitats volen contribuir a impulsar la<strong>&nbsp;compet\u00e8ncia digital, ling\u00fc\u00edstica i ciutadana&nbsp;<\/strong>i afavorir<strong>&nbsp;l\u2019esperit cr\u00edtic&nbsp;<\/strong>de l\u2019alumnat, oferint un espai per experimentar i comunicar-se de manera creativa.<\/p>\n\n\n\n<figure class=\"wp-block-image\"><a href=\"https:\/\/serveiseducatius.xtec.cat\/vallesoccidental2\/wp-content\/uploads\/usu1116\/2026\/01\/image-1.png\"><img decoding=\"async\" src=\"https:\/\/serveiseducatius.xtec.cat\/vallesoccidental2\/wp-content\/uploads\/usu1116\/2026\/01\/image-1.png\" alt=\"\" class=\"wp-image-11805\"\/><\/a><\/figure>\n","protected":false},"excerpt":{"rendered":"<p>Des del CRP us proposem aquest curs 2025-26, 5 activitats per treballar el m\u00f3n de la r\u00e0dio i els audiovisuals a l\u2019aula, tot aprofitant dates assenyalades del calendari i promovent compet\u00e8ncies com l\u2019expressi\u00f3 oral, la comunicaci\u00f3 digital i la creativitat. Feu clic a cadascuna de les propostes per veure\u2019n la descripci\u00f3 completa i els materials [&hellip;]<\/p>\n","protected":false},"author":5,"featured_media":0,"parent":0,"menu_order":0,"comment_status":"closed","ping_status":"closed","template":"","meta":{"_bbp_topic_count":0,"_bbp_reply_count":0,"_bbp_total_topic_count":0,"_bbp_total_reply_count":0,"_bbp_voice_count":0,"_bbp_anonymous_reply_count":0,"_bbp_topic_count_hidden":0,"_bbp_reply_count_hidden":0,"_bbp_forum_subforum_count":0,"site-sidebar-layout":"default","site-content-layout":"","ast-site-content-layout":"","site-content-style":"default","site-sidebar-style":"default","ast-global-header-display":"","ast-banner-title-visibility":"","ast-main-header-display":"","ast-hfb-above-header-display":"","ast-hfb-below-header-display":"","ast-hfb-mobile-header-display":"","site-post-title":"","ast-breadcrumbs-content":"","ast-featured-img":"","footer-sml-layout":"","theme-transparent-header-meta":"","adv-header-id-meta":"","stick-header-meta":"","header-above-stick-meta":"","header-main-stick-meta":"","header-below-stick-meta":"","astra-migrate-meta-layouts":"default","ast-page-background-enabled":"default","ast-page-background-meta":{"desktop":{"background-color":"var(--ast-global-color-4)","background-image":"","background-repeat":"repeat","background-position":"center center","background-size":"auto","background-attachment":"scroll","background-type":"","background-media":"","overlay-type":"","overlay-color":"","overlay-opacity":"","overlay-gradient":""},"tablet":{"background-color":"","background-image":"","background-repeat":"repeat","background-position":"center center","background-size":"auto","background-attachment":"scroll","background-type":"","background-media":"","overlay-type":"","overlay-color":"","overlay-opacity":"","overlay-gradient":""},"mobile":{"background-color":"","background-image":"","background-repeat":"repeat","background-position":"center center","background-size":"auto","background-attachment":"scroll","background-type":"","background-media":"","overlay-type":"","overlay-color":"","overlay-opacity":"","overlay-gradient":""}},"ast-content-background-meta":{"desktop":{"background-color":"var(--ast-global-color-5)","background-image":"","background-repeat":"repeat","background-position":"center center","background-size":"auto","background-attachment":"scroll","background-type":"","background-media":"","overlay-type":"","overlay-color":"","overlay-opacity":"","overlay-gradient":""},"tablet":{"background-color":"var(--ast-global-color-5)","background-image":"","background-repeat":"repeat","background-position":"center center","background-size":"auto","background-attachment":"scroll","background-type":"","background-media":"","overlay-type":"","overlay-color":"","overlay-opacity":"","overlay-gradient":""},"mobile":{"background-color":"var(--ast-global-color-5)","background-image":"","background-repeat":"repeat","background-position":"center center","background-size":"auto","background-attachment":"scroll","background-type":"","background-media":"","overlay-type":"","overlay-color":"","overlay-opacity":"","overlay-gradient":""}},"footnotes":""},"class_list":["post-21682","page","type-page","status-publish","hentry"],"post_mailing_queue_ids":[],"_links":{"self":[{"href":"https:\/\/serveiseducatius.xtec.cat\/segria\/wp-json\/wp\/v2\/pages\/21682","targetHints":{"allow":["GET"]}}],"collection":[{"href":"https:\/\/serveiseducatius.xtec.cat\/segria\/wp-json\/wp\/v2\/pages"}],"about":[{"href":"https:\/\/serveiseducatius.xtec.cat\/segria\/wp-json\/wp\/v2\/types\/page"}],"author":[{"embeddable":true,"href":"https:\/\/serveiseducatius.xtec.cat\/segria\/wp-json\/wp\/v2\/users\/5"}],"replies":[{"embeddable":true,"href":"https:\/\/serveiseducatius.xtec.cat\/segria\/wp-json\/wp\/v2\/comments?post=21682"}],"version-history":[{"count":5,"href":"https:\/\/serveiseducatius.xtec.cat\/segria\/wp-json\/wp\/v2\/pages\/21682\/revisions"}],"predecessor-version":[{"id":27069,"href":"https:\/\/serveiseducatius.xtec.cat\/segria\/wp-json\/wp\/v2\/pages\/21682\/revisions\/27069"}],"wp:attachment":[{"href":"https:\/\/serveiseducatius.xtec.cat\/segria\/wp-json\/wp\/v2\/media?parent=21682"}],"curies":[{"name":"wp","href":"https:\/\/api.w.org\/{rel}","templated":true}]}}