{"id":19408,"date":"2023-03-20T12:58:18","date_gmt":"2023-03-20T11:58:18","guid":{"rendered":"https:\/\/serveiseducatius.xtec.cat\/segria\/?page_id=19408"},"modified":"2026-03-23T14:12:06","modified_gmt":"2026-03-23T13:12:06","slug":"suport-vital-basic","status":"publish","type":"page","link":"https:\/\/serveiseducatius.xtec.cat\/segria\/quin-tipus-de-material-necessites\/suport-vital-basic\/","title":{"rendered":"Suport Vital B\u00e0sic"},"content":{"rendered":"<h5 style=\"text-align: justify;\"><span style=\"color: #999999;\">Descripci\u00f3<\/span><\/h5>\n<p style=\"text-align: justify;\"><a href=\"https:\/\/serveiseducatius.xtec.cat\/segria\/wp-content\/uploads\/usu679\/2023\/03\/ninos-300x221-150x150-1.png\"><img loading=\"lazy\" decoding=\"async\" class=\"alignleft size-full wp-image-19412\" src=\"https:\/\/serveiseducatius.xtec.cat\/segria\/wp-content\/uploads\/usu679\/2023\/03\/ninos-300x221-150x150-1.png\" alt=\"\" width=\"150\" height=\"150\" \/><\/a>El <b>Departament d\u2019Ensenyament<\/b>\u00a0ha signat un conveni amb el\u00a0<b>Consell Catal\u00e0 de Ressuscitaci\u00f3<\/b>\u00a0\u00a0per al desplegament territorial de la\u00a0<b>formaci\u00f3 en Suport Vital B\u00e0sic als centres educatius<\/b> (prim\u00e0ria i secund\u00e0ria) de la xarxa p\u00fablica dins del curr\u00edculum escolar. S&#8217;han anat fent formacions sobre <b>suport vital b\u00e0sic<\/b> als centres de la nostra zona. Si el vostre centre est\u00e0 interessat a participar en futures formacions envieu un correu al CRP.<\/p>\n<p style=\"text-align: justify;\">Des del Centre de Recursos Pedag\u00f2gics us oferim en pr\u00e9stec el material necessari per poder fer les pr\u00e0ctiques del suport vital b\u00e0sic al vostre centre.<\/p>\n<p style=\"text-align: justify;\">\u00a0En aquest acord el centre es responsabilitza del bon \u00fas dels materials, la seva conservaci\u00f3 i a fer la neteja indicada abans de retornar.<\/p>\n<p><strong>Disposem de 3 unitats:<\/strong><\/p>\n<p><span lang=\"ES\">Cada maleta cont\u00e9 4 ninos de ressuscitaci\u00f3 i material divers per portar a la pr\u00e0ctica les primeres maniobres de Suport Vital B\u00e0sic i activar els dispositius d\u2019Emerg\u00e8ncia al centre educatiu. Tamb\u00e9 podeu reservar, al marge de les bosses de ninots, un desfibril\u00b7lador extern autom\u00e0tic (<em>DEA<\/em>) de demostraci\u00f3.<\/span><\/p>\n<p>Aquest recurs va adre\u00e7at al professorat que ha rebut formaci\u00f3 d&#8217;instructors en SVB i que forma part del Programa.<\/p>\n<h3><span style=\"color: #ff0000;\"><strong>Degut a la reorganitzaci\u00f3 <wbr \/>del model del Programa de Suport Vital per part del Departament d&#8217;Educaci\u00f3, queda ATURAT fins a rebre les noves instruccions, el PR\u00c9STEC DELS MATERIALS DE SVB. (gener 2026)<\/strong><\/span><\/h3>\n<hr \/>\n<table style=\"border-collapse: collapse; width: 100%;\">\n<tbody>\n<tr>\n<td style=\"width: 52.6952%;\">\n<h5><\/h5>\n<h5><a href=\"https:\/\/serveiseducatius.xtec.cat\/segria\/wp-content\/uploads\/usu679\/2020\/03\/1f5d3.png\"><img loading=\"lazy\" decoding=\"async\" class=\"alignleft wp-image-10084\" src=\"https:\/\/serveiseducatius.xtec.cat\/segria\/wp-content\/uploads\/usu679\/2020\/03\/1f5d3.png\" alt=\"\" width=\"40\" height=\"40\" \/><\/a><\/h5>\n<h5><strong><span style=\"color: #999999;\">Disponibilitat maleta SVB 1<\/span><\/strong><\/h5>\n<h5><\/h5>\n<\/td>\n<td style=\"width: 13.9714%;\">\n<h4 class=\"widget-title\" style=\"text-align: center;\"><a href=\"https:\/\/docs.google.com\/forms\/d\/e\/1FAIpQLScIwNOJxLS3FM4ALDgqNF2RY4wLqA4BPCCrRvkblv7Meip-WQ\/viewform\">Formulari de reserves i demanda en pr\u00e9stec<\/a><\/h4>\n<\/td>\n<\/tr>\n<tr>\n<td style=\"width: 52.6952%;\">\n<ul>\n<li>Reservat del 6 al 17 d&#8217;octubre de 2025 (Col Instituci\u00f3 Lleida)<\/li>\n<li>Reservat del 3 al 17 de novembre de 2025 (ZER l&#8217;Horta de Lleida)<\/li>\n<li>Reservat del 24 al 28 de novembre de 2025 (INS Guissona)<\/li>\n<li>Reservat del 15 al 19 de desembre de 2025 (INS Guissona)<\/li>\n<li>Reservat del 12 al 16 de gener de 2026 (INS Guissona)<\/li>\n<li>Reservat del 26 de gener al 13 de febrer de 2026 (INS Nou Alcarr\u00e0s)<\/li>\n<li>Reservat del 16 al 27 de febrer de 2026 (INS Ser\u00f2s)<\/li>\n<li>Reservat del 2 al 26 de mar\u00e7 de 2026 (INS d&#8217;Alcarr\u00e0s)<\/li>\n<li>Reservat del 13 al 17 d&#8217;abril de 2026 (ESC d&#8217;Hoteleria i Turisme de Lleida)<\/li>\n<li>Reservat de l&#8217;1 de maig a l&#8217;1 de juny de 2026 (INS M\u00e0rius Torres)<\/li>\n<\/ul>\n<\/td>\n<td style=\"width: 13.9714%;\"><a href=\"https:\/\/docs.google.com\/forms\/d\/e\/1FAIpQLScIwNOJxLS3FM4ALDgqNF2RY4wLqA4BPCCrRvkblv7Meip-WQ\/viewform\"><img decoding=\"async\" class=\"aligncenter\" src=\"https:\/\/serveiseducatius.xtec.cat\/segria\/wp-content\/uploads\/usu679\/2020\/11\/6666-150x150.png\" \/><\/a><\/td>\n<\/tr>\n<\/tbody>\n<\/table>\n<table style=\"border-collapse: collapse; width: 100%;\">\n<tbody>\n<tr>\n<td style=\"width: 52.6952%;\">\n<h5><\/h5>\n<h5><a href=\"https:\/\/serveiseducatius.xtec.cat\/segria\/wp-content\/uploads\/usu679\/2020\/03\/1f5d3.png\"><img loading=\"lazy\" decoding=\"async\" class=\"alignleft wp-image-10084\" src=\"https:\/\/serveiseducatius.xtec.cat\/segria\/wp-content\/uploads\/usu679\/2020\/03\/1f5d3.png\" alt=\"\" width=\"40\" height=\"40\" \/><\/a><\/h5>\n<h5><strong><span style=\"color: #999999;\">Disponibilitat maleta SVB 2\u00a0<\/span><\/strong><\/h5>\n<h5><\/h5>\n<\/td>\n<td style=\"width: 13.9714%;\">\n<h4 class=\"widget-title\" style=\"text-align: center;\"><a href=\"https:\/\/docs.google.com\/forms\/d\/e\/1FAIpQLScIwNOJxLS3FM4ALDgqNF2RY4wLqA4BPCCrRvkblv7Meip-WQ\/viewform\">Formulari de reserves i demanda en pr\u00e9stec<\/a><\/h4>\n<\/td>\n<\/tr>\n<tr>\n<td style=\"width: 52.6952%;\">\n<ul>\n<li>Reservat del 30 de setembre al 28 d&#8217;octubre de 2025 (INS Caparrella)<\/li>\n<li>Reservat del 29 d&#8217;octubre al 28 de novembre de 2025 (INS S Gili i Gaya)<\/li>\n<li>Reservat de l&#8217;1 al 19 de desembre de 2025 (INS d&#8217;Alpicat)<\/li>\n<li>Reservat del 12 al 26 de gener de 2026 ( ESC Pr\u00e0ctiques II)<\/li>\n<li>Reservat del 26 de gener al 27 de febrer de 2026 (INS Nou Alcarr\u00e0s)<\/li>\n<li>Reservat del 19 de mar\u00e7 al 9 d&#8217;abril de 2026 (ESC La Rosella)<\/li>\n<li>Reservat del 13 al 30 d&#8217;abril de 2026 ( Col Instituci\u00f3)<\/li>\n<li>Reservat del 2 al 29 de maig de 2026 (COL Claver)<\/li>\n<\/ul>\n<\/td>\n<td style=\"width: 13.9714%;\"><a href=\"https:\/\/docs.google.com\/forms\/d\/e\/1FAIpQLScIwNOJxLS3FM4ALDgqNF2RY4wLqA4BPCCrRvkblv7Meip-WQ\/viewform\"><img decoding=\"async\" class=\"aligncenter\" src=\"https:\/\/serveiseducatius.xtec.cat\/segria\/wp-content\/uploads\/usu679\/2020\/11\/6666-150x150.png\" \/><\/a><\/td>\n<\/tr>\n<\/tbody>\n<\/table>\n<table style=\"border-collapse: collapse; width: 100%;\">\n<tbody>\n<tr>\n<td style=\"width: 52.6952%;\">\n<h5><\/h5>\n<h5><a href=\"https:\/\/serveiseducatius.xtec.cat\/segria\/wp-content\/uploads\/usu679\/2020\/03\/1f5d3.png\"><img loading=\"lazy\" decoding=\"async\" class=\"alignleft wp-image-10084\" src=\"https:\/\/serveiseducatius.xtec.cat\/segria\/wp-content\/uploads\/usu679\/2020\/03\/1f5d3.png\" alt=\"\" width=\"40\" height=\"40\" \/><\/a><\/h5>\n<h5><strong><span style=\"color: #999999;\">Disponibilitat maleta SVB 3 (amb connexi\u00f3 bluetooth)<\/span><\/strong><\/h5>\n<h5><\/h5>\n<\/td>\n<td style=\"width: 13.9714%;\">\n<h4 class=\"widget-title\" style=\"text-align: center;\"><a href=\"https:\/\/docs.google.com\/forms\/d\/e\/1FAIpQLScIwNOJxLS3FM4ALDgqNF2RY4wLqA4BPCCrRvkblv7Meip-WQ\/viewform\">Formulari de reserves i demanda en pr\u00e9stec<\/a><\/h4>\n<\/td>\n<\/tr>\n<tr>\n<td style=\"width: 52.6952%;\">\n<ul>\n<li>Reservat del 30 de setembre al 28 d&#8217;octubre de 2025 (INS Caparrella)<\/li>\n<li>Reservat del 29 d&#8217;octubre al 28 de novembre de 2025 (INS S Gili i Gaya)<\/li>\n<li>Reservat de l&#8217;1 al 15 de desembre de 2025 (CE El Segre)<\/li>\n<li>Reservat del 8 de gener al 9 de febrer de 2026 (I-E Torre Queralt)<\/li>\n<li>Reservat del 16 al 27 de febrer de 2026 (INS Ser\u00f2s)<\/li>\n<li>Reservat del 16 al 20 de mar\u00e7 de 2026 (IE Castell de Templers)<\/li>\n<li>Reservat del 23 al 27 de mar\u00e7 de 2026 (ZER l&#8217;Horta de Lleida)<\/li>\n<li>Reservat del 13 al 30 d&#8217;abril de 2026 ( Col Instituci\u00f3)<\/li>\n<li>Reservat del 2 al 29 de maig de 2026 (COL Claver)<\/li>\n<\/ul>\n<\/td>\n<td style=\"width: 13.9714%;\"><a href=\"https:\/\/docs.google.com\/forms\/d\/e\/1FAIpQLScIwNOJxLS3FM4ALDgqNF2RY4wLqA4BPCCrRvkblv7Meip-WQ\/viewform\"><img decoding=\"async\" class=\"aligncenter\" src=\"https:\/\/serveiseducatius.xtec.cat\/segria\/wp-content\/uploads\/usu679\/2020\/11\/6666-150x150.png\" \/><\/a><\/td>\n<\/tr>\n<\/tbody>\n<\/table>\n<table style=\"border-collapse: collapse; width: 100%;\">\n<tbody>\n<tr>\n<td style=\"width: 52.6952%;\">\n<h5><\/h5>\n<h5><a href=\"https:\/\/serveiseducatius.xtec.cat\/segria\/wp-content\/uploads\/usu679\/2020\/03\/1f5d3.png\"><img loading=\"lazy\" decoding=\"async\" class=\"alignleft wp-image-10084\" src=\"https:\/\/serveiseducatius.xtec.cat\/segria\/wp-content\/uploads\/usu679\/2020\/03\/1f5d3.png\" alt=\"\" width=\"40\" height=\"40\" \/><\/a><\/h5>\n<h5><strong><span style=\"color: #999999;\">Disponibilitat <span lang=\"ES\"> desfibril\u00b7lador extern autom\u00e0tic (<em>DEA<\/em>) de demostraci\u00f3<\/span><\/span><\/strong><\/h5>\n<h5><\/h5>\n<\/td>\n<td style=\"width: 13.9714%;\">\n<h4 class=\"widget-title\" style=\"text-align: center;\"><a href=\"https:\/\/docs.google.com\/forms\/d\/e\/1FAIpQLScIwNOJxLS3FM4ALDgqNF2RY4wLqA4BPCCrRvkblv7Meip-WQ\/viewform\">Formulari de reserves i demanda en pr\u00e9stec<\/a><\/h4>\n<\/td>\n<\/tr>\n<tr>\n<td style=\"width: 52.6952%;\">\n<ul>\n<li>Reservat del 30 de setembre al 28 d&#8217;octubre de 2025 (INS Caparrella)<\/li>\n<li>Reservat del 29 d\u2019octubre al 28 de novembre de 2025 (INS S Gili i Gaya)<\/li>\n<li>Reservat del 8 de gener al 9 de febrer de 2026 (I-E Torre Queralt)<\/li>\n<li>Reservat del 16 al 27 de febrer de 2026 (INS Ser\u00f2s)<\/li>\n<li>Reservat del 2 al 27 de mar\u00e7 de 2026 (INS d\u2019Alcarr\u00e0s)<\/li>\n<li>Reservat del 13 al 30 d&#8217;abril de 2026 (Col Instituci\u00f3)<\/li>\n<\/ul>\n<\/td>\n<td style=\"width: 13.9714%;\"><a href=\"https:\/\/docs.google.com\/forms\/d\/e\/1FAIpQLScIwNOJxLS3FM4ALDgqNF2RY4wLqA4BPCCrRvkblv7Meip-WQ\/viewform\"><img decoding=\"async\" class=\"aligncenter\" src=\"https:\/\/serveiseducatius.xtec.cat\/segria\/wp-content\/uploads\/usu679\/2020\/11\/6666-150x150.png\" \/><\/a><\/td>\n<\/tr>\n<\/tbody>\n<\/table>\n","protected":false},"excerpt":{"rendered":"<p>Descripci\u00f3 El Departament d\u2019Ensenyament\u00a0ha signat un conveni amb el\u00a0Consell Catal\u00e0 de Ressuscitaci\u00f3\u00a0\u00a0per al desplegament territorial de la\u00a0formaci\u00f3 en Suport Vital B\u00e0sic als centres educatius (prim\u00e0ria i secund\u00e0ria) de la xarxa p\u00fablica dins del curr\u00edculum escolar. S&#8217;han anat fent formacions sobre suport vital b\u00e0sic als centres de la nostra zona. Si el vostre centre est\u00e0 interessat [&hellip;]<\/p>\n","protected":false},"author":5,"featured_media":0,"parent":8342,"menu_order":7,"comment_status":"closed","ping_status":"closed","template":"page-templates\/side-menu.php","meta":{"_bbp_topic_count":0,"_bbp_reply_count":0,"_bbp_total_topic_count":0,"_bbp_total_reply_count":0,"_bbp_voice_count":0,"_bbp_anonymous_reply_count":0,"_bbp_topic_count_hidden":0,"_bbp_reply_count_hidden":0,"_bbp_forum_subforum_count":0,"site-sidebar-layout":"default","site-content-layout":"","ast-site-content-layout":"","site-content-style":"default","site-sidebar-style":"default","ast-global-header-display":"","ast-banner-title-visibility":"","ast-main-header-display":"","ast-hfb-above-header-display":"","ast-hfb-below-header-display":"","ast-hfb-mobile-header-display":"","site-post-title":"","ast-breadcrumbs-content":"","ast-featured-img":"","footer-sml-layout":"","theme-transparent-header-meta":"","adv-header-id-meta":"","stick-header-meta":"","header-above-stick-meta":"","header-main-stick-meta":"","header-below-stick-meta":"","astra-migrate-meta-layouts":"default","ast-page-background-enabled":"default","ast-page-background-meta":{"desktop":{"background-color":"var(--ast-global-color-4)","background-image":"","background-repeat":"repeat","background-position":"center center","background-size":"auto","background-attachment":"scroll","background-type":"","background-media":"","overlay-type":"","overlay-color":"","overlay-opacity":"","overlay-gradient":""},"tablet":{"background-color":"","background-image":"","background-repeat":"repeat","background-position":"center center","background-size":"auto","background-attachment":"scroll","background-type":"","background-media":"","overlay-type":"","overlay-color":"","overlay-opacity":"","overlay-gradient":""},"mobile":{"background-color":"","background-image":"","background-repeat":"repeat","background-position":"center center","background-size":"auto","background-attachment":"scroll","background-type":"","background-media":"","overlay-type":"","overlay-color":"","overlay-opacity":"","overlay-gradient":""}},"ast-content-background-meta":{"desktop":{"background-color":"var(--ast-global-color-5)","background-image":"","background-repeat":"repeat","background-position":"center center","background-size":"auto","background-attachment":"scroll","background-type":"","background-media":"","overlay-type":"","overlay-color":"","overlay-opacity":"","overlay-gradient":""},"tablet":{"background-color":"var(--ast-global-color-5)","background-image":"","background-repeat":"repeat","background-position":"center center","background-size":"auto","background-attachment":"scroll","background-type":"","background-media":"","overlay-type":"","overlay-color":"","overlay-opacity":"","overlay-gradient":""},"mobile":{"background-color":"var(--ast-global-color-5)","background-image":"","background-repeat":"repeat","background-position":"center center","background-size":"auto","background-attachment":"scroll","background-type":"","background-media":"","overlay-type":"","overlay-color":"","overlay-opacity":"","overlay-gradient":""}},"footnotes":""},"class_list":["post-19408","page","type-page","status-publish","hentry"],"post_mailing_queue_ids":[],"_links":{"self":[{"href":"https:\/\/serveiseducatius.xtec.cat\/segria\/wp-json\/wp\/v2\/pages\/19408","targetHints":{"allow":["GET"]}}],"collection":[{"href":"https:\/\/serveiseducatius.xtec.cat\/segria\/wp-json\/wp\/v2\/pages"}],"about":[{"href":"https:\/\/serveiseducatius.xtec.cat\/segria\/wp-json\/wp\/v2\/types\/page"}],"author":[{"embeddable":true,"href":"https:\/\/serveiseducatius.xtec.cat\/segria\/wp-json\/wp\/v2\/users\/5"}],"replies":[{"embeddable":true,"href":"https:\/\/serveiseducatius.xtec.cat\/segria\/wp-json\/wp\/v2\/comments?post=19408"}],"version-history":[{"count":6,"href":"https:\/\/serveiseducatius.xtec.cat\/segria\/wp-json\/wp\/v2\/pages\/19408\/revisions"}],"predecessor-version":[{"id":27471,"href":"https:\/\/serveiseducatius.xtec.cat\/segria\/wp-json\/wp\/v2\/pages\/19408\/revisions\/27471"}],"up":[{"embeddable":true,"href":"https:\/\/serveiseducatius.xtec.cat\/segria\/wp-json\/wp\/v2\/pages\/8342"}],"wp:attachment":[{"href":"https:\/\/serveiseducatius.xtec.cat\/segria\/wp-json\/wp\/v2\/media?parent=19408"}],"curies":[{"name":"wp","href":"https:\/\/api.w.org\/{rel}","templated":true}]}}