{"id":16221,"date":"2022-02-25T11:48:04","date_gmt":"2022-02-25T10:48:04","guid":{"rendered":"https:\/\/serveiseducatius.xtec.cat\/segria\/?page_id=16221"},"modified":"2022-11-22T12:25:29","modified_gmt":"2022-11-22T11:25:29","slug":"suport-vital-basic-svb-en-els-centres-educatius","status":"publish","type":"page","link":"https:\/\/serveiseducatius.xtec.cat\/segria\/suport-vital-basic-svb-en-els-centres-educatius\/","title":{"rendered":"Suport Vital B\u00e0sic (SVB) en els centres educatius"},"content":{"rendered":"<p><a href=\"https:\/\/serveiseducatius.xtec.cat\/segria\/wp-content\/uploads\/usu679\/2022\/02\/CCResucitacio.tiff\"><img loading=\"lazy\" decoding=\"async\" class=\"alignleft size-large wp-image-16226\" src=\"https:\/\/serveiseducatius.xtec.cat\/segria\/wp-content\/uploads\/usu679\/2022\/02\/CCResucitacio.tiff\" alt=\"\" width=\"1\" height=\"1\" \/><\/a><a href=\"https:\/\/serveiseducatius.xtec.cat\/segria\/wp-content\/uploads\/usu679\/2022\/02\/CCResucitacio.jpg\"><img loading=\"lazy\" decoding=\"async\" class=\"alignleft size-full wp-image-16227\" src=\"https:\/\/serveiseducatius.xtec.cat\/segria\/wp-content\/uploads\/usu679\/2022\/02\/CCResucitacio.jpg\" alt=\"\" width=\"109\" height=\"50\" \/><\/a>Conscients que la mort sobtada t\u00e9 una gran incid\u00e8ncia incid\u00e8ncia entre la poblaci\u00f3 i que la superviv\u00e8ncia dep\u00e9n en bona part de les maniobres de reanimaci\u00f3 cardiopulmonar, el Consell Catal\u00e0 de Ressuscitaci\u00f3 (CCR) i el Departament d\u2019Educaci\u00f3 signen un conveni al 2015 per impulsar la formaci\u00f3 en suport vital als centres educatius mitjan\u00e7ant una formaci\u00f3 que s\u2019inicia a infantil i acaba a 4t d\u2019ESO.<\/p>\n<p>Aquesta formaci\u00f3 permetr\u00e0 a l\u2019alumnat acabar la formaci\u00f3 obligat\u00f2ria a Catalunya tenint consci\u00e8ncia plena del nou concepte de salut i sabent actuar davant una mort sobtada d\u2019una forma totalment interioritzada i amb qualitat.<\/p>\n<p>La implementaci\u00f3 segueix els protocols facilitats pel Consell Catal\u00e0 de Ressuscitaci\u00f3 (CCR) a tot el territori. A Catalunya el programa s\u2019inicia amb els alumnes d\u2019Educaci\u00f3 Infantil i finalitza a 4t d\u2019ESO. Durant tota la formaci\u00f3 obligat\u00f2ria l\u2019alumnat va aprenent de forma progressiva els coneixements necessaris per actuar davant la mort sobtada. A cada nivell educatiu es reforcen els aprenentatges del curs anterior i es treballen nous objectius.<\/p>\n<p>El docent que ha de fer la transfer\u00e8ncia a l\u2019aula dels contingut del programa ha estar sensibilitzat en aquesta tem\u00e0tica i rebre la formaci\u00f3 corresponent; sovint el perfil \u00e9s proper al professorat\u00a0 d\u2019educaci\u00f3 f\u00edsica.<\/p>\n<p>M\u00e9s informaci\u00f3 del programa en general<a href=\"http:\/\/xtec.gencat.cat\/ca\/comunitat\/salutescola\/suport-vital-als-centres-educatius\/\"> AQU\u00cd<\/a><\/p>\n<p><strong>Seminari de coordinaci\u00f3\u00a0 Segri\u00e0-Garrigues:<\/strong><\/p>\n<p>Equip de docents referents de la seva zona que han superat satisfact\u00f2riament la formaci\u00f3 inicial i s\u00f3n responsables del seguiment de la implementaci\u00f3, de la dinamitzaci\u00f3 i de la coordinaci\u00f3 dels centres que s\u2019inicien o que ja estan duent a terme el programa amb la coordinaci\u00f3 i supervisi\u00f3 del CCR.<\/p>\n<p>Aquesta formaci\u00f3 s&#8217;oferir\u00e0 el segon quadrimestre.<\/p>\n<p>&nbsp;<\/p>\n<p><strong>Centres del Segri\u00e0 que formen part del programa SVB: (curs 22-23)<\/strong><\/p>\n<table>\n<tbody>\n<tr>\n<td width=\"720\">\u00b7\u00a0\u00a0\u00a0\u00a0\u00a0\u00a0\u00a0 C Episcopal M de D\u00e9u de l&#8217;Acad\u00e8mia (Lleida)<\/td>\n<\/tr>\n<tr>\n<td width=\"720\">\u00b7\u00a0\u00a0\u00a0\u00a0\u00a0\u00a0\u00a0 C FEDAC-Lleida (Lleida)<\/td>\n<\/tr>\n<tr>\n<td width=\"720\">\u00b7\u00a0\u00a0\u00a0\u00a0\u00a0\u00a0\u00a0 ESC Camps Elisis (Lleida)<\/td>\n<\/tr>\n<tr>\n<td width=\"720\">\u00b7\u00a0\u00a0\u00a0\u00a0\u00a0\u00a0\u00a0 ESC Cervantes (Lleida)<\/td>\n<\/tr>\n<tr>\n<td width=\"720\">\u00b7\u00a0\u00a0\u00a0\u00a0\u00a0\u00a0\u00a0 ESC d&#8217;Almenar (Lleida)<\/td>\n<\/tr>\n<tr>\n<td width=\"720\">\u00b7\u00a0\u00a0\u00a0\u00a0\u00a0\u00a0\u00a0 ESC de Pr\u00e0ctiques I (Lleida)<\/td>\n<\/tr>\n<tr>\n<td width=\"720\">\u00b7\u00a0\u00a0\u00a0\u00a0\u00a0\u00a0\u00a0 ESC Dr Ser\u00e9s ( Alpicat)<\/td>\n<\/tr>\n<tr>\n<td width=\"720\">\u00b7\u00a0\u00a0\u00a0\u00a0\u00a0\u00a0\u00a0 ESC Enric Farreny (Lleida)<\/td>\n<\/tr>\n<tr>\n<td width=\"720\">\u00b7\u00a0\u00a0\u00a0\u00a0\u00a0\u00a0\u00a0 ESC Espiga (Lleida)<\/td>\n<\/tr>\n<tr>\n<td width=\"720\">\u00b7\u00a0\u00a0\u00a0\u00a0\u00a0\u00a0\u00a0 ESC Francesc Feliu (Aitona)<\/td>\n<\/tr>\n<tr>\n<td width=\"720\">\u00b7\u00a0\u00a0\u00a0\u00a0\u00a0\u00a0\u00a0 Esc Jaume Miret (Soses)<\/td>\n<\/tr>\n<tr>\n<td width=\"720\">\u00b7\u00a0\u00a0\u00a0\u00a0\u00a0\u00a0\u00a0 ESC Joan Maragall (Lleida)<\/td>\n<\/tr>\n<tr>\n<td width=\"720\">\u00b7\u00a0\u00a0\u00a0\u00a0\u00a0\u00a0\u00a0 ESC Joan XXIII (Lleida)<\/td>\n<\/tr>\n<tr>\n<td width=\"720\">\u00b7\u00a0\u00a0\u00a0\u00a0\u00a0\u00a0\u00a0 ESC La Mitjana (Lleida)<\/td>\n<\/tr>\n<tr>\n<td width=\"720\">\u00b7\u00a0\u00a0\u00a0\u00a0\u00a0\u00a0\u00a0 ESC La Rosella ( Rossell\u00f3)<\/td>\n<\/tr>\n<tr>\n<td width=\"720\">\u00b7\u00a0\u00a0\u00a0\u00a0\u00a0\u00a0\u00a0 ESC Mag\u00ed Morera i Gal\u00edcia (Lleida)<\/td>\n<\/tr>\n<tr>\n<td width=\"720\">\u00b7\u00a0\u00a0\u00a0\u00a0\u00a0\u00a0\u00a0 ESC Pinyana (Lleida)<\/td>\n<\/tr>\n<tr>\n<td width=\"720\">\u00b7\u00a0\u00a0\u00a0\u00a0\u00a0\u00a0\u00a0 ESC Pr\u00e0ctiques II (Lleida)<\/td>\n<\/tr>\n<tr>\n<td width=\"720\">\u00b7\u00a0\u00a0\u00a0\u00a0\u00a0\u00a0\u00a0 ESC Riu Segre (Lleida)<\/td>\n<\/tr>\n<tr>\n<td width=\"720\">\u00b7\u00a0\u00a0\u00a0\u00a0\u00a0\u00a0\u00a0 ESC Sant Jordi (Lleida)<\/td>\n<\/tr>\n<tr>\n<td width=\"720\">\u00b7\u00a0\u00a0\u00a0\u00a0\u00a0\u00a0\u00a0 ESC Sant Jordi (Puigverd de Lleida)<\/td>\n<\/tr>\n<tr>\n<td width=\"720\">\u00b7\u00a0\u00a0\u00a0\u00a0\u00a0\u00a0\u00a0 ESC Santa Maria de Gardeny (Lleida)<\/td>\n<\/tr>\n<tr>\n<td width=\"720\">\u00b7\u00a0\u00a0\u00a0\u00a0\u00a0\u00a0\u00a0 ESC Sol Ixent (Corbins)<\/td>\n<\/tr>\n<tr>\n<td width=\"720\">\u00b7\u00a0\u00a0\u00a0\u00a0\u00a0\u00a0\u00a0 INS Caparrella (Lleida)<\/td>\n<\/tr>\n<tr>\n<td width=\"720\">\u00b7\u00a0\u00a0\u00a0\u00a0\u00a0\u00a0\u00a0 INS Castell dels Templers (Lleida)<\/td>\n<\/tr>\n<tr>\n<td width=\"720\">\u00b7\u00a0\u00a0\u00a0\u00a0\u00a0\u00a0\u00a0 INS Ciutat de Balaguer<\/td>\n<\/tr>\n<tr>\n<td width=\"720\">\u00b7\u00a0\u00a0\u00a0\u00a0\u00a0\u00a0\u00a0 INS de Ser\u00f2s (Lleida)<\/td>\n<\/tr>\n<tr>\n<td width=\"720\">\u00b7\u00a0\u00a0\u00a0\u00a0\u00a0\u00a0\u00a0 INS d&#8217;Hoteleria i Turisme (Lleida)<\/td>\n<\/tr>\n<tr>\n<td width=\"720\">\u00b7\u00a0\u00a0\u00a0\u00a0\u00a0\u00a0\u00a0 INS Escola del Treball (Lleida)<\/td>\n<\/tr>\n<tr>\n<td width=\"720\">\u00b7\u00a0\u00a0\u00a0\u00a0\u00a0\u00a0\u00a0 INS Guind\u00e0vols (Lleida)<\/td>\n<\/tr>\n<tr>\n<td width=\"720\">\u00b7\u00a0\u00a0\u00a0\u00a0\u00a0\u00a0\u00a0 INS Maria R\u00fabies (Lleida)<\/td>\n<\/tr>\n<tr>\n<td width=\"720\">\u00b7\u00a0\u00a0\u00a0\u00a0\u00a0\u00a0\u00a0 INS Ronda (Lleida)<\/td>\n<\/tr>\n<tr>\n<td width=\"720\">\u00b7\u00a0\u00a0\u00a0\u00a0\u00a0\u00a0\u00a0 INS Samuel Gili i Gaya (Lleida)<\/td>\n<\/tr>\n<tr>\n<td width=\"720\">\u00b7\u00a0\u00a0\u00a0\u00a0\u00a0\u00a0\u00a0 INS Torrevicens (Lleida)<\/td>\n<\/tr>\n<tr>\n<td width=\"720\">\u00b7\u00a0\u00a0\u00a0\u00a0\u00a0\u00a0\u00a0 ZER L&#8217;Eral ( Sarroca, Alf\u00e9s, Alcan\u00f3, Torrebesses, Sunyer)<\/td>\n<\/tr>\n<tr>\n<td width=\"720\">\u00b7\u00a0\u00a0\u00a0\u00a0\u00a0\u00a0\u00a0 ZER Horta de Lleida ( Els Alamus, Butsenit, Lleida)<\/td>\n<\/tr>\n<\/tbody>\n<\/table>\n<p><a href=\"https:\/\/serveiseducatius.xtec.cat\/segria\/wp-content\/uploads\/usu679\/2022\/02\/SVB-Camps-elisis.jpg\"><img loading=\"lazy\" decoding=\"async\" class=\"alignleft wp-image-16229\" src=\"https:\/\/serveiseducatius.xtec.cat\/segria\/wp-content\/uploads\/usu679\/2022\/02\/SVB-Camps-elisis-768x1024.jpg\" alt=\"\" width=\"370\" height=\"493\" srcset=\"https:\/\/serveiseducatius.xtec.cat\/segria\/wp-content\/uploads\/usu679\/2022\/02\/SVB-Camps-elisis-768x1023.jpg 768w, https:\/\/serveiseducatius.xtec.cat\/segria\/wp-content\/uploads\/usu679\/2022\/02\/SVB-Camps-elisis-225x300.jpg 225w, https:\/\/serveiseducatius.xtec.cat\/segria\/wp-content\/uploads\/usu679\/2022\/02\/SVB-Camps-elisis-1153x1536.jpg 1153w, https:\/\/serveiseducatius.xtec.cat\/segria\/wp-content\/uploads\/usu679\/2022\/02\/SVB-Camps-elisis.jpg 1200w\" sizes=\"auto, (max-width: 370px) 100vw, 370px\" \/><\/a><\/p>\n","protected":false},"excerpt":{"rendered":"<p>Conscients que la mort sobtada t\u00e9 una gran incid\u00e8ncia incid\u00e8ncia entre la poblaci\u00f3 i que la superviv\u00e8ncia dep\u00e9n en bona part de les maniobres de reanimaci\u00f3 cardiopulmonar, el Consell Catal\u00e0 de Ressuscitaci\u00f3 (CCR) i el Departament d\u2019Educaci\u00f3 signen un conveni al 2015 per impulsar la formaci\u00f3 en suport vital als centres educatius mitjan\u00e7ant una formaci\u00f3 [&hellip;]<\/p>\n","protected":false},"author":15,"featured_media":0,"parent":0,"menu_order":0,"comment_status":"closed","ping_status":"closed","template":"","meta":{"_bbp_topic_count":0,"_bbp_reply_count":0,"_bbp_total_topic_count":0,"_bbp_total_reply_count":0,"_bbp_voice_count":0,"_bbp_anonymous_reply_count":0,"_bbp_topic_count_hidden":0,"_bbp_reply_count_hidden":0,"_bbp_forum_subforum_count":0,"site-sidebar-layout":"default","site-content-layout":"","ast-site-content-layout":"","site-content-style":"default","site-sidebar-style":"default","ast-global-header-display":"","ast-banner-title-visibility":"","ast-main-header-display":"","ast-hfb-above-header-display":"","ast-hfb-below-header-display":"","ast-hfb-mobile-header-display":"","site-post-title":"","ast-breadcrumbs-content":"","ast-featured-img":"","footer-sml-layout":"","theme-transparent-header-meta":"","adv-header-id-meta":"","stick-header-meta":"","header-above-stick-meta":"","header-main-stick-meta":"","header-below-stick-meta":"","astra-migrate-meta-layouts":"default","ast-page-background-enabled":"default","ast-page-background-meta":{"desktop":{"background-color":"var(--ast-global-color-4)","background-image":"","background-repeat":"repeat","background-position":"center center","background-size":"auto","background-attachment":"scroll","background-type":"","background-media":"","overlay-type":"","overlay-color":"","overlay-opacity":"","overlay-gradient":""},"tablet":{"background-color":"","background-image":"","background-repeat":"repeat","background-position":"center center","background-size":"auto","background-attachment":"scroll","background-type":"","background-media":"","overlay-type":"","overlay-color":"","overlay-opacity":"","overlay-gradient":""},"mobile":{"background-color":"","background-image":"","background-repeat":"repeat","background-position":"center center","background-size":"auto","background-attachment":"scroll","background-type":"","background-media":"","overlay-type":"","overlay-color":"","overlay-opacity":"","overlay-gradient":""}},"ast-content-background-meta":{"desktop":{"background-color":"var(--ast-global-color-5)","background-image":"","background-repeat":"repeat","background-position":"center center","background-size":"auto","background-attachment":"scroll","background-type":"","background-media":"","overlay-type":"","overlay-color":"","overlay-opacity":"","overlay-gradient":""},"tablet":{"background-color":"var(--ast-global-color-5)","background-image":"","background-repeat":"repeat","background-position":"center center","background-size":"auto","background-attachment":"scroll","background-type":"","background-media":"","overlay-type":"","overlay-color":"","overlay-opacity":"","overlay-gradient":""},"mobile":{"background-color":"var(--ast-global-color-5)","background-image":"","background-repeat":"repeat","background-position":"center center","background-size":"auto","background-attachment":"scroll","background-type":"","background-media":"","overlay-type":"","overlay-color":"","overlay-opacity":"","overlay-gradient":""}},"footnotes":""},"class_list":["post-16221","page","type-page","status-publish","hentry"],"post_mailing_queue_ids":[],"_links":{"self":[{"href":"https:\/\/serveiseducatius.xtec.cat\/segria\/wp-json\/wp\/v2\/pages\/16221","targetHints":{"allow":["GET"]}}],"collection":[{"href":"https:\/\/serveiseducatius.xtec.cat\/segria\/wp-json\/wp\/v2\/pages"}],"about":[{"href":"https:\/\/serveiseducatius.xtec.cat\/segria\/wp-json\/wp\/v2\/types\/page"}],"author":[{"embeddable":true,"href":"https:\/\/serveiseducatius.xtec.cat\/segria\/wp-json\/wp\/v2\/users\/15"}],"replies":[{"embeddable":true,"href":"https:\/\/serveiseducatius.xtec.cat\/segria\/wp-json\/wp\/v2\/comments?post=16221"}],"version-history":[{"count":4,"href":"https:\/\/serveiseducatius.xtec.cat\/segria\/wp-json\/wp\/v2\/pages\/16221\/revisions"}],"predecessor-version":[{"id":18250,"href":"https:\/\/serveiseducatius.xtec.cat\/segria\/wp-json\/wp\/v2\/pages\/16221\/revisions\/18250"}],"wp:attachment":[{"href":"https:\/\/serveiseducatius.xtec.cat\/segria\/wp-json\/wp\/v2\/media?parent=16221"}],"curies":[{"name":"wp","href":"https:\/\/api.w.org\/{rel}","templated":true}]}}