{"id":15862,"date":"2022-01-27T10:31:17","date_gmt":"2022-01-27T09:31:17","guid":{"rendered":"https:\/\/serveiseducatius.xtec.cat\/segria\/?page_id=15862"},"modified":"2022-01-27T13:57:47","modified_gmt":"2022-01-27T12:57:47","slug":"100tifiques","status":"publish","type":"page","link":"https:\/\/serveiseducatius.xtec.cat\/segria\/100tifiques\/","title":{"rendered":"#100t\u00edfiques"},"content":{"rendered":"<p><a href=\"https:\/\/serveiseducatius.xtec.cat\/segria\/wp-content\/uploads\/usu679\/2021\/12\/100tifiques.png\"><img loading=\"lazy\" decoding=\"async\" class=\"size-full wp-image-15438 alignright\" src=\"https:\/\/serveiseducatius.xtec.cat\/segria\/wp-content\/uploads\/usu679\/2021\/12\/100tifiques.png\" alt=\"\" width=\"695\" height=\"156\" srcset=\"https:\/\/serveiseducatius.xtec.cat\/segria\/wp-content\/uploads\/usu679\/2021\/12\/100tifiques.png 695w, https:\/\/serveiseducatius.xtec.cat\/segria\/wp-content\/uploads\/usu679\/2021\/12\/100tifiques-300x67.png 300w\" sizes=\"auto, (max-width: 695px) 100vw, 695px\" \/><\/a><\/p>\n<p>&nbsp;<\/p>\n<p>&nbsp;<\/p>\n<p>&nbsp;<\/p>\n<p>&nbsp;<\/p>\n<p style=\"text-align: justify;\"><strong>#100t\u00edfiques<\/strong> \u00e9s una iniciativa de la Fundaci\u00f3 Catalana per a la Recerca i la Innovaci\u00f3 (FCRI) i el Barcelona Institute of Science and Technology (BIST), amb la col\u00b7laboraci\u00f3 del Departament d\u2019Educaci\u00f3 de la Generalitat de Catalunya.<br \/>\nL\u2019activitat, que celebrem l\u201911 de febrer, en coincid\u00e8ncia amb el Dia Internacional de les Dones i les Nenes en la Ci\u00e8ncia, t\u00e9 per objectiu impulsar les vocacions STEAM, especialment entre les nenes.<br \/>\nEs basa en crear referents femenins mitjan\u00e7ant una xerrada, presencial o virtual, impartida per una #100t\u00edfica o dona innovadora en el camp de les STEAM: investigadores, tecn\u00f2logues, enginyeres, impulsores d\u2019iniciatives, comunicadores cient\u00edfiques, emprenedores, inventores, etc., tant del sector privat com p\u00fablic.<\/p>\n<h6 style=\"text-align: justify;\"><strong><span style=\"color: #000000;\">Missatges clau<\/span><\/strong><br \/>\n<span style=\"color: #000000;\">El docent \u00e9s convidat a reflexionar sobre la recerca que fa la investigadora, com deu ser la seva feina, i quins reptes suposa ser cient\u00edfica. Els missatges for\u00e7a, que poden treballar-se pr\u00e8viament a l\u2019aula, giren al voltant d\u2019aquestes idees:<\/span><br \/>\n<span style=\"color: #000000;\">\u2022 La ci\u00e8ncia \u00e9s m\u00e9s que la recerca. Hi ha tot un seguit del que podr\u00edem anomenar \u201cprofessions de la ci\u00e8ncia\u201d i que involucren diferents departaments i \u00e0rees de gesti\u00f3 a les institucions p\u00fabliques i empreses privades.<\/span><br \/>\n<span style=\"color: #000000;\">\u2022 La ci\u00e8ncia \u00e9s tot all\u00f2 que t\u00e9 a veure amb el m\u00e8tode cient\u00edfic. Aix\u00f2 implica que abasta tots els \u00e0mbits del coneixement susceptibles de la seva aplicaci\u00f3 (des de la medicina a la ling\u00fc\u00edstica, de l\u2019astrof\u00edsica a la sociologia, etc\u2026).<\/span><br \/>\n<span style=\"color: #000000;\">\u2022 La ci\u00e8ncia tracta de fer-se preguntes, i requereix essencialment de la curiositat i l\u2019inter\u00e8s, i no tant d\u2019una excel\u00b7l\u00e8ncia excepcional i \u00fanica en matem\u00e0tiques o f\u00edsica.<\/span><br \/>\n<span style=\"color: #000000;\">\u2022 La ci\u00e8ncia no t\u00e9 sexe ni edat, i els professionals que s\u2019hi dediquen tenen fam\u00edlies, aficions, costums i prefer\u00e8ncies que s\u2019assemblen molt als qui no ho fan.<\/span><br \/>\n<span style=\"color: #000000;\">\u2022 La ci\u00e8ncia es fa als centres p\u00fablics i privats on l\u2019activitat es basa en el coneixement cient\u00edfic.<\/span><br \/>\n<span style=\"color: #000000;\">\u2022 La ci\u00e8ncia serveix per a crear progr\u00e9s i benefici social des de totes seves les branques.<\/span><\/h6>\n<p>#100t\u00edfiques 2022<br \/>\n<strong>Data:<\/strong>\u00a011 de febrer de 2022<br \/>\n<strong>Modalitat:<\/strong>\u00a0Presencial o virtual<br \/>\n<strong>Adre\u00e7at a:<\/strong>\u00a06\u00e8 de prim\u00e0ria i 1r d\u2019ESO<br \/>\n<strong>Coordinadors:<\/strong>\u00a0FCRI i BIST<\/p>\n<h6><strong>Centres educatius del Segri\u00e0 inscrits a la convocat\u00f2ria 2022:<\/strong><\/h6>\n<table>\n<tbody>\n<tr>\n<td width=\"285\">Escola Joc de La Bola<\/td>\n<\/tr>\n<tr>\n<td width=\"285\">Escola Pinyana<\/td>\n<\/tr>\n<tr>\n<td width=\"285\">Escola Ant\u00f2nia Sim\u00f3 i Arn\u00f3<\/td>\n<\/tr>\n<tr>\n<td width=\"285\">Escola Sol Ixent<\/td>\n<\/tr>\n<tr>\n<td width=\"285\">Institut escola Magraners<\/td>\n<\/tr>\n<tr>\n<td width=\"285\">Escola Jaume Miret<\/td>\n<\/tr>\n<tr>\n<td width=\"285\">Escola Parc de l&#8217;Aigua<\/td>\n<\/tr>\n<tr>\n<td width=\"285\">Col\u00b7legi FEDAC Lleida<\/td>\n<\/tr>\n<tr>\n<td width=\"285\">Institut Ronda<\/td>\n<\/tr>\n<tr>\n<td width=\"285\">Escola Comtes de Torregrossa<\/td>\n<\/tr>\n<tr>\n<td width=\"285\">ZER Ponent<\/td>\n<\/tr>\n<tr>\n<td width=\"285\">Institut Torre Vicens<\/td>\n<\/tr>\n<tr>\n<td width=\"285\">Escola Alba<\/td>\n<\/tr>\n<\/tbody>\n<\/table>\n","protected":false},"excerpt":{"rendered":"<p>&nbsp; &nbsp; &nbsp; &nbsp; #100t\u00edfiques \u00e9s una iniciativa de la Fundaci\u00f3 Catalana per a la Recerca i la Innovaci\u00f3 (FCRI) i el Barcelona Institute of Science and Technology (BIST), amb la col\u00b7laboraci\u00f3 del Departament d\u2019Educaci\u00f3 de la Generalitat de Catalunya. L\u2019activitat, que celebrem l\u201911 de febrer, en coincid\u00e8ncia amb el Dia Internacional de les Dones [&hellip;]<\/p>\n","protected":false},"author":15,"featured_media":0,"parent":0,"menu_order":0,"comment_status":"closed","ping_status":"closed","template":"","meta":{"_bbp_topic_count":0,"_bbp_reply_count":0,"_bbp_total_topic_count":0,"_bbp_total_reply_count":0,"_bbp_voice_count":0,"_bbp_anonymous_reply_count":0,"_bbp_topic_count_hidden":0,"_bbp_reply_count_hidden":0,"_bbp_forum_subforum_count":0,"site-sidebar-layout":"default","site-content-layout":"","ast-site-content-layout":"","site-content-style":"default","site-sidebar-style":"default","ast-global-header-display":"","ast-banner-title-visibility":"","ast-main-header-display":"","ast-hfb-above-header-display":"","ast-hfb-below-header-display":"","ast-hfb-mobile-header-display":"","site-post-title":"","ast-breadcrumbs-content":"","ast-featured-img":"","footer-sml-layout":"","theme-transparent-header-meta":"","adv-header-id-meta":"","stick-header-meta":"","header-above-stick-meta":"","header-main-stick-meta":"","header-below-stick-meta":"","astra-migrate-meta-layouts":"default","ast-page-background-enabled":"default","ast-page-background-meta":{"desktop":{"background-color":"var(--ast-global-color-4)","background-image":"","background-repeat":"repeat","background-position":"center center","background-size":"auto","background-attachment":"scroll","background-type":"","background-media":"","overlay-type":"","overlay-color":"","overlay-opacity":"","overlay-gradient":""},"tablet":{"background-color":"","background-image":"","background-repeat":"repeat","background-position":"center center","background-size":"auto","background-attachment":"scroll","background-type":"","background-media":"","overlay-type":"","overlay-color":"","overlay-opacity":"","overlay-gradient":""},"mobile":{"background-color":"","background-image":"","background-repeat":"repeat","background-position":"center center","background-size":"auto","background-attachment":"scroll","background-type":"","background-media":"","overlay-type":"","overlay-color":"","overlay-opacity":"","overlay-gradient":""}},"ast-content-background-meta":{"desktop":{"background-color":"var(--ast-global-color-5)","background-image":"","background-repeat":"repeat","background-position":"center center","background-size":"auto","background-attachment":"scroll","background-type":"","background-media":"","overlay-type":"","overlay-color":"","overlay-opacity":"","overlay-gradient":""},"tablet":{"background-color":"var(--ast-global-color-5)","background-image":"","background-repeat":"repeat","background-position":"center center","background-size":"auto","background-attachment":"scroll","background-type":"","background-media":"","overlay-type":"","overlay-color":"","overlay-opacity":"","overlay-gradient":""},"mobile":{"background-color":"var(--ast-global-color-5)","background-image":"","background-repeat":"repeat","background-position":"center center","background-size":"auto","background-attachment":"scroll","background-type":"","background-media":"","overlay-type":"","overlay-color":"","overlay-opacity":"","overlay-gradient":""}},"footnotes":""},"class_list":["post-15862","page","type-page","status-publish","hentry"],"post_mailing_queue_ids":[],"_links":{"self":[{"href":"https:\/\/serveiseducatius.xtec.cat\/segria\/wp-json\/wp\/v2\/pages\/15862","targetHints":{"allow":["GET"]}}],"collection":[{"href":"https:\/\/serveiseducatius.xtec.cat\/segria\/wp-json\/wp\/v2\/pages"}],"about":[{"href":"https:\/\/serveiseducatius.xtec.cat\/segria\/wp-json\/wp\/v2\/types\/page"}],"author":[{"embeddable":true,"href":"https:\/\/serveiseducatius.xtec.cat\/segria\/wp-json\/wp\/v2\/users\/15"}],"replies":[{"embeddable":true,"href":"https:\/\/serveiseducatius.xtec.cat\/segria\/wp-json\/wp\/v2\/comments?post=15862"}],"version-history":[{"count":3,"href":"https:\/\/serveiseducatius.xtec.cat\/segria\/wp-json\/wp\/v2\/pages\/15862\/revisions"}],"predecessor-version":[{"id":15873,"href":"https:\/\/serveiseducatius.xtec.cat\/segria\/wp-json\/wp\/v2\/pages\/15862\/revisions\/15873"}],"wp:attachment":[{"href":"https:\/\/serveiseducatius.xtec.cat\/segria\/wp-json\/wp\/v2\/media?parent=15862"}],"curies":[{"name":"wp","href":"https:\/\/api.w.org\/{rel}","templated":true}]}}