{"id":12719,"date":"2021-03-11T18:28:02","date_gmt":"2021-03-11T17:28:02","guid":{"rendered":"https:\/\/serveiseducatius.xtec.cat\/segria\/?page_id=12719"},"modified":"2021-03-15T09:34:14","modified_gmt":"2021-03-15T08:34:14","slug":"projecte-implicat","status":"publish","type":"page","link":"https:\/\/serveiseducatius.xtec.cat\/segria\/projecte-implicat\/","title":{"rendered":"Projecte Implica&#8217;t+"},"content":{"rendered":"<p><a href=\"https:\/\/blocs.xtec.cat\/implicat\/\" target=\"_blank\" rel=\"noopener noreferrer\"><img loading=\"lazy\" decoding=\"async\" class=\"aligncenter size-full wp-image-12725\" src=\"https:\/\/serveiseducatius.xtec.cat\/segria\/wp-content\/uploads\/usu679\/2021\/03\/implicat.jpg\" alt=\"\" width=\"1149\" height=\"215\" srcset=\"https:\/\/serveiseducatius.xtec.cat\/segria\/wp-content\/uploads\/usu679\/2021\/03\/implicat.jpg 1149w, https:\/\/serveiseducatius.xtec.cat\/segria\/wp-content\/uploads\/usu679\/2021\/03\/implicat-300x56.jpg 300w, https:\/\/serveiseducatius.xtec.cat\/segria\/wp-content\/uploads\/usu679\/2021\/03\/implicat-768x144.jpg 768w, https:\/\/serveiseducatius.xtec.cat\/segria\/wp-content\/uploads\/usu679\/2021\/03\/implicat-1024x192.jpg 1024w\" sizes=\"auto, (max-width: 1149px) 100vw, 1149px\" \/><\/a><\/p>\n<p><strong>Descripci\u00f3<\/strong><\/p>\n<p><strong><a href=\"https:\/\/blocs.xtec.cat\/implicat\/\" target=\"_blank\" rel=\"noopener noreferrer\">Implica&#8217;t+<\/a><\/strong> \u00e9s un <strong>projecte\u00a0 cooperatiu i\u00a0 transversal<\/strong> que t\u00e9 com a objectiu treballar la <a href=\"https:\/\/earthcharter.org\/wp-content\/uploads\/2020\/03\/echarter_catalan.pdf\" target=\"_blank\" rel=\"noopener noreferrer\">Carta de la Terra<\/a> i l\u2019Agenda 2030 a les aules.\u00a0 Est\u00e0 adre\u00e7at a l\u2019alumnat de totes les etapes educatives. Cont\u00e9 un ampli\u00a0 ventall de <strong>propostes did\u00e0ctiques<\/strong> elaborades amb diferents metodologies de treball (jocs, dossiers de treball, fitxes, contes, contes adaptats, manualitats, activitats TAC: caceres del tresor, webquestes, jclics, quaderns virtuals, activitats per a PDI, symbaloos, wikis,&#8230;)\u00a0. Es pot desenvolupar al llarg de tot un curs escolar o en un moment concret del per\u00edode lectiu.<\/p>\n<p>Actualment treballem en aquest projecte <a href=\"https:\/\/blocs.xtec.cat\/implicat\/category\/que-fem\/\" target=\"_blank\" rel=\"noopener noreferrer\">31 docents<\/a> de 20 centres diferents amb\u00a0 el comprom\u00eds \u00e8tic, social i educatiu d\u2019aconseguir un futur digne per a tothom. El projecte resta <strong>obert a docents que hi vulguin col\u00b7laborar<\/strong>. Per fer-ho nom\u00e9s us heu d&#8217;inscriure al <strong>grup de treball Implica&#8217;t<\/strong> del CRP del Segri\u00e0.<\/p>\n<p><strong>Objectius<\/strong><\/p>\n<p>Els objectius GENERALS del projecte s\u00f3n:<\/p>\n<ul>\n<li>Incorporar al curr\u00edculum educatiu els Principis de La Carta i els ODS de l\u2019Agenda 2030 adaptats als diferents cicles educatius (des de l\u2019Escola Bressol fins al Batxillerat).<\/li>\n<li>Participar de manera cont\u00ednua i activa en la defensa d\u2019un codi de conviv\u00e8ncia basat en una cultura de Pau i Sostenibilitat, en l\u2019entesa entre les persones i la relaci\u00f3 amb la natura, tal com van assenyalar les directrius de la Cimera de la Terra, celebrada a Rio de Janeiro el 1992.<\/li>\n<li>Difondre i promoure els valors de sostenibilitat promoguts per La Carta de la Terra.<\/li>\n<li>Fomentar actituds de llibertat, responsabilitat, valoraci\u00f3 i creativitat de l\u2019alumnat.<\/li>\n<li>Promoure i desenvolupar valors \u00e8tics, solidaris i ecol\u00f2gics.<\/li>\n<li>Elaborar I compartir recursos, projectes I pr\u00e0ctiques de refer\u00e8ncia inspirades en la Carta de la Terra i en l\u2019Agenda 2030.<\/li>\n<\/ul>\n<p><img loading=\"lazy\" decoding=\"async\" class=\"aligncenter wp-image-12728\" src=\"https:\/\/serveiseducatius.xtec.cat\/segria\/wp-content\/uploads\/usu679\/2021\/03\/Captura22.jpg\" alt=\"\" width=\"500\" height=\"325\" srcset=\"https:\/\/serveiseducatius.xtec.cat\/segria\/wp-content\/uploads\/usu679\/2021\/03\/Captura22.jpg 861w, https:\/\/serveiseducatius.xtec.cat\/segria\/wp-content\/uploads\/usu679\/2021\/03\/Captura22-300x195.jpg 300w, https:\/\/serveiseducatius.xtec.cat\/segria\/wp-content\/uploads\/usu679\/2021\/03\/Captura22-768x500.jpg 768w\" sizes=\"auto, (max-width: 500px) 100vw, 500px\" \/><\/p>\n<p><strong>Reconeixements<\/strong><\/p>\n<ul>\n<li><a href=\"https:\/\/blocs.xtec.cat\/implicat\/2021\/03\/01\/implicat-llavor-desperanca-i-accio\/\">Implica\u2019t+, llavor d\u2019esperan\u00e7a i d\u2019acci\u00f3<\/a>. <a href=\"https:\/\/cartadelatierra.org\/\" target=\"_blank\" rel=\"noopener noreferrer\">Carta de la Terra Internacional<\/a>i\u00a0<a href=\"https:\/\/www.sokaglobal.org\/es\/\">Soka Gakkai Internacional<\/a><\/li>\n<li><a href=\"https:\/\/blocs.xtec.cat\/implicat\/2021\/01\/28\/certificat-de-reconeixement-de-la-carta-de-la-terra-internacional\/\" target=\"_blank\" rel=\"noopener noreferrer\">Certificat de reconeixement de la Carta de la Terra Internacional<\/a><\/li>\n<li><a href=\"https:\/\/blocs.xtec.cat\/implicat\/2020\/07\/13\/practica-educativa-de-referencia-dinnovacio-pedagogica\/\" target=\"_blank\" rel=\"noopener noreferrer\">Pr\u00e0ctica educativa de refer\u00e8ncia d\u2019educaci\u00f3 pedag\u00f2gica<\/a>. Direcci\u00f3 General d\u2019Innovaci\u00f3. Departament d\u2019Educaci\u00f3<\/li>\n<li><a href=\"https:\/\/blocs.xtec.cat\/implicat\/2000\/02\/07\/recursos-llocs-dinteres-xtec\/\" target=\"_blank\" rel=\"noopener noreferrer\">Llocs d\u2019inter\u00e8s. XTEC<\/a><\/li>\n<li><a href=\"https:\/\/blocs.xtec.cat\/implicat\/2018\/01\/28\/implicats-en-lambit-deducacio-en-valors-socials-i-civics\/\" target=\"_blank\" rel=\"noopener noreferrer\">Implicats en l\u2019\u00e0mbit d\u2019educaci\u00f3 en valors socials i c\u00edvics<\/a>. Curr\u00edculum i orientaci\u00f3. Educaci\u00f3 Prim\u00e0ria. Departament d\u2019Educaci\u00f3.<\/li>\n<\/ul>\n<p><strong> Premis<\/strong><\/p>\n<ul>\n<li><a href=\"http:\/\/www.unescotortosa.cat\/index.php\/premisfmz\/ix-premi-fmz\/treballs-premiats\" target=\"_blank\" rel=\"noopener noreferrer\">Primer premi Educaci\u00f3 en el IX Premi Federico Mayor Zaragoza<\/a>.<\/li>\n<li><a href=\"https:\/\/fundacioimpuls.org\/lliurament-del-vii-premi-impuls-dins-del-marc-duna-jornada-dinnovacio-i-educacio\/\" target=\"_blank\" rel=\"noopener noreferrer\">Millor projecte de centre en el VII Premi Impuls d\u2019innovaci\u00f3 educativa<\/a>.<\/li>\n<li><a style=\"font-family: inherit; font-size: 1em;\" href=\"https:\/\/es.calameo.com\/books\/00006466037f169bf465d\" target=\"_blank\" rel=\"noopener noreferrer\">Finalista auton\u00f2mic del Premi a l\u2019Acci\u00f3 Magistral.<\/a><\/li>\n<\/ul>\n<p><a href=\"https:\/\/blocs.xtec.cat\/implicat\/\" target=\"_blank\" rel=\"noopener noreferrer\"><img loading=\"lazy\" decoding=\"async\" class=\"aligncenter wp-image-12757\" src=\"https:\/\/serveiseducatius.xtec.cat\/segria\/wp-content\/uploads\/usu679\/2021\/03\/Captura33-1024x613.jpg\" alt=\"\" width=\"650\" height=\"389\" srcset=\"https:\/\/serveiseducatius.xtec.cat\/segria\/wp-content\/uploads\/usu679\/2021\/03\/Captura33-1024x613.jpg 1024w, https:\/\/serveiseducatius.xtec.cat\/segria\/wp-content\/uploads\/usu679\/2021\/03\/Captura33-300x180.jpg 300w, https:\/\/serveiseducatius.xtec.cat\/segria\/wp-content\/uploads\/usu679\/2021\/03\/Captura33-768x460.jpg 768w, https:\/\/serveiseducatius.xtec.cat\/segria\/wp-content\/uploads\/usu679\/2021\/03\/Captura33.jpg 1332w\" sizes=\"auto, (max-width: 650px) 100vw, 650px\" \/><\/a><\/p>\n","protected":false},"excerpt":{"rendered":"<p>Descripci\u00f3 Implica&#8217;t+ \u00e9s un projecte\u00a0 cooperatiu i\u00a0 transversal que t\u00e9 com a objectiu treballar la Carta de la Terra i l\u2019Agenda 2030 a les aules.\u00a0 Est\u00e0 adre\u00e7at a l\u2019alumnat de totes les etapes educatives. Cont\u00e9 un ampli\u00a0 ventall de propostes did\u00e0ctiques elaborades amb diferents metodologies de treball (jocs, dossiers de treball, fitxes, contes, contes adaptats, [&hellip;]<\/p>\n","protected":false},"author":7,"featured_media":0,"parent":0,"menu_order":0,"comment_status":"closed","ping_status":"closed","template":"","meta":{"_bbp_topic_count":0,"_bbp_reply_count":0,"_bbp_total_topic_count":0,"_bbp_total_reply_count":0,"_bbp_voice_count":0,"_bbp_anonymous_reply_count":0,"_bbp_topic_count_hidden":0,"_bbp_reply_count_hidden":0,"_bbp_forum_subforum_count":0,"site-sidebar-layout":"default","site-content-layout":"","ast-site-content-layout":"","site-content-style":"default","site-sidebar-style":"default","ast-global-header-display":"","ast-banner-title-visibility":"","ast-main-header-display":"","ast-hfb-above-header-display":"","ast-hfb-below-header-display":"","ast-hfb-mobile-header-display":"","site-post-title":"","ast-breadcrumbs-content":"","ast-featured-img":"","footer-sml-layout":"","theme-transparent-header-meta":"","adv-header-id-meta":"","stick-header-meta":"","header-above-stick-meta":"","header-main-stick-meta":"","header-below-stick-meta":"","astra-migrate-meta-layouts":"default","ast-page-background-enabled":"default","ast-page-background-meta":{"desktop":{"background-color":"var(--ast-global-color-4)","background-image":"","background-repeat":"repeat","background-position":"center center","background-size":"auto","background-attachment":"scroll","background-type":"","background-media":"","overlay-type":"","overlay-color":"","overlay-opacity":"","overlay-gradient":""},"tablet":{"background-color":"","background-image":"","background-repeat":"repeat","background-position":"center center","background-size":"auto","background-attachment":"scroll","background-type":"","background-media":"","overlay-type":"","overlay-color":"","overlay-opacity":"","overlay-gradient":""},"mobile":{"background-color":"","background-image":"","background-repeat":"repeat","background-position":"center center","background-size":"auto","background-attachment":"scroll","background-type":"","background-media":"","overlay-type":"","overlay-color":"","overlay-opacity":"","overlay-gradient":""}},"ast-content-background-meta":{"desktop":{"background-color":"var(--ast-global-color-5)","background-image":"","background-repeat":"repeat","background-position":"center center","background-size":"auto","background-attachment":"scroll","background-type":"","background-media":"","overlay-type":"","overlay-color":"","overlay-opacity":"","overlay-gradient":""},"tablet":{"background-color":"var(--ast-global-color-5)","background-image":"","background-repeat":"repeat","background-position":"center center","background-size":"auto","background-attachment":"scroll","background-type":"","background-media":"","overlay-type":"","overlay-color":"","overlay-opacity":"","overlay-gradient":""},"mobile":{"background-color":"var(--ast-global-color-5)","background-image":"","background-repeat":"repeat","background-position":"center center","background-size":"auto","background-attachment":"scroll","background-type":"","background-media":"","overlay-type":"","overlay-color":"","overlay-opacity":"","overlay-gradient":""}},"footnotes":""},"class_list":["post-12719","page","type-page","status-publish","hentry"],"post_mailing_queue_ids":[],"_links":{"self":[{"href":"https:\/\/serveiseducatius.xtec.cat\/segria\/wp-json\/wp\/v2\/pages\/12719","targetHints":{"allow":["GET"]}}],"collection":[{"href":"https:\/\/serveiseducatius.xtec.cat\/segria\/wp-json\/wp\/v2\/pages"}],"about":[{"href":"https:\/\/serveiseducatius.xtec.cat\/segria\/wp-json\/wp\/v2\/types\/page"}],"author":[{"embeddable":true,"href":"https:\/\/serveiseducatius.xtec.cat\/segria\/wp-json\/wp\/v2\/users\/7"}],"replies":[{"embeddable":true,"href":"https:\/\/serveiseducatius.xtec.cat\/segria\/wp-json\/wp\/v2\/comments?post=12719"}],"version-history":[{"count":3,"href":"https:\/\/serveiseducatius.xtec.cat\/segria\/wp-json\/wp\/v2\/pages\/12719\/revisions"}],"predecessor-version":[{"id":12760,"href":"https:\/\/serveiseducatius.xtec.cat\/segria\/wp-json\/wp\/v2\/pages\/12719\/revisions\/12760"}],"wp:attachment":[{"href":"https:\/\/serveiseducatius.xtec.cat\/segria\/wp-json\/wp\/v2\/media?parent=12719"}],"curies":[{"name":"wp","href":"https:\/\/api.w.org\/{rel}","templated":true}]}}