{"id":12268,"date":"2021-02-21T22:04:25","date_gmt":"2021-02-21T21:04:25","guid":{"rendered":"https:\/\/serveiseducatius.xtec.cat\/segria\/?page_id=12268"},"modified":"2021-02-23T15:46:36","modified_gmt":"2021-02-23T14:46:36","slug":"dissabte-de-les-matematiques","status":"publish","type":"page","link":"https:\/\/serveiseducatius.xtec.cat\/segria\/dissabte-de-les-matematiques\/","title":{"rendered":"Dissabte de les Matem\u00e0tiques"},"content":{"rendered":"<p>&nbsp;<\/p>\n<p>El Dissabte de les Matem\u00e0tiques de les terres de Lleida (DiMatLleida) \u00e9s una activitat que va comen\u00e7ar fa 2 anys a Lleida, i intenta apropar les matem\u00e0tiques als alumnes de batxillerat de les terres de Lleida.<\/p>\n<p>Inclou un taller de formaci\u00f3 pel professorat en el camp de les matem\u00e0tiques, el qual est\u00e0 reconegut pel Departament d\u2019Educaci\u00f3. Aquesta activitat es realitza a terres gironines i de Lleida.<\/p>\n<p>Enguany, el DiTMAE (Girona) i DiMatLleida 2021 el celebrarem de forma virtual (mitjan\u00e7ant l\u2019aplicaci\u00f3 Zoom) el dia <strong>13 de mar\u00e7 del 2021,\u00a0<\/strong>i comptar\u00e0 amb\u00a0 les\u00a0\u00a0<a href=\"http:\/\/www.ditmae.cat\/xerrades\/\">xerrades<\/a>\u00a0seg\u00fcents per a alumnes de Batxillerat:<\/p>\n<ul>\n<li>De quantes maneres podem pintar un graf ? (Enric Ventura (UPC))<\/li>\n<li>Sabem resoldre equacions de tercer grau? (Marc Masdeu (UAB))<\/li>\n<\/ul>\n<p>I el seg\u00fcent taller per al professorat:<\/p>\n<ul>\n<li>Pr\u00e0ctica productiva a batxillerat (Paula L\u00f3pez (INS. Sant Feliu de Gu\u00edxols))Per assolir certs continguts del curr\u00edculum de matem\u00e0tiques de batxillerat, els alumnes necessiten fer pr\u00e0ctica. Per\u00f2 no hi ha una \u00fanica manera de portar a terme aquesta pr\u00e0ctica: es pot fer de manera \u201creproductiva\u201d, enfocada nom\u00e9s a l\u2019automatitzaci\u00f3 de les destreses, o \u201cproductiva\u201d ambientant-lo en la resoluci\u00f3 d\u2019un problema o per respondre a una pregunta d\u2019investigaci\u00f3. Durant la xerrada veurem alguns exemples de pr\u00e0ctica productiva per treballar conceptes de batxillerat.<\/li>\n<\/ul>\n<p><a href=\"https:\/\/serveiseducatius.xtec.cat\/segria\/wp-content\/uploads\/usu679\/2020\/12\/enllac.png\"><img loading=\"lazy\" decoding=\"async\" class=\"alignleft wp-image-10592\" src=\"https:\/\/serveiseducatius.xtec.cat\/segria\/wp-content\/uploads\/usu679\/2020\/12\/enllac.png\" alt=\"\" width=\"20\" height=\"20\" \/><\/a><a href=\"http:\/\/www.ditmae.cat\/inscripcio\/\">INSCRIPCI\u00d3 ALUMNAT<\/a><\/p>\n<p><a href=\"https:\/\/serveiseducatius.xtec.cat\/segria\/wp-content\/uploads\/usu679\/2020\/12\/enllac.png\"><img loading=\"lazy\" decoding=\"async\" class=\"alignleft wp-image-10592\" src=\"https:\/\/serveiseducatius.xtec.cat\/segria\/wp-content\/uploads\/usu679\/2020\/12\/enllac.png\" alt=\"\" width=\"20\" height=\"20\" \/><\/a><a href=\"http:\/\/www.ditmae.cat\/inscripcio-professors\/\">INSCRIPCI\u00d3 PROFESORAT<\/a><\/p>\n<div class=\"row\"><\/div>\n","protected":false},"excerpt":{"rendered":"<p>&nbsp; El Dissabte de les Matem\u00e0tiques de les terres de Lleida (DiMatLleida) \u00e9s una activitat que va comen\u00e7ar fa 2 anys a Lleida, i intenta apropar les matem\u00e0tiques als alumnes de batxillerat de les terres de Lleida. Inclou un taller de formaci\u00f3 pel professorat en el camp de les matem\u00e0tiques, el qual est\u00e0 reconegut pel [&hellip;]<\/p>\n","protected":false},"author":5,"featured_media":0,"parent":0,"menu_order":0,"comment_status":"closed","ping_status":"closed","template":"","meta":{"_bbp_topic_count":0,"_bbp_reply_count":0,"_bbp_total_topic_count":0,"_bbp_total_reply_count":0,"_bbp_voice_count":0,"_bbp_anonymous_reply_count":0,"_bbp_topic_count_hidden":0,"_bbp_reply_count_hidden":0,"_bbp_forum_subforum_count":0,"site-sidebar-layout":"default","site-content-layout":"","ast-site-content-layout":"","site-content-style":"default","site-sidebar-style":"default","ast-global-header-display":"","ast-banner-title-visibility":"","ast-main-header-display":"","ast-hfb-above-header-display":"","ast-hfb-below-header-display":"","ast-hfb-mobile-header-display":"","site-post-title":"","ast-breadcrumbs-content":"","ast-featured-img":"","footer-sml-layout":"","theme-transparent-header-meta":"","adv-header-id-meta":"","stick-header-meta":"","header-above-stick-meta":"","header-main-stick-meta":"","header-below-stick-meta":"","astra-migrate-meta-layouts":"default","ast-page-background-enabled":"default","ast-page-background-meta":{"desktop":{"background-color":"var(--ast-global-color-4)","background-image":"","background-repeat":"repeat","background-position":"center center","background-size":"auto","background-attachment":"scroll","background-type":"","background-media":"","overlay-type":"","overlay-color":"","overlay-opacity":"","overlay-gradient":""},"tablet":{"background-color":"","background-image":"","background-repeat":"repeat","background-position":"center center","background-size":"auto","background-attachment":"scroll","background-type":"","background-media":"","overlay-type":"","overlay-color":"","overlay-opacity":"","overlay-gradient":""},"mobile":{"background-color":"","background-image":"","background-repeat":"repeat","background-position":"center center","background-size":"auto","background-attachment":"scroll","background-type":"","background-media":"","overlay-type":"","overlay-color":"","overlay-opacity":"","overlay-gradient":""}},"ast-content-background-meta":{"desktop":{"background-color":"var(--ast-global-color-5)","background-image":"","background-repeat":"repeat","background-position":"center center","background-size":"auto","background-attachment":"scroll","background-type":"","background-media":"","overlay-type":"","overlay-color":"","overlay-opacity":"","overlay-gradient":""},"tablet":{"background-color":"var(--ast-global-color-5)","background-image":"","background-repeat":"repeat","background-position":"center center","background-size":"auto","background-attachment":"scroll","background-type":"","background-media":"","overlay-type":"","overlay-color":"","overlay-opacity":"","overlay-gradient":""},"mobile":{"background-color":"var(--ast-global-color-5)","background-image":"","background-repeat":"repeat","background-position":"center center","background-size":"auto","background-attachment":"scroll","background-type":"","background-media":"","overlay-type":"","overlay-color":"","overlay-opacity":"","overlay-gradient":""}},"footnotes":""},"class_list":["post-12268","page","type-page","status-publish","hentry"],"post_mailing_queue_ids":[],"_links":{"self":[{"href":"https:\/\/serveiseducatius.xtec.cat\/segria\/wp-json\/wp\/v2\/pages\/12268","targetHints":{"allow":["GET"]}}],"collection":[{"href":"https:\/\/serveiseducatius.xtec.cat\/segria\/wp-json\/wp\/v2\/pages"}],"about":[{"href":"https:\/\/serveiseducatius.xtec.cat\/segria\/wp-json\/wp\/v2\/types\/page"}],"author":[{"embeddable":true,"href":"https:\/\/serveiseducatius.xtec.cat\/segria\/wp-json\/wp\/v2\/users\/5"}],"replies":[{"embeddable":true,"href":"https:\/\/serveiseducatius.xtec.cat\/segria\/wp-json\/wp\/v2\/comments?post=12268"}],"version-history":[{"count":3,"href":"https:\/\/serveiseducatius.xtec.cat\/segria\/wp-json\/wp\/v2\/pages\/12268\/revisions"}],"predecessor-version":[{"id":12310,"href":"https:\/\/serveiseducatius.xtec.cat\/segria\/wp-json\/wp\/v2\/pages\/12268\/revisions\/12310"}],"wp:attachment":[{"href":"https:\/\/serveiseducatius.xtec.cat\/segria\/wp-json\/wp\/v2\/media?parent=12268"}],"curies":[{"name":"wp","href":"https:\/\/api.w.org\/{rel}","templated":true}]}}